{"id":8788,"date":"2025-12-11T01:04:48","date_gmt":"2025-12-11T01:04:48","guid":{"rendered":"https:\/\/chemgramx.com\/?post_type=product&#038;p=8788"},"modified":"2025-12-11T01:06:19","modified_gmt":"2025-12-11T01:06:19","slug":"blue-vaders-220mg-mdma-comprar-online","status":"publish","type":"product","link":"https:\/\/chemgramx.com\/es\/product\/blue-vaders-220mg-mdma-online-kaufen\/","title":{"rendered":"Comprar Blue Vaders 220mg MDMA en l\u00ednea"},"content":{"rendered":"<h2 data-start=\"190\" data-end=\"282\">Compre Blue Vaders 220 mg MDMA en l\u00ednea: premium para el desarrollo cognitivo y emocional.<\/h2>\n<h3 data-start=\"284\" data-end=\"299\">introducci\u00f3n<\/h3>\n<p data-start=\"301\" data-end=\"670\"><a href=\"https:\/\/chemgramx.com\/product\/blue-vaders-220-mg-mdma\/\">Comprar Blue Vaders 220mg MDMA en l\u00ednea<\/a> Se ha consolidado r\u00e1pidamente como un producto popular entre quienes buscan una experiencia cognitiva y emocional potente, fiable y profunda. Su dosificaci\u00f3n constante y su alta pureza lo convierten en la opci\u00f3n predilecta para usuarios experimentados que valoran la claridad mental, una mayor empat\u00eda y una energ\u00eda euf\u00f3rica.<\/p>\n<h3 data-start=\"672\" data-end=\"727\">\u00bfPor qu\u00e9 Blue Vaders 220 mg MDMA es tan popular en l\u00ednea?<\/h3>\n<p data-start=\"729\" data-end=\"1123\">La demanda de empat\u00f3genos como <a href=\"https:\/\/en.wikipedia.org\/wiki\/MDMA\">MDMA<\/a> est\u00e1 aumentando constantemente. Blue Vaders 220mg MDMA en venta destaca por sus fuertes efectos y su calidad probada. El producto es conocido por sus efectos equilibrados pero intensos y, por lo tanto, tiene una gran demanda en muchos mercados en l\u00ednea. Aquellos que est\u00e9n considerando d\u00f3nde comprar Blue Vaders 220mg MDMA encontrar\u00e1n las opciones m\u00e1s seguras en l\u00ednea.<\/p>\n<h3 data-start=\"1125\" data-end=\"1175\">\u00bfQu\u00e9 hace que el MDMA de 220 mg de Blue Vader sea \u00fanico?<\/h3>\n<h3 data-start=\"1177\" data-end=\"1208\">Composici\u00f3n qu\u00edmica<\/h3>\n<p data-start=\"1209\" data-end=\"1450\">Blue Vaders 220mg MDMA comprar en l\u00ednea ofrece una dosis precisa de 220 mg de 3,4-metilendioximetanfetamina pura, fabricada bajo estrictos controles de calidad. Esto proporciona a los usuarios un producto limpio, potente y sin impurezas.<\/p>\n<h3 data-start=\"1452\" data-end=\"1490\">Efecto y dosis recomendada<\/h3>\n<p data-start=\"1491\" data-end=\"1798\">El producto favorece la mejora del estado de \u00e1nimo, la apertura emocional, el aumento del v\u00ednculo social y la mejora de la funci\u00f3n cognitiva. Con 220 mg, es adecuado para usuarios que desean efectos fuertes y duraderos. Los principiantes deben elegir cantidades m\u00e1s peque\u00f1as antes de pedir Blue Vaders 220mg MDMA.<\/p>\n<h3 data-start=\"1800\" data-end=\"1860\">\u00bfEs seguro comprar MDMA 220 mg de Blue Vader en l\u00ednea?<\/h3>\n<p data-start=\"1862\" data-end=\"2116\">Al comprar Blue Vaders 220 mg MDMA, s\u00f3lo debes elegir proveedores que proporcionen an\u00e1lisis de laboratorio comprobados. Los productos falsificados suponen un riesgo, por lo que merece la pena echar un vistazo a las calificaciones, los informes de autenticidad y la informaci\u00f3n transparente del proveedor.<\/p>\n<h3 data-start=\"2118\" data-end=\"2157\">\u00bfC\u00f3mo reconocer a los vendedores confiables?<\/h3>\n<p data-start=\"2159\" data-end=\"2224\">El mejor lugar para comprar Blue Vaders 220 mg MDMA en l\u00ednea ofrece:<\/p>\n<ul data-start=\"2226\" data-end=\"2399\">\n<li data-start=\"2226\" data-end=\"2281\">\n<p data-start=\"2228\" data-end=\"2281\">M\u00e9todos de pago y env\u00edo seguros y discretos<\/p>\n<\/li>\n<li data-start=\"2282\" data-end=\"2312\">\n<p data-start=\"2284\" data-end=\"2312\">Informes de laboratorio transparentes<\/p>\n<\/li>\n<li data-start=\"2313\" data-end=\"2343\">\n<p data-start=\"2315\" data-end=\"2343\">Rese\u00f1as positivas de los clientes<\/p>\n<\/li>\n<li data-start=\"2344\" data-end=\"2371\">\n<p data-start=\"2346\" data-end=\"2371\">Instrucciones de dosificaci\u00f3n claras<\/p>\n<\/li>\n<li data-start=\"2372\" data-end=\"2399\">\n<p data-start=\"2374\" data-end=\"2399\">Servicio al cliente r\u00e1pido<\/p>\n<\/li>\n<\/ul>\n<h3 data-start=\"2401\" data-end=\"2435\">Panorama de la situaci\u00f3n jur\u00eddica<\/h3>\n<p data-start=\"2437\" data-end=\"2725\">La MDMA, incluida la MDMA 220mg de Blue Vader en venta, es una sustancia controlada en muchos pa\u00edses. Sin embargo, algunas regiones tienen exenciones para fines de investigaci\u00f3n o m\u00e9dicos. Compruebe siempre las leyes de su pa\u00eds antes de comprar Blue Vaders 220 mg MDMA en l\u00ednea.<\/p>\n<h3 data-start=\"2727\" data-end=\"2746\">Resumen de precios<\/h3>\n<p data-start=\"2748\" data-end=\"2945\">El precio de Blue Vaders 220 mg MDMA depende del proveedor, la cantidad y la pureza. Las tiendas reputadas ofrecen precios justos con calidad garantizada. Se deben evitar las ofertas baratas sin pruebas.<\/p>\n<h3 data-start=\"3254\" data-end=\"3288\">Uso responsable<\/h3>\n<ul data-start=\"3290\" data-end=\"3491\">\n<li data-start=\"3290\" data-end=\"3333\">\n<p data-start=\"3292\" data-end=\"3333\">Observe recomendaciones de dosificaci\u00f3n estrictas<\/p>\n<\/li>\n<li data-start=\"3334\" data-end=\"3386\">\n<p data-start=\"3336\" data-end=\"3386\">Beba suficiente l\u00edquido, pero no demasiado.<\/p>\n<\/li>\n<li data-start=\"3387\" data-end=\"3418\">\n<p data-start=\"3389\" data-end=\"3418\">Consumo en un entorno seguro<\/p>\n<\/li>\n<li data-start=\"3419\" data-end=\"3463\">\n<p data-start=\"3421\" data-end=\"3463\">No combinar con otras sustancias<\/p>\n<\/li>\n<li data-start=\"3464\" data-end=\"3491\">\n<p data-start=\"3466\" data-end=\"3491\">Erholungszeit einplanen<\/p>\n<\/li>\n<\/ul>\n<p data-start=\"3493\" data-end=\"3579\">De esta manera, el potencial de Blue Vaders 220mg MDMA online kaufen puede ser utilizado con seguridad.<\/p>\n<h3 data-start=\"3581\" data-end=\"3591\">Conclusi\u00f3n<\/h3>\n<p data-start=\"3593\" data-end=\"4007\">Comprar Blue Vaders 220 mg MDMA en l\u00ednea de una fuente de investigaci\u00f3n fiable es la mejor opci\u00f3n para los usuarios que buscan pureza, potencia y seguridad. Si quieres saber d\u00f3nde comprar Blue Vaders 220 mg MDMA, s\u00f3lo debes recurrir a proveedores verificados. Con precios justos de Blue Vaders 220 mg MDMA, entrega discreta y estricto control de calidad, comprar en l\u00ednea ofrece una soluci\u00f3n segura y fiable.<\/p>","protected":false},"excerpt":{"rendered":"<p><strong>Blue Vaders 220mg MDMA<\/strong> nab\u00edz\u00ed silnou d\u00e1vku \u010dist\u00e9ho MDMA pro nezapomenuteln\u00fd z\u00e1\u017eitek. Esta tableta es ideal para el tratamiento del dolor, la ansiedad, la energ\u00eda y el estr\u00e9s. La tableta de Ka\u017ed\u00e1 se ha sometido a pruebas de calidad y fiabilidad, y ofrece el m\u00e1ximo rendimiento en todo tipo de eventos y festivales.<\/p>","protected":false},"featured_media":8823,"comment_status":"open","ping_status":"closed","template":"","meta":{"_joinchat":[]},"product_brand":[],"product_cat":[2846],"product_tag":[2187,2190,2191,2189,2186,2188,2017,2164,2018,2015],"class_list":{"0":"post-8788","1":"product","2":"type-product","3":"status-publish","4":"has-post-thumbnail","6":"product_cat-ecstasy-pills","7":"product_tag-220mg-mdma","8":"product_tag-220mg-mdma-kaufen","9":"product_tag-blue-vaders-220mg","10":"product_tag-blue-vaders-kaufen","11":"product_tag-blue-vaders-mdma","12":"product_tag-mdma-220mg-kaufen","13":"product_tag-mdma-kristalle","14":"product_tag-mdma-online-kaufen","15":"product_tag-mdma-zum-verkauf","16":"product_tag-synthetische-drogen","18":"first","19":"instock","20":"shipping-taxable","21":"purchasable","22":"product-type-variable"},"yoast_head":"<!-- This site is optimized with the Yoast SEO plugin v27.5 - https:\/\/yoast.com\/product\/yoast-seo-wordpress\/ -->\n<title>Blue Vaders 220 mg MDMA online Kaufen | Chemgramx<\/title>\n<meta name=\"description\" content=\"In unserem Chemgramx-Shop k\u00f6nnen Sie Blue Vaders 220 mg MDMA zu g\u00fcnstigen Preisen kaufen. Wir handeln ausschlie\u00dflich mit Produkten der Spitzenklasse. Kaufen Sie Blue Vaders 220 mg MDMA jetzt online in unserem Shop. Bestellen Sie gleich!\" \/>\n<meta name=\"robots\" content=\"index, follow, max-snippet:-1, max-image-preview:large, max-video-preview:-1\" \/>\n<link rel=\"canonical\" href=\"https:\/\/chemgramx.com\/es\/producto-1\/blue-vaders-220mg-mdma-comprar-online\/\" \/>\n<meta property=\"og:locale\" content=\"es_ES\" \/>\n<meta property=\"og:type\" content=\"article\" \/>\n<meta property=\"og:title\" content=\"Blue Vaders 220 mg MDMA online Kaufen | Chemgramx\" \/>\n<meta property=\"og:description\" content=\"In unserem Chemgramx-Shop k\u00f6nnen Sie Blue Vaders 220 mg MDMA zu g\u00fcnstigen Preisen kaufen. Wir handeln ausschlie\u00dflich mit Produkten der Spitzenklasse. Kaufen Sie Blue Vaders 220 mg MDMA jetzt online in unserem Shop. Bestellen Sie gleich!\" \/>\n<meta property=\"og:url\" content=\"https:\/\/chemgramx.com\/es\/producto-1\/blue-vaders-220mg-mdma-comprar-online\/\" \/>\n<meta property=\"og:site_name\" content=\"Chemgramx\" \/>\n<meta property=\"article:modified_time\" content=\"2025-12-11T01:06:19+00:00\" \/>\n<meta property=\"og:image\" content=\"https:\/\/chemgramx.com\/wp-content\/uploads\/2025\/12\/p-11.png\" \/>\n\t<meta property=\"og:image:width\" content=\"600\" \/>\n\t<meta property=\"og:image:height\" content=\"400\" \/>\n\t<meta property=\"og:image:type\" content=\"image\/png\" \/>\n<meta name=\"twitter:card\" content=\"summary_large_image\" \/>\n<meta name=\"twitter:label1\" content=\"Tiempo de lectura\" \/>\n\t<meta name=\"twitter:data1\" content=\"3 minutos\" \/>\n<script type=\"application\/ld+json\" class=\"yoast-schema-graph\">{\"@context\":\"https:\\\/\\\/schema.org\",\"@graph\":[{\"@type\":\"WebPage\",\"@id\":\"https:\\\/\\\/chemgramx.com\\\/product\\\/blue-vaders-220mg-mdma-online-kaufen\\\/\",\"url\":\"https:\\\/\\\/chemgramx.com\\\/product\\\/blue-vaders-220mg-mdma-online-kaufen\\\/\",\"name\":\"Blue Vaders 220 mg MDMA online Kaufen | Chemgramx\",\"isPartOf\":{\"@id\":\"https:\\\/\\\/chemgramx.com\\\/#website\"},\"primaryImageOfPage\":{\"@id\":\"https:\\\/\\\/chemgramx.com\\\/product\\\/blue-vaders-220mg-mdma-online-kaufen\\\/#primaryimage\"},\"image\":{\"@id\":\"https:\\\/\\\/chemgramx.com\\\/product\\\/blue-vaders-220mg-mdma-online-kaufen\\\/#primaryimage\"},\"thumbnailUrl\":\"https:\\\/\\\/chemgramx.com\\\/wp-content\\\/uploads\\\/2025\\\/12\\\/p-11.png\",\"datePublished\":\"2025-12-11T01:04:48+00:00\",\"dateModified\":\"2025-12-11T01:06:19+00:00\",\"description\":\"In unserem Chemgramx-Shop k\u00f6nnen Sie Blue Vaders 220 mg MDMA zu g\u00fcnstigen Preisen kaufen. Wir handeln ausschlie\u00dflich mit Produkten der Spitzenklasse. Kaufen Sie Blue Vaders 220 mg MDMA jetzt online in unserem Shop. Bestellen Sie gleich!\",\"breadcrumb\":{\"@id\":\"https:\\\/\\\/chemgramx.com\\\/product\\\/blue-vaders-220mg-mdma-online-kaufen\\\/#breadcrumb\"},\"inLanguage\":\"es\",\"potentialAction\":[{\"@type\":\"ReadAction\",\"target\":[\"https:\\\/\\\/chemgramx.com\\\/product\\\/blue-vaders-220mg-mdma-online-kaufen\\\/\"]}]},{\"@type\":\"ImageObject\",\"inLanguage\":\"es\",\"@id\":\"https:\\\/\\\/chemgramx.com\\\/product\\\/blue-vaders-220mg-mdma-online-kaufen\\\/#primaryimage\",\"url\":\"https:\\\/\\\/chemgramx.com\\\/wp-content\\\/uploads\\\/2025\\\/12\\\/p-11.png\",\"contentUrl\":\"https:\\\/\\\/chemgramx.com\\\/wp-content\\\/uploads\\\/2025\\\/12\\\/p-11.png\",\"width\":600,\"height\":400},{\"@type\":\"BreadcrumbList\",\"@id\":\"https:\\\/\\\/chemgramx.com\\\/product\\\/blue-vaders-220mg-mdma-online-kaufen\\\/#breadcrumb\",\"itemListElement\":[{\"@type\":\"ListItem\",\"position\":1,\"name\":\"Home\",\"item\":\"https:\\\/\\\/chemgramx.com\\\/\"},{\"@type\":\"ListItem\",\"position\":2,\"name\":\"Shop\",\"item\":\"https:\\\/\\\/chemgramx.com\\\/shop\\\/\"},{\"@type\":\"ListItem\",\"position\":3,\"name\":\"Blue Vaders 220mg MDMA Online kaufen\"}]},{\"@type\":\"WebSite\",\"@id\":\"https:\\\/\\\/chemgramx.com\\\/#website\",\"url\":\"https:\\\/\\\/chemgramx.com\\\/\",\"name\":\"Chemgramx\",\"description\":\"\",\"publisher\":{\"@id\":\"https:\\\/\\\/chemgramx.com\\\/#organization\"},\"potentialAction\":[{\"@type\":\"SearchAction\",\"target\":{\"@type\":\"EntryPoint\",\"urlTemplate\":\"https:\\\/\\\/chemgramx.com\\\/?s={search_term_string}\"},\"query-input\":{\"@type\":\"PropertyValueSpecification\",\"valueRequired\":true,\"valueName\":\"search_term_string\"}}],\"inLanguage\":\"es\"},{\"@type\":\"Organization\",\"@id\":\"https:\\\/\\\/chemgramx.com\\\/#organization\",\"name\":\"Chemgramx\",\"url\":\"https:\\\/\\\/chemgramx.com\\\/\",\"logo\":{\"@type\":\"ImageObject\",\"inLanguage\":\"es\",\"@id\":\"https:\\\/\\\/chemgramx.com\\\/#\\\/schema\\\/logo\\\/image\\\/\",\"url\":\"https:\\\/\\\/chemgramx.com\\\/wp-content\\\/uploads\\\/2024\\\/10\\\/final-logo.png\",\"contentUrl\":\"https:\\\/\\\/chemgramx.com\\\/wp-content\\\/uploads\\\/2024\\\/10\\\/final-logo.png\",\"width\":250,\"height\":48,\"caption\":\"Chemgramx\"},\"image\":{\"@id\":\"https:\\\/\\\/chemgramx.com\\\/#\\\/schema\\\/logo\\\/image\\\/\"}}]}<\/script>\n<!-- \/ Yoast SEO plugin. -->","yoast_head_json":{"title":"Comprar Blue Vaders 220 mg de MDMA en l\u00ednea | Chemgramx","description":"En nuestra tienda Chemgramx, puedes comprar Blue Vaders 220 mg MDMA a precios asequibles. Solo vendemos productos de primera calidad. Compra Blue Vaders 220 mg MDMA online en nuestra tienda ahora. \u00a1Haz tu pedido ya!","robots":{"index":"index","follow":"follow","max-snippet":"max-snippet:-1","max-image-preview":"max-image-preview:large","max-video-preview":"max-video-preview:-1"},"canonical":"https:\/\/chemgramx.com\/es\/producto-1\/blue-vaders-220mg-mdma-comprar-online\/","og_locale":"es_ES","og_type":"article","og_title":"Blue Vaders 220 mg MDMA online Kaufen | Chemgramx","og_description":"In unserem Chemgramx-Shop k\u00f6nnen Sie Blue Vaders 220 mg MDMA zu g\u00fcnstigen Preisen kaufen. Wir handeln ausschlie\u00dflich mit Produkten der Spitzenklasse. Kaufen Sie Blue Vaders 220 mg MDMA jetzt online in unserem Shop. Bestellen Sie gleich!","og_url":"https:\/\/chemgramx.com\/es\/producto-1\/blue-vaders-220mg-mdma-comprar-online\/","og_site_name":"Chemgramx","article_modified_time":"2025-12-11T01:06:19+00:00","og_image":[{"width":600,"height":400,"url":"https:\/\/chemgramx.com\/wp-content\/uploads\/2025\/12\/p-11.png","type":"image\/png"}],"twitter_card":"summary_large_image","twitter_misc":{"Tiempo de lectura":"3 minutos"},"schema":{"@context":"https:\/\/schema.org","@graph":[{"@type":"WebPage","@id":"https:\/\/chemgramx.com\/product\/blue-vaders-220mg-mdma-online-kaufen\/","url":"https:\/\/chemgramx.com\/product\/blue-vaders-220mg-mdma-online-kaufen\/","name":"Comprar Blue Vaders 220 mg de MDMA en l\u00ednea | Chemgramx","isPartOf":{"@id":"https:\/\/chemgramx.com\/#website"},"primaryImageOfPage":{"@id":"https:\/\/chemgramx.com\/product\/blue-vaders-220mg-mdma-online-kaufen\/#primaryimage"},"image":{"@id":"https:\/\/chemgramx.com\/product\/blue-vaders-220mg-mdma-online-kaufen\/#primaryimage"},"thumbnailUrl":"https:\/\/chemgramx.com\/wp-content\/uploads\/2025\/12\/p-11.png","datePublished":"2025-12-11T01:04:48+00:00","dateModified":"2025-12-11T01:06:19+00:00","description":"En nuestra tienda Chemgramx, puedes comprar Blue Vaders 220 mg MDMA a precios asequibles. Solo vendemos productos de primera calidad. Compra Blue Vaders 220 mg MDMA online en nuestra tienda ahora. \u00a1Haz tu pedido ya!","breadcrumb":{"@id":"https:\/\/chemgramx.com\/product\/blue-vaders-220mg-mdma-online-kaufen\/#breadcrumb"},"inLanguage":"es","potentialAction":[{"@type":"ReadAction","target":["https:\/\/chemgramx.com\/product\/blue-vaders-220mg-mdma-online-kaufen\/"]}]},{"@type":"ImageObject","inLanguage":"es","@id":"https:\/\/chemgramx.com\/product\/blue-vaders-220mg-mdma-online-kaufen\/#primaryimage","url":"https:\/\/chemgramx.com\/wp-content\/uploads\/2025\/12\/p-11.png","contentUrl":"https:\/\/chemgramx.com\/wp-content\/uploads\/2025\/12\/p-11.png","width":600,"height":400},{"@type":"BreadcrumbList","@id":"https:\/\/chemgramx.com\/product\/blue-vaders-220mg-mdma-online-kaufen\/#breadcrumb","itemListElement":[{"@type":"ListItem","position":1,"name":"Home","item":"https:\/\/chemgramx.com\/"},{"@type":"ListItem","position":2,"name":"Shop","item":"https:\/\/chemgramx.com\/shop\/"},{"@type":"ListItem","position":3,"name":"Blue Vaders 220mg MDMA Online kaufen"}]},{"@type":"WebSite","@id":"https:\/\/chemgramx.com\/#website","url":"https:\/\/chemgramx.com\/","name":"Chemgramx","description":"","publisher":{"@id":"https:\/\/chemgramx.com\/#organization"},"potentialAction":[{"@type":"SearchAction","target":{"@type":"EntryPoint","urlTemplate":"https:\/\/chemgramx.com\/?s={search_term_string}"},"query-input":{"@type":"PropertyValueSpecification","valueRequired":true,"valueName":"search_term_string"}}],"inLanguage":"es"},{"@type":"Organization","@id":"https:\/\/chemgramx.com\/#organization","name":"Chemgramx","url":"https:\/\/chemgramx.com\/","logo":{"@type":"ImageObject","inLanguage":"es","@id":"https:\/\/chemgramx.com\/#\/schema\/logo\/image\/","url":"https:\/\/chemgramx.com\/wp-content\/uploads\/2024\/10\/final-logo.png","contentUrl":"https:\/\/chemgramx.com\/wp-content\/uploads\/2024\/10\/final-logo.png","width":250,"height":48,"caption":"Chemgramx"},"image":{"@id":"https:\/\/chemgramx.com\/#\/schema\/logo\/image\/"}}]}},"_links":{"self":[{"href":"https:\/\/chemgramx.com\/es\/wp-json\/wp\/v2\/product\/8788","targetHints":{"allow":["GET"]}}],"collection":[{"href":"https:\/\/chemgramx.com\/es\/wp-json\/wp\/v2\/product"}],"about":[{"href":"https:\/\/chemgramx.com\/es\/wp-json\/wp\/v2\/types\/product"}],"replies":[{"embeddable":true,"href":"https:\/\/chemgramx.com\/es\/wp-json\/wp\/v2\/comments?post=8788"}],"wp:featuredmedia":[{"embeddable":true,"href":"https:\/\/chemgramx.com\/es\/wp-json\/wp\/v2\/media\/8823"}],"wp:attachment":[{"href":"https:\/\/chemgramx.com\/es\/wp-json\/wp\/v2\/media?parent=8788"}],"wp:term":[{"taxonomy":"product_brand","embeddable":true,"href":"https:\/\/chemgramx.com\/es\/wp-json\/wp\/v2\/product_brand?post=8788"},{"taxonomy":"product_cat","embeddable":true,"href":"https:\/\/chemgramx.com\/es\/wp-json\/wp\/v2\/product_cat?post=8788"},{"taxonomy":"product_tag","embeddable":true,"href":"https:\/\/chemgramx.com\/es\/wp-json\/wp\/v2\/product_tag?post=8788"}],"curies":[{"name":"wp","href":"https:\/\/api.w.org\/{rel}","templated":true}]}}