{"id":8797,"date":"2025-12-11T01:05:23","date_gmt":"2025-12-11T01:05:23","guid":{"rendered":"https:\/\/chemgramx.com\/?post_type=product&#038;p=8797"},"modified":"2025-12-11T01:06:19","modified_gmt":"2025-12-11T01:06:19","slug":"comprar-blue-punishers-290mg-online","status":"publish","type":"product","link":"https:\/\/chemgramx.com\/es\/product\/blue-punishers-290mg-online-kaufen\/","title":{"rendered":"BLUE PUNISHERS 290MG Comprar en l\u00ednea"},"content":{"rendered":"<h2 data-start=\"125\" data-end=\"191\">Descubrir BLUE PUNISHERS 290MG: Comprar BLUE PUNISHERS 290MG en l\u00ednea<\/h2>\n<p data-start=\"210\" data-end=\"671\">En el campo de la mejora cognitiva, BLUE PUNISHERS 290MG comprar online ha ganado popularidad r\u00e1pidamente. Est\u00e1 dirigido a usuarios que buscan un aumento potente, fiable y profundo de la claridad mental, el estado de \u00e1nimo y la conectividad emocional. Su potente formulaci\u00f3n y sus efectos probados hacen de BLUE PUNISHERS 290MG comprar online la elecci\u00f3n preferida para cualquiera que busque mejorar su rendimiento cognitivo y su experiencia social.<\/p>\n<h3 data-start=\"673\" data-end=\"707\">\u00bfQu\u00e9 es BLUE PUNISHERS 290MG?<\/h3>\n<p data-start=\"709\" data-end=\"1049\"><a href=\"https:\/\/en.wikipedia.org\/wiki\/MDMA\">CASTIGADORES AZULES<\/a> 290MG a la venta es una formulaci\u00f3n de alta calidad de 3,4-metilendioximetanfetamina (MDMA) con una dosis de 290 mg por unidad. Este producto ofrece una experiencia psicoactiva equilibrada que combina efectos estimulantes y empat\u00f3genos - ideal para usuarios experimentados que quieren resultados consistentes.<\/p>\n<h3 data-start=\"1051\" data-end=\"1088\">Perfil qu\u00edmico e historia<\/h3>\n<p data-start=\"1090\" data-end=\"1461\">La MDMA se sintetiz\u00f3 por primera vez a principios del siglo XX y es conocida por su capacidad para mejorar el estado de \u00e1nimo, la empat\u00eda y la funci\u00f3n cognitiva. La variante de mando<a href=\"https:\/\/chemgramx.com\/product\/blue-punishers-290mg\/\">\u00a0CASTIGADORES AZULES 290MG<\/a> Se caracteriza por una fabricaci\u00f3n precisa, alta pureza y potencia constante, una de las razones por las que es valorado en la comunidad de mejora cognitiva.<\/p>\n<h3 data-start=\"1463\" data-end=\"1481\">\u00bfC\u00f3mo funciona?<\/h3>\n<p data-start=\"1483\" data-end=\"1870\">Comprar BLUE PUNISHERS 290MG favorece la liberaci\u00f3n de serotonina, dopamina y noradrenalina en el cerebro. Esta liberaci\u00f3n conduce a la mejora del estado de \u00e1nimo, aumento de la agudeza mental, aumento de la empat\u00eda y la mejora de la interacci\u00f3n social. Adem\u00e1s, la MDMA puede apoyar los efectos neuroprotectores mediante el fortalecimiento de la plasticidad sin\u00e1ptica y la capacidad de recuperaci\u00f3n cognitiva.<\/p>\n<h3 data-start=\"1872\" data-end=\"1910\">Beneficios de BLUE PUNISHERS 290MG<\/h3>\n<ul data-start=\"1912\" data-end=\"2358\">\n<li data-start=\"1912\" data-end=\"2008\">\n<p data-start=\"1914\" data-end=\"2008\">Mejora de la conexi\u00f3n emocional: fomenta la empat\u00eda y las interacciones emocionales m\u00e1s profundas.<\/p>\n<\/li>\n<li data-start=\"2009\" data-end=\"2091\">\n<p data-start=\"2011\" data-end=\"2091\">Aumento de la funci\u00f3n cognitiva: Aumenta la concentraci\u00f3n, la claridad mental y la motivaci\u00f3n.<\/p>\n<\/li>\n<li data-start=\"2187\" data-end=\"2263\">\n<p data-start=\"2189\" data-end=\"2263\">Dosis constante: La dosis de 290 mg garantiza efectos predecibles.<\/p>\n<\/li>\n<li data-start=\"2264\" data-end=\"2358\">\n<p data-start=\"2266\" data-end=\"2358\">Potencial neuroprotector: Favorece la salud cerebral y la longevidad cognitiva.<\/p>\n<\/li>\n<\/ul>\n<h3 data-start=\"2360\" data-end=\"2406\">Posibles efectos de BLUE PUNISHERS 290MG<\/h3>\n<ul data-start=\"2434\" data-end=\"2762\">\n<li data-start=\"2434\" data-end=\"2479\">\n<p data-start=\"2436\" data-end=\"2479\">Mayor empat\u00eda y apertura emocional<\/p>\n<\/li>\n<li data-start=\"2520\" data-end=\"2578\">\n<p data-start=\"2522\" data-end=\"2578\">Tensi\u00f3n temporal de la mand\u00edbula o rechinamiento de dientes<\/p>\n<\/li>\n<li data-start=\"2579\" data-end=\"2645\">\n<p data-start=\"2581\" data-end=\"2645\">Ligera estimulaci\u00f3n cardiovascular (aumento del pulso, presi\u00f3n arterial)<\/p>\n<\/li>\n<li data-start=\"2646\" data-end=\"2696\">\n<p data-start=\"2648\" data-end=\"2696\">Necesidad de una ingesta suficiente de l\u00edquidos<\/p>\n<\/li>\n<\/ul>\n<h3 data-start=\"2850\" data-end=\"2904\">Formas disponibles de BLUE PUNISHERS 290MG en l\u00ednea<\/h3>\n<ul data-start=\"2906\" data-end=\"3094\">\n<li data-start=\"2906\" data-end=\"2968\">\n<p data-start=\"2908\" data-end=\"2968\">Comprimidos sublinguales: Absorci\u00f3n y inicio de acci\u00f3n m\u00e1s r\u00e1pidos.<\/p>\n<\/li>\n<li data-start=\"2969\" data-end=\"3026\">\n<p data-start=\"2971\" data-end=\"3026\">C\u00e1psulas: Dosis preparadas, pr\u00e1cticas y discretas.<\/p>\n<\/li>\n<li data-start=\"3027\" data-end=\"3094\">\n<p data-start=\"3029\" data-end=\"3094\">Comprimidos sublinguales: Absorci\u00f3n y inicio de acci\u00f3n m\u00e1s r\u00e1pidos.<\/p>\n<\/li>\n<\/ul>\n<h3 data-start=\"3096\" data-end=\"3152\">\u00bfEs legal comprar BLUE PUNISHERS 290MG en l\u00ednea?<\/h3>\n<p data-start=\"3154\" data-end=\"3532\">La situaci\u00f3n legal de la MDMA, incluido d\u00f3nde comprar BLUE PUNISHERS 290MG, var\u00eda en todo el mundo. En los EE.UU., el Reino Unido y la UE, la MDMA est\u00e1 mayoritariamente controlada, por lo que su compra y posesi\u00f3n sin autorizaci\u00f3n es ilegal. Algunas regiones permiten excepciones con fines m\u00e9dicos o de investigaci\u00f3n. Compruebe siempre las leyes locales antes de pedir y comprar BLUE PUNISHERS 290MG.<\/p>\n<h3 data-start=\"3534\" data-end=\"3576\">\u00bfC\u00f3mo elegir un distribuidor con buena reputaci\u00f3n?<\/h3>\n<p data-start=\"3578\" data-end=\"3641\">Al comprar el BLUE PUNISHER 290 MG en l\u00ednea, el proveedor debe:<\/p>\n<ul data-start=\"3643\" data-end=\"3924\">\n<li data-start=\"3643\" data-end=\"3731\">\n<p data-start=\"3645\" data-end=\"3731\">Proporcionar informes de laboratorio transparentes para confirmar la pureza y la seguridad<\/p>\n<\/li>\n<li data-start=\"3732\" data-end=\"3799\">\n<p data-start=\"3734\" data-end=\"3799\">Ofrecer m\u00e9todos de pago y opciones de env\u00edo seguros y discretos<\/p>\n<\/li>\n<li data-start=\"3800\" data-end=\"3863\">\n<p data-start=\"3802\" data-end=\"3863\">Proporcionar opiniones positivas de los clientes y una asistencia fiable<\/p>\n<\/li>\n<li data-start=\"3864\" data-end=\"3924\">\n<p data-start=\"3866\" data-end=\"3924\">Proporcionar informaci\u00f3n clara sobre el producto y la dosis<\/p>\n<\/li>\n<\/ul>\n<h3 data-start=\"4087\" data-end=\"4097\">Conclusi\u00f3n<\/h3>\n<p data-start=\"4099\" data-end=\"4519\">BLUE PUNISHERS 290MG comprar online es la mejor elecci\u00f3n para cualquiera que busque una mejora cognitiva y emocional potente, fiable y efectiva. Con efectos equilibrados, alta pureza y dosificaci\u00f3n consistente, es ideal para usuarios experimentados. Encuentre el mejor lugar para comprar BLUE PUNISHERS 290MG online y comience su viaje transformador hacia una mejor salud cognitiva y emocional.<\/p>","protected":false},"excerpt":{"rendered":"<p><strong>Blue Punishers 290 mg MDMA<\/strong>\u00a0ofrece una experiencia extremadamente potente con una alta dosis de 290 mg de MDMA pura. Ideal para usuarios experimentados que buscan la m\u00e1xima euforia, energ\u00eda sostenida y conexi\u00f3n emocional. Una elecci\u00f3n perfecta para eventos de baile o festivales. Cada pastilla se somete a rigurosas pruebas de calidad y seguridad para garantizar su fiabilidad.<\/p>","protected":false},"featured_media":8825,"comment_status":"open","ping_status":"closed","template":"","meta":{"_joinchat":[]},"product_brand":[],"product_cat":[2846],"product_tag":[2360,2359,2363,2361,2362,2011,2017,2164,2018,2015],"class_list":{"0":"post-8797","1":"product","2":"type-product","3":"status-publish","4":"has-post-thumbnail","6":"product_cat-ecstasy-pills","7":"product_tag-290mg-mdma","8":"product_tag-blue-punishers","9":"product_tag-blue-punishers-kaufen","10":"product_tag-blue-punishers-mdma","11":"product_tag-mdma-290mg","12":"product_tag-mdma-kaufen","13":"product_tag-mdma-kristalle","14":"product_tag-mdma-online-kaufen","15":"product_tag-mdma-zum-verkauf","16":"product_tag-synthetische-drogen","18":"first","19":"instock","20":"shipping-taxable","21":"purchasable","22":"product-type-variable"},"yoast_head":"<!-- This site is optimized with the Yoast SEO plugin v27.5 - https:\/\/yoast.com\/product\/yoast-seo-wordpress\/ -->\n<title>Blue Punishers 290 mg MDMA-Verkauf | Kaufen Sie starke MDMA-Tabletten<\/title>\n<meta name=\"description\" content=\"Kaufen Sie Blue Punishers 290 mg MDMA \u2013 starke Tabletten mit 290 mg reinem MDMA. Auf Qualit\u00e4t gepr\u00fcft, schnelle Lieferung. Bestellen Sie f\u00fcr extreme Euphorie und Energie!\" \/>\n<meta name=\"robots\" content=\"index, follow, max-snippet:-1, max-image-preview:large, max-video-preview:-1\" \/>\n<link rel=\"canonical\" href=\"https:\/\/chemgramx.com\/es\/producto-1\/comprar-blue-punishers-290mg-online\/\" \/>\n<meta property=\"og:locale\" content=\"es_ES\" \/>\n<meta property=\"og:type\" content=\"article\" \/>\n<meta property=\"og:title\" content=\"Blue Punishers 290 mg MDMA-Verkauf | Kaufen Sie starke MDMA-Tabletten\" \/>\n<meta property=\"og:description\" content=\"Kaufen Sie Blue Punishers 290 mg MDMA \u2013 starke Tabletten mit 290 mg reinem MDMA. Auf Qualit\u00e4t gepr\u00fcft, schnelle Lieferung. Bestellen Sie f\u00fcr extreme Euphorie und Energie!\" \/>\n<meta property=\"og:url\" content=\"https:\/\/chemgramx.com\/es\/producto-1\/comprar-blue-punishers-290mg-online\/\" \/>\n<meta property=\"og:site_name\" content=\"Chemgramx\" \/>\n<meta property=\"article:modified_time\" content=\"2025-12-11T01:06:19+00:00\" \/>\n<meta property=\"og:image\" content=\"https:\/\/chemgramx.com\/wp-content\/uploads\/2025\/12\/p-8-1-1.png\" \/>\n\t<meta property=\"og:image:width\" content=\"600\" \/>\n\t<meta property=\"og:image:height\" content=\"400\" \/>\n\t<meta property=\"og:image:type\" content=\"image\/png\" \/>\n<meta name=\"twitter:card\" content=\"summary_large_image\" \/>\n<meta name=\"twitter:label1\" content=\"Tiempo de lectura\" \/>\n\t<meta name=\"twitter:data1\" content=\"3 minutos\" \/>\n<script type=\"application\/ld+json\" class=\"yoast-schema-graph\">{\"@context\":\"https:\\\/\\\/schema.org\",\"@graph\":[{\"@type\":\"WebPage\",\"@id\":\"https:\\\/\\\/chemgramx.com\\\/product\\\/blue-punishers-290mg-online-kaufen\\\/\",\"url\":\"https:\\\/\\\/chemgramx.com\\\/product\\\/blue-punishers-290mg-online-kaufen\\\/\",\"name\":\"Blue Punishers 290 mg MDMA-Verkauf | Kaufen Sie starke MDMA-Tabletten\",\"isPartOf\":{\"@id\":\"https:\\\/\\\/chemgramx.com\\\/#website\"},\"primaryImageOfPage\":{\"@id\":\"https:\\\/\\\/chemgramx.com\\\/product\\\/blue-punishers-290mg-online-kaufen\\\/#primaryimage\"},\"image\":{\"@id\":\"https:\\\/\\\/chemgramx.com\\\/product\\\/blue-punishers-290mg-online-kaufen\\\/#primaryimage\"},\"thumbnailUrl\":\"https:\\\/\\\/chemgramx.com\\\/wp-content\\\/uploads\\\/2025\\\/12\\\/p-8-1-1.png\",\"datePublished\":\"2025-12-11T01:05:23+00:00\",\"dateModified\":\"2025-12-11T01:06:19+00:00\",\"description\":\"Kaufen Sie Blue Punishers 290 mg MDMA \u2013 starke Tabletten mit 290 mg reinem MDMA. Auf Qualit\u00e4t gepr\u00fcft, schnelle Lieferung. Bestellen Sie f\u00fcr extreme Euphorie und Energie!\",\"breadcrumb\":{\"@id\":\"https:\\\/\\\/chemgramx.com\\\/product\\\/blue-punishers-290mg-online-kaufen\\\/#breadcrumb\"},\"inLanguage\":\"es\",\"potentialAction\":[{\"@type\":\"ReadAction\",\"target\":[\"https:\\\/\\\/chemgramx.com\\\/product\\\/blue-punishers-290mg-online-kaufen\\\/\"]}]},{\"@type\":\"ImageObject\",\"inLanguage\":\"es\",\"@id\":\"https:\\\/\\\/chemgramx.com\\\/product\\\/blue-punishers-290mg-online-kaufen\\\/#primaryimage\",\"url\":\"https:\\\/\\\/chemgramx.com\\\/wp-content\\\/uploads\\\/2025\\\/12\\\/p-8-1-1.png\",\"contentUrl\":\"https:\\\/\\\/chemgramx.com\\\/wp-content\\\/uploads\\\/2025\\\/12\\\/p-8-1-1.png\",\"width\":600,\"height\":400},{\"@type\":\"BreadcrumbList\",\"@id\":\"https:\\\/\\\/chemgramx.com\\\/product\\\/blue-punishers-290mg-online-kaufen\\\/#breadcrumb\",\"itemListElement\":[{\"@type\":\"ListItem\",\"position\":1,\"name\":\"Home\",\"item\":\"https:\\\/\\\/chemgramx.com\\\/\"},{\"@type\":\"ListItem\",\"position\":2,\"name\":\"Shop\",\"item\":\"https:\\\/\\\/chemgramx.com\\\/shop\\\/\"},{\"@type\":\"ListItem\",\"position\":3,\"name\":\"BLUE PUNISHERS 290MG Online kaufen\"}]},{\"@type\":\"WebSite\",\"@id\":\"https:\\\/\\\/chemgramx.com\\\/#website\",\"url\":\"https:\\\/\\\/chemgramx.com\\\/\",\"name\":\"Chemgramx\",\"description\":\"\",\"publisher\":{\"@id\":\"https:\\\/\\\/chemgramx.com\\\/#organization\"},\"potentialAction\":[{\"@type\":\"SearchAction\",\"target\":{\"@type\":\"EntryPoint\",\"urlTemplate\":\"https:\\\/\\\/chemgramx.com\\\/?s={search_term_string}\"},\"query-input\":{\"@type\":\"PropertyValueSpecification\",\"valueRequired\":true,\"valueName\":\"search_term_string\"}}],\"inLanguage\":\"es\"},{\"@type\":\"Organization\",\"@id\":\"https:\\\/\\\/chemgramx.com\\\/#organization\",\"name\":\"Chemgramx\",\"url\":\"https:\\\/\\\/chemgramx.com\\\/\",\"logo\":{\"@type\":\"ImageObject\",\"inLanguage\":\"es\",\"@id\":\"https:\\\/\\\/chemgramx.com\\\/#\\\/schema\\\/logo\\\/image\\\/\",\"url\":\"https:\\\/\\\/chemgramx.com\\\/wp-content\\\/uploads\\\/2024\\\/10\\\/final-logo.png\",\"contentUrl\":\"https:\\\/\\\/chemgramx.com\\\/wp-content\\\/uploads\\\/2024\\\/10\\\/final-logo.png\",\"width\":250,\"height\":48,\"caption\":\"Chemgramx\"},\"image\":{\"@id\":\"https:\\\/\\\/chemgramx.com\\\/#\\\/schema\\\/logo\\\/image\\\/\"}}]}<\/script>\n<!-- \/ Yoast SEO plugin. -->","yoast_head_json":{"title":"Venta de Blue Punishers 290 mg de MDMA | Compre tabletas de MDMA potentes","description":"Compra Blue Punishers 290 mg de MDMA: potentes comprimidos con 290 mg de MDMA puro. Calidad comprobada, entrega r\u00e1pida. \u00a1P\u00eddelo para una euforia y energ\u00eda extremas!","robots":{"index":"index","follow":"follow","max-snippet":"max-snippet:-1","max-image-preview":"max-image-preview:large","max-video-preview":"max-video-preview:-1"},"canonical":"https:\/\/chemgramx.com\/es\/producto-1\/comprar-blue-punishers-290mg-online\/","og_locale":"es_ES","og_type":"article","og_title":"Blue Punishers 290 mg MDMA-Verkauf | Kaufen Sie starke MDMA-Tabletten","og_description":"Kaufen Sie Blue Punishers 290 mg MDMA \u2013 starke Tabletten mit 290 mg reinem MDMA. Auf Qualit\u00e4t gepr\u00fcft, schnelle Lieferung. Bestellen Sie f\u00fcr extreme Euphorie und Energie!","og_url":"https:\/\/chemgramx.com\/es\/producto-1\/comprar-blue-punishers-290mg-online\/","og_site_name":"Chemgramx","article_modified_time":"2025-12-11T01:06:19+00:00","og_image":[{"width":600,"height":400,"url":"https:\/\/chemgramx.com\/wp-content\/uploads\/2025\/12\/p-8-1-1.png","type":"image\/png"}],"twitter_card":"summary_large_image","twitter_misc":{"Tiempo de lectura":"3 minutos"},"schema":{"@context":"https:\/\/schema.org","@graph":[{"@type":"WebPage","@id":"https:\/\/chemgramx.com\/product\/blue-punishers-290mg-online-kaufen\/","url":"https:\/\/chemgramx.com\/product\/blue-punishers-290mg-online-kaufen\/","name":"Venta de Blue Punishers 290 mg de MDMA | Compre tabletas de MDMA potentes","isPartOf":{"@id":"https:\/\/chemgramx.com\/#website"},"primaryImageOfPage":{"@id":"https:\/\/chemgramx.com\/product\/blue-punishers-290mg-online-kaufen\/#primaryimage"},"image":{"@id":"https:\/\/chemgramx.com\/product\/blue-punishers-290mg-online-kaufen\/#primaryimage"},"thumbnailUrl":"https:\/\/chemgramx.com\/wp-content\/uploads\/2025\/12\/p-8-1-1.png","datePublished":"2025-12-11T01:05:23+00:00","dateModified":"2025-12-11T01:06:19+00:00","description":"Compra Blue Punishers 290 mg de MDMA: potentes comprimidos con 290 mg de MDMA puro. Calidad comprobada, entrega r\u00e1pida. \u00a1P\u00eddelo para una euforia y energ\u00eda extremas!","breadcrumb":{"@id":"https:\/\/chemgramx.com\/product\/blue-punishers-290mg-online-kaufen\/#breadcrumb"},"inLanguage":"es","potentialAction":[{"@type":"ReadAction","target":["https:\/\/chemgramx.com\/product\/blue-punishers-290mg-online-kaufen\/"]}]},{"@type":"ImageObject","inLanguage":"es","@id":"https:\/\/chemgramx.com\/product\/blue-punishers-290mg-online-kaufen\/#primaryimage","url":"https:\/\/chemgramx.com\/wp-content\/uploads\/2025\/12\/p-8-1-1.png","contentUrl":"https:\/\/chemgramx.com\/wp-content\/uploads\/2025\/12\/p-8-1-1.png","width":600,"height":400},{"@type":"BreadcrumbList","@id":"https:\/\/chemgramx.com\/product\/blue-punishers-290mg-online-kaufen\/#breadcrumb","itemListElement":[{"@type":"ListItem","position":1,"name":"Home","item":"https:\/\/chemgramx.com\/"},{"@type":"ListItem","position":2,"name":"Shop","item":"https:\/\/chemgramx.com\/shop\/"},{"@type":"ListItem","position":3,"name":"BLUE PUNISHERS 290MG Online kaufen"}]},{"@type":"WebSite","@id":"https:\/\/chemgramx.com\/#website","url":"https:\/\/chemgramx.com\/","name":"Chemgramx","description":"","publisher":{"@id":"https:\/\/chemgramx.com\/#organization"},"potentialAction":[{"@type":"SearchAction","target":{"@type":"EntryPoint","urlTemplate":"https:\/\/chemgramx.com\/?s={search_term_string}"},"query-input":{"@type":"PropertyValueSpecification","valueRequired":true,"valueName":"search_term_string"}}],"inLanguage":"es"},{"@type":"Organization","@id":"https:\/\/chemgramx.com\/#organization","name":"Chemgramx","url":"https:\/\/chemgramx.com\/","logo":{"@type":"ImageObject","inLanguage":"es","@id":"https:\/\/chemgramx.com\/#\/schema\/logo\/image\/","url":"https:\/\/chemgramx.com\/wp-content\/uploads\/2024\/10\/final-logo.png","contentUrl":"https:\/\/chemgramx.com\/wp-content\/uploads\/2024\/10\/final-logo.png","width":250,"height":48,"caption":"Chemgramx"},"image":{"@id":"https:\/\/chemgramx.com\/#\/schema\/logo\/image\/"}}]}},"_links":{"self":[{"href":"https:\/\/chemgramx.com\/es\/wp-json\/wp\/v2\/product\/8797","targetHints":{"allow":["GET"]}}],"collection":[{"href":"https:\/\/chemgramx.com\/es\/wp-json\/wp\/v2\/product"}],"about":[{"href":"https:\/\/chemgramx.com\/es\/wp-json\/wp\/v2\/types\/product"}],"replies":[{"embeddable":true,"href":"https:\/\/chemgramx.com\/es\/wp-json\/wp\/v2\/comments?post=8797"}],"wp:featuredmedia":[{"embeddable":true,"href":"https:\/\/chemgramx.com\/es\/wp-json\/wp\/v2\/media\/8825"}],"wp:attachment":[{"href":"https:\/\/chemgramx.com\/es\/wp-json\/wp\/v2\/media?parent=8797"}],"wp:term":[{"taxonomy":"product_brand","embeddable":true,"href":"https:\/\/chemgramx.com\/es\/wp-json\/wp\/v2\/product_brand?post=8797"},{"taxonomy":"product_cat","embeddable":true,"href":"https:\/\/chemgramx.com\/es\/wp-json\/wp\/v2\/product_cat?post=8797"},{"taxonomy":"product_tag","embeddable":true,"href":"https:\/\/chemgramx.com\/es\/wp-json\/wp\/v2\/product_tag?post=8797"}],"curies":[{"name":"wp","href":"https:\/\/api.w.org\/{rel}","templated":true}]}}