{"id":8892,"date":"2025-12-11T10:56:34","date_gmt":"2025-12-11T10:56:34","guid":{"rendered":"https:\/\/chemgramx.com\/?post_type=product&#038;p=8892"},"modified":"2025-12-11T10:57:03","modified_gmt":"2025-12-11T10:57:03","slug":"stiiizy-premium-jack-500-mg-capsulas","status":"publish","type":"product","link":"https:\/\/chemgramx.com\/es\/product\/stiiizy-premium-jack-500mg-pods\/","title":{"rendered":"Stiiizy PREMIUM JACK 500mg Pastillas"},"content":{"rendered":"<p>En <b>Vainas Stiiizy<\/b> representan una forma moderna de dispensaci\u00f3n <b>Concentrados de cannabis<\/b>. <b>Usted<\/b> ofrecer un <b>Dosificaci\u00f3n estandarizada y precisa<\/b> de 500 mg de principio activo por cartucho. <b>Por lo tanto<\/b> estos productos son especialmente relevantes para fines de investigaci\u00f3n, ya que permiten un control preciso de la cantidad de principio activo.<\/p>\n<p>Este art\u00edculo ofrece una <b>An\u00e1lisis detallado<\/b> las caracter\u00edsticas y ventajas de las c\u00e1psulas de concentrado. <b>En el proceso<\/b> nos centramos en la composici\u00f3n qu\u00edmica, el control de la dosificaci\u00f3n y la tecnolog\u00eda de vaporizaci\u00f3n en un contexto cient\u00edfico.<\/p>\n<h2><b>Caracter\u00edsticas tecnol\u00f3gicas y estructura de las c\u00e1psulas<\/b><\/h2>\n<p><b>Vainas Stiiizy<\/b> est\u00e1n dise\u00f1adas para su uso con bater\u00edas de vaporizadores compatibles. <b>Su<\/b> El m\u00e9todo de construcci\u00f3n est\u00e1 dise\u00f1ado para <b>Vaporizaci\u00f3n uniforme y eficaz<\/b> para garantizar que.<\/p>\n<h2><b>Control de la dosificaci\u00f3n mediante la normalizaci\u00f3n<\/b><\/h2>\n<p>La principal caracter\u00edstica de estas vainas es la <b>Dosis precisa de 500 mg de concentrado de THC<\/b>. <b>En consecuencia<\/b> el contenido se comprueba con precisi\u00f3n.<\/p>\n<ul>\n<li><b>Coherencia:<\/b> Como el concentrado es l\u00edquido, la concentraci\u00f3n por calada (o dosis) puede determinarse con mayor precisi\u00f3n en el entorno de investigaci\u00f3n que con material vegetal suelto.<\/li>\n<li><b>F\u00e1cil de usar:<\/b> <b>En<\/b> Las c\u00e1psulas permiten una aplicaci\u00f3n r\u00e1pida y sencilla introduci\u00e9ndolas directamente en el dispositivo. <b>As\u00ed,<\/b> la preparaci\u00f3n se reduce al m\u00ednimo.<\/li>\n<li><b>Vaporizaci\u00f3n limpia:<\/b> <b>Vainas de alta calidad<\/b> utilizan elementos calefactores cer\u00e1micos. <b>Estos<\/b> garantizar un calentamiento uniforme del concentrado. <b>Por lo tanto<\/b> se evita la formaci\u00f3n de productos de combusti\u00f3n nocivos.<\/li>\n<\/ul>\n<h2><b>Ingredientes del concentrado<\/b><\/h2>\n<p>El concentrado de la vaina es un extracto de la variedad \u201ePremium Jack\u201c. <b>En<\/b> es rico en cannabinoides y terpenos. <b>Lo importante<\/b>, que los concentrados suelen purificarse para conseguir un alto contenido de THC.<\/p>\n<p><b>Aroma, sabor e importancia de los terpenos<\/b><\/p>\n<p>Las vainas PREMIUM JACK utilizan el perfil qu\u00edmico de la variedad Jack Herer (uno de los padres de \u201ePremium Jack\u201c). <b>En<\/b> El concentrado se aromatiza mediante la adici\u00f3n de terpenos.<\/p>\n<h3><b>Perfil sensorial<\/b><\/h3>\n<p>El sabor de las vainas se describe como <a href=\"http:\/\/18.116.49.136\/product\/kaufen-sie-afghanisches-heroin\/\"><b>afrutado-dulce<\/b><\/a> y <b>cremoso<\/b> descrito. <b>Este<\/b> Perfil de sabor resultante de:<\/p>\n<ol start=\"1\">\n<li><b>Notas dulces:<\/b> <b>Estos<\/b> suelen proceder de terpenos como el limoneno o el beta-cariofileno.<\/li>\n<li><b>Base cremosa:<\/b> La textura del vapor contribuye a una experiencia suave y con cuerpo.<\/li>\n<\/ol>\n<h2><b>La importancia de los terpenos<\/b><\/h2>\n<p><b>Recto<\/b> Los terpenos a\u00f1adidos desempe\u00f1an un papel decisivo en los concentrados. <b>Usted<\/b> no s\u00f3lo influyen en el sabor, sino que tambi\u00e9n pueden modular el efecto (efecto s\u00e9quito). <b>Por lo tanto<\/b> el an\u00e1lisis qu\u00edmico exacto de los aditivos terp\u00e9nicos es esencial para la investigaci\u00f3n.<\/p>\n<p><b>An\u00e1lisis de impacto y uso en el contexto de la investigaci\u00f3n<\/b><\/p>\n<p>El efecto de los PREMIUM JACK Pods es muy elevado debido a la <b>alto contenido de THC concentrado<\/b> como <b>Potente y claro<\/b> descrito.<\/p>\n<h2><b>Efectos t\u00edpicos<\/b><\/h2>\n<p>Los informes indican los siguientes patrones de efectos caracter\u00edsticos:<\/p>\n<ul>\n<li><b>Claridad cerebral:<\/b> <b>En<\/b> La gen\u00e9tica Jack Herer garantiza un efecto concentrado, euf\u00f3rico y a menudo creativo.<\/li>\n<li><b>Relajaci\u00f3n:<\/b> <b>Al mismo tiempo<\/b> el efecto puede contribuir a la relajaci\u00f3n. <b>Usted<\/b> a menudo se describe como un alivio del estr\u00e9s.<\/li>\n<li><b>De larga duraci\u00f3n:<\/b> La vaporizaci\u00f3n precisa y controlada del concentrado puede dar lugar a una <b>efecto duradero<\/b> plomo.<\/li>\n<\/ul>\n<h3><b>Potencial de investigaci\u00f3n<\/b><\/h3>\n<p>Gracias a su capacidad de dosificaci\u00f3n precisa, las c\u00e1psulas resultan interesantes para las siguientes \u00e1reas de investigaci\u00f3n:<\/p>\n<ul>\n<li><b>Farmacocin\u00e9tica:<\/b> <b>Se podr\u00eda<\/b> investigar la captaci\u00f3n y el metabolismo del THC altamente concentrado en los pulmones.<\/li>\n<li><b>Estudios comparativos:<\/b> <b>Usted<\/b> puede servir como mecanismo normalizado de dosificaci\u00f3n del THC. <b>En el proceso<\/b> los efectos se comparan con los del tabaquismo o el consumo oral.<\/li>\n<li><b>Efectos de la dosificaci\u00f3n:<\/b> Las c\u00e1psulas permiten analizar la reacci\u00f3n del organismo a cantidades muy precisas de THC.<\/li>\n<\/ul>","protected":false},"excerpt":{"rendered":"<p data-start=\"2283\" data-end=\"2406\">C\u00e1psulas Stiiizy PREMIUM JACK 500mg - compactas, afrutadas y probadas en laboratorio. THC de alta calidad para disfrutar sobre la marcha o en casa.<\/p>","protected":false},"featured_media":8768,"comment_status":"open","ping_status":"closed","template":"","meta":{"_joinchat":[]},"product_brand":[],"product_cat":[62],"product_tag":[],"class_list":{"0":"post-8892","1":"product","2":"type-product","3":"status-publish","4":"has-post-thumbnail","6":"product_cat-marijuana","8":"first","9":"instock","10":"shipping-taxable","11":"purchasable","12":"product-type-variable"},"yoast_head":"<!-- This site is optimized with the Yoast SEO plugin v27.5 - https:\/\/yoast.com\/product\/yoast-seo-wordpress\/ -->\n<title>Stiiizy PREMIUM JACK 500mg Pods online kaufen<\/title>\n<meta name=\"description\" content=\"Stiiizy PREMIUM JACK 500mg Pods kaufen \u2013 fruchtig, stark und laborgepr\u00fcft. Diskreter Versand in Deutschland &amp; EU f\u00fcr intensives Dampferlebnis.\" \/>\n<meta name=\"robots\" content=\"index, follow, max-snippet:-1, max-image-preview:large, max-video-preview:-1\" \/>\n<link rel=\"canonical\" href=\"https:\/\/chemgramx.com\/es\/producto-1\/stiiizy-premium-jack-500-mg-capsulas\/\" \/>\n<meta property=\"og:locale\" content=\"es_ES\" \/>\n<meta property=\"og:type\" content=\"article\" \/>\n<meta property=\"og:title\" content=\"Stiiizy PREMIUM JACK 500mg Pods online kaufen\" \/>\n<meta property=\"og:description\" content=\"Stiiizy PREMIUM JACK 500mg Pods kaufen \u2013 fruchtig, stark und laborgepr\u00fcft. Diskreter Versand in Deutschland &amp; EU f\u00fcr intensives Dampferlebnis.\" \/>\n<meta property=\"og:url\" content=\"https:\/\/chemgramx.com\/es\/producto-1\/stiiizy-premium-jack-500-mg-capsulas\/\" \/>\n<meta property=\"og:site_name\" content=\"Chemgramx\" \/>\n<meta property=\"article:modified_time\" content=\"2025-12-11T10:57:03+00:00\" \/>\n<meta property=\"og:image\" content=\"https:\/\/chemgramx.com\/wp-content\/uploads\/2025\/12\/stiiizy-premium-jack-500mg-pods.jpg\" \/>\n\t<meta property=\"og:image:width\" content=\"800\" \/>\n\t<meta property=\"og:image:height\" content=\"800\" \/>\n\t<meta property=\"og:image:type\" content=\"image\/jpeg\" \/>\n<meta name=\"twitter:card\" content=\"summary_large_image\" \/>\n<meta name=\"twitter:label1\" content=\"Tiempo de lectura\" \/>\n\t<meta name=\"twitter:data1\" content=\"3 minutos\" \/>\n<script type=\"application\/ld+json\" class=\"yoast-schema-graph\">{\"@context\":\"https:\\\/\\\/schema.org\",\"@graph\":[{\"@type\":\"WebPage\",\"@id\":\"https:\\\/\\\/chemgramx.com\\\/product\\\/stiiizy-premium-jack-500mg-pods\\\/\",\"url\":\"https:\\\/\\\/chemgramx.com\\\/product\\\/stiiizy-premium-jack-500mg-pods\\\/\",\"name\":\"Stiiizy PREMIUM JACK 500mg Pods online kaufen\",\"isPartOf\":{\"@id\":\"https:\\\/\\\/chemgramx.com\\\/#website\"},\"primaryImageOfPage\":{\"@id\":\"https:\\\/\\\/chemgramx.com\\\/product\\\/stiiizy-premium-jack-500mg-pods\\\/#primaryimage\"},\"image\":{\"@id\":\"https:\\\/\\\/chemgramx.com\\\/product\\\/stiiizy-premium-jack-500mg-pods\\\/#primaryimage\"},\"thumbnailUrl\":\"https:\\\/\\\/chemgramx.com\\\/wp-content\\\/uploads\\\/2025\\\/12\\\/stiiizy-premium-jack-500mg-pods.jpg\",\"datePublished\":\"2025-12-11T10:56:34+00:00\",\"dateModified\":\"2025-12-11T10:57:03+00:00\",\"description\":\"Stiiizy PREMIUM JACK 500mg Pods kaufen \u2013 fruchtig, stark und laborgepr\u00fcft. Diskreter Versand in Deutschland &amp; EU f\u00fcr intensives Dampferlebnis.\",\"breadcrumb\":{\"@id\":\"https:\\\/\\\/chemgramx.com\\\/product\\\/stiiizy-premium-jack-500mg-pods\\\/#breadcrumb\"},\"inLanguage\":\"es\",\"potentialAction\":[{\"@type\":\"ReadAction\",\"target\":[\"https:\\\/\\\/chemgramx.com\\\/product\\\/stiiizy-premium-jack-500mg-pods\\\/\"]}]},{\"@type\":\"ImageObject\",\"inLanguage\":\"es\",\"@id\":\"https:\\\/\\\/chemgramx.com\\\/product\\\/stiiizy-premium-jack-500mg-pods\\\/#primaryimage\",\"url\":\"https:\\\/\\\/chemgramx.com\\\/wp-content\\\/uploads\\\/2025\\\/12\\\/stiiizy-premium-jack-500mg-pods.jpg\",\"contentUrl\":\"https:\\\/\\\/chemgramx.com\\\/wp-content\\\/uploads\\\/2025\\\/12\\\/stiiizy-premium-jack-500mg-pods.jpg\",\"width\":800,\"height\":800},{\"@type\":\"BreadcrumbList\",\"@id\":\"https:\\\/\\\/chemgramx.com\\\/product\\\/stiiizy-premium-jack-500mg-pods\\\/#breadcrumb\",\"itemListElement\":[{\"@type\":\"ListItem\",\"position\":1,\"name\":\"Home\",\"item\":\"https:\\\/\\\/chemgramx.com\\\/\"},{\"@type\":\"ListItem\",\"position\":2,\"name\":\"Shop\",\"item\":\"https:\\\/\\\/chemgramx.com\\\/shop\\\/\"},{\"@type\":\"ListItem\",\"position\":3,\"name\":\"Stiiizy PREMIUM JACK 500mg Pods\"}]},{\"@type\":\"WebSite\",\"@id\":\"https:\\\/\\\/chemgramx.com\\\/#website\",\"url\":\"https:\\\/\\\/chemgramx.com\\\/\",\"name\":\"Chemgramx\",\"description\":\"\",\"publisher\":{\"@id\":\"https:\\\/\\\/chemgramx.com\\\/#organization\"},\"potentialAction\":[{\"@type\":\"SearchAction\",\"target\":{\"@type\":\"EntryPoint\",\"urlTemplate\":\"https:\\\/\\\/chemgramx.com\\\/?s={search_term_string}\"},\"query-input\":{\"@type\":\"PropertyValueSpecification\",\"valueRequired\":true,\"valueName\":\"search_term_string\"}}],\"inLanguage\":\"es\"},{\"@type\":\"Organization\",\"@id\":\"https:\\\/\\\/chemgramx.com\\\/#organization\",\"name\":\"Chemgramx\",\"url\":\"https:\\\/\\\/chemgramx.com\\\/\",\"logo\":{\"@type\":\"ImageObject\",\"inLanguage\":\"es\",\"@id\":\"https:\\\/\\\/chemgramx.com\\\/#\\\/schema\\\/logo\\\/image\\\/\",\"url\":\"https:\\\/\\\/chemgramx.com\\\/wp-content\\\/uploads\\\/2024\\\/10\\\/final-logo.png\",\"contentUrl\":\"https:\\\/\\\/chemgramx.com\\\/wp-content\\\/uploads\\\/2024\\\/10\\\/final-logo.png\",\"width\":250,\"height\":48,\"caption\":\"Chemgramx\"},\"image\":{\"@id\":\"https:\\\/\\\/chemgramx.com\\\/#\\\/schema\\\/logo\\\/image\\\/\"}}]}<\/script>\n<!-- \/ Yoast SEO plugin. -->","yoast_head_json":{"title":"Comprar Stiiizy PREMIUM JACK 500mg c\u00e1psulas online","description":"Comprar Stiiizy PREMIUM JACK 500mg vainas - afrutado, fuerte y probado en laboratorio. Env\u00edo discreto en Alemania y la UE para una experiencia de vapeo intensa.","robots":{"index":"index","follow":"follow","max-snippet":"max-snippet:-1","max-image-preview":"max-image-preview:large","max-video-preview":"max-video-preview:-1"},"canonical":"https:\/\/chemgramx.com\/es\/producto-1\/stiiizy-premium-jack-500-mg-capsulas\/","og_locale":"es_ES","og_type":"article","og_title":"Stiiizy PREMIUM JACK 500mg Pods online kaufen","og_description":"Stiiizy PREMIUM JACK 500mg Pods kaufen \u2013 fruchtig, stark und laborgepr\u00fcft. Diskreter Versand in Deutschland &amp; EU f\u00fcr intensives Dampferlebnis.","og_url":"https:\/\/chemgramx.com\/es\/producto-1\/stiiizy-premium-jack-500-mg-capsulas\/","og_site_name":"Chemgramx","article_modified_time":"2025-12-11T10:57:03+00:00","og_image":[{"width":800,"height":800,"url":"https:\/\/chemgramx.com\/wp-content\/uploads\/2025\/12\/stiiizy-premium-jack-500mg-pods.jpg","type":"image\/jpeg"}],"twitter_card":"summary_large_image","twitter_misc":{"Tiempo de lectura":"3 minutos"},"schema":{"@context":"https:\/\/schema.org","@graph":[{"@type":"WebPage","@id":"https:\/\/chemgramx.com\/product\/stiiizy-premium-jack-500mg-pods\/","url":"https:\/\/chemgramx.com\/product\/stiiizy-premium-jack-500mg-pods\/","name":"Comprar Stiiizy PREMIUM JACK 500mg c\u00e1psulas online","isPartOf":{"@id":"https:\/\/chemgramx.com\/#website"},"primaryImageOfPage":{"@id":"https:\/\/chemgramx.com\/product\/stiiizy-premium-jack-500mg-pods\/#primaryimage"},"image":{"@id":"https:\/\/chemgramx.com\/product\/stiiizy-premium-jack-500mg-pods\/#primaryimage"},"thumbnailUrl":"https:\/\/chemgramx.com\/wp-content\/uploads\/2025\/12\/stiiizy-premium-jack-500mg-pods.jpg","datePublished":"2025-12-11T10:56:34+00:00","dateModified":"2025-12-11T10:57:03+00:00","description":"Comprar Stiiizy PREMIUM JACK 500mg vainas - afrutado, fuerte y probado en laboratorio. Env\u00edo discreto en Alemania y la UE para una experiencia de vapeo intensa.","breadcrumb":{"@id":"https:\/\/chemgramx.com\/product\/stiiizy-premium-jack-500mg-pods\/#breadcrumb"},"inLanguage":"es","potentialAction":[{"@type":"ReadAction","target":["https:\/\/chemgramx.com\/product\/stiiizy-premium-jack-500mg-pods\/"]}]},{"@type":"ImageObject","inLanguage":"es","@id":"https:\/\/chemgramx.com\/product\/stiiizy-premium-jack-500mg-pods\/#primaryimage","url":"https:\/\/chemgramx.com\/wp-content\/uploads\/2025\/12\/stiiizy-premium-jack-500mg-pods.jpg","contentUrl":"https:\/\/chemgramx.com\/wp-content\/uploads\/2025\/12\/stiiizy-premium-jack-500mg-pods.jpg","width":800,"height":800},{"@type":"BreadcrumbList","@id":"https:\/\/chemgramx.com\/product\/stiiizy-premium-jack-500mg-pods\/#breadcrumb","itemListElement":[{"@type":"ListItem","position":1,"name":"Home","item":"https:\/\/chemgramx.com\/"},{"@type":"ListItem","position":2,"name":"Shop","item":"https:\/\/chemgramx.com\/shop\/"},{"@type":"ListItem","position":3,"name":"Stiiizy PREMIUM JACK 500mg Pods"}]},{"@type":"WebSite","@id":"https:\/\/chemgramx.com\/#website","url":"https:\/\/chemgramx.com\/","name":"Chemgramx","description":"","publisher":{"@id":"https:\/\/chemgramx.com\/#organization"},"potentialAction":[{"@type":"SearchAction","target":{"@type":"EntryPoint","urlTemplate":"https:\/\/chemgramx.com\/?s={search_term_string}"},"query-input":{"@type":"PropertyValueSpecification","valueRequired":true,"valueName":"search_term_string"}}],"inLanguage":"es"},{"@type":"Organization","@id":"https:\/\/chemgramx.com\/#organization","name":"Chemgramx","url":"https:\/\/chemgramx.com\/","logo":{"@type":"ImageObject","inLanguage":"es","@id":"https:\/\/chemgramx.com\/#\/schema\/logo\/image\/","url":"https:\/\/chemgramx.com\/wp-content\/uploads\/2024\/10\/final-logo.png","contentUrl":"https:\/\/chemgramx.com\/wp-content\/uploads\/2024\/10\/final-logo.png","width":250,"height":48,"caption":"Chemgramx"},"image":{"@id":"https:\/\/chemgramx.com\/#\/schema\/logo\/image\/"}}]}},"_links":{"self":[{"href":"https:\/\/chemgramx.com\/es\/wp-json\/wp\/v2\/product\/8892","targetHints":{"allow":["GET"]}}],"collection":[{"href":"https:\/\/chemgramx.com\/es\/wp-json\/wp\/v2\/product"}],"about":[{"href":"https:\/\/chemgramx.com\/es\/wp-json\/wp\/v2\/types\/product"}],"replies":[{"embeddable":true,"href":"https:\/\/chemgramx.com\/es\/wp-json\/wp\/v2\/comments?post=8892"}],"wp:featuredmedia":[{"embeddable":true,"href":"https:\/\/chemgramx.com\/es\/wp-json\/wp\/v2\/media\/8768"}],"wp:attachment":[{"href":"https:\/\/chemgramx.com\/es\/wp-json\/wp\/v2\/media?parent=8892"}],"wp:term":[{"taxonomy":"product_brand","embeddable":true,"href":"https:\/\/chemgramx.com\/es\/wp-json\/wp\/v2\/product_brand?post=8892"},{"taxonomy":"product_cat","embeddable":true,"href":"https:\/\/chemgramx.com\/es\/wp-json\/wp\/v2\/product_cat?post=8892"},{"taxonomy":"product_tag","embeddable":true,"href":"https:\/\/chemgramx.com\/es\/wp-json\/wp\/v2\/product_tag?post=8892"}],"curies":[{"name":"wp","href":"https:\/\/api.w.org\/{rel}","templated":true}]}}