{"id":8894,"date":"2025-12-11T10:56:37","date_gmt":"2025-12-11T10:56:37","guid":{"rendered":"https:\/\/chemgramx.com\/?post_type=product&#038;p=8894"},"modified":"2025-12-11T10:57:03","modified_gmt":"2025-12-11T10:57:03","slug":"sweet-island-skunk-16-25-thc","status":"publish","type":"product","link":"https:\/\/chemgramx.com\/es\/product\/sweet-island-skunk-16-25-thc\/","title":{"rendered":"Sweet Island Skunk 16% - 25% THC"},"content":{"rendered":"<p><b>Sweet Island Skunk<\/b> es una variedad de cannabis sativa dominante que ha sido reconocida en la investigaci\u00f3n bot\u00e1nica por su <b>sabor afrutado<\/b> y t\u00fa <b>Perfil claro y estimulante<\/b> se agradece. <b>Usted<\/b> ofrece un contenido de THC entre <b>16 % y 25 %<\/b> un espectro interesante para la investigaci\u00f3n de los efectos sativa. <b>En consecuencia<\/b> se considera una cepa de primera calidad para analizar la claridad mental y la euforia.<\/p>\n<p>Este art\u00edculo ofrece una <b>An\u00e1lisis detallado<\/b> el parentesco gen\u00e9tico, el perfil qu\u00edmico y las caracter\u00edsticas bot\u00e1nicas de Sweet Island Skunk. <b>En el proceso<\/b> siempre insistimos en la necesidad de cumplir estrictas normas de calidad y legales en el trabajo cient\u00edfico.<\/p>\n<h2><b>Ascendencia gen\u00e9tica y clasificaci\u00f3n<\/b><\/h2>\n<p>Sweet Island Skunk fue creada con el objetivo de combinar el popular sabor de la Skunk con la dulzura tropical. <b>Por lo tanto<\/b> El resultado es un h\u00edbrido que combina las mejores caracter\u00edsticas de ambos mundos.<\/p>\n<h3 class=\"animating\"><b>El origen de los genes<\/b><\/h3>\n<p>Sweet Island Skunk tiene su origen en el cruce de:<\/p>\n<ul>\n<li><b>Island Sweet Skunk:<\/b> <b>Estos<\/b> variedad es conocida por su <b>dulce, afrutado<\/b> Notas. <b>Adem\u00e1s<\/b> proporciona un claro efecto sativa.<\/li>\n<li><b>Variedades cl\u00e1sicas de skunk:<\/b> <b>Estos<\/b> base gen\u00e9tica proporciona la <b>h\u00e1bito de crecimiento robusto<\/b> y el caracter\u00edstico sabor terroso a skunk.<\/li>\n<\/ul>\n<p><b>En resumen:<\/b> El resultado es un <b>H\u00edbrido Sativa estable y rico en resina<\/b>. <b>\u00c9l<\/b> produce flores densas y es especialmente popular entre los amantes de las sativas en investigaci\u00f3n.<\/p>\n<h3><b>Contenido de THC y potencia<\/b><\/h3>\n<p>Con una potencia de 16 % a 25 % THC, Sweet Island Skunk pertenece al grupo de las <b><a href=\"\/product\/lsd-kaufen\/\">fuerza media<\/a> a fuertes h\u00edbridos sativa<\/b>. <b>De ello se desprende<\/b>, que se utilizaron para estudios sobre el efecto del THC en la <b>Creatividad y concentraci\u00f3n<\/b> es de gran inter\u00e9s.<\/p>\n<h2><b>Perfil sensorial y base qu\u00edmica<\/b><\/h2>\n<p>El sabor es un factor clave en la popularidad de Sweet Island Skunk. <b>En<\/b> es una compleja mezcla de dulzura tropical y un toque terroso de skunk.<\/p>\n<h3><b>Componentes arom\u00e1ticos y de sabor<\/b><\/h3>\n<p>El perfil olfativo es afrutado, tropical e intenso:<\/p>\n<ol start=\"1\">\n<li><b>Notas dulces y afrutadas:<\/b> La fragancia es una rica mezcla de <b>frutas tropicales<\/b> y un dulzor pronunciado.<\/li>\n<li><b>Un toque de mofeta:<\/b> <b>Una nota<\/b> un sutil pero caracter\u00edstico <b>terroso y picante toque de skunk<\/b>. <b>Este<\/b> a\u00f1ade complejidad y profundidad al sabor.<\/li>\n<li><b>Sabor agradable:<\/b> <b>El sabor<\/b> es corpulento y agradablemente afrutado cuando se consume. <b>Este<\/b> lo hace ideal para los entendidos.<\/li>\n<\/ol>\n<h3><b>Terpenos y sinergia de acci\u00f3n<\/b><\/h3>\n<p>El perfil afrutado y vigorizante indica una concentraci\u00f3n de los siguientes terpenos:<\/p>\n<ul>\n<li><b>Mirceno:<\/b> <b>Este terpeno<\/b> contribuye a las notas dulces y afrutadas. <b>Aunque<\/b> a menudo se asocia con la sedaci\u00f3n, la alta potencia sativa evita una fuerte sedaci\u00f3n.<\/li>\n<li><b>Limas:<\/b> Aporta las notas c\u00edtricas y tropicales. <b>Este terpeno<\/b> se reconoce por su potencial <b>para levantar el \u00e1nimo<\/b> y propiedades euforizantes.<\/li>\n<li><b>Pineno:<\/b> <b>En<\/b> aporta acentos frescos y a pino. <b>De modo que<\/b> contribuye a la claridad mental y a la concentraci\u00f3n.<\/li>\n<\/ul>\n<h2><b>Perfil de impacto y potencial de investigaci\u00f3n<\/b><\/h2>\n<p>Sweet Island Skunk es reconocida por su <b>vigorizante, euf\u00f3rico<\/b> y <b>Efecto potenciador de la creatividad<\/b> estimado. <b>Este efecto<\/b> es t\u00edpico de las variedades con sativa dominante.<\/p>\n<h2><b>Efectos t\u00edpicos<\/b><\/h2>\n<p>Los informes indican los siguientes patrones de efectos caracter\u00edsticos:<\/p>\n<ul>\n<li><b>Claridad mental y concentraci\u00f3n:<\/b> <b>La dominancia sativa<\/b> garantiza un efecto claro y motivador. <b>Por lo tanto<\/b> es muy adecuado para el trabajo concentrado.<\/li>\n<li><b>Energ\u00eda creativa:<\/b> <b>Usuarios<\/b> informan de un aumento en la generaci\u00f3n de ideas. <b>Este<\/b> los hace ideales para actividades art\u00edsticas.<\/li>\n<li><b>Euforia:<\/b> <b>El efecto<\/b> se considera duradera y <b>euf\u00f3rico<\/b> sin desarrollar un fuerte efecto \u00edndica.<\/li>\n<\/ul>\n<h2><b>Potencial de investigaci\u00f3n<\/b><\/h2>\n<p>El efecto vigorizante y claro hace que Sweet Island Skunk sea interesante para la investigaci\u00f3n en las siguientes \u00e1reas:<\/p>\n<ul>\n<li><b>Mayor atenci\u00f3n:<\/b> <b>Se podr\u00eda<\/b> investigar en qu\u00e9 medida la variedad puede influir positivamente en la concentraci\u00f3n y la productividad.<\/li>\n<li><b>Mejora el estado de \u00e1nimo:<\/b> <b>El perfil euf\u00f3rico<\/b> es de inter\u00e9s para los estudios sobre el tratamiento de la depresi\u00f3n o el bajo estado de \u00e1nimo.<\/li>\n<\/ul>\n<h2><b>Requisitos bot\u00e1nicos y garant\u00eda de calidad<\/b><\/h2>\n<p>Sweet Island Skunk es una variedad robusta y rica en resina. <b>Usted<\/b> es apreciada por su intenso sabor y sus densas flores.<\/p>\n<ul>\n<li><b>Caracter\u00edsticas florales:<\/b> Los brotes son <b>denso<\/b> y tienen una fuerte producci\u00f3n de resina. <b>Este<\/b> destaca su gran calidad y potencia.<\/li>\n<li><b>Control de calidad:<\/b> Por la integridad de las muestras de la investigaci\u00f3n <b>Valores de THC analizados en laboratorio<\/b> y la ausencia de contaminantes. <b>As\u00ed<\/b> se puede garantizar una eficacia estable.<\/li>\n<\/ul>","protected":false},"excerpt":{"rendered":"<p data-start=\"2661\" data-end=\"2790\">Sweet Island Skunk - H\u00edbrido sativa con 16-25 % THC. Sabor afrutado, subid\u00f3n vigorizante y calidad premium para momentos creativos.<\/p>","protected":false},"featured_media":8770,"comment_status":"open","ping_status":"closed","template":"","meta":{"_joinchat":[]},"product_brand":[],"product_cat":[62],"product_tag":[],"class_list":{"0":"post-8894","1":"product","2":"type-product","3":"status-publish","4":"has-post-thumbnail","6":"product_cat-marijuana","8":"first","9":"instock","10":"shipping-taxable","11":"purchasable","12":"product-type-variable"},"yoast_head":"<!-- This site is optimized with the Yoast SEO plugin v27.5 - https:\/\/yoast.com\/product\/yoast-seo-wordpress\/ -->\n<title>Sweet Island Skunk kaufen | 16\u201325% THC Sativa<\/title>\n<meta name=\"description\" content=\"Sweet Island Skunk online kaufen \u2013 16\u201325 % THC, fruchtiges Aroma, belebendes High. Premium-Sativa mit diskretem Versand in Deutschland &amp; EU.\" \/>\n<meta name=\"robots\" content=\"index, follow, max-snippet:-1, max-image-preview:large, max-video-preview:-1\" \/>\n<link rel=\"canonical\" href=\"https:\/\/chemgramx.com\/es\/producto-1\/sweet-island-skunk-16-25-thc\/\" \/>\n<meta property=\"og:locale\" content=\"es_ES\" \/>\n<meta property=\"og:type\" content=\"article\" \/>\n<meta property=\"og:title\" content=\"Sweet Island Skunk kaufen | 16\u201325% THC Sativa\" \/>\n<meta property=\"og:description\" content=\"Sweet Island Skunk online kaufen \u2013 16\u201325 % THC, fruchtiges Aroma, belebendes High. Premium-Sativa mit diskretem Versand in Deutschland &amp; EU.\" \/>\n<meta property=\"og:url\" content=\"https:\/\/chemgramx.com\/es\/producto-1\/sweet-island-skunk-16-25-thc\/\" \/>\n<meta property=\"og:site_name\" content=\"Chemgramx\" \/>\n<meta property=\"article:modified_time\" content=\"2025-12-11T10:57:03+00:00\" \/>\n<meta property=\"og:image\" content=\"https:\/\/chemgramx.com\/wp-content\/uploads\/2025\/12\/sweet-island-skunk-16-25-thc.jpg\" \/>\n\t<meta property=\"og:image:width\" content=\"800\" \/>\n\t<meta property=\"og:image:height\" content=\"800\" \/>\n\t<meta property=\"og:image:type\" content=\"image\/jpeg\" \/>\n<meta name=\"twitter:card\" content=\"summary_large_image\" \/>\n<meta name=\"twitter:label1\" content=\"Tiempo de lectura\" \/>\n\t<meta name=\"twitter:data1\" content=\"3 minutos\" \/>\n<script type=\"application\/ld+json\" class=\"yoast-schema-graph\">{\"@context\":\"https:\\\/\\\/schema.org\",\"@graph\":[{\"@type\":\"WebPage\",\"@id\":\"https:\\\/\\\/chemgramx.com\\\/product\\\/sweet-island-skunk-16-25-thc\\\/\",\"url\":\"https:\\\/\\\/chemgramx.com\\\/product\\\/sweet-island-skunk-16-25-thc\\\/\",\"name\":\"Sweet Island Skunk kaufen | 16\u201325% THC Sativa\",\"isPartOf\":{\"@id\":\"https:\\\/\\\/chemgramx.com\\\/#website\"},\"primaryImageOfPage\":{\"@id\":\"https:\\\/\\\/chemgramx.com\\\/product\\\/sweet-island-skunk-16-25-thc\\\/#primaryimage\"},\"image\":{\"@id\":\"https:\\\/\\\/chemgramx.com\\\/product\\\/sweet-island-skunk-16-25-thc\\\/#primaryimage\"},\"thumbnailUrl\":\"https:\\\/\\\/chemgramx.com\\\/wp-content\\\/uploads\\\/2025\\\/12\\\/sweet-island-skunk-16-25-thc.jpg\",\"datePublished\":\"2025-12-11T10:56:37+00:00\",\"dateModified\":\"2025-12-11T10:57:03+00:00\",\"description\":\"Sweet Island Skunk online kaufen \u2013 16\u201325 % THC, fruchtiges Aroma, belebendes High. Premium-Sativa mit diskretem Versand in Deutschland &amp; EU.\",\"breadcrumb\":{\"@id\":\"https:\\\/\\\/chemgramx.com\\\/product\\\/sweet-island-skunk-16-25-thc\\\/#breadcrumb\"},\"inLanguage\":\"es\",\"potentialAction\":[{\"@type\":\"ReadAction\",\"target\":[\"https:\\\/\\\/chemgramx.com\\\/product\\\/sweet-island-skunk-16-25-thc\\\/\"]}]},{\"@type\":\"ImageObject\",\"inLanguage\":\"es\",\"@id\":\"https:\\\/\\\/chemgramx.com\\\/product\\\/sweet-island-skunk-16-25-thc\\\/#primaryimage\",\"url\":\"https:\\\/\\\/chemgramx.com\\\/wp-content\\\/uploads\\\/2025\\\/12\\\/sweet-island-skunk-16-25-thc.jpg\",\"contentUrl\":\"https:\\\/\\\/chemgramx.com\\\/wp-content\\\/uploads\\\/2025\\\/12\\\/sweet-island-skunk-16-25-thc.jpg\",\"width\":800,\"height\":800},{\"@type\":\"BreadcrumbList\",\"@id\":\"https:\\\/\\\/chemgramx.com\\\/product\\\/sweet-island-skunk-16-25-thc\\\/#breadcrumb\",\"itemListElement\":[{\"@type\":\"ListItem\",\"position\":1,\"name\":\"Home\",\"item\":\"https:\\\/\\\/chemgramx.com\\\/\"},{\"@type\":\"ListItem\",\"position\":2,\"name\":\"Shop\",\"item\":\"https:\\\/\\\/chemgramx.com\\\/shop\\\/\"},{\"@type\":\"ListItem\",\"position\":3,\"name\":\"Sweet Island Skunk 16% &#8211; 25% THC\"}]},{\"@type\":\"WebSite\",\"@id\":\"https:\\\/\\\/chemgramx.com\\\/#website\",\"url\":\"https:\\\/\\\/chemgramx.com\\\/\",\"name\":\"Chemgramx\",\"description\":\"\",\"publisher\":{\"@id\":\"https:\\\/\\\/chemgramx.com\\\/#organization\"},\"potentialAction\":[{\"@type\":\"SearchAction\",\"target\":{\"@type\":\"EntryPoint\",\"urlTemplate\":\"https:\\\/\\\/chemgramx.com\\\/?s={search_term_string}\"},\"query-input\":{\"@type\":\"PropertyValueSpecification\",\"valueRequired\":true,\"valueName\":\"search_term_string\"}}],\"inLanguage\":\"es\"},{\"@type\":\"Organization\",\"@id\":\"https:\\\/\\\/chemgramx.com\\\/#organization\",\"name\":\"Chemgramx\",\"url\":\"https:\\\/\\\/chemgramx.com\\\/\",\"logo\":{\"@type\":\"ImageObject\",\"inLanguage\":\"es\",\"@id\":\"https:\\\/\\\/chemgramx.com\\\/#\\\/schema\\\/logo\\\/image\\\/\",\"url\":\"https:\\\/\\\/chemgramx.com\\\/wp-content\\\/uploads\\\/2024\\\/10\\\/final-logo.png\",\"contentUrl\":\"https:\\\/\\\/chemgramx.com\\\/wp-content\\\/uploads\\\/2024\\\/10\\\/final-logo.png\",\"width\":250,\"height\":48,\"caption\":\"Chemgramx\"},\"image\":{\"@id\":\"https:\\\/\\\/chemgramx.com\\\/#\\\/schema\\\/logo\\\/image\\\/\"}}]}<\/script>\n<!-- \/ Yoast SEO plugin. -->","yoast_head_json":{"title":"Comprar Sweet Island Skunk | 16-25% THC Sativa","description":"Comprar Sweet Island Skunk online - 16-25 % THC, sabor afrutado, colocon vigorizante. Sativa premium con env\u00edo discreto en Alemania y UE.","robots":{"index":"index","follow":"follow","max-snippet":"max-snippet:-1","max-image-preview":"max-image-preview:large","max-video-preview":"max-video-preview:-1"},"canonical":"https:\/\/chemgramx.com\/es\/producto-1\/sweet-island-skunk-16-25-thc\/","og_locale":"es_ES","og_type":"article","og_title":"Sweet Island Skunk kaufen | 16\u201325% THC Sativa","og_description":"Sweet Island Skunk online kaufen \u2013 16\u201325 % THC, fruchtiges Aroma, belebendes High. Premium-Sativa mit diskretem Versand in Deutschland &amp; EU.","og_url":"https:\/\/chemgramx.com\/es\/producto-1\/sweet-island-skunk-16-25-thc\/","og_site_name":"Chemgramx","article_modified_time":"2025-12-11T10:57:03+00:00","og_image":[{"width":800,"height":800,"url":"https:\/\/chemgramx.com\/wp-content\/uploads\/2025\/12\/sweet-island-skunk-16-25-thc.jpg","type":"image\/jpeg"}],"twitter_card":"summary_large_image","twitter_misc":{"Tiempo de lectura":"3 minutos"},"schema":{"@context":"https:\/\/schema.org","@graph":[{"@type":"WebPage","@id":"https:\/\/chemgramx.com\/product\/sweet-island-skunk-16-25-thc\/","url":"https:\/\/chemgramx.com\/product\/sweet-island-skunk-16-25-thc\/","name":"Comprar Sweet Island Skunk | 16-25% THC Sativa","isPartOf":{"@id":"https:\/\/chemgramx.com\/#website"},"primaryImageOfPage":{"@id":"https:\/\/chemgramx.com\/product\/sweet-island-skunk-16-25-thc\/#primaryimage"},"image":{"@id":"https:\/\/chemgramx.com\/product\/sweet-island-skunk-16-25-thc\/#primaryimage"},"thumbnailUrl":"https:\/\/chemgramx.com\/wp-content\/uploads\/2025\/12\/sweet-island-skunk-16-25-thc.jpg","datePublished":"2025-12-11T10:56:37+00:00","dateModified":"2025-12-11T10:57:03+00:00","description":"Comprar Sweet Island Skunk online - 16-25 % THC, sabor afrutado, colocon vigorizante. Sativa premium con env\u00edo discreto en Alemania y UE.","breadcrumb":{"@id":"https:\/\/chemgramx.com\/product\/sweet-island-skunk-16-25-thc\/#breadcrumb"},"inLanguage":"es","potentialAction":[{"@type":"ReadAction","target":["https:\/\/chemgramx.com\/product\/sweet-island-skunk-16-25-thc\/"]}]},{"@type":"ImageObject","inLanguage":"es","@id":"https:\/\/chemgramx.com\/product\/sweet-island-skunk-16-25-thc\/#primaryimage","url":"https:\/\/chemgramx.com\/wp-content\/uploads\/2025\/12\/sweet-island-skunk-16-25-thc.jpg","contentUrl":"https:\/\/chemgramx.com\/wp-content\/uploads\/2025\/12\/sweet-island-skunk-16-25-thc.jpg","width":800,"height":800},{"@type":"BreadcrumbList","@id":"https:\/\/chemgramx.com\/product\/sweet-island-skunk-16-25-thc\/#breadcrumb","itemListElement":[{"@type":"ListItem","position":1,"name":"Home","item":"https:\/\/chemgramx.com\/"},{"@type":"ListItem","position":2,"name":"Shop","item":"https:\/\/chemgramx.com\/shop\/"},{"@type":"ListItem","position":3,"name":"Sweet Island Skunk 16% &#8211; 25% THC"}]},{"@type":"WebSite","@id":"https:\/\/chemgramx.com\/#website","url":"https:\/\/chemgramx.com\/","name":"Chemgramx","description":"","publisher":{"@id":"https:\/\/chemgramx.com\/#organization"},"potentialAction":[{"@type":"SearchAction","target":{"@type":"EntryPoint","urlTemplate":"https:\/\/chemgramx.com\/?s={search_term_string}"},"query-input":{"@type":"PropertyValueSpecification","valueRequired":true,"valueName":"search_term_string"}}],"inLanguage":"es"},{"@type":"Organization","@id":"https:\/\/chemgramx.com\/#organization","name":"Chemgramx","url":"https:\/\/chemgramx.com\/","logo":{"@type":"ImageObject","inLanguage":"es","@id":"https:\/\/chemgramx.com\/#\/schema\/logo\/image\/","url":"https:\/\/chemgramx.com\/wp-content\/uploads\/2024\/10\/final-logo.png","contentUrl":"https:\/\/chemgramx.com\/wp-content\/uploads\/2024\/10\/final-logo.png","width":250,"height":48,"caption":"Chemgramx"},"image":{"@id":"https:\/\/chemgramx.com\/#\/schema\/logo\/image\/"}}]}},"_links":{"self":[{"href":"https:\/\/chemgramx.com\/es\/wp-json\/wp\/v2\/product\/8894","targetHints":{"allow":["GET"]}}],"collection":[{"href":"https:\/\/chemgramx.com\/es\/wp-json\/wp\/v2\/product"}],"about":[{"href":"https:\/\/chemgramx.com\/es\/wp-json\/wp\/v2\/types\/product"}],"replies":[{"embeddable":true,"href":"https:\/\/chemgramx.com\/es\/wp-json\/wp\/v2\/comments?post=8894"}],"wp:featuredmedia":[{"embeddable":true,"href":"https:\/\/chemgramx.com\/es\/wp-json\/wp\/v2\/media\/8770"}],"wp:attachment":[{"href":"https:\/\/chemgramx.com\/es\/wp-json\/wp\/v2\/media?parent=8894"}],"wp:term":[{"taxonomy":"product_brand","embeddable":true,"href":"https:\/\/chemgramx.com\/es\/wp-json\/wp\/v2\/product_brand?post=8894"},{"taxonomy":"product_cat","embeddable":true,"href":"https:\/\/chemgramx.com\/es\/wp-json\/wp\/v2\/product_cat?post=8894"},{"taxonomy":"product_tag","embeddable":true,"href":"https:\/\/chemgramx.com\/es\/wp-json\/wp\/v2\/product_tag?post=8894"}],"curies":[{"name":"wp","href":"https:\/\/api.w.org\/{rel}","templated":true}]}}