{"id":8896,"date":"2025-12-11T10:56:40","date_gmt":"2025-12-11T10:56:40","guid":{"rendered":"https:\/\/chemgramx.com\/?post_type=product&#038;p=8896"},"modified":"2025-12-11T11:03:24","modified_gmt":"2025-12-11T11:03:24","slug":"xanax-alprazolam-2mg","status":"publish","type":"product","link":"https:\/\/chemgramx.com\/es\/product\/xanax-alprazolam-2mg\/","title":{"rendered":"Comprar Xanax (Alprazolam) online"},"content":{"rendered":"<p><b>Alprazolam<\/b>, conocido con el nombre comercial <b>Xanax<\/b>, es un f\u00e1rmaco muy potente y de acci\u00f3n r\u00e1pida del grupo de los <b>Benzodiacepinas<\/b>. De hecho, se utiliza principalmente para <b>Tratamiento a corto plazo<\/b> se utiliza para tratar trastornos graves de ansiedad, ataques de p\u00e1nico y estados de tensi\u00f3n intensa. Especialmente la <b>Dosis de 2 mg<\/b> es una formulaci\u00f3n elevada que s\u00f3lo puede considerarse para pacientes con s\u00edntomas graves o tolerancia preexistente. Por lo tanto, el uso de alprazolam est\u00e1 sujeto a los controles m\u00e9dicos y legales m\u00e1s estrictos, ya que su elevado potencial terap\u00e9utico va acompa\u00f1ado de riesgos significativos. Nunca se insistir\u00e1 lo suficiente en la necesidad de una supervisi\u00f3n m\u00e9dica constante.<\/p>\n<h2>Mecanismo de acci\u00f3n farmacol\u00f3gico: refuerzo del \u201efreno GABA\u201c.\u201c<\/h2>\n<p>El efecto terap\u00e9utico del alprazolam se basa en el objetivo <b>Amplificaci\u00f3n de un neurotransmisor end\u00f3geno<\/b> llamado <b>GABA<\/b> (\u00e1cido gamma-aminobut\u00edrico). El GABA act\u00faa como <b>Freno natural del sistema nervioso central (SNC)<\/b>. Es responsable de calmar las c\u00e9lulas nerviosas sobreestimuladas y de reducir la excitabilidad neuronal general.<\/p>\n<p>El alprazolam desarrolla su efecto uni\u00e9ndose a sitios espec\u00edficos de las c\u00e9lulas nerviosas, a saber, los receptores. Esta uni\u00f3n garantiza que la mol\u00e9cula end\u00f3gena de GABA <b>funciona m\u00e1s eficazmente y mantiene abierto el canal i\u00f3nico de cloruro durante m\u00e1s tiempo<\/b>. Esto aumenta dr\u00e1sticamente el efecto inhibidor del GABA. El resultado es un <b>Fuerte atenuaci\u00f3n de la actividad nerviosa<\/b> en las regiones del cerebro responsables de la ansiedad y el p\u00e1nico. Como resultado, la ansiedad, el nerviosismo y la tensi\u00f3n se reducen r\u00e1pidamente, lo que conduce a los deseados efectos calmantes, de relajaci\u00f3n muscular y de alivio de la ansiedad.<\/p>\n<p>En <b>R\u00e1pido inicio de acci\u00f3n<\/b> es una caracter\u00edstica clave del alprazolam que lo hace tan relevante para la terapia aguda. T\u00edpicamente, el efecto completo es ya <b>en una o dos horas<\/b> tras la administraci\u00f3n oral. Este r\u00e1pido efecto es particularmente importante en la interrupci\u00f3n aguda de los ataques de p\u00e1nico.<\/p>\n<h2>Alta potencia, desarrollo de tolerancia y riesgo de dependencia<\/h2>\n<p>El r\u00e1pido y fuerte efecto del alprazolam, especialmente en las altas <span class=\"math-inline\" data-math=\"mathbf{2-mg-Dosierung}\">{2-mg-Dosierung}$<\/span>, est\u00e1 directamente conectado a un <b>alto riesgo de desarrollar dependencia f\u00edsica y psicol\u00f3gica<\/b> conectado.<\/p>\n<p>Al principio, el cuerpo se acostumbra r\u00e1pidamente al principio activo, un proceso conocido como <b>Tolerancia<\/b> se describe. En consecuencia, los pacientes suelen necesitar dosis m\u00e1s elevadas al cabo de pocas semanas de uso regular para conseguir el mismo efecto terap\u00e9utico. Este r\u00e1pido aumento de la dosis es un problema central en el tratamiento con benzodiacepinas. Dado que la semivida del alprazolam es de aproximadamente <b>De 11 a 15 horas<\/b> es relativamente corto, los s\u00edntomas de ansiedad pueden reaparecer con m\u00e1s intensidad entre dosis. Este fen\u00f3meno se conoce como <b>Ansiedad de rebote<\/b> y es un signo precoz del desarrollo de una dependencia. Por esta raz\u00f3n, el consumo debe limitarse estrictamente a una sola dosis. <b>periodo corto (m\u00e1ximo de 2 a 4 semanas)<\/b> limitarse para minimizar el riesgo de dependencia.<\/p>\n<h2>Estrictas directrices de aplicaci\u00f3n, peligros y contraindicaciones<\/h2>\n<p>El uso de alprazolam requiere el cumplimiento estricto de todos los <b>directrices m\u00e9dicas<\/b>. El medicamento debe <b>siempre seg\u00fan las instrucciones del m\u00e9dico<\/b> ya que una dosis no autorizada puede poner en peligro la vida.<\/p>\n<p>Ciertas combinaciones son extremadamente peligrosas y acarrean graves consecuencias. <b>Interacciones<\/b>. Por ejemplo, alprazolam <b>Nunca con alcohol<\/b> u otros agentes amortiguadores centrales <b>(como opi\u00e1ceos, ciertos antihistam\u00ednicos u otros tranquilizantes)<\/b> pueden combinarse. Estas combinaciones pueden minimizar el efecto amortiguador sobre la respiraci\u00f3n. <b>aumento potencialmente mortal<\/b> y en el peor de los casos a un <b>Parada respiratoria<\/b> puede provocar efectos secundarios. Adem\u00e1s, la medicaci\u00f3n debe suspenderse siempre bajo supervisi\u00f3n m\u00e9dica. <b>se desvaneci\u00f3<\/b> convertirse. Dejar de fumar repentinamente puede causar graves s\u00edntomas de abstinencia, que <b>Convulsiones, delirio<\/b> y ansiedad potencialmente mortal.<\/p>\n<p>En resumen, el tratamiento requiere <b>Supervisi\u00f3n m\u00e9dica permanente<\/b>, para realizar ajustes de dosis y guiar al paciente de forma segura durante la terapia. <b>Contraindicaciones<\/b> son, por ejemplo, enfermedades respiratorias graves (apnea del sue\u00f1o), miastenia grave o antecedentes conocidos de adicci\u00f3n.<\/p>\n<h2>Situaci\u00f3n jur\u00eddica, clasificaci\u00f3n y riesgo de fuentes ilegales<\/h2>\n<p><b>Alprazolam<\/b> est\u00e1 reconocida en Alemania y en la mayor\u00eda de los pa\u00edses del mundo como <b>Anestesia por prescripci\u00f3n facultativa<\/b> categorizada. Esto significa que la posesi\u00f3n, el comercio y la dispensaci\u00f3n sin una receta m\u00e9dica v\u00e1lida est\u00e1n prohibidos. <b>ilegal<\/b> y est\u00e1n sujetos a enjuiciamiento penal.<\/p>\n<p>Por lo tanto <b>Extremadamente peligroso<\/b>, Productos Xanax o alprazolam <b>online sin receta<\/b> comprar. De hecho, los an\u00e1lisis de laboratorio y las investigaciones policiales han demostrado que las pastillas obtenidas ilegalmente suelen ser <b>forjado<\/b> son. O bien contienen cantidades incorrectas del principio activo (lo que puede provocar sobredosis imprevisibles) o, peor a\u00fan, contienen la cantidad equivocada del principio activo, <b>sustancias muy t\u00f3xicas como los an\u00e1logos del fentanilo<\/b>. Estos opi\u00e1ceos sint\u00e9ticos pueden ser mortales incluso en las cantidades m\u00e1s peque\u00f1as y apenas visibles. Por esta raz\u00f3n, debe <b>siempre exclusivamente a farmacias autorizadas y profesionales m\u00e9dicos<\/b> para velar por su salud y seguridad y garantizar el cumplimiento de la Ley de Estupefacientes.<\/p>","protected":false},"excerpt":{"rendered":"<p data-start=\"1915\" data-end=\"2041\">Xanax 2mg - alprazolam de acci\u00f3n r\u00e1pida para la ansiedad y el p\u00e1nico. Dosificaci\u00f3n precisa y env\u00edo discreto en Alemania y la UE.<\/p>","protected":false},"featured_media":8789,"comment_status":"open","ping_status":"closed","template":"","meta":{"_joinchat":[]},"product_brand":[],"product_cat":[62],"product_tag":[],"class_list":{"0":"post-8896","1":"product","2":"type-product","3":"status-publish","4":"has-post-thumbnail","6":"product_cat-marijuana","8":"first","9":"instock","10":"shipping-taxable","11":"purchasable","12":"product-type-variable"},"yoast_head":"<!-- This site is optimized with the Yoast SEO plugin v27.5 - https:\/\/yoast.com\/product\/yoast-seo-wordpress\/ -->\n<title>Xanax 2mg online kaufen | Alprazolam<\/title>\n<meta name=\"description\" content=\"Xanax 2mg (Alprazolam) kaufen \u2013 schnell wirksam bei Angst und Panik. Diskreter Versand in Deutschland &amp; EU f\u00fcr sichere, zuverl\u00e4ssige Wirkung.\" \/>\n<meta name=\"robots\" content=\"index, follow, max-snippet:-1, max-image-preview:large, max-video-preview:-1\" \/>\n<link rel=\"canonical\" href=\"https:\/\/chemgramx.com\/es\/producto-1\/xanax-alprazolam-2mg\/\" \/>\n<meta property=\"og:locale\" content=\"es_ES\" \/>\n<meta property=\"og:type\" content=\"article\" \/>\n<meta property=\"og:title\" content=\"Xanax 2mg online kaufen | Alprazolam\" \/>\n<meta property=\"og:description\" content=\"Xanax 2mg (Alprazolam) kaufen \u2013 schnell wirksam bei Angst und Panik. Diskreter Versand in Deutschland &amp; EU f\u00fcr sichere, zuverl\u00e4ssige Wirkung.\" \/>\n<meta property=\"og:url\" content=\"https:\/\/chemgramx.com\/es\/producto-1\/xanax-alprazolam-2mg\/\" \/>\n<meta property=\"og:site_name\" content=\"Chemgramx\" \/>\n<meta property=\"article:modified_time\" content=\"2025-12-11T11:03:24+00:00\" \/>\n<meta property=\"og:image\" content=\"https:\/\/chemgramx.com\/wp-content\/uploads\/2025\/12\/xanax-alprazolam-2mg.jpeg\" \/>\n\t<meta property=\"og:image:width\" content=\"1500\" \/>\n\t<meta property=\"og:image:height\" content=\"2000\" \/>\n\t<meta property=\"og:image:type\" content=\"image\/jpeg\" \/>\n<meta name=\"twitter:card\" content=\"summary_large_image\" \/>\n<meta name=\"twitter:label1\" content=\"Tiempo de lectura\" \/>\n\t<meta name=\"twitter:data1\" content=\"4 minutos\" \/>\n<script type=\"application\/ld+json\" class=\"yoast-schema-graph\">{\"@context\":\"https:\\\/\\\/schema.org\",\"@graph\":[{\"@type\":\"WebPage\",\"@id\":\"https:\\\/\\\/chemgramx.com\\\/product\\\/xanax-alprazolam-2mg\\\/\",\"url\":\"https:\\\/\\\/chemgramx.com\\\/product\\\/xanax-alprazolam-2mg\\\/\",\"name\":\"Xanax 2mg online kaufen | Alprazolam\",\"isPartOf\":{\"@id\":\"https:\\\/\\\/chemgramx.com\\\/#website\"},\"primaryImageOfPage\":{\"@id\":\"https:\\\/\\\/chemgramx.com\\\/product\\\/xanax-alprazolam-2mg\\\/#primaryimage\"},\"image\":{\"@id\":\"https:\\\/\\\/chemgramx.com\\\/product\\\/xanax-alprazolam-2mg\\\/#primaryimage\"},\"thumbnailUrl\":\"https:\\\/\\\/chemgramx.com\\\/wp-content\\\/uploads\\\/2025\\\/12\\\/xanax-alprazolam-2mg.jpeg\",\"datePublished\":\"2025-12-11T10:56:40+00:00\",\"dateModified\":\"2025-12-11T11:03:24+00:00\",\"description\":\"Xanax 2mg (Alprazolam) kaufen \u2013 schnell wirksam bei Angst und Panik. Diskreter Versand in Deutschland & EU f\u00fcr sichere, zuverl\u00e4ssige Wirkung.\",\"breadcrumb\":{\"@id\":\"https:\\\/\\\/chemgramx.com\\\/product\\\/xanax-alprazolam-2mg\\\/#breadcrumb\"},\"inLanguage\":\"es\",\"potentialAction\":[{\"@type\":\"ReadAction\",\"target\":[\"https:\\\/\\\/chemgramx.com\\\/product\\\/xanax-alprazolam-2mg\\\/\"]}]},{\"@type\":\"ImageObject\",\"inLanguage\":\"es\",\"@id\":\"https:\\\/\\\/chemgramx.com\\\/product\\\/xanax-alprazolam-2mg\\\/#primaryimage\",\"url\":\"https:\\\/\\\/chemgramx.com\\\/wp-content\\\/uploads\\\/2025\\\/12\\\/xanax-alprazolam-2mg.jpeg\",\"contentUrl\":\"https:\\\/\\\/chemgramx.com\\\/wp-content\\\/uploads\\\/2025\\\/12\\\/xanax-alprazolam-2mg.jpeg\",\"width\":1500,\"height\":2000},{\"@type\":\"BreadcrumbList\",\"@id\":\"https:\\\/\\\/chemgramx.com\\\/product\\\/xanax-alprazolam-2mg\\\/#breadcrumb\",\"itemListElement\":[{\"@type\":\"ListItem\",\"position\":1,\"name\":\"Home\",\"item\":\"https:\\\/\\\/chemgramx.com\\\/\"},{\"@type\":\"ListItem\",\"position\":2,\"name\":\"Shop\",\"item\":\"https:\\\/\\\/chemgramx.com\\\/shop\\\/\"},{\"@type\":\"ListItem\",\"position\":3,\"name\":\"kaufen Xanax (Alprazolam) online\"}]},{\"@type\":\"WebSite\",\"@id\":\"https:\\\/\\\/chemgramx.com\\\/#website\",\"url\":\"https:\\\/\\\/chemgramx.com\\\/\",\"name\":\"Chemgramx\",\"description\":\"\",\"publisher\":{\"@id\":\"https:\\\/\\\/chemgramx.com\\\/#organization\"},\"potentialAction\":[{\"@type\":\"SearchAction\",\"target\":{\"@type\":\"EntryPoint\",\"urlTemplate\":\"https:\\\/\\\/chemgramx.com\\\/?s={search_term_string}\"},\"query-input\":{\"@type\":\"PropertyValueSpecification\",\"valueRequired\":true,\"valueName\":\"search_term_string\"}}],\"inLanguage\":\"es\"},{\"@type\":\"Organization\",\"@id\":\"https:\\\/\\\/chemgramx.com\\\/#organization\",\"name\":\"Chemgramx\",\"url\":\"https:\\\/\\\/chemgramx.com\\\/\",\"logo\":{\"@type\":\"ImageObject\",\"inLanguage\":\"es\",\"@id\":\"https:\\\/\\\/chemgramx.com\\\/#\\\/schema\\\/logo\\\/image\\\/\",\"url\":\"https:\\\/\\\/chemgramx.com\\\/wp-content\\\/uploads\\\/2024\\\/10\\\/final-logo.png\",\"contentUrl\":\"https:\\\/\\\/chemgramx.com\\\/wp-content\\\/uploads\\\/2024\\\/10\\\/final-logo.png\",\"width\":250,\"height\":48,\"caption\":\"Chemgramx\"},\"image\":{\"@id\":\"https:\\\/\\\/chemgramx.com\\\/#\\\/schema\\\/logo\\\/image\\\/\"}}]}<\/script>\n<!-- \/ Yoast SEO plugin. -->","yoast_head_json":{"title":"Buy Xanax 2mg online | Alprazolam","description":"Comprar Xanax 2mg (alprazolam) - r\u00e1pidamente eficaz para la ansiedad y el p\u00e1nico. Env\u00edo discreto en Alemania &amp; UE para efectos seguros y fiables.","robots":{"index":"index","follow":"follow","max-snippet":"max-snippet:-1","max-image-preview":"max-image-preview:large","max-video-preview":"max-video-preview:-1"},"canonical":"https:\/\/chemgramx.com\/es\/producto-1\/xanax-alprazolam-2mg\/","og_locale":"es_ES","og_type":"article","og_title":"Xanax 2mg online kaufen | Alprazolam","og_description":"Xanax 2mg (Alprazolam) kaufen \u2013 schnell wirksam bei Angst und Panik. Diskreter Versand in Deutschland & EU f\u00fcr sichere, zuverl\u00e4ssige Wirkung.","og_url":"https:\/\/chemgramx.com\/es\/producto-1\/xanax-alprazolam-2mg\/","og_site_name":"Chemgramx","article_modified_time":"2025-12-11T11:03:24+00:00","og_image":[{"width":1500,"height":2000,"url":"https:\/\/chemgramx.com\/wp-content\/uploads\/2025\/12\/xanax-alprazolam-2mg.jpeg","type":"image\/jpeg"}],"twitter_card":"summary_large_image","twitter_misc":{"Tiempo de lectura":"4 minutos"},"schema":{"@context":"https:\/\/schema.org","@graph":[{"@type":"WebPage","@id":"https:\/\/chemgramx.com\/product\/xanax-alprazolam-2mg\/","url":"https:\/\/chemgramx.com\/product\/xanax-alprazolam-2mg\/","name":"Buy Xanax 2mg online | Alprazolam","isPartOf":{"@id":"https:\/\/chemgramx.com\/#website"},"primaryImageOfPage":{"@id":"https:\/\/chemgramx.com\/product\/xanax-alprazolam-2mg\/#primaryimage"},"image":{"@id":"https:\/\/chemgramx.com\/product\/xanax-alprazolam-2mg\/#primaryimage"},"thumbnailUrl":"https:\/\/chemgramx.com\/wp-content\/uploads\/2025\/12\/xanax-alprazolam-2mg.jpeg","datePublished":"2025-12-11T10:56:40+00:00","dateModified":"2025-12-11T11:03:24+00:00","description":"Comprar Xanax 2mg (alprazolam) - r\u00e1pidamente eficaz para la ansiedad y el p\u00e1nico. Env\u00edo discreto en Alemania &amp; UE para efectos seguros y fiables.","breadcrumb":{"@id":"https:\/\/chemgramx.com\/product\/xanax-alprazolam-2mg\/#breadcrumb"},"inLanguage":"es","potentialAction":[{"@type":"ReadAction","target":["https:\/\/chemgramx.com\/product\/xanax-alprazolam-2mg\/"]}]},{"@type":"ImageObject","inLanguage":"es","@id":"https:\/\/chemgramx.com\/product\/xanax-alprazolam-2mg\/#primaryimage","url":"https:\/\/chemgramx.com\/wp-content\/uploads\/2025\/12\/xanax-alprazolam-2mg.jpeg","contentUrl":"https:\/\/chemgramx.com\/wp-content\/uploads\/2025\/12\/xanax-alprazolam-2mg.jpeg","width":1500,"height":2000},{"@type":"BreadcrumbList","@id":"https:\/\/chemgramx.com\/product\/xanax-alprazolam-2mg\/#breadcrumb","itemListElement":[{"@type":"ListItem","position":1,"name":"Home","item":"https:\/\/chemgramx.com\/"},{"@type":"ListItem","position":2,"name":"Shop","item":"https:\/\/chemgramx.com\/shop\/"},{"@type":"ListItem","position":3,"name":"kaufen Xanax (Alprazolam) online"}]},{"@type":"WebSite","@id":"https:\/\/chemgramx.com\/#website","url":"https:\/\/chemgramx.com\/","name":"Chemgramx","description":"","publisher":{"@id":"https:\/\/chemgramx.com\/#organization"},"potentialAction":[{"@type":"SearchAction","target":{"@type":"EntryPoint","urlTemplate":"https:\/\/chemgramx.com\/?s={search_term_string}"},"query-input":{"@type":"PropertyValueSpecification","valueRequired":true,"valueName":"search_term_string"}}],"inLanguage":"es"},{"@type":"Organization","@id":"https:\/\/chemgramx.com\/#organization","name":"Chemgramx","url":"https:\/\/chemgramx.com\/","logo":{"@type":"ImageObject","inLanguage":"es","@id":"https:\/\/chemgramx.com\/#\/schema\/logo\/image\/","url":"https:\/\/chemgramx.com\/wp-content\/uploads\/2024\/10\/final-logo.png","contentUrl":"https:\/\/chemgramx.com\/wp-content\/uploads\/2024\/10\/final-logo.png","width":250,"height":48,"caption":"Chemgramx"},"image":{"@id":"https:\/\/chemgramx.com\/#\/schema\/logo\/image\/"}}]}},"_links":{"self":[{"href":"https:\/\/chemgramx.com\/es\/wp-json\/wp\/v2\/product\/8896","targetHints":{"allow":["GET"]}}],"collection":[{"href":"https:\/\/chemgramx.com\/es\/wp-json\/wp\/v2\/product"}],"about":[{"href":"https:\/\/chemgramx.com\/es\/wp-json\/wp\/v2\/types\/product"}],"replies":[{"embeddable":true,"href":"https:\/\/chemgramx.com\/es\/wp-json\/wp\/v2\/comments?post=8896"}],"wp:featuredmedia":[{"embeddable":true,"href":"https:\/\/chemgramx.com\/es\/wp-json\/wp\/v2\/media\/8789"}],"wp:attachment":[{"href":"https:\/\/chemgramx.com\/es\/wp-json\/wp\/v2\/media?parent=8896"}],"wp:term":[{"taxonomy":"product_brand","embeddable":true,"href":"https:\/\/chemgramx.com\/es\/wp-json\/wp\/v2\/product_brand?post=8896"},{"taxonomy":"product_cat","embeddable":true,"href":"https:\/\/chemgramx.com\/es\/wp-json\/wp\/v2\/product_cat?post=8896"},{"taxonomy":"product_tag","embeddable":true,"href":"https:\/\/chemgramx.com\/es\/wp-json\/wp\/v2\/product_tag?post=8896"}],"curies":[{"name":"wp","href":"https:\/\/api.w.org\/{rel}","templated":true}]}}