{"id":8898,"date":"2025-12-11T10:56:43","date_gmt":"2025-12-11T10:56:43","guid":{"rendered":"https:\/\/chemgramx.com\/?post_type=product&#038;p=8898"},"modified":"2025-12-11T11:01:11","modified_gmt":"2025-12-11T11:01:11","slug":"king-palm-hierba-pre-liada-pack-de-5","status":"publish","type":"product","link":"https:\/\/chemgramx.com\/es\/product\/king-palm-pre-rolled-weed-5-pack\/","title":{"rendered":"KING PALM Hierba Preenrollada Pack de 5"},"content":{"rendered":"<p><b>PALMA REY<\/b> es una conocida marca especializada en la producci\u00f3n de <b>Productos acabados<\/b> es conocido por la absorci\u00f3n de sustancias vegetales, especialmente el cannabis. Los llamados \u201epre-rolls\u201c son flores previamente enrolladas. Son un objeto importante en la investigaci\u00f3n, ya que su <b>Normalizaci\u00f3n<\/b> y <b>Coherencia<\/b> puede analizarse con mayor precisi\u00f3n en comparaci\u00f3n con el material vegetal suelto.<\/p>\n<p>Este art\u00edculo ofrece una <b>An\u00e1lisis detallado<\/b> las caracter\u00edsticas y ventajas de los productos de cannabis preenrollados. <b>Este<\/b> incluye la evaluaci\u00f3n de la calidad, la composici\u00f3n qu\u00edmica y el papel de estos productos en la investigaci\u00f3n y en el mercado legal del cannabis medicinal.<\/p>\n<h2><b>Definici\u00f3n y caracter\u00edsticas de calidad de los pre-rolls<\/b><\/h2>\n<p>Los productos pre-rollados, o pre-rolls, ofrecen la ventaja de una <b>formato coherente<\/b>. Se rellenan con una cantidad predefinida de flores de cannabis.<\/p>\n<h3><b>Ventajas del formulario normalizado<\/b><\/h3>\n<p>La popularidad y el valor de investigaci\u00f3n de los pre-rolls reside en su <b>Normalizaci\u00f3n<\/b>. <b>De hecho<\/b> la uniformidad del relleno es un factor de calidad decisivo.<\/p>\n<ul>\n<li><b>Dosificaci\u00f3n coherente:<\/b> Cada producto contiene una cantidad estable y previamente pesada. <a href=\"\/product\/xanax-alprazolam-2mg\/\"><b>As\u00ed,<\/b> <\/a>las relaciones dosis-respuesta pueden analizarse con mayor precisi\u00f3n.<\/li>\n<li><b>Combusti\u00f3n uniforme:<\/b> Se consigue una densidad uniforme laminando a m\u00e1quina o a mano con cuidado. <b>En consecuencia<\/b> los pre-rolls se queman m\u00e1s uniformemente que los productos auto-laminados.<\/li>\n<li><b>Confort y eficacia:<\/b> Para los pacientes que consumen cannabis medicinal, los pre-rolls ofrecen una aplicaci\u00f3n inmediata y sin complicaciones. <b>As\u00ed<\/b> elimina la necesidad de llevar accesorios adicionales.<\/li>\n<\/ul>\n<h3><b>Aspectos cualitativos del material de relleno<\/b><\/h3>\n<p>La calidad del producto final depende directamente de las flores de cannabis utilizadas:<\/p>\n<ul>\n<li><b>Flores de primera calidad:<\/b> S\u00f3lo deben utilizarse flores cuidadosamente secadas y curadas con un perfil de terpenos intacto.<\/li>\n<li><b>Pruebas qu\u00edmicas:<\/b> Cada lote debe <b>Probado en laboratorio<\/b> ser. <b>As\u00ed,<\/b> garantiza la ausencia de contaminantes como metales pesados y pesticidas. <b>Tambi\u00e9n<\/b> el contenido de cannabinoides debe determinarse con precisi\u00f3n.<\/li>\n<\/ul>\n<h2><b>Retenci\u00f3n de aromas, sabores y terpenos<\/b><\/h2>\n<p>Un factor clave para la evaluaci\u00f3n de los pre-rolls es la <b>Conservaci\u00f3n del perfil de terpenos<\/b>. <b>Porque<\/b> el aroma y el sabor influyen en el efecto global y en la aceptaci\u00f3n por parte del usuario.<\/p>\n<h3><b>Perfil sensorial del relleno<\/b><\/h3>\n<p>Los Pre-rolls KING PALM se caracterizan por un <b>Sabor con cuerpo<\/b> de. <b>Este<\/b> es el resultado de una mezcla de:<\/p>\n<ol start=\"1\">\n<li><b>Notas afrutadas:<\/b> Acentos dulces que pueden proceder de terpenos como el limoneno.<\/li>\n<li><b>Componentes picantes:<\/b> Un matiz terroso o picante, a menudo debido al cariofileno.<\/li>\n<li><b>Acabado suave:<\/b> El curado de las flores produce un humo suave y arom\u00e1tico.<\/li>\n<\/ol>\n<h3><b>P\u00e9rdida de sabor en los productos acabados<\/b><\/h3>\n<p><b>Sin embargo<\/b> debe tenerse en cuenta en la investigaci\u00f3n que el enrollado y almacenamiento de los pre-rolls conlleva un cierto <b>P\u00e9rdida de sabor<\/b> puede llevar. <b>Por lo tanto<\/b> Se est\u00e1n realizando estudios para encontrar el envase \u00f3ptimo (como recipientes herm\u00e9ticos y protegidos de la luz). Esto deber\u00eda preservar mejor los terpenos vol\u00e1tiles a lo largo del tiempo.<\/p>\n<h2><b>\u00c1mbitos de aplicaci\u00f3n y dispensaci\u00f3n controlada<\/b><\/h2>\n<p>En los pa\u00edses con un mercado de cannabis legalizado o regulado (como el cannabis medicinal en Alemania), los pre-rolls desempe\u00f1an un papel importante en la distribuci\u00f3n controlada.<\/p>\n<h4><b>Papel en la investigaci\u00f3n m\u00e9dica<\/b><\/h4>\n<p>Los pre-rolls son valiosos para la investigaci\u00f3n cl\u00ednica por varias razones:<\/p>\n<ul>\n<li><b>Reproducibilidad:<\/b> <b>M\u00e9dicos<\/b> puede indicar claramente la aplicaci\u00f3n, ya que cada junta contiene la misma cantidad.<\/li>\n<li><b>F\u00e1cil de usar:<\/b> Los pacientes con habilidades motoras limitadas se benefician del formato listo para usar. <b>Este<\/b> aumenta la <b>Cumplimiento terap\u00e9utico<\/b>.<\/li>\n<\/ul>\n<h2><b>Manipulaci\u00f3n y almacenamiento<\/b><\/h2>\n<p>La manipulaci\u00f3n de los pre-rolls es muy eficiente. <b>Usted<\/b> est\u00e1n listos para su uso inmediato y no requieren accesorios adicionales. <b>No obstante<\/b> deben almacenarse en condiciones controladas. <b>As\u00ed<\/b> puede garantizarse la frescura y eficacia de las flores. Se recomienda almacenarlas en recipientes herm\u00e9ticos y oscuros a temperatura constante.<\/p>\n<h2><b>Aviso legal y cumplimiento<\/b><\/h2>\n<h3><b>En Alemania, la compra en l\u00ednea de prerolls con THC para su consumo es ilegal.<\/b><\/h3>\n<ul>\n<li><b>BtMG y KCanG:<\/b> Los productos de cannabis con un contenido relevante de THC est\u00e1n sujetos a una estricta normativa legal. El comercio de estos productos est\u00e1 prohibido sin la correspondiente licencia estatal (por ejemplo, para cannabis medicinal). <b>punible<\/b>.<\/li>\n<li><b>Distinci\u00f3n importante:<\/b> Los productos acabados s\u00f3lo podr\u00e1n utilizarse dentro del <b>terapia m\u00e9dica prescrita por un m\u00e9dico<\/b> pueden obtenerse en farmacias autorizadas.<\/li>\n<li><b>Conformidad:<\/b> Esta informaci\u00f3n se facilita \u00fanicamente para <b>educaci\u00f3n neutral, cient\u00edfica e informativa<\/b> sobre las propiedades del producto. <b>En consecuencia<\/b> no se anuncia ni el consumo ni la adquisici\u00f3n ilegal.<\/li>\n<\/ul>","protected":false},"excerpt":{"rendered":"<p data-start=\"2338\" data-end=\"2468\">KING PALM Hierba Preenrollada Pack de 5 - enrollada a mano, aromatizada y lista para usar. Calidad superior para llevar o para usar en casa.<\/p>","protected":false},"featured_media":8791,"comment_status":"open","ping_status":"closed","template":"","meta":{"_joinchat":[]},"product_brand":[],"product_cat":[62],"product_tag":[],"class_list":{"0":"post-8898","1":"product","2":"type-product","3":"status-publish","4":"has-post-thumbnail","6":"product_cat-marijuana","8":"first","9":"instock","10":"shipping-taxable","11":"purchasable","12":"product-type-variable"},"yoast_head":"<!-- This site is optimized with the Yoast SEO plugin v27.5 - https:\/\/yoast.com\/product\/yoast-seo-wordpress\/ -->\n<title>KING PALM Pre-rolled Weed 5 Pack online kaufen<\/title>\n<meta name=\"description\" content=\"KING PALM Pre-rolled Weed 5 Pack kaufen \u2013 handgerollt, aromatisch und premium. Diskreter Versand in Deutschland &amp; EU f\u00fcr entspannten Cannabis-Genuss.\" \/>\n<meta name=\"robots\" content=\"index, follow, max-snippet:-1, max-image-preview:large, max-video-preview:-1\" \/>\n<link rel=\"canonical\" href=\"https:\/\/chemgramx.com\/es\/producto-1\/king-palm-hierba-pre-liada-pack-de-5\/\" \/>\n<meta property=\"og:locale\" content=\"es_ES\" \/>\n<meta property=\"og:type\" content=\"article\" \/>\n<meta property=\"og:title\" content=\"KING PALM Pre-rolled Weed 5 Pack online kaufen\" \/>\n<meta property=\"og:description\" content=\"KING PALM Pre-rolled Weed 5 Pack kaufen \u2013 handgerollt, aromatisch und premium. Diskreter Versand in Deutschland &amp; EU f\u00fcr entspannten Cannabis-Genuss.\" \/>\n<meta property=\"og:url\" content=\"https:\/\/chemgramx.com\/es\/producto-1\/king-palm-hierba-pre-liada-pack-de-5\/\" \/>\n<meta property=\"og:site_name\" content=\"Chemgramx\" \/>\n<meta property=\"article:modified_time\" content=\"2025-12-11T11:01:11+00:00\" \/>\n<meta property=\"og:image\" content=\"https:\/\/chemgramx.com\/wp-content\/uploads\/2025\/12\/king-palm-pre-rolled-weed-5-pack.jpeg\" \/>\n\t<meta property=\"og:image:width\" content=\"1080\" \/>\n\t<meta property=\"og:image:height\" content=\"1080\" \/>\n\t<meta property=\"og:image:type\" content=\"image\/jpeg\" \/>\n<meta name=\"twitter:card\" content=\"summary_large_image\" \/>\n<meta name=\"twitter:label1\" content=\"Tiempo de lectura\" \/>\n\t<meta name=\"twitter:data1\" content=\"3 minutos\" \/>\n<script type=\"application\/ld+json\" class=\"yoast-schema-graph\">{\"@context\":\"https:\\\/\\\/schema.org\",\"@graph\":[{\"@type\":\"WebPage\",\"@id\":\"https:\\\/\\\/chemgramx.com\\\/product\\\/king-palm-pre-rolled-weed-5-pack\\\/\",\"url\":\"https:\\\/\\\/chemgramx.com\\\/product\\\/king-palm-pre-rolled-weed-5-pack\\\/\",\"name\":\"KING PALM Pre-rolled Weed 5 Pack online kaufen\",\"isPartOf\":{\"@id\":\"https:\\\/\\\/chemgramx.com\\\/#website\"},\"primaryImageOfPage\":{\"@id\":\"https:\\\/\\\/chemgramx.com\\\/product\\\/king-palm-pre-rolled-weed-5-pack\\\/#primaryimage\"},\"image\":{\"@id\":\"https:\\\/\\\/chemgramx.com\\\/product\\\/king-palm-pre-rolled-weed-5-pack\\\/#primaryimage\"},\"thumbnailUrl\":\"https:\\\/\\\/chemgramx.com\\\/wp-content\\\/uploads\\\/2025\\\/12\\\/king-palm-pre-rolled-weed-5-pack.jpeg\",\"datePublished\":\"2025-12-11T10:56:43+00:00\",\"dateModified\":\"2025-12-11T11:01:11+00:00\",\"description\":\"KING PALM Pre-rolled Weed 5 Pack kaufen \u2013 handgerollt, aromatisch und premium. Diskreter Versand in Deutschland & EU f\u00fcr entspannten Cannabis-Genuss.\",\"breadcrumb\":{\"@id\":\"https:\\\/\\\/chemgramx.com\\\/product\\\/king-palm-pre-rolled-weed-5-pack\\\/#breadcrumb\"},\"inLanguage\":\"es\",\"potentialAction\":[{\"@type\":\"ReadAction\",\"target\":[\"https:\\\/\\\/chemgramx.com\\\/product\\\/king-palm-pre-rolled-weed-5-pack\\\/\"]}]},{\"@type\":\"ImageObject\",\"inLanguage\":\"es\",\"@id\":\"https:\\\/\\\/chemgramx.com\\\/product\\\/king-palm-pre-rolled-weed-5-pack\\\/#primaryimage\",\"url\":\"https:\\\/\\\/chemgramx.com\\\/wp-content\\\/uploads\\\/2025\\\/12\\\/king-palm-pre-rolled-weed-5-pack.jpeg\",\"contentUrl\":\"https:\\\/\\\/chemgramx.com\\\/wp-content\\\/uploads\\\/2025\\\/12\\\/king-palm-pre-rolled-weed-5-pack.jpeg\",\"width\":1080,\"height\":1080},{\"@type\":\"BreadcrumbList\",\"@id\":\"https:\\\/\\\/chemgramx.com\\\/product\\\/king-palm-pre-rolled-weed-5-pack\\\/#breadcrumb\",\"itemListElement\":[{\"@type\":\"ListItem\",\"position\":1,\"name\":\"Home\",\"item\":\"https:\\\/\\\/chemgramx.com\\\/\"},{\"@type\":\"ListItem\",\"position\":2,\"name\":\"Shop\",\"item\":\"https:\\\/\\\/chemgramx.com\\\/shop\\\/\"},{\"@type\":\"ListItem\",\"position\":3,\"name\":\"KING PALM Pre-rolled Weed 5 Pack\"}]},{\"@type\":\"WebSite\",\"@id\":\"https:\\\/\\\/chemgramx.com\\\/#website\",\"url\":\"https:\\\/\\\/chemgramx.com\\\/\",\"name\":\"Chemgramx\",\"description\":\"\",\"publisher\":{\"@id\":\"https:\\\/\\\/chemgramx.com\\\/#organization\"},\"potentialAction\":[{\"@type\":\"SearchAction\",\"target\":{\"@type\":\"EntryPoint\",\"urlTemplate\":\"https:\\\/\\\/chemgramx.com\\\/?s={search_term_string}\"},\"query-input\":{\"@type\":\"PropertyValueSpecification\",\"valueRequired\":true,\"valueName\":\"search_term_string\"}}],\"inLanguage\":\"es\"},{\"@type\":\"Organization\",\"@id\":\"https:\\\/\\\/chemgramx.com\\\/#organization\",\"name\":\"Chemgramx\",\"url\":\"https:\\\/\\\/chemgramx.com\\\/\",\"logo\":{\"@type\":\"ImageObject\",\"inLanguage\":\"es\",\"@id\":\"https:\\\/\\\/chemgramx.com\\\/#\\\/schema\\\/logo\\\/image\\\/\",\"url\":\"https:\\\/\\\/chemgramx.com\\\/wp-content\\\/uploads\\\/2024\\\/10\\\/final-logo.png\",\"contentUrl\":\"https:\\\/\\\/chemgramx.com\\\/wp-content\\\/uploads\\\/2024\\\/10\\\/final-logo.png\",\"width\":250,\"height\":48,\"caption\":\"Chemgramx\"},\"image\":{\"@id\":\"https:\\\/\\\/chemgramx.com\\\/#\\\/schema\\\/logo\\\/image\\\/\"}}]}<\/script>\n<!-- \/ Yoast SEO plugin. -->","yoast_head_json":{"title":"KING PALM Hierba Preenrollada Pack de 5 comprar en l\u00ednea","description":"Comprar KING PALM Hierba Preenrollada Pack de 5 - enrollada a mano, arom\u00e1tica y de primera calidad. Env\u00edo discreto en Alemania y UE para disfrutar relajadamente del cannabis.","robots":{"index":"index","follow":"follow","max-snippet":"max-snippet:-1","max-image-preview":"max-image-preview:large","max-video-preview":"max-video-preview:-1"},"canonical":"https:\/\/chemgramx.com\/es\/producto-1\/king-palm-hierba-pre-liada-pack-de-5\/","og_locale":"es_ES","og_type":"article","og_title":"KING PALM Pre-rolled Weed 5 Pack online kaufen","og_description":"KING PALM Pre-rolled Weed 5 Pack kaufen \u2013 handgerollt, aromatisch und premium. Diskreter Versand in Deutschland & EU f\u00fcr entspannten Cannabis-Genuss.","og_url":"https:\/\/chemgramx.com\/es\/producto-1\/king-palm-hierba-pre-liada-pack-de-5\/","og_site_name":"Chemgramx","article_modified_time":"2025-12-11T11:01:11+00:00","og_image":[{"width":1080,"height":1080,"url":"https:\/\/chemgramx.com\/wp-content\/uploads\/2025\/12\/king-palm-pre-rolled-weed-5-pack.jpeg","type":"image\/jpeg"}],"twitter_card":"summary_large_image","twitter_misc":{"Tiempo de lectura":"3 minutos"},"schema":{"@context":"https:\/\/schema.org","@graph":[{"@type":"WebPage","@id":"https:\/\/chemgramx.com\/product\/king-palm-pre-rolled-weed-5-pack\/","url":"https:\/\/chemgramx.com\/product\/king-palm-pre-rolled-weed-5-pack\/","name":"KING PALM Hierba Preenrollada Pack de 5 comprar en l\u00ednea","isPartOf":{"@id":"https:\/\/chemgramx.com\/#website"},"primaryImageOfPage":{"@id":"https:\/\/chemgramx.com\/product\/king-palm-pre-rolled-weed-5-pack\/#primaryimage"},"image":{"@id":"https:\/\/chemgramx.com\/product\/king-palm-pre-rolled-weed-5-pack\/#primaryimage"},"thumbnailUrl":"https:\/\/chemgramx.com\/wp-content\/uploads\/2025\/12\/king-palm-pre-rolled-weed-5-pack.jpeg","datePublished":"2025-12-11T10:56:43+00:00","dateModified":"2025-12-11T11:01:11+00:00","description":"Comprar KING PALM Hierba Preenrollada Pack de 5 - enrollada a mano, arom\u00e1tica y de primera calidad. Env\u00edo discreto en Alemania y UE para disfrutar relajadamente del cannabis.","breadcrumb":{"@id":"https:\/\/chemgramx.com\/product\/king-palm-pre-rolled-weed-5-pack\/#breadcrumb"},"inLanguage":"es","potentialAction":[{"@type":"ReadAction","target":["https:\/\/chemgramx.com\/product\/king-palm-pre-rolled-weed-5-pack\/"]}]},{"@type":"ImageObject","inLanguage":"es","@id":"https:\/\/chemgramx.com\/product\/king-palm-pre-rolled-weed-5-pack\/#primaryimage","url":"https:\/\/chemgramx.com\/wp-content\/uploads\/2025\/12\/king-palm-pre-rolled-weed-5-pack.jpeg","contentUrl":"https:\/\/chemgramx.com\/wp-content\/uploads\/2025\/12\/king-palm-pre-rolled-weed-5-pack.jpeg","width":1080,"height":1080},{"@type":"BreadcrumbList","@id":"https:\/\/chemgramx.com\/product\/king-palm-pre-rolled-weed-5-pack\/#breadcrumb","itemListElement":[{"@type":"ListItem","position":1,"name":"Home","item":"https:\/\/chemgramx.com\/"},{"@type":"ListItem","position":2,"name":"Shop","item":"https:\/\/chemgramx.com\/shop\/"},{"@type":"ListItem","position":3,"name":"KING PALM Pre-rolled Weed 5 Pack"}]},{"@type":"WebSite","@id":"https:\/\/chemgramx.com\/#website","url":"https:\/\/chemgramx.com\/","name":"Chemgramx","description":"","publisher":{"@id":"https:\/\/chemgramx.com\/#organization"},"potentialAction":[{"@type":"SearchAction","target":{"@type":"EntryPoint","urlTemplate":"https:\/\/chemgramx.com\/?s={search_term_string}"},"query-input":{"@type":"PropertyValueSpecification","valueRequired":true,"valueName":"search_term_string"}}],"inLanguage":"es"},{"@type":"Organization","@id":"https:\/\/chemgramx.com\/#organization","name":"Chemgramx","url":"https:\/\/chemgramx.com\/","logo":{"@type":"ImageObject","inLanguage":"es","@id":"https:\/\/chemgramx.com\/#\/schema\/logo\/image\/","url":"https:\/\/chemgramx.com\/wp-content\/uploads\/2024\/10\/final-logo.png","contentUrl":"https:\/\/chemgramx.com\/wp-content\/uploads\/2024\/10\/final-logo.png","width":250,"height":48,"caption":"Chemgramx"},"image":{"@id":"https:\/\/chemgramx.com\/#\/schema\/logo\/image\/"}}]}},"_links":{"self":[{"href":"https:\/\/chemgramx.com\/es\/wp-json\/wp\/v2\/product\/8898","targetHints":{"allow":["GET"]}}],"collection":[{"href":"https:\/\/chemgramx.com\/es\/wp-json\/wp\/v2\/product"}],"about":[{"href":"https:\/\/chemgramx.com\/es\/wp-json\/wp\/v2\/types\/product"}],"replies":[{"embeddable":true,"href":"https:\/\/chemgramx.com\/es\/wp-json\/wp\/v2\/comments?post=8898"}],"wp:featuredmedia":[{"embeddable":true,"href":"https:\/\/chemgramx.com\/es\/wp-json\/wp\/v2\/media\/8791"}],"wp:attachment":[{"href":"https:\/\/chemgramx.com\/es\/wp-json\/wp\/v2\/media?parent=8898"}],"wp:term":[{"taxonomy":"product_brand","embeddable":true,"href":"https:\/\/chemgramx.com\/es\/wp-json\/wp\/v2\/product_brand?post=8898"},{"taxonomy":"product_cat","embeddable":true,"href":"https:\/\/chemgramx.com\/es\/wp-json\/wp\/v2\/product_cat?post=8898"},{"taxonomy":"product_tag","embeddable":true,"href":"https:\/\/chemgramx.com\/es\/wp-json\/wp\/v2\/product_tag?post=8898"}],"curies":[{"name":"wp","href":"https:\/\/api.w.org\/{rel}","templated":true}]}}