{"id":942,"date":"2024-11-19T12:53:26","date_gmt":"2024-11-19T12:53:26","guid":{"rendered":"https:\/\/chemgramx.com\/?post_type=product&#038;p=942"},"modified":"2025-10-17T08:13:17","modified_gmt":"2025-10-17T08:13:17","slug":"etonitazepipne","status":"publish","type":"product","link":"https:\/\/chemgramx.com\/es\/product\/etonitazepipne\/","title":{"rendered":"Comprar Etonitazepipne online"},"content":{"rendered":"<h2 data-start=\"164\" data-end=\"227\">Comprar Etonitazepipne online: toda la informaci\u00f3n importante<\/h2>\n<h2 data-start=\"229\" data-end=\"244\">introducci\u00f3n<\/h2>\n<p data-start=\"245\" data-end=\"920\">Comprar etonitazepipina en l\u00ednea es un tema cada vez m\u00e1s debatido en entornos de investigaci\u00f3n. La etonitazepipina es un opioide sint\u00e9tico de la clase nitazeno que apareci\u00f3 por primera vez en el mercado como droga de dise\u00f1o en 2021. Es un an\u00e1logo estructural del etonitazeno, con el grupo nitro reemplazado por un grupo metilo. Aunque algunos sitios web lo anuncian... <a href=\"https:\/\/chemgramx.com\/es\/product\/etonitazepipne\/\">Comprar Etonitazepipne online<\/a> o Etonitazepipne en venta, cabe destacar que la adquisici\u00f3n, posesi\u00f3n y uso de esta sustancia son ilegales en muchos pa\u00edses, incluida Alemania, y suponen importantes riesgos legales y para la salud.<\/p>\n<h3 data-start=\"922\" data-end=\"950\">\u00bfQu\u00e9 es el etonitazepipne?<\/h3>\n<p data-start=\"951\" data-end=\"1386\"><a href=\"https:\/\/en.wikipedia.org\/wiki\/Etonitazene\">Etonitazepipne<\/a> (IUPAC: 2-[(4-Ethoxyphenyl)methyl]-5-nitro-1-(2-piperidin-1-ylethyl)benzimidazole) ist ein stark wirksames Opioid mit einer Potenz von rund 100 Mal st\u00e4rker als Morphin. Es wirkt als Agonist an den \u00b5-Opioid-Rezeptoren und l\u00f6st sedierende und euphorisierende Effekte aus. Daher interessieren sich manche Forscher daf\u00fcr, Etonitazepin bestellen oder nach seri\u00f6sen Quellen f\u00fcr Etonitazepipne buy online zu suchen.<\/p>\n<h3 data-start=\"1388\" data-end=\"1431\">Clasificaci\u00f3n qu\u00edmica y comparaci\u00f3n con otros estimulantes<\/h3>\n<p data-start=\"1432\" data-end=\"1688\">A diferencia de los estimulantes cl\u00e1sicos como las anfetaminas, la etonitazepamina pertenece claramente a la clase de los opioides. Estructuralmente, est\u00e1 relacionada con otras nitazepinas y presenta una alta afinidad por los receptores opioides \u03bc, lo que explica su potente efecto.<\/p>\n<h3 data-start=\"1690\" data-end=\"1743\">Efectos y posibles beneficios de la etonitazepina<\/h3>\n<ul data-start=\"1744\" data-end=\"1903\">\n<li data-start=\"1744\" data-end=\"1817\">\n<p data-start=\"1746\" data-end=\"1817\">Efecto analg\u00e9sico: Alivio del dolor, a veces m\u00e1s fuerte que la morfina.<\/p>\n<\/li>\n<li data-start=\"1818\" data-end=\"1861\">\n<p data-start=\"1820\" data-end=\"1861\">Sedaci\u00f3n: Calmante y somnoliento.<\/p>\n<\/li>\n<li data-start=\"1862\" data-end=\"1903\">\n<p data-start=\"1864\" data-end=\"1903\">Euforie: Verhoogd welzijn<\/p>\n<\/li>\n<\/ul>\n<p data-start=\"1905\" data-end=\"2144\">Trotz dieser Effekte birgt Etonitazepipne schwerwiegende Risiken. \u00dcberdosierungen k\u00f6nnen Atemdepression, Bewusstlosigkeit oder sogar den Tod verursachen. Wer dar\u00fcber nachdenkt, wo kann man Etonitazepipne kaufen, muss diese Gefahren kennen.<\/p>\n<h3 data-start=\"2357\" data-end=\"2397\">\u00bfPor qu\u00e9 comprar Etonitazepipne en l\u00ednea?<\/h3>\n<p data-start=\"2398\" data-end=\"2744\">Einige Labore k\u00f6nnten daran interessiert sein, Etonitazepipne kaufen f\u00fcr Forschungszwecke. Dabei sollte man jedoch ber\u00fccksichtigen, dass der rechtliche Status sehr streng ist. Viele H\u00e4ndler werben mit Aussagen wie Etonitazepipne online kaufen von einer zuverl\u00e4ssigen Forschungsquelle, doch in Deutschland und anderen L\u00e4ndern bleibt der Erwerb illegal.<\/p>\n<h3 data-start=\"2746\" data-end=\"2793\">\u00bfEs legal pedir etonitazepamina?<\/h3>\n<p data-start=\"2794\" data-end=\"3069\">En Alemania, la etonitazepipina est\u00e1 clasificada en la Lista II de la Ley de Estupefacientes (BtMG). Esto la convierte en un narc\u00f3tico que no puede comprarse ni poseerse legalmente. Aunque las tiendas en l\u00ednea anuncian un precio bajo para la etonitazepipina, est\u00e1 prohibido pedirla en este pa\u00eds.<\/p>\n<h3 data-start=\"3071\" data-end=\"3122\">Los mejores lugares para comprar Etonitazepipne en l\u00ednea<\/h3>\n<p data-start=\"3123\" data-end=\"3426\">Manche Seiten geben sich als bester Ort, um Etonitazepipne online zu kaufen aus oder bieten Etonitazepipne zu verkaufen an. Angesichts der gesetzlichen Lage wird jedoch ausdr\u00fccklich davon abgeraten, solche Angebote wahrzunehmen. Forschung sollte ausschlie\u00dflich mit legal erh\u00e4ltlichen Substanzen erfolgen.<\/p>\n<h3 data-start=\"3428\" data-end=\"3438\">Conclusi\u00f3n<\/h3>\n<p data-start=\"3439\" data-end=\"3817\">La etonitazepipina es un opioide sint\u00e9tico muy potente con efectos potentes, pero con riesgos significativos. A pesar de ofertas como comprar etonitazepipina en l\u00ednea, venderla o pedirla, su compra es ilegal en muchos pa\u00edses. Quienes est\u00e9n interesados \u200b\u200ben la investigaci\u00f3n deben utilizar \u00fanicamente alternativas legales, seguras y \u00e9ticamente aceptables.<\/p>\n<h3 data-start=\"3819\" data-end=\"3843\">Consejos finales<\/h3>\n<ul data-start=\"3844\" data-end=\"4212\">\n<li data-start=\"3918\" data-end=\"4030\">\n<p data-start=\"3920\" data-end=\"4030\">No conf\u00ede en tiendas dudosas que anuncian precios de Etonitazepipne o entregas r\u00e1pidas.<\/p>\n<\/li>\n<li data-start=\"4031\" data-end=\"4133\">\n<p data-start=\"4033\" data-end=\"4133\">Legale Forschung bedeutet, keine illegalen Substanzen wie Etonitazepin online kaufen zu nutzen.<\/p>\n<\/li>\n<\/ul>","protected":false},"excerpt":{"rendered":"<p><strong>Etonitazepipne<\/strong> es un opi\u00e1ceo sint\u00e9tico de la <strong>Familia de los nitacenos<\/strong>conocido por su extrema potencia. Al igual que otros nitazenos, act\u00faa como un <strong>Agonista del receptor \u03bc-opioide<\/strong> y produce fuertes efectos analg\u00e9sicos, euforizantes y sedantes. El etonitazepipne se considera extremadamente potente y puede incluso superar al fentanilo en potencia, lo que aumenta significativamente el riesgo de sobredosis incluso a dosis muy bajas. A menudo se encuentra en los mercados de productos qu\u00edmicos de investigaci\u00f3n o en mezclas de drogas il\u00edcitas.<\/p>\n<h3><strong>Datos importantes<\/strong><\/h3>\n<p><strong>Clase qu\u00edmica<\/strong>Opi\u00e1ceo sint\u00e9tico \/ derivado nitroc\u00e9nico<br \/>\n<strong>Efecto<\/strong>Analgesia intensa, sedaci\u00f3n, euforia.<br \/>\n<strong>Inicio del efecto<\/strong>10-30 minutos (dependiendo de la forma de administraci\u00f3n)<br \/>\n<strong>Duraci\u00f3n<\/strong>4-8 horas<\/p>","protected":false},"featured_media":943,"comment_status":"open","ping_status":"closed","template":"","meta":{"_joinchat":[]},"product_brand":[],"product_cat":[56],"product_tag":[854,873,869,874,882,860,862,868,856,861,867,857,872,881,880,859,870,866,878,863,876,871,858,855,875,879,864,865,877],"class_list":{"0":"post-942","1":"product","2":"type-product","3":"status-publish","4":"has-post-thumbnail","6":"product_cat-opioids","7":"product_tag-etonitazepipne","8":"product_tag-etonitazepipne-analyse","9":"product_tag-etonitazepipne-anwendungen","10":"product_tag-etonitazepipne-chemie","11":"product_tag-etonitazepipne-eigenschaften","12":"product_tag-etonitazepipne-forschungschemikalie","13":"product_tag-etonitazepipne-groshandel","14":"product_tag-etonitazepipne-handhabung","15":"product_tag-etonitazepipne-kaufen","16":"product_tag-etonitazepipne-laboranwendung","17":"product_tag-etonitazepipne-lagerung","18":"product_tag-etonitazepipne-lieferant","19":"product_tag-etonitazepipne-markt","20":"product_tag-etonitazepipne-opioid-agonist","21":"product_tag-etonitazepipne-pharmakologie","22":"product_tag-etonitazepipne-preis","23":"product_tag-etonitazepipne-risiken","24":"product_tag-etonitazepipne-sicherheit","25":"product_tag-etonitazepipne-studien","26":"product_tag-etonitazepipne-verfugbarkeit","27":"product_tag-etonitazepipne-vertrieb","28":"product_tag-etonitazepipne-vorschriften","29":"product_tag-etonitazepipne-zum-verkauf","30":"product_tag-n-piperidinyl-etonitazen","31":"product_tag-n-piperidinyl-etonitazen-effekte","32":"product_tag-n-piperidinyl-etonitazen-fur-forschung","33":"product_tag-n-piperidinyl-etonitazen-kaufen","34":"product_tag-n-piperidinyl-etonitazen-lieferant","35":"product_tag-n-piperidinyl-etonitazen-reinheit","37":"first","38":"instock","39":"shipping-taxable","40":"purchasable","41":"product-type-variable"},"yoast_head":"<!-- This site is optimized with the Yoast SEO plugin v26.1.1 - https:\/\/yoast.com\/wordpress\/plugins\/seo\/ -->\n<title>Etonitazepipne Kaufen \u2013 Laborgepr\u00fcft | StreetFarma<\/title>\n<meta name=\"description\" content=\"Kaufen Sie Etonitazepipne Pulver online bei StreetFarma. Laborgepr\u00fcft, \u226599% Reinheit, schnelle Lieferung und g\u00fcnstige Preise. Jetzt bestellen!\" \/>\n<meta name=\"robots\" content=\"index, follow, max-snippet:-1, max-image-preview:large, max-video-preview:-1\" \/>\n<link rel=\"canonical\" href=\"https:\/\/chemgramx.com\/es\/product\/etonitazepipne\/\" \/>\n<meta property=\"og:locale\" content=\"es_ES\" \/>\n<meta property=\"og:type\" content=\"article\" \/>\n<meta property=\"og:title\" content=\"Etonitazepipne Kaufen \u2013 Laborgepr\u00fcft | StreetFarma\" \/>\n<meta property=\"og:description\" content=\"Kaufen Sie Etonitazepipne Pulver online bei StreetFarma. Laborgepr\u00fcft, \u226599% Reinheit, schnelle Lieferung und g\u00fcnstige Preise. Jetzt bestellen!\" \/>\n<meta property=\"og:url\" content=\"https:\/\/chemgramx.com\/es\/product\/etonitazepipne\/\" \/>\n<meta property=\"og:site_name\" content=\"Chemgramx\" \/>\n<meta property=\"article:modified_time\" content=\"2025-10-17T08:13:17+00:00\" \/>\n<meta property=\"og:image\" content=\"https:\/\/chemgramx.com\/wp-content\/uploads\/2024\/11\/Buy-Etonitazepipne.webp\" \/>\n\t<meta property=\"og:image:width\" content=\"225\" \/>\n\t<meta property=\"og:image:height\" content=\"225\" \/>\n\t<meta property=\"og:image:type\" content=\"image\/webp\" \/>\n<meta name=\"twitter:card\" content=\"summary_large_image\" \/>\n<meta name=\"twitter:label1\" content=\"Tiempo de lectura\" \/>\n\t<meta name=\"twitter:data1\" content=\"3 minutos\" \/>\n<script type=\"application\/ld+json\" class=\"yoast-schema-graph\">{\"@context\":\"https:\/\/schema.org\",\"@graph\":[{\"@type\":\"WebPage\",\"@id\":\"https:\/\/chemgramx.com\/product\/etonitazepipne\/\",\"url\":\"https:\/\/chemgramx.com\/product\/etonitazepipne\/\",\"name\":\"Etonitazepipne Kaufen \u2013 Laborgepr\u00fcft | StreetFarma\",\"isPartOf\":{\"@id\":\"https:\/\/chemgramx.com\/#website\"},\"primaryImageOfPage\":{\"@id\":\"https:\/\/chemgramx.com\/product\/etonitazepipne\/#primaryimage\"},\"image\":{\"@id\":\"https:\/\/chemgramx.com\/product\/etonitazepipne\/#primaryimage\"},\"thumbnailUrl\":\"https:\/\/chemgramx.com\/wp-content\/uploads\/2024\/11\/Buy-Etonitazepipne.webp\",\"datePublished\":\"2024-11-19T12:53:26+00:00\",\"dateModified\":\"2025-10-17T08:13:17+00:00\",\"description\":\"Kaufen Sie Etonitazepipne Pulver online bei StreetFarma. Laborgepr\u00fcft, \u226599% Reinheit, schnelle Lieferung und g\u00fcnstige Preise. Jetzt bestellen!\",\"breadcrumb\":{\"@id\":\"https:\/\/chemgramx.com\/product\/etonitazepipne\/#breadcrumb\"},\"inLanguage\":\"es\",\"potentialAction\":[{\"@type\":\"ReadAction\",\"target\":[\"https:\/\/chemgramx.com\/product\/etonitazepipne\/\"]}]},{\"@type\":\"ImageObject\",\"inLanguage\":\"es\",\"@id\":\"https:\/\/chemgramx.com\/product\/etonitazepipne\/#primaryimage\",\"url\":\"https:\/\/chemgramx.com\/wp-content\/uploads\/2024\/11\/Buy-Etonitazepipne.webp\",\"contentUrl\":\"https:\/\/chemgramx.com\/wp-content\/uploads\/2024\/11\/Buy-Etonitazepipne.webp\",\"width\":225,\"height\":225,\"caption\":\"Etonitazepipne kaufen\"},{\"@type\":\"BreadcrumbList\",\"@id\":\"https:\/\/chemgramx.com\/product\/etonitazepipne\/#breadcrumb\",\"itemListElement\":[{\"@type\":\"ListItem\",\"position\":1,\"name\":\"Home\",\"item\":\"https:\/\/chemgramx.com\/\"},{\"@type\":\"ListItem\",\"position\":2,\"name\":\"Shop\",\"item\":\"https:\/\/chemgramx.com\/shop\/\"},{\"@type\":\"ListItem\",\"position\":3,\"name\":\"Etonitazepipne online kaufen\"}]},{\"@type\":\"WebSite\",\"@id\":\"https:\/\/chemgramx.com\/#website\",\"url\":\"https:\/\/chemgramx.com\/\",\"name\":\"Chemgramx\",\"description\":\"\",\"publisher\":{\"@id\":\"https:\/\/chemgramx.com\/#organization\"},\"potentialAction\":[{\"@type\":\"SearchAction\",\"target\":{\"@type\":\"EntryPoint\",\"urlTemplate\":\"https:\/\/chemgramx.com\/?s={search_term_string}\"},\"query-input\":{\"@type\":\"PropertyValueSpecification\",\"valueRequired\":true,\"valueName\":\"search_term_string\"}}],\"inLanguage\":\"es\"},{\"@type\":\"Organization\",\"@id\":\"https:\/\/chemgramx.com\/#organization\",\"name\":\"Chemgramx\",\"url\":\"https:\/\/chemgramx.com\/\",\"logo\":{\"@type\":\"ImageObject\",\"inLanguage\":\"es\",\"@id\":\"https:\/\/chemgramx.com\/#\/schema\/logo\/image\/\",\"url\":\"https:\/\/chemgramx.com\/wp-content\/uploads\/2024\/10\/final-logo.png\",\"contentUrl\":\"https:\/\/chemgramx.com\/wp-content\/uploads\/2024\/10\/final-logo.png\",\"width\":250,\"height\":48,\"caption\":\"Chemgramx\"},\"image\":{\"@id\":\"https:\/\/chemgramx.com\/#\/schema\/logo\/image\/\"}}]}<\/script>\n<!-- \/ Yoast SEO plugin. -->","yoast_head_json":{"title":"Etonitazepipne Kaufen \u2013 Laborgepr\u00fcft | StreetFarma","description":"Kaufen Sie Etonitazepipne Pulver online bei StreetFarma. Laborgepr\u00fcft, \u226599% Reinheit, schnelle Lieferung und g\u00fcnstige Preise. Jetzt bestellen!","robots":{"index":"index","follow":"follow","max-snippet":"max-snippet:-1","max-image-preview":"max-image-preview:large","max-video-preview":"max-video-preview:-1"},"canonical":"https:\/\/chemgramx.com\/es\/product\/etonitazepipne\/","og_locale":"es_ES","og_type":"article","og_title":"Etonitazepipne Kaufen \u2013 Laborgepr\u00fcft | StreetFarma","og_description":"Kaufen Sie Etonitazepipne Pulver online bei StreetFarma. Laborgepr\u00fcft, \u226599% Reinheit, schnelle Lieferung und g\u00fcnstige Preise. Jetzt bestellen!","og_url":"https:\/\/chemgramx.com\/es\/product\/etonitazepipne\/","og_site_name":"Chemgramx","article_modified_time":"2025-10-17T08:13:17+00:00","og_image":[{"width":225,"height":225,"url":"https:\/\/chemgramx.com\/wp-content\/uploads\/2024\/11\/Buy-Etonitazepipne.webp","type":"image\/webp"}],"twitter_card":"summary_large_image","twitter_misc":{"Tiempo de lectura":"3 minutos"},"schema":{"@context":"https:\/\/schema.org","@graph":[{"@type":"WebPage","@id":"https:\/\/chemgramx.com\/product\/etonitazepipne\/","url":"https:\/\/chemgramx.com\/product\/etonitazepipne\/","name":"Etonitazepipne Kaufen \u2013 Laborgepr\u00fcft | StreetFarma","isPartOf":{"@id":"https:\/\/chemgramx.com\/#website"},"primaryImageOfPage":{"@id":"https:\/\/chemgramx.com\/product\/etonitazepipne\/#primaryimage"},"image":{"@id":"https:\/\/chemgramx.com\/product\/etonitazepipne\/#primaryimage"},"thumbnailUrl":"https:\/\/chemgramx.com\/wp-content\/uploads\/2024\/11\/Buy-Etonitazepipne.webp","datePublished":"2024-11-19T12:53:26+00:00","dateModified":"2025-10-17T08:13:17+00:00","description":"Kaufen Sie Etonitazepipne Pulver online bei StreetFarma. Laborgepr\u00fcft, \u226599% Reinheit, schnelle Lieferung und g\u00fcnstige Preise. Jetzt bestellen!","breadcrumb":{"@id":"https:\/\/chemgramx.com\/product\/etonitazepipne\/#breadcrumb"},"inLanguage":"es","potentialAction":[{"@type":"ReadAction","target":["https:\/\/chemgramx.com\/product\/etonitazepipne\/"]}]},{"@type":"ImageObject","inLanguage":"es","@id":"https:\/\/chemgramx.com\/product\/etonitazepipne\/#primaryimage","url":"https:\/\/chemgramx.com\/wp-content\/uploads\/2024\/11\/Buy-Etonitazepipne.webp","contentUrl":"https:\/\/chemgramx.com\/wp-content\/uploads\/2024\/11\/Buy-Etonitazepipne.webp","width":225,"height":225,"caption":"Etonitazepipne kaufen"},{"@type":"BreadcrumbList","@id":"https:\/\/chemgramx.com\/product\/etonitazepipne\/#breadcrumb","itemListElement":[{"@type":"ListItem","position":1,"name":"Home","item":"https:\/\/chemgramx.com\/"},{"@type":"ListItem","position":2,"name":"Shop","item":"https:\/\/chemgramx.com\/shop\/"},{"@type":"ListItem","position":3,"name":"Etonitazepipne online kaufen"}]},{"@type":"WebSite","@id":"https:\/\/chemgramx.com\/#website","url":"https:\/\/chemgramx.com\/","name":"Chemgramx","description":"","publisher":{"@id":"https:\/\/chemgramx.com\/#organization"},"potentialAction":[{"@type":"SearchAction","target":{"@type":"EntryPoint","urlTemplate":"https:\/\/chemgramx.com\/?s={search_term_string}"},"query-input":{"@type":"PropertyValueSpecification","valueRequired":true,"valueName":"search_term_string"}}],"inLanguage":"es"},{"@type":"Organization","@id":"https:\/\/chemgramx.com\/#organization","name":"Chemgramx","url":"https:\/\/chemgramx.com\/","logo":{"@type":"ImageObject","inLanguage":"es","@id":"https:\/\/chemgramx.com\/#\/schema\/logo\/image\/","url":"https:\/\/chemgramx.com\/wp-content\/uploads\/2024\/10\/final-logo.png","contentUrl":"https:\/\/chemgramx.com\/wp-content\/uploads\/2024\/10\/final-logo.png","width":250,"height":48,"caption":"Chemgramx"},"image":{"@id":"https:\/\/chemgramx.com\/#\/schema\/logo\/image\/"}}]}},"_links":{"self":[{"href":"https:\/\/chemgramx.com\/es\/wp-json\/wp\/v2\/product\/942","targetHints":{"allow":["GET"]}}],"collection":[{"href":"https:\/\/chemgramx.com\/es\/wp-json\/wp\/v2\/product"}],"about":[{"href":"https:\/\/chemgramx.com\/es\/wp-json\/wp\/v2\/types\/product"}],"replies":[{"embeddable":true,"href":"https:\/\/chemgramx.com\/es\/wp-json\/wp\/v2\/comments?post=942"}],"wp:featuredmedia":[{"embeddable":true,"href":"https:\/\/chemgramx.com\/es\/wp-json\/wp\/v2\/media\/943"}],"wp:attachment":[{"href":"https:\/\/chemgramx.com\/es\/wp-json\/wp\/v2\/media?parent=942"}],"wp:term":[{"taxonomy":"product_brand","embeddable":true,"href":"https:\/\/chemgramx.com\/es\/wp-json\/wp\/v2\/product_brand?post=942"},{"taxonomy":"product_cat","embeddable":true,"href":"https:\/\/chemgramx.com\/es\/wp-json\/wp\/v2\/product_cat?post=942"},{"taxonomy":"product_tag","embeddable":true,"href":"https:\/\/chemgramx.com\/es\/wp-json\/wp\/v2\/product_tag?post=942"}],"curies":[{"name":"wp","href":"https:\/\/api.w.org\/{rel}","templated":true}]}}