{"id":1003,"date":"2024-12-07T14:47:52","date_gmt":"2024-12-07T14:47:52","guid":{"rendered":"https:\/\/chemgramx.com\/?post_type=product&#038;p=1003"},"modified":"2025-10-16T06:56:03","modified_gmt":"2025-10-16T06:56:03","slug":"blue-toyotas-160-mg-mdma","status":"publish","type":"product","link":"https:\/\/chemgramx.com\/fr\/produit\/blue-toyotas-160-mg-mdma\/","title":{"rendered":"Acheter Blue Toyotas 160mg MDMA en ligne"},"content":{"rendered":"<h2 data-start=\"124\" data-end=\"171\">Description du produit Blue Toyotas 160 mg MDMA<\/h2>\n<h2 data-start=\"173\" data-end=\"188\">invoering<\/h2>\n<p data-start=\"190\" data-end=\"710\">Blue Toyotas 160mg MDMA online kaufenhat sich schnell zu einem Favoriten unter Enthusiasten der kognitiven Verbesserung sowie Freizeitanwendern entwickelt. Bekannt f\u00fcr seine verl\u00e4ssliche Potenz und ausgewogenen Effekte, bietet diese MDMA-Variante ein einzigartiges Erlebnis, das mentale Klarheit, emotionale Offenheit und euphorische Energie kombiniert. Egal, ob du neu bei MDMA bist oder erfahren, <a href=\"https:\/\/chemgramx.com\/fr\/produit\/blue-toyotas-160-mg-mdma\/\">Blue Toyotas 160mg MDMA online kaufen<\/a> fournit des r\u00e9sultats coh\u00e9rents et est populaire sur les march\u00e9s en ligne du monde entier.<\/p>\n<h3 data-start=\"712\" data-end=\"763\">Qu'est-ce qui rend le MDMA 160 mg de Blue Toyota unique ?<\/h3>\n<h3 data-start=\"765\" data-end=\"796\">Composition chimique<\/h3>\n<p data-start=\"798\" data-end=\"1086\">La MDMA 160 mg de Blue Toyota est une formule de haute qualit\u00e9 \u00e0 base de 3,4-m\u00e9thyl\u00e8nedioxym\u00e9thamph\u00e9tamine, dos\u00e9e avec pr\u00e9cision \u00e0 160 mg par unit\u00e9. Fabriqu\u00e9 sous des contr\u00f4les qualit\u00e9 stricts, ce produit garantit puret\u00e9, s\u00e9curit\u00e9 et puissance pour une exp\u00e9rience psychoactive optimale.<\/p>\n<h3 data-start=\"1088\" data-end=\"1126\">Effet et dosage recommand\u00e9<\/h3>\n<p data-start=\"1128\" data-end=\"1517\">Ressentez une empathie accrue, une meilleure humeur, une concentration cognitive accrue et une euphorie douce et vivifiante. Le dosage de 160 mg est id\u00e9al pour les utilisateurs en qu\u00eate d'une exp\u00e9rience \u00e9quilibr\u00e9e\u00a0: suffisamment puissante pour des effets notables, tout en pr\u00e9servant contr\u00f4le et clart\u00e9. Les d\u00e9butants doivent toujours commencer par une dose plus faible et consommer de mani\u00e8re responsable.<\/p>\n<h3 data-start=\"1519\" data-end=\"1580\">Est-il s\u00fbr d'acheter du MDMA 160 mg de Blue Toyota en ligne ?<\/h3>\n<h3 data-start=\"1582\" data-end=\"1634\">Conseils de s\u00e9curit\u00e9 et avis sur le fournisseur<\/h3>\n<p data-start=\"1636\" data-end=\"1903\">Der Kauf von Blue Toyotas 160mg <a href=\"https:\/\/en.wikipedia.org\/wiki\/MDMA\">MDMA<\/a> Acheter en ligne exige de la prudence. Assurez-vous de choisir des fournisseurs qui fournissent des rapports de laboratoire transparents sur la puret\u00e9 et la s\u00e9curit\u00e9 des produits. \u00c9vitez les vendeurs proposant des prix anormalement bas ou des informations produits peu claires.<\/p>\n<h3 data-start=\"2183\" data-end=\"2223\">Comment reconna\u00eetre les vendeurs r\u00e9put\u00e9s ?<\/h3>\n<p data-start=\"2225\" data-end=\"2257\">Les fournisseurs r\u00e9put\u00e9s proposent g\u00e9n\u00e9ralement :<\/p>\n<ul data-start=\"2259\" data-end=\"2488\">\n<li data-start=\"2259\" data-end=\"2300\">\n<p data-start=\"2261\" data-end=\"2300\">M\u00e9thodes de paiement s\u00e9curis\u00e9es et discr\u00e8tes<\/p>\n<\/li>\n<li data-start=\"2301\" data-end=\"2340\">\n<p data-start=\"2303\" data-end=\"2340\">Zuverl\u00e4ssigen und schnellen Versand<\/p>\n<\/li>\n<li data-start=\"2341\" data-end=\"2377\">\n<p data-start=\"2343\" data-end=\"2377\">Service client r\u00e9actif<\/p>\n<\/li>\n<li data-start=\"2438\" data-end=\"2488\">\n<p data-start=\"2440\" data-end=\"2488\">Instructions de dosage claires et d\u00e9tails du produit<\/p>\n<\/li>\n<\/ul>\n<h3 data-start=\"2490\" data-end=\"2524\">Aper\u00e7u de la situation juridique<\/h3>\n<p data-start=\"2526\" data-end=\"2943\">La l\u00e9galit\u00e9 de la MDMA 160 mg de Blue Toyota varie selon les pays. Aux \u00c9tats-Unis, au Royaume-Uni, dans l'UE et dans de nombreuses autres r\u00e9gions, la MDMA est une substance r\u00e9glement\u00e9e, et son achat ou sa possession non autoris\u00e9e peut \u00eatre ill\u00e9gal. Certains pays autorisent des exceptions \u00e0 des fins m\u00e9dicales ou de recherche. Consultez toujours la l\u00e9gislation locale avant de commander pour \u00e9viter tout risque juridique.<\/p>\n<h3 data-start=\"2945\" data-end=\"2998\">Diff\u00e9rentes formes de produits et comment choisir<\/h3>\n<ul data-start=\"3000\" data-end=\"3198\">\n<li data-start=\"3000\" data-end=\"3070\">\n<p data-start=\"3002\" data-end=\"3070\">Poudre : dosage flexible et applications polyvalentes<\/p>\n<\/li>\n<li data-start=\"3071\" data-end=\"3121\">\n<p data-start=\"3073\" data-end=\"3121\">Capsules : Pratiques, pr\u00e9-dos\u00e9es et discr\u00e8tes<\/p>\n<\/li>\n<li data-start=\"3122\" data-end=\"3198\">\n<p data-start=\"3124\" data-end=\"3198\">Comprim\u00e9s sublinguaux : absorption et d\u00e9but d'action plus rapides<\/p>\n<\/li>\n<\/ul>\n<p data-start=\"3200\" data-end=\"3288\">Le choix d\u00e9pend de vos pr\u00e9f\u00e9rences personnelles et du mode de consommation souhait\u00e9.<\/p>\n<h3 data-start=\"3290\" data-end=\"3309\">Aper\u00e7u des prix<\/h3>\n<p data-start=\"3311\" data-end=\"3592\">Die Preise f\u00fcr Blue Toyotas 160 mg MDMA-Preis variieren je nach Anbieter, Reinheit und Menge. G\u00fcnstige Angebote m\u00f6gen verlockend sein, doch sollten Qualit\u00e4t und Sicherheit immer Priorit\u00e4t haben. Suche nach einem fairen Preis-Leistungs-Verh\u00e4ltnis, das Authentizit\u00e4t garantiert.<\/p>\n<h3 data-start=\"3594\" data-end=\"3656\">Comment utiliser le MDMA 160 mg de Blue Toyota de mani\u00e8re responsable ?<\/h3>\n<ul data-start=\"3658\" data-end=\"3956\">\n<li data-start=\"3658\" data-end=\"3707\">\n<p data-start=\"3660\" data-end=\"3707\">Befolge die Dosierungsempfehlungen sorgf\u00e4ltig<\/p>\n<\/li>\n<li data-start=\"3708\" data-end=\"3776\">\n<p data-start=\"3710\" data-end=\"3776\">Assurer un apport hydrique suffisant, mais pas excessif<\/p>\n<\/li>\n<li data-start=\"3777\" data-end=\"3824\">\n<p data-start=\"3779\" data-end=\"3824\">\u00c9viter de m\u00e9langer avec d'autres substances<\/p>\n<\/li>\n<li data-start=\"3825\" data-end=\"3891\">\n<p data-start=\"3827\" data-end=\"3891\">Assurer un environnement s\u00fbr et confortable pendant la consommation<\/p>\n<\/li>\n<\/ul>\n<p data-start=\"3958\" data-end=\"4036\">Une utilisation responsable maximise les avantages et minimise les risques.<\/p>\n<h3 data-start=\"4038\" data-end=\"4093\">O\u00f9 puis-je acheter la MDMA 160 mg de Blue Toyota en ligne ?<\/h3>\n<p data-start=\"4095\" data-end=\"4406\">F\u00fcr das beste Erlebnis kaufe Blue Toyotas 160mg MDMA zu verkaufen nur bei vertrauensw\u00fcrdigen Online-Anbietern, die verifizierte Labortests, sichere Zahlungsoptionen und positive Kundenbewertungen bieten. Meide riskante Marktpl\u00e4tze und achte stets auf deine Sicherheit und die Einhaltung gesetzlicher Vorgaben.<\/p>\n<h3 data-start=\"4408\" data-end=\"4418\">Conclusion<\/h3>\n<p data-start=\"4420\" data-end=\"4993\">Blue Toyotas 160mg MDMA kaufen ist eine hervorragende Wahl f\u00fcr alle, die eine verl\u00e4ssliche, hochwertige kognitive und emotionale Verbesserung suchen. Mit seinen ausgewogenen Effekten, konsistenter Dosierung und erstklassiger Reinheit ist es eine Top-Empfehlung in der MDMA-Community. Um Sicherheit und Zufriedenheit zu gew\u00e4hrleisten, kaufe Blue Toyotas 160mg MDMA online kaufen nur von seri\u00f6sen Quellen. Starte noch heute deine Reise zu gesteigerter mentaler Klarheit und emotionaler Verbundenheit, indem du den bester Ort, um Blue Toyotas 160 mg MDMA online zu kaufen findest.<\/p>","protected":false},"excerpt":{"rendered":"<p><strong>Blue Toyotas 160 mg MDMA<\/strong>\u00a0offre une dose \u00e9quilibr\u00e9e de MDMA pure pour une exp\u00e9rience puissante et durable. Id\u00e9al pour les utilisateurs exp\u00e9riment\u00e9s qui recherchent l'euphorie et l'\u00e9nergie lors de soir\u00e9es dansantes ou de festivals. Chaque tablette est soumise \u00e0 des tests rigoureux pour garantir la qualit\u00e9 et la s\u00e9curit\u00e9, ce qui assure fiabilit\u00e9 et effets intenses.<\/p>","protected":false},"featured_media":1004,"comment_status":"open","ping_status":"closed","template":"","meta":{"_joinchat":[]},"product_brand":[],"product_cat":[2846],"product_tag":[2322,2325,2326,2324,2321,2323,2017,2164,2018,2015],"class_list":{"0":"post-1003","1":"product","2":"type-product","3":"status-publish","4":"has-post-thumbnail","6":"product_cat-ecstasy-pills","7":"product_tag-160mg-mdma","8":"product_tag-160mg-mdma-kaufen","9":"product_tag-blue-toyotas-160mg","10":"product_tag-blue-toyotas-kaufen","11":"product_tag-blue-toyotas-mdma","12":"product_tag-mdma-160mg-kaufen","13":"product_tag-mdma-kristalle","14":"product_tag-mdma-online-kaufen","15":"product_tag-mdma-zum-verkauf","16":"product_tag-synthetische-drogen","18":"first","19":"instock","20":"shipping-taxable","21":"purchasable","22":"product-type-variable"},"yoast_head":"<!-- This site is optimized with the Yoast SEO plugin v26.1.1 - https:\/\/yoast.com\/wordpress\/plugins\/seo\/ -->\n<title>Blue Toyotas 160 mg MDMA zu verkaufen | Chemgramx<\/title>\n<meta name=\"description\" content=\"Sie k\u00f6nnen jetzt Blue Toyotas 160 mg MDMA zu g\u00fcnstigen Preisen in unserem Top-Chemgramx-Shop kaufen. Unsere Mitarbeiter helfen Ihnen, Blue Toyotas 160 mg MDMA online zu den besten Preisen zu kaufen. Bestellen Sie Blue Toyotas 160 mg MDMA noch heute online mit weltweitem Versand!\" \/>\n<meta name=\"robots\" content=\"index, follow, max-snippet:-1, max-image-preview:large, max-video-preview:-1\" \/>\n<link rel=\"canonical\" href=\"https:\/\/chemgramx.com\/fr\/produit\/blue-toyotas-160-mg-mdma\/\" \/>\n<meta property=\"og:locale\" content=\"fr_FR\" \/>\n<meta property=\"og:type\" content=\"article\" \/>\n<meta property=\"og:title\" content=\"Blue Toyotas 160 mg MDMA zu verkaufen | Chemgramx\" \/>\n<meta property=\"og:description\" content=\"Sie k\u00f6nnen jetzt Blue Toyotas 160 mg MDMA zu g\u00fcnstigen Preisen in unserem Top-Chemgramx-Shop kaufen. Unsere Mitarbeiter helfen Ihnen, Blue Toyotas 160 mg MDMA online zu den besten Preisen zu kaufen. Bestellen Sie Blue Toyotas 160 mg MDMA noch heute online mit weltweitem Versand!\" \/>\n<meta property=\"og:url\" content=\"https:\/\/chemgramx.com\/fr\/produit\/blue-toyotas-160-mg-mdma\/\" \/>\n<meta property=\"og:site_name\" content=\"Chemgramx\" \/>\n<meta property=\"article:modified_time\" content=\"2025-10-16T06:56:03+00:00\" \/>\n<meta property=\"og:image\" content=\"https:\/\/chemgramx.com\/wp-content\/uploads\/2024\/12\/p-10.png\" \/>\n\t<meta property=\"og:image:width\" content=\"600\" \/>\n\t<meta property=\"og:image:height\" content=\"400\" \/>\n\t<meta property=\"og:image:type\" content=\"image\/png\" \/>\n<meta name=\"twitter:card\" content=\"summary_large_image\" \/>\n<meta name=\"twitter:label1\" content=\"Dur\u00e9e de lecture estim\u00e9e\" \/>\n\t<meta name=\"twitter:data1\" content=\"3 minutes\" \/>\n<script type=\"application\/ld+json\" class=\"yoast-schema-graph\">{\"@context\":\"https:\/\/schema.org\",\"@graph\":[{\"@type\":\"WebPage\",\"@id\":\"https:\/\/chemgramx.com\/product\/blue-toyotas-160-mg-mdma\/\",\"url\":\"https:\/\/chemgramx.com\/product\/blue-toyotas-160-mg-mdma\/\",\"name\":\"Blue Toyotas 160 mg MDMA zu verkaufen | Chemgramx\",\"isPartOf\":{\"@id\":\"https:\/\/chemgramx.com\/#website\"},\"primaryImageOfPage\":{\"@id\":\"https:\/\/chemgramx.com\/product\/blue-toyotas-160-mg-mdma\/#primaryimage\"},\"image\":{\"@id\":\"https:\/\/chemgramx.com\/product\/blue-toyotas-160-mg-mdma\/#primaryimage\"},\"thumbnailUrl\":\"https:\/\/chemgramx.com\/wp-content\/uploads\/2024\/12\/p-10.png\",\"datePublished\":\"2024-12-07T14:47:52+00:00\",\"dateModified\":\"2025-10-16T06:56:03+00:00\",\"description\":\"Sie k\u00f6nnen jetzt Blue Toyotas 160 mg MDMA zu g\u00fcnstigen Preisen in unserem Top-Chemgramx-Shop kaufen. Unsere Mitarbeiter helfen Ihnen, Blue Toyotas 160 mg MDMA online zu den besten Preisen zu kaufen. Bestellen Sie Blue Toyotas 160 mg MDMA noch heute online mit weltweitem Versand!\",\"breadcrumb\":{\"@id\":\"https:\/\/chemgramx.com\/product\/blue-toyotas-160-mg-mdma\/#breadcrumb\"},\"inLanguage\":\"fr-FR\",\"potentialAction\":[{\"@type\":\"ReadAction\",\"target\":[\"https:\/\/chemgramx.com\/product\/blue-toyotas-160-mg-mdma\/\"]}]},{\"@type\":\"ImageObject\",\"inLanguage\":\"fr-FR\",\"@id\":\"https:\/\/chemgramx.com\/product\/blue-toyotas-160-mg-mdma\/#primaryimage\",\"url\":\"https:\/\/chemgramx.com\/wp-content\/uploads\/2024\/12\/p-10.png\",\"contentUrl\":\"https:\/\/chemgramx.com\/wp-content\/uploads\/2024\/12\/p-10.png\",\"width\":600,\"height\":400,\"caption\":\"Blue Toyotas 160 mg MDMA online Kaufen\"},{\"@type\":\"BreadcrumbList\",\"@id\":\"https:\/\/chemgramx.com\/product\/blue-toyotas-160-mg-mdma\/#breadcrumb\",\"itemListElement\":[{\"@type\":\"ListItem\",\"position\":1,\"name\":\"Home\",\"item\":\"https:\/\/chemgramx.com\/\"},{\"@type\":\"ListItem\",\"position\":2,\"name\":\"Shop\",\"item\":\"https:\/\/chemgramx.com\/shop\/\"},{\"@type\":\"ListItem\",\"position\":3,\"name\":\"Blue Toyotas 160mg MDMA Online kaufen\"}]},{\"@type\":\"WebSite\",\"@id\":\"https:\/\/chemgramx.com\/#website\",\"url\":\"https:\/\/chemgramx.com\/\",\"name\":\"Chemgramx\",\"description\":\"\",\"publisher\":{\"@id\":\"https:\/\/chemgramx.com\/#organization\"},\"potentialAction\":[{\"@type\":\"SearchAction\",\"target\":{\"@type\":\"EntryPoint\",\"urlTemplate\":\"https:\/\/chemgramx.com\/?s={search_term_string}\"},\"query-input\":{\"@type\":\"PropertyValueSpecification\",\"valueRequired\":true,\"valueName\":\"search_term_string\"}}],\"inLanguage\":\"fr-FR\"},{\"@type\":\"Organization\",\"@id\":\"https:\/\/chemgramx.com\/#organization\",\"name\":\"Chemgramx\",\"url\":\"https:\/\/chemgramx.com\/\",\"logo\":{\"@type\":\"ImageObject\",\"inLanguage\":\"fr-FR\",\"@id\":\"https:\/\/chemgramx.com\/#\/schema\/logo\/image\/\",\"url\":\"https:\/\/chemgramx.com\/wp-content\/uploads\/2024\/10\/final-logo.png\",\"contentUrl\":\"https:\/\/chemgramx.com\/wp-content\/uploads\/2024\/10\/final-logo.png\",\"width\":250,\"height\":48,\"caption\":\"Chemgramx\"},\"image\":{\"@id\":\"https:\/\/chemgramx.com\/#\/schema\/logo\/image\/\"}}]}<\/script>\n<!-- \/ Yoast SEO plugin. -->","yoast_head_json":{"title":"Blue Toyotas 160 mg MDMA zu verkaufen | Chemgramx","description":"Sie k\u00f6nnen jetzt Blue Toyotas 160 mg MDMA zu g\u00fcnstigen Preisen in unserem Top-Chemgramx-Shop kaufen. Unsere Mitarbeiter helfen Ihnen, Blue Toyotas 160 mg MDMA online zu den besten Preisen zu kaufen. Bestellen Sie Blue Toyotas 160 mg MDMA noch heute online mit weltweitem Versand!","robots":{"index":"index","follow":"follow","max-snippet":"max-snippet:-1","max-image-preview":"max-image-preview:large","max-video-preview":"max-video-preview:-1"},"canonical":"https:\/\/chemgramx.com\/fr\/produit\/blue-toyotas-160-mg-mdma\/","og_locale":"fr_FR","og_type":"article","og_title":"Blue Toyotas 160 mg MDMA zu verkaufen | Chemgramx","og_description":"Sie k\u00f6nnen jetzt Blue Toyotas 160 mg MDMA zu g\u00fcnstigen Preisen in unserem Top-Chemgramx-Shop kaufen. Unsere Mitarbeiter helfen Ihnen, Blue Toyotas 160 mg MDMA online zu den besten Preisen zu kaufen. Bestellen Sie Blue Toyotas 160 mg MDMA noch heute online mit weltweitem Versand!","og_url":"https:\/\/chemgramx.com\/fr\/produit\/blue-toyotas-160-mg-mdma\/","og_site_name":"Chemgramx","article_modified_time":"2025-10-16T06:56:03+00:00","og_image":[{"width":600,"height":400,"url":"https:\/\/chemgramx.com\/wp-content\/uploads\/2024\/12\/p-10.png","type":"image\/png"}],"twitter_card":"summary_large_image","twitter_misc":{"Dur\u00e9e de lecture estim\u00e9e":"3 minutes"},"schema":{"@context":"https:\/\/schema.org","@graph":[{"@type":"WebPage","@id":"https:\/\/chemgramx.com\/product\/blue-toyotas-160-mg-mdma\/","url":"https:\/\/chemgramx.com\/product\/blue-toyotas-160-mg-mdma\/","name":"Blue Toyotas 160 mg MDMA zu verkaufen | Chemgramx","isPartOf":{"@id":"https:\/\/chemgramx.com\/#website"},"primaryImageOfPage":{"@id":"https:\/\/chemgramx.com\/product\/blue-toyotas-160-mg-mdma\/#primaryimage"},"image":{"@id":"https:\/\/chemgramx.com\/product\/blue-toyotas-160-mg-mdma\/#primaryimage"},"thumbnailUrl":"https:\/\/chemgramx.com\/wp-content\/uploads\/2024\/12\/p-10.png","datePublished":"2024-12-07T14:47:52+00:00","dateModified":"2025-10-16T06:56:03+00:00","description":"Sie k\u00f6nnen jetzt Blue Toyotas 160 mg MDMA zu g\u00fcnstigen Preisen in unserem Top-Chemgramx-Shop kaufen. Unsere Mitarbeiter helfen Ihnen, Blue Toyotas 160 mg MDMA online zu den besten Preisen zu kaufen. Bestellen Sie Blue Toyotas 160 mg MDMA noch heute online mit weltweitem Versand!","breadcrumb":{"@id":"https:\/\/chemgramx.com\/product\/blue-toyotas-160-mg-mdma\/#breadcrumb"},"inLanguage":"fr-FR","potentialAction":[{"@type":"ReadAction","target":["https:\/\/chemgramx.com\/product\/blue-toyotas-160-mg-mdma\/"]}]},{"@type":"ImageObject","inLanguage":"fr-FR","@id":"https:\/\/chemgramx.com\/product\/blue-toyotas-160-mg-mdma\/#primaryimage","url":"https:\/\/chemgramx.com\/wp-content\/uploads\/2024\/12\/p-10.png","contentUrl":"https:\/\/chemgramx.com\/wp-content\/uploads\/2024\/12\/p-10.png","width":600,"height":400,"caption":"Blue Toyotas 160 mg MDMA online Kaufen"},{"@type":"BreadcrumbList","@id":"https:\/\/chemgramx.com\/product\/blue-toyotas-160-mg-mdma\/#breadcrumb","itemListElement":[{"@type":"ListItem","position":1,"name":"Home","item":"https:\/\/chemgramx.com\/"},{"@type":"ListItem","position":2,"name":"Shop","item":"https:\/\/chemgramx.com\/shop\/"},{"@type":"ListItem","position":3,"name":"Blue Toyotas 160mg MDMA Online kaufen"}]},{"@type":"WebSite","@id":"https:\/\/chemgramx.com\/#website","url":"https:\/\/chemgramx.com\/","name":"Chemgramx","description":"","publisher":{"@id":"https:\/\/chemgramx.com\/#organization"},"potentialAction":[{"@type":"SearchAction","target":{"@type":"EntryPoint","urlTemplate":"https:\/\/chemgramx.com\/?s={search_term_string}"},"query-input":{"@type":"PropertyValueSpecification","valueRequired":true,"valueName":"search_term_string"}}],"inLanguage":"fr-FR"},{"@type":"Organization","@id":"https:\/\/chemgramx.com\/#organization","name":"Chemgramx","url":"https:\/\/chemgramx.com\/","logo":{"@type":"ImageObject","inLanguage":"fr-FR","@id":"https:\/\/chemgramx.com\/#\/schema\/logo\/image\/","url":"https:\/\/chemgramx.com\/wp-content\/uploads\/2024\/10\/final-logo.png","contentUrl":"https:\/\/chemgramx.com\/wp-content\/uploads\/2024\/10\/final-logo.png","width":250,"height":48,"caption":"Chemgramx"},"image":{"@id":"https:\/\/chemgramx.com\/#\/schema\/logo\/image\/"}}]}},"_links":{"self":[{"href":"https:\/\/chemgramx.com\/fr\/wp-json\/wp\/v2\/product\/1003","targetHints":{"allow":["GET"]}}],"collection":[{"href":"https:\/\/chemgramx.com\/fr\/wp-json\/wp\/v2\/product"}],"about":[{"href":"https:\/\/chemgramx.com\/fr\/wp-json\/wp\/v2\/types\/product"}],"replies":[{"embeddable":true,"href":"https:\/\/chemgramx.com\/fr\/wp-json\/wp\/v2\/comments?post=1003"}],"wp:featuredmedia":[{"embeddable":true,"href":"https:\/\/chemgramx.com\/fr\/wp-json\/wp\/v2\/media\/1004"}],"wp:attachment":[{"href":"https:\/\/chemgramx.com\/fr\/wp-json\/wp\/v2\/media?parent=1003"}],"wp:term":[{"taxonomy":"product_brand","embeddable":true,"href":"https:\/\/chemgramx.com\/fr\/wp-json\/wp\/v2\/product_brand?post=1003"},{"taxonomy":"product_cat","embeddable":true,"href":"https:\/\/chemgramx.com\/fr\/wp-json\/wp\/v2\/product_cat?post=1003"},{"taxonomy":"product_tag","embeddable":true,"href":"https:\/\/chemgramx.com\/fr\/wp-json\/wp\/v2\/product_tag?post=1003"}],"curies":[{"name":"wp","href":"https:\/\/api.w.org\/{rel}","templated":true}]}}