{"id":1005,"date":"2024-12-07T14:50:11","date_gmt":"2024-12-07T14:50:11","guid":{"rendered":"https:\/\/chemgramx.com\/?post_type=product&#038;p=1005"},"modified":"2025-10-15T05:25:14","modified_gmt":"2025-10-15T05:25:14","slug":"2c-c","status":"publish","type":"product","link":"https:\/\/chemgramx.com\/fr\/produit\/2c-c\/","title":{"rendered":"2C-C Acheter en ligne"},"content":{"rendered":"<h2 data-start=\"124\" data-end=\"152\">Description du produit 2C-C<\/h2>\n<h2 data-start=\"154\" data-end=\"177\">Introduction au 2C-C<\/h2>\n<p data-start=\"179\" data-end=\"619\">Achetez du 2C-C en ligne\u00a0; il appartient \u00e0 la c\u00e9l\u00e8bre famille des 2C-ph\u00e9n\u00e9thylamines, synth\u00e9tis\u00e9e pour la premi\u00e8re fois par Alexander Shulgin. Cette substance est tr\u00e8s pris\u00e9e des chercheurs et des chimistes qui \u00e9tudient les structures psych\u00e9d\u00e9liques et leurs propri\u00e9t\u00e9s pharmacologiques. <a href=\"https:\/\/chemgramx.com\/fr\/produit\/2c-c\/\">2C-C \u00e0 vendre<\/a> se caract\u00e9rise particuli\u00e8rement par son effet psych\u00e9d\u00e9lique doux et fait l'objet de nombreuses \u00e9tudes scientifiques.<\/p>\n<h3 data-start=\"621\" data-end=\"639\">Qu'est-ce que 2C-C ?<\/h3>\n<p data-start=\"641\" data-end=\"1042\"><a href=\"https:\/\/en.wikipedia.org\/wiki\/2C-C\">2C-C<\/a> (Nom chimique complet\u00a0: 4-chloro-2,5-dim\u00e9thoxyph\u00e9n\u00e9thylamine) est un d\u00e9riv\u00e9 psych\u00e9d\u00e9lique de la ph\u00e9n\u00e9thylamine de la famille des 2C. Il associe des changements sensoriels subtils \u00e0 une perception mentale claire et est particuli\u00e8rement int\u00e9ressant pour la recherche sur les r\u00e9cepteurs s\u00e9rotoninergiques. L'achat de 2C-C en ligne est r\u00e9serv\u00e9 aux \u00e9tudes analytiques et scientifiques.<\/p>\n<h3 data-start=\"1044\" data-end=\"1084\">Utilisations et effets courants<\/h3>\n<ul data-start=\"1086\" data-end=\"1317\">\n<li data-start=\"1086\" data-end=\"1141\">\n<p data-start=\"1088\" data-end=\"1141\">\u00c9tudes sur la liaison des r\u00e9cepteurs neurochimiques<\/p>\n<\/li>\n<li data-start=\"1142\" data-end=\"1206\">\n<p data-start=\"1144\" data-end=\"1206\">Recherche dans le domaine de la psychopharmacologie psych\u00e9d\u00e9lique<\/p>\n<\/li>\n<li data-start=\"1207\" data-end=\"1317\">\n<p data-start=\"1209\" data-end=\"1317\">Rapports des sujets de recherche : effets visuels doux, l\u00e9g\u00e8re euphorie, sensations corporelles agr\u00e9ables<\/p>\n<\/li>\n<\/ul>\n<p data-start=\"1319\" data-end=\"1439\">Remarque : Le 2C-C est destin\u00e9 \u00e0 des fins de recherche uniquement et n'est pas destin\u00e9 \u00e0 la consommation humaine.<\/p>\n<h3 data-start=\"1441\" data-end=\"1497\">Statut juridique (varie selon la r\u00e9gion)<\/h3>\n<p data-start=\"1499\" data-end=\"1783\">Le statut juridique du 2C-C varie selon les pays. Dans certaines r\u00e9gions, il est soumis aux lois sur le contr\u00f4le des psychotropes, tandis que dans d'autres, il est consid\u00e9r\u00e9 comme un produit chimique de recherche l\u00e9gal. Veuillez v\u00e9rifier la r\u00e9glementation applicable avant d'acheter du 2C-C en ligne.<\/p>\n<h3 data-start=\"1785\" data-end=\"1824\">Pourquoi les gens ach\u00e8tent-ils du 2C-C en ligne ?<\/h3>\n<ul data-start=\"1826\" data-end=\"2012\">\n<li data-start=\"1826\" data-end=\"1890\">\n<p data-start=\"1828\" data-end=\"1890\">Prix \u200b\u200b2C-C moins cher que celui du commerce de d\u00e9tail stationnaire<\/p>\n<\/li>\n<li data-start=\"1891\" data-end=\"1936\">\n<p data-start=\"1893\" data-end=\"1936\">Acc\u00e8s \u00e0 des produits chimiques de recherche test\u00e9s<\/p>\n<\/li>\n<li data-start=\"1937\" data-end=\"1968\">\n<p data-start=\"1939\" data-end=\"1968\">Livraison discr\u00e8te dans le monde entier<\/p>\n<\/li>\n<li data-start=\"1969\" data-end=\"2012\">\n<p data-start=\"1971\" data-end=\"2012\">Gr\u00f6\u00dfere Auswahl an Verpackungseinheiten<\/p>\n<\/li>\n<\/ul>\n<p data-start=\"2014\" data-end=\"2152\">De nombreux chercheurs choisissent de commander 2C-C car le march\u00e9 en ligne offre les meilleures offres et des options de commande flexibles.<\/p>\n<h3 data-start=\"2154\" data-end=\"2188\">Acc\u00e8s et choix<\/h3>\n<p data-start=\"2190\" data-end=\"2446\">Chez Where to Buy 2C-C, les clients trouveront une large s\u00e9lection de produits 2C-C, adapt\u00e9s \u00e0 leurs besoins et \u00e0 leurs projets de recherche. Qu'il s'agisse de petites quantit\u00e9s pour une s\u00e9rie d'exp\u00e9riences ou de commandes plus importantes pour des travaux de laboratoire approfondis, la s\u00e9lection est vari\u00e9e et adaptable.<\/p>\n<h3 data-start=\"2448\" data-end=\"2471\">Livraison discr\u00e8te<\/h3>\n<p data-start=\"2473\" data-end=\"2706\">Les fournisseurs proposant des achats en ligne 2C-C garantissent un emballage neutre et s\u00e9curis\u00e9 pour une discr\u00e9tion maximale. De nombreux magasins proposent \u00e9galement des options de suivi pour que les clients puissent suivre leur envoi \u00e0 tout moment.<\/p>\n<h3 data-start=\"2708\" data-end=\"2756\">Comment choisir un fournisseur fiable ?<\/h3>\n<ul data-start=\"2758\" data-end=\"2958\">\n<li data-start=\"2758\" data-end=\"2819\">\n<p data-start=\"2760\" data-end=\"2819\">Avis clients positifs et t\u00e9moignages de confiance<\/p>\n<\/li>\n<li data-start=\"2820\" data-end=\"2861\">\n<p data-start=\"2822\" data-end=\"2861\">Faire Preise ohne versteckte Geb\u00fchren<\/p>\n<\/li>\n<li data-start=\"2862\" data-end=\"2905\">\n<p data-start=\"2864\" data-end=\"2905\">Service client rapide et comp\u00e9tent<\/p>\n<\/li>\n<li data-start=\"2906\" data-end=\"2958\">\n<p data-start=\"2908\" data-end=\"2958\">M\u00e9thodes de paiement s\u00e9curis\u00e9es, y compris la cryptomonnaie<\/p>\n<\/li>\n<\/ul>\n<p data-start=\"2960\" data-end=\"3109\">Der bester Ort, um 2C-C online zu kaufen ist bei spezialisierten Anbietern, die sich einen guten Ruf im Bereich Forschungschemikalien aufgebaut haben.<\/p>\n<h2 data-start=\"3111\" data-end=\"3134\">Politiques d'exp\u00e9dition<\/h2>\n<p data-start=\"3136\" data-end=\"3192\">Avant d\u2019acheter, il convient de v\u00e9rifier les points suivants :<\/p>\n<ul data-start=\"3194\" data-end=\"3314\">\n<li data-start=\"3194\" data-end=\"3237\">\n<p data-start=\"3196\" data-end=\"3237\">D\u00e9lais de livraison nationaux et internationaux<\/p>\n<\/li>\n<li data-start=\"3238\" data-end=\"3281\">\n<p data-start=\"3240\" data-end=\"3281\">Verpackungsoptionen (diskret &amp; neutral)<\/p>\n<\/li>\n<li data-start=\"3282\" data-end=\"3314\">\n<p data-start=\"3284\" data-end=\"3314\">Suivi d'exp\u00e9dition disponible<\/p>\n<\/li>\n<\/ul>\n<h3 data-start=\"3316\" data-end=\"3345\">Risques et consid\u00e9rations<\/h3>\n<ul data-start=\"3347\" data-end=\"3461\">\n<li data-start=\"3347\" data-end=\"3386\">\n<p data-start=\"3349\" data-end=\"3386\">\u00c0 des fins de recherche uniquement<\/p>\n<\/li>\n<li data-start=\"3387\" data-end=\"3426\">\n<p data-start=\"3389\" data-end=\"3426\">Risques juridiques selon la localisation<\/p>\n<\/li>\n<li data-start=\"3427\" data-end=\"3461\">\n<p data-start=\"3429\" data-end=\"3461\">Stockage soign\u00e9 recommand\u00e9<\/p>\n<\/li>\n<\/ul>\n<h3 data-start=\"3463\" data-end=\"3473\">Conclusion<\/h3>\n<p data-start=\"3475\" data-end=\"3862\">Quiconque souhaite acheter du 2C-C b\u00e9n\u00e9ficie de prix attractifs, d'une qualit\u00e9 \u00e9prouv\u00e9e, d'un large choix et d'une livraison s\u00e9curis\u00e9e et discr\u00e8te. Avec un fournisseur fiable, l'achat est simple, professionnel et s\u00e9curis\u00e9. La vente de 2C-C est id\u00e9ale pour les chercheurs, les laboratoires et les institutions scientifiques qui ont besoin de substances de haute qualit\u00e9 pour leurs analyses et leurs exp\u00e9riences.<\/p>","protected":false},"excerpt":{"rendered":"<p>2C-C<\/p>\n<p>Le 2C-C est un produit chimique synth\u00e9tique destin\u00e9 \u00e0 la recherche scientifique. Ce produit est r\u00e9put\u00e9 pour sa puret\u00e9 et sa stabilit\u00e9, ce qui le rend id\u00e9al pour les \u00e9tudes pharmacologiques et les analyses en laboratoire. Chaque lot est soigneusement test\u00e9 afin de garantir des r\u00e9sultats fiables et coh\u00e9rents. Destin\u00e9 exclusivement \u00e0 des fins de laboratoire.<\/p>","protected":false},"featured_media":1006,"comment_status":"open","ping_status":"closed","template":"","meta":{"_joinchat":[]},"product_brand":[],"product_cat":[1795],"product_tag":[1877,1883,1878,1881,1882,1880,1879,188,1814,1841],"class_list":{"0":"post-1005","1":"product","2":"type-product","3":"status-publish","4":"has-post-thumbnail","6":"product_cat-2c-serie","7":"product_tag-2c-c","8":"product_tag-2c-c-chemikalien","9":"product_tag-2c-c-kaufen","10":"product_tag-2c-c-kristalle","11":"product_tag-2c-c-online","12":"product_tag-2c-c-pulver","13":"product_tag-2c-c-zum-verkauf","14":"product_tag-forschungschemikalien","15":"product_tag-forschungsstoffe-kaufen","16":"product_tag-synthetische-phenethylamine","18":"first","19":"instock","20":"shipping-taxable","21":"purchasable","22":"product-type-variable"},"yoast_head":"<!-- This site is optimized with the Yoast SEO plugin v26.1.1 - https:\/\/yoast.com\/wordpress\/plugins\/seo\/ -->\n<title>2C-C online kaufen \u2013 2C-C zu verkaufen | chemgramx<\/title>\n<meta name=\"description\" content=\"Unser Chemgramx-Onlineshop bietet 2C-C in bester Qualit\u00e4t zum Verkauf an. Wenn Sie 2C-C online kaufen m\u00f6chten, k\u00f6nnen wir Ihnen in jeder Hinsicht helfen. Bestellen Sie noch heute!\" \/>\n<meta name=\"robots\" content=\"index, follow, max-snippet:-1, max-image-preview:large, max-video-preview:-1\" \/>\n<link rel=\"canonical\" href=\"https:\/\/chemgramx.com\/fr\/produit\/2c-c\/\" \/>\n<meta property=\"og:locale\" content=\"fr_FR\" \/>\n<meta property=\"og:type\" content=\"article\" \/>\n<meta property=\"og:title\" content=\"2C-C online kaufen \u2013 2C-C zu verkaufen | chemgramx\" \/>\n<meta property=\"og:description\" content=\"Unser Chemgramx-Onlineshop bietet 2C-C in bester Qualit\u00e4t zum Verkauf an. Wenn Sie 2C-C online kaufen m\u00f6chten, k\u00f6nnen wir Ihnen in jeder Hinsicht helfen. Bestellen Sie noch heute!\" \/>\n<meta property=\"og:url\" content=\"https:\/\/chemgramx.com\/fr\/produit\/2c-c\/\" \/>\n<meta property=\"og:site_name\" content=\"Chemgramx\" \/>\n<meta property=\"article:modified_time\" content=\"2025-10-15T05:25:14+00:00\" \/>\n<meta property=\"og:image\" content=\"https:\/\/chemgramx.com\/wp-content\/uploads\/2024\/12\/2cc.jpg\" \/>\n\t<meta property=\"og:image:width\" content=\"600\" \/>\n\t<meta property=\"og:image:height\" content=\"400\" \/>\n\t<meta property=\"og:image:type\" content=\"image\/jpeg\" \/>\n<meta name=\"twitter:card\" content=\"summary_large_image\" \/>\n<meta name=\"twitter:label1\" content=\"Dur\u00e9e de lecture estim\u00e9e\" \/>\n\t<meta name=\"twitter:data1\" content=\"3 minutes\" \/>\n<script type=\"application\/ld+json\" class=\"yoast-schema-graph\">{\"@context\":\"https:\/\/schema.org\",\"@graph\":[{\"@type\":\"WebPage\",\"@id\":\"https:\/\/chemgramx.com\/product\/2c-c\/\",\"url\":\"https:\/\/chemgramx.com\/product\/2c-c\/\",\"name\":\"2C-C online kaufen \u2013 2C-C zu verkaufen | chemgramx\",\"isPartOf\":{\"@id\":\"https:\/\/chemgramx.com\/#website\"},\"primaryImageOfPage\":{\"@id\":\"https:\/\/chemgramx.com\/product\/2c-c\/#primaryimage\"},\"image\":{\"@id\":\"https:\/\/chemgramx.com\/product\/2c-c\/#primaryimage\"},\"thumbnailUrl\":\"https:\/\/chemgramx.com\/wp-content\/uploads\/2024\/12\/2cc.jpg\",\"datePublished\":\"2024-12-07T14:50:11+00:00\",\"dateModified\":\"2025-10-15T05:25:14+00:00\",\"description\":\"Unser Chemgramx-Onlineshop bietet 2C-C in bester Qualit\u00e4t zum Verkauf an. Wenn Sie 2C-C online kaufen m\u00f6chten, k\u00f6nnen wir Ihnen in jeder Hinsicht helfen. Bestellen Sie noch heute!\",\"breadcrumb\":{\"@id\":\"https:\/\/chemgramx.com\/product\/2c-c\/#breadcrumb\"},\"inLanguage\":\"fr-FR\",\"potentialAction\":[{\"@type\":\"ReadAction\",\"target\":[\"https:\/\/chemgramx.com\/product\/2c-c\/\"]}]},{\"@type\":\"ImageObject\",\"inLanguage\":\"fr-FR\",\"@id\":\"https:\/\/chemgramx.com\/product\/2c-c\/#primaryimage\",\"url\":\"https:\/\/chemgramx.com\/wp-content\/uploads\/2024\/12\/2cc.jpg\",\"contentUrl\":\"https:\/\/chemgramx.com\/wp-content\/uploads\/2024\/12\/2cc.jpg\",\"width\":600,\"height\":400,\"caption\":\"2C-C online kaufen\"},{\"@type\":\"BreadcrumbList\",\"@id\":\"https:\/\/chemgramx.com\/product\/2c-c\/#breadcrumb\",\"itemListElement\":[{\"@type\":\"ListItem\",\"position\":1,\"name\":\"Home\",\"item\":\"https:\/\/chemgramx.com\/\"},{\"@type\":\"ListItem\",\"position\":2,\"name\":\"Shop\",\"item\":\"https:\/\/chemgramx.com\/shop\/\"},{\"@type\":\"ListItem\",\"position\":3,\"name\":\"2C-C Online kaufen\"}]},{\"@type\":\"WebSite\",\"@id\":\"https:\/\/chemgramx.com\/#website\",\"url\":\"https:\/\/chemgramx.com\/\",\"name\":\"Chemgramx\",\"description\":\"\",\"publisher\":{\"@id\":\"https:\/\/chemgramx.com\/#organization\"},\"potentialAction\":[{\"@type\":\"SearchAction\",\"target\":{\"@type\":\"EntryPoint\",\"urlTemplate\":\"https:\/\/chemgramx.com\/?s={search_term_string}\"},\"query-input\":{\"@type\":\"PropertyValueSpecification\",\"valueRequired\":true,\"valueName\":\"search_term_string\"}}],\"inLanguage\":\"fr-FR\"},{\"@type\":\"Organization\",\"@id\":\"https:\/\/chemgramx.com\/#organization\",\"name\":\"Chemgramx\",\"url\":\"https:\/\/chemgramx.com\/\",\"logo\":{\"@type\":\"ImageObject\",\"inLanguage\":\"fr-FR\",\"@id\":\"https:\/\/chemgramx.com\/#\/schema\/logo\/image\/\",\"url\":\"https:\/\/chemgramx.com\/wp-content\/uploads\/2024\/10\/final-logo.png\",\"contentUrl\":\"https:\/\/chemgramx.com\/wp-content\/uploads\/2024\/10\/final-logo.png\",\"width\":250,\"height\":48,\"caption\":\"Chemgramx\"},\"image\":{\"@id\":\"https:\/\/chemgramx.com\/#\/schema\/logo\/image\/\"}}]}<\/script>\n<!-- \/ Yoast SEO plugin. -->","yoast_head_json":{"title":"Achetez du 2C-C en ligne \u2013 2C-C \u00e0 vendre | chemgramx","description":"Notre boutique en ligne Chemgramx propose du 2C-C de la plus haute qualit\u00e9. Si vous souhaitez acheter du 2C-C en ligne, nous pouvons vous accompagner. Commandez d\u00e8s aujourd'hui\u00a0!","robots":{"index":"index","follow":"follow","max-snippet":"max-snippet:-1","max-image-preview":"max-image-preview:large","max-video-preview":"max-video-preview:-1"},"canonical":"https:\/\/chemgramx.com\/fr\/produit\/2c-c\/","og_locale":"fr_FR","og_type":"article","og_title":"2C-C online kaufen \u2013 2C-C zu verkaufen | chemgramx","og_description":"Unser Chemgramx-Onlineshop bietet 2C-C in bester Qualit\u00e4t zum Verkauf an. Wenn Sie 2C-C online kaufen m\u00f6chten, k\u00f6nnen wir Ihnen in jeder Hinsicht helfen. Bestellen Sie noch heute!","og_url":"https:\/\/chemgramx.com\/fr\/produit\/2c-c\/","og_site_name":"Chemgramx","article_modified_time":"2025-10-15T05:25:14+00:00","og_image":[{"width":600,"height":400,"url":"https:\/\/chemgramx.com\/wp-content\/uploads\/2024\/12\/2cc.jpg","type":"image\/jpeg"}],"twitter_card":"summary_large_image","twitter_misc":{"Dur\u00e9e de lecture estim\u00e9e":"3 minutes"},"schema":{"@context":"https:\/\/schema.org","@graph":[{"@type":"WebPage","@id":"https:\/\/chemgramx.com\/product\/2c-c\/","url":"https:\/\/chemgramx.com\/product\/2c-c\/","name":"Achetez du 2C-C en ligne \u2013 2C-C \u00e0 vendre | chemgramx","isPartOf":{"@id":"https:\/\/chemgramx.com\/#website"},"primaryImageOfPage":{"@id":"https:\/\/chemgramx.com\/product\/2c-c\/#primaryimage"},"image":{"@id":"https:\/\/chemgramx.com\/product\/2c-c\/#primaryimage"},"thumbnailUrl":"https:\/\/chemgramx.com\/wp-content\/uploads\/2024\/12\/2cc.jpg","datePublished":"2024-12-07T14:50:11+00:00","dateModified":"2025-10-15T05:25:14+00:00","description":"Notre boutique en ligne Chemgramx propose du 2C-C de la plus haute qualit\u00e9. Si vous souhaitez acheter du 2C-C en ligne, nous pouvons vous accompagner. Commandez d\u00e8s aujourd'hui\u00a0!","breadcrumb":{"@id":"https:\/\/chemgramx.com\/product\/2c-c\/#breadcrumb"},"inLanguage":"fr-FR","potentialAction":[{"@type":"ReadAction","target":["https:\/\/chemgramx.com\/product\/2c-c\/"]}]},{"@type":"ImageObject","inLanguage":"fr-FR","@id":"https:\/\/chemgramx.com\/product\/2c-c\/#primaryimage","url":"https:\/\/chemgramx.com\/wp-content\/uploads\/2024\/12\/2cc.jpg","contentUrl":"https:\/\/chemgramx.com\/wp-content\/uploads\/2024\/12\/2cc.jpg","width":600,"height":400,"caption":"2C-C online kaufen"},{"@type":"BreadcrumbList","@id":"https:\/\/chemgramx.com\/product\/2c-c\/#breadcrumb","itemListElement":[{"@type":"ListItem","position":1,"name":"Home","item":"https:\/\/chemgramx.com\/"},{"@type":"ListItem","position":2,"name":"Shop","item":"https:\/\/chemgramx.com\/shop\/"},{"@type":"ListItem","position":3,"name":"2C-C Online kaufen"}]},{"@type":"WebSite","@id":"https:\/\/chemgramx.com\/#website","url":"https:\/\/chemgramx.com\/","name":"Chemgramx","description":"","publisher":{"@id":"https:\/\/chemgramx.com\/#organization"},"potentialAction":[{"@type":"SearchAction","target":{"@type":"EntryPoint","urlTemplate":"https:\/\/chemgramx.com\/?s={search_term_string}"},"query-input":{"@type":"PropertyValueSpecification","valueRequired":true,"valueName":"search_term_string"}}],"inLanguage":"fr-FR"},{"@type":"Organization","@id":"https:\/\/chemgramx.com\/#organization","name":"Chemgramx","url":"https:\/\/chemgramx.com\/","logo":{"@type":"ImageObject","inLanguage":"fr-FR","@id":"https:\/\/chemgramx.com\/#\/schema\/logo\/image\/","url":"https:\/\/chemgramx.com\/wp-content\/uploads\/2024\/10\/final-logo.png","contentUrl":"https:\/\/chemgramx.com\/wp-content\/uploads\/2024\/10\/final-logo.png","width":250,"height":48,"caption":"Chemgramx"},"image":{"@id":"https:\/\/chemgramx.com\/#\/schema\/logo\/image\/"}}]}},"_links":{"self":[{"href":"https:\/\/chemgramx.com\/fr\/wp-json\/wp\/v2\/product\/1005","targetHints":{"allow":["GET"]}}],"collection":[{"href":"https:\/\/chemgramx.com\/fr\/wp-json\/wp\/v2\/product"}],"about":[{"href":"https:\/\/chemgramx.com\/fr\/wp-json\/wp\/v2\/types\/product"}],"replies":[{"embeddable":true,"href":"https:\/\/chemgramx.com\/fr\/wp-json\/wp\/v2\/comments?post=1005"}],"wp:featuredmedia":[{"embeddable":true,"href":"https:\/\/chemgramx.com\/fr\/wp-json\/wp\/v2\/media\/1006"}],"wp:attachment":[{"href":"https:\/\/chemgramx.com\/fr\/wp-json\/wp\/v2\/media?parent=1005"}],"wp:term":[{"taxonomy":"product_brand","embeddable":true,"href":"https:\/\/chemgramx.com\/fr\/wp-json\/wp\/v2\/product_brand?post=1005"},{"taxonomy":"product_cat","embeddable":true,"href":"https:\/\/chemgramx.com\/fr\/wp-json\/wp\/v2\/product_cat?post=1005"},{"taxonomy":"product_tag","embeddable":true,"href":"https:\/\/chemgramx.com\/fr\/wp-json\/wp\/v2\/product_tag?post=1005"}],"curies":[{"name":"wp","href":"https:\/\/api.w.org\/{rel}","templated":true}]}}