{"id":1007,"date":"2024-12-07T14:52:51","date_gmt":"2024-12-07T14:52:51","guid":{"rendered":"https:\/\/chemgramx.com\/?post_type=product&#038;p=1007"},"modified":"2025-10-15T05:18:36","modified_gmt":"2025-10-15T05:18:36","slug":"2c-e","status":"publish","type":"product","link":"https:\/\/chemgramx.com\/fr\/produit\/2c-e\/","title":{"rendered":"2C-E Acheter en ligne"},"content":{"rendered":"<h2 data-start=\"150\" data-end=\"178\">Description du produit 2C-E<\/h2>\n<h3 data-start=\"180\" data-end=\"203\">Introduction au 2C-E<\/h3>\n<p data-start=\"205\" data-end=\"550\">2C-E online kaufen geh\u00f6rt zur bekannten 2C-Familie von Phenethylamin-Derivaten und ist unter Wissenschaftlern und Forschern f\u00fcr seine intensiven psychedelischen Eigenschaften bekannt. Seit seiner Entdeckung durch Alexander Shulgin hat 2C-E zum Verkauf in analytischen und psychopharmakologischen Forschungsbereichen gro\u00dfes Interesse geweckt.<\/p>\n<h3 data-start=\"552\" data-end=\"570\">Qu'est-ce que le 2C-E ?<\/h3>\n<p data-start=\"572\" data-end=\"936\"><a href=\"https:\/\/chemgramx.com\/fr\/produit\/2c-e\/\">2C-E (nom chimique complet : 2,5-dim\u00e9thoxy-4-\u00e9thylph\u00e9n\u00e9thylamine)<\/a> est une ph\u00e9n\u00e9thylamine psych\u00e9d\u00e9lique connue pour ses puissants effets visuels et mentaux. En science, elle est utilis\u00e9e pour \u00e9tudier les m\u00e9canismes des substances psych\u00e9d\u00e9liques, notamment celles li\u00e9es au r\u00e9cepteur 5-HT2A.<\/p>\n<h3 data-start=\"938\" data-end=\"978\">Utilisations et effets courants<\/h3>\n<ul data-start=\"980\" data-end=\"1206\">\n<li data-start=\"980\" data-end=\"1040\">\n<p data-start=\"982\" data-end=\"1040\">Recherche en neurochimie et psychopharmacologie<\/p>\n<\/li>\n<li data-start=\"1041\" data-end=\"1093\">\n<p data-start=\"1043\" data-end=\"1093\">\u00c9tudes sur la liaison aux r\u00e9cepteurs s\u00e9rotoninergiques<\/p>\n<\/li>\n<li data-start=\"1094\" data-end=\"1206\">\n<p data-start=\"1096\" data-end=\"1206\">Rapports subjectifs : Hallucinations visuelles intenses, sch\u00e9mas de pens\u00e9e alt\u00e9r\u00e9s, forte intensit\u00e9 \u00e9motionnelle<\/p>\n<\/li>\n<\/ul>\n<p data-start=\"1208\" data-end=\"1328\">Remarque : Le 2C-E est destin\u00e9 \u00e0 des fins de recherche uniquement et n'est pas destin\u00e9 \u00e0 la consommation humaine.<\/p>\n<h3 data-start=\"1330\" data-end=\"1386\">Statut juridique (varie selon la r\u00e9gion)<\/h3>\n<p data-start=\"1388\" data-end=\"1650\">Le statut juridique de <a href=\"https:\/\/en.wikipedia.org\/wiki\/2C-E\">2C-E<\/a> Varie selon les pays. Dans certains pays, il est interdit ou r\u00e9glement\u00e9, tandis que dans d'autres, il peut \u00eatre consid\u00e9r\u00e9 comme un produit chimique de recherche l\u00e9gal. V\u00e9rifiez toujours la r\u00e9glementation en vigueur avant d'acheter du 2C-E en ligne.<\/p>\n<h3 data-start=\"1652\" data-end=\"1691\">Pourquoi les gens ach\u00e8tent-ils du 2C-E en ligne ?<\/h3>\n<ul data-start=\"1693\" data-end=\"1878\">\n<li data-start=\"1693\" data-end=\"1734\">\n<p data-start=\"1695\" data-end=\"1734\">Prix \u200b\u200b2C-E attractif et abordable<\/p>\n<\/li>\n<li data-start=\"1735\" data-end=\"1782\">\n<p data-start=\"1737\" data-end=\"1782\">Acc\u00e8s \u00e0 des produits chimiques test\u00e9s et de haute puret\u00e9<\/p>\n<\/li>\n<li data-start=\"1783\" data-end=\"1814\">\n<p data-start=\"1785\" data-end=\"1814\">Livraison discr\u00e8te dans le monde entier<\/p>\n<\/li>\n<\/ul>\n<p data-start=\"1880\" data-end=\"2010\">De nombreux chercheurs choisissent d\u2019acheter du 2C-E en ligne car le march\u00e9 en ligne offre les meilleures conditions, la meilleure s\u00e9lection et la meilleure discr\u00e9tion.<\/p>\n<h3 data-start=\"2012\" data-end=\"2046\">Acc\u00e8s et choix<\/h3>\n<p data-start=\"2048\" data-end=\"2241\">Lors de la commande de 2C-E, diff\u00e9rentes tailles d'emballage sont disponibles selon le fournisseur - id\u00e9ales aussi bien pour les petits \u00e9chantillons analytiques que pour les projets scientifiques plus vastes.<\/p>\n<h3 data-start=\"2243\" data-end=\"2266\">Livraison discr\u00e8te<\/h3>\n<p data-start=\"2268\" data-end=\"2518\">Les vendeurs r\u00e9put\u00e9s proposant du 2C-E en ligne proposent des emballages neutres, sans indication claire du contenu. La plupart des boutiques proposent un suivi d'exp\u00e9dition, vous permettant ainsi de savoir pr\u00e9cis\u00e9ment o\u00f9 acheter du 2C-E.<\/p>\n<h3 data-start=\"2520\" data-end=\"2568\">Comment choisir un fournisseur fiable ?<\/h3>\n<ul data-start=\"2570\" data-end=\"2756\">\n<li data-start=\"2570\" data-end=\"2614\">\n<p data-start=\"2572\" data-end=\"2614\">Seri\u00f6se Bewertungen &amp; Erfahrungsberichte<\/p>\n<\/li>\n<li data-start=\"2615\" data-end=\"2670\">\n<p data-start=\"2617\" data-end=\"2670\">Tarification transparente sans frais cach\u00e9s<\/p>\n<\/li>\n<li data-start=\"2671\" data-end=\"2700\">\n<p data-start=\"2673\" data-end=\"2700\">Service client comp\u00e9tent<\/p>\n<\/li>\n<\/ul>\n<p data-start=\"2758\" data-end=\"2888\">Der bester Ort, um 2C-E online zu kaufen sind spezialisierte Anbieter mit nachweisbarer Erfahrung im Bereich Forschungschemikalien.<\/p>\n<h3 data-start=\"2890\" data-end=\"2913\">Politiques d'exp\u00e9dition<\/h3>\n<p data-start=\"2915\" data-end=\"2976\">Avant de commander, veuillez noter les points suivants :<\/p>\n<ul data-start=\"2978\" data-end=\"3087\">\n<li data-start=\"2978\" data-end=\"3021\">\n<p data-start=\"2980\" data-end=\"3021\">D\u00e9lais de livraison (nationaux et internationaux)<\/p>\n<\/li>\n<li data-start=\"3022\" data-end=\"3054\">\n<p data-start=\"3024\" data-end=\"3054\">Options d'emballage discr\u00e8tes<\/p>\n<\/li>\n<li data-start=\"3055\" data-end=\"3087\">\n<p data-start=\"3057\" data-end=\"3087\">Suivi d'exp\u00e9dition disponible<\/p>\n<\/li>\n<\/ul>\n<h3 data-start=\"3089\" data-end=\"3118\">Risques et consid\u00e9rations<\/h3>\n<ul data-start=\"3120\" data-end=\"3237\">\n<li data-start=\"3120\" data-end=\"3156\">\n<p data-start=\"3122\" data-end=\"3156\">\u00c0 des fins de recherche uniquement<\/p>\n<\/li>\n<li data-start=\"3157\" data-end=\"3203\">\n<p data-start=\"3159\" data-end=\"3203\">Risques juridiques possibles selon la r\u00e9gion<\/p>\n<\/li>\n<li data-start=\"3204\" data-end=\"3237\">\n<p data-start=\"3206\" data-end=\"3237\">Stockage s\u00e9curis\u00e9 requis<\/p>\n<\/li>\n<\/ul>\n<h3 data-start=\"3239\" data-end=\"3249\">Conclusion<\/h3>\n<p data-start=\"3251\" data-end=\"3507\">Wer 2C-E online kaufen m\u00f6chte, profitiert von gepr\u00fcfter Qualit\u00e4t, fairen 2C-E price, gro\u00dfer Auswahl und sicherem, diskretem Versand. 2C-E for sale ist ideal f\u00fcr Forscher, die eine zuverl\u00e4ssige, reine Substanz f\u00fcr wissenschaftliche Zwecke suchen.<\/p>","protected":false},"excerpt":{"rendered":"<p style=\"text-align: center;\"><strong>2C-E<\/strong><\/p>\n<hr \/>\n<p>Le 2C-C est un produit chimique synth\u00e9tique destin\u00e9 \u00e0 la recherche scientifique. Ce produit est r\u00e9put\u00e9 pour sa puret\u00e9 et sa stabilit\u00e9, ce qui le rend id\u00e9al pour les \u00e9tudes pharmacologiques et les analyses en laboratoire. Chaque lot est soigneusement test\u00e9 afin de garantir des r\u00e9sultats fiables et coh\u00e9rents. Destin\u00e9 exclusivement \u00e0 des fins de laboratoire.<\/p>","protected":false},"featured_media":1009,"comment_status":"open","ping_status":"closed","template":"","meta":{"_joinchat":[]},"product_brand":[],"product_cat":[1795],"product_tag":[1872,1876,1272,1875,1290,1874,1873,188,1814,1841],"class_list":{"0":"post-1007","1":"product","2":"type-product","3":"status-publish","4":"has-post-thumbnail","6":"product_cat-2c-serie","7":"product_tag-2c-e","8":"product_tag-2c-e-chemikalien","9":"product_tag-2c-e-kaufen","10":"product_tag-2c-e-kristalle","11":"product_tag-2c-e-online","12":"product_tag-2c-e-pulver","13":"product_tag-2c-e-zum-verkauf","14":"product_tag-forschungschemikalien","15":"product_tag-forschungsstoffe-kaufen","16":"product_tag-synthetische-phenethylamine","18":"first","19":"instock","20":"shipping-taxable","21":"purchasable","22":"product-type-variable"},"yoast_head":"<!-- This site is optimized with the Yoast SEO plugin v26.1.1 - https:\/\/yoast.com\/wordpress\/plugins\/seo\/ -->\n<title>2C-E online kaufen \u2013 2C-E zu verkaufen | chemgramx<\/title>\n<meta name=\"description\" content=\"Sie m\u00f6chten 2C-E online zu einem vern\u00fcnftigen Preis kaufen? Besuchen Sie unseren renommierten Online-Chemikalienshop und kaufen Sie 2C-E noch heute zum Verkauf. Bestellen Sie jetzt und erhalten Sie den besten Preis in unserem Shop.1\" \/>\n<meta name=\"robots\" content=\"index, follow, max-snippet:-1, max-image-preview:large, max-video-preview:-1\" \/>\n<link rel=\"canonical\" href=\"https:\/\/chemgramx.com\/fr\/produit\/2c-e\/\" \/>\n<meta property=\"og:locale\" content=\"fr_FR\" \/>\n<meta property=\"og:type\" content=\"article\" \/>\n<meta property=\"og:title\" content=\"2C-E online kaufen \u2013 2C-E zu verkaufen | chemgramx\" \/>\n<meta property=\"og:description\" content=\"Sie m\u00f6chten 2C-E online zu einem vern\u00fcnftigen Preis kaufen? Besuchen Sie unseren renommierten Online-Chemikalienshop und kaufen Sie 2C-E noch heute zum Verkauf. Bestellen Sie jetzt und erhalten Sie den besten Preis in unserem Shop.1\" \/>\n<meta property=\"og:url\" content=\"https:\/\/chemgramx.com\/fr\/produit\/2c-e\/\" \/>\n<meta property=\"og:site_name\" content=\"Chemgramx\" \/>\n<meta property=\"article:modified_time\" content=\"2025-10-15T05:18:36+00:00\" \/>\n<meta property=\"og:image\" content=\"https:\/\/chemgramx.com\/wp-content\/uploads\/2024\/12\/2ce.jpg\" \/>\n\t<meta property=\"og:image:width\" content=\"600\" \/>\n\t<meta property=\"og:image:height\" content=\"400\" \/>\n\t<meta property=\"og:image:type\" content=\"image\/jpeg\" \/>\n<meta name=\"twitter:card\" content=\"summary_large_image\" \/>\n<meta name=\"twitter:label1\" content=\"Dur\u00e9e de lecture estim\u00e9e\" \/>\n\t<meta name=\"twitter:data1\" content=\"2 minutes\" \/>\n<script type=\"application\/ld+json\" class=\"yoast-schema-graph\">{\"@context\":\"https:\/\/schema.org\",\"@graph\":[{\"@type\":\"WebPage\",\"@id\":\"https:\/\/chemgramx.com\/product\/2c-e\/\",\"url\":\"https:\/\/chemgramx.com\/product\/2c-e\/\",\"name\":\"2C-E online kaufen \u2013 2C-E zu verkaufen | chemgramx\",\"isPartOf\":{\"@id\":\"https:\/\/chemgramx.com\/#website\"},\"primaryImageOfPage\":{\"@id\":\"https:\/\/chemgramx.com\/product\/2c-e\/#primaryimage\"},\"image\":{\"@id\":\"https:\/\/chemgramx.com\/product\/2c-e\/#primaryimage\"},\"thumbnailUrl\":\"https:\/\/chemgramx.com\/wp-content\/uploads\/2024\/12\/2ce.jpg\",\"datePublished\":\"2024-12-07T14:52:51+00:00\",\"dateModified\":\"2025-10-15T05:18:36+00:00\",\"description\":\"Sie m\u00f6chten 2C-E online zu einem vern\u00fcnftigen Preis kaufen? Besuchen Sie unseren renommierten Online-Chemikalienshop und kaufen Sie 2C-E noch heute zum Verkauf. Bestellen Sie jetzt und erhalten Sie den besten Preis in unserem Shop.1\",\"breadcrumb\":{\"@id\":\"https:\/\/chemgramx.com\/product\/2c-e\/#breadcrumb\"},\"inLanguage\":\"fr-FR\",\"potentialAction\":[{\"@type\":\"ReadAction\",\"target\":[\"https:\/\/chemgramx.com\/product\/2c-e\/\"]}]},{\"@type\":\"ImageObject\",\"inLanguage\":\"fr-FR\",\"@id\":\"https:\/\/chemgramx.com\/product\/2c-e\/#primaryimage\",\"url\":\"https:\/\/chemgramx.com\/wp-content\/uploads\/2024\/12\/2ce.jpg\",\"contentUrl\":\"https:\/\/chemgramx.com\/wp-content\/uploads\/2024\/12\/2ce.jpg\",\"width\":600,\"height\":400,\"caption\":\"2C-E online kaufen\"},{\"@type\":\"BreadcrumbList\",\"@id\":\"https:\/\/chemgramx.com\/product\/2c-e\/#breadcrumb\",\"itemListElement\":[{\"@type\":\"ListItem\",\"position\":1,\"name\":\"Home\",\"item\":\"https:\/\/chemgramx.com\/\"},{\"@type\":\"ListItem\",\"position\":2,\"name\":\"Shop\",\"item\":\"https:\/\/chemgramx.com\/shop\/\"},{\"@type\":\"ListItem\",\"position\":3,\"name\":\"2C-E Online kaufen\"}]},{\"@type\":\"WebSite\",\"@id\":\"https:\/\/chemgramx.com\/#website\",\"url\":\"https:\/\/chemgramx.com\/\",\"name\":\"Chemgramx\",\"description\":\"\",\"publisher\":{\"@id\":\"https:\/\/chemgramx.com\/#organization\"},\"potentialAction\":[{\"@type\":\"SearchAction\",\"target\":{\"@type\":\"EntryPoint\",\"urlTemplate\":\"https:\/\/chemgramx.com\/?s={search_term_string}\"},\"query-input\":{\"@type\":\"PropertyValueSpecification\",\"valueRequired\":true,\"valueName\":\"search_term_string\"}}],\"inLanguage\":\"fr-FR\"},{\"@type\":\"Organization\",\"@id\":\"https:\/\/chemgramx.com\/#organization\",\"name\":\"Chemgramx\",\"url\":\"https:\/\/chemgramx.com\/\",\"logo\":{\"@type\":\"ImageObject\",\"inLanguage\":\"fr-FR\",\"@id\":\"https:\/\/chemgramx.com\/#\/schema\/logo\/image\/\",\"url\":\"https:\/\/chemgramx.com\/wp-content\/uploads\/2024\/10\/final-logo.png\",\"contentUrl\":\"https:\/\/chemgramx.com\/wp-content\/uploads\/2024\/10\/final-logo.png\",\"width\":250,\"height\":48,\"caption\":\"Chemgramx\"},\"image\":{\"@id\":\"https:\/\/chemgramx.com\/#\/schema\/logo\/image\/\"}}]}<\/script>\n<!-- \/ Yoast SEO plugin. -->","yoast_head_json":{"title":"Achetez du 2C-E en ligne \u2013 2C-E \u00e0 vendre | chemgramx","description":"Vous souhaitez acheter du 2C-E en ligne \u00e0 un prix raisonnable\u00a0? Visitez notre boutique en ligne r\u00e9put\u00e9e et achetez-en d\u00e8s aujourd'hui. Commandez d\u00e8s maintenant et profitez du meilleur prix.","robots":{"index":"index","follow":"follow","max-snippet":"max-snippet:-1","max-image-preview":"max-image-preview:large","max-video-preview":"max-video-preview:-1"},"canonical":"https:\/\/chemgramx.com\/fr\/produit\/2c-e\/","og_locale":"fr_FR","og_type":"article","og_title":"2C-E online kaufen \u2013 2C-E zu verkaufen | chemgramx","og_description":"Sie m\u00f6chten 2C-E online zu einem vern\u00fcnftigen Preis kaufen? Besuchen Sie unseren renommierten Online-Chemikalienshop und kaufen Sie 2C-E noch heute zum Verkauf. Bestellen Sie jetzt und erhalten Sie den besten Preis in unserem Shop.1","og_url":"https:\/\/chemgramx.com\/fr\/produit\/2c-e\/","og_site_name":"Chemgramx","article_modified_time":"2025-10-15T05:18:36+00:00","og_image":[{"width":600,"height":400,"url":"https:\/\/chemgramx.com\/wp-content\/uploads\/2024\/12\/2ce.jpg","type":"image\/jpeg"}],"twitter_card":"summary_large_image","twitter_misc":{"Dur\u00e9e de lecture estim\u00e9e":"2 minutes"},"schema":{"@context":"https:\/\/schema.org","@graph":[{"@type":"WebPage","@id":"https:\/\/chemgramx.com\/product\/2c-e\/","url":"https:\/\/chemgramx.com\/product\/2c-e\/","name":"Achetez du 2C-E en ligne \u2013 2C-E \u00e0 vendre | chemgramx","isPartOf":{"@id":"https:\/\/chemgramx.com\/#website"},"primaryImageOfPage":{"@id":"https:\/\/chemgramx.com\/product\/2c-e\/#primaryimage"},"image":{"@id":"https:\/\/chemgramx.com\/product\/2c-e\/#primaryimage"},"thumbnailUrl":"https:\/\/chemgramx.com\/wp-content\/uploads\/2024\/12\/2ce.jpg","datePublished":"2024-12-07T14:52:51+00:00","dateModified":"2025-10-15T05:18:36+00:00","description":"Vous souhaitez acheter du 2C-E en ligne \u00e0 un prix raisonnable\u00a0? Visitez notre boutique en ligne r\u00e9put\u00e9e et achetez-en d\u00e8s aujourd'hui. Commandez d\u00e8s maintenant et profitez du meilleur prix.","breadcrumb":{"@id":"https:\/\/chemgramx.com\/product\/2c-e\/#breadcrumb"},"inLanguage":"fr-FR","potentialAction":[{"@type":"ReadAction","target":["https:\/\/chemgramx.com\/product\/2c-e\/"]}]},{"@type":"ImageObject","inLanguage":"fr-FR","@id":"https:\/\/chemgramx.com\/product\/2c-e\/#primaryimage","url":"https:\/\/chemgramx.com\/wp-content\/uploads\/2024\/12\/2ce.jpg","contentUrl":"https:\/\/chemgramx.com\/wp-content\/uploads\/2024\/12\/2ce.jpg","width":600,"height":400,"caption":"2C-E online kaufen"},{"@type":"BreadcrumbList","@id":"https:\/\/chemgramx.com\/product\/2c-e\/#breadcrumb","itemListElement":[{"@type":"ListItem","position":1,"name":"Home","item":"https:\/\/chemgramx.com\/"},{"@type":"ListItem","position":2,"name":"Shop","item":"https:\/\/chemgramx.com\/shop\/"},{"@type":"ListItem","position":3,"name":"2C-E Online kaufen"}]},{"@type":"WebSite","@id":"https:\/\/chemgramx.com\/#website","url":"https:\/\/chemgramx.com\/","name":"Chemgramx","description":"","publisher":{"@id":"https:\/\/chemgramx.com\/#organization"},"potentialAction":[{"@type":"SearchAction","target":{"@type":"EntryPoint","urlTemplate":"https:\/\/chemgramx.com\/?s={search_term_string}"},"query-input":{"@type":"PropertyValueSpecification","valueRequired":true,"valueName":"search_term_string"}}],"inLanguage":"fr-FR"},{"@type":"Organization","@id":"https:\/\/chemgramx.com\/#organization","name":"Chemgramx","url":"https:\/\/chemgramx.com\/","logo":{"@type":"ImageObject","inLanguage":"fr-FR","@id":"https:\/\/chemgramx.com\/#\/schema\/logo\/image\/","url":"https:\/\/chemgramx.com\/wp-content\/uploads\/2024\/10\/final-logo.png","contentUrl":"https:\/\/chemgramx.com\/wp-content\/uploads\/2024\/10\/final-logo.png","width":250,"height":48,"caption":"Chemgramx"},"image":{"@id":"https:\/\/chemgramx.com\/#\/schema\/logo\/image\/"}}]}},"_links":{"self":[{"href":"https:\/\/chemgramx.com\/fr\/wp-json\/wp\/v2\/product\/1007","targetHints":{"allow":["GET"]}}],"collection":[{"href":"https:\/\/chemgramx.com\/fr\/wp-json\/wp\/v2\/product"}],"about":[{"href":"https:\/\/chemgramx.com\/fr\/wp-json\/wp\/v2\/types\/product"}],"replies":[{"embeddable":true,"href":"https:\/\/chemgramx.com\/fr\/wp-json\/wp\/v2\/comments?post=1007"}],"wp:featuredmedia":[{"embeddable":true,"href":"https:\/\/chemgramx.com\/fr\/wp-json\/wp\/v2\/media\/1009"}],"wp:attachment":[{"href":"https:\/\/chemgramx.com\/fr\/wp-json\/wp\/v2\/media?parent=1007"}],"wp:term":[{"taxonomy":"product_brand","embeddable":true,"href":"https:\/\/chemgramx.com\/fr\/wp-json\/wp\/v2\/product_brand?post=1007"},{"taxonomy":"product_cat","embeddable":true,"href":"https:\/\/chemgramx.com\/fr\/wp-json\/wp\/v2\/product_cat?post=1007"},{"taxonomy":"product_tag","embeddable":true,"href":"https:\/\/chemgramx.com\/fr\/wp-json\/wp\/v2\/product_tag?post=1007"}],"curies":[{"name":"wp","href":"https:\/\/api.w.org\/{rel}","templated":true}]}}