{"id":1011,"date":"2024-12-07T14:55:48","date_gmt":"2024-12-07T14:55:48","guid":{"rendered":"https:\/\/chemgramx.com\/?post_type=product&#038;p=1011"},"modified":"2025-10-15T05:12:31","modified_gmt":"2025-10-15T05:12:31","slug":"2c-h","status":"publish","type":"product","link":"https:\/\/chemgramx.com\/fr\/produit\/2c-h\/","title":{"rendered":"2C-H Acheter en ligne"},"content":{"rendered":"<h2 data-start=\"166\" data-end=\"194\">Description du produit 2C-H<\/h2>\n<h3 data-start=\"196\" data-end=\"219\">Einf\u00fchrung in 2C-H<\/h3>\n<p data-start=\"221\" data-end=\"573\"><a href=\"https:\/\/chemgramx.com\/fr\/produit\/2c-h\/\">2C-H<\/a> Il s'agit d'un d\u00e9riv\u00e9 synth\u00e9tique de la ph\u00e9n\u00e9thylamine, issu de la c\u00e9l\u00e8bre famille 2C. Cette substance est principalement connue comme mati\u00e8re premi\u00e8re pour la synth\u00e8se d'autres compos\u00e9s de la s\u00e9rie 2C. Dans les laboratoires de recherche et de chimie, le 2C-H commercialis\u00e9 est principalement utilis\u00e9 comme pr\u00e9curseur et fait l'objet d'\u00e9tudes analytiques et chimiques.<\/p>\n<h3 data-start=\"575\" data-end=\"593\">Qu'est-ce que 2C-H ?<\/h3>\n<p data-start=\"595\" data-end=\"971\"><a href=\"https:\/\/en.wikipedia.org\/wiki\/2C-H\">2C-H<\/a> (vollst\u00e4ndiger chemischer Name: 2,5-Dimethoxyphenethylamin) ist das Basismolek\u00fcl vieler bekannter psychedelischer Substanzen der 2C-Reihe, wie beispielsweise 2C-B, 2C-I oder 2C-E. Obwohl 2C-H selbst nur eine geringe psychoaktive Wirkung zeigt, ist es f\u00fcr Forscher und Chemiker von gro\u00dfem Interesse als Ausgangsstoff f\u00fcr weiterf\u00fchrende Synthesen und Experimente.<\/p>\n<h3 data-start=\"973\" data-end=\"1012\">Utilisations et effets courants<\/h3>\n<ul data-start=\"1014\" data-end=\"1214\">\n<li data-start=\"1014\" data-end=\"1094\">\n<p data-start=\"1016\" data-end=\"1094\">Utiliser comme mati\u00e8re premi\u00e8re pour la synth\u00e8se d'autres produits chimiques de recherche<\/p>\n<\/li>\n<li data-start=\"1095\" data-end=\"1146\">\n<p data-start=\"1097\" data-end=\"1146\">Recherche analytique dans le domaine des ph\u00e9n\u00e9thylamines<\/p>\n<\/li>\n<li data-start=\"1147\" data-end=\"1214\">\n<p data-start=\"1149\" data-end=\"1214\">Peu ou pas d'effets psych\u00e9d\u00e9liques lorsqu'il est utilis\u00e9 seul<\/p>\n<\/li>\n<\/ul>\n<p data-start=\"1216\" data-end=\"1334\">Remarque : le 2C-H est destin\u00e9 \u00e0 des fins de recherche uniquement et ne convient pas \u00e0 la consommation humaine.<\/p>\n<h3 data-start=\"1336\" data-end=\"1359\">Statut juridique<\/h3>\n<p data-start=\"1361\" data-end=\"1709\">Le statut juridique du 2C-H varie selon les pays. Dans certains pays, il est soumis \u00e0 la l\u00e9gislation sur les substances psychotropes, tandis que dans d'autres, il est disponible l\u00e9galement \u00e0 des fins de recherche et d'analyse. Veuillez toujours v\u00e9rifier la r\u00e9glementation en vigueur dans votre pays avant d'acheter du 2C-H en ligne ou de passer commande.<\/p>\n<h3 data-start=\"1711\" data-end=\"1750\">Pourquoi les gens ach\u00e8tent-ils du 2C-H en ligne ?<\/h3>\n<p data-start=\"1752\" data-end=\"1965\">Viele Forscher und Laboranten entscheiden sich daf\u00fcr, Bestellung 2C-H, da sie von einer gr\u00f6\u00dferen Auswahl, flexiblen Bestellmengen und einem attraktiven 2C-H price profitieren. Vorteile sind:<\/p>\n<ul data-start=\"1967\" data-end=\"2188\">\n<li data-start=\"1967\" data-end=\"2026\">\n<p data-start=\"1969\" data-end=\"2026\">Acc\u00e8s \u00e0 des produits chimiques de haute puret\u00e9 \u00e0 des fins d'analyse<\/p>\n<\/li>\n<li data-start=\"2027\" data-end=\"2058\">\n<p data-start=\"2029\" data-end=\"2058\">Livraison discr\u00e8te dans le monde entier<\/p>\n<\/li>\n<li data-start=\"2131\" data-end=\"2188\">\n<p data-start=\"2133\" data-end=\"2188\">Prix \u200b\u200b2C-H \u00e9quitable par rapport aux sources locales<\/p>\n<\/li>\n<\/ul>\n<h3 data-start=\"2190\" data-end=\"2224\">Acc\u00e8s et choix<\/h3>\n<p data-start=\"2226\" data-end=\"2523\">Le march\u00e9 en ligne propose du 2C-H en diff\u00e9rentes quantit\u00e9s et qualit\u00e9s. Que ce soit pour de petites analyses en laboratoire ou des projets de synth\u00e8se de plus grande envergure, vous trouverez en ligne la quantit\u00e9 et la puret\u00e9 id\u00e9ales. Si vous vous demandez o\u00f9 acheter du 2C-H, vous trouverez la solution id\u00e9ale chez nous.<\/p>\n<h3 data-start=\"2525\" data-end=\"2548\">Livraison discr\u00e8te<\/h3>\n<p data-start=\"2550\" data-end=\"2799\">Les vendeurs r\u00e9put\u00e9s proposant le service 2C-H en ligne garantissent toujours un emballage neutre et une livraison discr\u00e8te. De nombreuses boutiques proposent \u00e9galement un suivi d'exp\u00e9dition pour que les clients puissent suivre l'\u00e9tat de leur commande \u00e0 tout moment.<\/p>\n<h3 data-start=\"2801\" data-end=\"2843\">Comment choisir le bon fournisseur ?<\/h3>\n<p data-start=\"2845\" data-end=\"2990\">Le meilleur endroit pour acheter du 2C-H en ligne est aupr\u00e8s de fournisseurs sp\u00e9cialis\u00e9s, forts de nombreuses ann\u00e9es d'exp\u00e9rience dans les produits chimiques de recherche. Recherchez\u00a0:<\/p>\n<ul data-start=\"2992\" data-end=\"3221\">\n<li data-start=\"2992\" data-end=\"3049\">\n<p data-start=\"2994\" data-end=\"3049\">Avis et t\u00e9moignages clients v\u00e9rifi\u00e9s<\/p>\n<\/li>\n<li data-start=\"3050\" data-end=\"3110\">\n<p data-start=\"3052\" data-end=\"3110\">Prix \u200b\u200b2C-H transparent sans frais suppl\u00e9mentaires cach\u00e9s<\/p>\n<\/li>\n<li data-start=\"3111\" data-end=\"3151\">\n<p data-start=\"3113\" data-end=\"3151\">Support client comp\u00e9tent et rapide<\/p>\n<\/li>\n<\/ul>\n<h3 data-start=\"3223\" data-end=\"3246\">Politiques d'exp\u00e9dition<\/h3>\n<p data-start=\"3248\" data-end=\"3304\">Avant de commander 2C-H, veuillez noter les points suivants :<\/p>\n<ul data-start=\"3306\" data-end=\"3490\">\n<li data-start=\"3306\" data-end=\"3352\">\n<p data-start=\"3308\" data-end=\"3352\">Les d\u00e9lais de livraison d\u00e9pendent du lieu et du fournisseur<\/p>\n<\/li>\n<li data-start=\"3353\" data-end=\"3376\">\n<p data-start=\"3355\" data-end=\"3376\">Emballage discret<\/p>\n<\/li>\n<li data-start=\"3416\" data-end=\"3456\">\n<p data-start=\"3418\" data-end=\"3456\">Diff\u00e9rences juridiques selon les pays<\/p>\n<\/li>\n<li data-start=\"3457\" data-end=\"3490\">\n<p data-start=\"3459\" data-end=\"3490\">Stockage s\u00e9curis\u00e9 requis<\/p>\n<\/li>\n<\/ul>\n<h3 data-start=\"3492\" data-end=\"3502\">Conclusion<\/h3>\n<p data-start=\"3504\" data-end=\"3726\">Si vous souhaitez acheter 2C-H en ligne, vous b\u00e9n\u00e9ficierez d'un produit de haute qualit\u00e9, d'une livraison discr\u00e8te et d'un prix 2C-H \u00e9quitable. Avec un fournisseur exp\u00e9riment\u00e9, le processus d'achat est s\u00e9curis\u00e9 et fiable.<\/p>\n<p data-start=\"3728\" data-end=\"3889\">Achetez 2C-H en ligne maintenant aupr\u00e8s d'une source de recherche fiable et b\u00e9n\u00e9ficiez d'une qualit\u00e9 \u00e9prouv\u00e9e, d'un service professionnel et d'une exp\u00e9dition discr\u00e8te dans le monde entier.<\/p>","protected":false},"excerpt":{"rendered":"<p style=\"text-align: center;\"><strong>2C-H<\/strong><\/p>\n<hr \/>\n<p>Le 2C-H est un produit chimique synth\u00e9tique id\u00e9al pour la recherche scientifique avanc\u00e9e. Ce produit se caract\u00e9rise par une grande puret\u00e9 et stabilit\u00e9, ce qui le rend id\u00e9al pour les \u00e9tudes pharmacologiques et les analyses chimiques. Chaque lot est soigneusement test\u00e9 afin de garantir la fiabilit\u00e9 et la coh\u00e9rence des r\u00e9sultats. Destin\u00e9 uniquement \u00e0 un usage en laboratoire.<\/p>","protected":false},"featured_media":1012,"comment_status":"open","ping_status":"closed","template":"","meta":{"_joinchat":[]},"product_brand":[],"product_cat":[1795],"product_tag":[1865,1871,1866,1869,1870,1868,1867,188,1814,1841],"class_list":{"0":"post-1011","1":"product","2":"type-product","3":"status-publish","4":"has-post-thumbnail","6":"product_cat-2c-serie","7":"product_tag-2c-h","8":"product_tag-2c-h-chemikalien","9":"product_tag-2c-h-kaufen","10":"product_tag-2c-h-kristalle","11":"product_tag-2c-h-online","12":"product_tag-2c-h-pulver","13":"product_tag-2c-h-zum-verkauf","14":"product_tag-forschungschemikalien","15":"product_tag-forschungsstoffe-kaufen","16":"product_tag-synthetische-phenethylamine","18":"first","19":"instock","20":"shipping-taxable","21":"purchasable","22":"product-type-variable"},"yoast_head":"<!-- This site is optimized with the Yoast SEO plugin v26.1.1 - https:\/\/yoast.com\/wordpress\/plugins\/seo\/ -->\n<title>2C-H online kaufen \u2013 2C-H zu verkaufen | chemgramx<\/title>\n<meta name=\"description\" content=\"Ihre Anforderung, 2c-h online zu kaufen, kann in unserem Online-Shop erf\u00fcllt werden, da wir hier 2c-h zu verkaufen haben. Geben Sie Ihre Bestellung auf und erhalten Sie jeden Tag g\u00fcnstige Angebote. Jetzt bestellen!\" \/>\n<meta name=\"robots\" content=\"index, follow, max-snippet:-1, max-image-preview:large, max-video-preview:-1\" \/>\n<link rel=\"canonical\" href=\"https:\/\/chemgramx.com\/fr\/produit\/2c-h\/\" \/>\n<meta property=\"og:locale\" content=\"fr_FR\" \/>\n<meta property=\"og:type\" content=\"article\" \/>\n<meta property=\"og:title\" content=\"2C-H online kaufen \u2013 2C-H zu verkaufen | chemgramx\" \/>\n<meta property=\"og:description\" content=\"Ihre Anforderung, 2c-h online zu kaufen, kann in unserem Online-Shop erf\u00fcllt werden, da wir hier 2c-h zu verkaufen haben. Geben Sie Ihre Bestellung auf und erhalten Sie jeden Tag g\u00fcnstige Angebote. Jetzt bestellen!\" \/>\n<meta property=\"og:url\" content=\"https:\/\/chemgramx.com\/fr\/produit\/2c-h\/\" \/>\n<meta property=\"og:site_name\" content=\"Chemgramx\" \/>\n<meta property=\"article:modified_time\" content=\"2025-10-15T05:12:31+00:00\" \/>\n<meta property=\"og:image\" content=\"https:\/\/chemgramx.com\/wp-content\/uploads\/2024\/12\/2ch.jpg\" \/>\n\t<meta property=\"og:image:width\" content=\"600\" \/>\n\t<meta property=\"og:image:height\" content=\"400\" \/>\n\t<meta property=\"og:image:type\" content=\"image\/jpeg\" \/>\n<meta name=\"twitter:card\" content=\"summary_large_image\" \/>\n<meta name=\"twitter:label1\" content=\"Dur\u00e9e de lecture estim\u00e9e\" \/>\n\t<meta name=\"twitter:data1\" content=\"3 minutes\" \/>\n<script type=\"application\/ld+json\" class=\"yoast-schema-graph\">{\"@context\":\"https:\/\/schema.org\",\"@graph\":[{\"@type\":\"WebPage\",\"@id\":\"https:\/\/chemgramx.com\/product\/2c-h\/\",\"url\":\"https:\/\/chemgramx.com\/product\/2c-h\/\",\"name\":\"2C-H online kaufen \u2013 2C-H zu verkaufen | chemgramx\",\"isPartOf\":{\"@id\":\"https:\/\/chemgramx.com\/#website\"},\"primaryImageOfPage\":{\"@id\":\"https:\/\/chemgramx.com\/product\/2c-h\/#primaryimage\"},\"image\":{\"@id\":\"https:\/\/chemgramx.com\/product\/2c-h\/#primaryimage\"},\"thumbnailUrl\":\"https:\/\/chemgramx.com\/wp-content\/uploads\/2024\/12\/2ch.jpg\",\"datePublished\":\"2024-12-07T14:55:48+00:00\",\"dateModified\":\"2025-10-15T05:12:31+00:00\",\"description\":\"Ihre Anforderung, 2c-h online zu kaufen, kann in unserem Online-Shop erf\u00fcllt werden, da wir hier 2c-h zu verkaufen haben. Geben Sie Ihre Bestellung auf und erhalten Sie jeden Tag g\u00fcnstige Angebote. Jetzt bestellen!\",\"breadcrumb\":{\"@id\":\"https:\/\/chemgramx.com\/product\/2c-h\/#breadcrumb\"},\"inLanguage\":\"fr-FR\",\"potentialAction\":[{\"@type\":\"ReadAction\",\"target\":[\"https:\/\/chemgramx.com\/product\/2c-h\/\"]}]},{\"@type\":\"ImageObject\",\"inLanguage\":\"fr-FR\",\"@id\":\"https:\/\/chemgramx.com\/product\/2c-h\/#primaryimage\",\"url\":\"https:\/\/chemgramx.com\/wp-content\/uploads\/2024\/12\/2ch.jpg\",\"contentUrl\":\"https:\/\/chemgramx.com\/wp-content\/uploads\/2024\/12\/2ch.jpg\",\"width\":600,\"height\":400,\"caption\":\"2C-H online kaufen\"},{\"@type\":\"BreadcrumbList\",\"@id\":\"https:\/\/chemgramx.com\/product\/2c-h\/#breadcrumb\",\"itemListElement\":[{\"@type\":\"ListItem\",\"position\":1,\"name\":\"Home\",\"item\":\"https:\/\/chemgramx.com\/\"},{\"@type\":\"ListItem\",\"position\":2,\"name\":\"Shop\",\"item\":\"https:\/\/chemgramx.com\/shop\/\"},{\"@type\":\"ListItem\",\"position\":3,\"name\":\"2C-H Online kaufen\"}]},{\"@type\":\"WebSite\",\"@id\":\"https:\/\/chemgramx.com\/#website\",\"url\":\"https:\/\/chemgramx.com\/\",\"name\":\"Chemgramx\",\"description\":\"\",\"publisher\":{\"@id\":\"https:\/\/chemgramx.com\/#organization\"},\"potentialAction\":[{\"@type\":\"SearchAction\",\"target\":{\"@type\":\"EntryPoint\",\"urlTemplate\":\"https:\/\/chemgramx.com\/?s={search_term_string}\"},\"query-input\":{\"@type\":\"PropertyValueSpecification\",\"valueRequired\":true,\"valueName\":\"search_term_string\"}}],\"inLanguage\":\"fr-FR\"},{\"@type\":\"Organization\",\"@id\":\"https:\/\/chemgramx.com\/#organization\",\"name\":\"Chemgramx\",\"url\":\"https:\/\/chemgramx.com\/\",\"logo\":{\"@type\":\"ImageObject\",\"inLanguage\":\"fr-FR\",\"@id\":\"https:\/\/chemgramx.com\/#\/schema\/logo\/image\/\",\"url\":\"https:\/\/chemgramx.com\/wp-content\/uploads\/2024\/10\/final-logo.png\",\"contentUrl\":\"https:\/\/chemgramx.com\/wp-content\/uploads\/2024\/10\/final-logo.png\",\"width\":250,\"height\":48,\"caption\":\"Chemgramx\"},\"image\":{\"@id\":\"https:\/\/chemgramx.com\/#\/schema\/logo\/image\/\"}}]}<\/script>\n<!-- \/ Yoast SEO plugin. -->","yoast_head_json":{"title":"Achetez du 2C-H en ligne \u2013 2C-H \u00e0 vendre | chemgramx","description":"Vous souhaitez acheter des 2c-h en ligne\u00a0? Notre boutique en ligne propose des 2c-h en promotion. Passez commande et profitez de bonnes affaires tous les jours. Commandez d\u00e8s maintenant\u00a0!","robots":{"index":"index","follow":"follow","max-snippet":"max-snippet:-1","max-image-preview":"max-image-preview:large","max-video-preview":"max-video-preview:-1"},"canonical":"https:\/\/chemgramx.com\/fr\/produit\/2c-h\/","og_locale":"fr_FR","og_type":"article","og_title":"2C-H online kaufen \u2013 2C-H zu verkaufen | chemgramx","og_description":"Ihre Anforderung, 2c-h online zu kaufen, kann in unserem Online-Shop erf\u00fcllt werden, da wir hier 2c-h zu verkaufen haben. Geben Sie Ihre Bestellung auf und erhalten Sie jeden Tag g\u00fcnstige Angebote. Jetzt bestellen!","og_url":"https:\/\/chemgramx.com\/fr\/produit\/2c-h\/","og_site_name":"Chemgramx","article_modified_time":"2025-10-15T05:12:31+00:00","og_image":[{"width":600,"height":400,"url":"https:\/\/chemgramx.com\/wp-content\/uploads\/2024\/12\/2ch.jpg","type":"image\/jpeg"}],"twitter_card":"summary_large_image","twitter_misc":{"Dur\u00e9e de lecture estim\u00e9e":"3 minutes"},"schema":{"@context":"https:\/\/schema.org","@graph":[{"@type":"WebPage","@id":"https:\/\/chemgramx.com\/product\/2c-h\/","url":"https:\/\/chemgramx.com\/product\/2c-h\/","name":"Achetez du 2C-H en ligne \u2013 2C-H \u00e0 vendre | chemgramx","isPartOf":{"@id":"https:\/\/chemgramx.com\/#website"},"primaryImageOfPage":{"@id":"https:\/\/chemgramx.com\/product\/2c-h\/#primaryimage"},"image":{"@id":"https:\/\/chemgramx.com\/product\/2c-h\/#primaryimage"},"thumbnailUrl":"https:\/\/chemgramx.com\/wp-content\/uploads\/2024\/12\/2ch.jpg","datePublished":"2024-12-07T14:55:48+00:00","dateModified":"2025-10-15T05:12:31+00:00","description":"Vous souhaitez acheter des 2c-h en ligne\u00a0? Notre boutique en ligne propose des 2c-h en promotion. Passez commande et profitez de bonnes affaires tous les jours. Commandez d\u00e8s maintenant\u00a0!","breadcrumb":{"@id":"https:\/\/chemgramx.com\/product\/2c-h\/#breadcrumb"},"inLanguage":"fr-FR","potentialAction":[{"@type":"ReadAction","target":["https:\/\/chemgramx.com\/product\/2c-h\/"]}]},{"@type":"ImageObject","inLanguage":"fr-FR","@id":"https:\/\/chemgramx.com\/product\/2c-h\/#primaryimage","url":"https:\/\/chemgramx.com\/wp-content\/uploads\/2024\/12\/2ch.jpg","contentUrl":"https:\/\/chemgramx.com\/wp-content\/uploads\/2024\/12\/2ch.jpg","width":600,"height":400,"caption":"2C-H online kaufen"},{"@type":"BreadcrumbList","@id":"https:\/\/chemgramx.com\/product\/2c-h\/#breadcrumb","itemListElement":[{"@type":"ListItem","position":1,"name":"Home","item":"https:\/\/chemgramx.com\/"},{"@type":"ListItem","position":2,"name":"Shop","item":"https:\/\/chemgramx.com\/shop\/"},{"@type":"ListItem","position":3,"name":"2C-H Online kaufen"}]},{"@type":"WebSite","@id":"https:\/\/chemgramx.com\/#website","url":"https:\/\/chemgramx.com\/","name":"Chemgramx","description":"","publisher":{"@id":"https:\/\/chemgramx.com\/#organization"},"potentialAction":[{"@type":"SearchAction","target":{"@type":"EntryPoint","urlTemplate":"https:\/\/chemgramx.com\/?s={search_term_string}"},"query-input":{"@type":"PropertyValueSpecification","valueRequired":true,"valueName":"search_term_string"}}],"inLanguage":"fr-FR"},{"@type":"Organization","@id":"https:\/\/chemgramx.com\/#organization","name":"Chemgramx","url":"https:\/\/chemgramx.com\/","logo":{"@type":"ImageObject","inLanguage":"fr-FR","@id":"https:\/\/chemgramx.com\/#\/schema\/logo\/image\/","url":"https:\/\/chemgramx.com\/wp-content\/uploads\/2024\/10\/final-logo.png","contentUrl":"https:\/\/chemgramx.com\/wp-content\/uploads\/2024\/10\/final-logo.png","width":250,"height":48,"caption":"Chemgramx"},"image":{"@id":"https:\/\/chemgramx.com\/#\/schema\/logo\/image\/"}}]}},"_links":{"self":[{"href":"https:\/\/chemgramx.com\/fr\/wp-json\/wp\/v2\/product\/1011","targetHints":{"allow":["GET"]}}],"collection":[{"href":"https:\/\/chemgramx.com\/fr\/wp-json\/wp\/v2\/product"}],"about":[{"href":"https:\/\/chemgramx.com\/fr\/wp-json\/wp\/v2\/types\/product"}],"replies":[{"embeddable":true,"href":"https:\/\/chemgramx.com\/fr\/wp-json\/wp\/v2\/comments?post=1011"}],"wp:featuredmedia":[{"embeddable":true,"href":"https:\/\/chemgramx.com\/fr\/wp-json\/wp\/v2\/media\/1012"}],"wp:attachment":[{"href":"https:\/\/chemgramx.com\/fr\/wp-json\/wp\/v2\/media?parent=1011"}],"wp:term":[{"taxonomy":"product_brand","embeddable":true,"href":"https:\/\/chemgramx.com\/fr\/wp-json\/wp\/v2\/product_brand?post=1011"},{"taxonomy":"product_cat","embeddable":true,"href":"https:\/\/chemgramx.com\/fr\/wp-json\/wp\/v2\/product_cat?post=1011"},{"taxonomy":"product_tag","embeddable":true,"href":"https:\/\/chemgramx.com\/fr\/wp-json\/wp\/v2\/product_tag?post=1011"}],"curies":[{"name":"wp","href":"https:\/\/api.w.org\/{rel}","templated":true}]}}