{"id":1014,"date":"2024-12-07T14:58:42","date_gmt":"2024-12-07T14:58:42","guid":{"rendered":"https:\/\/chemgramx.com\/?post_type=product&#038;p=1014"},"modified":"2025-10-15T05:06:32","modified_gmt":"2025-10-15T05:06:32","slug":"2c-i","status":"publish","type":"product","link":"https:\/\/chemgramx.com\/fr\/produit\/2c-i\/","title":{"rendered":"2C-I Acheter en ligne"},"content":{"rendered":"<h2 data-start=\"127\" data-end=\"144\">Qu'est-ce que 2C-I ?<\/h2>\n<p data-start=\"146\" data-end=\"736\"><a href=\"https:\/\/en.wikipedia.org\/wiki\/2C-I\">2C-I<\/a> Il s'agit d'une ph\u00e9n\u00e9thylamine psych\u00e9d\u00e9lique synth\u00e9tique de la famille des 2C, connue pour ses effets stimulants et hallucinog\u00e8nes. D\u00e9velopp\u00e9e par le c\u00e9l\u00e8bre chimiste Alexander Shulgin, elle appartient chimiquement au groupe des ph\u00e9n\u00e9thylamines substitu\u00e9es, connues pour leurs effets sur le syst\u00e8me nerveux central. Utilis\u00e9e correctement, la 2C-I provoque des distorsions visuelles, une perception sensorielle accrue et une euphorie stimulante. En raison de ses effets puissants, elle est principalement utilis\u00e9e \u00e0 des fins de recherche et d'analyse.<\/p>\n<h3 data-start=\"738\" data-end=\"791\">Achetez 2C-I en ligne d\u00e8s maintenant\u00a0\u2013 2C-I en vente chez nous<\/h3>\n<p data-start=\"793\" data-end=\"1140\">Vous souhaitez acheter 2C-I\u00a0? D\u00e9couvrez la meilleure solution. <a href=\"https:\/\/chemgramx.com\/fr\/produit\/2c-i\/\">Achetez 2C-I en ligne<\/a> \u2013 s\u00fbr, discret et fiable. Nous proposons du 2C-I de haute qualit\u00e9, rigoureusement test\u00e9 en laboratoire pour sa puret\u00e9 et sa qualit\u00e9. Si vous souhaitez commander du 2C-I, nous sommes votre premier choix\u00a0: achats s\u00e9curis\u00e9s, livraison discr\u00e8te et options de paiement flexibles.<\/p>\n<p data-start=\"1142\" data-end=\"1529\">Vous vous demandez o\u00f9 acheter 2C-I\u00a0? Chez nous, vous pouvez acheter 2C-I en ligne et b\u00e9n\u00e9ficier d'offres attractives, d'une livraison rapide et d'un service professionnel. Nous sommes consid\u00e9r\u00e9s comme le meilleur endroit pour acheter 2C-I en ligne\u00a0; laissez-vous convaincre par nos prix justes et notre qualit\u00e9 irr\u00e9prochable. Faites-nous confiance pour vos achats en ligne 2C-I aupr\u00e8s d'une source fiable.<\/p>\n<h3 data-start=\"1531\" data-end=\"1569\">Pourquoi acheter 2C-I en ligne chez nous ?<\/h3>\n<ul data-start=\"1571\" data-end=\"1894\">\n<li data-start=\"1571\" data-end=\"1616\">\n<p data-start=\"1573\" data-end=\"1616\">Qualit\u00e9 rigoureusement test\u00e9e directement du laboratoire<\/p>\n<\/li>\n<li data-start=\"1617\" data-end=\"1673\">\n<p data-start=\"1619\" data-end=\"1673\">Exp\u00e9dition discr\u00e8te et rapide dans un emballage neutre<\/p>\n<\/li>\n<li data-start=\"1674\" data-end=\"1729\">\n<p data-start=\"1676\" data-end=\"1729\">M\u00e9thodes de paiement s\u00e9curis\u00e9es pour commander sans souci<\/p>\n<\/li>\n<li data-start=\"1844\" data-end=\"1894\">\n<p data-start=\"1846\" data-end=\"1894\">Prix \u200b\u200b\u00e9quitable 2C-I pour la recherche et l'analyse<\/p>\n<\/li>\n<\/ul>\n<h3 data-start=\"1896\" data-end=\"1931\">Origine et profil chimique<\/h3>\n<p data-start=\"1933\" data-end=\"2303\">Le 2C-I a \u00e9t\u00e9 synth\u00e9tis\u00e9 pour la premi\u00e8re fois dans les ann\u00e9es 1990 par Alexander Shulgin et est connu gr\u00e2ce \u00e0 son ouvrage \u00ab\u00a0PiHKAL\u00a0\u00bb. Chimiquement, il s'agit de la 2,5-dim\u00e9thoxy-4-iodoph\u00e9n\u00e9thylamine, un membre de la famille des 2C-ph\u00e9n\u00e9thylamines. Structurellement, il est \u00e9troitement apparent\u00e9 \u00e0 des substances telles que le 2C-B ou le 2C-E, mais diff\u00e8re par ses effets sp\u00e9cifiques et sa puissance particuli\u00e8re.<\/p>\n<p data-start=\"2305\" data-end=\"2443\">Les chercheurs qui souhaitent acheter du 2C-I l\u2019utilisent pour des \u00e9tudes neurochimiques et psychologiques en raison de ses propri\u00e9t\u00e9s uniques.<\/p>\n<h3 data-start=\"2445\" data-end=\"2469\">Utilisation du 2C-I<\/h3>\n<p data-start=\"2471\" data-end=\"2563\">Le 2C-I est utilis\u00e9 presque exclusivement en recherche. Ses principaux domaines d'application sont\u00a0:<\/p>\n<ul data-start=\"2565\" data-end=\"2721\">\n<li data-start=\"2565\" data-end=\"2602\">\n<p data-start=\"2567\" data-end=\"2602\">Recherche neurochimique<\/p>\n<\/li>\n<li data-start=\"2603\" data-end=\"2639\">\n<p data-start=\"2605\" data-end=\"2639\">Analyses psychologiques des drogues<\/p>\n<\/li>\n<li data-start=\"2671\" data-end=\"2721\">\n<p data-start=\"2673\" data-end=\"2721\">Recherche sur les \u00e9tats modifi\u00e9s de conscience<\/p>\n<\/li>\n<\/ul>\n<h3 data-start=\"2723\" data-end=\"2770\">Comment et o\u00f9 puis-je commander 2C-I en ligne ?<\/h3>\n<p data-start=\"2772\" data-end=\"3030\">Commander sur notre boutique est simple, discret et fiable. Visitez la boutique en ligne, s\u00e9lectionnez la quantit\u00e9 souhait\u00e9e et finalisez votre commande. Nous proposons des modes de paiement flexibles et garantissons une livraison rapide et sans erreur.<\/p>\n<p data-start=\"3032\" data-end=\"3115\">Wenn Sie \u00fcberlegen, wo kann man 2C-I kaufen, sind wir Ihr professioneller Anbieter.<\/p>\n<h3 data-start=\"3117\" data-end=\"3156\">Avantages d'acheter 2C-I en ligne<\/h3>\n<ul data-start=\"3158\" data-end=\"3384\">\n<li data-start=\"3158\" data-end=\"3202\">\n<p data-start=\"3160\" data-end=\"3202\">Plus grand choix de quantit\u00e9s et de puret\u00e9s<\/p>\n<\/li>\n<li data-start=\"3203\" data-end=\"3243\">\n<p data-start=\"3205\" data-end=\"3243\">Livraison discr\u00e8te directement \u00e0 votre domicile<\/p>\n<\/li>\n<li data-start=\"3244\" data-end=\"3280\">\n<p data-start=\"3246\" data-end=\"3280\">Achats en ligne pratiques et sans d\u00e9tours<\/p>\n<\/li>\n<li data-start=\"3324\" data-end=\"3384\">\n<p data-start=\"3326\" data-end=\"3384\">Possibilit\u00e9 d'acheter 2C-I acheter en ligne et \u00e0 moindre co\u00fbt<\/p>\n<\/li>\n<\/ul>\n<h3 data-start=\"3386\" data-end=\"3427\">Comment choisir le bon fournisseur<\/h3>\n<p data-start=\"3429\" data-end=\"3495\">Lors de l'achat de 2C-I en ligne, vous devez faire attention aux points suivants :<\/p>\n<ul data-start=\"3497\" data-end=\"3648\">\n<li data-start=\"3497\" data-end=\"3534\">\n<p data-start=\"3499\" data-end=\"3534\">Tests de laboratoire et certificats de puret\u00e9<\/p>\n<\/li>\n<li data-start=\"3535\" data-end=\"3574\">\n<p data-start=\"3537\" data-end=\"3574\">Exp\u00e9dition fiable et assur\u00e9e<\/p>\n<\/li>\n<li data-start=\"3575\" data-end=\"3617\">\n<p data-start=\"3577\" data-end=\"3617\">Des m\u00e9thodes de paiement s\u00e9curis\u00e9es, voire anonymes<\/p>\n<\/li>\n<li data-start=\"3618\" data-end=\"3648\">\n<p data-start=\"3620\" data-end=\"3648\">Support client accessible<\/p>\n<\/li>\n<\/ul>\n<h3 data-start=\"3650\" data-end=\"3660\">Conclusion<\/h3>\n<p data-start=\"3662\" data-end=\"3844\">Si vous souhaitez vendre du 2C-I, nous sommes votre partenaire de confiance. Avec nous, vous b\u00e9n\u00e9ficiez d'une qualit\u00e9 \u00e9prouv\u00e9e, de prix 2C-I \u00e9quitables, d'une livraison discr\u00e8te et d'un support professionnel.<\/p>\n<p data-start=\"3846\" data-end=\"4001\">Achetez 2C-I en ligne maintenant aupr\u00e8s d'une source de recherche fiable - b\u00e9n\u00e9ficiez d'une exp\u00e9rience d'achat s\u00e9curis\u00e9e avec une qualit\u00e9 et une discr\u00e9tion garanties.<\/p>","protected":false},"excerpt":{"rendered":"<p style=\"text-align: center;\">2C-I<\/p>\n<p>Le 2C-I est un produit chimique synth\u00e9tique destin\u00e9 \u00e0 la recherche scientifique avanc\u00e9e. Ce produit est connu pour sa grande puret\u00e9 et sa stabilit\u00e9, ce qui le rend id\u00e9al pour les \u00e9tudes pharmacologiques, les analyses de r\u00e9cepteurs et les tests chimiques. Chaque lot est soigneusement test\u00e9 afin de garantir sa fiabilit\u00e9. Destin\u00e9 exclusivement \u00e0 un usage en laboratoire.<\/p>","protected":false},"featured_media":1015,"comment_status":"open","ping_status":"closed","template":"","meta":{"_joinchat":[]},"product_brand":[],"product_cat":[1795],"product_tag":[1858,1864,1859,1862,1863,1861,1860,188,1814,1841],"class_list":{"0":"post-1014","1":"product","2":"type-product","3":"status-publish","4":"has-post-thumbnail","6":"product_cat-2c-serie","7":"product_tag-2c-i","8":"product_tag-2c-i-chemikalien","9":"product_tag-2c-i-kaufen","10":"product_tag-2c-i-kristalle","11":"product_tag-2c-i-online","12":"product_tag-2c-i-pulver","13":"product_tag-2c-i-zum-verkauf","14":"product_tag-forschungschemikalien","15":"product_tag-forschungsstoffe-kaufen","16":"product_tag-synthetische-phenethylamine","18":"first","19":"instock","20":"shipping-taxable","21":"purchasable","22":"product-type-variable"},"yoast_head":"<!-- This site is optimized with the Yoast SEO plugin v26.1.1 - https:\/\/yoast.com\/wordpress\/plugins\/seo\/ -->\n<title>2C-I online kaufen \u2013 2C-I zu verkaufen | chemgramx<\/title>\n<meta name=\"description\" content=\"Sie k\u00f6nnen 2C-I zu verkaufen in unserem Online-Shop kaufen und es problemlos an Ihre Haust\u00fcr geliefert bekommen. Wir helfen Ihnen, 2C-I online zu kaufen. Geben Sie einfach jetzt Ihre Bestellung auf!\" \/>\n<meta name=\"robots\" content=\"index, follow, max-snippet:-1, max-image-preview:large, max-video-preview:-1\" \/>\n<link rel=\"canonical\" href=\"https:\/\/chemgramx.com\/fr\/produit\/2c-i\/\" \/>\n<meta property=\"og:locale\" content=\"fr_FR\" \/>\n<meta property=\"og:type\" content=\"article\" \/>\n<meta property=\"og:title\" content=\"2C-I online kaufen \u2013 2C-I zu verkaufen | chemgramx\" \/>\n<meta property=\"og:description\" content=\"Sie k\u00f6nnen 2C-I zu verkaufen in unserem Online-Shop kaufen und es problemlos an Ihre Haust\u00fcr geliefert bekommen. Wir helfen Ihnen, 2C-I online zu kaufen. Geben Sie einfach jetzt Ihre Bestellung auf!\" \/>\n<meta property=\"og:url\" content=\"https:\/\/chemgramx.com\/fr\/produit\/2c-i\/\" \/>\n<meta property=\"og:site_name\" content=\"Chemgramx\" \/>\n<meta property=\"article:modified_time\" content=\"2025-10-15T05:06:32+00:00\" \/>\n<meta property=\"og:image\" content=\"https:\/\/chemgramx.com\/wp-content\/uploads\/2024\/12\/2cl.jpg\" \/>\n\t<meta property=\"og:image:width\" content=\"600\" \/>\n\t<meta property=\"og:image:height\" content=\"400\" \/>\n\t<meta property=\"og:image:type\" content=\"image\/jpeg\" \/>\n<meta name=\"twitter:card\" content=\"summary_large_image\" \/>\n<meta name=\"twitter:label1\" content=\"Dur\u00e9e de lecture estim\u00e9e\" \/>\n\t<meta name=\"twitter:data1\" content=\"3 minutes\" \/>\n<script type=\"application\/ld+json\" class=\"yoast-schema-graph\">{\"@context\":\"https:\/\/schema.org\",\"@graph\":[{\"@type\":\"WebPage\",\"@id\":\"https:\/\/chemgramx.com\/product\/2c-i\/\",\"url\":\"https:\/\/chemgramx.com\/product\/2c-i\/\",\"name\":\"2C-I online kaufen \u2013 2C-I zu verkaufen | chemgramx\",\"isPartOf\":{\"@id\":\"https:\/\/chemgramx.com\/#website\"},\"primaryImageOfPage\":{\"@id\":\"https:\/\/chemgramx.com\/product\/2c-i\/#primaryimage\"},\"image\":{\"@id\":\"https:\/\/chemgramx.com\/product\/2c-i\/#primaryimage\"},\"thumbnailUrl\":\"https:\/\/chemgramx.com\/wp-content\/uploads\/2024\/12\/2cl.jpg\",\"datePublished\":\"2024-12-07T14:58:42+00:00\",\"dateModified\":\"2025-10-15T05:06:32+00:00\",\"description\":\"Sie k\u00f6nnen 2C-I zu verkaufen in unserem Online-Shop kaufen und es problemlos an Ihre Haust\u00fcr geliefert bekommen. Wir helfen Ihnen, 2C-I online zu kaufen. Geben Sie einfach jetzt Ihre Bestellung auf!\",\"breadcrumb\":{\"@id\":\"https:\/\/chemgramx.com\/product\/2c-i\/#breadcrumb\"},\"inLanguage\":\"fr-FR\",\"potentialAction\":[{\"@type\":\"ReadAction\",\"target\":[\"https:\/\/chemgramx.com\/product\/2c-i\/\"]}]},{\"@type\":\"ImageObject\",\"inLanguage\":\"fr-FR\",\"@id\":\"https:\/\/chemgramx.com\/product\/2c-i\/#primaryimage\",\"url\":\"https:\/\/chemgramx.com\/wp-content\/uploads\/2024\/12\/2cl.jpg\",\"contentUrl\":\"https:\/\/chemgramx.com\/wp-content\/uploads\/2024\/12\/2cl.jpg\",\"width\":600,\"height\":400,\"caption\":\"2C-I online kaufen\"},{\"@type\":\"BreadcrumbList\",\"@id\":\"https:\/\/chemgramx.com\/product\/2c-i\/#breadcrumb\",\"itemListElement\":[{\"@type\":\"ListItem\",\"position\":1,\"name\":\"Home\",\"item\":\"https:\/\/chemgramx.com\/\"},{\"@type\":\"ListItem\",\"position\":2,\"name\":\"Shop\",\"item\":\"https:\/\/chemgramx.com\/shop\/\"},{\"@type\":\"ListItem\",\"position\":3,\"name\":\"2C-I Online kaufen\"}]},{\"@type\":\"WebSite\",\"@id\":\"https:\/\/chemgramx.com\/#website\",\"url\":\"https:\/\/chemgramx.com\/\",\"name\":\"Chemgramx\",\"description\":\"\",\"publisher\":{\"@id\":\"https:\/\/chemgramx.com\/#organization\"},\"potentialAction\":[{\"@type\":\"SearchAction\",\"target\":{\"@type\":\"EntryPoint\",\"urlTemplate\":\"https:\/\/chemgramx.com\/?s={search_term_string}\"},\"query-input\":{\"@type\":\"PropertyValueSpecification\",\"valueRequired\":true,\"valueName\":\"search_term_string\"}}],\"inLanguage\":\"fr-FR\"},{\"@type\":\"Organization\",\"@id\":\"https:\/\/chemgramx.com\/#organization\",\"name\":\"Chemgramx\",\"url\":\"https:\/\/chemgramx.com\/\",\"logo\":{\"@type\":\"ImageObject\",\"inLanguage\":\"fr-FR\",\"@id\":\"https:\/\/chemgramx.com\/#\/schema\/logo\/image\/\",\"url\":\"https:\/\/chemgramx.com\/wp-content\/uploads\/2024\/10\/final-logo.png\",\"contentUrl\":\"https:\/\/chemgramx.com\/wp-content\/uploads\/2024\/10\/final-logo.png\",\"width\":250,\"height\":48,\"caption\":\"Chemgramx\"},\"image\":{\"@id\":\"https:\/\/chemgramx.com\/#\/schema\/logo\/image\/\"}}]}<\/script>\n<!-- \/ Yoast SEO plugin. -->","yoast_head_json":{"title":"Achetez du 2C-I en ligne \u2013 2C-I \u00e0 vendre | chemgramx","description":"Vous pouvez acheter du 2C-I en solde sur notre boutique en ligne et vous le faire livrer \u00e0 domicile sans souci. Nous vous aidons \u00e0 acheter du 2C-I en ligne. Passez commande d\u00e8s maintenant\u00a0!","robots":{"index":"index","follow":"follow","max-snippet":"max-snippet:-1","max-image-preview":"max-image-preview:large","max-video-preview":"max-video-preview:-1"},"canonical":"https:\/\/chemgramx.com\/fr\/produit\/2c-i\/","og_locale":"fr_FR","og_type":"article","og_title":"2C-I online kaufen \u2013 2C-I zu verkaufen | chemgramx","og_description":"Sie k\u00f6nnen 2C-I zu verkaufen in unserem Online-Shop kaufen und es problemlos an Ihre Haust\u00fcr geliefert bekommen. Wir helfen Ihnen, 2C-I online zu kaufen. Geben Sie einfach jetzt Ihre Bestellung auf!","og_url":"https:\/\/chemgramx.com\/fr\/produit\/2c-i\/","og_site_name":"Chemgramx","article_modified_time":"2025-10-15T05:06:32+00:00","og_image":[{"width":600,"height":400,"url":"https:\/\/chemgramx.com\/wp-content\/uploads\/2024\/12\/2cl.jpg","type":"image\/jpeg"}],"twitter_card":"summary_large_image","twitter_misc":{"Dur\u00e9e de lecture estim\u00e9e":"3 minutes"},"schema":{"@context":"https:\/\/schema.org","@graph":[{"@type":"WebPage","@id":"https:\/\/chemgramx.com\/product\/2c-i\/","url":"https:\/\/chemgramx.com\/product\/2c-i\/","name":"Achetez du 2C-I en ligne \u2013 2C-I \u00e0 vendre | chemgramx","isPartOf":{"@id":"https:\/\/chemgramx.com\/#website"},"primaryImageOfPage":{"@id":"https:\/\/chemgramx.com\/product\/2c-i\/#primaryimage"},"image":{"@id":"https:\/\/chemgramx.com\/product\/2c-i\/#primaryimage"},"thumbnailUrl":"https:\/\/chemgramx.com\/wp-content\/uploads\/2024\/12\/2cl.jpg","datePublished":"2024-12-07T14:58:42+00:00","dateModified":"2025-10-15T05:06:32+00:00","description":"Vous pouvez acheter du 2C-I en solde sur notre boutique en ligne et vous le faire livrer \u00e0 domicile sans souci. Nous vous aidons \u00e0 acheter du 2C-I en ligne. Passez commande d\u00e8s maintenant\u00a0!","breadcrumb":{"@id":"https:\/\/chemgramx.com\/product\/2c-i\/#breadcrumb"},"inLanguage":"fr-FR","potentialAction":[{"@type":"ReadAction","target":["https:\/\/chemgramx.com\/product\/2c-i\/"]}]},{"@type":"ImageObject","inLanguage":"fr-FR","@id":"https:\/\/chemgramx.com\/product\/2c-i\/#primaryimage","url":"https:\/\/chemgramx.com\/wp-content\/uploads\/2024\/12\/2cl.jpg","contentUrl":"https:\/\/chemgramx.com\/wp-content\/uploads\/2024\/12\/2cl.jpg","width":600,"height":400,"caption":"2C-I online kaufen"},{"@type":"BreadcrumbList","@id":"https:\/\/chemgramx.com\/product\/2c-i\/#breadcrumb","itemListElement":[{"@type":"ListItem","position":1,"name":"Home","item":"https:\/\/chemgramx.com\/"},{"@type":"ListItem","position":2,"name":"Shop","item":"https:\/\/chemgramx.com\/shop\/"},{"@type":"ListItem","position":3,"name":"2C-I Online kaufen"}]},{"@type":"WebSite","@id":"https:\/\/chemgramx.com\/#website","url":"https:\/\/chemgramx.com\/","name":"Chemgramx","description":"","publisher":{"@id":"https:\/\/chemgramx.com\/#organization"},"potentialAction":[{"@type":"SearchAction","target":{"@type":"EntryPoint","urlTemplate":"https:\/\/chemgramx.com\/?s={search_term_string}"},"query-input":{"@type":"PropertyValueSpecification","valueRequired":true,"valueName":"search_term_string"}}],"inLanguage":"fr-FR"},{"@type":"Organization","@id":"https:\/\/chemgramx.com\/#organization","name":"Chemgramx","url":"https:\/\/chemgramx.com\/","logo":{"@type":"ImageObject","inLanguage":"fr-FR","@id":"https:\/\/chemgramx.com\/#\/schema\/logo\/image\/","url":"https:\/\/chemgramx.com\/wp-content\/uploads\/2024\/10\/final-logo.png","contentUrl":"https:\/\/chemgramx.com\/wp-content\/uploads\/2024\/10\/final-logo.png","width":250,"height":48,"caption":"Chemgramx"},"image":{"@id":"https:\/\/chemgramx.com\/#\/schema\/logo\/image\/"}}]}},"_links":{"self":[{"href":"https:\/\/chemgramx.com\/fr\/wp-json\/wp\/v2\/product\/1014","targetHints":{"allow":["GET"]}}],"collection":[{"href":"https:\/\/chemgramx.com\/fr\/wp-json\/wp\/v2\/product"}],"about":[{"href":"https:\/\/chemgramx.com\/fr\/wp-json\/wp\/v2\/types\/product"}],"replies":[{"embeddable":true,"href":"https:\/\/chemgramx.com\/fr\/wp-json\/wp\/v2\/comments?post=1014"}],"wp:featuredmedia":[{"embeddable":true,"href":"https:\/\/chemgramx.com\/fr\/wp-json\/wp\/v2\/media\/1015"}],"wp:attachment":[{"href":"https:\/\/chemgramx.com\/fr\/wp-json\/wp\/v2\/media?parent=1014"}],"wp:term":[{"taxonomy":"product_brand","embeddable":true,"href":"https:\/\/chemgramx.com\/fr\/wp-json\/wp\/v2\/product_brand?post=1014"},{"taxonomy":"product_cat","embeddable":true,"href":"https:\/\/chemgramx.com\/fr\/wp-json\/wp\/v2\/product_cat?post=1014"},{"taxonomy":"product_tag","embeddable":true,"href":"https:\/\/chemgramx.com\/fr\/wp-json\/wp\/v2\/product_tag?post=1014"}],"curies":[{"name":"wp","href":"https:\/\/api.w.org\/{rel}","templated":true}]}}