{"id":1016,"date":"2024-12-07T15:01:36","date_gmt":"2024-12-07T15:01:36","guid":{"rendered":"https:\/\/chemgramx.com\/?post_type=product&#038;p=1016"},"modified":"2025-10-15T04:57:34","modified_gmt":"2025-10-15T04:57:34","slug":"2c-p","status":"publish","type":"product","link":"https:\/\/chemgramx.com\/fr\/produit\/2c-p\/","title":{"rendered":"2C-P Acheter en ligne"},"content":{"rendered":"<h2 data-start=\"128\" data-end=\"145\">Qu'est-ce que 2C-P ?<\/h2>\n<p data-start=\"147\" data-end=\"740\"><a href=\"https:\/\/en.wikipedia.org\/wiki\/2C-P\">2C-P<\/a> est une puissante substance psych\u00e9d\u00e9lique de la famille des ph\u00e9n\u00e9thylamines 2C, connue pour sa dur\u00e9e d'action exceptionnellement longue et ses effets sensoriels intenses. Chimiquement, il s'agit de 2,5-dim\u00e9thoxy-4-propylph\u00e9n\u00e9thylamine. Utilis\u00e9e correctement, la 2C-P provoque de profondes hallucinations visuelles, une intensit\u00e9 accrue des couleurs et une sensation d'euphorie prononc\u00e9e. En raison de sa puissance et de ses effets, elle est principalement utilis\u00e9e \u00e0 des fins de recherche. Ses effets durables, pouvant durer de 10 \u00e0 20 heures, sont particuli\u00e8rement remarquables.<\/p>\n<h3 data-start=\"742\" data-end=\"805\">Achetez 2C-P en ligne maintenant \u2013 2C-P \u00e0 vendre disponible chez nous<\/h3>\n<p data-start=\"807\" data-end=\"1080\">Si vous envisagez <a href=\"https:\/\/chemgramx.com\/fr\/produit\/2c-p\/\">2C-P Acheter en ligne<\/a>Vous \u00eates au bon endroit. Nous proposons du 2C-P pur, test\u00e9 en laboratoire, id\u00e9al pour la recherche et l'analyse. Commandez du 2C-P en toute s\u00e9curit\u00e9 et discr\u00e9tion, avec une qualit\u00e9 garantie et une livraison rapide.<\/p>\n<p data-start=\"1082\" data-end=\"1420\">Vous vous demandez o\u00f9 acheter du 2C-P\u00a0? Notre plateforme est consid\u00e9r\u00e9e comme la meilleure pour acheter du 2C-P en ligne, avec un service transparent et un prix juste. Si vous souhaitez acheter du 2C-P en ligne, nous vous offrons une exp\u00e9rience d'achat fiable. Faites-nous confiance si vous cherchez \u00e0 acheter du 2C-P en ligne aupr\u00e8s d'une source fiable.<\/p>\n<h3 data-start=\"1422\" data-end=\"1460\">Pourquoi acheter 2C-P en ligne chez nous ?<\/h3>\n<ul data-start=\"1462\" data-end=\"1722\">\n<li data-start=\"1462\" data-end=\"1509\">\n<p data-start=\"1464\" data-end=\"1509\">La plus haute qualit\u00e9 de laboratoire pour une recherche en toute s\u00e9curit\u00e9<\/p>\n<\/li>\n<li data-start=\"1510\" data-end=\"1552\">\n<p data-start=\"1512\" data-end=\"1552\">Exp\u00e9dition rapide et discr\u00e8te dans le monde entier<\/p>\n<\/li>\n<li data-start=\"1553\" data-end=\"1596\">\n<p data-start=\"1555\" data-end=\"1596\">Des m\u00e9thodes de paiement flexibles, voire anonymes<\/p>\n<\/li>\n<li data-start=\"1597\" data-end=\"1630\">\n<p data-start=\"1599\" data-end=\"1630\">Service client professionnel<\/p>\n<\/li>\n<li data-start=\"1675\" data-end=\"1722\">\n<p data-start=\"1677\" data-end=\"1722\">Prix \u200b\u200b\u00e9quitable 2C-P sans frais cach\u00e9s<\/p>\n<\/li>\n<\/ul>\n<h3 data-start=\"1724\" data-end=\"1759\">Origine et profil chimique<\/h3>\n<p data-start=\"1761\" data-end=\"2081\">Le 2C-P a \u00e9t\u00e9 synth\u00e9tis\u00e9 pour la premi\u00e8re fois par Alexander Shulgin et d\u00e9crit dans son ouvrage \u00ab\u00a0PiHKAL\u00a0\u00bb. Il appartient au groupe des ph\u00e9n\u00e9thylamines substitu\u00e9es et poss\u00e8de la structure chimique 2,5-dim\u00e9thoxy-4-propylph\u00e9n\u00e9thylamine. C'est ce qui explique ses effets psych\u00e9d\u00e9liques exceptionnellement puissants et leur dur\u00e9e particuli\u00e8rement longue.<\/p>\n<p data-start=\"2083\" data-end=\"2199\">Onderzoekers die 2C-P willen kopen, waarderen de combinatie van diepte, visuele effecten en langdurige effectiviteit.<\/p>\n<h3 data-start=\"2201\" data-end=\"2225\">Utilisation de 2C-P<\/h3>\n<p data-start=\"2227\" data-end=\"2341\">Le 2C-P est utilis\u00e9 presque exclusivement \u00e0 des fins scientifiques. Ses principales applications sont\u00a0:<\/p>\n<ul data-start=\"2343\" data-end=\"2494\">\n<li data-start=\"2343\" data-end=\"2379\">\n<p data-start=\"2345\" data-end=\"2379\">Recherche en neurosciences<\/p>\n<\/li>\n<li data-start=\"2380\" data-end=\"2420\">\n<p data-start=\"2382\" data-end=\"2420\">\u00c9tudes sur les changements de conscience<\/p>\n<\/li>\n<li data-start=\"2421\" data-end=\"2470\">\n<p data-start=\"2423\" data-end=\"2470\">Tests de laboratoire analytiques et chimiques<\/p>\n<\/li>\n<\/ul>\n<h3 data-start=\"2496\" data-end=\"2543\">Comment et o\u00f9 puis-je commander 2C-P en ligne ?<\/h3>\n<p data-start=\"2545\" data-end=\"2803\">Commander du 2C-P sur notre boutique en ligne est simple, s\u00e9curis\u00e9 et discret. S\u00e9lectionnez la quantit\u00e9 souhait\u00e9e et finalisez votre commande en quelques \u00e9tapes seulement. Nous garantissons un emballage neutre, une livraison dans le monde entier et diff\u00e9rents modes de paiement.<\/p>\n<p data-start=\"2805\" data-end=\"2899\">Si vous ne savez pas o\u00f9 acheter 2C-P, notre boutique est votre source fiable.<\/p>\n<h3 data-start=\"2901\" data-end=\"2940\">Avantages de l'achat de 2C-P en ligne<\/h3>\n<ul data-start=\"2942\" data-end=\"3178\">\n<li data-start=\"2942\" data-end=\"2974\">\n<p data-start=\"2944\" data-end=\"2974\">Grand choix dans la boutique en ligne<\/p>\n<\/li>\n<li data-start=\"2975\" data-end=\"3025\">\n<p data-start=\"2977\" data-end=\"3025\">Pas d'interm\u00e9diaires \u2013 meilleur prix 2C-P<\/p>\n<\/li>\n<li data-start=\"3026\" data-end=\"3072\">\n<p data-start=\"3028\" data-end=\"3072\">Emballage discret et livraison rapide<\/p>\n<\/li>\n<li data-start=\"3073\" data-end=\"3119\">\n<p data-start=\"3075\" data-end=\"3119\">Acc\u00e8s \u00e0 des offres et r\u00e9ductions exclusives<\/p>\n<\/li>\n<li data-start=\"3120\" data-end=\"3178\">\n<p data-start=\"3122\" data-end=\"3178\">Possibilit\u00e9 d'acheter 2C-P en ligne aux meilleures conditions<\/p>\n<\/li>\n<\/ul>\n<h3 data-start=\"3180\" data-end=\"3221\">Comment choisir le bon fournisseur<\/h3>\n<p data-start=\"3223\" data-end=\"3317\">Lors de l'achat de 2C-P en ligne, privil\u00e9giez la fiabilit\u00e9. Un fournisseur r\u00e9put\u00e9 offre\u00a0:<\/p>\n<ul data-start=\"3319\" data-end=\"3461\">\n<li data-start=\"3319\" data-end=\"3356\">\n<p data-start=\"3321\" data-end=\"3356\">Tests de laboratoire et certificats de puret\u00e9<\/p>\n<\/li>\n<li data-start=\"3357\" data-end=\"3392\">\n<p data-start=\"3359\" data-end=\"3392\">Exp\u00e9dition neutre et assur\u00e9e<\/p>\n<\/li>\n<li data-start=\"3393\" data-end=\"3430\">\n<p data-start=\"3395\" data-end=\"3430\">M\u00e9thodes de paiement s\u00e9curis\u00e9es et anonymes<\/p>\n<\/li>\n<li data-start=\"3431\" data-end=\"3461\">\n<p data-start=\"3433\" data-end=\"3461\">Service client comp\u00e9tent<\/p>\n<\/li>\n<\/ul>\n<h3 data-start=\"3463\" data-end=\"3473\">Conclusion<\/h3>\n<p data-start=\"3475\" data-end=\"3656\">Si vous cherchez du 2C-P \u00e0 vendre, nous sommes votre partenaire de confiance. Avec nous, vous b\u00e9n\u00e9ficiez d'une qualit\u00e9 \u00e9prouv\u00e9e, de prix 2C-P \u00e9quitables, d'une livraison discr\u00e8te et d'un excellent service.<\/p>\n<p data-start=\"3658\" data-end=\"3772\">Achetez maintenant 2C-P en ligne aupr\u00e8s d'une source de recherche fiable et s\u00e9curisez des substances de haute qualit\u00e9 pour vos recherches.<\/p>","protected":false},"excerpt":{"rendered":"<p>2C-P<\/p>\n<p>Le 2C-P est un produit chimique synth\u00e9tique destin\u00e9 \u00e0 la recherche scientifique, connu pour sa grande puret\u00e9 et sa stabilit\u00e9. Ce produit est id\u00e9al pour les \u00e9tudes pharmacologiques et les analyses chimiques. Chaque lot est soigneusement test\u00e9 afin de garantir la fiabilit\u00e9 et la coh\u00e9rence des r\u00e9sultats. Destin\u00e9 uniquement \u00e0 un usage en laboratoire, il ne convient pas \u00e0 la consommation humaine.<\/p>","protected":false},"featured_media":1017,"comment_status":"open","ping_status":"closed","template":"","meta":{"_joinchat":[]},"product_brand":[],"product_cat":[1795],"product_tag":[1851,1857,1852,1855,1856,1854,1853,188,1814,1841],"class_list":{"0":"post-1016","1":"product","2":"type-product","3":"status-publish","4":"has-post-thumbnail","6":"product_cat-2c-serie","7":"product_tag-2c-p","8":"product_tag-2c-p-chemikalien","9":"product_tag-2c-p-kaufen","10":"product_tag-2c-p-kristalle","11":"product_tag-2c-p-online","12":"product_tag-2c-p-pulver","13":"product_tag-2c-p-zum-verkauf","14":"product_tag-forschungschemikalien","15":"product_tag-forschungsstoffe-kaufen","16":"product_tag-synthetische-phenethylamine","18":"first","19":"instock","20":"shipping-taxable","21":"purchasable","22":"product-type-variable"},"yoast_head":"<!-- This site is optimized with the Yoast SEO plugin v26.1.1 - https:\/\/yoast.com\/wordpress\/plugins\/seo\/ -->\n<title>2C-P online kaufen \u2013 2C-P zu verkaufen | chemgramx<\/title>\n<meta name=\"description\" content=\"Wenn Sie 2c-p online kaufen m\u00f6chten, kann Ihnen unser Chemgramx-Online-Shop helfen. Wir haben hier 2c-p zu den besten Preisen zu verkaufen. Geben Sie Ihre Bestellung auf und sichern Sie sich noch heute die neuesten Angebote!\" \/>\n<meta name=\"robots\" content=\"index, follow, max-snippet:-1, max-image-preview:large, max-video-preview:-1\" \/>\n<link rel=\"canonical\" href=\"https:\/\/chemgramx.com\/fr\/produit\/2c-p\/\" \/>\n<meta property=\"og:locale\" content=\"fr_FR\" \/>\n<meta property=\"og:type\" content=\"article\" \/>\n<meta property=\"og:title\" content=\"2C-P online kaufen \u2013 2C-P zu verkaufen | chemgramx\" \/>\n<meta property=\"og:description\" content=\"Wenn Sie 2c-p online kaufen m\u00f6chten, kann Ihnen unser Chemgramx-Online-Shop helfen. Wir haben hier 2c-p zu den besten Preisen zu verkaufen. Geben Sie Ihre Bestellung auf und sichern Sie sich noch heute die neuesten Angebote!\" \/>\n<meta property=\"og:url\" content=\"https:\/\/chemgramx.com\/fr\/produit\/2c-p\/\" \/>\n<meta property=\"og:site_name\" content=\"Chemgramx\" \/>\n<meta property=\"article:modified_time\" content=\"2025-10-15T04:57:34+00:00\" \/>\n<meta property=\"og:image\" content=\"https:\/\/chemgramx.com\/wp-content\/uploads\/2024\/12\/2cp.jpg\" \/>\n\t<meta property=\"og:image:width\" content=\"600\" \/>\n\t<meta property=\"og:image:height\" content=\"400\" \/>\n\t<meta property=\"og:image:type\" content=\"image\/jpeg\" \/>\n<meta name=\"twitter:card\" content=\"summary_large_image\" \/>\n<meta name=\"twitter:label1\" content=\"Dur\u00e9e de lecture estim\u00e9e\" \/>\n\t<meta name=\"twitter:data1\" content=\"3 minutes\" \/>\n<script type=\"application\/ld+json\" class=\"yoast-schema-graph\">{\"@context\":\"https:\/\/schema.org\",\"@graph\":[{\"@type\":\"WebPage\",\"@id\":\"https:\/\/chemgramx.com\/product\/2c-p\/\",\"url\":\"https:\/\/chemgramx.com\/product\/2c-p\/\",\"name\":\"2C-P online kaufen \u2013 2C-P zu verkaufen | chemgramx\",\"isPartOf\":{\"@id\":\"https:\/\/chemgramx.com\/#website\"},\"primaryImageOfPage\":{\"@id\":\"https:\/\/chemgramx.com\/product\/2c-p\/#primaryimage\"},\"image\":{\"@id\":\"https:\/\/chemgramx.com\/product\/2c-p\/#primaryimage\"},\"thumbnailUrl\":\"https:\/\/chemgramx.com\/wp-content\/uploads\/2024\/12\/2cp.jpg\",\"datePublished\":\"2024-12-07T15:01:36+00:00\",\"dateModified\":\"2025-10-15T04:57:34+00:00\",\"description\":\"Wenn Sie 2c-p online kaufen m\u00f6chten, kann Ihnen unser Chemgramx-Online-Shop helfen. Wir haben hier 2c-p zu den besten Preisen zu verkaufen. Geben Sie Ihre Bestellung auf und sichern Sie sich noch heute die neuesten Angebote!\",\"breadcrumb\":{\"@id\":\"https:\/\/chemgramx.com\/product\/2c-p\/#breadcrumb\"},\"inLanguage\":\"fr-FR\",\"potentialAction\":[{\"@type\":\"ReadAction\",\"target\":[\"https:\/\/chemgramx.com\/product\/2c-p\/\"]}]},{\"@type\":\"ImageObject\",\"inLanguage\":\"fr-FR\",\"@id\":\"https:\/\/chemgramx.com\/product\/2c-p\/#primaryimage\",\"url\":\"https:\/\/chemgramx.com\/wp-content\/uploads\/2024\/12\/2cp.jpg\",\"contentUrl\":\"https:\/\/chemgramx.com\/wp-content\/uploads\/2024\/12\/2cp.jpg\",\"width\":600,\"height\":400,\"caption\":\"2C-P online kaufen\"},{\"@type\":\"BreadcrumbList\",\"@id\":\"https:\/\/chemgramx.com\/product\/2c-p\/#breadcrumb\",\"itemListElement\":[{\"@type\":\"ListItem\",\"position\":1,\"name\":\"Home\",\"item\":\"https:\/\/chemgramx.com\/\"},{\"@type\":\"ListItem\",\"position\":2,\"name\":\"Shop\",\"item\":\"https:\/\/chemgramx.com\/shop\/\"},{\"@type\":\"ListItem\",\"position\":3,\"name\":\"2C-P Online kaufen\"}]},{\"@type\":\"WebSite\",\"@id\":\"https:\/\/chemgramx.com\/#website\",\"url\":\"https:\/\/chemgramx.com\/\",\"name\":\"Chemgramx\",\"description\":\"\",\"publisher\":{\"@id\":\"https:\/\/chemgramx.com\/#organization\"},\"potentialAction\":[{\"@type\":\"SearchAction\",\"target\":{\"@type\":\"EntryPoint\",\"urlTemplate\":\"https:\/\/chemgramx.com\/?s={search_term_string}\"},\"query-input\":{\"@type\":\"PropertyValueSpecification\",\"valueRequired\":true,\"valueName\":\"search_term_string\"}}],\"inLanguage\":\"fr-FR\"},{\"@type\":\"Organization\",\"@id\":\"https:\/\/chemgramx.com\/#organization\",\"name\":\"Chemgramx\",\"url\":\"https:\/\/chemgramx.com\/\",\"logo\":{\"@type\":\"ImageObject\",\"inLanguage\":\"fr-FR\",\"@id\":\"https:\/\/chemgramx.com\/#\/schema\/logo\/image\/\",\"url\":\"https:\/\/chemgramx.com\/wp-content\/uploads\/2024\/10\/final-logo.png\",\"contentUrl\":\"https:\/\/chemgramx.com\/wp-content\/uploads\/2024\/10\/final-logo.png\",\"width\":250,\"height\":48,\"caption\":\"Chemgramx\"},\"image\":{\"@id\":\"https:\/\/chemgramx.com\/#\/schema\/logo\/image\/\"}}]}<\/script>\n<!-- \/ Yoast SEO plugin. -->","yoast_head_json":{"title":"Achetez du 2C-P en ligne \u2013 2C-P \u00e0 vendre | chemgramx","description":"Si vous souhaitez acheter du 2c-p en ligne, notre boutique en ligne Chemgramx est l\u00e0 pour vous aider. Nous proposons du 2c-p aux meilleurs prix. Passez commande d\u00e8s aujourd'hui et profitez des derni\u00e8res offres\u00a0!","robots":{"index":"index","follow":"follow","max-snippet":"max-snippet:-1","max-image-preview":"max-image-preview:large","max-video-preview":"max-video-preview:-1"},"canonical":"https:\/\/chemgramx.com\/fr\/produit\/2c-p\/","og_locale":"fr_FR","og_type":"article","og_title":"2C-P online kaufen \u2013 2C-P zu verkaufen | chemgramx","og_description":"Wenn Sie 2c-p online kaufen m\u00f6chten, kann Ihnen unser Chemgramx-Online-Shop helfen. Wir haben hier 2c-p zu den besten Preisen zu verkaufen. Geben Sie Ihre Bestellung auf und sichern Sie sich noch heute die neuesten Angebote!","og_url":"https:\/\/chemgramx.com\/fr\/produit\/2c-p\/","og_site_name":"Chemgramx","article_modified_time":"2025-10-15T04:57:34+00:00","og_image":[{"width":600,"height":400,"url":"https:\/\/chemgramx.com\/wp-content\/uploads\/2024\/12\/2cp.jpg","type":"image\/jpeg"}],"twitter_card":"summary_large_image","twitter_misc":{"Dur\u00e9e de lecture estim\u00e9e":"3 minutes"},"schema":{"@context":"https:\/\/schema.org","@graph":[{"@type":"WebPage","@id":"https:\/\/chemgramx.com\/product\/2c-p\/","url":"https:\/\/chemgramx.com\/product\/2c-p\/","name":"Achetez du 2C-P en ligne \u2013 2C-P \u00e0 vendre | chemgramx","isPartOf":{"@id":"https:\/\/chemgramx.com\/#website"},"primaryImageOfPage":{"@id":"https:\/\/chemgramx.com\/product\/2c-p\/#primaryimage"},"image":{"@id":"https:\/\/chemgramx.com\/product\/2c-p\/#primaryimage"},"thumbnailUrl":"https:\/\/chemgramx.com\/wp-content\/uploads\/2024\/12\/2cp.jpg","datePublished":"2024-12-07T15:01:36+00:00","dateModified":"2025-10-15T04:57:34+00:00","description":"Si vous souhaitez acheter du 2c-p en ligne, notre boutique en ligne Chemgramx est l\u00e0 pour vous aider. Nous proposons du 2c-p aux meilleurs prix. Passez commande d\u00e8s aujourd'hui et profitez des derni\u00e8res offres\u00a0!","breadcrumb":{"@id":"https:\/\/chemgramx.com\/product\/2c-p\/#breadcrumb"},"inLanguage":"fr-FR","potentialAction":[{"@type":"ReadAction","target":["https:\/\/chemgramx.com\/product\/2c-p\/"]}]},{"@type":"ImageObject","inLanguage":"fr-FR","@id":"https:\/\/chemgramx.com\/product\/2c-p\/#primaryimage","url":"https:\/\/chemgramx.com\/wp-content\/uploads\/2024\/12\/2cp.jpg","contentUrl":"https:\/\/chemgramx.com\/wp-content\/uploads\/2024\/12\/2cp.jpg","width":600,"height":400,"caption":"2C-P online kaufen"},{"@type":"BreadcrumbList","@id":"https:\/\/chemgramx.com\/product\/2c-p\/#breadcrumb","itemListElement":[{"@type":"ListItem","position":1,"name":"Home","item":"https:\/\/chemgramx.com\/"},{"@type":"ListItem","position":2,"name":"Shop","item":"https:\/\/chemgramx.com\/shop\/"},{"@type":"ListItem","position":3,"name":"2C-P Online kaufen"}]},{"@type":"WebSite","@id":"https:\/\/chemgramx.com\/#website","url":"https:\/\/chemgramx.com\/","name":"Chemgramx","description":"","publisher":{"@id":"https:\/\/chemgramx.com\/#organization"},"potentialAction":[{"@type":"SearchAction","target":{"@type":"EntryPoint","urlTemplate":"https:\/\/chemgramx.com\/?s={search_term_string}"},"query-input":{"@type":"PropertyValueSpecification","valueRequired":true,"valueName":"search_term_string"}}],"inLanguage":"fr-FR"},{"@type":"Organization","@id":"https:\/\/chemgramx.com\/#organization","name":"Chemgramx","url":"https:\/\/chemgramx.com\/","logo":{"@type":"ImageObject","inLanguage":"fr-FR","@id":"https:\/\/chemgramx.com\/#\/schema\/logo\/image\/","url":"https:\/\/chemgramx.com\/wp-content\/uploads\/2024\/10\/final-logo.png","contentUrl":"https:\/\/chemgramx.com\/wp-content\/uploads\/2024\/10\/final-logo.png","width":250,"height":48,"caption":"Chemgramx"},"image":{"@id":"https:\/\/chemgramx.com\/#\/schema\/logo\/image\/"}}]}},"_links":{"self":[{"href":"https:\/\/chemgramx.com\/fr\/wp-json\/wp\/v2\/product\/1016","targetHints":{"allow":["GET"]}}],"collection":[{"href":"https:\/\/chemgramx.com\/fr\/wp-json\/wp\/v2\/product"}],"about":[{"href":"https:\/\/chemgramx.com\/fr\/wp-json\/wp\/v2\/types\/product"}],"replies":[{"embeddable":true,"href":"https:\/\/chemgramx.com\/fr\/wp-json\/wp\/v2\/comments?post=1016"}],"wp:featuredmedia":[{"embeddable":true,"href":"https:\/\/chemgramx.com\/fr\/wp-json\/wp\/v2\/media\/1017"}],"wp:attachment":[{"href":"https:\/\/chemgramx.com\/fr\/wp-json\/wp\/v2\/media?parent=1016"}],"wp:term":[{"taxonomy":"product_brand","embeddable":true,"href":"https:\/\/chemgramx.com\/fr\/wp-json\/wp\/v2\/product_brand?post=1016"},{"taxonomy":"product_cat","embeddable":true,"href":"https:\/\/chemgramx.com\/fr\/wp-json\/wp\/v2\/product_cat?post=1016"},{"taxonomy":"product_tag","embeddable":true,"href":"https:\/\/chemgramx.com\/fr\/wp-json\/wp\/v2\/product_tag?post=1016"}],"curies":[{"name":"wp","href":"https:\/\/api.w.org\/{rel}","templated":true}]}}