{"id":1018,"date":"2024-12-07T15:04:15","date_gmt":"2024-12-07T15:04:15","guid":{"rendered":"https:\/\/chemgramx.com\/?post_type=product&#038;p=1018"},"modified":"2025-10-15T04:53:05","modified_gmt":"2025-10-15T04:53:05","slug":"2c-t-2","status":"publish","type":"product","link":"https:\/\/chemgramx.com\/fr\/produit\/2c-t-2\/","title":{"rendered":"2C-T-2 Acheter en ligne"},"content":{"rendered":"<h2 data-start=\"129\" data-end=\"148\">Qu'est-ce que 2C-T-2 ?<\/h2>\n<p data-start=\"150\" data-end=\"786\"><a href=\"https:\/\/en.wikipedia.org\/wiki\/2C-T-2\">2C-T-2<\/a> ist eine synthetische psychedelische Substanz aus der 2C-Familie der Phenethylamine. Chemisch bekannt als 2,5-Dimethoxy-4-ethylthio-phenethylamin, geh\u00f6rt es zu den sogenannten Thio-Analoga und wurde erstmals von Alexander Shulgin beschrieben. 2C-T-2 ist bekannt f\u00fcr seine visuellen Halluzinationen, sensorische Verst\u00e4rkungen und leicht entaktogenen Eigenschaften. Es wirkt prim\u00e4r auf das serotonerge System und wird \u00fcberwiegend f\u00fcr wissenschaftliche Forschungszwecke eingesetzt. Im Vergleich zu anderen Vertretern der 2C-Serie bietet 2C-T-2 ein ausgewogenes Verh\u00e4ltnis zwischen psychedelischer Intensit\u00e4t und Dauer.<\/p>\n<h3 data-start=\"788\" data-end=\"848\">Achetez 2C-T-2 en ligne d\u00e8s maintenant\u00a0\u2013 2C-T-2 disponible \u00e0 la vente<\/h3>\n<p data-start=\"850\" data-end=\"1131\">Si vous envisagez <a href=\"https:\/\/chemgramx.com\/fr\/produit\/2c-t-2\/\">2C-T-2 Acheter en ligne<\/a>Vous \u00eates au bon endroit\u00a0! Nous proposons du 2C-T-2 pur et test\u00e9, avec une livraison s\u00e9curis\u00e9e et un traitement discret. Commandez du 2C-T-2 en toute simplicit\u00e9 et b\u00e9n\u00e9ficiez de la confiance d'un fournisseur fiable.<\/p>\n<p data-start=\"1133\" data-end=\"1344\">Notre plateforme est le meilleur endroit pour acheter du 2C-T-2 en ligne, avec des conditions transparentes et des prix \u00e9quitables. Si vous vous demandez o\u00f9 acheter du 2C-T-2, notre source est la solution id\u00e9ale.<\/p>\n<p data-start=\"1346\" data-end=\"1583\">Achetez du 2C-T-2 en ligne d\u00e8s maintenant et commandez directement des produits de haute qualit\u00e9 pour vos recherches. Faites confiance \u00e0 notre exp\u00e9rience pour acheter du 2C-T-2 en ligne aupr\u00e8s d'une source fiable.<\/p>\n<h3 data-start=\"1585\" data-end=\"1625\">Pourquoi acheter 2C-T-2 en ligne chez nous ?<\/h3>\n<ul data-start=\"1627\" data-end=\"1937\">\n<li data-start=\"1627\" data-end=\"1675\">\n<p data-start=\"1629\" data-end=\"1675\">H\u00f6chste Qualit\u00e4t, best\u00e4tigt durch Labortests<\/p>\n<\/li>\n<li data-start=\"1676\" data-end=\"1728\">\n<p data-start=\"1678\" data-end=\"1728\">Exp\u00e9dition rapide, s\u00e9curis\u00e9e et discr\u00e8te dans le monde entier<\/p>\n<\/li>\n<li data-start=\"1729\" data-end=\"1772\">\n<p data-start=\"1731\" data-end=\"1772\">Options de paiement flexibles et anonymes<\/p>\n<\/li>\n<li data-start=\"1816\" data-end=\"1875\">\n<p data-start=\"1818\" data-end=\"1875\">Service client professionnel pour des conseils personnalis\u00e9s<\/p>\n<\/li>\n<li data-start=\"1876\" data-end=\"1937\">\n<p data-start=\"1878\" data-end=\"1937\">Prix \u200b\u200b\u00e9quitable 2C-T-2 avec des r\u00e9ductions pour les clients r\u00e9guliers<\/p>\n<\/li>\n<\/ul>\n<h3 data-start=\"1939\" data-end=\"1974\">Origine et profil chimique<\/h3>\n<p data-start=\"1976\" data-end=\"2267\">Le 2C-T-2 a \u00e9t\u00e9 d\u00e9velopp\u00e9 par Alexander Shulgin et d\u00e9crit pour la premi\u00e8re fois dans \u00ab\u00a0PiHKAL\u00a0\u00bb. Chimiquement, il s'agit de la 2,5-dim\u00e9thoxy-4-\u00e9thylthioph\u00e9n\u00e9thylamine, un d\u00e9riv\u00e9 thioester de la s\u00e9rie 2C. Son activit\u00e9 se distingue des autres compos\u00e9s 2C par sa fonction \u00e9thylthio.<\/p>\n<p data-start=\"2269\" data-end=\"2396\">Les chercheurs qui souhaitent acheter du 2C-T-2 appr\u00e9cient la combinaison \u00e9quilibr\u00e9e d\u2019effets visuels et d\u2019\u00e9l\u00e9ments empathog\u00e8nes.<\/p>\n<h3 data-start=\"2398\" data-end=\"2424\">Utilisation du 2C-T-2<\/h3>\n<p data-start=\"2426\" data-end=\"2518\">Le 2C-T-2 est utilis\u00e9 exclusivement \u00e0 des fins de recherche scientifique, notamment :<\/p>\n<ul data-start=\"2520\" data-end=\"2697\">\n<li data-start=\"2520\" data-end=\"2567\">\n<p data-start=\"2522\" data-end=\"2567\">Neurowissenschaftlicher Grundlagenforschung<\/p>\n<\/li>\n<li data-start=\"2568\" data-end=\"2608\">\n<p data-start=\"2570\" data-end=\"2608\">\u00c9tudes sur les changements de conscience<\/p>\n<\/li>\n<li data-start=\"2609\" data-end=\"2657\">\n<p data-start=\"2611\" data-end=\"2657\">Chimie analytique et recherche m\u00e9dico-l\u00e9gale<\/p>\n<\/li>\n<li data-start=\"2658\" data-end=\"2697\">\n<p data-start=\"2660\" data-end=\"2697\">Psychopharmacologie exp\u00e9rimentale<\/p>\n<\/li>\n<\/ul>\n<h3 data-start=\"2699\" data-end=\"2748\">Comment et o\u00f9 puis-je commander 2C-T-2 en ligne ?<\/h3>\n<p data-start=\"2750\" data-end=\"3027\">Commander du 2C-T-2 est simple et s\u00e9curis\u00e9. Visitez notre boutique en ligne, s\u00e9lectionnez la quantit\u00e9 souhait\u00e9e et finalisez votre achat en quelques clics. Avec une livraison discr\u00e8te et plusieurs modes de paiement, nous vous garantissons une s\u00e9curit\u00e9 maximale.<\/p>\n<p data-start=\"3029\" data-end=\"3126\">Si vous souhaitez savoir o\u00f9 acheter 2C-T-2, nous sommes votre contact fiable.<\/p>\n<h3 data-start=\"3128\" data-end=\"3169\">Avantages de l'achat de 2C-T-2 en ligne<\/h3>\n<ul data-start=\"3171\" data-end=\"3410\">\n<li data-start=\"3171\" data-end=\"3212\">\n<p data-start=\"3173\" data-end=\"3212\">Grand choix d'unit\u00e9s d'emballage<\/p>\n<\/li>\n<li data-start=\"3213\" data-end=\"3258\">\n<p data-start=\"3215\" data-end=\"3258\">Direkter Online-Kauf ohne Zwischenh\u00e4ndler<\/p>\n<\/li>\n<li data-start=\"3259\" data-end=\"3306\">\n<p data-start=\"3261\" data-end=\"3306\">Livraison discr\u00e8te avec emballage neutre<\/p>\n<\/li>\n<li data-start=\"3307\" data-end=\"3349\">\n<p data-start=\"3309\" data-end=\"3349\">Acc\u00e8s \u00e0 des offres sp\u00e9ciales et des r\u00e9ductions<\/p>\n<\/li>\n<li data-start=\"3350\" data-end=\"3410\">\n<p data-start=\"3352\" data-end=\"3410\">Possibilit\u00e9 d'acheter 2C-T-2 en ligne aux meilleures conditions<\/p>\n<\/li>\n<\/ul>\n<h3 data-start=\"3412\" data-end=\"3453\">Comment choisir le bon fournisseur<\/h3>\n<p data-start=\"3455\" data-end=\"3543\">Lorsque vous achetez du 2C-T-2 en ligne, privil\u00e9giez les fournisseurs r\u00e9put\u00e9s. Soyez attentif aux points suivants\u00a0:<\/p>\n<ul data-start=\"3545\" data-end=\"3683\">\n<li data-start=\"3545\" data-end=\"3579\">\n<p data-start=\"3547\" data-end=\"3579\">Puret\u00e9 test\u00e9e et tests en laboratoire<\/p>\n<\/li>\n<li data-start=\"3580\" data-end=\"3615\">\n<p data-start=\"3582\" data-end=\"3615\">Exp\u00e9dition discr\u00e8te et assur\u00e9e<\/p>\n<\/li>\n<li data-start=\"3616\" data-end=\"3653\">\n<p data-start=\"3618\" data-end=\"3653\">M\u00e9thodes de paiement s\u00e9curis\u00e9es et anonymes<\/p>\n<\/li>\n<li data-start=\"3654\" data-end=\"3683\">\n<p data-start=\"3656\" data-end=\"3683\">Support client comp\u00e9tent<\/p>\n<\/li>\n<\/ul>\n<h3 data-start=\"3685\" data-end=\"3695\">Conclusion<\/h3>\n<p data-start=\"3697\" data-end=\"3904\">Si vous achetez du 2C-T-2 en ligne, nous sommes votre partenaire de confiance. Notre s\u00e9lection de 2C-T-2 \u00e0 vendre allie puret\u00e9 certifi\u00e9e, prix \u00e9quitable, livraison s\u00e9curis\u00e9e et assistance professionnelle.<\/p>\n<p data-start=\"3906\" data-end=\"4035\">Achetez 2C-T-2 en ligne maintenant aupr\u00e8s d'une source de recherche fiable et assurez la qualit\u00e9, la s\u00e9curit\u00e9 et la discr\u00e9tion de vos recherches.<\/p>","protected":false},"excerpt":{"rendered":"<p style=\"text-align: center;\">2C-T-2<\/p>\n<hr \/>\n<p>Le 2C-T-2 est un produit chimique synth\u00e9tique de haute puret\u00e9 destin\u00e9 \u00e0 la recherche scientifique. Ce produit est id\u00e9al pour les \u00e9tudes pharmacologiques, les analyses de r\u00e9cepteurs et les exp\u00e9riences chimiques. Chaque lot est soumis \u00e0 des tests rigoureux afin de garantir sa fiabilit\u00e9 et sa stabilit\u00e9. Destin\u00e9 exclusivement \u00e0 un usage en laboratoire.<\/p>","protected":false},"featured_media":1019,"comment_status":"open","ping_status":"closed","template":"","meta":{"_joinchat":[]},"product_brand":[],"product_cat":[1795],"product_tag":[1844,1850,1845,1848,1849,1847,1846,188,1814,1841],"class_list":{"0":"post-1018","1":"product","2":"type-product","3":"status-publish","4":"has-post-thumbnail","6":"product_cat-2c-serie","7":"product_tag-2c-t-2","8":"product_tag-2c-t-2-chemikalien","9":"product_tag-2c-t-2-kaufen","10":"product_tag-2c-t-2-kristalle","11":"product_tag-2c-t-2-online","12":"product_tag-2c-t-2-pulver","13":"product_tag-2c-t-2-zum-verkauf","14":"product_tag-forschungschemikalien","15":"product_tag-forschungsstoffe-kaufen","16":"product_tag-synthetische-phenethylamine","18":"first","19":"instock","20":"shipping-taxable","21":"purchasable","22":"product-type-variable"},"yoast_head":"<!-- This site is optimized with the Yoast SEO plugin v26.1.1 - https:\/\/yoast.com\/wordpress\/plugins\/seo\/ -->\n<title>2C-T-2 online kaufen \u2013 2C-T-2 zu verkaufen | chemgramx<\/title>\n<meta name=\"description\" content=\"Wir sind der f\u00fchrende Shop mit 2c-t-2 zum Verkauf. Wenn Sie 2c-t-2 online kaufen m\u00f6chten, kontaktieren Sie uns sofort und lassen Sie sich die Bestellung liefern. Jetzt bestellen!\" \/>\n<meta name=\"robots\" content=\"index, follow, max-snippet:-1, max-image-preview:large, max-video-preview:-1\" \/>\n<link rel=\"canonical\" href=\"https:\/\/chemgramx.com\/fr\/produit\/2c-t-2\/\" \/>\n<meta property=\"og:locale\" content=\"fr_FR\" \/>\n<meta property=\"og:type\" content=\"article\" \/>\n<meta property=\"og:title\" content=\"2C-T-2 online kaufen \u2013 2C-T-2 zu verkaufen | chemgramx\" \/>\n<meta property=\"og:description\" content=\"Wir sind der f\u00fchrende Shop mit 2c-t-2 zum Verkauf. Wenn Sie 2c-t-2 online kaufen m\u00f6chten, kontaktieren Sie uns sofort und lassen Sie sich die Bestellung liefern. Jetzt bestellen!\" \/>\n<meta property=\"og:url\" content=\"https:\/\/chemgramx.com\/fr\/produit\/2c-t-2\/\" \/>\n<meta property=\"og:site_name\" content=\"Chemgramx\" \/>\n<meta property=\"article:modified_time\" content=\"2025-10-15T04:53:05+00:00\" \/>\n<meta property=\"og:image\" content=\"https:\/\/chemgramx.com\/wp-content\/uploads\/2024\/12\/2ct2.jpg\" \/>\n\t<meta property=\"og:image:width\" content=\"600\" \/>\n\t<meta property=\"og:image:height\" content=\"400\" \/>\n\t<meta property=\"og:image:type\" content=\"image\/jpeg\" \/>\n<meta name=\"twitter:card\" content=\"summary_large_image\" \/>\n<meta name=\"twitter:label1\" content=\"Dur\u00e9e de lecture estim\u00e9e\" \/>\n\t<meta name=\"twitter:data1\" content=\"3 minutes\" \/>\n<script type=\"application\/ld+json\" class=\"yoast-schema-graph\">{\"@context\":\"https:\/\/schema.org\",\"@graph\":[{\"@type\":\"WebPage\",\"@id\":\"https:\/\/chemgramx.com\/product\/2c-t-2\/\",\"url\":\"https:\/\/chemgramx.com\/product\/2c-t-2\/\",\"name\":\"2C-T-2 online kaufen \u2013 2C-T-2 zu verkaufen | chemgramx\",\"isPartOf\":{\"@id\":\"https:\/\/chemgramx.com\/#website\"},\"primaryImageOfPage\":{\"@id\":\"https:\/\/chemgramx.com\/product\/2c-t-2\/#primaryimage\"},\"image\":{\"@id\":\"https:\/\/chemgramx.com\/product\/2c-t-2\/#primaryimage\"},\"thumbnailUrl\":\"https:\/\/chemgramx.com\/wp-content\/uploads\/2024\/12\/2ct2.jpg\",\"datePublished\":\"2024-12-07T15:04:15+00:00\",\"dateModified\":\"2025-10-15T04:53:05+00:00\",\"description\":\"Wir sind der f\u00fchrende Shop mit 2c-t-2 zum Verkauf. Wenn Sie 2c-t-2 online kaufen m\u00f6chten, kontaktieren Sie uns sofort und lassen Sie sich die Bestellung liefern. Jetzt bestellen!\",\"breadcrumb\":{\"@id\":\"https:\/\/chemgramx.com\/product\/2c-t-2\/#breadcrumb\"},\"inLanguage\":\"fr-FR\",\"potentialAction\":[{\"@type\":\"ReadAction\",\"target\":[\"https:\/\/chemgramx.com\/product\/2c-t-2\/\"]}]},{\"@type\":\"ImageObject\",\"inLanguage\":\"fr-FR\",\"@id\":\"https:\/\/chemgramx.com\/product\/2c-t-2\/#primaryimage\",\"url\":\"https:\/\/chemgramx.com\/wp-content\/uploads\/2024\/12\/2ct2.jpg\",\"contentUrl\":\"https:\/\/chemgramx.com\/wp-content\/uploads\/2024\/12\/2ct2.jpg\",\"width\":600,\"height\":400,\"caption\":\"2C-T-2 online kaufen\"},{\"@type\":\"BreadcrumbList\",\"@id\":\"https:\/\/chemgramx.com\/product\/2c-t-2\/#breadcrumb\",\"itemListElement\":[{\"@type\":\"ListItem\",\"position\":1,\"name\":\"Home\",\"item\":\"https:\/\/chemgramx.com\/\"},{\"@type\":\"ListItem\",\"position\":2,\"name\":\"Shop\",\"item\":\"https:\/\/chemgramx.com\/shop\/\"},{\"@type\":\"ListItem\",\"position\":3,\"name\":\"2C-T-2 Online kaufen\"}]},{\"@type\":\"WebSite\",\"@id\":\"https:\/\/chemgramx.com\/#website\",\"url\":\"https:\/\/chemgramx.com\/\",\"name\":\"Chemgramx\",\"description\":\"\",\"publisher\":{\"@id\":\"https:\/\/chemgramx.com\/#organization\"},\"potentialAction\":[{\"@type\":\"SearchAction\",\"target\":{\"@type\":\"EntryPoint\",\"urlTemplate\":\"https:\/\/chemgramx.com\/?s={search_term_string}\"},\"query-input\":{\"@type\":\"PropertyValueSpecification\",\"valueRequired\":true,\"valueName\":\"search_term_string\"}}],\"inLanguage\":\"fr-FR\"},{\"@type\":\"Organization\",\"@id\":\"https:\/\/chemgramx.com\/#organization\",\"name\":\"Chemgramx\",\"url\":\"https:\/\/chemgramx.com\/\",\"logo\":{\"@type\":\"ImageObject\",\"inLanguage\":\"fr-FR\",\"@id\":\"https:\/\/chemgramx.com\/#\/schema\/logo\/image\/\",\"url\":\"https:\/\/chemgramx.com\/wp-content\/uploads\/2024\/10\/final-logo.png\",\"contentUrl\":\"https:\/\/chemgramx.com\/wp-content\/uploads\/2024\/10\/final-logo.png\",\"width\":250,\"height\":48,\"caption\":\"Chemgramx\"},\"image\":{\"@id\":\"https:\/\/chemgramx.com\/#\/schema\/logo\/image\/\"}}]}<\/script>\n<!-- \/ Yoast SEO plugin. -->","yoast_head_json":{"title":"Achetez du 2C-T-2 en ligne \u2013 2C-T-2 \u00e0 vendre | chemgramx","description":"Nous sommes le leader de la vente de 2c-t-2. Si vous souhaitez acheter du 2c-t-2 en ligne, contactez-nous imm\u00e9diatement et faites-vous livrer. Commandez d\u00e8s maintenant\u00a0!","robots":{"index":"index","follow":"follow","max-snippet":"max-snippet:-1","max-image-preview":"max-image-preview:large","max-video-preview":"max-video-preview:-1"},"canonical":"https:\/\/chemgramx.com\/fr\/produit\/2c-t-2\/","og_locale":"fr_FR","og_type":"article","og_title":"2C-T-2 online kaufen \u2013 2C-T-2 zu verkaufen | chemgramx","og_description":"Wir sind der f\u00fchrende Shop mit 2c-t-2 zum Verkauf. Wenn Sie 2c-t-2 online kaufen m\u00f6chten, kontaktieren Sie uns sofort und lassen Sie sich die Bestellung liefern. Jetzt bestellen!","og_url":"https:\/\/chemgramx.com\/fr\/produit\/2c-t-2\/","og_site_name":"Chemgramx","article_modified_time":"2025-10-15T04:53:05+00:00","og_image":[{"width":600,"height":400,"url":"https:\/\/chemgramx.com\/wp-content\/uploads\/2024\/12\/2ct2.jpg","type":"image\/jpeg"}],"twitter_card":"summary_large_image","twitter_misc":{"Dur\u00e9e de lecture estim\u00e9e":"3 minutes"},"schema":{"@context":"https:\/\/schema.org","@graph":[{"@type":"WebPage","@id":"https:\/\/chemgramx.com\/product\/2c-t-2\/","url":"https:\/\/chemgramx.com\/product\/2c-t-2\/","name":"Achetez du 2C-T-2 en ligne \u2013 2C-T-2 \u00e0 vendre | chemgramx","isPartOf":{"@id":"https:\/\/chemgramx.com\/#website"},"primaryImageOfPage":{"@id":"https:\/\/chemgramx.com\/product\/2c-t-2\/#primaryimage"},"image":{"@id":"https:\/\/chemgramx.com\/product\/2c-t-2\/#primaryimage"},"thumbnailUrl":"https:\/\/chemgramx.com\/wp-content\/uploads\/2024\/12\/2ct2.jpg","datePublished":"2024-12-07T15:04:15+00:00","dateModified":"2025-10-15T04:53:05+00:00","description":"Nous sommes le leader de la vente de 2c-t-2. Si vous souhaitez acheter du 2c-t-2 en ligne, contactez-nous imm\u00e9diatement et faites-vous livrer. Commandez d\u00e8s maintenant\u00a0!","breadcrumb":{"@id":"https:\/\/chemgramx.com\/product\/2c-t-2\/#breadcrumb"},"inLanguage":"fr-FR","potentialAction":[{"@type":"ReadAction","target":["https:\/\/chemgramx.com\/product\/2c-t-2\/"]}]},{"@type":"ImageObject","inLanguage":"fr-FR","@id":"https:\/\/chemgramx.com\/product\/2c-t-2\/#primaryimage","url":"https:\/\/chemgramx.com\/wp-content\/uploads\/2024\/12\/2ct2.jpg","contentUrl":"https:\/\/chemgramx.com\/wp-content\/uploads\/2024\/12\/2ct2.jpg","width":600,"height":400,"caption":"2C-T-2 online kaufen"},{"@type":"BreadcrumbList","@id":"https:\/\/chemgramx.com\/product\/2c-t-2\/#breadcrumb","itemListElement":[{"@type":"ListItem","position":1,"name":"Home","item":"https:\/\/chemgramx.com\/"},{"@type":"ListItem","position":2,"name":"Shop","item":"https:\/\/chemgramx.com\/shop\/"},{"@type":"ListItem","position":3,"name":"2C-T-2 Online kaufen"}]},{"@type":"WebSite","@id":"https:\/\/chemgramx.com\/#website","url":"https:\/\/chemgramx.com\/","name":"Chemgramx","description":"","publisher":{"@id":"https:\/\/chemgramx.com\/#organization"},"potentialAction":[{"@type":"SearchAction","target":{"@type":"EntryPoint","urlTemplate":"https:\/\/chemgramx.com\/?s={search_term_string}"},"query-input":{"@type":"PropertyValueSpecification","valueRequired":true,"valueName":"search_term_string"}}],"inLanguage":"fr-FR"},{"@type":"Organization","@id":"https:\/\/chemgramx.com\/#organization","name":"Chemgramx","url":"https:\/\/chemgramx.com\/","logo":{"@type":"ImageObject","inLanguage":"fr-FR","@id":"https:\/\/chemgramx.com\/#\/schema\/logo\/image\/","url":"https:\/\/chemgramx.com\/wp-content\/uploads\/2024\/10\/final-logo.png","contentUrl":"https:\/\/chemgramx.com\/wp-content\/uploads\/2024\/10\/final-logo.png","width":250,"height":48,"caption":"Chemgramx"},"image":{"@id":"https:\/\/chemgramx.com\/#\/schema\/logo\/image\/"}}]}},"_links":{"self":[{"href":"https:\/\/chemgramx.com\/fr\/wp-json\/wp\/v2\/product\/1018","targetHints":{"allow":["GET"]}}],"collection":[{"href":"https:\/\/chemgramx.com\/fr\/wp-json\/wp\/v2\/product"}],"about":[{"href":"https:\/\/chemgramx.com\/fr\/wp-json\/wp\/v2\/types\/product"}],"replies":[{"embeddable":true,"href":"https:\/\/chemgramx.com\/fr\/wp-json\/wp\/v2\/comments?post=1018"}],"wp:featuredmedia":[{"embeddable":true,"href":"https:\/\/chemgramx.com\/fr\/wp-json\/wp\/v2\/media\/1019"}],"wp:attachment":[{"href":"https:\/\/chemgramx.com\/fr\/wp-json\/wp\/v2\/media?parent=1018"}],"wp:term":[{"taxonomy":"product_brand","embeddable":true,"href":"https:\/\/chemgramx.com\/fr\/wp-json\/wp\/v2\/product_brand?post=1018"},{"taxonomy":"product_cat","embeddable":true,"href":"https:\/\/chemgramx.com\/fr\/wp-json\/wp\/v2\/product_cat?post=1018"},{"taxonomy":"product_tag","embeddable":true,"href":"https:\/\/chemgramx.com\/fr\/wp-json\/wp\/v2\/product_tag?post=1018"}],"curies":[{"name":"wp","href":"https:\/\/api.w.org\/{rel}","templated":true}]}}