{"id":1022,"date":"2024-12-07T15:22:29","date_gmt":"2024-12-07T15:22:29","guid":{"rendered":"https:\/\/chemgramx.com\/?post_type=product&#038;p=1022"},"modified":"2025-10-14T10:46:07","modified_gmt":"2025-10-14T10:46:07","slug":"2-fluoramphetamin-2-fa","status":"publish","type":"product","link":"https:\/\/chemgramx.com\/fr\/produit\/2-fluoramphetamin-2-fa\/","title":{"rendered":"Acheter 4-FA (4-fluoroamph\u00e9tamine) en ligne"},"content":{"rendered":"<h2 data-start=\"184\" data-end=\"228\">Acheter 4-FA (4-fluoroamph\u00e9tamine) en ligne<\/h2>\n<h2 data-start=\"230\" data-end=\"245\">invoering<\/h2>\n<p data-start=\"247\" data-end=\"725\">De nombreux chercheurs et personnes int\u00e9ress\u00e9es choisissent aujourd'hui d'acheter de la 2-fluoroamph\u00e9tamine (2-FA) en ligne, car cette substance n'est disponible que chez des fournisseurs sp\u00e9cialis\u00e9s. La 2-fluoroamph\u00e9tamine (2-FA) est un d\u00e9riv\u00e9 stimulant de l'amph\u00e9tamine qui suscite un int\u00e9r\u00eat croissant dans les \u00e9tudes scientifiques et les cercles psychonautiques. Face \u00e0 la demande croissante, il est d\u00e9sormais courant de commander de la 2-fluoroamph\u00e9tamine (2-FA) en ligne aupr\u00e8s de boutiques agr\u00e9\u00e9es.<\/p>\n<p data-start=\"727\" data-end=\"983\">\u00c9tant donn\u00e9 que le statut juridique du 2-FA varie consid\u00e9rablement d\u2019un pays \u00e0 l\u2019autre, vous devez vous informer \u00e0 l\u2019avance, <a href=\"https:\/\/chemgramx.com\/fr\/produit\/2-fluoramphetamin-2-fa\/\">o\u00f9 acheter de la 2-fluoroamph\u00e9tamine (2-FA)<\/a> est s\u00fbr et l\u00e9gal. Seul un achat aupr\u00e8s d'une source v\u00e9rifi\u00e9e garantit une qualit\u00e9 optimale.<\/p>\n<h3 data-start=\"985\" data-end=\"1025\">Qu'est-ce que la 2-fluoroamph\u00e9tamine (2FA) ?<\/h3>\n<h3 data-start=\"1027\" data-end=\"1058\">Composition chimique<\/h3>\n<p data-start=\"1060\" data-end=\"1327\"><a href=\"https:\/\/en.wikipedia.org\/wiki\/2-Fluoroamphetamine\">2-fluoroamph\u00e9tamine<\/a> Le (2-FA) commercialis\u00e9 est un d\u00e9riv\u00e9 fluor\u00e9 de l'amph\u00e9tamine dont la formule mol\u00e9culaire est C9H12FN. On pense qu'il agit comme un inhibiteur de la recapture de la dopamine et de la noradr\u00e9naline, exer\u00e7ant ainsi des propri\u00e9t\u00e9s \u00e9nergisantes et stimulantes.<\/p>\n<h3 data-start=\"1329\" data-end=\"1360\">Utilisations courantes<\/h3>\n<ul data-start=\"1362\" data-end=\"1651\">\n<li data-start=\"1362\" data-end=\"1507\">\n<p data-start=\"1364\" data-end=\"1507\">Recherche scientifique : Des chercheurs commandent de la 2-fluoroamph\u00e9tamine (2-FA) pour analyser les effets pharmacologiques et neurologiques.<\/p>\n<\/li>\n<li data-start=\"1508\" data-end=\"1651\">\n<p data-start=\"1510\" data-end=\"1651\">Exploration psychoactive : connue dans les cercles psychonautiques pour ses effets am\u00e9liorant la concentration, l'\u00e9nergie et la pulsion avec une l\u00e9g\u00e8re stimulation.<\/p>\n<\/li>\n<\/ul>\n<h3 data-start=\"1653\" data-end=\"1677\">Statut juridique<\/h3>\n<p data-start=\"1679\" data-end=\"2033\">En Allemagne, la vente de 2-fluoroamph\u00e9tamine (2-FA) peut \u00eatre soumise \u00e0 la loi sur les nouvelles substances psychoactives (NPSG). Dans d'autres pays, le statut varie\u00a0: certaines sont l\u00e9gales, d'autres strictement interdites. Il est de la responsabilit\u00e9 des acheteurs de v\u00e9rifier la r\u00e9glementation locale avant d'acheter de la 2-fluoroamph\u00e9tamine (2-FA) en ligne.<\/p>\n<h3 data-start=\"2035\" data-end=\"2087\">Pourquoi acheter de la 2-fluoroamph\u00e9tamine (2-FA) en ligne ?<\/h3>\n<h3 data-start=\"2089\" data-end=\"2121\">Accessibilit\u00e9 et confort<\/h3>\n<p data-start=\"2123\" data-end=\"2292\">L'achat en ligne offre un moyen discret d'acheter de la 2-fluoroamph\u00e9tamine (2-FA). Les chercheurs et les laboratoires appr\u00e9cient l'acc\u00e8s direct aux produits test\u00e9s.<\/p>\n<h3 data-start=\"2294\" data-end=\"2322\">S\u00e9lection de produits plus large<\/h3>\n<p data-start=\"2324\" data-end=\"2703\">De nombreux fournisseurs en ligne proposent diff\u00e9rents conditionnements, dosages et prix. Un comparateur de prix vous aidera \u00e0 trouver le meilleur prix pour la 2-fluoroamph\u00e9tamine (2-FA) et \u00e0 optimiser vos recherches. Si vous cherchez le meilleur endroit pour acheter de la 2-fluoroamph\u00e9tamine (2-FA) en ligne, privil\u00e9giez les sources fiables et reconnues.<\/p>\n<h3 data-start=\"3010\" data-end=\"3059\">Comment trouver un fournisseur fiable ?<\/h3>\n<h3 data-start=\"3061\" data-end=\"3078\">Signaux d'avertissement<\/h3>\n<ul data-start=\"3080\" data-end=\"3236\">\n<li data-start=\"3080\" data-end=\"3124\">\n<p data-start=\"3082\" data-end=\"3124\">Aucune empreinte ou si\u00e8ge social manquant<\/p>\n<\/li>\n<li data-start=\"3125\" data-end=\"3189\">\n<p data-start=\"3127\" data-end=\"3189\">Prix \u200b\u200birr\u00e9aliste de la 2-fluoroamph\u00e9tamine (2-FA)<\/p>\n<\/li>\n<li data-start=\"3190\" data-end=\"3236\">\n<p data-start=\"3192\" data-end=\"3236\">Aucun rapport de laboratoire ni avis client<\/p>\n<\/li>\n<\/ul>\n<h3 data-start=\"3238\" data-end=\"3271\">Exp\u00e9riences et avis<\/h3>\n<p data-start=\"3273\" data-end=\"3502\">Les forums et les communaut\u00e9s de recherche discutent souvent des endroits o\u00f9 acheter de la 2-fluoroamph\u00e9tamine (2-FA) en toute s\u00e9curit\u00e9. Les t\u00e9moignages d'utilisateurs aident \u00e0 identifier le meilleur endroit pour acheter de la 2-fluoroamph\u00e9tamine (2-FA) en ligne.<\/p>\n<h3 data-start=\"3504\" data-end=\"3545\">Tests de laboratoire et certificats de puret\u00e9<\/h3>\n<p data-start=\"3547\" data-end=\"3731\">Un revendeur r\u00e9put\u00e9 fournira un certificat d'analyse (CoA) \u00e0 jour. C'est le seul moyen de garantir que le produit vendu est de la 2-fluoroamph\u00e9tamine (2-FA) authentique.<\/p>\n<h3 data-start=\"3733\" data-end=\"3774\">Consid\u00e9rations juridiques et \u00e9thiques<\/h3>\n<h3 data-start=\"3776\" data-end=\"3815\">Lois locales et internationales<\/h3>\n<p data-start=\"3817\" data-end=\"4023\">Ce n'est pas parce que vous pouvez commander de la 2-fluoroamph\u00e9tamine (2-FA) que c'est automatiquement l\u00e9gal. Il est conseill\u00e9 aux acheteurs de v\u00e9rifier la l\u00e9gislation de leur pays pour \u00e9viter toute poursuite judiciaire.<\/p>\n<h3 data-start=\"4025\" data-end=\"4056\">Responsabilit\u00e9 de l'acheteur<\/h3>\n<p data-start=\"4058\" data-end=\"4239\">Quiconque d\u00e9cide d\u2019acheter de la 2-fluoroamph\u00e9tamine (2-FA) est tenu de stocker la substance en toute s\u00e9curit\u00e9, de l\u2019utiliser de mani\u00e8re responsable et de se conformer aux r\u00e9glementations l\u00e9gales.<\/p>\n<h3 data-start=\"4241\" data-end=\"4251\">Conclusion<\/h3>\n<p data-start=\"4253\" data-end=\"4573\">Acheter de la 2-fluoroamph\u00e9tamine (2-FA) en ligne aupr\u00e8s d'une source fiable est le moyen le plus s\u00fbr d'acc\u00e9der \u00e0 des produits de haute qualit\u00e9. Toute personne souhaitant acheter de la 2-fluoroamph\u00e9tamine (2-FA) en ligne doit privil\u00e9gier des boutiques fiables, garantissant puret\u00e9 et transparence gr\u00e2ce \u00e0 des analyses en laboratoire.<\/p>\n<p data-start=\"4575\" data-end=\"4726\">Le choix du bon fournisseur d\u00e9termine si l\u2019achat de 2-fluoroamph\u00e9tamine (2-FA) \u00e0 vendre est s\u00fbr, l\u00e9gal et r\u00e9ussi.<\/p>","protected":false},"excerpt":{"rendered":"<p><strong>2-Fluoroamph\u00e9tamines (2-FA)<\/strong> est un compos\u00e9 chimique de grande puret\u00e9 utilis\u00e9 dans les \u00e9tudes scientifiques et la recherche en laboratoire. Gr\u00e2ce \u00e0 sa structure pr\u00e9cise et \u00e0 sa qualit\u00e9, le 2-FA est privil\u00e9gi\u00e9 dans les neurosciences et la recherche pharmacologique.<\/p>\n<h3><strong>Propri\u00e9t\u00e9s du 2-FA :<\/strong><\/h3>\n<ul>\n<li><strong>Formule chimique<\/strong>C9H12FN<\/li>\n<li><strong>Poids mol\u00e9culaire<\/strong>153,20 g\/mol<\/li>\n<li><strong>Puret\u00e9<\/strong>99% garanti, pour des r\u00e9sultats de recherche pr\u00e9cis.<\/li>\n<li><strong>Apparence<\/strong>: Poudre cristalline blanche, id\u00e9ale pour les applications en laboratoire.<\/li>\n<\/ul>\n<h3><strong>Domaines d'application :<\/strong><\/h3>\n<ol>\n<li><strong>\u00c9tudes neuroscientifiques<\/strong>: \u00e9tude des m\u00e9canismes des neurotransmetteurs et des interactions avec les r\u00e9cepteurs.<\/li>\n<li><strong>Recherche pharmacologique<\/strong>: analyse des relations structure-activit\u00e9 (SAR) et des potentiels pour des applications th\u00e9rapeutiques.<\/li>\n<li><strong>Exp\u00e9riences de chimie<\/strong>: Application en laboratoire pour l'analyse chimique et le profilage.<\/li>\n<\/ol>\n<h3><strong>Pourquoi acheter 2-FA ?<\/strong><\/h3>\n<ul>\n<li><strong>La plus grande puret\u00e9<\/strong>: Fabriqu\u00e9 avec soin pour garantir des r\u00e9sultats de recherche fiables.<\/li>\n<li><strong>Envoi discret<\/strong>: Livr\u00e9 en toute s\u00e9curit\u00e9 et de mani\u00e8re anonyme<\/li>\n<li><strong>Flexibilit\u00e9<\/strong>: Convient \u00e0 une grande vari\u00e9t\u00e9 d'applications scientifiques.<\/li>\n<\/ul>","protected":false},"featured_media":1026,"comment_status":"open","ping_status":"closed","template":"","meta":{"_joinchat":[]},"product_brand":[],"product_cat":[48],"product_tag":[1143,2588,2583,1162,2587,2586,2584,2582,2585,2015],"class_list":{"0":"post-1022","1":"product","2":"type-product","3":"status-publish","4":"has-post-thumbnail","6":"product_cat-stimulants","7":"product_tag-2-fa-kaufen","8":"product_tag-2-fa-kaufen-deutschland","9":"product_tag-2-fa-kristalle","10":"product_tag-2-fa-online","11":"product_tag-2-fa-preis","12":"product_tag-2-fa-prodej","13":"product_tag-2-fa-pulver","14":"product_tag-2-fluoroamphetamine-kaufen","15":"product_tag-2-fluoroamphetamine-online","16":"product_tag-synthetische-drogen","18":"first","19":"instock","20":"shipping-taxable","21":"purchasable","22":"product-type-variable"},"yoast_head":"<!-- This site is optimized with the Yoast SEO plugin v26.1.1 - https:\/\/yoast.com\/wordpress\/plugins\/seo\/ -->\n<title>2-Fluoramphetamin (2-FA) online Kaufen \u2013 2-FA zum Verkauf<\/title>\n<meta name=\"description\" content=\"Wo kann man 2-Fluoramphetamin (2-fa) online zum besten Preis kaufen? Finden Sie hochwertiges 2-Fluoramphetamin (2-fa) zum Verkauf in unserem sicheren Online-Shop, der Ihren Forschungsanforderungen gerecht wird. Jetzt bestellen!\" \/>\n<meta name=\"robots\" content=\"index, follow, max-snippet:-1, max-image-preview:large, max-video-preview:-1\" \/>\n<link rel=\"canonical\" href=\"https:\/\/chemgramx.com\/fr\/produit\/2-fluoramphetamin-2-fa\/\" \/>\n<meta property=\"og:locale\" content=\"fr_FR\" \/>\n<meta property=\"og:type\" content=\"article\" \/>\n<meta property=\"og:title\" content=\"2-Fluoramphetamin (2-FA) online Kaufen \u2013 2-FA zum Verkauf\" \/>\n<meta property=\"og:description\" content=\"Wo kann man 2-Fluoramphetamin (2-fa) online zum besten Preis kaufen? Finden Sie hochwertiges 2-Fluoramphetamin (2-fa) zum Verkauf in unserem sicheren Online-Shop, der Ihren Forschungsanforderungen gerecht wird. Jetzt bestellen!\" \/>\n<meta property=\"og:url\" content=\"https:\/\/chemgramx.com\/fr\/produit\/2-fluoramphetamin-2-fa\/\" \/>\n<meta property=\"og:site_name\" content=\"Chemgramx\" \/>\n<meta property=\"article:modified_time\" content=\"2025-10-14T10:46:07+00:00\" \/>\n<meta property=\"og:image\" content=\"https:\/\/chemgramx.com\/wp-content\/uploads\/2024\/12\/2fa.png\" \/>\n\t<meta property=\"og:image:width\" content=\"600\" \/>\n\t<meta property=\"og:image:height\" content=\"400\" \/>\n\t<meta property=\"og:image:type\" content=\"image\/png\" \/>\n<meta name=\"twitter:card\" content=\"summary_large_image\" \/>\n<meta name=\"twitter:label1\" content=\"Dur\u00e9e de lecture estim\u00e9e\" \/>\n\t<meta name=\"twitter:data1\" content=\"3 minutes\" \/>\n<script type=\"application\/ld+json\" class=\"yoast-schema-graph\">{\"@context\":\"https:\/\/schema.org\",\"@graph\":[{\"@type\":\"WebPage\",\"@id\":\"https:\/\/chemgramx.com\/product\/2-fluoramphetamin-2-fa\/\",\"url\":\"https:\/\/chemgramx.com\/product\/2-fluoramphetamin-2-fa\/\",\"name\":\"2-Fluoramphetamin (2-FA) online Kaufen \u2013 2-FA zum Verkauf\",\"isPartOf\":{\"@id\":\"https:\/\/chemgramx.com\/#website\"},\"primaryImageOfPage\":{\"@id\":\"https:\/\/chemgramx.com\/product\/2-fluoramphetamin-2-fa\/#primaryimage\"},\"image\":{\"@id\":\"https:\/\/chemgramx.com\/product\/2-fluoramphetamin-2-fa\/#primaryimage\"},\"thumbnailUrl\":\"https:\/\/chemgramx.com\/wp-content\/uploads\/2024\/12\/2fa.png\",\"datePublished\":\"2024-12-07T15:22:29+00:00\",\"dateModified\":\"2025-10-14T10:46:07+00:00\",\"description\":\"Wo kann man 2-Fluoramphetamin (2-fa) online zum besten Preis kaufen? Finden Sie hochwertiges 2-Fluoramphetamin (2-fa) zum Verkauf in unserem sicheren Online-Shop, der Ihren Forschungsanforderungen gerecht wird. Jetzt bestellen!\",\"breadcrumb\":{\"@id\":\"https:\/\/chemgramx.com\/product\/2-fluoramphetamin-2-fa\/#breadcrumb\"},\"inLanguage\":\"fr-FR\",\"potentialAction\":[{\"@type\":\"ReadAction\",\"target\":[\"https:\/\/chemgramx.com\/product\/2-fluoramphetamin-2-fa\/\"]}]},{\"@type\":\"ImageObject\",\"inLanguage\":\"fr-FR\",\"@id\":\"https:\/\/chemgramx.com\/product\/2-fluoramphetamin-2-fa\/#primaryimage\",\"url\":\"https:\/\/chemgramx.com\/wp-content\/uploads\/2024\/12\/2fa.png\",\"contentUrl\":\"https:\/\/chemgramx.com\/wp-content\/uploads\/2024\/12\/2fa.png\",\"width\":600,\"height\":400,\"caption\":\"2-Fluoramphetamin (2-FA) online Kaufen\"},{\"@type\":\"BreadcrumbList\",\"@id\":\"https:\/\/chemgramx.com\/product\/2-fluoramphetamin-2-fa\/#breadcrumb\",\"itemListElement\":[{\"@type\":\"ListItem\",\"position\":1,\"name\":\"Home\",\"item\":\"https:\/\/chemgramx.com\/\"},{\"@type\":\"ListItem\",\"position\":2,\"name\":\"Shop\",\"item\":\"https:\/\/chemgramx.com\/shop\/\"},{\"@type\":\"ListItem\",\"position\":3,\"name\":\"2-Fluoroamphetamine (2-FA) Online Kaufen\"}]},{\"@type\":\"WebSite\",\"@id\":\"https:\/\/chemgramx.com\/#website\",\"url\":\"https:\/\/chemgramx.com\/\",\"name\":\"Chemgramx\",\"description\":\"\",\"publisher\":{\"@id\":\"https:\/\/chemgramx.com\/#organization\"},\"potentialAction\":[{\"@type\":\"SearchAction\",\"target\":{\"@type\":\"EntryPoint\",\"urlTemplate\":\"https:\/\/chemgramx.com\/?s={search_term_string}\"},\"query-input\":{\"@type\":\"PropertyValueSpecification\",\"valueRequired\":true,\"valueName\":\"search_term_string\"}}],\"inLanguage\":\"fr-FR\"},{\"@type\":\"Organization\",\"@id\":\"https:\/\/chemgramx.com\/#organization\",\"name\":\"Chemgramx\",\"url\":\"https:\/\/chemgramx.com\/\",\"logo\":{\"@type\":\"ImageObject\",\"inLanguage\":\"fr-FR\",\"@id\":\"https:\/\/chemgramx.com\/#\/schema\/logo\/image\/\",\"url\":\"https:\/\/chemgramx.com\/wp-content\/uploads\/2024\/10\/final-logo.png\",\"contentUrl\":\"https:\/\/chemgramx.com\/wp-content\/uploads\/2024\/10\/final-logo.png\",\"width\":250,\"height\":48,\"caption\":\"Chemgramx\"},\"image\":{\"@id\":\"https:\/\/chemgramx.com\/#\/schema\/logo\/image\/\"}}]}<\/script>\n<!-- \/ Yoast SEO plugin. -->","yoast_head_json":{"title":"Achetez de la 2-fluoroamph\u00e9tamine (2FA) en ligne\u00a0\u2013 2FA \u00e0 vendre","description":"O\u00f9 puis-je acheter de la 2-fluoroamph\u00e9tamine (2-fa) en ligne au meilleur prix\u00a0? Trouvez de la 2-fluoroamph\u00e9tamine (2-fa) de haute qualit\u00e9 dans notre boutique en ligne s\u00e9curis\u00e9e, adapt\u00e9e \u00e0 vos besoins. Commandez d\u00e8s maintenant\u00a0!","robots":{"index":"index","follow":"follow","max-snippet":"max-snippet:-1","max-image-preview":"max-image-preview:large","max-video-preview":"max-video-preview:-1"},"canonical":"https:\/\/chemgramx.com\/fr\/produit\/2-fluoramphetamin-2-fa\/","og_locale":"fr_FR","og_type":"article","og_title":"2-Fluoramphetamin (2-FA) online Kaufen \u2013 2-FA zum Verkauf","og_description":"Wo kann man 2-Fluoramphetamin (2-fa) online zum besten Preis kaufen? Finden Sie hochwertiges 2-Fluoramphetamin (2-fa) zum Verkauf in unserem sicheren Online-Shop, der Ihren Forschungsanforderungen gerecht wird. Jetzt bestellen!","og_url":"https:\/\/chemgramx.com\/fr\/produit\/2-fluoramphetamin-2-fa\/","og_site_name":"Chemgramx","article_modified_time":"2025-10-14T10:46:07+00:00","og_image":[{"width":600,"height":400,"url":"https:\/\/chemgramx.com\/wp-content\/uploads\/2024\/12\/2fa.png","type":"image\/png"}],"twitter_card":"summary_large_image","twitter_misc":{"Dur\u00e9e de lecture estim\u00e9e":"3 minutes"},"schema":{"@context":"https:\/\/schema.org","@graph":[{"@type":"WebPage","@id":"https:\/\/chemgramx.com\/product\/2-fluoramphetamin-2-fa\/","url":"https:\/\/chemgramx.com\/product\/2-fluoramphetamin-2-fa\/","name":"Achetez de la 2-fluoroamph\u00e9tamine (2FA) en ligne\u00a0\u2013 2FA \u00e0 vendre","isPartOf":{"@id":"https:\/\/chemgramx.com\/#website"},"primaryImageOfPage":{"@id":"https:\/\/chemgramx.com\/product\/2-fluoramphetamin-2-fa\/#primaryimage"},"image":{"@id":"https:\/\/chemgramx.com\/product\/2-fluoramphetamin-2-fa\/#primaryimage"},"thumbnailUrl":"https:\/\/chemgramx.com\/wp-content\/uploads\/2024\/12\/2fa.png","datePublished":"2024-12-07T15:22:29+00:00","dateModified":"2025-10-14T10:46:07+00:00","description":"O\u00f9 puis-je acheter de la 2-fluoroamph\u00e9tamine (2-fa) en ligne au meilleur prix\u00a0? Trouvez de la 2-fluoroamph\u00e9tamine (2-fa) de haute qualit\u00e9 dans notre boutique en ligne s\u00e9curis\u00e9e, adapt\u00e9e \u00e0 vos besoins. Commandez d\u00e8s maintenant\u00a0!","breadcrumb":{"@id":"https:\/\/chemgramx.com\/product\/2-fluoramphetamin-2-fa\/#breadcrumb"},"inLanguage":"fr-FR","potentialAction":[{"@type":"ReadAction","target":["https:\/\/chemgramx.com\/product\/2-fluoramphetamin-2-fa\/"]}]},{"@type":"ImageObject","inLanguage":"fr-FR","@id":"https:\/\/chemgramx.com\/product\/2-fluoramphetamin-2-fa\/#primaryimage","url":"https:\/\/chemgramx.com\/wp-content\/uploads\/2024\/12\/2fa.png","contentUrl":"https:\/\/chemgramx.com\/wp-content\/uploads\/2024\/12\/2fa.png","width":600,"height":400,"caption":"2-Fluoramphetamin (2-FA) online Kaufen"},{"@type":"BreadcrumbList","@id":"https:\/\/chemgramx.com\/product\/2-fluoramphetamin-2-fa\/#breadcrumb","itemListElement":[{"@type":"ListItem","position":1,"name":"Home","item":"https:\/\/chemgramx.com\/"},{"@type":"ListItem","position":2,"name":"Shop","item":"https:\/\/chemgramx.com\/shop\/"},{"@type":"ListItem","position":3,"name":"2-Fluoroamphetamine (2-FA) Online Kaufen"}]},{"@type":"WebSite","@id":"https:\/\/chemgramx.com\/#website","url":"https:\/\/chemgramx.com\/","name":"Chemgramx","description":"","publisher":{"@id":"https:\/\/chemgramx.com\/#organization"},"potentialAction":[{"@type":"SearchAction","target":{"@type":"EntryPoint","urlTemplate":"https:\/\/chemgramx.com\/?s={search_term_string}"},"query-input":{"@type":"PropertyValueSpecification","valueRequired":true,"valueName":"search_term_string"}}],"inLanguage":"fr-FR"},{"@type":"Organization","@id":"https:\/\/chemgramx.com\/#organization","name":"Chemgramx","url":"https:\/\/chemgramx.com\/","logo":{"@type":"ImageObject","inLanguage":"fr-FR","@id":"https:\/\/chemgramx.com\/#\/schema\/logo\/image\/","url":"https:\/\/chemgramx.com\/wp-content\/uploads\/2024\/10\/final-logo.png","contentUrl":"https:\/\/chemgramx.com\/wp-content\/uploads\/2024\/10\/final-logo.png","width":250,"height":48,"caption":"Chemgramx"},"image":{"@id":"https:\/\/chemgramx.com\/#\/schema\/logo\/image\/"}}]}},"_links":{"self":[{"href":"https:\/\/chemgramx.com\/fr\/wp-json\/wp\/v2\/product\/1022","targetHints":{"allow":["GET"]}}],"collection":[{"href":"https:\/\/chemgramx.com\/fr\/wp-json\/wp\/v2\/product"}],"about":[{"href":"https:\/\/chemgramx.com\/fr\/wp-json\/wp\/v2\/types\/product"}],"replies":[{"embeddable":true,"href":"https:\/\/chemgramx.com\/fr\/wp-json\/wp\/v2\/comments?post=1022"}],"wp:featuredmedia":[{"embeddable":true,"href":"https:\/\/chemgramx.com\/fr\/wp-json\/wp\/v2\/media\/1026"}],"wp:attachment":[{"href":"https:\/\/chemgramx.com\/fr\/wp-json\/wp\/v2\/media?parent=1022"}],"wp:term":[{"taxonomy":"product_brand","embeddable":true,"href":"https:\/\/chemgramx.com\/fr\/wp-json\/wp\/v2\/product_brand?post=1022"},{"taxonomy":"product_cat","embeddable":true,"href":"https:\/\/chemgramx.com\/fr\/wp-json\/wp\/v2\/product_cat?post=1022"},{"taxonomy":"product_tag","embeddable":true,"href":"https:\/\/chemgramx.com\/fr\/wp-json\/wp\/v2\/product_tag?post=1022"}],"curies":[{"name":"wp","href":"https:\/\/api.w.org\/{rel}","templated":true}]}}