{"id":1029,"date":"2024-12-07T15:33:27","date_gmt":"2024-12-07T15:33:27","guid":{"rendered":"https:\/\/chemgramx.com\/?post_type=product&#038;p=1029"},"modified":"2025-10-14T11:04:59","modified_gmt":"2025-10-14T11:04:59","slug":"23-mdpv","status":"publish","type":"product","link":"https:\/\/chemgramx.com\/fr\/produit\/23-mdpv\/","title":{"rendered":"Acheter 23-MDPV en ligne"},"content":{"rendered":"<h2 data-start=\"182\" data-end=\"207\">Acheter 23-MDPV en ligne<\/h2>\n<h3 data-start=\"209\" data-end=\"224\">invoering<\/h3>\n<p data-start=\"226\" data-end=\"680\">L'achat de 23-MDPV en ligne est une m\u00e9thode courante utilis\u00e9e par de nombreux chercheurs pour acc\u00e9der \u00e0 cette substance. Le 23-MDPV (3,4-m\u00e9thyl\u00e8nedioxypyroval\u00e9rone) est un stimulant synth\u00e9tique de la classe des cathinones. Il a \u00e9t\u00e9 d\u00e9velopp\u00e9 pour imiter les effets du MDPV. De nombreuses personnes choisissent <a href=\"https:\/\/chemgramx.com\/fr\/produit\/23-mdpv\/\">Achetez du 23-MDPV en ligne<\/a>de mener des recherches, notamment sur ses propri\u00e9t\u00e9s stimulantes et euphorisantes.<\/p>\n<h3 data-start=\"682\" data-end=\"729\">Pourquoi est-il important de faire des achats en ligne s\u00e9curis\u00e9s ?<\/h3>\n<p data-start=\"731\" data-end=\"1076\">Lors de l'achat de 23-MDPV en ligne, il est crucial de choisir un revendeur fiable. Des sources non fiables peuvent fournir des produits contrefaits ou contamin\u00e9s, pr\u00e9sentant des risques pour la sant\u00e9. Des poursuites judiciaires peuvent \u00e9galement \u00eatre engag\u00e9es. Si vous cherchez des informations sur les points de vente de 23-MDPV, il est imp\u00e9ratif de privil\u00e9gier des fournisseurs fiables.<\/p>\n<h3 data-start=\"1078\" data-end=\"1099\">Qu'est-ce que le 23-MDPV ?<\/h3>\n<h3 data-start=\"1101\" data-end=\"1132\">Composition chimique<\/h3>\n<p data-start=\"1134\" data-end=\"1366\">Le 23-MDPV commercialis\u00e9 est un d\u00e9riv\u00e9 de la pyroval\u00e9rone dont la formule chimique est C16H21NO3. Le groupe 3,4-m\u00e9thyl\u00e8nedioxy am\u00e9liore la lipophilie de la mol\u00e9cule, facilitant ainsi sa perm\u00e9abilit\u00e9 \u00e0 travers la barri\u00e8re h\u00e9mato-enc\u00e9phalique.<\/p>\n<h3 data-start=\"1368\" data-end=\"1399\">Utilisations courantes<\/h3>\n<ul data-start=\"1401\" data-end=\"1758\">\n<li data-start=\"1401\" data-end=\"1567\">\n<p data-start=\"1403\" data-end=\"1567\">Forschung: Buy 23-MDPV wird in neuropharmakologischen Studien eingesetzt, um die Wirkung auf Neurotransmitter wie Dopamin und Noradrenalin zu untersuchen.<\/p>\n<\/li>\n<li data-start=\"1568\" data-end=\"1758\">\n<p data-start=\"1570\" data-end=\"1758\">Exploration psychoactive : certains utilisateurs signalent une concentration accrue, une \u00e9nergie accrue et une pens\u00e9e claire, bien qu\u2019avec moins d\u2019euphorie qu\u2019avec d\u2019autres stimulants.<\/p>\n<\/li>\n<\/ul>\n<h3 data-start=\"1760\" data-end=\"1784\">Statut juridique<\/h3>\n<p data-start=\"1786\" data-end=\"2072\">En Allemagne, la vente de 23-MDPV est soumise \u00e0 la loi sur les nouvelles substances psychoactives (NPSG), qui interdit sa fabrication, son commerce et sa possession. La situation juridique peut varier d'un pays \u00e0 l'autre\u00a0; il est donc important de v\u00e9rifier la l\u00e9gislation avant de commander du 23-MDPV.<\/p>\n<h3 data-start=\"2074\" data-end=\"2107\">Pourquoi acheter 23-MDPV en ligne ?<\/h3>\n<h3 data-start=\"2109\" data-end=\"2148\">Accessibilit\u00e9 et commodit\u00e9<\/h3>\n<p data-start=\"2150\" data-end=\"2344\">Le march\u00e9 en ligne offre un moyen discret d'acheter du 23-MDPV en ligne. Les chercheurs et les laboratoires du monde entier ont acc\u00e8s \u00e0 des boutiques sp\u00e9cialis\u00e9es, ce qui facilite consid\u00e9rablement les commandes.<\/p>\n<h3 data-start=\"2346\" data-end=\"2374\">S\u00e9lection de produits plus large<\/h3>\n<p data-start=\"2376\" data-end=\"2622\">De nombreux d\u00e9taillants proposent diff\u00e9rents niveaux de puret\u00e9, formats d'emballage et options de prix. Une comparaison des prix entre diff\u00e9rents magasins r\u00e9v\u00e8le souvent des \u00e9carts importants dans le prix du 23-MDPV, permettant aux acheteurs de profiter des offres.<\/p>\n<h3 data-start=\"2624\" data-end=\"2661\">Risques et avantages potentiels<\/h3>\n<p data-start=\"2663\" data-end=\"2678\">Avantages :<\/p>\n<ul data-start=\"2679\" data-end=\"2810\">\n<li data-start=\"2679\" data-end=\"2711\">\n<p data-start=\"2681\" data-end=\"2711\">Disponibilit\u00e9 internationale<\/p>\n<\/li>\n<li data-start=\"2712\" data-end=\"2746\">\n<p data-start=\"2714\" data-end=\"2746\">Zugang zu gepr\u00fcften Substanzen<\/p>\n<\/li>\n<li data-start=\"2747\" data-end=\"2810\">\n<p data-start=\"2749\" data-end=\"2810\">Comparaison des prix du 23-MDPV aupr\u00e8s de diff\u00e9rents fournisseurs<\/p>\n<\/li>\n<\/ul>\n<p data-start=\"2812\" data-end=\"2826\">Risques :<\/p>\n<ul data-start=\"2827\" data-end=\"2969\">\n<li data-start=\"2827\" data-end=\"2881\">\n<p data-start=\"2829\" data-end=\"2881\">Sources peu fiables avec une qualit\u00e9 de produit douteuse<\/p>\n<\/li>\n<li data-start=\"2882\" data-end=\"2929\">\n<p data-start=\"2884\" data-end=\"2929\">Probl\u00e8mes juridiques li\u00e9s \u00e0 l'importation ou \u00e0 la possession<\/p>\n<\/li>\n<li data-start=\"2930\" data-end=\"2969\">\n<p data-start=\"2932\" data-end=\"2969\">Stockage ou \u00e9tiquetage incorrect<\/p>\n<\/li>\n<\/ul>\n<h3 data-start=\"2971\" data-end=\"3020\">Comment trouver un fournisseur fiable ?<\/h3>\n<h3 data-start=\"3022\" data-end=\"3039\">Signaux d'avertissement<\/h3>\n<ul data-start=\"3041\" data-end=\"3179\">\n<li data-start=\"3041\" data-end=\"3085\">\n<p data-start=\"3043\" data-end=\"3085\">Aucune empreinte ou si\u00e8ge social manquant<\/p>\n<\/li>\n<li data-start=\"3086\" data-end=\"3131\">\n<p data-start=\"3088\" data-end=\"3131\">Prix \u200b\u200bincroyablement bas du 23-MDPV<\/p>\n<\/li>\n<li data-start=\"3132\" data-end=\"3179\">\n<p data-start=\"3134\" data-end=\"3179\">Avis clients ou certificats manquants<\/p>\n<\/li>\n<\/ul>\n<h3 data-start=\"3380\" data-end=\"3419\">Tests de laboratoire et preuve de puret\u00e9<\/h3>\n<p data-start=\"3421\" data-end=\"3582\">Un vendeur s\u00e9rieux publie toujours des certificats d'analyse (COA) \u00e0 jour. C'est le seul moyen de garantir que le v\u00e9hicule est bien un 23-MDPV authentique.<\/p>\n<h3 data-start=\"3584\" data-end=\"3625\">Consid\u00e9rations juridiques et \u00e9thiques<\/h3>\n<h3 data-start=\"3627\" data-end=\"3666\">Lois locales et internationales<\/h3>\n<p data-start=\"3668\" data-end=\"3858\">Ce n'est pas parce que vous achetez du 23-MDPV en ligne que c'est automatiquement l\u00e9gal. Les lois varient consid\u00e9rablement d'un pays \u00e0 l'autre. Toute personne souhaitant commander du 23-MDPV doit se renseigner au pr\u00e9alable.<\/p>\n<h3 data-start=\"3860\" data-end=\"3891\">Responsabilit\u00e9 de l'acheteur<\/h3>\n<p data-start=\"3893\" data-end=\"4042\">Les acheteurs qui ach\u00e8tent du 23-MDPV en ligne assument l'enti\u00e8re responsabilit\u00e9 du stockage, de l'utilisation et du respect des r\u00e9glementations l\u00e9gales.<\/p>\n<h3 data-start=\"4044\" data-end=\"4054\">Conclusion<\/h3>\n<p data-start=\"4056\" data-end=\"4369\">Acheter du 23-MDPV en ligne aupr\u00e8s d'une source fiable est le moyen le plus s\u00fbr d'obtenir des substances de haute qualit\u00e9 pour la recherche. Pour savoir o\u00f9 acheter du 23-MDPV, il est conseill\u00e9 de s'adresser exclusivement \u00e0 des fournisseurs fiables. Ainsi, qualit\u00e9, puret\u00e9 et s\u00e9curit\u00e9 juridique sont garanties.<\/p>","protected":false},"excerpt":{"rendered":"<p><strong>2,3-MDPV<\/strong>\u00e9galement connu sous le nom de <strong>2,3-Methylenedioxypyrovaleron<\/strong>, ist eine chemische Verbindung, die in der Forschung und Laboranalytik weit verbreitet ist. Es bietet eine au\u00dfergew\u00f6hnliche Reinheit und Stabilit\u00e4t, die f\u00fcr pr\u00e4zise wissenschaftliche Anwendungen unverzichtbar ist.<\/p>\n<h3><strong>Eigenschaften von 2,3-MDPV:<\/strong><\/h3>\n<ul>\n<li><strong>Formule chimique<\/strong>: C16H21NO3<\/li>\n<li><strong>Poids mol\u00e9culaire<\/strong>: 275,35 g\/mol<\/li>\n<li><strong>Puret\u00e9<\/strong>: Garantiert 99% f\u00fcr h\u00f6chste Pr\u00e4zision in der Forschung.<\/li>\n<li><strong>Apparence<\/strong>: Wei\u00dfes, kristallines Pulver mit hoher Stabilit\u00e4t.<\/li>\n<\/ul>\n<h3><strong>Domaines d'application :<\/strong><\/h3>\n<ol>\n<li><strong>Recherche en neurosciences<\/strong>: Analyse von Rezeptor-Interaktionen und Neurotransmitter-Wirkungen.<\/li>\n<li><strong>\u00c9tudes pharmacologiques<\/strong>: Untersuchung der Struktur-Wirkungs-Beziehungen (SAR) und m\u00f6glicher therapeutischer Anwendungen.<\/li>\n<li><strong>Exp\u00e9riences de chimie<\/strong>: Anwendung in Laboren zur chemischen Analyse und Entwicklung.<\/li>\n<\/ol>\n<h3><strong>Warum 2,3-MDPV kaufen?<\/strong><\/h3>\n<ul>\n<li><strong>La plus haute qualit\u00e9<\/strong>: Perfekt f\u00fcr wissenschaftliche Pr\u00e4zision und zuverl\u00e4ssige Ergebnisse.<\/li>\n<li><strong>Envoi discret<\/strong>: Sichere und anonyme Lieferung direkt an Ihre Adresse.<\/li>\n<li><strong>Vielseitige Nutzung<\/strong>: Geeignet f\u00fcr unterschiedliche wissenschaftliche und analytische Projekte.<\/li>\n<\/ul>","protected":false},"featured_media":1030,"comment_status":"open","ping_status":"closed","template":"","meta":{"_joinchat":[]},"product_brand":[],"product_cat":[48],"product_tag":[2548,2552,2550,2556,2549,2555,2551,2553,2554,2015],"class_list":{"0":"post-1029","1":"product","2":"type-product","3":"status-publish","4":"has-post-thumbnail","6":"product_cat-stimulants","7":"product_tag-23-mdpv-kaufen","8":"product_tag-23-mdpv-kaufen-deutschland","9":"product_tag-23-mdpv-kristalle","10":"product_tag-23-mdpv-kristalle-kaufen","11":"product_tag-23-mdpv-online","12":"product_tag-23-mdpv-online-kaufen","13":"product_tag-23-mdpv-pulver","14":"product_tag-23-mdpv-research-chemical","15":"product_tag-23-mdpv-zum-verkauf","16":"product_tag-synthetische-drogen","18":"first","19":"instock","20":"shipping-taxable","21":"purchasable","22":"product-type-variable"},"yoast_head":"<!-- This site is optimized with the Yoast SEO plugin v26.1.1 - https:\/\/yoast.com\/wordpress\/plugins\/seo\/ -->\n<title>23-MDPV online Kaufen \u2013 23-MDPV zu verkaufen | chemgramx<\/title>\n<meta name=\"description\" content=\"Verpassen Sie keine Gelegenheit, 23-mdpv online in unserem Shop zu kaufen. Wir handeln ausschlie\u00dflich mit 23-mdpv zu g\u00fcnstigen Preisen. Wir sind hier, um Ihnen zu helfen. Bestellen Sie jetzt!\" \/>\n<meta name=\"robots\" content=\"index, follow, max-snippet:-1, max-image-preview:large, max-video-preview:-1\" \/>\n<link rel=\"canonical\" href=\"https:\/\/chemgramx.com\/fr\/produit\/23-mdpv\/\" \/>\n<meta property=\"og:locale\" content=\"fr_FR\" \/>\n<meta property=\"og:type\" content=\"article\" \/>\n<meta property=\"og:title\" content=\"23-MDPV online Kaufen \u2013 23-MDPV zu verkaufen | chemgramx\" \/>\n<meta property=\"og:description\" content=\"Verpassen Sie keine Gelegenheit, 23-mdpv online in unserem Shop zu kaufen. Wir handeln ausschlie\u00dflich mit 23-mdpv zu g\u00fcnstigen Preisen. Wir sind hier, um Ihnen zu helfen. Bestellen Sie jetzt!\" \/>\n<meta property=\"og:url\" content=\"https:\/\/chemgramx.com\/fr\/produit\/23-mdpv\/\" \/>\n<meta property=\"og:site_name\" content=\"Chemgramx\" \/>\n<meta property=\"article:modified_time\" content=\"2025-10-14T11:04:59+00:00\" \/>\n<meta property=\"og:image\" content=\"https:\/\/chemgramx.com\/wp-content\/uploads\/2024\/12\/2-3md.png\" \/>\n\t<meta property=\"og:image:width\" content=\"600\" \/>\n\t<meta property=\"og:image:height\" content=\"400\" \/>\n\t<meta property=\"og:image:type\" content=\"image\/png\" \/>\n<meta name=\"twitter:card\" content=\"summary_large_image\" \/>\n<meta name=\"twitter:label1\" content=\"Dur\u00e9e de lecture estim\u00e9e\" \/>\n\t<meta name=\"twitter:data1\" content=\"3 minutes\" \/>\n<script type=\"application\/ld+json\" class=\"yoast-schema-graph\">{\"@context\":\"https:\/\/schema.org\",\"@graph\":[{\"@type\":\"WebPage\",\"@id\":\"https:\/\/chemgramx.com\/product\/23-mdpv\/\",\"url\":\"https:\/\/chemgramx.com\/product\/23-mdpv\/\",\"name\":\"23-MDPV online Kaufen \u2013 23-MDPV zu verkaufen | chemgramx\",\"isPartOf\":{\"@id\":\"https:\/\/chemgramx.com\/#website\"},\"primaryImageOfPage\":{\"@id\":\"https:\/\/chemgramx.com\/product\/23-mdpv\/#primaryimage\"},\"image\":{\"@id\":\"https:\/\/chemgramx.com\/product\/23-mdpv\/#primaryimage\"},\"thumbnailUrl\":\"https:\/\/chemgramx.com\/wp-content\/uploads\/2024\/12\/2-3md.png\",\"datePublished\":\"2024-12-07T15:33:27+00:00\",\"dateModified\":\"2025-10-14T11:04:59+00:00\",\"description\":\"Verpassen Sie keine Gelegenheit, 23-mdpv online in unserem Shop zu kaufen. Wir handeln ausschlie\u00dflich mit 23-mdpv zu g\u00fcnstigen Preisen. Wir sind hier, um Ihnen zu helfen. Bestellen Sie jetzt!\",\"breadcrumb\":{\"@id\":\"https:\/\/chemgramx.com\/product\/23-mdpv\/#breadcrumb\"},\"inLanguage\":\"fr-FR\",\"potentialAction\":[{\"@type\":\"ReadAction\",\"target\":[\"https:\/\/chemgramx.com\/product\/23-mdpv\/\"]}]},{\"@type\":\"ImageObject\",\"inLanguage\":\"fr-FR\",\"@id\":\"https:\/\/chemgramx.com\/product\/23-mdpv\/#primaryimage\",\"url\":\"https:\/\/chemgramx.com\/wp-content\/uploads\/2024\/12\/2-3md.png\",\"contentUrl\":\"https:\/\/chemgramx.com\/wp-content\/uploads\/2024\/12\/2-3md.png\",\"width\":600,\"height\":400,\"caption\":\"23-MDPV online Kaufen\"},{\"@type\":\"BreadcrumbList\",\"@id\":\"https:\/\/chemgramx.com\/product\/23-mdpv\/#breadcrumb\",\"itemListElement\":[{\"@type\":\"ListItem\",\"position\":1,\"name\":\"Home\",\"item\":\"https:\/\/chemgramx.com\/\"},{\"@type\":\"ListItem\",\"position\":2,\"name\":\"Shop\",\"item\":\"https:\/\/chemgramx.com\/shop\/\"},{\"@type\":\"ListItem\",\"position\":3,\"name\":\"23-MDPV Online Kaufen\"}]},{\"@type\":\"WebSite\",\"@id\":\"https:\/\/chemgramx.com\/#website\",\"url\":\"https:\/\/chemgramx.com\/\",\"name\":\"Chemgramx\",\"description\":\"\",\"publisher\":{\"@id\":\"https:\/\/chemgramx.com\/#organization\"},\"potentialAction\":[{\"@type\":\"SearchAction\",\"target\":{\"@type\":\"EntryPoint\",\"urlTemplate\":\"https:\/\/chemgramx.com\/?s={search_term_string}\"},\"query-input\":{\"@type\":\"PropertyValueSpecification\",\"valueRequired\":true,\"valueName\":\"search_term_string\"}}],\"inLanguage\":\"fr-FR\"},{\"@type\":\"Organization\",\"@id\":\"https:\/\/chemgramx.com\/#organization\",\"name\":\"Chemgramx\",\"url\":\"https:\/\/chemgramx.com\/\",\"logo\":{\"@type\":\"ImageObject\",\"inLanguage\":\"fr-FR\",\"@id\":\"https:\/\/chemgramx.com\/#\/schema\/logo\/image\/\",\"url\":\"https:\/\/chemgramx.com\/wp-content\/uploads\/2024\/10\/final-logo.png\",\"contentUrl\":\"https:\/\/chemgramx.com\/wp-content\/uploads\/2024\/10\/final-logo.png\",\"width\":250,\"height\":48,\"caption\":\"Chemgramx\"},\"image\":{\"@id\":\"https:\/\/chemgramx.com\/#\/schema\/logo\/image\/\"}}]}<\/script>\n<!-- \/ Yoast SEO plugin. -->","yoast_head_json":{"title":"Achetez du 23-MDPV en ligne \u2013 23-MDPV \u00e0 vendre | chemgramx","description":"Ne manquez pas l'occasion d'acheter du 23-mdpv en ligne dans notre boutique. Nous proposons exclusivement du 23-mdpv \u00e0 des prix abordables. Nous sommes l\u00e0 pour vous aider. Commandez d\u00e8s maintenant\u00a0!","robots":{"index":"index","follow":"follow","max-snippet":"max-snippet:-1","max-image-preview":"max-image-preview:large","max-video-preview":"max-video-preview:-1"},"canonical":"https:\/\/chemgramx.com\/fr\/produit\/23-mdpv\/","og_locale":"fr_FR","og_type":"article","og_title":"23-MDPV online Kaufen \u2013 23-MDPV zu verkaufen | chemgramx","og_description":"Verpassen Sie keine Gelegenheit, 23-mdpv online in unserem Shop zu kaufen. Wir handeln ausschlie\u00dflich mit 23-mdpv zu g\u00fcnstigen Preisen. Wir sind hier, um Ihnen zu helfen. Bestellen Sie jetzt!","og_url":"https:\/\/chemgramx.com\/fr\/produit\/23-mdpv\/","og_site_name":"Chemgramx","article_modified_time":"2025-10-14T11:04:59+00:00","og_image":[{"width":600,"height":400,"url":"https:\/\/chemgramx.com\/wp-content\/uploads\/2024\/12\/2-3md.png","type":"image\/png"}],"twitter_card":"summary_large_image","twitter_misc":{"Dur\u00e9e de lecture estim\u00e9e":"3 minutes"},"schema":{"@context":"https:\/\/schema.org","@graph":[{"@type":"WebPage","@id":"https:\/\/chemgramx.com\/product\/23-mdpv\/","url":"https:\/\/chemgramx.com\/product\/23-mdpv\/","name":"Achetez du 23-MDPV en ligne \u2013 23-MDPV \u00e0 vendre | chemgramx","isPartOf":{"@id":"https:\/\/chemgramx.com\/#website"},"primaryImageOfPage":{"@id":"https:\/\/chemgramx.com\/product\/23-mdpv\/#primaryimage"},"image":{"@id":"https:\/\/chemgramx.com\/product\/23-mdpv\/#primaryimage"},"thumbnailUrl":"https:\/\/chemgramx.com\/wp-content\/uploads\/2024\/12\/2-3md.png","datePublished":"2024-12-07T15:33:27+00:00","dateModified":"2025-10-14T11:04:59+00:00","description":"Ne manquez pas l'occasion d'acheter du 23-mdpv en ligne dans notre boutique. Nous proposons exclusivement du 23-mdpv \u00e0 des prix abordables. Nous sommes l\u00e0 pour vous aider. Commandez d\u00e8s maintenant\u00a0!","breadcrumb":{"@id":"https:\/\/chemgramx.com\/product\/23-mdpv\/#breadcrumb"},"inLanguage":"fr-FR","potentialAction":[{"@type":"ReadAction","target":["https:\/\/chemgramx.com\/product\/23-mdpv\/"]}]},{"@type":"ImageObject","inLanguage":"fr-FR","@id":"https:\/\/chemgramx.com\/product\/23-mdpv\/#primaryimage","url":"https:\/\/chemgramx.com\/wp-content\/uploads\/2024\/12\/2-3md.png","contentUrl":"https:\/\/chemgramx.com\/wp-content\/uploads\/2024\/12\/2-3md.png","width":600,"height":400,"caption":"23-MDPV online Kaufen"},{"@type":"BreadcrumbList","@id":"https:\/\/chemgramx.com\/product\/23-mdpv\/#breadcrumb","itemListElement":[{"@type":"ListItem","position":1,"name":"Home","item":"https:\/\/chemgramx.com\/"},{"@type":"ListItem","position":2,"name":"Shop","item":"https:\/\/chemgramx.com\/shop\/"},{"@type":"ListItem","position":3,"name":"23-MDPV Online Kaufen"}]},{"@type":"WebSite","@id":"https:\/\/chemgramx.com\/#website","url":"https:\/\/chemgramx.com\/","name":"Chemgramx","description":"","publisher":{"@id":"https:\/\/chemgramx.com\/#organization"},"potentialAction":[{"@type":"SearchAction","target":{"@type":"EntryPoint","urlTemplate":"https:\/\/chemgramx.com\/?s={search_term_string}"},"query-input":{"@type":"PropertyValueSpecification","valueRequired":true,"valueName":"search_term_string"}}],"inLanguage":"fr-FR"},{"@type":"Organization","@id":"https:\/\/chemgramx.com\/#organization","name":"Chemgramx","url":"https:\/\/chemgramx.com\/","logo":{"@type":"ImageObject","inLanguage":"fr-FR","@id":"https:\/\/chemgramx.com\/#\/schema\/logo\/image\/","url":"https:\/\/chemgramx.com\/wp-content\/uploads\/2024\/10\/final-logo.png","contentUrl":"https:\/\/chemgramx.com\/wp-content\/uploads\/2024\/10\/final-logo.png","width":250,"height":48,"caption":"Chemgramx"},"image":{"@id":"https:\/\/chemgramx.com\/#\/schema\/logo\/image\/"}}]}},"_links":{"self":[{"href":"https:\/\/chemgramx.com\/fr\/wp-json\/wp\/v2\/product\/1029","targetHints":{"allow":["GET"]}}],"collection":[{"href":"https:\/\/chemgramx.com\/fr\/wp-json\/wp\/v2\/product"}],"about":[{"href":"https:\/\/chemgramx.com\/fr\/wp-json\/wp\/v2\/types\/product"}],"replies":[{"embeddable":true,"href":"https:\/\/chemgramx.com\/fr\/wp-json\/wp\/v2\/comments?post=1029"}],"wp:featuredmedia":[{"embeddable":true,"href":"https:\/\/chemgramx.com\/fr\/wp-json\/wp\/v2\/media\/1030"}],"wp:attachment":[{"href":"https:\/\/chemgramx.com\/fr\/wp-json\/wp\/v2\/media?parent=1029"}],"wp:term":[{"taxonomy":"product_brand","embeddable":true,"href":"https:\/\/chemgramx.com\/fr\/wp-json\/wp\/v2\/product_brand?post=1029"},{"taxonomy":"product_cat","embeddable":true,"href":"https:\/\/chemgramx.com\/fr\/wp-json\/wp\/v2\/product_cat?post=1029"},{"taxonomy":"product_tag","embeddable":true,"href":"https:\/\/chemgramx.com\/fr\/wp-json\/wp\/v2\/product_tag?post=1029"}],"curies":[{"name":"wp","href":"https:\/\/api.w.org\/{rel}","templated":true}]}}