{"id":1031,"date":"2024-12-07T15:39:29","date_gmt":"2024-12-07T15:39:29","guid":{"rendered":"https:\/\/chemgramx.com\/?post_type=product&#038;p=1031"},"modified":"2025-10-15T05:36:28","modified_gmt":"2025-10-15T05:36:28","slug":"23b-pvp","status":"publish","type":"product","link":"https:\/\/chemgramx.com\/fr\/produit\/23b-pvp\/","title":{"rendered":"Achetez 23b-PVP en ligne"},"content":{"rendered":"<h2 data-start=\"180\" data-end=\"205\">Acheter 23b-PVP en ligne<\/h2>\n<h3 data-start=\"207\" data-end=\"222\">invoering<\/h3>\n<p data-start=\"224\" data-end=\"677\">L'achat de 23b-PVP en ligne est un moyen int\u00e9ressant pour de nombreux chercheurs d'acc\u00e9der \u00e0 ce compos\u00e9. Le 23b-PVP (3,4-m\u00e9thyl\u00e8nedioxypyroval\u00e9rone) est un stimulant synth\u00e9tique de la famille des cathinones. Il a \u00e9t\u00e9 d\u00e9velopp\u00e9 pour imiter les effets du MDPV. Les gens choisissent <a href=\"https:\/\/chemgramx.com\/fr\/produit\/23b-pvp\/\">Achetez 23b-PVP en ligne<\/a>, principalement \u00e0 des fins de recherche, notamment pour \u00e9tudier ses propri\u00e9t\u00e9s stimulantes et euphorisantes.<\/p>\n<h3 data-start=\"679\" data-end=\"726\">Pourquoi est-il important de faire des achats en ligne s\u00e9curis\u00e9s ?<\/h3>\n<p data-start=\"728\" data-end=\"1071\">Beim 23b-PVP online kaufen ist es entscheidend, einen seri\u00f6sen Anbieter zu w\u00e4hlen. Unsichere Quellen k\u00f6nnen gef\u00e4lschte oder verunreinigte Produkte liefern, die gesundheitliche Risiken bergen. Zudem k\u00f6nnen rechtliche Konsequenzen entstehen. Wer \u00fcberlegt, wo kann man 23b-PVP kaufen, sollte nur gepr\u00fcfte Quellen w\u00e4hlen, um Risiken zu vermeiden.<\/p>\n<h3 data-start=\"1073\" data-end=\"1094\">Qu'est-ce que le 23b-PVP ?<\/h3>\n<h3 data-start=\"1096\" data-end=\"1127\">Composition chimique<\/h3>\n<p data-start=\"1129\" data-end=\"1338\"><a href=\"https:\/\/en.wikipedia.org\/wiki\/%CE%91-Pyrrolidinopentiophenone\">23b-PVP<\/a> Un d\u00e9riv\u00e9 de pyroval\u00e9rone de formule C16H21NO3 est disponible \u00e0 la vente. Le groupe 3,4-m\u00e9thyl\u00e8nedioxy augmente la lipophilie de la mol\u00e9cule, am\u00e9liorant ainsi sa capacit\u00e9 \u00e0 traverser la barri\u00e8re h\u00e9mato-enc\u00e9phalique.<\/p>\n<h3 data-start=\"1340\" data-end=\"1371\">Utilisations courantes<\/h3>\n<ul data-start=\"1373\" data-end=\"1678\">\n<li data-start=\"1373\" data-end=\"1502\">\n<p data-start=\"1375\" data-end=\"1502\">Recherche : L\u2019achat de 23b-PVP est utilis\u00e9 pour \u00e9tudier ses effets sur les neurotransmetteurs tels que la dopamine et la noradr\u00e9naline.<\/p>\n<\/li>\n<li data-start=\"1503\" data-end=\"1678\">\n<p data-start=\"1505\" data-end=\"1678\">Exploration psychoactive : les utilisateurs signalent une augmentation de l\u2019\u00e9nergie, de la concentration et de la clart\u00e9 d\u2019esprit, avec une euphorie r\u00e9duite par rapport \u00e0 des stimulants similaires.<\/p>\n<\/li>\n<\/ul>\n<h3 data-start=\"1940\" data-end=\"1973\">Warum 23b-PVP online kaufen?<\/h3>\n<h3 data-start=\"1975\" data-end=\"2014\">Accessibilit\u00e9 et commodit\u00e9<\/h3>\n<p data-start=\"2016\" data-end=\"2195\">Le march\u00e9 en ligne offre un moyen discret d'acheter du 23b-PVP en ligne. Les acheteurs peuvent acc\u00e9der \u00e0 des boutiques sp\u00e9cialis\u00e9es dans le monde entier, ce qui est pratique pour les laboratoires et la recherche.<\/p>\n<h3 data-start=\"2197\" data-end=\"2225\">S\u00e9lection de produits plus large<\/h3>\n<p data-start=\"2227\" data-end=\"2410\">De nombreux fournisseurs proposent diff\u00e9rents niveaux de puret\u00e9, formats et conditionnements. Des tarifs diff\u00e9renci\u00e9s et des offres sp\u00e9ciales rendent le prix du 23b PVP particuli\u00e8rement attractif.<\/p>\n<h3 data-start=\"2412\" data-end=\"2449\">Risques et avantages potentiels<\/h3>\n<p data-start=\"2451\" data-end=\"2466\">Avantages :<\/p>\n<ul data-start=\"2467\" data-end=\"2598\">\n<li data-start=\"2467\" data-end=\"2499\">\n<p data-start=\"2469\" data-end=\"2499\">Disponibilit\u00e9 internationale<\/p>\n<\/li>\n<li data-start=\"2500\" data-end=\"2534\">\n<p data-start=\"2502\" data-end=\"2534\">Zugang zu gepr\u00fcften Substanzen<\/p>\n<\/li>\n<li data-start=\"2535\" data-end=\"2598\">\n<p data-start=\"2537\" data-end=\"2598\">Comparaison des prix du 23b-PVP aupr\u00e8s de diff\u00e9rents fournisseurs<\/p>\n<\/li>\n<\/ul>\n<p data-start=\"2600\" data-end=\"2614\">Risques :<\/p>\n<ul data-start=\"2615\" data-end=\"2753\">\n<li data-start=\"2615\" data-end=\"2660\">\n<p data-start=\"2617\" data-end=\"2660\">Manque de contr\u00f4le sur les sources douteuses<\/p>\n<\/li>\n<li data-start=\"2661\" data-end=\"2708\">\n<p data-start=\"2663\" data-end=\"2708\">Probl\u00e8mes juridiques li\u00e9s \u00e0 l'importation ou \u00e0 la possession<\/p>\n<\/li>\n<li data-start=\"2709\" data-end=\"2753\">\n<p data-start=\"2711\" data-end=\"2753\">Unsachgem\u00e4\u00dfe Lagerung oder Kennzeichnung<\/p>\n<\/li>\n<\/ul>\n<h3 data-start=\"2945\" data-end=\"2985\">Exp\u00e9riences et retours de la communaut\u00e9<\/h3>\n<p data-start=\"2987\" data-end=\"3103\">Les forums contiennent des rapports d'acheteurs qui aident \u00e0 identifier le meilleur endroit pour acheter du 23b-PVP en ligne.<\/p>\n<h3 data-start=\"3105\" data-end=\"3144\">Tests de laboratoire et preuve de puret\u00e9<\/h3>\n<p data-start=\"3146\" data-end=\"3287\">Un revendeur r\u00e9put\u00e9 fournit toujours un certificat d'authenticit\u00e9 \u00e0 jour. C'est le seul moyen de garantir que l'objet vendu est un authentique PVP 23b.<\/p>\n<h3 data-start=\"3289\" data-end=\"3330\">Consid\u00e9rations juridiques et \u00e9thiques<\/h3>\n<h3 data-start=\"3332\" data-end=\"3371\">Lois locales et internationales<\/h3>\n<p data-start=\"3373\" data-end=\"3553\">M\u00eame si vous achetez du 23b-PVP en ligne, cela ne garantit pas sa l\u00e9galit\u00e9. La r\u00e9glementation varie consid\u00e9rablement\u00a0; il est donc conseill\u00e9 aux acheteurs de v\u00e9rifier la l\u00e9gislation avant de commander du 23b-PVP.<\/p>\n<h3 data-start=\"3555\" data-end=\"3586\">Responsabilit\u00e9 de l'acheteur<\/h3>\n<p data-start=\"3588\" data-end=\"3718\">Quiconque ach\u00e8te du 23b-PVP en ligne est responsable du stockage appropri\u00e9, de l'utilisation s\u00fbre et du respect de la loi.<\/p>\n<h3 data-start=\"3720\" data-end=\"3730\">Conclusion<\/h3>\n<p data-start=\"3732\" data-end=\"4041\">Acheter du 23b-PVP en ligne aupr\u00e8s d'une source de recherche fiable permet aux chercheurs d'acc\u00e9der \u00e0 une substance unique \u00e0 haute valeur analytique. Soyez toujours attentif \u00e0 la qualit\u00e9 v\u00e9rifi\u00e9e, aux fournisseurs r\u00e9put\u00e9s et aux lois applicables. Pour savoir o\u00f9 acheter du 23b-PVP, il est conseill\u00e9 de choisir uniquement des revendeurs fiables.<\/p>","protected":false},"excerpt":{"rendered":"<p><strong>2,3-BPVP<\/strong>\u00e9galement connu sous le nom de <strong>2,3-Benzylpyrrolidinylvaleron<\/strong>, ist eine hochwertige Forschungschemikalie, die in der Neurowissenschaft, pharmakologischen Studien und chemischen Forschung Verwendung findet. Seine au\u00dfergew\u00f6hnliche Reinheit und zuverl\u00e4ssige chemische Zusammensetzung machen es zur idealen Wahl f\u00fcr Laborstudien.<\/p>\n<h3><strong>Eigenschaften von 2,3-BPVP:<\/strong><\/h3>\n<ul>\n<li><strong>Formule chimique<\/strong>: C16H21NO<\/li>\n<li><strong>Poids mol\u00e9culaire<\/strong>: 243,34 g\/mol<\/li>\n<li><strong>Puret\u00e9<\/strong>: 99% \u2013 f\u00fcr konsistente und pr\u00e4zise Ergebnisse.<\/li>\n<li><strong>Apparence<\/strong>: Wei\u00dfes, kristallines Pulver, perfekt f\u00fcr analytische Anwendungen.<\/li>\n<\/ul>\n<h3><strong>Domaines d'application :<\/strong><\/h3>\n<ol>\n<li><strong>\u00c9tudes neuroscientifiques<\/strong>: Analyse von Rezeptor-Interaktionen und Neurotransmitter-Mechanismen.<\/li>\n<li><strong>Recherche pharmacologique<\/strong>: Untersuchung von Struktur-Wirkungs-Beziehungen (SAR) und therapeutischen Potenzialen.<\/li>\n<li><strong>Exp\u00e9riences de chimie<\/strong>: Ideal f\u00fcr Laboruntersuchungen und Entwicklung neuer Substanzen.<\/li>\n<\/ol>\n<h3><strong>Warum 2,3-BPVP kaufen?<\/strong><\/h3>\n<ul>\n<li><strong>La plus haute qualit\u00e9<\/strong>: Hergestellt f\u00fcr maximale Pr\u00e4zision und Verl\u00e4sslichkeit.<\/li>\n<li><strong>Envoi discret<\/strong>: Livr\u00e9 directement \u00e0 votre porte, en toute s\u00e9curit\u00e9 et de mani\u00e8re anonyme.<\/li>\n<li><strong>Vielseitige Einsatzm\u00f6glichkeiten<\/strong>: Geeignet f\u00fcr diverse wissenschaftliche Projekte und Analysen.<\/li>\n<\/ul>","protected":false},"featured_media":1032,"comment_status":"open","ping_status":"closed","template":"","meta":{"_joinchat":[]},"product_brand":[],"product_cat":[48],"product_tag":[2535,2539,2537,2543,2536,2542,2538,2540,2541,2015],"class_list":{"0":"post-1031","1":"product","2":"type-product","3":"status-publish","4":"has-post-thumbnail","6":"product_cat-stimulants","7":"product_tag-23b-pvp-kaufen","8":"product_tag-23b-pvp-kaufen-deutschland","9":"product_tag-23b-pvp-kristalle","10":"product_tag-23b-pvp-kristalle-kaufen","11":"product_tag-23b-pvp-online","12":"product_tag-23b-pvp-online-kaufen","13":"product_tag-23b-pvp-pulver","14":"product_tag-23b-pvp-research-chemical","15":"product_tag-23b-pvp-zum-verkauf","16":"product_tag-synthetische-drogen","18":"first","19":"instock","20":"shipping-taxable","21":"purchasable","22":"product-type-variable"},"yoast_head":"<!-- This site is optimized with the Yoast SEO plugin v26.1.1 - https:\/\/yoast.com\/wordpress\/plugins\/seo\/ -->\n<title>23b-PVP zu verkaufen \u2013 23b-PVP online Kaufen<\/title>\n<meta name=\"description\" content=\"Sie k\u00f6nnen 23b-pvp zu den besten Preisen in unserem Online-Shop kaufen. Wir sind hier, um Ihnen zu helfen, 23b-pvp online zu kaufen. Verbinden Sie sich noch heute mit dem besten Shop der Stadt!\" \/>\n<meta name=\"robots\" content=\"index, follow, max-snippet:-1, max-image-preview:large, max-video-preview:-1\" \/>\n<link rel=\"canonical\" href=\"https:\/\/chemgramx.com\/fr\/produit\/23b-pvp\/\" \/>\n<meta property=\"og:locale\" content=\"fr_FR\" \/>\n<meta property=\"og:type\" content=\"article\" \/>\n<meta property=\"og:title\" content=\"23b-PVP zu verkaufen \u2013 23b-PVP online Kaufen\" \/>\n<meta property=\"og:description\" content=\"Sie k\u00f6nnen 23b-pvp zu den besten Preisen in unserem Online-Shop kaufen. Wir sind hier, um Ihnen zu helfen, 23b-pvp online zu kaufen. Verbinden Sie sich noch heute mit dem besten Shop der Stadt!\" \/>\n<meta property=\"og:url\" content=\"https:\/\/chemgramx.com\/fr\/produit\/23b-pvp\/\" \/>\n<meta property=\"og:site_name\" content=\"Chemgramx\" \/>\n<meta property=\"article:modified_time\" content=\"2025-10-15T05:36:28+00:00\" \/>\n<meta property=\"og:image\" content=\"https:\/\/chemgramx.com\/wp-content\/uploads\/2024\/12\/23pvp.png\" \/>\n\t<meta property=\"og:image:width\" content=\"600\" \/>\n\t<meta property=\"og:image:height\" content=\"400\" \/>\n\t<meta property=\"og:image:type\" content=\"image\/png\" \/>\n<meta name=\"twitter:card\" content=\"summary_large_image\" \/>\n<meta name=\"twitter:label1\" content=\"Dur\u00e9e de lecture estim\u00e9e\" \/>\n\t<meta name=\"twitter:data1\" content=\"2 minutes\" \/>\n<script type=\"application\/ld+json\" class=\"yoast-schema-graph\">{\"@context\":\"https:\/\/schema.org\",\"@graph\":[{\"@type\":\"WebPage\",\"@id\":\"https:\/\/chemgramx.com\/product\/23b-pvp\/\",\"url\":\"https:\/\/chemgramx.com\/product\/23b-pvp\/\",\"name\":\"23b-PVP zu verkaufen \u2013 23b-PVP online Kaufen\",\"isPartOf\":{\"@id\":\"https:\/\/chemgramx.com\/#website\"},\"primaryImageOfPage\":{\"@id\":\"https:\/\/chemgramx.com\/product\/23b-pvp\/#primaryimage\"},\"image\":{\"@id\":\"https:\/\/chemgramx.com\/product\/23b-pvp\/#primaryimage\"},\"thumbnailUrl\":\"https:\/\/chemgramx.com\/wp-content\/uploads\/2024\/12\/23pvp.png\",\"datePublished\":\"2024-12-07T15:39:29+00:00\",\"dateModified\":\"2025-10-15T05:36:28+00:00\",\"description\":\"Sie k\u00f6nnen 23b-pvp zu den besten Preisen in unserem Online-Shop kaufen. Wir sind hier, um Ihnen zu helfen, 23b-pvp online zu kaufen. Verbinden Sie sich noch heute mit dem besten Shop der Stadt!\",\"breadcrumb\":{\"@id\":\"https:\/\/chemgramx.com\/product\/23b-pvp\/#breadcrumb\"},\"inLanguage\":\"fr-FR\",\"potentialAction\":[{\"@type\":\"ReadAction\",\"target\":[\"https:\/\/chemgramx.com\/product\/23b-pvp\/\"]}]},{\"@type\":\"ImageObject\",\"inLanguage\":\"fr-FR\",\"@id\":\"https:\/\/chemgramx.com\/product\/23b-pvp\/#primaryimage\",\"url\":\"https:\/\/chemgramx.com\/wp-content\/uploads\/2024\/12\/23pvp.png\",\"contentUrl\":\"https:\/\/chemgramx.com\/wp-content\/uploads\/2024\/12\/23pvp.png\",\"width\":600,\"height\":400,\"caption\":\"23b-PVP online Kaufen\"},{\"@type\":\"BreadcrumbList\",\"@id\":\"https:\/\/chemgramx.com\/product\/23b-pvp\/#breadcrumb\",\"itemListElement\":[{\"@type\":\"ListItem\",\"position\":1,\"name\":\"Home\",\"item\":\"https:\/\/chemgramx.com\/\"},{\"@type\":\"ListItem\",\"position\":2,\"name\":\"Shop\",\"item\":\"https:\/\/chemgramx.com\/shop\/\"},{\"@type\":\"ListItem\",\"position\":3,\"name\":\"23b-PVP online kaufen\"}]},{\"@type\":\"WebSite\",\"@id\":\"https:\/\/chemgramx.com\/#website\",\"url\":\"https:\/\/chemgramx.com\/\",\"name\":\"Chemgramx\",\"description\":\"\",\"publisher\":{\"@id\":\"https:\/\/chemgramx.com\/#organization\"},\"potentialAction\":[{\"@type\":\"SearchAction\",\"target\":{\"@type\":\"EntryPoint\",\"urlTemplate\":\"https:\/\/chemgramx.com\/?s={search_term_string}\"},\"query-input\":{\"@type\":\"PropertyValueSpecification\",\"valueRequired\":true,\"valueName\":\"search_term_string\"}}],\"inLanguage\":\"fr-FR\"},{\"@type\":\"Organization\",\"@id\":\"https:\/\/chemgramx.com\/#organization\",\"name\":\"Chemgramx\",\"url\":\"https:\/\/chemgramx.com\/\",\"logo\":{\"@type\":\"ImageObject\",\"inLanguage\":\"fr-FR\",\"@id\":\"https:\/\/chemgramx.com\/#\/schema\/logo\/image\/\",\"url\":\"https:\/\/chemgramx.com\/wp-content\/uploads\/2024\/10\/final-logo.png\",\"contentUrl\":\"https:\/\/chemgramx.com\/wp-content\/uploads\/2024\/10\/final-logo.png\",\"width\":250,\"height\":48,\"caption\":\"Chemgramx\"},\"image\":{\"@id\":\"https:\/\/chemgramx.com\/#\/schema\/logo\/image\/\"}}]}<\/script>\n<!-- \/ Yoast SEO plugin. -->","yoast_head_json":{"title":"23b-PVP \u00e0 vendre \u2013 Achetez 23b-PVP en ligne","description":"Achetez du 23b-pvp aux meilleurs prix dans notre boutique en ligne. Nous sommes l\u00e0 pour vous aider \u00e0 acheter du 23b-pvp en ligne. Contactez le meilleur magasin en ville d\u00e8s aujourd'hui\u00a0!","robots":{"index":"index","follow":"follow","max-snippet":"max-snippet:-1","max-image-preview":"max-image-preview:large","max-video-preview":"max-video-preview:-1"},"canonical":"https:\/\/chemgramx.com\/fr\/produit\/23b-pvp\/","og_locale":"fr_FR","og_type":"article","og_title":"23b-PVP zu verkaufen \u2013 23b-PVP online Kaufen","og_description":"Sie k\u00f6nnen 23b-pvp zu den besten Preisen in unserem Online-Shop kaufen. Wir sind hier, um Ihnen zu helfen, 23b-pvp online zu kaufen. Verbinden Sie sich noch heute mit dem besten Shop der Stadt!","og_url":"https:\/\/chemgramx.com\/fr\/produit\/23b-pvp\/","og_site_name":"Chemgramx","article_modified_time":"2025-10-15T05:36:28+00:00","og_image":[{"width":600,"height":400,"url":"https:\/\/chemgramx.com\/wp-content\/uploads\/2024\/12\/23pvp.png","type":"image\/png"}],"twitter_card":"summary_large_image","twitter_misc":{"Dur\u00e9e de lecture estim\u00e9e":"2 minutes"},"schema":{"@context":"https:\/\/schema.org","@graph":[{"@type":"WebPage","@id":"https:\/\/chemgramx.com\/product\/23b-pvp\/","url":"https:\/\/chemgramx.com\/product\/23b-pvp\/","name":"23b-PVP \u00e0 vendre \u2013 Achetez 23b-PVP en ligne","isPartOf":{"@id":"https:\/\/chemgramx.com\/#website"},"primaryImageOfPage":{"@id":"https:\/\/chemgramx.com\/product\/23b-pvp\/#primaryimage"},"image":{"@id":"https:\/\/chemgramx.com\/product\/23b-pvp\/#primaryimage"},"thumbnailUrl":"https:\/\/chemgramx.com\/wp-content\/uploads\/2024\/12\/23pvp.png","datePublished":"2024-12-07T15:39:29+00:00","dateModified":"2025-10-15T05:36:28+00:00","description":"Achetez du 23b-pvp aux meilleurs prix dans notre boutique en ligne. Nous sommes l\u00e0 pour vous aider \u00e0 acheter du 23b-pvp en ligne. Contactez le meilleur magasin en ville d\u00e8s aujourd'hui\u00a0!","breadcrumb":{"@id":"https:\/\/chemgramx.com\/product\/23b-pvp\/#breadcrumb"},"inLanguage":"fr-FR","potentialAction":[{"@type":"ReadAction","target":["https:\/\/chemgramx.com\/product\/23b-pvp\/"]}]},{"@type":"ImageObject","inLanguage":"fr-FR","@id":"https:\/\/chemgramx.com\/product\/23b-pvp\/#primaryimage","url":"https:\/\/chemgramx.com\/wp-content\/uploads\/2024\/12\/23pvp.png","contentUrl":"https:\/\/chemgramx.com\/wp-content\/uploads\/2024\/12\/23pvp.png","width":600,"height":400,"caption":"23b-PVP online Kaufen"},{"@type":"BreadcrumbList","@id":"https:\/\/chemgramx.com\/product\/23b-pvp\/#breadcrumb","itemListElement":[{"@type":"ListItem","position":1,"name":"Home","item":"https:\/\/chemgramx.com\/"},{"@type":"ListItem","position":2,"name":"Shop","item":"https:\/\/chemgramx.com\/shop\/"},{"@type":"ListItem","position":3,"name":"23b-PVP online kaufen"}]},{"@type":"WebSite","@id":"https:\/\/chemgramx.com\/#website","url":"https:\/\/chemgramx.com\/","name":"Chemgramx","description":"","publisher":{"@id":"https:\/\/chemgramx.com\/#organization"},"potentialAction":[{"@type":"SearchAction","target":{"@type":"EntryPoint","urlTemplate":"https:\/\/chemgramx.com\/?s={search_term_string}"},"query-input":{"@type":"PropertyValueSpecification","valueRequired":true,"valueName":"search_term_string"}}],"inLanguage":"fr-FR"},{"@type":"Organization","@id":"https:\/\/chemgramx.com\/#organization","name":"Chemgramx","url":"https:\/\/chemgramx.com\/","logo":{"@type":"ImageObject","inLanguage":"fr-FR","@id":"https:\/\/chemgramx.com\/#\/schema\/logo\/image\/","url":"https:\/\/chemgramx.com\/wp-content\/uploads\/2024\/10\/final-logo.png","contentUrl":"https:\/\/chemgramx.com\/wp-content\/uploads\/2024\/10\/final-logo.png","width":250,"height":48,"caption":"Chemgramx"},"image":{"@id":"https:\/\/chemgramx.com\/#\/schema\/logo\/image\/"}}]}},"_links":{"self":[{"href":"https:\/\/chemgramx.com\/fr\/wp-json\/wp\/v2\/product\/1031","targetHints":{"allow":["GET"]}}],"collection":[{"href":"https:\/\/chemgramx.com\/fr\/wp-json\/wp\/v2\/product"}],"about":[{"href":"https:\/\/chemgramx.com\/fr\/wp-json\/wp\/v2\/types\/product"}],"replies":[{"embeddable":true,"href":"https:\/\/chemgramx.com\/fr\/wp-json\/wp\/v2\/comments?post=1031"}],"wp:featuredmedia":[{"embeddable":true,"href":"https:\/\/chemgramx.com\/fr\/wp-json\/wp\/v2\/media\/1032"}],"wp:attachment":[{"href":"https:\/\/chemgramx.com\/fr\/wp-json\/wp\/v2\/media?parent=1031"}],"wp:term":[{"taxonomy":"product_brand","embeddable":true,"href":"https:\/\/chemgramx.com\/fr\/wp-json\/wp\/v2\/product_brand?post=1031"},{"taxonomy":"product_cat","embeddable":true,"href":"https:\/\/chemgramx.com\/fr\/wp-json\/wp\/v2\/product_cat?post=1031"},{"taxonomy":"product_tag","embeddable":true,"href":"https:\/\/chemgramx.com\/fr\/wp-json\/wp\/v2\/product_tag?post=1031"}],"curies":[{"name":"wp","href":"https:\/\/api.w.org\/{rel}","templated":true}]}}