{"id":1057,"date":"2024-12-08T09:15:06","date_gmt":"2024-12-08T09:15:06","guid":{"rendered":"https:\/\/chemgramx.com\/?post_type=product&#038;p=1057"},"modified":"2025-10-15T07:30:21","modified_gmt":"2025-10-15T07:30:21","slug":"4-fmc","status":"publish","type":"product","link":"https:\/\/chemgramx.com\/fr\/produit\/4-fmc\/","title":{"rendered":"Acheter 4-FMC en ligne"},"content":{"rendered":"<h2 data-start=\"118\" data-end=\"173\">Acheter du 4-FMC en ligne \u2013 Guide de recherche et sources fiables<\/h2>\n<p data-start=\"191\" data-end=\"591\">Le 4-FMC (4-fluorom\u00e9thcathinone) est une substance psychoactive du groupe des cathinones, pr\u00e9sente dans les drogues de synth\u00e8se modernes. Similaire \u00e0 la m\u00e9ph\u00e9drone, il poss\u00e8de des propri\u00e9t\u00e9s stimulantes souvent associ\u00e9es \u00e0 l'euphorie et \u00e0 un regain d'\u00e9nergie. De nombreux chercheurs et consommateurs choisissent d'acheter du 4-FMC en ligne car ses effets sont similaires \u00e0 ceux de l'amph\u00e9tamine ou de la coca\u00efne.<\/p>\n<p data-start=\"593\" data-end=\"876\">De nombreux groupes de recherche commandent du 4-FMC pour analyser les effets des stimulants sur le syst\u00e8me nerveux central. Internet est le meilleur endroit pour acheter du 4-FMC en ligne, car il offre des options de commande pratiques et diff\u00e9rents niveaux de puret\u00e9.<\/p>\n<h3 data-start=\"883\" data-end=\"902\">Qu'est-ce que le 4-FMC ?<\/h3>\n<p data-start=\"903\" data-end=\"1171\"><a href=\"https:\/\/en.wikipedia.org\/wiki\/Flephedrone\">4-FMC<\/a>, \u00e9galement connu sous le nom de 4-fluorom\u00e9thcathinone, est un d\u00e9riv\u00e9 fluor\u00e9 de la m\u00e9thcathinone et agit comme un stimulant. Chimiquement, il appartient \u00e0 la famille des cathinones et pr\u00e9sente des effets puissants sur les syst\u00e8mes dopaminergique et noradr\u00e9naline, entra\u00eenant une stimulation accrue.<\/p>\n<p data-start=\"1173\" data-end=\"1435\">De nombreux groupes de recherche commandent du 4-FMC pour analyser les effets des stimulants sur le syst\u00e8me nerveux central. Internet est le meilleur endroit pour acheter du 4-FMC en ligne, car il offre des options de commande pratiques et diff\u00e9rents niveaux de puret\u00e9.<\/p>\n<h3 data-start=\"1442\" data-end=\"1472\">Composition chimique<\/h3>\n<p data-start=\"1473\" data-end=\"1707\">La formule chimique est C\u2081\u2080H\u2081\u2082FN. La substitution du fluor dans la structure lui conf\u00e8re des propri\u00e9t\u00e9s stimulantes particuli\u00e8res. Les utilisateurs constatent un regain d'\u00e9nergie, une vigilance accrue et une humeur euphorique.<\/p>\n<h3 data-start=\"1714\" data-end=\"1738\">Applications courantes<\/h3>\n<ul data-start=\"1739\" data-end=\"1929\">\n<li data-start=\"1739\" data-end=\"1818\">\n<p data-start=\"1741\" data-end=\"1818\">Forschung: Viele Wissenschaftler 4-FMC online kaufen f\u00fcr Laborstudien.<\/p>\n<\/li>\n<li data-start=\"1819\" data-end=\"1929\">\n<p data-start=\"1821\" data-end=\"1929\">Exploration psychoactive : Certains utilisateurs le consomment pour ses propri\u00e9t\u00e9s euphorisantes.<\/p>\n<\/li>\n<\/ul>\n<h3 data-start=\"1936\" data-end=\"1959\">Statut juridique<\/h3>\n<p data-start=\"1960\" data-end=\"2237\">Le statut de vente du 4-FMC varie selon les pays. Dans de nombreux pays, il rel\u00e8ve de la l\u00e9gislation sur les stup\u00e9fiants, tandis que dans d'autres, il reste dans une zone grise. Avant de commander, il est crucial de v\u00e9rifier la l\u00e9gislation locale.<\/p>\n<h3 data-start=\"2244\" data-end=\"2275\">Pourquoi acheter 4-FMC en ligne ?<\/h3>\n<p data-start=\"2276\" data-end=\"2400\">L\u2019achat en ligne offre des avantages tels que la discr\u00e9tion, un plus grand choix et la possibilit\u00e9 de trouver le meilleur prix 4-FMC.<\/p>\n<h3 data-start=\"2402\" data-end=\"2441\">Accessibilit\u00e9 et commodit\u00e9<\/h3>\n<p data-start=\"2442\" data-end=\"2565\">Au lieu de chercher des magasins physiques, vous pouvez <a href=\"https:\/\/chemgramx.com\/fr\/produit\/4-fmc\/\">Acheter 4-FMC en ligne<\/a> et recevez la livraison directement \u00e0 votre domicile.<\/p>\n<h3 data-start=\"2567\" data-end=\"2595\">S\u00e9lection de produits plus large<\/h3>\n<p data-start=\"2596\" data-end=\"2777\">Les boutiques en ligne proposent diff\u00e9rents niveaux de puret\u00e9 et tailles d'emballage, permettant de trouver un produit qui r\u00e9pond \u00e0 la fois \u00e0 vos besoins et \u00e0 votre budget.<\/p>\n<h3 data-start=\"2784\" data-end=\"2809\">Risques et avantages<\/h3>\n<p data-start=\"2810\" data-end=\"2964\">Avantages : acc\u00e8s pratique, large choix de produits, comparaison de prix facile.<br data-start=\"2889\" data-end=\"2892\" \/>Risques : probl\u00e8mes juridiques, produits de qualit\u00e9 inf\u00e9rieure ou contrefa\u00e7ons.<\/p>\n<h3 data-start=\"2971\" data-end=\"3020\">Comment trouver un fournisseur fiable ?<\/h3>\n<p data-start=\"3021\" data-end=\"3064\">Lorsque vous commandez du 4-FMC, faites attention \u00e0 :<\/p>\n<ul data-start=\"3066\" data-end=\"3174\">\n<li data-start=\"3066\" data-end=\"3103\">\n<p data-start=\"3068\" data-end=\"3103\">Informations transparentes sur les produits<\/p>\n<\/li>\n<li data-start=\"3104\" data-end=\"3143\">\n<p data-start=\"3106\" data-end=\"3143\">Certificats de puret\u00e9 et tests de laboratoire<\/p>\n<\/li>\n<li data-start=\"3144\" data-end=\"3174\">\n<p data-start=\"3146\" data-end=\"3174\">Avis clients positifs<\/p>\n<\/li>\n<\/ul>\n<p data-start=\"3176\" data-end=\"3261\">Seuls les magasins v\u00e9rifi\u00e9s peuvent \u00eatre consid\u00e9r\u00e9s comme le meilleur endroit pour acheter du 4-FMC en ligne.<\/p>\n<h3 data-start=\"3268\" data-end=\"3309\">Cotes et certificats de puret\u00e9<\/h3>\n<p data-start=\"3310\" data-end=\"3466\">Faites uniquement confiance aux d\u00e9taillants qui fournissent une preuve d'origine et des tests en laboratoire. Vous pouvez ainsi garantir que votre produit pr\u00e9sente le niveau de puret\u00e9 requis.<\/p>\n<h3 data-start=\"3473\" data-end=\"3514\">Consid\u00e9rations juridiques et \u00e9thiques<\/h3>\n<p data-start=\"3515\" data-end=\"3684\">Toute personne souhaitant acheter du 4-FMC en ligne doit s'assurer que l'achat et la possession sont l\u00e9gaux dans son pays. Toute infraction peut entra\u00eener de graves cons\u00e9quences juridiques.<\/p>\n<p data-start=\"3686\" data-end=\"3824\">Un fournisseur r\u00e9put\u00e9 qui vous permet d'acheter du 4-FMC en ligne aupr\u00e8s d'une source de recherche fiable fait toujours attention \u00e0 la transparence et \u00e0 la s\u00e9curit\u00e9.<\/p>\n<h3 data-start=\"3831\" data-end=\"3841\">Conclusion<\/h3>\n<p data-start=\"3842\" data-end=\"4048\">La vente de 4-FMC est particuli\u00e8rement int\u00e9ressante pour la recherche et les \u00e9tudes scientifiques. Toute personne souhaitant acheter du 4-FMC en ligne doit \u00eatre particuli\u00e8rement attentive \u00e0 la qualit\u00e9, \u00e0 la puret\u00e9 et aux exigences l\u00e9gales.<\/p>\n<p data-start=\"4050\" data-end=\"4347\">Que vous recherchiez le meilleur prix pour le 4-FMC ou que vous vous demandiez o\u00f9 l'acheter, le choix le plus s\u00fbr est de choisir un revendeur jouissant d'une cr\u00e9dibilit\u00e9 av\u00e9r\u00e9e, de tests en laboratoire et d'avis clients positifs. C'est le seul moyen de vous assurer de commander aupr\u00e8s d'une source de recherche fiable.<\/p>","protected":false},"excerpt":{"rendered":"<p><strong>4-CPRC<\/strong>\u00e9galement connu sous le nom de <strong>4-Chlorphenylpyrrolidinocyclohexancarbonitril<\/strong>, ist eine hochreine Forschungschemikalie, die f\u00fcr wissenschaftliche Studien und chemische Analysen entwickelt wurde. Mit seiner stabilen Struktur und au\u00dfergew\u00f6hnlichen Reinheit ist 4-CPRC ideal f\u00fcr den Einsatz in Laboranwendungen geeignet.<\/p>\n<h3><strong>Eigenschaften von 4-CPRC:<\/strong><\/h3>\n<ul>\n<li><strong>Formule chimique<\/strong>: C16H20ClNO<\/li>\n<li><strong>Poids mol\u00e9culaire<\/strong>: 277,79 g\/mol<\/li>\n<li><strong>Puret\u00e9<\/strong>: 99%, garantiert f\u00fcr pr\u00e4zise Forschungsergebnisse.<\/li>\n<li><strong>Apparence<\/strong>: Wei\u00dfes, kristallines Pulver, perfekt f\u00fcr Laborstudien.<\/li>\n<\/ul>\n<h3><strong>Domaines d'application :<\/strong><\/h3>\n<ol>\n<li><strong>Recherche en neurosciences<\/strong>: Analyse von Neurotransmitter-Interaktionen und Rezeptorwirkungen.<\/li>\n<li><strong>\u00c9tudes pharmacologiques<\/strong>: Erforschung von Struktur-Wirkungs-Beziehungen (SAR).<\/li>\n<li><strong>Exp\u00e9riences de chimie<\/strong>: Entwicklung neuer Substanzen und Durchf\u00fchrung von chemischen Analysen.<\/li>\n<\/ol>\n<h3><strong>Warum 4-CPRC kaufen?<\/strong><\/h3>\n<ul>\n<li><strong>La plus haute qualit\u00e9<\/strong>: Entwickelt f\u00fcr zuverl\u00e4ssige und pr\u00e4zise Ergebnisse.<\/li>\n<li><strong>Envoi discret<\/strong>: Sicher und anonym direkt an Ihre Adresse geliefert.<\/li>\n<li><strong>Vielf\u00e4ltige Einsatzm\u00f6glichkeiten<\/strong>: Ideal f\u00fcr unterschiedliche wissenschaftliche Anwendungen.<\/li>\n<\/ul>","protected":false},"featured_media":1058,"comment_status":"open","ping_status":"closed","template":"","meta":{"_joinchat":[]},"product_brand":[],"product_cat":[48],"product_tag":[2457,2463,2462,2458,2464,2461,2459,2460,2465,2182],"class_list":{"0":"post-1057","1":"product","2":"type-product","3":"status-publish","4":"has-post-thumbnail","6":"product_cat-stimulants","7":"product_tag-4-fmc","8":"product_tag-4-fmc-chemikalien","9":"product_tag-4-fmc-forschung","10":"product_tag-4-fmc-kaufen","11":"product_tag-4-fmc-kaufen-online","12":"product_tag-4-fmc-kristalle","13":"product_tag-4-fmc-online","14":"product_tag-4-fmc-pulver","15":"product_tag-forschung-4-fmc","16":"product_tag-synthetische-chemikalien","18":"first","19":"instock","20":"shipping-taxable","21":"purchasable","22":"product-type-variable"},"yoast_head":"<!-- This site is optimized with the Yoast SEO plugin v26.1.1 - https:\/\/yoast.com\/wordpress\/plugins\/seo\/ -->\n<title>4-FMC online kaufen \u2013 4-FMC zu verkaufen | chemgramx<\/title>\n<meta name=\"description\" content=\"Verpassen Sie keine Gelegenheit, 4-FMC online in unserem Chemgramx-Shop zu kaufen. Wir verkaufen ausschlie\u00dflich 4-FMC zu g\u00fcnstigen Preisen. Wir sind hier, um Ihnen zu helfen. Bestellen Sie jetzt!\" \/>\n<meta name=\"robots\" content=\"index, follow, max-snippet:-1, max-image-preview:large, max-video-preview:-1\" \/>\n<link rel=\"canonical\" href=\"https:\/\/chemgramx.com\/fr\/produit\/4-fmc\/\" \/>\n<meta property=\"og:locale\" content=\"fr_FR\" \/>\n<meta property=\"og:type\" content=\"article\" \/>\n<meta property=\"og:title\" content=\"4-FMC online kaufen \u2013 4-FMC zu verkaufen | chemgramx\" \/>\n<meta property=\"og:description\" content=\"Verpassen Sie keine Gelegenheit, 4-FMC online in unserem Chemgramx-Shop zu kaufen. Wir verkaufen ausschlie\u00dflich 4-FMC zu g\u00fcnstigen Preisen. Wir sind hier, um Ihnen zu helfen. Bestellen Sie jetzt!\" \/>\n<meta property=\"og:url\" content=\"https:\/\/chemgramx.com\/fr\/produit\/4-fmc\/\" \/>\n<meta property=\"og:site_name\" content=\"Chemgramx\" \/>\n<meta property=\"article:modified_time\" content=\"2025-10-15T07:30:21+00:00\" \/>\n<meta property=\"og:image\" content=\"https:\/\/chemgramx.com\/wp-content\/uploads\/2024\/12\/4fmc.png\" \/>\n\t<meta property=\"og:image:width\" content=\"600\" \/>\n\t<meta property=\"og:image:height\" content=\"400\" \/>\n\t<meta property=\"og:image:type\" content=\"image\/png\" \/>\n<meta name=\"twitter:card\" content=\"summary_large_image\" \/>\n<meta name=\"twitter:label1\" content=\"Dur\u00e9e de lecture estim\u00e9e\" \/>\n\t<meta name=\"twitter:data1\" content=\"3 minutes\" \/>\n<script type=\"application\/ld+json\" class=\"yoast-schema-graph\">{\"@context\":\"https:\/\/schema.org\",\"@graph\":[{\"@type\":\"WebPage\",\"@id\":\"https:\/\/chemgramx.com\/product\/4-fmc\/\",\"url\":\"https:\/\/chemgramx.com\/product\/4-fmc\/\",\"name\":\"4-FMC online kaufen \u2013 4-FMC zu verkaufen | chemgramx\",\"isPartOf\":{\"@id\":\"https:\/\/chemgramx.com\/#website\"},\"primaryImageOfPage\":{\"@id\":\"https:\/\/chemgramx.com\/product\/4-fmc\/#primaryimage\"},\"image\":{\"@id\":\"https:\/\/chemgramx.com\/product\/4-fmc\/#primaryimage\"},\"thumbnailUrl\":\"https:\/\/chemgramx.com\/wp-content\/uploads\/2024\/12\/4fmc.png\",\"datePublished\":\"2024-12-08T09:15:06+00:00\",\"dateModified\":\"2025-10-15T07:30:21+00:00\",\"description\":\"Verpassen Sie keine Gelegenheit, 4-FMC online in unserem Chemgramx-Shop zu kaufen. Wir verkaufen ausschlie\u00dflich 4-FMC zu g\u00fcnstigen Preisen. Wir sind hier, um Ihnen zu helfen. Bestellen Sie jetzt!\",\"breadcrumb\":{\"@id\":\"https:\/\/chemgramx.com\/product\/4-fmc\/#breadcrumb\"},\"inLanguage\":\"fr-FR\",\"potentialAction\":[{\"@type\":\"ReadAction\",\"target\":[\"https:\/\/chemgramx.com\/product\/4-fmc\/\"]}]},{\"@type\":\"ImageObject\",\"inLanguage\":\"fr-FR\",\"@id\":\"https:\/\/chemgramx.com\/product\/4-fmc\/#primaryimage\",\"url\":\"https:\/\/chemgramx.com\/wp-content\/uploads\/2024\/12\/4fmc.png\",\"contentUrl\":\"https:\/\/chemgramx.com\/wp-content\/uploads\/2024\/12\/4fmc.png\",\"width\":600,\"height\":400,\"caption\":\"4-FMC online kaufen\"},{\"@type\":\"BreadcrumbList\",\"@id\":\"https:\/\/chemgramx.com\/product\/4-fmc\/#breadcrumb\",\"itemListElement\":[{\"@type\":\"ListItem\",\"position\":1,\"name\":\"Home\",\"item\":\"https:\/\/chemgramx.com\/\"},{\"@type\":\"ListItem\",\"position\":2,\"name\":\"Shop\",\"item\":\"https:\/\/chemgramx.com\/shop\/\"},{\"@type\":\"ListItem\",\"position\":3,\"name\":\"4-FMC online kaufen\"}]},{\"@type\":\"WebSite\",\"@id\":\"https:\/\/chemgramx.com\/#website\",\"url\":\"https:\/\/chemgramx.com\/\",\"name\":\"Chemgramx\",\"description\":\"\",\"publisher\":{\"@id\":\"https:\/\/chemgramx.com\/#organization\"},\"potentialAction\":[{\"@type\":\"SearchAction\",\"target\":{\"@type\":\"EntryPoint\",\"urlTemplate\":\"https:\/\/chemgramx.com\/?s={search_term_string}\"},\"query-input\":{\"@type\":\"PropertyValueSpecification\",\"valueRequired\":true,\"valueName\":\"search_term_string\"}}],\"inLanguage\":\"fr-FR\"},{\"@type\":\"Organization\",\"@id\":\"https:\/\/chemgramx.com\/#organization\",\"name\":\"Chemgramx\",\"url\":\"https:\/\/chemgramx.com\/\",\"logo\":{\"@type\":\"ImageObject\",\"inLanguage\":\"fr-FR\",\"@id\":\"https:\/\/chemgramx.com\/#\/schema\/logo\/image\/\",\"url\":\"https:\/\/chemgramx.com\/wp-content\/uploads\/2024\/10\/final-logo.png\",\"contentUrl\":\"https:\/\/chemgramx.com\/wp-content\/uploads\/2024\/10\/final-logo.png\",\"width\":250,\"height\":48,\"caption\":\"Chemgramx\"},\"image\":{\"@id\":\"https:\/\/chemgramx.com\/#\/schema\/logo\/image\/\"}}]}<\/script>\n<!-- \/ Yoast SEO plugin. -->","yoast_head_json":{"title":"Achetez du 4-FMC en ligne \u2013 4-FMC \u00e0 vendre | chemgramx","description":"Ne manquez pas l'occasion d'acheter du 4-FMC en ligne sur notre boutique Chemgramx. Nous vendons exclusivement du 4-FMC \u00e0 des prix abordables. Nous sommes l\u00e0 pour vous aider. Commandez d\u00e8s maintenant\u00a0!","robots":{"index":"index","follow":"follow","max-snippet":"max-snippet:-1","max-image-preview":"max-image-preview:large","max-video-preview":"max-video-preview:-1"},"canonical":"https:\/\/chemgramx.com\/fr\/produit\/4-fmc\/","og_locale":"fr_FR","og_type":"article","og_title":"4-FMC online kaufen \u2013 4-FMC zu verkaufen | chemgramx","og_description":"Verpassen Sie keine Gelegenheit, 4-FMC online in unserem Chemgramx-Shop zu kaufen. Wir verkaufen ausschlie\u00dflich 4-FMC zu g\u00fcnstigen Preisen. Wir sind hier, um Ihnen zu helfen. Bestellen Sie jetzt!","og_url":"https:\/\/chemgramx.com\/fr\/produit\/4-fmc\/","og_site_name":"Chemgramx","article_modified_time":"2025-10-15T07:30:21+00:00","og_image":[{"width":600,"height":400,"url":"https:\/\/chemgramx.com\/wp-content\/uploads\/2024\/12\/4fmc.png","type":"image\/png"}],"twitter_card":"summary_large_image","twitter_misc":{"Dur\u00e9e de lecture estim\u00e9e":"3 minutes"},"schema":{"@context":"https:\/\/schema.org","@graph":[{"@type":"WebPage","@id":"https:\/\/chemgramx.com\/product\/4-fmc\/","url":"https:\/\/chemgramx.com\/product\/4-fmc\/","name":"Achetez du 4-FMC en ligne \u2013 4-FMC \u00e0 vendre | chemgramx","isPartOf":{"@id":"https:\/\/chemgramx.com\/#website"},"primaryImageOfPage":{"@id":"https:\/\/chemgramx.com\/product\/4-fmc\/#primaryimage"},"image":{"@id":"https:\/\/chemgramx.com\/product\/4-fmc\/#primaryimage"},"thumbnailUrl":"https:\/\/chemgramx.com\/wp-content\/uploads\/2024\/12\/4fmc.png","datePublished":"2024-12-08T09:15:06+00:00","dateModified":"2025-10-15T07:30:21+00:00","description":"Ne manquez pas l'occasion d'acheter du 4-FMC en ligne sur notre boutique Chemgramx. Nous vendons exclusivement du 4-FMC \u00e0 des prix abordables. Nous sommes l\u00e0 pour vous aider. Commandez d\u00e8s maintenant\u00a0!","breadcrumb":{"@id":"https:\/\/chemgramx.com\/product\/4-fmc\/#breadcrumb"},"inLanguage":"fr-FR","potentialAction":[{"@type":"ReadAction","target":["https:\/\/chemgramx.com\/product\/4-fmc\/"]}]},{"@type":"ImageObject","inLanguage":"fr-FR","@id":"https:\/\/chemgramx.com\/product\/4-fmc\/#primaryimage","url":"https:\/\/chemgramx.com\/wp-content\/uploads\/2024\/12\/4fmc.png","contentUrl":"https:\/\/chemgramx.com\/wp-content\/uploads\/2024\/12\/4fmc.png","width":600,"height":400,"caption":"4-FMC online kaufen"},{"@type":"BreadcrumbList","@id":"https:\/\/chemgramx.com\/product\/4-fmc\/#breadcrumb","itemListElement":[{"@type":"ListItem","position":1,"name":"Home","item":"https:\/\/chemgramx.com\/"},{"@type":"ListItem","position":2,"name":"Shop","item":"https:\/\/chemgramx.com\/shop\/"},{"@type":"ListItem","position":3,"name":"4-FMC online kaufen"}]},{"@type":"WebSite","@id":"https:\/\/chemgramx.com\/#website","url":"https:\/\/chemgramx.com\/","name":"Chemgramx","description":"","publisher":{"@id":"https:\/\/chemgramx.com\/#organization"},"potentialAction":[{"@type":"SearchAction","target":{"@type":"EntryPoint","urlTemplate":"https:\/\/chemgramx.com\/?s={search_term_string}"},"query-input":{"@type":"PropertyValueSpecification","valueRequired":true,"valueName":"search_term_string"}}],"inLanguage":"fr-FR"},{"@type":"Organization","@id":"https:\/\/chemgramx.com\/#organization","name":"Chemgramx","url":"https:\/\/chemgramx.com\/","logo":{"@type":"ImageObject","inLanguage":"fr-FR","@id":"https:\/\/chemgramx.com\/#\/schema\/logo\/image\/","url":"https:\/\/chemgramx.com\/wp-content\/uploads\/2024\/10\/final-logo.png","contentUrl":"https:\/\/chemgramx.com\/wp-content\/uploads\/2024\/10\/final-logo.png","width":250,"height":48,"caption":"Chemgramx"},"image":{"@id":"https:\/\/chemgramx.com\/#\/schema\/logo\/image\/"}}]}},"_links":{"self":[{"href":"https:\/\/chemgramx.com\/fr\/wp-json\/wp\/v2\/product\/1057","targetHints":{"allow":["GET"]}}],"collection":[{"href":"https:\/\/chemgramx.com\/fr\/wp-json\/wp\/v2\/product"}],"about":[{"href":"https:\/\/chemgramx.com\/fr\/wp-json\/wp\/v2\/types\/product"}],"replies":[{"embeddable":true,"href":"https:\/\/chemgramx.com\/fr\/wp-json\/wp\/v2\/comments?post=1057"}],"wp:featuredmedia":[{"embeddable":true,"href":"https:\/\/chemgramx.com\/fr\/wp-json\/wp\/v2\/media\/1058"}],"wp:attachment":[{"href":"https:\/\/chemgramx.com\/fr\/wp-json\/wp\/v2\/media?parent=1057"}],"wp:term":[{"taxonomy":"product_brand","embeddable":true,"href":"https:\/\/chemgramx.com\/fr\/wp-json\/wp\/v2\/product_brand?post=1057"},{"taxonomy":"product_cat","embeddable":true,"href":"https:\/\/chemgramx.com\/fr\/wp-json\/wp\/v2\/product_cat?post=1057"},{"taxonomy":"product_tag","embeddable":true,"href":"https:\/\/chemgramx.com\/fr\/wp-json\/wp\/v2\/product_tag?post=1057"}],"curies":[{"name":"wp","href":"https:\/\/api.w.org\/{rel}","templated":true}]}}