{"id":1061,"date":"2024-12-08T09:21:08","date_gmt":"2024-12-08T09:21:08","guid":{"rendered":"https:\/\/chemgramx.com\/?post_type=product&#038;p=1061"},"modified":"2025-10-15T09:06:15","modified_gmt":"2025-10-15T09:06:15","slug":"4-mpd","status":"publish","type":"product","link":"https:\/\/chemgramx.com\/fr\/produit\/4-mpd\/","title":{"rendered":"Acheter 4-MPD en ligne"},"content":{"rendered":"<h2 data-start=\"183\" data-end=\"241\">Acheter du 4-MPD en ligne \u2013 \u00c0 des fins d'information et de recherche<\/h2>\n<p data-start=\"263\" data-end=\"624\"><a href=\"https:\/\/en.wikipedia.org\/wiki\/4-Methylpentedrone\">4-MPD<\/a> La 4-m\u00e9thylpyrrolidinylm\u00e9thcathinone est une substance psychoactive appartenant au groupe des stimulants et apparent\u00e9e chimiquement \u00e0 d'autres compos\u00e9s tels que la m\u00e9thcathinone et le m\u00e9thylph\u00e9nidate. De nombreux chercheurs choisissent <a href=\"https:\/\/chemgramx.com\/fr\/produit\/4-mpd\/\">Acheter 4-MPD en ligne<\/a>, da es \u00e4hnliche Eigenschaften wie Amphetamin-Derivate aufweist und f\u00fcr Forschungszwecke wertvoll ist.<\/p>\n<p data-start=\"626\" data-end=\"803\">La formule chimique du 4-MPD est C\u2081\u2082H\u2081\u2087NO. De par sa structure pyrrolidinique, il appartient \u00e0 la famille des cathinones pyrrolidiniques et exerce un effet stimulant sur le syst\u00e8me nerveux central.<\/p>\n<h3 data-start=\"810\" data-end=\"836\">Applications du 4-MPD<\/h3>\n<ul data-start=\"837\" data-end=\"1067\">\n<li data-start=\"837\" data-end=\"951\">\n<p data-start=\"839\" data-end=\"951\">Recherche : Le 4-MPD est utilis\u00e9 pour \u00e9tudier les effets des stimulants sur le cerveau et le comportement.<\/p>\n<\/li>\n<li data-start=\"952\" data-end=\"1067\">\n<p data-start=\"954\" data-end=\"1067\">Exploration psychoactive : les utilisateurs signalent des propri\u00e9t\u00e9s am\u00e9liorant l\u2019humeur et stimulant l\u2019\u00e9nergie.<\/p>\n<\/li>\n<\/ul>\n<p data-start=\"1069\" data-end=\"1187\">\u00c9tant donn\u00e9 que le 4-MPD pr\u00e9sente des effets secondaires potentiels, il ne doit \u00eatre utilis\u00e9 que par des personnes qualifi\u00e9es.<\/p>\n<h3 data-start=\"1194\" data-end=\"1227\">Rechtlicher Status von 4-MPD<\/h3>\n<p data-start=\"1228\" data-end=\"1526\">Der rechtliche Status variiert je nach Land. Wer \u00fcberlegt, wo kann man 4-MPD kaufen, sollte sich im Vorfeld \u00fcber die lokale Gesetzeslage informieren. In manchen Regionen f\u00e4llt 4-MPD bereits unter regulatorische Beschr\u00e4nkungen, in anderen L\u00e4ndern befindet es sich noch in einer rechtlichen Grauzone.<\/p>\n<h3 data-start=\"1533\" data-end=\"1564\">Pourquoi acheter 4-MPD en ligne ?<\/h3>\n<p data-start=\"1565\" data-end=\"1655\">Immer mehr K\u00e4ufer entscheiden sich, 4-MPD online kaufen, da es mehrere Vorteile bietet:<\/p>\n<ul data-start=\"1657\" data-end=\"1957\">\n<li data-start=\"1657\" data-end=\"1747\">\n<p data-start=\"1659\" data-end=\"1747\">Bequemlichkeit: Online-Shops erm\u00f6glichen es, direkt von zu Hause aus zu bestellen.<\/p>\n<\/li>\n<li data-start=\"1748\" data-end=\"1863\">\n<p data-start=\"1750\" data-end=\"1863\">Comparaison de prix : les chercheurs peuvent comparer diff\u00e9rents fournisseurs pour trouver le meilleur prix 4-MPD.<\/p>\n<\/li>\n<li data-start=\"1864\" data-end=\"1957\">\n<p data-start=\"1866\" data-end=\"1957\">Gamme de produits : Les fournisseurs proposent diff\u00e9rentes tailles d\u2019emballage et niveaux de puret\u00e9.<\/p>\n<\/li>\n<\/ul>\n<p data-start=\"1959\" data-end=\"2083\">Cependant, la prudence est de mise : les produits de qualit\u00e9 inf\u00e9rieure ou les contrefa\u00e7ons provenant de sources non certifi\u00e9es constituent un risque.<\/p>\n<h3 data-start=\"2090\" data-end=\"2134\">Comment trouver un fournisseur r\u00e9put\u00e9 ?<\/h3>\n<p data-start=\"2135\" data-end=\"2199\">Ein vertrauensw\u00fcrdiger Anbieter f\u00fcr 4-MPD zu verkaufen sollte:<\/p>\n<ul data-start=\"2200\" data-end=\"2350\">\n<li data-start=\"2200\" data-end=\"2252\">\n<p data-start=\"2202\" data-end=\"2252\">fournir des informations transparentes sur les produits,<\/p>\n<\/li>\n<li data-start=\"2253\" data-end=\"2309\">\n<p data-start=\"2255\" data-end=\"2309\">fournir des informations transparentes sur les produits,<\/p>\n<\/li>\n<li data-start=\"2310\" data-end=\"2350\">\n<p data-start=\"2312\" data-end=\"2350\">avoir des avis clients r\u00e9put\u00e9s.<\/p>\n<\/li>\n<\/ul>\n<p data-start=\"2352\" data-end=\"2432\">Des prix irr\u00e9alistes sont souvent le signe d\u2019une mauvaise qualit\u00e9.<\/p>\n<h3 data-start=\"2439\" data-end=\"2475\">Ordonnance 4-MPD \u2013 Informations importantes<\/h3>\n<p data-start=\"2476\" data-end=\"2694\">Wer Bestellung 4-MPD m\u00f6chte, sollte ausschlie\u00dflich bei etablierten, gepr\u00fcften H\u00e4ndlern kaufen. Das best place to buy 4-MPD online ist ein Anbieter, der gepr\u00fcfte Reinheit, Dokumentation und sicheren Versand bietet.<\/p>\n<h3 data-start=\"2701\" data-end=\"2762\">Fazit \u2013 4-MPD online kaufen von einer zuverl\u00e4ssigen Forschungsquelle<\/h3>\n<p data-start=\"2763\" data-end=\"3077\">4-MPD online kaufen kann f\u00fcr Forschungszwecke interessant sein, sofern man ausschlie\u00dflich bei seri\u00f6sen Anbietern bestellt.<br data-start=\"2886\" data-end=\"2889\" \/>Ob Sie auf der Suche nach einem g\u00fcnstigen 4-MPD-Preis sind oder die h\u00f6chste Reinheit bevorzugen \u2013 ein zertifizierter H\u00e4ndler mit 4-MPD for sale sorgt f\u00fcr Qualit\u00e4t und Sicherheit.<\/p>\n<p data-start=\"3079\" data-end=\"3311\">Wenn Sie sich fragen, wo kann man 4-MPD kaufen, achten Sie darauf, dass Ihr Anbieter vollst\u00e4ndige Analysedaten und rechtlich konformen Versand anbietet. Nur so sichern Sie sich eine zuverl\u00e4ssige und legale Quelle f\u00fcr Ihre Forschung.<\/p>","protected":false},"excerpt":{"rendered":"<p><strong>4-MPD<\/strong>\u00e9galement connu sous le nom de <strong>4-Methylpentedron<\/strong>, ist eine Forschungschemikalie aus der Cathinon-Familie, die f\u00fcr wissenschaftliche Studien und chemische Analysen genutzt wird. Dank ihrer hohen Reinheit und chemischen Stabilit\u00e4t ist 4-MPD eine bevorzugte Wahl f\u00fcr Labore und Forscher.<\/p>\n<h3><strong>Eigenschaften von 4-MPD:<\/strong><\/h3>\n<ul>\n<li><strong>Formule chimique<\/strong>C12H17NO<\/li>\n<li><strong>Poids mol\u00e9culaire<\/strong>191,27 g\/mol<\/li>\n<li><strong>Puret\u00e9<\/strong>: Garantiert 99% f\u00fcr pr\u00e4zise und zuverl\u00e4ssige Ergebnisse.<\/li>\n<li><strong>Apparence<\/strong>: Wei\u00dfes, kristallines Pulver, ideal f\u00fcr Laborstudien.<\/li>\n<\/ul>\n<h3><strong>Domaines d'application :<\/strong><\/h3>\n<ol>\n<li><strong>Recherche en neurosciences<\/strong>: Untersuchung von Neurotransmitter-Mechanismen und Rezeptorbindungen.<\/li>\n<li><strong>\u00c9tudes pharmacologiques<\/strong>: analyse des relations structure-activit\u00e9 (SAR) et des applications th\u00e9rapeutiques potentielles.<\/li>\n<li><strong>Exp\u00e9riences de chimie<\/strong>: Entwicklung neuer chemischer Verbindungen und Substanzen.<\/li>\n<\/ol>\n<h3><strong>Warum 4-MPD kaufen?<\/strong><\/h3>\n<ul>\n<li><strong>La plus haute qualit\u00e9<\/strong>: Entwickelt f\u00fcr zuverl\u00e4ssige und pr\u00e4zise Forschungsergebnisse.<\/li>\n<li><strong>Envoi discret<\/strong>: Sicher und anonym direkt an Ihre Adresse geliefert.<\/li>\n<li><strong>Vielseitige Einsatzm\u00f6glichkeiten<\/strong>: Geeignet f\u00fcr zahlreiche wissenschaftliche Projekte.<\/li>\n<\/ul>","protected":false},"featured_media":1062,"comment_status":"open","ping_status":"closed","template":"","meta":{"_joinchat":[]},"product_brand":[],"product_cat":[48],"product_tag":[2442,2448,2447,2443,2449,2446,2444,2445,2450,2182],"class_list":{"0":"post-1061","1":"product","2":"type-product","3":"status-publish","4":"has-post-thumbnail","6":"product_cat-stimulants","7":"product_tag-4-mpd","8":"product_tag-4-mpd-chemikalien","9":"product_tag-4-mpd-forschung","10":"product_tag-4-mpd-kaufen","11":"product_tag-4-mpd-kaufen-online","12":"product_tag-4-mpd-kristalle","13":"product_tag-4-mpd-online","14":"product_tag-4-mpd-pulver","15":"product_tag-forschung-4-mpd","16":"product_tag-synthetische-chemikalien","18":"first","19":"instock","20":"shipping-taxable","21":"purchasable","22":"product-type-variable"},"yoast_head":"<!-- This site is optimized with the Yoast SEO plugin v26.1.1 - https:\/\/yoast.com\/wordpress\/plugins\/seo\/ -->\n<title>4-MPD online kaufen \u2013 4-MPD zu verkaufen | chemgramx<\/title>\n<meta name=\"description\" content=\"Ihre Anforderung, 4-mpd online zu kaufen, kann in unserem Chemgramx-Onlineshop erf\u00fcllt werden, da wir hier 4-mpd zum Verkauf anbieten. Geben Sie Ihre Bestellung auf und erhalten Sie jeden Tag g\u00fcnstige Angebote.\" \/>\n<meta name=\"robots\" content=\"index, follow, max-snippet:-1, max-image-preview:large, max-video-preview:-1\" \/>\n<link rel=\"canonical\" href=\"https:\/\/chemgramx.com\/fr\/produit\/4-mpd\/\" \/>\n<meta property=\"og:locale\" content=\"fr_FR\" \/>\n<meta property=\"og:type\" content=\"article\" \/>\n<meta property=\"og:title\" content=\"4-MPD online kaufen \u2013 4-MPD zu verkaufen | chemgramx\" \/>\n<meta property=\"og:description\" content=\"Ihre Anforderung, 4-mpd online zu kaufen, kann in unserem Chemgramx-Onlineshop erf\u00fcllt werden, da wir hier 4-mpd zum Verkauf anbieten. Geben Sie Ihre Bestellung auf und erhalten Sie jeden Tag g\u00fcnstige Angebote.\" \/>\n<meta property=\"og:url\" content=\"https:\/\/chemgramx.com\/fr\/produit\/4-mpd\/\" \/>\n<meta property=\"og:site_name\" content=\"Chemgramx\" \/>\n<meta property=\"article:modified_time\" content=\"2025-10-15T09:06:15+00:00\" \/>\n<meta property=\"og:image\" content=\"https:\/\/chemgramx.com\/wp-content\/uploads\/2024\/12\/4-mpd.png\" \/>\n\t<meta property=\"og:image:width\" content=\"600\" \/>\n\t<meta property=\"og:image:height\" content=\"400\" \/>\n\t<meta property=\"og:image:type\" content=\"image\/png\" \/>\n<meta name=\"twitter:card\" content=\"summary_large_image\" \/>\n<meta name=\"twitter:label1\" content=\"Dur\u00e9e de lecture estim\u00e9e\" \/>\n\t<meta name=\"twitter:data1\" content=\"2 minutes\" \/>\n<script type=\"application\/ld+json\" class=\"yoast-schema-graph\">{\"@context\":\"https:\/\/schema.org\",\"@graph\":[{\"@type\":\"WebPage\",\"@id\":\"https:\/\/chemgramx.com\/product\/4-mpd\/\",\"url\":\"https:\/\/chemgramx.com\/product\/4-mpd\/\",\"name\":\"4-MPD online kaufen \u2013 4-MPD zu verkaufen | chemgramx\",\"isPartOf\":{\"@id\":\"https:\/\/chemgramx.com\/#website\"},\"primaryImageOfPage\":{\"@id\":\"https:\/\/chemgramx.com\/product\/4-mpd\/#primaryimage\"},\"image\":{\"@id\":\"https:\/\/chemgramx.com\/product\/4-mpd\/#primaryimage\"},\"thumbnailUrl\":\"https:\/\/chemgramx.com\/wp-content\/uploads\/2024\/12\/4-mpd.png\",\"datePublished\":\"2024-12-08T09:21:08+00:00\",\"dateModified\":\"2025-10-15T09:06:15+00:00\",\"description\":\"Ihre Anforderung, 4-mpd online zu kaufen, kann in unserem Chemgramx-Onlineshop erf\u00fcllt werden, da wir hier 4-mpd zum Verkauf anbieten. Geben Sie Ihre Bestellung auf und erhalten Sie jeden Tag g\u00fcnstige Angebote.\",\"breadcrumb\":{\"@id\":\"https:\/\/chemgramx.com\/product\/4-mpd\/#breadcrumb\"},\"inLanguage\":\"fr-FR\",\"potentialAction\":[{\"@type\":\"ReadAction\",\"target\":[\"https:\/\/chemgramx.com\/product\/4-mpd\/\"]}]},{\"@type\":\"ImageObject\",\"inLanguage\":\"fr-FR\",\"@id\":\"https:\/\/chemgramx.com\/product\/4-mpd\/#primaryimage\",\"url\":\"https:\/\/chemgramx.com\/wp-content\/uploads\/2024\/12\/4-mpd.png\",\"contentUrl\":\"https:\/\/chemgramx.com\/wp-content\/uploads\/2024\/12\/4-mpd.png\",\"width\":600,\"height\":400,\"caption\":\"4-MPD online kaufen\"},{\"@type\":\"BreadcrumbList\",\"@id\":\"https:\/\/chemgramx.com\/product\/4-mpd\/#breadcrumb\",\"itemListElement\":[{\"@type\":\"ListItem\",\"position\":1,\"name\":\"Home\",\"item\":\"https:\/\/chemgramx.com\/\"},{\"@type\":\"ListItem\",\"position\":2,\"name\":\"Shop\",\"item\":\"https:\/\/chemgramx.com\/shop\/\"},{\"@type\":\"ListItem\",\"position\":3,\"name\":\"4-MPD online kaufen\"}]},{\"@type\":\"WebSite\",\"@id\":\"https:\/\/chemgramx.com\/#website\",\"url\":\"https:\/\/chemgramx.com\/\",\"name\":\"Chemgramx\",\"description\":\"\",\"publisher\":{\"@id\":\"https:\/\/chemgramx.com\/#organization\"},\"potentialAction\":[{\"@type\":\"SearchAction\",\"target\":{\"@type\":\"EntryPoint\",\"urlTemplate\":\"https:\/\/chemgramx.com\/?s={search_term_string}\"},\"query-input\":{\"@type\":\"PropertyValueSpecification\",\"valueRequired\":true,\"valueName\":\"search_term_string\"}}],\"inLanguage\":\"fr-FR\"},{\"@type\":\"Organization\",\"@id\":\"https:\/\/chemgramx.com\/#organization\",\"name\":\"Chemgramx\",\"url\":\"https:\/\/chemgramx.com\/\",\"logo\":{\"@type\":\"ImageObject\",\"inLanguage\":\"fr-FR\",\"@id\":\"https:\/\/chemgramx.com\/#\/schema\/logo\/image\/\",\"url\":\"https:\/\/chemgramx.com\/wp-content\/uploads\/2024\/10\/final-logo.png\",\"contentUrl\":\"https:\/\/chemgramx.com\/wp-content\/uploads\/2024\/10\/final-logo.png\",\"width\":250,\"height\":48,\"caption\":\"Chemgramx\"},\"image\":{\"@id\":\"https:\/\/chemgramx.com\/#\/schema\/logo\/image\/\"}}]}<\/script>\n<!-- \/ Yoast SEO plugin. -->","yoast_head_json":{"title":"4-MPD online kaufen \u2013 4-MPD zu verkaufen | chemgramx","description":"Ihre Anforderung, 4-mpd online zu kaufen, kann in unserem Chemgramx-Onlineshop erf\u00fcllt werden, da wir hier 4-mpd zum Verkauf anbieten. Geben Sie Ihre Bestellung auf und erhalten Sie jeden Tag g\u00fcnstige Angebote.","robots":{"index":"index","follow":"follow","max-snippet":"max-snippet:-1","max-image-preview":"max-image-preview:large","max-video-preview":"max-video-preview:-1"},"canonical":"https:\/\/chemgramx.com\/fr\/produit\/4-mpd\/","og_locale":"fr_FR","og_type":"article","og_title":"4-MPD online kaufen \u2013 4-MPD zu verkaufen | chemgramx","og_description":"Ihre Anforderung, 4-mpd online zu kaufen, kann in unserem Chemgramx-Onlineshop erf\u00fcllt werden, da wir hier 4-mpd zum Verkauf anbieten. Geben Sie Ihre Bestellung auf und erhalten Sie jeden Tag g\u00fcnstige Angebote.","og_url":"https:\/\/chemgramx.com\/fr\/produit\/4-mpd\/","og_site_name":"Chemgramx","article_modified_time":"2025-10-15T09:06:15+00:00","og_image":[{"width":600,"height":400,"url":"https:\/\/chemgramx.com\/wp-content\/uploads\/2024\/12\/4-mpd.png","type":"image\/png"}],"twitter_card":"summary_large_image","twitter_misc":{"Dur\u00e9e de lecture estim\u00e9e":"2 minutes"},"schema":{"@context":"https:\/\/schema.org","@graph":[{"@type":"WebPage","@id":"https:\/\/chemgramx.com\/product\/4-mpd\/","url":"https:\/\/chemgramx.com\/product\/4-mpd\/","name":"4-MPD online kaufen \u2013 4-MPD zu verkaufen | chemgramx","isPartOf":{"@id":"https:\/\/chemgramx.com\/#website"},"primaryImageOfPage":{"@id":"https:\/\/chemgramx.com\/product\/4-mpd\/#primaryimage"},"image":{"@id":"https:\/\/chemgramx.com\/product\/4-mpd\/#primaryimage"},"thumbnailUrl":"https:\/\/chemgramx.com\/wp-content\/uploads\/2024\/12\/4-mpd.png","datePublished":"2024-12-08T09:21:08+00:00","dateModified":"2025-10-15T09:06:15+00:00","description":"Ihre Anforderung, 4-mpd online zu kaufen, kann in unserem Chemgramx-Onlineshop erf\u00fcllt werden, da wir hier 4-mpd zum Verkauf anbieten. Geben Sie Ihre Bestellung auf und erhalten Sie jeden Tag g\u00fcnstige Angebote.","breadcrumb":{"@id":"https:\/\/chemgramx.com\/product\/4-mpd\/#breadcrumb"},"inLanguage":"fr-FR","potentialAction":[{"@type":"ReadAction","target":["https:\/\/chemgramx.com\/product\/4-mpd\/"]}]},{"@type":"ImageObject","inLanguage":"fr-FR","@id":"https:\/\/chemgramx.com\/product\/4-mpd\/#primaryimage","url":"https:\/\/chemgramx.com\/wp-content\/uploads\/2024\/12\/4-mpd.png","contentUrl":"https:\/\/chemgramx.com\/wp-content\/uploads\/2024\/12\/4-mpd.png","width":600,"height":400,"caption":"4-MPD online kaufen"},{"@type":"BreadcrumbList","@id":"https:\/\/chemgramx.com\/product\/4-mpd\/#breadcrumb","itemListElement":[{"@type":"ListItem","position":1,"name":"Home","item":"https:\/\/chemgramx.com\/"},{"@type":"ListItem","position":2,"name":"Shop","item":"https:\/\/chemgramx.com\/shop\/"},{"@type":"ListItem","position":3,"name":"4-MPD online kaufen"}]},{"@type":"WebSite","@id":"https:\/\/chemgramx.com\/#website","url":"https:\/\/chemgramx.com\/","name":"Chemgramx","description":"","publisher":{"@id":"https:\/\/chemgramx.com\/#organization"},"potentialAction":[{"@type":"SearchAction","target":{"@type":"EntryPoint","urlTemplate":"https:\/\/chemgramx.com\/?s={search_term_string}"},"query-input":{"@type":"PropertyValueSpecification","valueRequired":true,"valueName":"search_term_string"}}],"inLanguage":"fr-FR"},{"@type":"Organization","@id":"https:\/\/chemgramx.com\/#organization","name":"Chemgramx","url":"https:\/\/chemgramx.com\/","logo":{"@type":"ImageObject","inLanguage":"fr-FR","@id":"https:\/\/chemgramx.com\/#\/schema\/logo\/image\/","url":"https:\/\/chemgramx.com\/wp-content\/uploads\/2024\/10\/final-logo.png","contentUrl":"https:\/\/chemgramx.com\/wp-content\/uploads\/2024\/10\/final-logo.png","width":250,"height":48,"caption":"Chemgramx"},"image":{"@id":"https:\/\/chemgramx.com\/#\/schema\/logo\/image\/"}}]}},"_links":{"self":[{"href":"https:\/\/chemgramx.com\/fr\/wp-json\/wp\/v2\/product\/1061","targetHints":{"allow":["GET"]}}],"collection":[{"href":"https:\/\/chemgramx.com\/fr\/wp-json\/wp\/v2\/product"}],"about":[{"href":"https:\/\/chemgramx.com\/fr\/wp-json\/wp\/v2\/types\/product"}],"replies":[{"embeddable":true,"href":"https:\/\/chemgramx.com\/fr\/wp-json\/wp\/v2\/comments?post=1061"}],"wp:featuredmedia":[{"embeddable":true,"href":"https:\/\/chemgramx.com\/fr\/wp-json\/wp\/v2\/media\/1062"}],"wp:attachment":[{"href":"https:\/\/chemgramx.com\/fr\/wp-json\/wp\/v2\/media?parent=1061"}],"wp:term":[{"taxonomy":"product_brand","embeddable":true,"href":"https:\/\/chemgramx.com\/fr\/wp-json\/wp\/v2\/product_brand?post=1061"},{"taxonomy":"product_cat","embeddable":true,"href":"https:\/\/chemgramx.com\/fr\/wp-json\/wp\/v2\/product_cat?post=1061"},{"taxonomy":"product_tag","embeddable":true,"href":"https:\/\/chemgramx.com\/fr\/wp-json\/wp\/v2\/product_tag?post=1061"}],"curies":[{"name":"wp","href":"https:\/\/api.w.org\/{rel}","templated":true}]}}