{"id":1063,"date":"2024-12-08T09:36:21","date_gmt":"2024-12-08T09:36:21","guid":{"rendered":"https:\/\/chemgramx.com\/?post_type=product&#038;p=1063"},"modified":"2025-10-15T10:23:32","modified_gmt":"2025-10-15T10:23:32","slug":"5f-adb-pinaca","status":"publish","type":"product","link":"https:\/\/chemgramx.com\/fr\/produit\/5f-adb-pinaca\/","title":{"rendered":"5F-ADB-PINACA acheter en ligne"},"content":{"rendered":"<h2 data-start=\"148\" data-end=\"215\"><strong data-start=\"151\" data-end=\"215\">Achetez du 5F-ADB-PINACA en ligne \u2013 Produit chimique de recherche de haute puret\u00e9<\/strong><\/h2>\n<p data-start=\"250\" data-end=\"479\">Achetez du 5F-ADB-PINACA en ligne \u2013 Produit chimique de recherche de haute puret\u00e9<\/p>\n<p data-start=\"481\" data-end=\"825\">Si vous \u00eates un laboratoire ou un institut de recherche <a href=\"https:\/\/chemgramx.com\/fr\/produit\/5f-adb-pinaca\/\">5F-ADB-PINACA acheter en ligne<\/a> m\u00f6chten, bieten wir Ihnen ein Produkt, das speziell f\u00fcr wissenschaftliche Zwecke in kontrollierten Umgebungen hergestellt wurde. Dieses Produkt ist nicht f\u00fcr den menschlichen oder tierischen Verzehr geeignet und ausschlie\u00dflich f\u00fcr Forschungs- und Analysezwecke bestimmt.<\/p>\n<h3 data-start=\"827\" data-end=\"846\">Caract\u00e9ristiques principales<\/h3>\n<ul data-start=\"847\" data-end=\"1256\">\n<li data-start=\"847\" data-end=\"918\">\n<p data-start=\"849\" data-end=\"918\">Puret\u00e9 : \u2265 98 % (test\u00e9 en laboratoire par des analystes ind\u00e9pendants)<\/p>\n<\/li>\n<li data-start=\"919\" data-end=\"992\">\n<p data-start=\"921\" data-end=\"992\">Lots test\u00e9s : Chaque lot est v\u00e9rifi\u00e9 par HPLC et GC-MS<\/p>\n<\/li>\n<li data-start=\"993\" data-end=\"1091\">\n<p data-start=\"995\" data-end=\"1091\">Qualit\u00e9 certifi\u00e9e : Fourni avec COA (Certificat d'analyse) et MSDS (Fiche de donn\u00e9es de s\u00e9curit\u00e9)<\/p>\n<\/li>\n<li data-start=\"1092\" data-end=\"1146\">\n<p data-start=\"1094\" data-end=\"1146\">Emballage s\u00e9curis\u00e9 : herm\u00e9tique, scell\u00e9, discret<\/p>\n<\/li>\n<li data-start=\"1147\" data-end=\"1256\">\n<p data-start=\"1149\" data-end=\"1256\">Exp\u00e9dition internationale : Livraison dans les pays avec enregistrement l\u00e9gal, y compris la documentation compl\u00e8te<\/p>\n<\/li>\n<\/ul>\n<h3 data-start=\"1258\" data-end=\"1279\">Caract\u00e9ristiques<\/h3>\n<ul data-start=\"1280\" data-end=\"1560\">\n<li data-start=\"1280\" data-end=\"1378\">\n<p data-start=\"1282\" data-end=\"1378\">Nom IUPAC\u00a0: N-(1-amino-3,3-dim\u00e9thyl-1-oxobutan-2-yl)-1-(5-fluorpentyl)-1H-indazol-3-carboxamide<\/p>\n<\/li>\n<li data-start=\"1379\" data-end=\"1408\">\n<p data-start=\"1381\" data-end=\"1408\">Formule d'\u00e9t\u00e9\u00a0: C\u2081\u2089H\u2082\u2086FN\u2083O\u2083<\/p>\n<\/li>\n<li data-start=\"1409\" data-end=\"1447\">\n<p data-start=\"1411\" data-end=\"1447\">Num\u00e9ro CAS : [\u00c0 saisir si n\u00e9cessaire]<\/p>\n<\/li>\n<li data-start=\"1448\" data-end=\"1511\">\n<p data-start=\"1450\" data-end=\"1511\">Aspect : Poudre cristalline blanche \u00e0 jaun\u00e2tre<\/p>\n<\/li>\n<li data-start=\"1512\" data-end=\"1560\">\n<p data-start=\"1514\" data-end=\"1560\">Conservation : \u00c0 conserver dans un endroit frais et sec \u00e0 -20 \u00b0C<\/p>\n<\/li>\n<\/ul>\n<h3 data-start=\"1562\" data-end=\"1583\">Conditions d'utilisation<\/h3>\n<p data-start=\"1584\" data-end=\"1897\">Ce produit est destin\u00e9 \u00e0 la recherche uniquement. Il n'est pas approuv\u00e9 pour la consommation humaine, ni pour un usage m\u00e9dical ou v\u00e9t\u00e9rinaire. En achetant ce produit, le client s'engage \u00e0 l'utiliser exclusivement dans un laboratoire professionnel, conform\u00e9ment \u00e0 la l\u00e9gislation en vigueur.<\/p>\n<h3 data-start=\"1904\" data-end=\"1968\">Acheter du 5F-ADB-PINACA en ligne\u00a0: points \u00e0 surveiller<\/h3>\n<p data-start=\"1969\" data-end=\"2134\">Si vous <a href=\"https:\/\/en.wikipedia.org\/wiki\/5F-ADB-PINACA\">5F-ADB-PINACA<\/a>Assurez-vous de v\u00e9rifier la cr\u00e9dibilit\u00e9 du fournisseur. \u00c9vitez les plateformes douteuses ou les revendeurs sans r\u00e9f\u00e9rences valides.<\/p>\n<p data-start=\"2136\" data-end=\"2178\">Un fournisseur digne de confiance offre :<\/p>\n<ul data-start=\"2179\" data-end=\"2347\">\n<li data-start=\"2179\" data-end=\"2234\">\n<p data-start=\"2181\" data-end=\"2234\">\u00c9tiquetage clair \u00ab \u00c0 des fins de recherche uniquement \u00bb<\/p>\n<\/li>\n<li data-start=\"2235\" data-end=\"2291\">\n<p data-start=\"2237\" data-end=\"2291\">Certificats d'analyse (COA) et fiches de donn\u00e9es de s\u00e9curit\u00e9<\/p>\n<\/li>\n<li data-start=\"2292\" data-end=\"2347\">\n<p data-start=\"2294\" data-end=\"2347\">Exp\u00e9dition discr\u00e8te, conforme et tra\u00e7able<\/p>\n<\/li>\n<\/ul>\n<p data-start=\"2349\" data-end=\"2660\">Notre laboratoire propose uniquement des produits de qualit\u00e9 scientifique, \u00e0 ne pas confondre avec des substances ill\u00e9gales ou contamin\u00e9es. Que vous recherchiez du 5F-ADB-PINACA \u00e0 un prix raisonnable ou le meilleur endroit pour en acheter en ligne, la qualit\u00e9 et la puret\u00e9 sont notre priorit\u00e9 absolue.<\/p>\n<h3 data-start=\"2667\" data-end=\"2706\">Fazit \u2013 5F-ADB-PINACA zu verkaufen<\/h3>\n<p data-start=\"2707\" data-end=\"2895\">5F-ADB-PINACA online kaufen nur von einem seri\u00f6sen, zertifizierten H\u00e4ndler. Dieses synthetische Cannabinoid ist ein wichtiges Werkzeug in der modernen Cannabinoidforschung und Forensik.<\/p>\n<p data-start=\"2897\" data-end=\"3143\">Ob Sie nach einem attraktiven 5F-ADB-PINACA price oder einer sicheren Quelle suchen \u2013 mit einem Anbieter, der 5F-ADB-PINACA zu verkaufen anbietet, sichern Sie nicht nur die Qualit\u00e4t Ihrer Forschung, sondern auch Ihre rechtliche Absicherung.<\/p>\n<p data-start=\"3145\" data-end=\"3358\">Wenn Sie sich fragen, wo kann man 5F-ADB-PINACA kaufen, achten Sie auf gepr\u00fcfte Labore und vollst\u00e4ndige Dokumentation. So erhalten Sie die beste Kombination aus Reinheit, Sicherheit und Preis-Leistungs-Verh\u00e4ltnis.<\/p>","protected":false},"excerpt":{"rendered":"<p><strong>5F-ADB-PINACA<\/strong> est un compos\u00e9 chimique synth\u00e9tique sp\u00e9cialement con\u00e7u pour la recherche scientifique et en laboratoire. D'une puret\u00e9 et d'une stabilit\u00e9 exceptionnelles, il est id\u00e9al pour des analyses pharmacologiques et chimiques pr\u00e9cises. Chaque lot est soigneusement test\u00e9 afin de garantir les normes de qualit\u00e9 les plus \u00e9lev\u00e9es. Ce produit est exclusivement destin\u00e9 \u00e0 la recherche et ne convient pas \u00e0 la consommation humaine.<\/p>","protected":false},"featured_media":1064,"comment_status":"open","ping_status":"closed","template":"","meta":{"_joinchat":[]},"product_brand":[],"product_cat":[47,1797],"product_tag":[2433,2439,2438,2434,2440,2437,2435,2436,2441,2182],"class_list":{"0":"post-1063","1":"product","2":"type-product","3":"status-publish","4":"has-post-thumbnail","6":"product_cat-cannabinoids","7":"product_cat-kanabinoidy","8":"product_tag-5f-adb-pinaca","9":"product_tag-5f-adb-pinaca-chemikalien","10":"product_tag-5f-adb-pinaca-forschung","11":"product_tag-5f-adb-pinaca-kaufen","12":"product_tag-5f-adb-pinaca-kaufen-online","13":"product_tag-5f-adb-pinaca-kristalle","14":"product_tag-5f-adb-pinaca-online","15":"product_tag-5f-adb-pinaca-pulver","16":"product_tag-forschung-5f-adb-pinaca","17":"product_tag-synthetische-chemikalien","19":"first","20":"instock","21":"shipping-taxable","22":"purchasable","23":"product-type-variable"},"yoast_head":"<!-- This site is optimized with the Yoast SEO plugin v26.1.1 - https:\/\/yoast.com\/wordpress\/plugins\/seo\/ -->\n<title>5F-ADB-PINACA online kaufen \u2013 5F-ADB-PINACA zu verkaufen<\/title>\n<meta name=\"description\" content=\"Wenn Sie 5f-adb-pinaca kaufen m\u00f6chten, sind wir die richtige Wahl f\u00fcr Sie. Unsere Mitarbeiter helfen Ihnen, 5f-adb-pinaca g\u00fcnstig online zu kaufen. Bestellen Sie bei uns!\" \/>\n<meta name=\"robots\" content=\"index, follow, max-snippet:-1, max-image-preview:large, max-video-preview:-1\" \/>\n<link rel=\"canonical\" href=\"https:\/\/chemgramx.com\/fr\/produit\/5f-adb-pinaca\/\" \/>\n<meta property=\"og:locale\" content=\"fr_FR\" \/>\n<meta property=\"og:type\" content=\"article\" \/>\n<meta property=\"og:title\" content=\"5F-ADB-PINACA online kaufen \u2013 5F-ADB-PINACA zu verkaufen\" \/>\n<meta property=\"og:description\" content=\"Wenn Sie 5f-adb-pinaca kaufen m\u00f6chten, sind wir die richtige Wahl f\u00fcr Sie. Unsere Mitarbeiter helfen Ihnen, 5f-adb-pinaca g\u00fcnstig online zu kaufen. Bestellen Sie bei uns!\" \/>\n<meta property=\"og:url\" content=\"https:\/\/chemgramx.com\/fr\/produit\/5f-adb-pinaca\/\" \/>\n<meta property=\"og:site_name\" content=\"Chemgramx\" \/>\n<meta property=\"article:modified_time\" content=\"2025-10-15T10:23:32+00:00\" \/>\n<meta property=\"og:image\" content=\"https:\/\/chemgramx.com\/wp-content\/uploads\/2024\/12\/adppinacca.png\" \/>\n\t<meta property=\"og:image:width\" content=\"600\" \/>\n\t<meta property=\"og:image:height\" content=\"400\" \/>\n\t<meta property=\"og:image:type\" content=\"image\/png\" \/>\n<meta name=\"twitter:card\" content=\"summary_large_image\" \/>\n<meta name=\"twitter:label1\" content=\"Dur\u00e9e de lecture estim\u00e9e\" \/>\n\t<meta name=\"twitter:data1\" content=\"2 minutes\" \/>\n<script type=\"application\/ld+json\" class=\"yoast-schema-graph\">{\"@context\":\"https:\/\/schema.org\",\"@graph\":[{\"@type\":\"WebPage\",\"@id\":\"https:\/\/chemgramx.com\/product\/5f-adb-pinaca\/\",\"url\":\"https:\/\/chemgramx.com\/product\/5f-adb-pinaca\/\",\"name\":\"5F-ADB-PINACA online kaufen \u2013 5F-ADB-PINACA zu verkaufen\",\"isPartOf\":{\"@id\":\"https:\/\/chemgramx.com\/#website\"},\"primaryImageOfPage\":{\"@id\":\"https:\/\/chemgramx.com\/product\/5f-adb-pinaca\/#primaryimage\"},\"image\":{\"@id\":\"https:\/\/chemgramx.com\/product\/5f-adb-pinaca\/#primaryimage\"},\"thumbnailUrl\":\"https:\/\/chemgramx.com\/wp-content\/uploads\/2024\/12\/adppinacca.png\",\"datePublished\":\"2024-12-08T09:36:21+00:00\",\"dateModified\":\"2025-10-15T10:23:32+00:00\",\"description\":\"Wenn Sie 5f-adb-pinaca kaufen m\u00f6chten, sind wir die richtige Wahl f\u00fcr Sie. Unsere Mitarbeiter helfen Ihnen, 5f-adb-pinaca g\u00fcnstig online zu kaufen. Bestellen Sie bei uns!\",\"breadcrumb\":{\"@id\":\"https:\/\/chemgramx.com\/product\/5f-adb-pinaca\/#breadcrumb\"},\"inLanguage\":\"fr-FR\",\"potentialAction\":[{\"@type\":\"ReadAction\",\"target\":[\"https:\/\/chemgramx.com\/product\/5f-adb-pinaca\/\"]}]},{\"@type\":\"ImageObject\",\"inLanguage\":\"fr-FR\",\"@id\":\"https:\/\/chemgramx.com\/product\/5f-adb-pinaca\/#primaryimage\",\"url\":\"https:\/\/chemgramx.com\/wp-content\/uploads\/2024\/12\/adppinacca.png\",\"contentUrl\":\"https:\/\/chemgramx.com\/wp-content\/uploads\/2024\/12\/adppinacca.png\",\"width\":600,\"height\":400,\"caption\":\"5F-ADB-PINACA online kaufen\"},{\"@type\":\"BreadcrumbList\",\"@id\":\"https:\/\/chemgramx.com\/product\/5f-adb-pinaca\/#breadcrumb\",\"itemListElement\":[{\"@type\":\"ListItem\",\"position\":1,\"name\":\"Home\",\"item\":\"https:\/\/chemgramx.com\/\"},{\"@type\":\"ListItem\",\"position\":2,\"name\":\"Shop\",\"item\":\"https:\/\/chemgramx.com\/shop\/\"},{\"@type\":\"ListItem\",\"position\":3,\"name\":\"5F-ADB-PINACA online kaufen\"}]},{\"@type\":\"WebSite\",\"@id\":\"https:\/\/chemgramx.com\/#website\",\"url\":\"https:\/\/chemgramx.com\/\",\"name\":\"Chemgramx\",\"description\":\"\",\"publisher\":{\"@id\":\"https:\/\/chemgramx.com\/#organization\"},\"potentialAction\":[{\"@type\":\"SearchAction\",\"target\":{\"@type\":\"EntryPoint\",\"urlTemplate\":\"https:\/\/chemgramx.com\/?s={search_term_string}\"},\"query-input\":{\"@type\":\"PropertyValueSpecification\",\"valueRequired\":true,\"valueName\":\"search_term_string\"}}],\"inLanguage\":\"fr-FR\"},{\"@type\":\"Organization\",\"@id\":\"https:\/\/chemgramx.com\/#organization\",\"name\":\"Chemgramx\",\"url\":\"https:\/\/chemgramx.com\/\",\"logo\":{\"@type\":\"ImageObject\",\"inLanguage\":\"fr-FR\",\"@id\":\"https:\/\/chemgramx.com\/#\/schema\/logo\/image\/\",\"url\":\"https:\/\/chemgramx.com\/wp-content\/uploads\/2024\/10\/final-logo.png\",\"contentUrl\":\"https:\/\/chemgramx.com\/wp-content\/uploads\/2024\/10\/final-logo.png\",\"width\":250,\"height\":48,\"caption\":\"Chemgramx\"},\"image\":{\"@id\":\"https:\/\/chemgramx.com\/#\/schema\/logo\/image\/\"}}]}<\/script>\n<!-- \/ Yoast SEO plugin. -->","yoast_head_json":{"title":"5F-ADB-PINACA online kaufen \u2013 5F-ADB-PINACA zu verkaufen","description":"Wenn Sie 5f-adb-pinaca kaufen m\u00f6chten, sind wir die richtige Wahl f\u00fcr Sie. Unsere Mitarbeiter helfen Ihnen, 5f-adb-pinaca g\u00fcnstig online zu kaufen. Bestellen Sie bei uns!","robots":{"index":"index","follow":"follow","max-snippet":"max-snippet:-1","max-image-preview":"max-image-preview:large","max-video-preview":"max-video-preview:-1"},"canonical":"https:\/\/chemgramx.com\/fr\/produit\/5f-adb-pinaca\/","og_locale":"fr_FR","og_type":"article","og_title":"5F-ADB-PINACA online kaufen \u2013 5F-ADB-PINACA zu verkaufen","og_description":"Wenn Sie 5f-adb-pinaca kaufen m\u00f6chten, sind wir die richtige Wahl f\u00fcr Sie. Unsere Mitarbeiter helfen Ihnen, 5f-adb-pinaca g\u00fcnstig online zu kaufen. Bestellen Sie bei uns!","og_url":"https:\/\/chemgramx.com\/fr\/produit\/5f-adb-pinaca\/","og_site_name":"Chemgramx","article_modified_time":"2025-10-15T10:23:32+00:00","og_image":[{"width":600,"height":400,"url":"https:\/\/chemgramx.com\/wp-content\/uploads\/2024\/12\/adppinacca.png","type":"image\/png"}],"twitter_card":"summary_large_image","twitter_misc":{"Dur\u00e9e de lecture estim\u00e9e":"2 minutes"},"schema":{"@context":"https:\/\/schema.org","@graph":[{"@type":"WebPage","@id":"https:\/\/chemgramx.com\/product\/5f-adb-pinaca\/","url":"https:\/\/chemgramx.com\/product\/5f-adb-pinaca\/","name":"5F-ADB-PINACA online kaufen \u2013 5F-ADB-PINACA zu verkaufen","isPartOf":{"@id":"https:\/\/chemgramx.com\/#website"},"primaryImageOfPage":{"@id":"https:\/\/chemgramx.com\/product\/5f-adb-pinaca\/#primaryimage"},"image":{"@id":"https:\/\/chemgramx.com\/product\/5f-adb-pinaca\/#primaryimage"},"thumbnailUrl":"https:\/\/chemgramx.com\/wp-content\/uploads\/2024\/12\/adppinacca.png","datePublished":"2024-12-08T09:36:21+00:00","dateModified":"2025-10-15T10:23:32+00:00","description":"Wenn Sie 5f-adb-pinaca kaufen m\u00f6chten, sind wir die richtige Wahl f\u00fcr Sie. Unsere Mitarbeiter helfen Ihnen, 5f-adb-pinaca g\u00fcnstig online zu kaufen. Bestellen Sie bei uns!","breadcrumb":{"@id":"https:\/\/chemgramx.com\/product\/5f-adb-pinaca\/#breadcrumb"},"inLanguage":"fr-FR","potentialAction":[{"@type":"ReadAction","target":["https:\/\/chemgramx.com\/product\/5f-adb-pinaca\/"]}]},{"@type":"ImageObject","inLanguage":"fr-FR","@id":"https:\/\/chemgramx.com\/product\/5f-adb-pinaca\/#primaryimage","url":"https:\/\/chemgramx.com\/wp-content\/uploads\/2024\/12\/adppinacca.png","contentUrl":"https:\/\/chemgramx.com\/wp-content\/uploads\/2024\/12\/adppinacca.png","width":600,"height":400,"caption":"5F-ADB-PINACA online kaufen"},{"@type":"BreadcrumbList","@id":"https:\/\/chemgramx.com\/product\/5f-adb-pinaca\/#breadcrumb","itemListElement":[{"@type":"ListItem","position":1,"name":"Home","item":"https:\/\/chemgramx.com\/"},{"@type":"ListItem","position":2,"name":"Shop","item":"https:\/\/chemgramx.com\/shop\/"},{"@type":"ListItem","position":3,"name":"5F-ADB-PINACA online kaufen"}]},{"@type":"WebSite","@id":"https:\/\/chemgramx.com\/#website","url":"https:\/\/chemgramx.com\/","name":"Chemgramx","description":"","publisher":{"@id":"https:\/\/chemgramx.com\/#organization"},"potentialAction":[{"@type":"SearchAction","target":{"@type":"EntryPoint","urlTemplate":"https:\/\/chemgramx.com\/?s={search_term_string}"},"query-input":{"@type":"PropertyValueSpecification","valueRequired":true,"valueName":"search_term_string"}}],"inLanguage":"fr-FR"},{"@type":"Organization","@id":"https:\/\/chemgramx.com\/#organization","name":"Chemgramx","url":"https:\/\/chemgramx.com\/","logo":{"@type":"ImageObject","inLanguage":"fr-FR","@id":"https:\/\/chemgramx.com\/#\/schema\/logo\/image\/","url":"https:\/\/chemgramx.com\/wp-content\/uploads\/2024\/10\/final-logo.png","contentUrl":"https:\/\/chemgramx.com\/wp-content\/uploads\/2024\/10\/final-logo.png","width":250,"height":48,"caption":"Chemgramx"},"image":{"@id":"https:\/\/chemgramx.com\/#\/schema\/logo\/image\/"}}]}},"_links":{"self":[{"href":"https:\/\/chemgramx.com\/fr\/wp-json\/wp\/v2\/product\/1063","targetHints":{"allow":["GET"]}}],"collection":[{"href":"https:\/\/chemgramx.com\/fr\/wp-json\/wp\/v2\/product"}],"about":[{"href":"https:\/\/chemgramx.com\/fr\/wp-json\/wp\/v2\/types\/product"}],"replies":[{"embeddable":true,"href":"https:\/\/chemgramx.com\/fr\/wp-json\/wp\/v2\/comments?post=1063"}],"wp:featuredmedia":[{"embeddable":true,"href":"https:\/\/chemgramx.com\/fr\/wp-json\/wp\/v2\/media\/1064"}],"wp:attachment":[{"href":"https:\/\/chemgramx.com\/fr\/wp-json\/wp\/v2\/media?parent=1063"}],"wp:term":[{"taxonomy":"product_brand","embeddable":true,"href":"https:\/\/chemgramx.com\/fr\/wp-json\/wp\/v2\/product_brand?post=1063"},{"taxonomy":"product_cat","embeddable":true,"href":"https:\/\/chemgramx.com\/fr\/wp-json\/wp\/v2\/product_cat?post=1063"},{"taxonomy":"product_tag","embeddable":true,"href":"https:\/\/chemgramx.com\/fr\/wp-json\/wp\/v2\/product_tag?post=1063"}],"curies":[{"name":"wp","href":"https:\/\/api.w.org\/{rel}","templated":true}]}}