{"id":1098,"date":"2024-12-08T13:41:14","date_gmt":"2024-12-08T13:41:14","guid":{"rendered":"https:\/\/chemgramx.com\/?post_type=product&#038;p=1098"},"modified":"2025-10-14T10:47:03","modified_gmt":"2025-10-14T10:47:03","slug":"2-mcf","status":"publish","type":"product","link":"https:\/\/chemgramx.com\/fr\/produit\/2-mcf\/","title":{"rendered":"Achetez 2-mcf en ligne"},"content":{"rendered":"<h2 data-start=\"237\" data-end=\"267\">Acheter 2-MCF en ligne<\/h2>\n<p data-start=\"295\" data-end=\"781\">Cada vez m\u00e1s investigadores est\u00e1n optando por <a href=\"https:\/\/chemgramx.com\/fr\/produit\/2-mcf\/\">Achetez du 2-MCF en ligne<\/a>, car elle offre \u00e0 la fois une qualit\u00e9 test\u00e9e et des conditions \u00e9quitables. Que vous cherchiez \u00e0 acheter du 2-MCF authentique ou contrefait, ou que vous vous demandiez o\u00f9 en acheter, des fournisseurs r\u00e9put\u00e9s garantissent que la substance est utilis\u00e9e exclusivement \u00e0 des fins scientifiques. De nombreux laboratoires consid\u00e8rent notre plateforme comme le meilleur endroit pour acheter du 2-MCF, car nous proposons une large s\u00e9lection de 2-MCF \u00e0 un prix \u00e9quitable.<\/p>\n<h3 data-start=\"788\" data-end=\"808\">Qu'est-ce que le 2-MCF ?<\/h3>\n<p data-start=\"809\" data-end=\"1117\">Le 2-MCF (fluorure de 2-m\u00e9thylm\u00e9thcathinone) est un d\u00e9riv\u00e9 de la cathinone aux propri\u00e9t\u00e9s stimulantes. Sa composition chimique est similaire \u00e0 celle d'autres substances connues du groupe des cathinones. Il est utilis\u00e9 en laboratoire pour des projets de recherche ax\u00e9s sur les m\u00e9canismes neurochimiques et les compos\u00e9s stimulants.<\/p>\n<p data-start=\"1119\" data-end=\"1372\">Les chercheurs qui commandent du 2-MCF, qu'il soit authentique ou falsifi\u00e9, ou qui ach\u00e8tent du 2-MCF en ligne b\u00e9n\u00e9ficient d'une qualit\u00e9 \u00e9prouv\u00e9e pour leurs projets d'analyse. Le 2-MCF, qu'il soit authentique ou falsifi\u00e9, est destin\u00e9 exclusivement \u00e0 la recherche et n'est pas autoris\u00e9 pour la consommation humaine.<\/p>\n<h3 data-start=\"1379\" data-end=\"1419\">Utilisations et effets courants<\/h3>\n<ul data-start=\"1420\" data-end=\"1526\">\n<li data-start=\"1420\" data-end=\"1452\">\n<p data-start=\"1422\" data-end=\"1452\">Projets de recherche<\/p>\n<\/li>\n<li data-start=\"1453\" data-end=\"1482\">\n<p data-start=\"1455\" data-end=\"1482\">An\u00e1lisis de la estructura molecular<\/p>\n<\/li>\n<li data-start=\"1483\" data-end=\"1526\">\n<p data-start=\"1485\" data-end=\"1526\">Experimentos de s\u00edntesis en entornos de laboratorio<\/p>\n<\/li>\n<\/ul>\n<p data-start=\"1528\" data-end=\"1684\">Les laboratoires qui ach\u00e8tent du 2-MCF bon march\u00e9 en ligne b\u00e9n\u00e9ficient particuli\u00e8rement de la puret\u00e9 et de la stabilit\u00e9, essentielles pour des r\u00e9sultats de recherche reproductibles.<\/p>\n<h3 data-start=\"1691\" data-end=\"1715\">Statut juridique<\/h3>\n<p data-start=\"1716\" data-end=\"1976\">La l\u00e9gislation sur la vente du 2-MCF varie selon les pays. Dans certaines r\u00e9gions, son achat est l\u00e9gal, tandis que dans d'autres, il peut \u00eatre restreint par la l\u00e9gislation sur les produits analogues. V\u00e9rifiez la l\u00e9gislation avant d'acheter du 2-MCF en ligne.<\/p>\n<h3 data-start=\"1983\" data-end=\"2015\">Pourquoi acheter du 2-MCF en ligne ?<\/h3>\n<p data-start=\"2016\" data-end=\"2105\">Muchos cient\u00edficos prefieren comprar 2-MCF en l\u00ednea porque ofrece ventajas como:<\/p>\n<ul data-start=\"2106\" data-end=\"2309\">\n<li data-start=\"2106\" data-end=\"2173\">\n<p data-start=\"2108\" data-end=\"2173\">Precio atractivo del 2-MCF en comparaci\u00f3n con las fuentes estacionarias<\/p>\n<\/li>\n<li data-start=\"2174\" data-end=\"2215\">\n<p data-start=\"2176\" data-end=\"2215\">Livraison s\u00fbre et discr\u00e8te<\/p>\n<\/li>\n<li data-start=\"2216\" data-end=\"2269\">\n<p data-start=\"2218\" data-end=\"2269\">Amplia selecci\u00f3n de cantidades y niveles de pureza.<\/p>\n<\/li>\n<li data-start=\"2270\" data-end=\"2309\">\n<p data-start=\"2272\" data-end=\"2309\">Procesos de pedido c\u00f3modos y seguros<\/p>\n<\/li>\n<\/ul>\n<p data-start=\"2311\" data-end=\"2401\">Esto hace que las tiendas en l\u00ednea sean el mejor lugar para comprar 2-MCF para instituciones de investigaci\u00f3n.<\/p>\n<h3 data-start=\"2408\" data-end=\"2443\">Acc\u00e8s et choix<\/h3>\n<p data-start=\"2444\" data-end=\"2664\">Si vous souhaitez acheter du 2-MCF, authentique ou contrefait, vous trouverez en ligne un large choix de formats d'emballage, allant des petits \u00e9chantillons aux grandes quantit\u00e9s. Les fournisseurs proposent \u00e9galement des modes de paiement flexibles et une livraison discr\u00e8te.<\/p>\n<h3 data-start=\"2671\" data-end=\"2695\">Livraison discr\u00e8te<\/h3>\n<p data-start=\"2696\" data-end=\"2872\">Les vendeurs proposant du 2-MCF, authentique ou contrefait, accordent une grande importance \u00e0 un emballage neutre et \u00e0 une livraison fiable. Cela garantit la s\u00e9curit\u00e9 et la discr\u00e9tion de votre commande.<\/p>\n<h3 data-start=\"2879\" data-end=\"2917\">Choisir un fournisseur r\u00e9put\u00e9<\/h3>\n<p data-start=\"2918\" data-end=\"2983\">Si no est\u00e1 seguro de d\u00f3nde comprar 2-MCF, preste atenci\u00f3n a:<\/p>\n<ul data-start=\"2984\" data-end=\"3132\">\n<li data-start=\"2984\" data-end=\"3028\">\n<p data-start=\"2986\" data-end=\"3028\">Bonnes critiques et t\u00e9moignages<\/p>\n<\/li>\n<li data-start=\"3029\" data-end=\"3071\">\n<p data-start=\"3031\" data-end=\"3071\">Precio 2-MCF justo y transparente<\/p>\n<\/li>\n<li data-start=\"3072\" data-end=\"3103\">\n<p data-start=\"3074\" data-end=\"3103\">Servicio al cliente confiable<\/p>\n<\/li>\n<li data-start=\"3104\" data-end=\"3132\">\n<p data-start=\"3106\" data-end=\"3132\">Politiques d'exp\u00e9dition<\/p>\n<\/li>\n<\/ul>\n<p data-start=\"3134\" data-end=\"3209\">Esta es la \u00fanica forma de garantizar que obtendr\u00e1 un 2-MCF genuino a la venta.<\/p>\n<h3 data-start=\"3216\" data-end=\"3240\">Politiques d'exp\u00e9dition<\/h3>\n<ul data-start=\"3241\" data-end=\"3403\">\n<li data-start=\"3241\" data-end=\"3296\">\n<p data-start=\"3243\" data-end=\"3296\">Opciones de env\u00edo internacional (est\u00e1ndar y expr\u00e9s)<\/p>\n<\/li>\n<li data-start=\"3297\" data-end=\"3344\">\n<p data-start=\"3299\" data-end=\"3344\">Posibilidad de seguimiento del env\u00edo<\/p>\n<\/li>\n<li data-start=\"3345\" data-end=\"3403\">\n<p data-start=\"3347\" data-end=\"3403\">Considere los riesgos legales seg\u00fan el pa\u00eds y la regi\u00f3n<\/p>\n<\/li>\n<\/ul>\n<h3 data-start=\"3410\" data-end=\"3421\">Conclusion<\/h3>\n<p data-start=\"3422\" data-end=\"3801\">Les chercheurs qui ach\u00e8tent du 2-MCF en ligne b\u00e9n\u00e9ficient de conditions avantageuses, d'un large choix et d'une livraison discr\u00e8te. Avec un prix comp\u00e9titif et une qualit\u00e9 \u00e9prouv\u00e9e, l'achat en ligne est le moyen le plus s\u00fbr d'acheter du 2-MCF \u00e0 bas prix. Si vous vous demandez o\u00f9 acheter du 2-MCF, notre plateforme est la solution id\u00e9ale et est consid\u00e9r\u00e9e comme le meilleur endroit pour acheter du 2-MCF.<\/p>","protected":false},"excerpt":{"rendered":"<p><strong>2-MCF<\/strong> est un compos\u00e9 chimique synth\u00e9tique d'une grande puret\u00e9, d\u00e9velopp\u00e9 \u00e0 des fins de recherche scientifique. Il est utilis\u00e9 pour \u00e9tudier les r\u00e9actions neurochimiques et les effets psychoactifs. Chaque lot est test\u00e9 pour garantir une puret\u00e9 maximale. Uniquement pour des \u00e9tudes scientifiques - ne convient pas \u00e0 la consommation humaine.<\/p>","protected":false},"featured_media":1099,"comment_status":"open","ping_status":"closed","template":"","meta":{"_joinchat":[]},"product_brand":[],"product_cat":[1800],"product_tag":[2275,2283,2281,2282,2276,2280,2278,2279,2277,2182],"class_list":{"0":"post-1098","1":"product","2":"type-product","3":"status-publish","4":"has-post-thumbnail","6":"product_cat-sedatives","7":"product_tag-2-mcf","8":"product_tag-2-mcf-chemikalien","9":"product_tag-2-mcf-forschung","10":"product_tag-2-mcf-fur-forschung","11":"product_tag-2-mcf-kaufen","12":"product_tag-2-mcf-kristalle","13":"product_tag-2-mcf-online","14":"product_tag-2-mcf-pulver","15":"product_tag-2-mcf-zum-verkauf","16":"product_tag-synthetische-chemikalien","18":"first","19":"instock","20":"shipping-taxable","21":"purchasable","22":"product-type-variable"},"yoast_head":"<!-- This site is optimized with the Yoast SEO plugin v26.1.1 - https:\/\/yoast.com\/wordpress\/plugins\/seo\/ -->\n<title>2-MCF online kaufen \u2013 2-MCF zu verkaufen<\/title>\n<meta name=\"description\" content=\"Bei chemgramx k\u00f6nnen Sie 2-mcf zu g\u00fcnstigen Preisen kaufen. Hier k\u00f6nnen Sie 2-mcf online in hoher Qualit\u00e4t jetzt mit schnellem und sicherem Versandservice in unserem Shop kaufen. Jetzt bestellen!\" \/>\n<meta name=\"robots\" content=\"index, follow, max-snippet:-1, max-image-preview:large, max-video-preview:-1\" \/>\n<link rel=\"canonical\" href=\"https:\/\/chemgramx.com\/fr\/produit\/2-mcf\/\" \/>\n<meta property=\"og:locale\" content=\"fr_FR\" \/>\n<meta property=\"og:type\" content=\"article\" \/>\n<meta property=\"og:title\" content=\"2-MCF online kaufen \u2013 2-MCF zu verkaufen\" \/>\n<meta property=\"og:description\" content=\"Bei chemgramx k\u00f6nnen Sie 2-mcf zu g\u00fcnstigen Preisen kaufen. Hier k\u00f6nnen Sie 2-mcf online in hoher Qualit\u00e4t jetzt mit schnellem und sicherem Versandservice in unserem Shop kaufen. Jetzt bestellen!\" \/>\n<meta property=\"og:url\" content=\"https:\/\/chemgramx.com\/fr\/produit\/2-mcf\/\" \/>\n<meta property=\"og:site_name\" content=\"Chemgramx\" \/>\n<meta property=\"article:modified_time\" content=\"2025-10-14T10:47:03+00:00\" \/>\n<meta property=\"og:image\" content=\"https:\/\/chemgramx.com\/wp-content\/uploads\/2024\/12\/2mcf.png\" \/>\n\t<meta property=\"og:image:width\" content=\"600\" \/>\n\t<meta property=\"og:image:height\" content=\"400\" \/>\n\t<meta property=\"og:image:type\" content=\"image\/png\" \/>\n<meta name=\"twitter:card\" content=\"summary_large_image\" \/>\n<meta name=\"twitter:label1\" content=\"Dur\u00e9e de lecture estim\u00e9e\" \/>\n\t<meta name=\"twitter:data1\" content=\"3 minutes\" \/>\n<script type=\"application\/ld+json\" class=\"yoast-schema-graph\">{\"@context\":\"https:\/\/schema.org\",\"@graph\":[{\"@type\":\"WebPage\",\"@id\":\"https:\/\/chemgramx.com\/product\/2-mcf\/\",\"url\":\"https:\/\/chemgramx.com\/product\/2-mcf\/\",\"name\":\"2-MCF online kaufen \u2013 2-MCF zu verkaufen\",\"isPartOf\":{\"@id\":\"https:\/\/chemgramx.com\/#website\"},\"primaryImageOfPage\":{\"@id\":\"https:\/\/chemgramx.com\/product\/2-mcf\/#primaryimage\"},\"image\":{\"@id\":\"https:\/\/chemgramx.com\/product\/2-mcf\/#primaryimage\"},\"thumbnailUrl\":\"https:\/\/chemgramx.com\/wp-content\/uploads\/2024\/12\/2mcf.png\",\"datePublished\":\"2024-12-08T13:41:14+00:00\",\"dateModified\":\"2025-10-14T10:47:03+00:00\",\"description\":\"Bei chemgramx k\u00f6nnen Sie 2-mcf zu g\u00fcnstigen Preisen kaufen. Hier k\u00f6nnen Sie 2-mcf online in hoher Qualit\u00e4t jetzt mit schnellem und sicherem Versandservice in unserem Shop kaufen. Jetzt bestellen!\",\"breadcrumb\":{\"@id\":\"https:\/\/chemgramx.com\/product\/2-mcf\/#breadcrumb\"},\"inLanguage\":\"fr-FR\",\"potentialAction\":[{\"@type\":\"ReadAction\",\"target\":[\"https:\/\/chemgramx.com\/product\/2-mcf\/\"]}]},{\"@type\":\"ImageObject\",\"inLanguage\":\"fr-FR\",\"@id\":\"https:\/\/chemgramx.com\/product\/2-mcf\/#primaryimage\",\"url\":\"https:\/\/chemgramx.com\/wp-content\/uploads\/2024\/12\/2mcf.png\",\"contentUrl\":\"https:\/\/chemgramx.com\/wp-content\/uploads\/2024\/12\/2mcf.png\",\"width\":600,\"height\":400,\"caption\":\"2-MCF online kaufen\"},{\"@type\":\"BreadcrumbList\",\"@id\":\"https:\/\/chemgramx.com\/product\/2-mcf\/#breadcrumb\",\"itemListElement\":[{\"@type\":\"ListItem\",\"position\":1,\"name\":\"Home\",\"item\":\"https:\/\/chemgramx.com\/\"},{\"@type\":\"ListItem\",\"position\":2,\"name\":\"Shop\",\"item\":\"https:\/\/chemgramx.com\/shop\/\"},{\"@type\":\"ListItem\",\"position\":3,\"name\":\"2-mcf Online Kaufen\"}]},{\"@type\":\"WebSite\",\"@id\":\"https:\/\/chemgramx.com\/#website\",\"url\":\"https:\/\/chemgramx.com\/\",\"name\":\"Chemgramx\",\"description\":\"\",\"publisher\":{\"@id\":\"https:\/\/chemgramx.com\/#organization\"},\"potentialAction\":[{\"@type\":\"SearchAction\",\"target\":{\"@type\":\"EntryPoint\",\"urlTemplate\":\"https:\/\/chemgramx.com\/?s={search_term_string}\"},\"query-input\":{\"@type\":\"PropertyValueSpecification\",\"valueRequired\":true,\"valueName\":\"search_term_string\"}}],\"inLanguage\":\"fr-FR\"},{\"@type\":\"Organization\",\"@id\":\"https:\/\/chemgramx.com\/#organization\",\"name\":\"Chemgramx\",\"url\":\"https:\/\/chemgramx.com\/\",\"logo\":{\"@type\":\"ImageObject\",\"inLanguage\":\"fr-FR\",\"@id\":\"https:\/\/chemgramx.com\/#\/schema\/logo\/image\/\",\"url\":\"https:\/\/chemgramx.com\/wp-content\/uploads\/2024\/10\/final-logo.png\",\"contentUrl\":\"https:\/\/chemgramx.com\/wp-content\/uploads\/2024\/10\/final-logo.png\",\"width\":250,\"height\":48,\"caption\":\"Chemgramx\"},\"image\":{\"@id\":\"https:\/\/chemgramx.com\/#\/schema\/logo\/image\/\"}}]}<\/script>\n<!-- \/ Yoast SEO plugin. -->","yoast_head_json":{"title":"Achetez du 2-MCF en ligne\u00a0\u2013 2-MCF \u00e0 vendre","description":"Chez chemgramx, vous pouvez acheter du 2-mcf \u00e0 prix abordable. Achetez du 2-mcf de haute qualit\u00e9 en ligne d\u00e8s maintenant et b\u00e9n\u00e9ficiez d'une livraison rapide et s\u00e9curis\u00e9e dans notre boutique. Commandez d\u00e8s maintenant\u00a0!","robots":{"index":"index","follow":"follow","max-snippet":"max-snippet:-1","max-image-preview":"max-image-preview:large","max-video-preview":"max-video-preview:-1"},"canonical":"https:\/\/chemgramx.com\/fr\/produit\/2-mcf\/","og_locale":"fr_FR","og_type":"article","og_title":"2-MCF online kaufen \u2013 2-MCF zu verkaufen","og_description":"Bei chemgramx k\u00f6nnen Sie 2-mcf zu g\u00fcnstigen Preisen kaufen. Hier k\u00f6nnen Sie 2-mcf online in hoher Qualit\u00e4t jetzt mit schnellem und sicherem Versandservice in unserem Shop kaufen. Jetzt bestellen!","og_url":"https:\/\/chemgramx.com\/fr\/produit\/2-mcf\/","og_site_name":"Chemgramx","article_modified_time":"2025-10-14T10:47:03+00:00","og_image":[{"width":600,"height":400,"url":"https:\/\/chemgramx.com\/wp-content\/uploads\/2024\/12\/2mcf.png","type":"image\/png"}],"twitter_card":"summary_large_image","twitter_misc":{"Dur\u00e9e de lecture estim\u00e9e":"3 minutes"},"schema":{"@context":"https:\/\/schema.org","@graph":[{"@type":"WebPage","@id":"https:\/\/chemgramx.com\/product\/2-mcf\/","url":"https:\/\/chemgramx.com\/product\/2-mcf\/","name":"Achetez du 2-MCF en ligne\u00a0\u2013 2-MCF \u00e0 vendre","isPartOf":{"@id":"https:\/\/chemgramx.com\/#website"},"primaryImageOfPage":{"@id":"https:\/\/chemgramx.com\/product\/2-mcf\/#primaryimage"},"image":{"@id":"https:\/\/chemgramx.com\/product\/2-mcf\/#primaryimage"},"thumbnailUrl":"https:\/\/chemgramx.com\/wp-content\/uploads\/2024\/12\/2mcf.png","datePublished":"2024-12-08T13:41:14+00:00","dateModified":"2025-10-14T10:47:03+00:00","description":"Chez chemgramx, vous pouvez acheter du 2-mcf \u00e0 prix abordable. Achetez du 2-mcf de haute qualit\u00e9 en ligne d\u00e8s maintenant et b\u00e9n\u00e9ficiez d'une livraison rapide et s\u00e9curis\u00e9e dans notre boutique. Commandez d\u00e8s maintenant\u00a0!","breadcrumb":{"@id":"https:\/\/chemgramx.com\/product\/2-mcf\/#breadcrumb"},"inLanguage":"fr-FR","potentialAction":[{"@type":"ReadAction","target":["https:\/\/chemgramx.com\/product\/2-mcf\/"]}]},{"@type":"ImageObject","inLanguage":"fr-FR","@id":"https:\/\/chemgramx.com\/product\/2-mcf\/#primaryimage","url":"https:\/\/chemgramx.com\/wp-content\/uploads\/2024\/12\/2mcf.png","contentUrl":"https:\/\/chemgramx.com\/wp-content\/uploads\/2024\/12\/2mcf.png","width":600,"height":400,"caption":"2-MCF online kaufen"},{"@type":"BreadcrumbList","@id":"https:\/\/chemgramx.com\/product\/2-mcf\/#breadcrumb","itemListElement":[{"@type":"ListItem","position":1,"name":"Home","item":"https:\/\/chemgramx.com\/"},{"@type":"ListItem","position":2,"name":"Shop","item":"https:\/\/chemgramx.com\/shop\/"},{"@type":"ListItem","position":3,"name":"2-mcf Online Kaufen"}]},{"@type":"WebSite","@id":"https:\/\/chemgramx.com\/#website","url":"https:\/\/chemgramx.com\/","name":"Chemgramx","description":"","publisher":{"@id":"https:\/\/chemgramx.com\/#organization"},"potentialAction":[{"@type":"SearchAction","target":{"@type":"EntryPoint","urlTemplate":"https:\/\/chemgramx.com\/?s={search_term_string}"},"query-input":{"@type":"PropertyValueSpecification","valueRequired":true,"valueName":"search_term_string"}}],"inLanguage":"fr-FR"},{"@type":"Organization","@id":"https:\/\/chemgramx.com\/#organization","name":"Chemgramx","url":"https:\/\/chemgramx.com\/","logo":{"@type":"ImageObject","inLanguage":"fr-FR","@id":"https:\/\/chemgramx.com\/#\/schema\/logo\/image\/","url":"https:\/\/chemgramx.com\/wp-content\/uploads\/2024\/10\/final-logo.png","contentUrl":"https:\/\/chemgramx.com\/wp-content\/uploads\/2024\/10\/final-logo.png","width":250,"height":48,"caption":"Chemgramx"},"image":{"@id":"https:\/\/chemgramx.com\/#\/schema\/logo\/image\/"}}]}},"_links":{"self":[{"href":"https:\/\/chemgramx.com\/fr\/wp-json\/wp\/v2\/product\/1098","targetHints":{"allow":["GET"]}}],"collection":[{"href":"https:\/\/chemgramx.com\/fr\/wp-json\/wp\/v2\/product"}],"about":[{"href":"https:\/\/chemgramx.com\/fr\/wp-json\/wp\/v2\/types\/product"}],"replies":[{"embeddable":true,"href":"https:\/\/chemgramx.com\/fr\/wp-json\/wp\/v2\/comments?post=1098"}],"wp:featuredmedia":[{"embeddable":true,"href":"https:\/\/chemgramx.com\/fr\/wp-json\/wp\/v2\/media\/1099"}],"wp:attachment":[{"href":"https:\/\/chemgramx.com\/fr\/wp-json\/wp\/v2\/media?parent=1098"}],"wp:term":[{"taxonomy":"product_brand","embeddable":true,"href":"https:\/\/chemgramx.com\/fr\/wp-json\/wp\/v2\/product_brand?post=1098"},{"taxonomy":"product_cat","embeddable":true,"href":"https:\/\/chemgramx.com\/fr\/wp-json\/wp\/v2\/product_cat?post=1098"},{"taxonomy":"product_tag","embeddable":true,"href":"https:\/\/chemgramx.com\/fr\/wp-json\/wp\/v2\/product_tag?post=1098"}],"curies":[{"name":"wp","href":"https:\/\/api.w.org\/{rel}","templated":true}]}}