{"id":1100,"date":"2024-12-08T13:45:11","date_gmt":"2024-12-08T13:45:11","guid":{"rendered":"https:\/\/chemgramx.com\/?post_type=product&#038;p=1100"},"modified":"2025-10-14T10:47:14","modified_gmt":"2025-10-14T10:47:14","slug":"2-me-maf","status":"publish","type":"product","link":"https:\/\/chemgramx.com\/fr\/produit\/2-me-maf\/","title":{"rendered":"Achetez 2-ME-MAF en ligne"},"content":{"rendered":"<h2 data-start=\"232\" data-end=\"265\">Description du produit 2-ME-MAF<\/h2>\n<p data-start=\"296\" data-end=\"748\">Si vous souhaitez acheter du 2-ME-MAF en ligne, vous trouverez chez nous une qualit\u00e9 \u00e9prouv\u00e9e et des conditions \u00e9quitables. Que vous cherchiez du 2-ME-MAF authentique ou contrefait, ou que vous vous demandiez o\u00f9 en acheter, nous proposons la solution id\u00e9ale pour les laboratoires de recherche. De nombreux chercheurs choisissent notre plateforme car elle est la plus performante. <a href=\"https:\/\/chemgramx.com\/fr\/produit\/2-me-maf\/\">meilleur endroit pour acheter du 2-ME-MAF<\/a> s'applique - avec des offres attractives pour 2-ME-MAF \u00e0 vendre et un prix 2-ME-MAF comp\u00e9titif.<\/p>\n<h3 data-start=\"755\" data-end=\"778\">Qu'est-ce que le 2-ME-MAF ?<\/h3>\n<p data-start=\"779\" data-end=\"1174\">La 2-ME-MAF (2-metoxietil-metanfetamina) es un derivado de la metanfetamina y se investiga principalmente en el \u00e1mbito cient\u00edfico. Esta sustancia se utiliza en an\u00e1lisis moleculares, estudios metab\u00f3licos y estudios de posibles propiedades neuroqu\u00edmicas. Los investigadores que deseen adquirir 2-ME-MAF, ya sea real o falso, solo reciben investigaci\u00f3n de alta calidad.<\/p>\n<p data-start=\"1176\" data-end=\"1304\">2-ME-MAF est exclusivement destin\u00e9 \u00e0 \u00eatre utilis\u00e9 dans des environnements de laboratoire et ne doit pas \u00eatre utilis\u00e9 pour la consommation humaine.<\/p>\n<h3 data-start=\"1311\" data-end=\"1351\">Utilisations et effets courants<\/h3>\n<ul data-start=\"1352\" data-end=\"1485\">\n<li data-start=\"1352\" data-end=\"1393\">\n<p data-start=\"1354\" data-end=\"1393\">An\u00e1lisis de laboratorio e investigaci\u00f3n qu\u00edmica<\/p>\n<\/li>\n<li data-start=\"1394\" data-end=\"1438\">\n<p data-start=\"1396\" data-end=\"1438\">Estudios de estructura molecular y metabolismo<\/p>\n<\/li>\n<li data-start=\"1439\" data-end=\"1485\">\n<p data-start=\"1441\" data-end=\"1485\">Investigaci\u00f3n de las propiedades neuroqu\u00edmicas<\/p>\n<\/li>\n<\/ul>\n<p data-start=\"1487\" data-end=\"1614\">Les chercheurs qui ach\u00e8tent du 2-ME-MAF bon march\u00e9 en ligne appr\u00e9cient la fiabilit\u00e9 et la puret\u00e9 du compos\u00e9 pour des r\u00e9sultats pr\u00e9cis.<\/p>\n<h3 data-start=\"1621\" data-end=\"1645\">Statut juridique<\/h3>\n<p data-start=\"1646\" data-end=\"1935\">Le statut de vente du 2-ME-MAF varie selon les r\u00e9gions. Dans certains pays, ce compos\u00e9 est l\u00e9galement disponible comme produit chimique de recherche\u00a0; dans d'autres, il peut \u00eatre restreint par la l\u00e9gislation sur les analogues. Veuillez v\u00e9rifier la r\u00e9glementation en vigueur avant d'acheter du 2-ME-MAF en ligne.<\/p>\n<h3 data-start=\"1942\" data-end=\"1977\">Pourquoi acheter 2-ME-MAF en ligne ?<\/h3>\n<p data-start=\"1978\" data-end=\"2080\">Muchos cient\u00edficos optan por comprar 2-ME-MAF en l\u00ednea porque ofrece numerosas ventajas:<\/p>\n<ul data-start=\"2082\" data-end=\"2283\">\n<li data-start=\"2082\" data-end=\"2158\">\n<p data-start=\"2084\" data-end=\"2158\">Precio atractivo del 2-ME-MAF en comparaci\u00f3n con las fuentes estacionarias<\/p>\n<\/li>\n<li data-start=\"2159\" data-end=\"2190\">\n<p data-start=\"2161\" data-end=\"2190\">Livraison discr\u00e8te dans le monde entier<\/p>\n<\/li>\n<li data-start=\"2191\" data-end=\"2239\">\n<p data-start=\"2193\" data-end=\"2239\">Diversos proveedores y opciones de embalaje<\/p>\n<\/li>\n<li data-start=\"2240\" data-end=\"2283\">\n<p data-start=\"2242\" data-end=\"2283\">F\u00e1cil acceso a productos probados<\/p>\n<\/li>\n<\/ul>\n<p data-start=\"2285\" data-end=\"2359\">Esto hace que las compras en l\u00ednea sean el mejor lugar para comprar 2-ME-MAF para muchos.<\/p>\n<h3 data-start=\"2366\" data-end=\"2401\">Acc\u00e8s et choix<\/h3>\n<p data-start=\"2402\" data-end=\"2607\">Lors de l'achat de 2-ME-MAF, v\u00e9ritable ou contrefait, les clients b\u00e9n\u00e9ficient d'un large choix de formats d'emballage. Les fournisseurs proposent des modes de paiement flexibles, incluant souvent des cryptomonnaies pour plus de discr\u00e9tion.<\/p>\n<h3 data-start=\"2614\" data-end=\"2638\">Livraison discr\u00e8te<\/h3>\n<p data-start=\"2639\" data-end=\"2815\">Les vendeurs proposant du 2-ME-MAF, authentique ou contrefait, privil\u00e9gient un emballage neutre et une livraison fiable. Votre commande est ainsi prot\u00e9g\u00e9e et discr\u00e8te.<\/p>\n<h3 data-start=\"2822\" data-end=\"2860\">Choisir un fournisseur r\u00e9put\u00e9<\/h3>\n<p data-start=\"2861\" data-end=\"2929\">Si no est\u00e1 seguro de d\u00f3nde comprar 2-ME-MAF, preste atenci\u00f3n a:<\/p>\n<ul data-start=\"2930\" data-end=\"3054\">\n<li data-start=\"2930\" data-end=\"2974\">\n<p data-start=\"2932\" data-end=\"2974\">Bonnes critiques et t\u00e9moignages<\/p>\n<\/li>\n<li data-start=\"2975\" data-end=\"2998\">\n<p data-start=\"2977\" data-end=\"2998\">Precios transparentes<\/p>\n<\/li>\n<li data-start=\"2999\" data-end=\"3027\">\n<p data-start=\"3001\" data-end=\"3027\">Politiques d'exp\u00e9dition<\/p>\n<\/li>\n<li data-start=\"3028\" data-end=\"3054\">\n<p data-start=\"3030\" data-end=\"3054\">Servicio al cliente serio<\/p>\n<\/li>\n<\/ul>\n<p data-start=\"3056\" data-end=\"3132\">Esta es la \u00fanica forma de garantizar que obtendr\u00e1 un 2-ME-MAF genuino a la venta.<\/p>\n<h3 data-start=\"3139\" data-end=\"3163\">Politiques d'exp\u00e9dition<\/h3>\n<ul data-start=\"3164\" data-end=\"3298\">\n<li data-start=\"3164\" data-end=\"3218\">\n<p data-start=\"3166\" data-end=\"3218\">Tenga en cuenta los tiempos de entrega nacionales e internacionales.<\/p>\n<\/li>\n<li data-start=\"3219\" data-end=\"3267\">\n<p data-start=\"3221\" data-end=\"3267\">Env\u00edo expr\u00e9s o asegurado disponible.<\/p>\n<\/li>\n<li data-start=\"3268\" data-end=\"3298\">\n<p data-start=\"3270\" data-end=\"3298\">Posibilidad de seguimiento del env\u00edo<\/p>\n<\/li>\n<\/ul>\n<h3 data-start=\"3305\" data-end=\"3316\">Conclusion<\/h3>\n<p data-start=\"3317\" data-end=\"3731\">Il est d\u00e9sormais plus facile que jamais pour les chercheurs d'acheter du 2-ME-MAF en ligne. Avec des prix abordables, une livraison rapide et une qualit\u00e9 \u00e9prouv\u00e9e, il n'a jamais \u00e9t\u00e9 aussi simple d'acheter du 2-ME-MAF \u00e0 bas prix en ligne. Si vous vous demandez o\u00f9 acheter du 2-ME-MAF, notre plateforme est la solution id\u00e9ale et est consid\u00e9r\u00e9e comme la meilleure pour acheter du 2-ME-MAF, en toute discr\u00e9tion et avec une s\u00e9curit\u00e9 maximale pour les laboratoires de recherche.<\/p>","protected":false},"excerpt":{"rendered":"<p><strong>2-ME-MAF<\/strong> est un compos\u00e9 synth\u00e9tique fabriqu\u00e9 avec pr\u00e9cision, sp\u00e9cialement con\u00e7u pour la recherche scientifique. Il offre une puret\u00e9 et une consistance excellentes pour des r\u00e9sultats fiables. Id\u00e9al pour les \u00e9tudes sur les processus neurochimiques et les propri\u00e9t\u00e9s psychoactives. Uniquement pour les applications en laboratoire - ne convient pas \u00e0 la consommation humaine.<\/p>","protected":false},"featured_media":1101,"comment_status":"open","ping_status":"closed","template":"","meta":{"_joinchat":[]},"product_brand":[],"product_cat":[1800],"product_tag":[2266,2274,2272,2273,2267,2271,2269,2270,2268,2182],"class_list":{"0":"post-1100","1":"product","2":"type-product","3":"status-publish","4":"has-post-thumbnail","6":"product_cat-sedatives","7":"product_tag-2-me-maf","8":"product_tag-2-me-maf-chemikalien","9":"product_tag-2-me-maf-forschung","10":"product_tag-2-me-maf-fur-forschung","11":"product_tag-2-me-maf-kaufen","12":"product_tag-2-me-maf-kristalle","13":"product_tag-2-me-maf-online","14":"product_tag-2-me-maf-pulver","15":"product_tag-2-me-maf-zum-verkauf","16":"product_tag-synthetische-chemikalien","18":"first","19":"instock","20":"shipping-taxable","21":"purchasable","22":"product-type-variable"},"yoast_head":"<!-- This site is optimized with the Yoast SEO plugin v26.1.1 - https:\/\/yoast.com\/wordpress\/plugins\/seo\/ -->\n<title>2-ME-MAF zu verkaufen \u2013 2-ME-MAF online kaufen<\/title>\n<meta name=\"description\" content=\"Sie k\u00f6nnen 2-me-maf jetzt in unserem Top-Shop chemgramx kaufen. Unsere Mitarbeiter helfen Ihnen, 2-me-maf online zu den besten Preisen zu kaufen. Bestellen Sie 2-me-maf noch heute online mit weltweitem Versand!\" \/>\n<meta name=\"robots\" content=\"index, follow, max-snippet:-1, max-image-preview:large, max-video-preview:-1\" \/>\n<link rel=\"canonical\" href=\"https:\/\/chemgramx.com\/fr\/produit\/2-me-maf\/\" \/>\n<meta property=\"og:locale\" content=\"fr_FR\" \/>\n<meta property=\"og:type\" content=\"article\" \/>\n<meta property=\"og:title\" content=\"2-ME-MAF zu verkaufen \u2013 2-ME-MAF online kaufen\" \/>\n<meta property=\"og:description\" content=\"Sie k\u00f6nnen 2-me-maf jetzt in unserem Top-Shop chemgramx kaufen. Unsere Mitarbeiter helfen Ihnen, 2-me-maf online zu den besten Preisen zu kaufen. Bestellen Sie 2-me-maf noch heute online mit weltweitem Versand!\" \/>\n<meta property=\"og:url\" content=\"https:\/\/chemgramx.com\/fr\/produit\/2-me-maf\/\" \/>\n<meta property=\"og:site_name\" content=\"Chemgramx\" \/>\n<meta property=\"article:modified_time\" content=\"2025-10-14T10:47:14+00:00\" \/>\n<meta property=\"og:image\" content=\"https:\/\/chemgramx.com\/wp-content\/uploads\/2024\/12\/memaf.png\" \/>\n\t<meta property=\"og:image:width\" content=\"600\" \/>\n\t<meta property=\"og:image:height\" content=\"400\" \/>\n\t<meta property=\"og:image:type\" content=\"image\/png\" \/>\n<meta name=\"twitter:card\" content=\"summary_large_image\" \/>\n<meta name=\"twitter:label1\" content=\"Dur\u00e9e de lecture estim\u00e9e\" \/>\n\t<meta name=\"twitter:data1\" content=\"2 minutes\" \/>\n<script type=\"application\/ld+json\" class=\"yoast-schema-graph\">{\"@context\":\"https:\/\/schema.org\",\"@graph\":[{\"@type\":\"WebPage\",\"@id\":\"https:\/\/chemgramx.com\/product\/2-me-maf\/\",\"url\":\"https:\/\/chemgramx.com\/product\/2-me-maf\/\",\"name\":\"2-ME-MAF zu verkaufen \u2013 2-ME-MAF online kaufen\",\"isPartOf\":{\"@id\":\"https:\/\/chemgramx.com\/#website\"},\"primaryImageOfPage\":{\"@id\":\"https:\/\/chemgramx.com\/product\/2-me-maf\/#primaryimage\"},\"image\":{\"@id\":\"https:\/\/chemgramx.com\/product\/2-me-maf\/#primaryimage\"},\"thumbnailUrl\":\"https:\/\/chemgramx.com\/wp-content\/uploads\/2024\/12\/memaf.png\",\"datePublished\":\"2024-12-08T13:45:11+00:00\",\"dateModified\":\"2025-10-14T10:47:14+00:00\",\"description\":\"Sie k\u00f6nnen 2-me-maf jetzt in unserem Top-Shop chemgramx kaufen. Unsere Mitarbeiter helfen Ihnen, 2-me-maf online zu den besten Preisen zu kaufen. Bestellen Sie 2-me-maf noch heute online mit weltweitem Versand!\",\"breadcrumb\":{\"@id\":\"https:\/\/chemgramx.com\/product\/2-me-maf\/#breadcrumb\"},\"inLanguage\":\"fr-FR\",\"potentialAction\":[{\"@type\":\"ReadAction\",\"target\":[\"https:\/\/chemgramx.com\/product\/2-me-maf\/\"]}]},{\"@type\":\"ImageObject\",\"inLanguage\":\"fr-FR\",\"@id\":\"https:\/\/chemgramx.com\/product\/2-me-maf\/#primaryimage\",\"url\":\"https:\/\/chemgramx.com\/wp-content\/uploads\/2024\/12\/memaf.png\",\"contentUrl\":\"https:\/\/chemgramx.com\/wp-content\/uploads\/2024\/12\/memaf.png\",\"width\":600,\"height\":400,\"caption\":\"2-ME-MAF online kaufen\"},{\"@type\":\"BreadcrumbList\",\"@id\":\"https:\/\/chemgramx.com\/product\/2-me-maf\/#breadcrumb\",\"itemListElement\":[{\"@type\":\"ListItem\",\"position\":1,\"name\":\"Home\",\"item\":\"https:\/\/chemgramx.com\/\"},{\"@type\":\"ListItem\",\"position\":2,\"name\":\"Shop\",\"item\":\"https:\/\/chemgramx.com\/shop\/\"},{\"@type\":\"ListItem\",\"position\":3,\"name\":\"2-ME-MAF Online Kaufen\"}]},{\"@type\":\"WebSite\",\"@id\":\"https:\/\/chemgramx.com\/#website\",\"url\":\"https:\/\/chemgramx.com\/\",\"name\":\"Chemgramx\",\"description\":\"\",\"publisher\":{\"@id\":\"https:\/\/chemgramx.com\/#organization\"},\"potentialAction\":[{\"@type\":\"SearchAction\",\"target\":{\"@type\":\"EntryPoint\",\"urlTemplate\":\"https:\/\/chemgramx.com\/?s={search_term_string}\"},\"query-input\":{\"@type\":\"PropertyValueSpecification\",\"valueRequired\":true,\"valueName\":\"search_term_string\"}}],\"inLanguage\":\"fr-FR\"},{\"@type\":\"Organization\",\"@id\":\"https:\/\/chemgramx.com\/#organization\",\"name\":\"Chemgramx\",\"url\":\"https:\/\/chemgramx.com\/\",\"logo\":{\"@type\":\"ImageObject\",\"inLanguage\":\"fr-FR\",\"@id\":\"https:\/\/chemgramx.com\/#\/schema\/logo\/image\/\",\"url\":\"https:\/\/chemgramx.com\/wp-content\/uploads\/2024\/10\/final-logo.png\",\"contentUrl\":\"https:\/\/chemgramx.com\/wp-content\/uploads\/2024\/10\/final-logo.png\",\"width\":250,\"height\":48,\"caption\":\"Chemgramx\"},\"image\":{\"@id\":\"https:\/\/chemgramx.com\/#\/schema\/logo\/image\/\"}}]}<\/script>\n<!-- \/ Yoast SEO plugin. -->","yoast_head_json":{"title":"2-ME-MAF \u00e0 vendre \u2013 Achetez 2-ME-MAF en ligne","description":"Vous pouvez d\u00e9sormais acheter du 2-me-maf sur notre boutique en ligne r\u00e9put\u00e9e, chemgramx. Notre \u00e9quipe vous aidera \u00e0 acheter du 2-me-maf en ligne aux meilleurs prix. Commandez d\u00e8s aujourd'hui et profitez de la livraison internationale\u00a0!","robots":{"index":"index","follow":"follow","max-snippet":"max-snippet:-1","max-image-preview":"max-image-preview:large","max-video-preview":"max-video-preview:-1"},"canonical":"https:\/\/chemgramx.com\/fr\/produit\/2-me-maf\/","og_locale":"fr_FR","og_type":"article","og_title":"2-ME-MAF zu verkaufen \u2013 2-ME-MAF online kaufen","og_description":"Sie k\u00f6nnen 2-me-maf jetzt in unserem Top-Shop chemgramx kaufen. Unsere Mitarbeiter helfen Ihnen, 2-me-maf online zu den besten Preisen zu kaufen. Bestellen Sie 2-me-maf noch heute online mit weltweitem Versand!","og_url":"https:\/\/chemgramx.com\/fr\/produit\/2-me-maf\/","og_site_name":"Chemgramx","article_modified_time":"2025-10-14T10:47:14+00:00","og_image":[{"width":600,"height":400,"url":"https:\/\/chemgramx.com\/wp-content\/uploads\/2024\/12\/memaf.png","type":"image\/png"}],"twitter_card":"summary_large_image","twitter_misc":{"Dur\u00e9e de lecture estim\u00e9e":"2 minutes"},"schema":{"@context":"https:\/\/schema.org","@graph":[{"@type":"WebPage","@id":"https:\/\/chemgramx.com\/product\/2-me-maf\/","url":"https:\/\/chemgramx.com\/product\/2-me-maf\/","name":"2-ME-MAF \u00e0 vendre \u2013 Achetez 2-ME-MAF en ligne","isPartOf":{"@id":"https:\/\/chemgramx.com\/#website"},"primaryImageOfPage":{"@id":"https:\/\/chemgramx.com\/product\/2-me-maf\/#primaryimage"},"image":{"@id":"https:\/\/chemgramx.com\/product\/2-me-maf\/#primaryimage"},"thumbnailUrl":"https:\/\/chemgramx.com\/wp-content\/uploads\/2024\/12\/memaf.png","datePublished":"2024-12-08T13:45:11+00:00","dateModified":"2025-10-14T10:47:14+00:00","description":"Vous pouvez d\u00e9sormais acheter du 2-me-maf sur notre boutique en ligne r\u00e9put\u00e9e, chemgramx. Notre \u00e9quipe vous aidera \u00e0 acheter du 2-me-maf en ligne aux meilleurs prix. Commandez d\u00e8s aujourd'hui et profitez de la livraison internationale\u00a0!","breadcrumb":{"@id":"https:\/\/chemgramx.com\/product\/2-me-maf\/#breadcrumb"},"inLanguage":"fr-FR","potentialAction":[{"@type":"ReadAction","target":["https:\/\/chemgramx.com\/product\/2-me-maf\/"]}]},{"@type":"ImageObject","inLanguage":"fr-FR","@id":"https:\/\/chemgramx.com\/product\/2-me-maf\/#primaryimage","url":"https:\/\/chemgramx.com\/wp-content\/uploads\/2024\/12\/memaf.png","contentUrl":"https:\/\/chemgramx.com\/wp-content\/uploads\/2024\/12\/memaf.png","width":600,"height":400,"caption":"2-ME-MAF online kaufen"},{"@type":"BreadcrumbList","@id":"https:\/\/chemgramx.com\/product\/2-me-maf\/#breadcrumb","itemListElement":[{"@type":"ListItem","position":1,"name":"Home","item":"https:\/\/chemgramx.com\/"},{"@type":"ListItem","position":2,"name":"Shop","item":"https:\/\/chemgramx.com\/shop\/"},{"@type":"ListItem","position":3,"name":"2-ME-MAF Online Kaufen"}]},{"@type":"WebSite","@id":"https:\/\/chemgramx.com\/#website","url":"https:\/\/chemgramx.com\/","name":"Chemgramx","description":"","publisher":{"@id":"https:\/\/chemgramx.com\/#organization"},"potentialAction":[{"@type":"SearchAction","target":{"@type":"EntryPoint","urlTemplate":"https:\/\/chemgramx.com\/?s={search_term_string}"},"query-input":{"@type":"PropertyValueSpecification","valueRequired":true,"valueName":"search_term_string"}}],"inLanguage":"fr-FR"},{"@type":"Organization","@id":"https:\/\/chemgramx.com\/#organization","name":"Chemgramx","url":"https:\/\/chemgramx.com\/","logo":{"@type":"ImageObject","inLanguage":"fr-FR","@id":"https:\/\/chemgramx.com\/#\/schema\/logo\/image\/","url":"https:\/\/chemgramx.com\/wp-content\/uploads\/2024\/10\/final-logo.png","contentUrl":"https:\/\/chemgramx.com\/wp-content\/uploads\/2024\/10\/final-logo.png","width":250,"height":48,"caption":"Chemgramx"},"image":{"@id":"https:\/\/chemgramx.com\/#\/schema\/logo\/image\/"}}]}},"_links":{"self":[{"href":"https:\/\/chemgramx.com\/fr\/wp-json\/wp\/v2\/product\/1100","targetHints":{"allow":["GET"]}}],"collection":[{"href":"https:\/\/chemgramx.com\/fr\/wp-json\/wp\/v2\/product"}],"about":[{"href":"https:\/\/chemgramx.com\/fr\/wp-json\/wp\/v2\/types\/product"}],"replies":[{"embeddable":true,"href":"https:\/\/chemgramx.com\/fr\/wp-json\/wp\/v2\/comments?post=1100"}],"wp:featuredmedia":[{"embeddable":true,"href":"https:\/\/chemgramx.com\/fr\/wp-json\/wp\/v2\/media\/1101"}],"wp:attachment":[{"href":"https:\/\/chemgramx.com\/fr\/wp-json\/wp\/v2\/media?parent=1100"}],"wp:term":[{"taxonomy":"product_brand","embeddable":true,"href":"https:\/\/chemgramx.com\/fr\/wp-json\/wp\/v2\/product_brand?post=1100"},{"taxonomy":"product_cat","embeddable":true,"href":"https:\/\/chemgramx.com\/fr\/wp-json\/wp\/v2\/product_cat?post=1100"},{"taxonomy":"product_tag","embeddable":true,"href":"https:\/\/chemgramx.com\/fr\/wp-json\/wp\/v2\/product_tag?post=1100"}],"curies":[{"name":"wp","href":"https:\/\/api.w.org\/{rel}","templated":true}]}}