{"id":1106,"date":"2024-12-08T14:23:20","date_gmt":"2024-12-08T14:23:20","guid":{"rendered":"https:\/\/chemgramx.com\/?post_type=product&#038;p=1106"},"modified":"2025-10-18T05:24:17","modified_gmt":"2025-10-18T05:24:17","slug":"furanylfentanyl-fu-f225","status":"publish","type":"product","link":"https:\/\/chemgramx.com\/fr\/produit\/furanylfentanyl-fu-f225\/","title":{"rendered":"Acheter Furanylfentanyl (Fu-F)225 en ligne"},"content":{"rendered":"<h2 data-start=\"152\" data-end=\"196\">Acheter Furanylfentanyl (Fu-F)225 en ligne<\/h2>\n<p data-start=\"198\" data-end=\"747\">Suchen Sie nach einer sicheren M\u00f6glichkeit,Furanylfentanyl (Fu-F)225 online kaufen? Bei uns finden Sie hochwertiges Furanylfentanyl (Fu-F)225 for sale, gepr\u00fcft und mit h\u00f6chster Reinheit. Egal ob Sie echtes oder gef\u00e4lschtes Furanylfentanyl (Fu-F)225 kaufen m\u00f6chten oder sich fragen, wo kann man Furanylfentanyl (Fu-F)225 kaufen, wir bieten eine verl\u00e4ssliche L\u00f6sung f\u00fcr Labore und Forschungseinrichtungen. Durch unsere fairen Konditionen k\u00f6nnen Sie auch Furanylfentanyl (Fu-F)225 g\u00fcnstig online kaufen, ohne Abstriche bei Qualit\u00e4t und Sicherheit zu machen.<\/p>\n<h3 data-start=\"754\" data-end=\"793\">Qu'est-ce que le furanylfentanyl (Fu-F)225 ?<\/h3>\n<p data-start=\"795\" data-end=\"1109\">qui a \u00e9t\u00e9 sp\u00e9cialement con\u00e7u pour \u00eatre utilis\u00e9 dans la recherche scientifique. Ce compos\u00e9 est souvent utilis\u00e9 dans les laboratoires pour \u00e9tudier les interactions avec les r\u00e9cepteurs opio\u00efdes ainsi que les propri\u00e9t\u00e9s pharmacologiques et toxicologiques.<\/p>\n<p data-start=\"1111\" data-end=\"1295\">De nombreux chercheurs choisissent <a href=\"https:\/\/chemgramx.com\/fr\/produit\/furanylfentanyl-fu-f225\/\">Acheter Furanylfentanyl (Fu-F)225 en ligne<\/a>car chaque lot est test\u00e9 dans les conditions de laboratoire les plus strictes, garantissant des r\u00e9sultats fiables.<\/p>\n<h3 data-start=\"1302\" data-end=\"1333\">Application \u00e0 la recherche<\/h3>\n<p data-start=\"1335\" data-end=\"1644\">Dank seiner pr\u00e4zisen chemischen Eigenschaften ist Furanylfentanyl (Fu-F)225 besonders n\u00fctzlich in der Rezeptorforschung und bei Studien zu molekularen Wirkmechanismen. Wissenschaftler, die Bestellen Sie echtes oder gef\u00e4lschtes Furanylfentanyl (Fu-F)225, profitieren von gepr\u00fcfter Qualit\u00e4t und zuverl\u00e4ssiger Stabilit\u00e4t.<\/p>\n<h3 data-start=\"1651\" data-end=\"1679\">Qualit\u00e9 et s\u00e9curit\u00e9<\/h3>\n<p data-start=\"1681\" data-end=\"2002\">Chaque lot de Furanylfentanyl (Fu-F)225 est produit et test\u00e9 selon les normes les plus strictes. Cela garantit aux chercheurs des r\u00e9sultats pr\u00e9cis et reproductibles. Si vous cherchez le meilleur endroit pour acheter du Furanylfentanyl (Fu-F)225, nous accordons la priorit\u00e9 \u00e0 la s\u00e9curit\u00e9, \u00e0 la puret\u00e9 et \u00e0 la discr\u00e9tion.<\/p>\n<p data-start=\"2004\" data-end=\"2144\">Unsere Kunden sch\u00e4tzen auch den fairen Furanylfentanyl (Fu-F)225 Preis, der trotz h\u00f6chster Qualit\u00e4tsstandards wettbewerbsf\u00e4hig bleibt.<\/p>\n<h3 data-start=\"2151\" data-end=\"2173\">Instructions de stockage<\/h3>\n<p data-start=\"2175\" data-end=\"2465\">Pour des raisons de stabilit\u00e9 chimique, le furanylfentanyl (Fu-F)225 doit \u00eatre conserv\u00e9 dans un endroit frais et sec, \u00e0 l'abri de la lumi\u00e8re directe du soleil. Cette substance est destin\u00e9e \u00e0 un usage en laboratoire uniquement et ne peut \u00eatre utilis\u00e9e que dans des environnements de recherche contr\u00f4l\u00e9s.<\/p>\n<h3 data-start=\"2472\" data-end=\"2503\">Principales caract\u00e9ristiques et avantages<\/h3>\n<ul data-start=\"2505\" data-end=\"2820\">\n<li data-start=\"2505\" data-end=\"2565\">\n<p data-start=\"2507\" data-end=\"2565\">M\u00e1xima pureza para una investigaci\u00f3n farmacol\u00f3gica precisa<\/p>\n<\/li>\n<li data-start=\"2566\" data-end=\"2629\">\n<p data-start=\"2568\" data-end=\"2629\">Soutient la recherche sur les interactions entre r\u00e9cepteurs<\/p>\n<\/li>\n<li data-start=\"2630\" data-end=\"2689\">\n<p data-start=\"2632\" data-end=\"2689\">Controles de calidad estrictos para obtener resultados confiables<\/p>\n<\/li>\n<li data-start=\"2690\" data-end=\"2737\">\n<p data-start=\"2692\" data-end=\"2737\">Uniquement \u00e0 des fins scientifiques :<\/p>\n<\/li>\n<li data-start=\"2738\" data-end=\"2820\">\n<p data-start=\"2740\" data-end=\"2820\">Attraktive Konditionen f\u00fcr echtes oder gef\u00e4lschtes Furanylfentanyl (Fu-F)225 zu verkaufen<\/p>\n<\/li>\n<\/ul>\n<h3 data-start=\"2827\" data-end=\"2837\">Conclusion<\/h3>\n<p data-start=\"2839\" data-end=\"3135\">Wenn Sie Furanylfentanyl (Fu-F)225 online kaufen m\u00f6chten, sind wir Ihr zuverl\u00e4ssiger Partner. Ob Furanylfentanyl (Fu-F)225 g\u00fcnstig online kaufen oder die Suche nach dem bester Ort, um Furanylfentanyl (Fu-F)225 zu kaufen, bei uns erhalten Sie gepr\u00fcfte Reinheit, faire Preise und diskrete Lieferung.<\/p>\n<p data-start=\"3137\" data-end=\"3278\">Starten Sie jetzt Ihre Bestellung und sichern Sie sich Furanylfentanyl (Fu-F)225 zu verkaufen \u2013 schnell, sicher und mit absoluter Qualit\u00e4t.<\/p>","protected":false},"excerpt":{"rendered":"<p><strong>Furanylfentanyl (Fu-F)<\/strong> est une sp\u00e9cification synth\u00e9tique d'analogues d'opio\u00efdes d\u00e9velopp\u00e9e \u00e0 des fins de recherche scientifique. Elle offre un moyen pr\u00e9cis d'analyser les propri\u00e9t\u00e9s pharmacologiques et les interactions avec les r\u00e9cepteurs. La plus grande puret\u00e9 et qualit\u00e9 garantissent des r\u00e9sultats fiables. Exclusivement approuv\u00e9 pour les applications en laboratoire, pas pour la consommation humaine.<\/p>","protected":false},"featured_media":1107,"comment_status":"open","ping_status":"closed","template":"","meta":{"_joinchat":[]},"product_brand":[],"product_cat":[1800],"product_tag":[2238,2246,2240,2242,2237,2239,2244,2241,2243,2245],"class_list":{"0":"post-1106","1":"product","2":"type-product","3":"status-publish","4":"has-post-thumbnail","6":"product_cat-sedatives","7":"product_tag-fu-f-225","8":"product_tag-fu-f-225-forschung","9":"product_tag-fu-f-225-kaufen","10":"product_tag-fu-f-225-online","11":"product_tag-furanylfentanyl","12":"product_tag-furanylfentanyl-kaufen","13":"product_tag-furanylfentanyl-kristalle","14":"product_tag-furanylfentanyl-online","15":"product_tag-furanylfentanyl-pulver","16":"product_tag-synthetische-opioide","18":"first","19":"instock","20":"shipping-taxable","21":"purchasable","22":"product-type-variable"},"yoast_head":"<!-- This site is optimized with the Yoast SEO plugin v26.1.1 - https:\/\/yoast.com\/wordpress\/plugins\/seo\/ -->\n<title>Furanylfentanyl (Fu-F) | Hochreine Substanz f\u00fcr Laborstudien<\/title>\n<meta name=\"description\" content=\"F\u00fchren Sie pr\u00e4zise Forschung mit Furanylfentanyl (Fu-F) durch. Ideal f\u00fcr pharmakologische Studien mit h\u00f6chster Reinheit. Nur f\u00fcr wissenschaftliche Zwecke zugelassen.\" \/>\n<meta name=\"robots\" content=\"index, follow, max-snippet:-1, max-image-preview:large, max-video-preview:-1\" \/>\n<link rel=\"canonical\" href=\"https:\/\/chemgramx.com\/fr\/produit\/furanylfentanyl-fu-f225\/\" \/>\n<meta property=\"og:locale\" content=\"fr_FR\" \/>\n<meta property=\"og:type\" content=\"article\" \/>\n<meta property=\"og:title\" content=\"Furanylfentanyl (Fu-F) | Hochreine Substanz f\u00fcr Laborstudien\" \/>\n<meta property=\"og:description\" content=\"F\u00fchren Sie pr\u00e4zise Forschung mit Furanylfentanyl (Fu-F) durch. Ideal f\u00fcr pharmakologische Studien mit h\u00f6chster Reinheit. Nur f\u00fcr wissenschaftliche Zwecke zugelassen.\" \/>\n<meta property=\"og:url\" content=\"https:\/\/chemgramx.com\/fr\/produit\/furanylfentanyl-fu-f225\/\" \/>\n<meta property=\"og:site_name\" content=\"Chemgramx\" \/>\n<meta property=\"article:modified_time\" content=\"2025-10-18T05:24:17+00:00\" \/>\n<meta property=\"og:image\" content=\"https:\/\/chemgramx.com\/wp-content\/uploads\/2024\/12\/fuf.png\" \/>\n\t<meta property=\"og:image:width\" content=\"600\" \/>\n\t<meta property=\"og:image:height\" content=\"400\" \/>\n\t<meta property=\"og:image:type\" content=\"image\/png\" \/>\n<meta name=\"twitter:card\" content=\"summary_large_image\" \/>\n<meta name=\"twitter:label1\" content=\"Dur\u00e9e de lecture estim\u00e9e\" \/>\n\t<meta name=\"twitter:data1\" content=\"2 minutes\" \/>\n<script type=\"application\/ld+json\" class=\"yoast-schema-graph\">{\"@context\":\"https:\/\/schema.org\",\"@graph\":[{\"@type\":\"WebPage\",\"@id\":\"https:\/\/chemgramx.com\/product\/furanylfentanyl-fu-f225\/\",\"url\":\"https:\/\/chemgramx.com\/product\/furanylfentanyl-fu-f225\/\",\"name\":\"Furanylfentanyl (Fu-F) | Hochreine Substanz f\u00fcr Laborstudien\",\"isPartOf\":{\"@id\":\"https:\/\/chemgramx.com\/#website\"},\"primaryImageOfPage\":{\"@id\":\"https:\/\/chemgramx.com\/product\/furanylfentanyl-fu-f225\/#primaryimage\"},\"image\":{\"@id\":\"https:\/\/chemgramx.com\/product\/furanylfentanyl-fu-f225\/#primaryimage\"},\"thumbnailUrl\":\"https:\/\/chemgramx.com\/wp-content\/uploads\/2024\/12\/fuf.png\",\"datePublished\":\"2024-12-08T14:23:20+00:00\",\"dateModified\":\"2025-10-18T05:24:17+00:00\",\"description\":\"F\u00fchren Sie pr\u00e4zise Forschung mit Furanylfentanyl (Fu-F) durch. Ideal f\u00fcr pharmakologische Studien mit h\u00f6chster Reinheit. Nur f\u00fcr wissenschaftliche Zwecke zugelassen.\",\"breadcrumb\":{\"@id\":\"https:\/\/chemgramx.com\/product\/furanylfentanyl-fu-f225\/#breadcrumb\"},\"inLanguage\":\"fr-FR\",\"potentialAction\":[{\"@type\":\"ReadAction\",\"target\":[\"https:\/\/chemgramx.com\/product\/furanylfentanyl-fu-f225\/\"]}]},{\"@type\":\"ImageObject\",\"inLanguage\":\"fr-FR\",\"@id\":\"https:\/\/chemgramx.com\/product\/furanylfentanyl-fu-f225\/#primaryimage\",\"url\":\"https:\/\/chemgramx.com\/wp-content\/uploads\/2024\/12\/fuf.png\",\"contentUrl\":\"https:\/\/chemgramx.com\/wp-content\/uploads\/2024\/12\/fuf.png\",\"width\":600,\"height\":400,\"caption\":\"Furanylfentanyl (Fu-F)\"},{\"@type\":\"BreadcrumbList\",\"@id\":\"https:\/\/chemgramx.com\/product\/furanylfentanyl-fu-f225\/#breadcrumb\",\"itemListElement\":[{\"@type\":\"ListItem\",\"position\":1,\"name\":\"Home\",\"item\":\"https:\/\/chemgramx.com\/\"},{\"@type\":\"ListItem\",\"position\":2,\"name\":\"Shop\",\"item\":\"https:\/\/chemgramx.com\/shop\/\"},{\"@type\":\"ListItem\",\"position\":3,\"name\":\"Furanylfentanyl (Fu-F)225 online kaufen\"}]},{\"@type\":\"WebSite\",\"@id\":\"https:\/\/chemgramx.com\/#website\",\"url\":\"https:\/\/chemgramx.com\/\",\"name\":\"Chemgramx\",\"description\":\"\",\"publisher\":{\"@id\":\"https:\/\/chemgramx.com\/#organization\"},\"potentialAction\":[{\"@type\":\"SearchAction\",\"target\":{\"@type\":\"EntryPoint\",\"urlTemplate\":\"https:\/\/chemgramx.com\/?s={search_term_string}\"},\"query-input\":{\"@type\":\"PropertyValueSpecification\",\"valueRequired\":true,\"valueName\":\"search_term_string\"}}],\"inLanguage\":\"fr-FR\"},{\"@type\":\"Organization\",\"@id\":\"https:\/\/chemgramx.com\/#organization\",\"name\":\"Chemgramx\",\"url\":\"https:\/\/chemgramx.com\/\",\"logo\":{\"@type\":\"ImageObject\",\"inLanguage\":\"fr-FR\",\"@id\":\"https:\/\/chemgramx.com\/#\/schema\/logo\/image\/\",\"url\":\"https:\/\/chemgramx.com\/wp-content\/uploads\/2024\/10\/final-logo.png\",\"contentUrl\":\"https:\/\/chemgramx.com\/wp-content\/uploads\/2024\/10\/final-logo.png\",\"width\":250,\"height\":48,\"caption\":\"Chemgramx\"},\"image\":{\"@id\":\"https:\/\/chemgramx.com\/#\/schema\/logo\/image\/\"}}]}<\/script>\n<!-- \/ Yoast SEO plugin. -->","yoast_head_json":{"title":"Furanylfentanyl (Fu-F) | Hochreine Substanz f\u00fcr Laborstudien","description":"F\u00fchren Sie pr\u00e4zise Forschung mit Furanylfentanyl (Fu-F) durch. Ideal f\u00fcr pharmakologische Studien mit h\u00f6chster Reinheit. Nur f\u00fcr wissenschaftliche Zwecke zugelassen.","robots":{"index":"index","follow":"follow","max-snippet":"max-snippet:-1","max-image-preview":"max-image-preview:large","max-video-preview":"max-video-preview:-1"},"canonical":"https:\/\/chemgramx.com\/fr\/produit\/furanylfentanyl-fu-f225\/","og_locale":"fr_FR","og_type":"article","og_title":"Furanylfentanyl (Fu-F) | Hochreine Substanz f\u00fcr Laborstudien","og_description":"F\u00fchren Sie pr\u00e4zise Forschung mit Furanylfentanyl (Fu-F) durch. Ideal f\u00fcr pharmakologische Studien mit h\u00f6chster Reinheit. Nur f\u00fcr wissenschaftliche Zwecke zugelassen.","og_url":"https:\/\/chemgramx.com\/fr\/produit\/furanylfentanyl-fu-f225\/","og_site_name":"Chemgramx","article_modified_time":"2025-10-18T05:24:17+00:00","og_image":[{"width":600,"height":400,"url":"https:\/\/chemgramx.com\/wp-content\/uploads\/2024\/12\/fuf.png","type":"image\/png"}],"twitter_card":"summary_large_image","twitter_misc":{"Dur\u00e9e de lecture estim\u00e9e":"2 minutes"},"schema":{"@context":"https:\/\/schema.org","@graph":[{"@type":"WebPage","@id":"https:\/\/chemgramx.com\/product\/furanylfentanyl-fu-f225\/","url":"https:\/\/chemgramx.com\/product\/furanylfentanyl-fu-f225\/","name":"Furanylfentanyl (Fu-F) | Hochreine Substanz f\u00fcr Laborstudien","isPartOf":{"@id":"https:\/\/chemgramx.com\/#website"},"primaryImageOfPage":{"@id":"https:\/\/chemgramx.com\/product\/furanylfentanyl-fu-f225\/#primaryimage"},"image":{"@id":"https:\/\/chemgramx.com\/product\/furanylfentanyl-fu-f225\/#primaryimage"},"thumbnailUrl":"https:\/\/chemgramx.com\/wp-content\/uploads\/2024\/12\/fuf.png","datePublished":"2024-12-08T14:23:20+00:00","dateModified":"2025-10-18T05:24:17+00:00","description":"F\u00fchren Sie pr\u00e4zise Forschung mit Furanylfentanyl (Fu-F) durch. Ideal f\u00fcr pharmakologische Studien mit h\u00f6chster Reinheit. Nur f\u00fcr wissenschaftliche Zwecke zugelassen.","breadcrumb":{"@id":"https:\/\/chemgramx.com\/product\/furanylfentanyl-fu-f225\/#breadcrumb"},"inLanguage":"fr-FR","potentialAction":[{"@type":"ReadAction","target":["https:\/\/chemgramx.com\/product\/furanylfentanyl-fu-f225\/"]}]},{"@type":"ImageObject","inLanguage":"fr-FR","@id":"https:\/\/chemgramx.com\/product\/furanylfentanyl-fu-f225\/#primaryimage","url":"https:\/\/chemgramx.com\/wp-content\/uploads\/2024\/12\/fuf.png","contentUrl":"https:\/\/chemgramx.com\/wp-content\/uploads\/2024\/12\/fuf.png","width":600,"height":400,"caption":"Furanylfentanyl (Fu-F)"},{"@type":"BreadcrumbList","@id":"https:\/\/chemgramx.com\/product\/furanylfentanyl-fu-f225\/#breadcrumb","itemListElement":[{"@type":"ListItem","position":1,"name":"Home","item":"https:\/\/chemgramx.com\/"},{"@type":"ListItem","position":2,"name":"Shop","item":"https:\/\/chemgramx.com\/shop\/"},{"@type":"ListItem","position":3,"name":"Furanylfentanyl (Fu-F)225 online kaufen"}]},{"@type":"WebSite","@id":"https:\/\/chemgramx.com\/#website","url":"https:\/\/chemgramx.com\/","name":"Chemgramx","description":"","publisher":{"@id":"https:\/\/chemgramx.com\/#organization"},"potentialAction":[{"@type":"SearchAction","target":{"@type":"EntryPoint","urlTemplate":"https:\/\/chemgramx.com\/?s={search_term_string}"},"query-input":{"@type":"PropertyValueSpecification","valueRequired":true,"valueName":"search_term_string"}}],"inLanguage":"fr-FR"},{"@type":"Organization","@id":"https:\/\/chemgramx.com\/#organization","name":"Chemgramx","url":"https:\/\/chemgramx.com\/","logo":{"@type":"ImageObject","inLanguage":"fr-FR","@id":"https:\/\/chemgramx.com\/#\/schema\/logo\/image\/","url":"https:\/\/chemgramx.com\/wp-content\/uploads\/2024\/10\/final-logo.png","contentUrl":"https:\/\/chemgramx.com\/wp-content\/uploads\/2024\/10\/final-logo.png","width":250,"height":48,"caption":"Chemgramx"},"image":{"@id":"https:\/\/chemgramx.com\/#\/schema\/logo\/image\/"}}]}},"_links":{"self":[{"href":"https:\/\/chemgramx.com\/fr\/wp-json\/wp\/v2\/product\/1106","targetHints":{"allow":["GET"]}}],"collection":[{"href":"https:\/\/chemgramx.com\/fr\/wp-json\/wp\/v2\/product"}],"about":[{"href":"https:\/\/chemgramx.com\/fr\/wp-json\/wp\/v2\/types\/product"}],"replies":[{"embeddable":true,"href":"https:\/\/chemgramx.com\/fr\/wp-json\/wp\/v2\/comments?post=1106"}],"wp:featuredmedia":[{"embeddable":true,"href":"https:\/\/chemgramx.com\/fr\/wp-json\/wp\/v2\/media\/1107"}],"wp:attachment":[{"href":"https:\/\/chemgramx.com\/fr\/wp-json\/wp\/v2\/media?parent=1106"}],"wp:term":[{"taxonomy":"product_brand","embeddable":true,"href":"https:\/\/chemgramx.com\/fr\/wp-json\/wp\/v2\/product_brand?post=1106"},{"taxonomy":"product_cat","embeddable":true,"href":"https:\/\/chemgramx.com\/fr\/wp-json\/wp\/v2\/product_cat?post=1106"},{"taxonomy":"product_tag","embeddable":true,"href":"https:\/\/chemgramx.com\/fr\/wp-json\/wp\/v2\/product_tag?post=1106"}],"curies":[{"name":"wp","href":"https:\/\/api.w.org\/{rel}","templated":true}]}}