{"id":1110,"date":"2024-12-08T14:33:41","date_gmt":"2024-12-08T14:33:41","guid":{"rendered":"https:\/\/chemgramx.com\/?post_type=product&#038;p=1110"},"modified":"2025-10-18T06:45:32","modified_gmt":"2025-10-18T06:45:32","slug":"u-47700","status":"publish","type":"product","link":"https:\/\/chemgramx.com\/fr\/produit\/u-47700\/","title":{"rendered":"Acheter U-47700 en ligne"},"content":{"rendered":"<h2 data-start=\"128\" data-end=\"154\">Acheter U-47700 en ligne<\/h2>\n<p data-start=\"156\" data-end=\"558\">Suchen Sie nach einer sicheren M\u00f6glichkeit, U-47700 online kaufen? Bei uns finden Sie hochwertiges U-47700 zu verkaufen, gepr\u00fcft und mit h\u00f6chster Reinheit. Ob Sie buy real or fake U-47700 m\u00f6chten oder sich fragen, where to buy U-47700, wir bieten die L\u00f6sung f\u00fcr Labore und Forscher. Mit attraktiven Konditionen k\u00f6nnen Sie auch U-47700 g\u00fcnstig online kaufen,\u00a0ohne Kompromisse bei der Qualit\u00e4t.<\/p>\n<h3 data-start=\"565\" data-end=\"586\">Qu'est-ce que l'U-47700 ?<\/h3>\n<p data-start=\"588\" data-end=\"885\">L'U-47700 est un produit chimique de synth\u00e8se de pointe, principalement utilis\u00e9 en recherche pharmacologique et biochimique. Ce compos\u00e9 est fr\u00e9quemment utilis\u00e9 pour \u00e9tudier les interactions entre r\u00e9cepteurs et analyser les m\u00e9canismes d'action mol\u00e9culaires.<\/p>\n<p data-start=\"887\" data-end=\"1066\">Forscher, die U-47700 online kaufen, profitieren von der stabilen chemischen Struktur und au\u00dfergew\u00f6hnlichen Reinheit, was sie ideal f\u00fcr pr\u00e4zise wissenschaftliche Studien macht.<\/p>\n<h3 data-start=\"1073\" data-end=\"1104\">Application \u00e0 la recherche<\/h3>\n<p data-start=\"1106\" data-end=\"1450\">Gr\u00e2ce \u00e0 sa composition chimique stable et pr\u00e9cise, l'U-47700 constitue un excellent choix pour les laboratoires souhaitant mener des \u00e9tudes avanc\u00e9es. Il est particuli\u00e8rement adapt\u00e9 \u00e0 l'\u00e9tude de la modulation de la douleur et au d\u00e9veloppement de m\u00e9dicaments, constituant un outil essentiel pour explorer de nouvelles approches th\u00e9rapeutiques.<\/p>\n<p data-start=\"1452\" data-end=\"1583\">Wichtig: Nur Bestellen Sie echtes oder gef\u00e4lschtes U-47700 bei seri\u00f6sen Anbietern, die Reinheitszertifikate und gepr\u00fcfte Qualit\u00e4t bereitstellen.<\/p>\n<h3 data-start=\"1590\" data-end=\"1618\">Qualit\u00e9 et s\u00e9curit\u00e9<\/h3>\n<p data-start=\"1620\" data-end=\"1843\">Jede Charge von U-47700 wird unter strengsten Laborbedingungen getestet, um au\u00dfergew\u00f6hnliche Reinheit und Stabilit\u00e4t zu gew\u00e4hrleisten. Damit ist es die richtige Wahl, wenn Sie denbester Ort, um U-47700 zu kaufen suchen.<\/p>\n<p data-start=\"1845\" data-end=\"1991\">F\u00fcr Forschungseinrichtungen mit kleinem Budget ist es ebenfalls m\u00f6glich, U-47700 g\u00fcnstig online kaufen und dennoch gepr\u00fcfte Qualit\u00e4t zu erhalten.<\/p>\n<h3 data-start=\"1998\" data-end=\"2016\">Instructions de stockage<\/h3>\n<p data-start=\"2018\" data-end=\"2234\">\u00eatre stock\u00e9 dans un endroit frais et sec, loin de la lumi\u00e8re directe du soleil. Il est important de respecter toutes les consignes de s\u00e9curit\u00e9 relatives \u00e0 la manipulation des<\/p>\n<h3 data-start=\"2241\" data-end=\"2284\">Principales caract\u00e9ristiques et avantages du U-47700<\/h3>\n<ul data-start=\"2286\" data-end=\"2599\">\n<li data-start=\"2286\" data-end=\"2347\">\n<p data-start=\"2288\" data-end=\"2347\">Puret\u00e9 maximale pour des r\u00e9sultats pr\u00e9cis et fiables<\/p>\n<\/li>\n<li data-start=\"2348\" data-end=\"2418\">\n<p data-start=\"2350\" data-end=\"2418\">Application polyvalente dans les \u00e9tudes pharmacologiques et mol\u00e9culaires<\/p>\n<\/li>\n<li data-start=\"2419\" data-end=\"2480\">\n<p data-start=\"2421\" data-end=\"2480\">Contr\u00f4les de qualit\u00e9 stricts pour une consistance constante<\/p>\n<\/li>\n<li data-start=\"2481\" data-end=\"2540\">\n<p data-start=\"2483\" data-end=\"2540\">Sp\u00e9cifique \u00e0 la recherche et optimis\u00e9 pour les applications en laboratoire<\/p>\n<\/li>\n<li data-start=\"2541\" data-end=\"2599\">\n<p data-start=\"2543\" data-end=\"2599\">Prix \u00e9quitable de l'U-47700 pour les projets scientifiques<\/p>\n<\/li>\n<\/ul>\n<h3 data-start=\"2606\" data-end=\"2616\">Conclusion<\/h3>\n<p data-start=\"2618\" data-end=\"2830\">Wenn Sie echtes oder gef\u00e4lschtes U-47700 zu verkaufen suchen, sind wir Ihr vertrauensw\u00fcrdiger Partner. Mit gepr\u00fcfter Reinheit, diskreter Lieferung und fairen Preisen ist es jetzt einfacher denn je, U-47700 online kaufen.<\/p>\n<p data-start=\"2832\" data-end=\"2909\">D\u00e9marrez votre projet d\u00e8s aujourd\u2019hui \u2013 en toute s\u00e9curit\u00e9, fiabilit\u00e9 et professionnalisme.<\/p>","protected":false},"excerpt":{"rendered":"<p><strong>U-47700<\/strong> est un compos\u00e9 synth\u00e9tique innovant sp\u00e9cialement con\u00e7u pour les \u00e9tudes scientifiques. Il permet des analyses d\u00e9taill\u00e9es des propri\u00e9t\u00e9s pharmacologiques et des interactions avec les r\u00e9cepteurs. Gr\u00e2ce \u00e0 une puret\u00e9 maximale et \u00e0 des contr\u00f4les de qualit\u00e9 stricts, il fournit des r\u00e9sultats fiables. Exclusivement destin\u00e9 \u00e0 des applications en laboratoire, il ne convient pas \u00e0 la consommation humaine.<\/p>","protected":false},"featured_media":1111,"comment_status":"open","ping_status":"closed","template":"","meta":{"_joinchat":[]},"product_brand":[],"product_cat":[1800],"product_tag":[2182,2228,2236,2234,2235,2229,2233,2231,2232,2230],"class_list":{"0":"post-1110","1":"product","2":"type-product","3":"status-publish","4":"has-post-thumbnail","6":"product_cat-sedatives","7":"product_tag-synthetische-chemikalien","8":"product_tag-u-47700","9":"product_tag-u-47700-chemikalien","10":"product_tag-u-47700-forschung","11":"product_tag-u-47700-fur-forschung","12":"product_tag-u-47700-kaufen","13":"product_tag-u-47700-kristalle","14":"product_tag-u-47700-online","15":"product_tag-u-47700-pulver","16":"product_tag-u-47700-zum-verkauf","18":"first","19":"instock","20":"shipping-taxable","21":"purchasable","22":"product-type-variable"},"yoast_head":"<!-- This site is optimized with the Yoast SEO plugin v26.1.1 - https:\/\/yoast.com\/wordpress\/plugins\/seo\/ -->\n<title>U-47700 | Hochreine Chemikalie f\u00fcr fortschrittliche Forschung<\/title>\n<meta name=\"description\" content=\"U-47700, eine hochwertige Forschungschemikalie f\u00fcr pr\u00e4zise Studien. Entwickelt f\u00fcr Labore mit Fokus auf Reinheit und Qualit\u00e4t. Nicht f\u00fcr den menschlichen Konsum.\" \/>\n<meta name=\"robots\" content=\"index, follow, max-snippet:-1, max-image-preview:large, max-video-preview:-1\" \/>\n<link rel=\"canonical\" href=\"https:\/\/chemgramx.com\/fr\/produit\/u-47700\/\" \/>\n<meta property=\"og:locale\" content=\"fr_FR\" \/>\n<meta property=\"og:type\" content=\"article\" \/>\n<meta property=\"og:title\" content=\"U-47700 | Hochreine Chemikalie f\u00fcr fortschrittliche Forschung\" \/>\n<meta property=\"og:description\" content=\"U-47700, eine hochwertige Forschungschemikalie f\u00fcr pr\u00e4zise Studien. Entwickelt f\u00fcr Labore mit Fokus auf Reinheit und Qualit\u00e4t. Nicht f\u00fcr den menschlichen Konsum.\" \/>\n<meta property=\"og:url\" content=\"https:\/\/chemgramx.com\/fr\/produit\/u-47700\/\" \/>\n<meta property=\"og:site_name\" content=\"Chemgramx\" \/>\n<meta property=\"article:modified_time\" content=\"2025-10-18T06:45:32+00:00\" \/>\n<meta property=\"og:image\" content=\"https:\/\/chemgramx.com\/wp-content\/uploads\/2024\/12\/z16.png\" \/>\n\t<meta property=\"og:image:width\" content=\"600\" \/>\n\t<meta property=\"og:image:height\" content=\"403\" \/>\n\t<meta property=\"og:image:type\" content=\"image\/png\" \/>\n<meta name=\"twitter:card\" content=\"summary_large_image\" \/>\n<meta name=\"twitter:label1\" content=\"Dur\u00e9e de lecture estim\u00e9e\" \/>\n\t<meta name=\"twitter:data1\" content=\"2 minutes\" \/>\n<script type=\"application\/ld+json\" class=\"yoast-schema-graph\">{\"@context\":\"https:\/\/schema.org\",\"@graph\":[{\"@type\":\"WebPage\",\"@id\":\"https:\/\/chemgramx.com\/product\/u-47700\/\",\"url\":\"https:\/\/chemgramx.com\/product\/u-47700\/\",\"name\":\"U-47700 | Hochreine Chemikalie f\u00fcr fortschrittliche Forschung\",\"isPartOf\":{\"@id\":\"https:\/\/chemgramx.com\/#website\"},\"primaryImageOfPage\":{\"@id\":\"https:\/\/chemgramx.com\/product\/u-47700\/#primaryimage\"},\"image\":{\"@id\":\"https:\/\/chemgramx.com\/product\/u-47700\/#primaryimage\"},\"thumbnailUrl\":\"https:\/\/chemgramx.com\/wp-content\/uploads\/2024\/12\/z16.png\",\"datePublished\":\"2024-12-08T14:33:41+00:00\",\"dateModified\":\"2025-10-18T06:45:32+00:00\",\"description\":\"U-47700, eine hochwertige Forschungschemikalie f\u00fcr pr\u00e4zise Studien. Entwickelt f\u00fcr Labore mit Fokus auf Reinheit und Qualit\u00e4t. Nicht f\u00fcr den menschlichen Konsum.\",\"breadcrumb\":{\"@id\":\"https:\/\/chemgramx.com\/product\/u-47700\/#breadcrumb\"},\"inLanguage\":\"fr-FR\",\"potentialAction\":[{\"@type\":\"ReadAction\",\"target\":[\"https:\/\/chemgramx.com\/product\/u-47700\/\"]}]},{\"@type\":\"ImageObject\",\"inLanguage\":\"fr-FR\",\"@id\":\"https:\/\/chemgramx.com\/product\/u-47700\/#primaryimage\",\"url\":\"https:\/\/chemgramx.com\/wp-content\/uploads\/2024\/12\/z16.png\",\"contentUrl\":\"https:\/\/chemgramx.com\/wp-content\/uploads\/2024\/12\/z16.png\",\"width\":600,\"height\":403,\"caption\":\"U-47700\"},{\"@type\":\"BreadcrumbList\",\"@id\":\"https:\/\/chemgramx.com\/product\/u-47700\/#breadcrumb\",\"itemListElement\":[{\"@type\":\"ListItem\",\"position\":1,\"name\":\"Home\",\"item\":\"https:\/\/chemgramx.com\/\"},{\"@type\":\"ListItem\",\"position\":2,\"name\":\"Shop\",\"item\":\"https:\/\/chemgramx.com\/shop\/\"},{\"@type\":\"ListItem\",\"position\":3,\"name\":\"U-47700 online kaufen\"}]},{\"@type\":\"WebSite\",\"@id\":\"https:\/\/chemgramx.com\/#website\",\"url\":\"https:\/\/chemgramx.com\/\",\"name\":\"Chemgramx\",\"description\":\"\",\"publisher\":{\"@id\":\"https:\/\/chemgramx.com\/#organization\"},\"potentialAction\":[{\"@type\":\"SearchAction\",\"target\":{\"@type\":\"EntryPoint\",\"urlTemplate\":\"https:\/\/chemgramx.com\/?s={search_term_string}\"},\"query-input\":{\"@type\":\"PropertyValueSpecification\",\"valueRequired\":true,\"valueName\":\"search_term_string\"}}],\"inLanguage\":\"fr-FR\"},{\"@type\":\"Organization\",\"@id\":\"https:\/\/chemgramx.com\/#organization\",\"name\":\"Chemgramx\",\"url\":\"https:\/\/chemgramx.com\/\",\"logo\":{\"@type\":\"ImageObject\",\"inLanguage\":\"fr-FR\",\"@id\":\"https:\/\/chemgramx.com\/#\/schema\/logo\/image\/\",\"url\":\"https:\/\/chemgramx.com\/wp-content\/uploads\/2024\/10\/final-logo.png\",\"contentUrl\":\"https:\/\/chemgramx.com\/wp-content\/uploads\/2024\/10\/final-logo.png\",\"width\":250,\"height\":48,\"caption\":\"Chemgramx\"},\"image\":{\"@id\":\"https:\/\/chemgramx.com\/#\/schema\/logo\/image\/\"}}]}<\/script>\n<!-- \/ Yoast SEO plugin. -->","yoast_head_json":{"title":"U-47700 | Hochreine Chemikalie f\u00fcr fortschrittliche Forschung","description":"U-47700, eine hochwertige Forschungschemikalie f\u00fcr pr\u00e4zise Studien. Entwickelt f\u00fcr Labore mit Fokus auf Reinheit und Qualit\u00e4t. Nicht f\u00fcr den menschlichen Konsum.","robots":{"index":"index","follow":"follow","max-snippet":"max-snippet:-1","max-image-preview":"max-image-preview:large","max-video-preview":"max-video-preview:-1"},"canonical":"https:\/\/chemgramx.com\/fr\/produit\/u-47700\/","og_locale":"fr_FR","og_type":"article","og_title":"U-47700 | Hochreine Chemikalie f\u00fcr fortschrittliche Forschung","og_description":"U-47700, eine hochwertige Forschungschemikalie f\u00fcr pr\u00e4zise Studien. Entwickelt f\u00fcr Labore mit Fokus auf Reinheit und Qualit\u00e4t. Nicht f\u00fcr den menschlichen Konsum.","og_url":"https:\/\/chemgramx.com\/fr\/produit\/u-47700\/","og_site_name":"Chemgramx","article_modified_time":"2025-10-18T06:45:32+00:00","og_image":[{"width":600,"height":403,"url":"https:\/\/chemgramx.com\/wp-content\/uploads\/2024\/12\/z16.png","type":"image\/png"}],"twitter_card":"summary_large_image","twitter_misc":{"Dur\u00e9e de lecture estim\u00e9e":"2 minutes"},"schema":{"@context":"https:\/\/schema.org","@graph":[{"@type":"WebPage","@id":"https:\/\/chemgramx.com\/product\/u-47700\/","url":"https:\/\/chemgramx.com\/product\/u-47700\/","name":"U-47700 | Hochreine Chemikalie f\u00fcr fortschrittliche Forschung","isPartOf":{"@id":"https:\/\/chemgramx.com\/#website"},"primaryImageOfPage":{"@id":"https:\/\/chemgramx.com\/product\/u-47700\/#primaryimage"},"image":{"@id":"https:\/\/chemgramx.com\/product\/u-47700\/#primaryimage"},"thumbnailUrl":"https:\/\/chemgramx.com\/wp-content\/uploads\/2024\/12\/z16.png","datePublished":"2024-12-08T14:33:41+00:00","dateModified":"2025-10-18T06:45:32+00:00","description":"U-47700, eine hochwertige Forschungschemikalie f\u00fcr pr\u00e4zise Studien. Entwickelt f\u00fcr Labore mit Fokus auf Reinheit und Qualit\u00e4t. Nicht f\u00fcr den menschlichen Konsum.","breadcrumb":{"@id":"https:\/\/chemgramx.com\/product\/u-47700\/#breadcrumb"},"inLanguage":"fr-FR","potentialAction":[{"@type":"ReadAction","target":["https:\/\/chemgramx.com\/product\/u-47700\/"]}]},{"@type":"ImageObject","inLanguage":"fr-FR","@id":"https:\/\/chemgramx.com\/product\/u-47700\/#primaryimage","url":"https:\/\/chemgramx.com\/wp-content\/uploads\/2024\/12\/z16.png","contentUrl":"https:\/\/chemgramx.com\/wp-content\/uploads\/2024\/12\/z16.png","width":600,"height":403,"caption":"U-47700"},{"@type":"BreadcrumbList","@id":"https:\/\/chemgramx.com\/product\/u-47700\/#breadcrumb","itemListElement":[{"@type":"ListItem","position":1,"name":"Home","item":"https:\/\/chemgramx.com\/"},{"@type":"ListItem","position":2,"name":"Shop","item":"https:\/\/chemgramx.com\/shop\/"},{"@type":"ListItem","position":3,"name":"U-47700 online kaufen"}]},{"@type":"WebSite","@id":"https:\/\/chemgramx.com\/#website","url":"https:\/\/chemgramx.com\/","name":"Chemgramx","description":"","publisher":{"@id":"https:\/\/chemgramx.com\/#organization"},"potentialAction":[{"@type":"SearchAction","target":{"@type":"EntryPoint","urlTemplate":"https:\/\/chemgramx.com\/?s={search_term_string}"},"query-input":{"@type":"PropertyValueSpecification","valueRequired":true,"valueName":"search_term_string"}}],"inLanguage":"fr-FR"},{"@type":"Organization","@id":"https:\/\/chemgramx.com\/#organization","name":"Chemgramx","url":"https:\/\/chemgramx.com\/","logo":{"@type":"ImageObject","inLanguage":"fr-FR","@id":"https:\/\/chemgramx.com\/#\/schema\/logo\/image\/","url":"https:\/\/chemgramx.com\/wp-content\/uploads\/2024\/10\/final-logo.png","contentUrl":"https:\/\/chemgramx.com\/wp-content\/uploads\/2024\/10\/final-logo.png","width":250,"height":48,"caption":"Chemgramx"},"image":{"@id":"https:\/\/chemgramx.com\/#\/schema\/logo\/image\/"}}]}},"_links":{"self":[{"href":"https:\/\/chemgramx.com\/fr\/wp-json\/wp\/v2\/product\/1110","targetHints":{"allow":["GET"]}}],"collection":[{"href":"https:\/\/chemgramx.com\/fr\/wp-json\/wp\/v2\/product"}],"about":[{"href":"https:\/\/chemgramx.com\/fr\/wp-json\/wp\/v2\/types\/product"}],"replies":[{"embeddable":true,"href":"https:\/\/chemgramx.com\/fr\/wp-json\/wp\/v2\/comments?post=1110"}],"wp:featuredmedia":[{"embeddable":true,"href":"https:\/\/chemgramx.com\/fr\/wp-json\/wp\/v2\/media\/1111"}],"wp:attachment":[{"href":"https:\/\/chemgramx.com\/fr\/wp-json\/wp\/v2\/media?parent=1110"}],"wp:term":[{"taxonomy":"product_brand","embeddable":true,"href":"https:\/\/chemgramx.com\/fr\/wp-json\/wp\/v2\/product_brand?post=1110"},{"taxonomy":"product_cat","embeddable":true,"href":"https:\/\/chemgramx.com\/fr\/wp-json\/wp\/v2\/product_cat?post=1110"},{"taxonomy":"product_tag","embeddable":true,"href":"https:\/\/chemgramx.com\/fr\/wp-json\/wp\/v2\/product_tag?post=1110"}],"curies":[{"name":"wp","href":"https:\/\/api.w.org\/{rel}","templated":true}]}}