{"id":1114,"date":"2024-12-08T14:39:29","date_gmt":"2024-12-08T14:39:29","guid":{"rendered":"https:\/\/chemgramx.com\/?post_type=product&#038;p=1114"},"modified":"2025-10-18T06:26:43","modified_gmt":"2025-10-18T06:26:43","slug":"u-49900","status":"publish","type":"product","link":"https:\/\/chemgramx.com\/fr\/produit\/u-49900\/","title":{"rendered":"Acheter U-49900 en ligne"},"content":{"rendered":"<h2 data-start=\"199\" data-end=\"225\">Acheter U-49900 en ligne<\/h2>\n<p data-start=\"227\" data-end=\"626\">Vous cherchez un moyen s\u00fbr de <a href=\"https:\/\/chemgramx.com\/fr\/produit\/u-49900\/\">Acheter U-49900 en ligne<\/a>? U-49900 zu verkaufen ist bei uns in h\u00f6chster Qualit\u00e4t verf\u00fcgbar \u2013 ideal f\u00fcr Forschungslabore, die Wert auf Reinheit, Konsistenz und zuverl\u00e4ssige Ergebnisse legen. Ob Sie Kaufen Sie echtes oder gef\u00e4lschtes U-49900 m\u00f6chten oder sich fragen, wo kann man U-49900 kaufen, wir bieten Ihnen gepr\u00fcfte Substanzen mit absoluter Diskretion und Transparenz.<\/p>\n<h3 data-start=\"633\" data-end=\"654\">Qu'est-ce que l'U-49900 ?<\/h3>\n<p data-start=\"656\" data-end=\"957\">L'U-49900 est un produit chimique de recherche sp\u00e9cialis\u00e9, d\u00e9velopp\u00e9 pour des applications scientifiques exigeantes. Gr\u00e2ce \u00e0 sa structure chimique stable et \u00e0 sa puret\u00e9 exceptionnelle, il est parfaitement adapt\u00e9 \u00e0 l'analyse des m\u00e9canismes mol\u00e9culaires et des processus pharmacologiques.<\/p>\n<p data-start=\"959\" data-end=\"1296\">Diese Verbindung wird h\u00e4ufig in der pharmazeutischen und biochemischen Forschung eingesetzt, insbesondere bei Studien zu Rezeptorinteraktionen und Wirkstoffentwicklungen. Forscher, die U-49900 online kaufen, profitieren von pr\u00e4zisen Ergebnissen, die f\u00fcr die Entwicklung neuer therapeutischer Ans\u00e4tze von entscheidender Bedeutung sind.<\/p>\n<h3 data-start=\"1303\" data-end=\"1332\">Qualit\u00e9 et fabrication<\/h3>\n<p data-start=\"1334\" data-end=\"1506\">L'U-49900 est fabriqu\u00e9 et test\u00e9 selon les contr\u00f4les qualit\u00e9 les plus stricts. Chaque lot est analys\u00e9 individuellement pour garantir sa puret\u00e9 et sa r\u00e9gularit\u00e9.<\/p>\n<p data-start=\"1508\" data-end=\"1768\">Forscher, die Wert auf Zuverl\u00e4ssigkeit legen und den besten Anbieter suchen, entscheiden sich f\u00fcr den bester Ort, um U-49900 zu kaufen. Auch f\u00fcr preisbewusste Labore istU-49900 g\u00fcnstig online kaufen eine ideale L\u00f6sung, ohne Abstriche bei der Qualit\u00e4t zu machen.<\/p>\n<h3 data-start=\"1775\" data-end=\"1804\">Application et s\u00e9curit\u00e9<\/h3>\n<ul data-start=\"1806\" data-end=\"2065\">\n<li data-start=\"1806\" data-end=\"1893\">\n<p data-start=\"1808\" data-end=\"1893\">Id\u00e9al pour la recherche pharmacologique et biochimique<\/p>\n<\/li>\n<li data-start=\"1894\" data-end=\"1994\">\n<p data-start=\"1896\" data-end=\"1994\">Large application : Id\u00e9al pour l'analyse des interactions des r\u00e9cepteurs et le d\u00e9veloppement de m\u00e9dicaments<\/p>\n<\/li>\n<li data-start=\"1995\" data-end=\"2065\">\n<p data-start=\"1997\" data-end=\"2065\">Qualit\u00e9 test\u00e9e : chaque livraison r\u00e9pond aux normes les plus \u00e9lev\u00e9es<\/p>\n<\/li>\n<\/ul>\n<p data-start=\"2067\" data-end=\"2226\">doit \u00eatre utilis\u00e9 exclusivement dans un environnement de laboratoire contr\u00f4l\u00e9 et que toutes les directives de s\u00e9curit\u00e9 applicables doivent \u00eatre respect\u00e9es.<\/p>\n<h3 data-start=\"2233\" data-end=\"2251\">Instructions de stockage<\/h3>\n<p data-start=\"2253\" data-end=\"2428\">dans un endroit frais et sec afin de maximiser la stabilit\u00e9 chimique. La lumi\u00e8re directe du soleil et l'humidit\u00e9 doivent \u00eatre \u00e9vit\u00e9es. Ce compos\u00e9 est destin\u00e9 exclusivement \u00e0 la recherche et ne convient pas \u00e0 la consommation humaine.<\/p>\n<p data-start=\"2430\" data-end=\"2544\">est destin\u00e9 exclusivement \u00e0 la recherche et ne convient pas \u00e0 la consommation humaine ou animale. Il ne devrait \u00eatre utilis\u00e9 que par<\/p>\n<h3 data-start=\"2551\" data-end=\"2586\">Avantages de l'achat du U-49900<\/h3>\n<ul data-start=\"2588\" data-end=\"2821\">\n<li data-start=\"2588\" data-end=\"2633\">\n<p data-start=\"2590\" data-end=\"2633\">Puret\u00e9 maximale pour des \u00e9tudes de laboratoire pr\u00e9cises<\/p>\n<\/li>\n<li data-start=\"2634\" data-end=\"2685\">\n<p data-start=\"2636\" data-end=\"2685\">De larges possibilit\u00e9s d'application<\/p>\n<\/li>\n<li data-start=\"2686\" data-end=\"2733\">\n<p data-start=\"2688\" data-end=\"2733\">Des normes de qualit\u00e9 strictes pour chaque lot<\/p>\n<\/li>\n<li data-start=\"2734\" data-end=\"2765\">\n<p data-start=\"2736\" data-end=\"2765\">Livraison discr\u00e8te dans le monde entier<\/p>\n<\/li>\n<li data-start=\"2766\" data-end=\"2821\">\n<p data-start=\"2768\" data-end=\"2821\">Prix \u00e9quitable de l'U-49900 pour les institutions de recherche<\/p>\n<\/li>\n<\/ul>\n<h3 data-start=\"2828\" data-end=\"2838\">Conclusion<\/h3>\n<p data-start=\"2840\" data-end=\"3088\">Wenn Sie Bestellen Sie echtes oder gef\u00e4lschtes U-49900 m\u00f6chten, bieten wir Ihnen eine sichere und zuverl\u00e4ssige L\u00f6sung. Mit unserem Angebot an echtes oder gef\u00e4lschtes U-49900 zu verkaufen profitieren Sie von gepr\u00fcfter Reinheit, attraktiven Preisen und absoluter Diskretion.<\/p>\n<p data-start=\"3090\" data-end=\"3230\">Jetzt die Gelegenheit nutzen: U-49900 online kaufen und Ihre Forschung auf das n\u00e4chste Level bringen \u2013 sicher, schnell und professionell.<\/p>","protected":false},"excerpt":{"rendered":"<p><strong>U-49900<\/strong> est un compos\u00e9 synth\u00e9tique de haute qualit\u00e9, id\u00e9al pour les \u00e9tudes scientifiques. D'une puret\u00e9 et d'une stabilit\u00e9 exceptionnelles, il soutient la recherche sur les propri\u00e9t\u00e9s pharmacologiques et les interactions mol\u00e9culaires. Parfait pour les applications en laboratoire, non autoris\u00e9 pour la consommation humaine.<\/p>","protected":false},"featured_media":1115,"comment_status":"open","ping_status":"closed","template":"","meta":{"_joinchat":[]},"product_brand":[],"product_cat":[1800],"product_tag":[2182,2210,2218,2216,2217,2211,2215,2213,2214,2212],"class_list":{"0":"post-1114","1":"product","2":"type-product","3":"status-publish","4":"has-post-thumbnail","6":"product_cat-sedatives","7":"product_tag-synthetische-chemikalien","8":"product_tag-u-49900","9":"product_tag-u-49900-chemikalien","10":"product_tag-u-49900-forschung","11":"product_tag-u-49900-fur-forschung","12":"product_tag-u-49900-kaufen","13":"product_tag-u-49900-kristalle","14":"product_tag-u-49900-online","15":"product_tag-u-49900-pulver","16":"product_tag-u-49900-zum-verkauf","18":"first","19":"instock","20":"shipping-taxable","21":"purchasable","22":"product-type-variable"},"yoast_head":"<!-- This site is optimized with the Yoast SEO plugin v26.1.1 - https:\/\/yoast.com\/wordpress\/plugins\/seo\/ -->\n<title>U-49900 | Premium-Chemikalie f\u00fcr anspruchsvolle<\/title>\n<meta name=\"description\" content=\"Erforschen Sie mit U-49900 eine pr\u00e4zise synthetische Verbindung f\u00fcr Laborstudien. H\u00f6chste Reinheit und Stabilit\u00e4t. Nur f\u00fcr wissenschaftliche Zwecke entwickelt.\" \/>\n<meta name=\"robots\" content=\"index, follow, max-snippet:-1, max-image-preview:large, max-video-preview:-1\" \/>\n<link rel=\"canonical\" href=\"https:\/\/chemgramx.com\/fr\/produit\/u-49900\/\" \/>\n<meta property=\"og:locale\" content=\"fr_FR\" \/>\n<meta property=\"og:type\" content=\"article\" \/>\n<meta property=\"og:title\" content=\"U-49900 | Premium-Chemikalie f\u00fcr anspruchsvolle\" \/>\n<meta property=\"og:description\" content=\"Erforschen Sie mit U-49900 eine pr\u00e4zise synthetische Verbindung f\u00fcr Laborstudien. H\u00f6chste Reinheit und Stabilit\u00e4t. Nur f\u00fcr wissenschaftliche Zwecke entwickelt.\" \/>\n<meta property=\"og:url\" content=\"https:\/\/chemgramx.com\/fr\/produit\/u-49900\/\" \/>\n<meta property=\"og:site_name\" content=\"Chemgramx\" \/>\n<meta property=\"article:modified_time\" content=\"2025-10-18T06:26:43+00:00\" \/>\n<meta property=\"og:image\" content=\"https:\/\/chemgramx.com\/wp-content\/uploads\/2024\/12\/u49900.png\" \/>\n\t<meta property=\"og:image:width\" content=\"600\" \/>\n\t<meta property=\"og:image:height\" content=\"400\" \/>\n\t<meta property=\"og:image:type\" content=\"image\/png\" \/>\n<meta name=\"twitter:card\" content=\"summary_large_image\" \/>\n<meta name=\"twitter:label1\" content=\"Dur\u00e9e de lecture estim\u00e9e\" \/>\n\t<meta name=\"twitter:data1\" content=\"2 minutes\" \/>\n<script type=\"application\/ld+json\" class=\"yoast-schema-graph\">{\"@context\":\"https:\/\/schema.org\",\"@graph\":[{\"@type\":\"WebPage\",\"@id\":\"https:\/\/chemgramx.com\/product\/u-49900\/\",\"url\":\"https:\/\/chemgramx.com\/product\/u-49900\/\",\"name\":\"U-49900 | Premium-Chemikalie f\u00fcr anspruchsvolle\",\"isPartOf\":{\"@id\":\"https:\/\/chemgramx.com\/#website\"},\"primaryImageOfPage\":{\"@id\":\"https:\/\/chemgramx.com\/product\/u-49900\/#primaryimage\"},\"image\":{\"@id\":\"https:\/\/chemgramx.com\/product\/u-49900\/#primaryimage\"},\"thumbnailUrl\":\"https:\/\/chemgramx.com\/wp-content\/uploads\/2024\/12\/u49900.png\",\"datePublished\":\"2024-12-08T14:39:29+00:00\",\"dateModified\":\"2025-10-18T06:26:43+00:00\",\"description\":\"Erforschen Sie mit U-49900 eine pr\u00e4zise synthetische Verbindung f\u00fcr Laborstudien. H\u00f6chste Reinheit und Stabilit\u00e4t. Nur f\u00fcr wissenschaftliche Zwecke entwickelt.\",\"breadcrumb\":{\"@id\":\"https:\/\/chemgramx.com\/product\/u-49900\/#breadcrumb\"},\"inLanguage\":\"fr-FR\",\"potentialAction\":[{\"@type\":\"ReadAction\",\"target\":[\"https:\/\/chemgramx.com\/product\/u-49900\/\"]}]},{\"@type\":\"ImageObject\",\"inLanguage\":\"fr-FR\",\"@id\":\"https:\/\/chemgramx.com\/product\/u-49900\/#primaryimage\",\"url\":\"https:\/\/chemgramx.com\/wp-content\/uploads\/2024\/12\/u49900.png\",\"contentUrl\":\"https:\/\/chemgramx.com\/wp-content\/uploads\/2024\/12\/u49900.png\",\"width\":600,\"height\":400,\"caption\":\"U-49900\"},{\"@type\":\"BreadcrumbList\",\"@id\":\"https:\/\/chemgramx.com\/product\/u-49900\/#breadcrumb\",\"itemListElement\":[{\"@type\":\"ListItem\",\"position\":1,\"name\":\"Home\",\"item\":\"https:\/\/chemgramx.com\/\"},{\"@type\":\"ListItem\",\"position\":2,\"name\":\"Shop\",\"item\":\"https:\/\/chemgramx.com\/shop\/\"},{\"@type\":\"ListItem\",\"position\":3,\"name\":\"U-49900 online kaufen\"}]},{\"@type\":\"WebSite\",\"@id\":\"https:\/\/chemgramx.com\/#website\",\"url\":\"https:\/\/chemgramx.com\/\",\"name\":\"Chemgramx\",\"description\":\"\",\"publisher\":{\"@id\":\"https:\/\/chemgramx.com\/#organization\"},\"potentialAction\":[{\"@type\":\"SearchAction\",\"target\":{\"@type\":\"EntryPoint\",\"urlTemplate\":\"https:\/\/chemgramx.com\/?s={search_term_string}\"},\"query-input\":{\"@type\":\"PropertyValueSpecification\",\"valueRequired\":true,\"valueName\":\"search_term_string\"}}],\"inLanguage\":\"fr-FR\"},{\"@type\":\"Organization\",\"@id\":\"https:\/\/chemgramx.com\/#organization\",\"name\":\"Chemgramx\",\"url\":\"https:\/\/chemgramx.com\/\",\"logo\":{\"@type\":\"ImageObject\",\"inLanguage\":\"fr-FR\",\"@id\":\"https:\/\/chemgramx.com\/#\/schema\/logo\/image\/\",\"url\":\"https:\/\/chemgramx.com\/wp-content\/uploads\/2024\/10\/final-logo.png\",\"contentUrl\":\"https:\/\/chemgramx.com\/wp-content\/uploads\/2024\/10\/final-logo.png\",\"width\":250,\"height\":48,\"caption\":\"Chemgramx\"},\"image\":{\"@id\":\"https:\/\/chemgramx.com\/#\/schema\/logo\/image\/\"}}]}<\/script>\n<!-- \/ Yoast SEO plugin. -->","yoast_head_json":{"title":"U-49900 | Premium-Chemikalie f\u00fcr anspruchsvolle","description":"Erforschen Sie mit U-49900 eine pr\u00e4zise synthetische Verbindung f\u00fcr Laborstudien. H\u00f6chste Reinheit und Stabilit\u00e4t. Nur f\u00fcr wissenschaftliche Zwecke entwickelt.","robots":{"index":"index","follow":"follow","max-snippet":"max-snippet:-1","max-image-preview":"max-image-preview:large","max-video-preview":"max-video-preview:-1"},"canonical":"https:\/\/chemgramx.com\/fr\/produit\/u-49900\/","og_locale":"fr_FR","og_type":"article","og_title":"U-49900 | Premium-Chemikalie f\u00fcr anspruchsvolle","og_description":"Erforschen Sie mit U-49900 eine pr\u00e4zise synthetische Verbindung f\u00fcr Laborstudien. H\u00f6chste Reinheit und Stabilit\u00e4t. Nur f\u00fcr wissenschaftliche Zwecke entwickelt.","og_url":"https:\/\/chemgramx.com\/fr\/produit\/u-49900\/","og_site_name":"Chemgramx","article_modified_time":"2025-10-18T06:26:43+00:00","og_image":[{"width":600,"height":400,"url":"https:\/\/chemgramx.com\/wp-content\/uploads\/2024\/12\/u49900.png","type":"image\/png"}],"twitter_card":"summary_large_image","twitter_misc":{"Dur\u00e9e de lecture estim\u00e9e":"2 minutes"},"schema":{"@context":"https:\/\/schema.org","@graph":[{"@type":"WebPage","@id":"https:\/\/chemgramx.com\/product\/u-49900\/","url":"https:\/\/chemgramx.com\/product\/u-49900\/","name":"U-49900 | Premium-Chemikalie f\u00fcr anspruchsvolle","isPartOf":{"@id":"https:\/\/chemgramx.com\/#website"},"primaryImageOfPage":{"@id":"https:\/\/chemgramx.com\/product\/u-49900\/#primaryimage"},"image":{"@id":"https:\/\/chemgramx.com\/product\/u-49900\/#primaryimage"},"thumbnailUrl":"https:\/\/chemgramx.com\/wp-content\/uploads\/2024\/12\/u49900.png","datePublished":"2024-12-08T14:39:29+00:00","dateModified":"2025-10-18T06:26:43+00:00","description":"Erforschen Sie mit U-49900 eine pr\u00e4zise synthetische Verbindung f\u00fcr Laborstudien. H\u00f6chste Reinheit und Stabilit\u00e4t. Nur f\u00fcr wissenschaftliche Zwecke entwickelt.","breadcrumb":{"@id":"https:\/\/chemgramx.com\/product\/u-49900\/#breadcrumb"},"inLanguage":"fr-FR","potentialAction":[{"@type":"ReadAction","target":["https:\/\/chemgramx.com\/product\/u-49900\/"]}]},{"@type":"ImageObject","inLanguage":"fr-FR","@id":"https:\/\/chemgramx.com\/product\/u-49900\/#primaryimage","url":"https:\/\/chemgramx.com\/wp-content\/uploads\/2024\/12\/u49900.png","contentUrl":"https:\/\/chemgramx.com\/wp-content\/uploads\/2024\/12\/u49900.png","width":600,"height":400,"caption":"U-49900"},{"@type":"BreadcrumbList","@id":"https:\/\/chemgramx.com\/product\/u-49900\/#breadcrumb","itemListElement":[{"@type":"ListItem","position":1,"name":"Home","item":"https:\/\/chemgramx.com\/"},{"@type":"ListItem","position":2,"name":"Shop","item":"https:\/\/chemgramx.com\/shop\/"},{"@type":"ListItem","position":3,"name":"U-49900 online kaufen"}]},{"@type":"WebSite","@id":"https:\/\/chemgramx.com\/#website","url":"https:\/\/chemgramx.com\/","name":"Chemgramx","description":"","publisher":{"@id":"https:\/\/chemgramx.com\/#organization"},"potentialAction":[{"@type":"SearchAction","target":{"@type":"EntryPoint","urlTemplate":"https:\/\/chemgramx.com\/?s={search_term_string}"},"query-input":{"@type":"PropertyValueSpecification","valueRequired":true,"valueName":"search_term_string"}}],"inLanguage":"fr-FR"},{"@type":"Organization","@id":"https:\/\/chemgramx.com\/#organization","name":"Chemgramx","url":"https:\/\/chemgramx.com\/","logo":{"@type":"ImageObject","inLanguage":"fr-FR","@id":"https:\/\/chemgramx.com\/#\/schema\/logo\/image\/","url":"https:\/\/chemgramx.com\/wp-content\/uploads\/2024\/10\/final-logo.png","contentUrl":"https:\/\/chemgramx.com\/wp-content\/uploads\/2024\/10\/final-logo.png","width":250,"height":48,"caption":"Chemgramx"},"image":{"@id":"https:\/\/chemgramx.com\/#\/schema\/logo\/image\/"}}]}},"_links":{"self":[{"href":"https:\/\/chemgramx.com\/fr\/wp-json\/wp\/v2\/product\/1114","targetHints":{"allow":["GET"]}}],"collection":[{"href":"https:\/\/chemgramx.com\/fr\/wp-json\/wp\/v2\/product"}],"about":[{"href":"https:\/\/chemgramx.com\/fr\/wp-json\/wp\/v2\/types\/product"}],"replies":[{"embeddable":true,"href":"https:\/\/chemgramx.com\/fr\/wp-json\/wp\/v2\/comments?post=1114"}],"wp:featuredmedia":[{"embeddable":true,"href":"https:\/\/chemgramx.com\/fr\/wp-json\/wp\/v2\/media\/1115"}],"wp:attachment":[{"href":"https:\/\/chemgramx.com\/fr\/wp-json\/wp\/v2\/media?parent=1114"}],"wp:term":[{"taxonomy":"product_brand","embeddable":true,"href":"https:\/\/chemgramx.com\/fr\/wp-json\/wp\/v2\/product_brand?post=1114"},{"taxonomy":"product_cat","embeddable":true,"href":"https:\/\/chemgramx.com\/fr\/wp-json\/wp\/v2\/product_cat?post=1114"},{"taxonomy":"product_tag","embeddable":true,"href":"https:\/\/chemgramx.com\/fr\/wp-json\/wp\/v2\/product_tag?post=1114"}],"curies":[{"name":"wp","href":"https:\/\/api.w.org\/{rel}","templated":true}]}}