{"id":1116,"date":"2024-12-08T14:47:42","date_gmt":"2024-12-08T14:47:42","guid":{"rendered":"https:\/\/chemgramx.com\/?post_type=product&#038;p=1116"},"modified":"2025-10-15T07:38:59","modified_gmt":"2025-10-15T07:38:59","slug":"4-fea","status":"publish","type":"product","link":"https:\/\/chemgramx.com\/fr\/produit\/4-fea\/","title":{"rendered":"Acheter 4-Fea en ligne"},"content":{"rendered":"<h2 data-start=\"233\" data-end=\"252\">Qu'est-ce que le 4-FEA ?<\/h2>\n<p data-start=\"254\" data-end=\"525\">La 4-FEA, \u00e9galement connue sous le nom de 4-fluoro\u00e9thylamph\u00e9tamine, est une substance chimique de recherche de la famille des amph\u00e9tamines substitu\u00e9es. Chimiquement, il s'agit d'une variante fluor\u00e9e de l'\u00e9thylamph\u00e9tamine, qui a des effets sp\u00e9cifiques sur le syst\u00e8me nerveux central.<\/p>\n<p data-start=\"527\" data-end=\"831\">Les chercheurs s'int\u00e9ressent au 4-FEA en raison de son \u00e9quilibre unique de propri\u00e9t\u00e9s stimulantes et empathog\u00e8nes. Le 4-FEA est fr\u00e9quemment \u00e9tudi\u00e9 dans la recherche scientifique pour mieux comprendre les interactions neurochimiques et la liaison aux r\u00e9cepteurs dans le domaine des d\u00e9riv\u00e9s d'amph\u00e9tamine.<\/p>\n<h3 data-start=\"838\" data-end=\"899\">Achetez 4-FEA en ligne d\u00e8s maintenant\u00a0\u2013 4-FEA disponible \u00e0 la vente<\/h3>\n<p data-start=\"901\" data-end=\"1136\">Vous cherchez un moyen s\u00fbr de <a href=\"https:\/\/chemgramx.com\/fr\/produit\/4-fea\/\">Achetez 4-FEA en ligne<\/a>Alors vous \u00eates au bon endroit. Nous proposons \u00e0 la vente du 4-FEA de haute qualit\u00e9, test\u00e9 et d'une puret\u00e9 garantie, id\u00e9al pour vos projets de recherche.<\/p>\n<p data-start=\"1138\" data-end=\"1332\">Commandez du 4-FEA en ligne en quelques clics, en toute s\u00e9curit\u00e9 et discr\u00e9tion. Faites confiance au meilleur endroit pour acheter du 4-FEA et profitez d'une qualit\u00e9 optimale \u00e0 des conditions avantageuses.<\/p>\n<p data-start=\"1334\" data-end=\"1447\">\u00c9galement pour les chercheurs soucieux du prix : achetez du 4-FEA \u00e0 bas prix en ligne \u2013 car la meilleure qualit\u00e9 de laboratoire ne doit pas n\u00e9cessairement \u00eatre ch\u00e8re.<\/p>\n<h3 data-start=\"1454\" data-end=\"1493\">Pourquoi acheter 4-FEA en ligne chez nous ?<\/h3>\n<ul data-start=\"1495\" data-end=\"1727\">\n<li data-start=\"1495\" data-end=\"1543\">\n<p data-start=\"1497\" data-end=\"1543\">Qualit\u00e9 de laboratoire test\u00e9e pour une puret\u00e9 maximale<\/p>\n<\/li>\n<li data-start=\"1544\" data-end=\"1586\">\n<p data-start=\"1546\" data-end=\"1586\">Exp\u00e9dition rapide et discr\u00e8te dans le monde entier<\/p>\n<\/li>\n<li data-start=\"1587\" data-end=\"1626\">\n<p data-start=\"1589\" data-end=\"1626\">M\u00e9thodes de paiement flexibles et s\u00e9curis\u00e9es<\/p>\n<\/li>\n<li data-start=\"1627\" data-end=\"1670\">\n<p data-start=\"1629\" data-end=\"1670\">Remises attractives pour les commandes en gros<\/p>\n<\/li>\n<li data-start=\"1671\" data-end=\"1727\">\n<p data-start=\"1673\" data-end=\"1727\">Service client personnalis\u00e9 pour des conseils personnalis\u00e9s<\/p>\n<\/li>\n<\/ul>\n<p data-start=\"1729\" data-end=\"1817\">Cela fait de notre boutique le partenaire id\u00e9al si vous vous demandez o\u00f9 acheter 4-FEA.<\/p>\n<h3 data-start=\"1824\" data-end=\"1859\">Origine et profil chimique<\/h3>\n<p data-start=\"1861\" data-end=\"2067\">La 4-FEA a \u00e9t\u00e9 d\u00e9velopp\u00e9e dans le cadre de recherches pharmacologiques. Chimiquement, elle appartient au groupe des amph\u00e9tamines substitu\u00e9es et se caract\u00e9rise par un groupe fluor en quatri\u00e8me position.<\/p>\n<p data-start=\"2069\" data-end=\"2294\">Cette modification structurelle conf\u00e8re au 4-FEA un profil d'activit\u00e9 unique, le rendant int\u00e9ressant pour les \u00e9tudes neurochimiques. Le 4-FEA fournit des informations pr\u00e9cieuses, notamment dans la recherche psychopharmacologique.<\/p>\n<h3 data-start=\"2301\" data-end=\"2326\">Utilisation du 4-FEA<\/h3>\n<p data-start=\"2328\" data-end=\"2518\">Le 4-FEA est utilis\u00e9 exclusivement \u00e0 des fins de recherche. Les chercheurs et les laboratoires utilisent cette substance pour mieux comprendre le fonctionnement des d\u00e9riv\u00e9s amph\u00e9taminiques.<\/p>\n<p data-start=\"2520\" data-end=\"2550\">Domaines d'application :<\/p>\n<ul data-start=\"2552\" data-end=\"2736\">\n<li data-start=\"2552\" data-end=\"2590\">\n<p data-start=\"2554\" data-end=\"2590\">Recherche neurochimique fondamentale<\/p>\n<\/li>\n<li data-start=\"2591\" data-end=\"2632\">\n<p data-start=\"2593\" data-end=\"2632\">Studien \u00fcber stimulierende Substanzen<\/p>\n<\/li>\n<li data-start=\"2633\" data-end=\"2681\">\n<p data-start=\"2635\" data-end=\"2681\">Chimie analytique et recherche m\u00e9dico-l\u00e9gale<\/p>\n<\/li>\n<li data-start=\"2682\" data-end=\"2736\">\n<p data-start=\"2684\" data-end=\"2736\">Recherche pharmacologique sur les d\u00e9riv\u00e9s des amph\u00e9tamines<\/p>\n<\/li>\n<\/ul>\n<h3 data-start=\"2743\" data-end=\"2791\">Comment et o\u00f9 puis-je commander du 4-FEA en ligne ?<\/h3>\n<p data-start=\"2793\" data-end=\"3014\">Dans notre boutique en ligne, vous pouvez commander du 4-FEA authentique ou contrefait, facilement, en toute s\u00e9curit\u00e9 et fiabilit\u00e9. Nous proposons diff\u00e9rents conditionnements, des options de paiement flexibles et garantissons une livraison discr\u00e8te dans le monde entier.<\/p>\n<p data-start=\"3016\" data-end=\"3059\">Avantages d'acheter du 4-FEA vrai ou faux :<\/p>\n<ul data-start=\"3061\" data-end=\"3329\">\n<li data-start=\"3061\" data-end=\"3121\">\n<p data-start=\"3063\" data-end=\"3121\">Large choix de produits avec diff\u00e9rentes tailles d'emballage<\/p>\n<\/li>\n<li data-start=\"3122\" data-end=\"3189\">\n<p data-start=\"3124\" data-end=\"3189\">Achat direct sans interm\u00e9diaires = meilleur prix 4-FEA<\/p>\n<\/li>\n<li data-start=\"3190\" data-end=\"3234\">\n<p data-start=\"3192\" data-end=\"3234\">Emballage neutre et livraison discr\u00e8te<\/p>\n<\/li>\n<li data-start=\"3235\" data-end=\"3285\">\n<p data-start=\"3237\" data-end=\"3285\">Acc\u00e8s \u00e0 des offres sp\u00e9ciales et des remises exclusives<\/p>\n<\/li>\n<li data-start=\"3286\" data-end=\"3329\">\n<p data-start=\"3288\" data-end=\"3329\">Possibilit\u00e9 d'acheter du 4-FEA \u00e0 bas prix en ligne<\/p>\n<\/li>\n<\/ul>\n<h3 data-start=\"3336\" data-end=\"3377\">Comment choisir le bon fournisseur<\/h3>\n<p data-start=\"3379\" data-end=\"3498\">En particulier avec des produits chimiques de recherche comme le 4-FEA, il est essentiel d'acheter uniquement aupr\u00e8s de revendeurs r\u00e9put\u00e9s et exp\u00e9riment\u00e9s.<\/p>\n<p data-start=\"3500\" data-end=\"3547\">Crit\u00e8res de s\u00e9lection pour un fournisseur r\u00e9put\u00e9 :<\/p>\n<ul data-start=\"3549\" data-end=\"3796\">\n<li data-start=\"3549\" data-end=\"3605\">\n<p data-start=\"3551\" data-end=\"3605\">Qualit\u00e9 test\u00e9e : tests en laboratoire et certificats de puret\u00e9<\/p>\n<\/li>\n<li data-start=\"3606\" data-end=\"3662\">\n<p data-start=\"3608\" data-end=\"3662\">Exp\u00e9dition fiable : rapide, neutre et assur\u00e9e<\/p>\n<\/li>\n<li data-start=\"3663\" data-end=\"3726\">\n<p data-start=\"3665\" data-end=\"3726\">Moyens de paiement s\u00e9curis\u00e9s : protection de vos donn\u00e9es et anonymat<\/p>\n<\/li>\n<li data-start=\"3727\" data-end=\"3796\">\n<p data-start=\"3729\" data-end=\"3796\">Service client comp\u00e9tent : conseils et assistance personnalis\u00e9s<\/p>\n<\/li>\n<\/ul>\n<h3 data-start=\"3803\" data-end=\"3813\">Conclusion<\/h3>\n<p data-start=\"3815\" data-end=\"4062\">Si vous souhaitez acheter du 4-FEA en ligne, nous sommes votre partenaire comp\u00e9tent en mati\u00e8re de qualit\u00e9, de s\u00e9curit\u00e9 et de service. Avec notre gamme de 4-FEA authentiques ou contrefaites, vous b\u00e9n\u00e9ficiez d'une puret\u00e9 certifi\u00e9e, de prix \u00e9quitables et d'une discr\u00e9tion absolue.<\/p>\n<p data-start=\"4296\" data-end=\"4413\">Achetez du 4-FEA r\u00e9el ou faux maintenant et portez vos recherches \u00e0 un nouveau niveau : s\u00fbr, discret et fiable.<\/p>","protected":false},"excerpt":{"rendered":"<p><strong>4-FEA<\/strong> est un compos\u00e9 synth\u00e9tique de haute qualit\u00e9, sp\u00e9cialement con\u00e7u pour les applications scientifiques. Sa puret\u00e9 exceptionnelle et sa stabilit\u00e9 chimique le rendent id\u00e9al pour l'\u00e9tude des interactions mol\u00e9culaires et des propri\u00e9t\u00e9s pharmacologiques. Non autoris\u00e9 pour la consommation humaine.<\/p>","protected":false},"featured_media":1117,"comment_status":"open","ping_status":"closed","template":"","meta":{"_joinchat":[]},"product_brand":[],"product_cat":[1801],"product_tag":[2201,2209,2207,2208,2202,2206,2204,2205,2203,2182],"class_list":{"0":"post-1116","1":"product","2":"type-product","3":"status-publish","4":"has-post-thumbnail","6":"product_cat-neue-chemikalien","7":"product_tag-4-fea","8":"product_tag-4-fea-chemikalien","9":"product_tag-4-fea-forschung","10":"product_tag-4-fea-fur-forschung","11":"product_tag-4-fea-kaufen","12":"product_tag-4-fea-kristalle","13":"product_tag-4-fea-online","14":"product_tag-4-fea-pulver","15":"product_tag-4-fea-zum-verkauf","16":"product_tag-synthetische-chemikalien","18":"first","19":"instock","20":"shipping-taxable","21":"purchasable","22":"product-type-variable"},"yoast_head":"<!-- This site is optimized with the Yoast SEO plugin v26.1.1 - https:\/\/yoast.com\/wordpress\/plugins\/seo\/ -->\n<title>4-Fea online kaufen \u2013 4-Fea zu verkaufen | Chemgramx<\/title>\n<meta name=\"description\" content=\"In unserem Chemgramx-Shop k\u00f6nnen Sie 4-Fea zu g\u00fcnstigen Preisen kaufen. Wir handeln nur mit Produkten der Spitzenklasse. Kaufen Sie 4-Fea jetzt online in unserem Shop. Geben Sie Ihre Bestellung sofort auf!\" \/>\n<meta name=\"robots\" content=\"index, follow, max-snippet:-1, max-image-preview:large, max-video-preview:-1\" \/>\n<link rel=\"canonical\" href=\"https:\/\/chemgramx.com\/fr\/produit\/4-fea\/\" \/>\n<meta property=\"og:locale\" content=\"fr_FR\" \/>\n<meta property=\"og:type\" content=\"article\" \/>\n<meta property=\"og:title\" content=\"4-Fea online kaufen \u2013 4-Fea zu verkaufen | Chemgramx\" \/>\n<meta property=\"og:description\" content=\"In unserem Chemgramx-Shop k\u00f6nnen Sie 4-Fea zu g\u00fcnstigen Preisen kaufen. Wir handeln nur mit Produkten der Spitzenklasse. Kaufen Sie 4-Fea jetzt online in unserem Shop. Geben Sie Ihre Bestellung sofort auf!\" \/>\n<meta property=\"og:url\" content=\"https:\/\/chemgramx.com\/fr\/produit\/4-fea\/\" \/>\n<meta property=\"og:site_name\" content=\"Chemgramx\" \/>\n<meta property=\"article:modified_time\" content=\"2025-10-15T07:38:59+00:00\" \/>\n<meta property=\"og:image\" content=\"https:\/\/chemgramx.com\/wp-content\/uploads\/2024\/12\/4fea.png\" \/>\n\t<meta property=\"og:image:width\" content=\"600\" \/>\n\t<meta property=\"og:image:height\" content=\"400\" \/>\n\t<meta property=\"og:image:type\" content=\"image\/png\" \/>\n<meta name=\"twitter:card\" content=\"summary_large_image\" \/>\n<meta name=\"twitter:label1\" content=\"Dur\u00e9e de lecture estim\u00e9e\" \/>\n\t<meta name=\"twitter:data1\" content=\"3 minutes\" \/>\n<script type=\"application\/ld+json\" class=\"yoast-schema-graph\">{\"@context\":\"https:\/\/schema.org\",\"@graph\":[{\"@type\":\"WebPage\",\"@id\":\"https:\/\/chemgramx.com\/product\/4-fea\/\",\"url\":\"https:\/\/chemgramx.com\/product\/4-fea\/\",\"name\":\"4-Fea online kaufen \u2013 4-Fea zu verkaufen | Chemgramx\",\"isPartOf\":{\"@id\":\"https:\/\/chemgramx.com\/#website\"},\"primaryImageOfPage\":{\"@id\":\"https:\/\/chemgramx.com\/product\/4-fea\/#primaryimage\"},\"image\":{\"@id\":\"https:\/\/chemgramx.com\/product\/4-fea\/#primaryimage\"},\"thumbnailUrl\":\"https:\/\/chemgramx.com\/wp-content\/uploads\/2024\/12\/4fea.png\",\"datePublished\":\"2024-12-08T14:47:42+00:00\",\"dateModified\":\"2025-10-15T07:38:59+00:00\",\"description\":\"In unserem Chemgramx-Shop k\u00f6nnen Sie 4-Fea zu g\u00fcnstigen Preisen kaufen. Wir handeln nur mit Produkten der Spitzenklasse. Kaufen Sie 4-Fea jetzt online in unserem Shop. Geben Sie Ihre Bestellung sofort auf!\",\"breadcrumb\":{\"@id\":\"https:\/\/chemgramx.com\/product\/4-fea\/#breadcrumb\"},\"inLanguage\":\"fr-FR\",\"potentialAction\":[{\"@type\":\"ReadAction\",\"target\":[\"https:\/\/chemgramx.com\/product\/4-fea\/\"]}]},{\"@type\":\"ImageObject\",\"inLanguage\":\"fr-FR\",\"@id\":\"https:\/\/chemgramx.com\/product\/4-fea\/#primaryimage\",\"url\":\"https:\/\/chemgramx.com\/wp-content\/uploads\/2024\/12\/4fea.png\",\"contentUrl\":\"https:\/\/chemgramx.com\/wp-content\/uploads\/2024\/12\/4fea.png\",\"width\":600,\"height\":400,\"caption\":\"4-Fea online kaufen\"},{\"@type\":\"BreadcrumbList\",\"@id\":\"https:\/\/chemgramx.com\/product\/4-fea\/#breadcrumb\",\"itemListElement\":[{\"@type\":\"ListItem\",\"position\":1,\"name\":\"Home\",\"item\":\"https:\/\/chemgramx.com\/\"},{\"@type\":\"ListItem\",\"position\":2,\"name\":\"Shop\",\"item\":\"https:\/\/chemgramx.com\/shop\/\"},{\"@type\":\"ListItem\",\"position\":3,\"name\":\"4-Fea online kaufen\"}]},{\"@type\":\"WebSite\",\"@id\":\"https:\/\/chemgramx.com\/#website\",\"url\":\"https:\/\/chemgramx.com\/\",\"name\":\"Chemgramx\",\"description\":\"\",\"publisher\":{\"@id\":\"https:\/\/chemgramx.com\/#organization\"},\"potentialAction\":[{\"@type\":\"SearchAction\",\"target\":{\"@type\":\"EntryPoint\",\"urlTemplate\":\"https:\/\/chemgramx.com\/?s={search_term_string}\"},\"query-input\":{\"@type\":\"PropertyValueSpecification\",\"valueRequired\":true,\"valueName\":\"search_term_string\"}}],\"inLanguage\":\"fr-FR\"},{\"@type\":\"Organization\",\"@id\":\"https:\/\/chemgramx.com\/#organization\",\"name\":\"Chemgramx\",\"url\":\"https:\/\/chemgramx.com\/\",\"logo\":{\"@type\":\"ImageObject\",\"inLanguage\":\"fr-FR\",\"@id\":\"https:\/\/chemgramx.com\/#\/schema\/logo\/image\/\",\"url\":\"https:\/\/chemgramx.com\/wp-content\/uploads\/2024\/10\/final-logo.png\",\"contentUrl\":\"https:\/\/chemgramx.com\/wp-content\/uploads\/2024\/10\/final-logo.png\",\"width\":250,\"height\":48,\"caption\":\"Chemgramx\"},\"image\":{\"@id\":\"https:\/\/chemgramx.com\/#\/schema\/logo\/image\/\"}}]}<\/script>\n<!-- \/ Yoast SEO plugin. -->","yoast_head_json":{"title":"Achetez du 4-Fea en ligne \u2013 4-Fea \u00e0 vendre | Chemgramx","description":"Dans notre boutique Chemgramx, vous pouvez acheter du 4-Fea \u00e0 des prix abordables. Nous proposons uniquement des produits de qualit\u00e9 sup\u00e9rieure. Achetez du 4-Fea en ligne d\u00e8s maintenant. Commandez d\u00e8s maintenant\u00a0!","robots":{"index":"index","follow":"follow","max-snippet":"max-snippet:-1","max-image-preview":"max-image-preview:large","max-video-preview":"max-video-preview:-1"},"canonical":"https:\/\/chemgramx.com\/fr\/produit\/4-fea\/","og_locale":"fr_FR","og_type":"article","og_title":"4-Fea online kaufen \u2013 4-Fea zu verkaufen | Chemgramx","og_description":"In unserem Chemgramx-Shop k\u00f6nnen Sie 4-Fea zu g\u00fcnstigen Preisen kaufen. Wir handeln nur mit Produkten der Spitzenklasse. Kaufen Sie 4-Fea jetzt online in unserem Shop. Geben Sie Ihre Bestellung sofort auf!","og_url":"https:\/\/chemgramx.com\/fr\/produit\/4-fea\/","og_site_name":"Chemgramx","article_modified_time":"2025-10-15T07:38:59+00:00","og_image":[{"width":600,"height":400,"url":"https:\/\/chemgramx.com\/wp-content\/uploads\/2024\/12\/4fea.png","type":"image\/png"}],"twitter_card":"summary_large_image","twitter_misc":{"Dur\u00e9e de lecture estim\u00e9e":"3 minutes"},"schema":{"@context":"https:\/\/schema.org","@graph":[{"@type":"WebPage","@id":"https:\/\/chemgramx.com\/product\/4-fea\/","url":"https:\/\/chemgramx.com\/product\/4-fea\/","name":"Achetez du 4-Fea en ligne \u2013 4-Fea \u00e0 vendre | Chemgramx","isPartOf":{"@id":"https:\/\/chemgramx.com\/#website"},"primaryImageOfPage":{"@id":"https:\/\/chemgramx.com\/product\/4-fea\/#primaryimage"},"image":{"@id":"https:\/\/chemgramx.com\/product\/4-fea\/#primaryimage"},"thumbnailUrl":"https:\/\/chemgramx.com\/wp-content\/uploads\/2024\/12\/4fea.png","datePublished":"2024-12-08T14:47:42+00:00","dateModified":"2025-10-15T07:38:59+00:00","description":"Dans notre boutique Chemgramx, vous pouvez acheter du 4-Fea \u00e0 des prix abordables. Nous proposons uniquement des produits de qualit\u00e9 sup\u00e9rieure. Achetez du 4-Fea en ligne d\u00e8s maintenant. Commandez d\u00e8s maintenant\u00a0!","breadcrumb":{"@id":"https:\/\/chemgramx.com\/product\/4-fea\/#breadcrumb"},"inLanguage":"fr-FR","potentialAction":[{"@type":"ReadAction","target":["https:\/\/chemgramx.com\/product\/4-fea\/"]}]},{"@type":"ImageObject","inLanguage":"fr-FR","@id":"https:\/\/chemgramx.com\/product\/4-fea\/#primaryimage","url":"https:\/\/chemgramx.com\/wp-content\/uploads\/2024\/12\/4fea.png","contentUrl":"https:\/\/chemgramx.com\/wp-content\/uploads\/2024\/12\/4fea.png","width":600,"height":400,"caption":"4-Fea online kaufen"},{"@type":"BreadcrumbList","@id":"https:\/\/chemgramx.com\/product\/4-fea\/#breadcrumb","itemListElement":[{"@type":"ListItem","position":1,"name":"Home","item":"https:\/\/chemgramx.com\/"},{"@type":"ListItem","position":2,"name":"Shop","item":"https:\/\/chemgramx.com\/shop\/"},{"@type":"ListItem","position":3,"name":"4-Fea online kaufen"}]},{"@type":"WebSite","@id":"https:\/\/chemgramx.com\/#website","url":"https:\/\/chemgramx.com\/","name":"Chemgramx","description":"","publisher":{"@id":"https:\/\/chemgramx.com\/#organization"},"potentialAction":[{"@type":"SearchAction","target":{"@type":"EntryPoint","urlTemplate":"https:\/\/chemgramx.com\/?s={search_term_string}"},"query-input":{"@type":"PropertyValueSpecification","valueRequired":true,"valueName":"search_term_string"}}],"inLanguage":"fr-FR"},{"@type":"Organization","@id":"https:\/\/chemgramx.com\/#organization","name":"Chemgramx","url":"https:\/\/chemgramx.com\/","logo":{"@type":"ImageObject","inLanguage":"fr-FR","@id":"https:\/\/chemgramx.com\/#\/schema\/logo\/image\/","url":"https:\/\/chemgramx.com\/wp-content\/uploads\/2024\/10\/final-logo.png","contentUrl":"https:\/\/chemgramx.com\/wp-content\/uploads\/2024\/10\/final-logo.png","width":250,"height":48,"caption":"Chemgramx"},"image":{"@id":"https:\/\/chemgramx.com\/#\/schema\/logo\/image\/"}}]}},"_links":{"self":[{"href":"https:\/\/chemgramx.com\/fr\/wp-json\/wp\/v2\/product\/1116","targetHints":{"allow":["GET"]}}],"collection":[{"href":"https:\/\/chemgramx.com\/fr\/wp-json\/wp\/v2\/product"}],"about":[{"href":"https:\/\/chemgramx.com\/fr\/wp-json\/wp\/v2\/types\/product"}],"replies":[{"embeddable":true,"href":"https:\/\/chemgramx.com\/fr\/wp-json\/wp\/v2\/comments?post=1116"}],"wp:featuredmedia":[{"embeddable":true,"href":"https:\/\/chemgramx.com\/fr\/wp-json\/wp\/v2\/media\/1117"}],"wp:attachment":[{"href":"https:\/\/chemgramx.com\/fr\/wp-json\/wp\/v2\/media?parent=1116"}],"wp:term":[{"taxonomy":"product_brand","embeddable":true,"href":"https:\/\/chemgramx.com\/fr\/wp-json\/wp\/v2\/product_brand?post=1116"},{"taxonomy":"product_cat","embeddable":true,"href":"https:\/\/chemgramx.com\/fr\/wp-json\/wp\/v2\/product_cat?post=1116"},{"taxonomy":"product_tag","embeddable":true,"href":"https:\/\/chemgramx.com\/fr\/wp-json\/wp\/v2\/product_tag?post=1116"}],"curies":[{"name":"wp","href":"https:\/\/api.w.org\/{rel}","templated":true}]}}