{"id":1119,"date":"2024-12-08T14:59:24","date_gmt":"2024-12-08T14:59:24","guid":{"rendered":"https:\/\/chemgramx.com\/?post_type=product&#038;p=1119"},"modified":"2025-10-14T10:44:22","modified_gmt":"2025-10-14T10:44:22","slug":"2-a1mp","status":"publish","type":"product","link":"https:\/\/chemgramx.com\/fr\/produit\/2-a1mp\/","title":{"rendered":"Achetez 2-A1MP en ligne"},"content":{"rendered":"<h2 data-start=\"194\" data-end=\"248\">Acheter 2-A1MP en ligne \u2013 Guide pour les chercheurs<\/h2>\n<p data-start=\"324\" data-end=\"746\">Vous souhaitez acheter du 2-A1MP en ligne pour votre prochain projet de recherche\u00a0? D\u00e9couvrez du 2-A1MP authentique ou contrefait de haute qualit\u00e9, disponible aupr\u00e8s de fournisseurs internationaux de confiance, livr\u00e9 discr\u00e8tement et en toute s\u00e9curit\u00e9 directement \u00e0 votre laboratoire. Ce produit est destin\u00e9 exclusivement \u00e0 la recherche analytique et scientifique et offre la coh\u00e9rence, la pr\u00e9cision et la fiabilit\u00e9 requises par les chercheurs professionnels.<\/p>\n<p data-start=\"748\" data-end=\"896\">Ce produit n'est pas destin\u00e9 \u00e0 la consommation humaine. Il ne peut \u00eatre utilis\u00e9 qu'en laboratoire et \u00e0 des fins scientifiques.<\/p>\n<h3 data-start=\"903\" data-end=\"924\">Qu'est-ce que 2-A1MP ?<\/h3>\n<p data-start=\"926\" data-end=\"1164\">Le 2-A1MP (2-aminom\u00e9thyl-1-m\u00e9thylpip\u00e9ridine) est un nouveau compos\u00e9 de la classe des analogues de la pip\u00e9ridine. Sa structure unique et son potentiel en recherche chimique lui conf\u00e8rent une importance croissante.<\/p>\n<p data-start=\"1166\" data-end=\"1378\">Disponible sous diverses formes de haute puret\u00e9, <a href=\"https:\/\/chemgramx.com\/fr\/produit\/2-a1mp\/\">2-A1MP acheter en ligne<\/a> aux chercheurs et laboratoires qualifi\u00e9s qui \u00e9tudient les activit\u00e9s des r\u00e9cepteurs, les relations structure-activit\u00e9 ou les mod\u00e8les mol\u00e9culaires.<\/p>\n<h3 data-start=\"1385\" data-end=\"1450\">Pourquoi les chercheurs choisissent de commander du 2-A1MP en ligne<\/h3>\n<p data-start=\"1452\" data-end=\"1560\">Les scientifiques du monde entier choisissent de commander du vrai ou du faux 2-A1MP pour les raisons suivantes :<\/p>\n<ul data-start=\"1562\" data-end=\"1865\">\n<li data-start=\"1562\" data-end=\"1692\">\n<p data-start=\"1564\" data-end=\"1692\">Disponibilit\u00e9 mondiale : Commande facile aupr\u00e8s de fournisseurs internationaux certifi\u00e9s avec livraison rapide et discr\u00e8te.<\/p>\n<\/li>\n<li data-start=\"1693\" data-end=\"1765\">\n<p data-start=\"1695\" data-end=\"1765\">Prix \u200b\u200babordable du 2-A1MP \u2013 id\u00e9al pour les laboratoires aux budgets limit\u00e9s.<\/p>\n<\/li>\n<li data-start=\"1766\" data-end=\"1865\">\n<p data-start=\"1768\" data-end=\"1865\">Diff\u00e9rents formats : Disponible sous forme de poudre ou de solution \u2013 adapt\u00e9 \u00e0 diverses applications de laboratoire.<\/p>\n<\/li>\n<\/ul>\n<h3 data-start=\"1872\" data-end=\"1935\">Comment trouver le meilleur fournisseur pour acheter 2-A1MP<\/h3>\n<p data-start=\"1937\" data-end=\"2050\">Si vous vous demandez o\u00f9 acheter 2-A1MP, vous devez privil\u00e9gier la s\u00e9curit\u00e9, la qualit\u00e9 et la transparence :<\/p>\n<ul data-start=\"2052\" data-end=\"2402\">\n<li data-start=\"2052\" data-end=\"2180\">\n<p data-start=\"2054\" data-end=\"2180\">Certificats d\u2019analyse (COA) : recherchez des certificats sp\u00e9cifiques au lot qui confirment l\u2019identit\u00e9 et la puret\u00e9 du produit.<\/p>\n<\/li>\n<li data-start=\"2181\" data-end=\"2290\">\n<p data-start=\"2183\" data-end=\"2290\">Avis et r\u00e9putation : Choisissez des fournisseurs avec des avis positifs d\u2019autres chercheurs et institutions.<\/p>\n<\/li>\n<li data-start=\"2291\" data-end=\"2402\">\n<p data-start=\"2293\" data-end=\"2402\">M\u00e9thodes de paiement s\u00e9curis\u00e9es : Utilisez des plateformes avec des m\u00e9thodes de paiement crypt\u00e9es pour une s\u00e9curit\u00e9 maximale.<\/p>\n<\/li>\n<\/ul>\n<p data-start=\"2404\" data-end=\"2543\">De nombreux clients choisissent le meilleur endroit pour acheter 2-A1MP car les magasins r\u00e9put\u00e9s garantissent une qualit\u00e9 test\u00e9e et une exp\u00e9dition discr\u00e8te.<\/p>\n<h3 data-start=\"2550\" data-end=\"2575\">Exp\u00e9dition et livraison<\/h3>\n<p data-start=\"2577\" data-end=\"2636\">Les commandes internationales sont \u00e9galement possibles sans aucun probl\u00e8me :<\/p>\n<ul data-start=\"2638\" data-end=\"2906\">\n<li data-start=\"2638\" data-end=\"2716\">\n<p data-start=\"2640\" data-end=\"2716\">Emballage discret : Toutes les commandes sont emball\u00e9es de mani\u00e8re neutre et s\u00e9curis\u00e9e.<\/p>\n<\/li>\n<li data-start=\"2717\" data-end=\"2790\">\n<p data-start=\"2719\" data-end=\"2790\">Weltweiter Versand: Anbieter liefern weltweit mit Sendungsverfolgung.<\/p>\n<\/li>\n<li data-start=\"2791\" data-end=\"2906\">\n<p data-start=\"2793\" data-end=\"2906\">Documents douaniers inclus : Les revendeurs r\u00e9put\u00e9s fournissent tous les documents n\u00e9cessaires pour un d\u00e9douanement en douceur.<\/p>\n<\/li>\n<\/ul>\n<p data-start=\"2908\" data-end=\"3012\">Si vous souhaitez acheter du 2-A1MP pas cher en ligne, vous devez \u00e9galement rechercher des fournisseurs proposant des remises sur volume int\u00e9ressantes.<\/p>\n<h3 data-start=\"3019\" data-end=\"3058\">Informations de s\u00e9curit\u00e9 et juridiques<\/h3>\n<p data-start=\"3060\" data-end=\"3254\">La s\u00e9curit\u00e9 est notre priorit\u00e9 absolue. Le 2-A1MP, qu'il soit authentique ou contrefait, est destin\u00e9 \u00e0 un usage en laboratoire et \u00e0 la recherche uniquement et doit \u00eatre manipul\u00e9 conform\u00e9ment aux consignes de s\u00e9curit\u00e9 en vigueur\u00a0:<\/p>\n<ul data-start=\"3256\" data-end=\"3432\">\n<li data-start=\"3256\" data-end=\"3334\">\n<p data-start=\"3258\" data-end=\"3334\">Lagerung: K\u00fchl, trocken und lichtgesch\u00fctzt lagern. Luftdicht verschlie\u00dfen.<\/p>\n<\/li>\n<li data-start=\"3335\" data-end=\"3432\">\n<p data-start=\"3337\" data-end=\"3432\">Manipulation : Utiliser uniquement avec des gants de protection, des lunettes de s\u00e9curit\u00e9 et un \u00e9quipement de laboratoire appropri\u00e9.<\/p>\n<\/li>\n<\/ul>\n<h3 data-start=\"3439\" data-end=\"3450\">Conclusion<\/h3>\n<p data-start=\"3452\" data-end=\"3751\">Que ce soit pour enrichir votre chimioth\u00e8que ou pour des \u00e9tudes mol\u00e9culaires sp\u00e9cifiques, le 2-A1MP disponible \u00e0 la vente constitue une base fiable pour la recherche moderne. Gr\u00e2ce \u00e0 sa disponibilit\u00e9 mondiale, ses prix attractifs et sa qualit\u00e9 certifi\u00e9e, il est d\u00e9sormais plus facile que jamais d'acheter du 2-A1MP en ligne.<\/p>\n<p data-start=\"3753\" data-end=\"3971\">Vous cherchez le meilleur endroit pour acheter du 2-A1MP\u00a0? Faites confiance \u00e0 des laboratoires certifi\u00e9s qui allient qualit\u00e9, rapidit\u00e9 et conformit\u00e9 r\u00e9glementaire\u00a0: exactement ce dont les chercheurs professionnels ont besoin.<\/p>\n<p data-start=\"3973\" data-end=\"4138\">Pr\u00eat \u00e0 commander\u00a0? D\u00e9couvrez notre liste de revendeurs de confiance proposant des 2-A1MP authentiques ou contrefaits \u00e0 un prix attractif.<\/p>","protected":false},"excerpt":{"rendered":"<p><strong>2-A1MP<\/strong> est un compos\u00e9 synth\u00e9tique d'une grande puret\u00e9, sp\u00e9cialement con\u00e7u pour les recherches scientifiques exigeantes. Gr\u00e2ce \u00e0 sa structure chimique stable, il est id\u00e9al pour la recherche dans l'industrie pharmaceutique et biochimique. <strong>2-A1MP<\/strong> est uniquement destin\u00e9 \u00e0 des fins de laboratoire et non \u00e0 la consommation humaine.<\/p>","protected":false},"featured_media":1120,"comment_status":"open","ping_status":"closed","template":"","meta":{"_joinchat":[]},"product_brand":[],"product_cat":[49],"product_tag":[2192,2200,2198,2199,2193,2197,2195,2196,2194,2182],"class_list":{"0":"post-1119","1":"product","2":"type-product","3":"status-publish","4":"has-post-thumbnail","6":"product_cat-cathinones","7":"product_tag-2-a1mp","8":"product_tag-2-a1mp-chemikalien","9":"product_tag-2-a1mp-forschung","10":"product_tag-2-a1mp-fur-forschung","11":"product_tag-2-a1mp-kaufen","12":"product_tag-2-a1mp-kristalle","13":"product_tag-2-a1mp-online","14":"product_tag-2-a1mp-pulver","15":"product_tag-2-a1mp-zum-verkauf","16":"product_tag-synthetische-chemikalien","18":"first","19":"instock","20":"shipping-taxable","21":"purchasable","22":"product-type-variable"},"yoast_head":"<!-- This site is optimized with the Yoast SEO plugin v26.1.1 - https:\/\/yoast.com\/wordpress\/plugins\/seo\/ -->\n<title>Bestes 2-A1MP zu verkaufen \u2013 2-A1MP online Kaufen<\/title>\n<meta name=\"description\" content=\"Suchen Sie nach einer zuverl\u00e4ssigen Quelle, um 2-A1MP online zu kaufen? Ihre Suche endet hier. Bestellen Sie 2-A1MP online in unserem vertrauensw\u00fcrdigen Shop und genie\u00dfen Sie einen nahtlosen Kaufprozess, der auf Ihre Forschungsanforderungen zugeschnitten ist.\" \/>\n<meta name=\"robots\" content=\"index, follow, max-snippet:-1, max-image-preview:large, max-video-preview:-1\" \/>\n<link rel=\"canonical\" href=\"https:\/\/chemgramx.com\/fr\/produit\/2-a1mp\/\" \/>\n<meta property=\"og:locale\" content=\"fr_FR\" \/>\n<meta property=\"og:type\" content=\"article\" \/>\n<meta property=\"og:title\" content=\"Bestes 2-A1MP zu verkaufen \u2013 2-A1MP online Kaufen\" \/>\n<meta property=\"og:description\" content=\"Suchen Sie nach einer zuverl\u00e4ssigen Quelle, um 2-A1MP online zu kaufen? Ihre Suche endet hier. Bestellen Sie 2-A1MP online in unserem vertrauensw\u00fcrdigen Shop und genie\u00dfen Sie einen nahtlosen Kaufprozess, der auf Ihre Forschungsanforderungen zugeschnitten ist.\" \/>\n<meta property=\"og:url\" content=\"https:\/\/chemgramx.com\/fr\/produit\/2-a1mp\/\" \/>\n<meta property=\"og:site_name\" content=\"Chemgramx\" \/>\n<meta property=\"article:modified_time\" content=\"2025-10-14T10:44:22+00:00\" \/>\n<meta property=\"og:image\" content=\"https:\/\/chemgramx.com\/wp-content\/uploads\/2024\/12\/2a1mp.png\" \/>\n\t<meta property=\"og:image:width\" content=\"600\" \/>\n\t<meta property=\"og:image:height\" content=\"400\" \/>\n\t<meta property=\"og:image:type\" content=\"image\/png\" \/>\n<meta name=\"twitter:card\" content=\"summary_large_image\" \/>\n<meta name=\"twitter:label1\" content=\"Dur\u00e9e de lecture estim\u00e9e\" \/>\n\t<meta name=\"twitter:data1\" content=\"3 minutes\" \/>\n<script type=\"application\/ld+json\" class=\"yoast-schema-graph\">{\"@context\":\"https:\/\/schema.org\",\"@graph\":[{\"@type\":\"WebPage\",\"@id\":\"https:\/\/chemgramx.com\/product\/2-a1mp\/\",\"url\":\"https:\/\/chemgramx.com\/product\/2-a1mp\/\",\"name\":\"Bestes 2-A1MP zu verkaufen \u2013 2-A1MP online Kaufen\",\"isPartOf\":{\"@id\":\"https:\/\/chemgramx.com\/#website\"},\"primaryImageOfPage\":{\"@id\":\"https:\/\/chemgramx.com\/product\/2-a1mp\/#primaryimage\"},\"image\":{\"@id\":\"https:\/\/chemgramx.com\/product\/2-a1mp\/#primaryimage\"},\"thumbnailUrl\":\"https:\/\/chemgramx.com\/wp-content\/uploads\/2024\/12\/2a1mp.png\",\"datePublished\":\"2024-12-08T14:59:24+00:00\",\"dateModified\":\"2025-10-14T10:44:22+00:00\",\"description\":\"Suchen Sie nach einer zuverl\u00e4ssigen Quelle, um 2-A1MP online zu kaufen? Ihre Suche endet hier. Bestellen Sie 2-A1MP online in unserem vertrauensw\u00fcrdigen Shop und genie\u00dfen Sie einen nahtlosen Kaufprozess, der auf Ihre Forschungsanforderungen zugeschnitten ist.\",\"breadcrumb\":{\"@id\":\"https:\/\/chemgramx.com\/product\/2-a1mp\/#breadcrumb\"},\"inLanguage\":\"fr-FR\",\"potentialAction\":[{\"@type\":\"ReadAction\",\"target\":[\"https:\/\/chemgramx.com\/product\/2-a1mp\/\"]}]},{\"@type\":\"ImageObject\",\"inLanguage\":\"fr-FR\",\"@id\":\"https:\/\/chemgramx.com\/product\/2-a1mp\/#primaryimage\",\"url\":\"https:\/\/chemgramx.com\/wp-content\/uploads\/2024\/12\/2a1mp.png\",\"contentUrl\":\"https:\/\/chemgramx.com\/wp-content\/uploads\/2024\/12\/2a1mp.png\",\"width\":600,\"height\":400,\"caption\":\"2-A1MP online Kaufen\"},{\"@type\":\"BreadcrumbList\",\"@id\":\"https:\/\/chemgramx.com\/product\/2-a1mp\/#breadcrumb\",\"itemListElement\":[{\"@type\":\"ListItem\",\"position\":1,\"name\":\"Home\",\"item\":\"https:\/\/chemgramx.com\/\"},{\"@type\":\"ListItem\",\"position\":2,\"name\":\"Shop\",\"item\":\"https:\/\/chemgramx.com\/shop\/\"},{\"@type\":\"ListItem\",\"position\":3,\"name\":\"2-A1MP Online Kaufen\"}]},{\"@type\":\"WebSite\",\"@id\":\"https:\/\/chemgramx.com\/#website\",\"url\":\"https:\/\/chemgramx.com\/\",\"name\":\"Chemgramx\",\"description\":\"\",\"publisher\":{\"@id\":\"https:\/\/chemgramx.com\/#organization\"},\"potentialAction\":[{\"@type\":\"SearchAction\",\"target\":{\"@type\":\"EntryPoint\",\"urlTemplate\":\"https:\/\/chemgramx.com\/?s={search_term_string}\"},\"query-input\":{\"@type\":\"PropertyValueSpecification\",\"valueRequired\":true,\"valueName\":\"search_term_string\"}}],\"inLanguage\":\"fr-FR\"},{\"@type\":\"Organization\",\"@id\":\"https:\/\/chemgramx.com\/#organization\",\"name\":\"Chemgramx\",\"url\":\"https:\/\/chemgramx.com\/\",\"logo\":{\"@type\":\"ImageObject\",\"inLanguage\":\"fr-FR\",\"@id\":\"https:\/\/chemgramx.com\/#\/schema\/logo\/image\/\",\"url\":\"https:\/\/chemgramx.com\/wp-content\/uploads\/2024\/10\/final-logo.png\",\"contentUrl\":\"https:\/\/chemgramx.com\/wp-content\/uploads\/2024\/10\/final-logo.png\",\"width\":250,\"height\":48,\"caption\":\"Chemgramx\"},\"image\":{\"@id\":\"https:\/\/chemgramx.com\/#\/schema\/logo\/image\/\"}}]}<\/script>\n<!-- \/ Yoast SEO plugin. -->","yoast_head_json":{"title":"Meilleur 2-A1MP \u00e0 vendre \u2013 Achetez 2-A1MP en ligne","description":"Vous cherchez une source fiable pour acheter du 2-A1MP en ligne\u00a0? Votre recherche s'arr\u00eate ici. Commandez du 2-A1MP en ligne sur notre boutique de confiance et profitez d'un processus d'achat simple et adapt\u00e9 \u00e0 vos besoins.","robots":{"index":"index","follow":"follow","max-snippet":"max-snippet:-1","max-image-preview":"max-image-preview:large","max-video-preview":"max-video-preview:-1"},"canonical":"https:\/\/chemgramx.com\/fr\/produit\/2-a1mp\/","og_locale":"fr_FR","og_type":"article","og_title":"Bestes 2-A1MP zu verkaufen \u2013 2-A1MP online Kaufen","og_description":"Suchen Sie nach einer zuverl\u00e4ssigen Quelle, um 2-A1MP online zu kaufen? Ihre Suche endet hier. Bestellen Sie 2-A1MP online in unserem vertrauensw\u00fcrdigen Shop und genie\u00dfen Sie einen nahtlosen Kaufprozess, der auf Ihre Forschungsanforderungen zugeschnitten ist.","og_url":"https:\/\/chemgramx.com\/fr\/produit\/2-a1mp\/","og_site_name":"Chemgramx","article_modified_time":"2025-10-14T10:44:22+00:00","og_image":[{"width":600,"height":400,"url":"https:\/\/chemgramx.com\/wp-content\/uploads\/2024\/12\/2a1mp.png","type":"image\/png"}],"twitter_card":"summary_large_image","twitter_misc":{"Dur\u00e9e de lecture estim\u00e9e":"3 minutes"},"schema":{"@context":"https:\/\/schema.org","@graph":[{"@type":"WebPage","@id":"https:\/\/chemgramx.com\/product\/2-a1mp\/","url":"https:\/\/chemgramx.com\/product\/2-a1mp\/","name":"Meilleur 2-A1MP \u00e0 vendre \u2013 Achetez 2-A1MP en ligne","isPartOf":{"@id":"https:\/\/chemgramx.com\/#website"},"primaryImageOfPage":{"@id":"https:\/\/chemgramx.com\/product\/2-a1mp\/#primaryimage"},"image":{"@id":"https:\/\/chemgramx.com\/product\/2-a1mp\/#primaryimage"},"thumbnailUrl":"https:\/\/chemgramx.com\/wp-content\/uploads\/2024\/12\/2a1mp.png","datePublished":"2024-12-08T14:59:24+00:00","dateModified":"2025-10-14T10:44:22+00:00","description":"Vous cherchez une source fiable pour acheter du 2-A1MP en ligne\u00a0? Votre recherche s'arr\u00eate ici. Commandez du 2-A1MP en ligne sur notre boutique de confiance et profitez d'un processus d'achat simple et adapt\u00e9 \u00e0 vos besoins.","breadcrumb":{"@id":"https:\/\/chemgramx.com\/product\/2-a1mp\/#breadcrumb"},"inLanguage":"fr-FR","potentialAction":[{"@type":"ReadAction","target":["https:\/\/chemgramx.com\/product\/2-a1mp\/"]}]},{"@type":"ImageObject","inLanguage":"fr-FR","@id":"https:\/\/chemgramx.com\/product\/2-a1mp\/#primaryimage","url":"https:\/\/chemgramx.com\/wp-content\/uploads\/2024\/12\/2a1mp.png","contentUrl":"https:\/\/chemgramx.com\/wp-content\/uploads\/2024\/12\/2a1mp.png","width":600,"height":400,"caption":"2-A1MP online Kaufen"},{"@type":"BreadcrumbList","@id":"https:\/\/chemgramx.com\/product\/2-a1mp\/#breadcrumb","itemListElement":[{"@type":"ListItem","position":1,"name":"Home","item":"https:\/\/chemgramx.com\/"},{"@type":"ListItem","position":2,"name":"Shop","item":"https:\/\/chemgramx.com\/shop\/"},{"@type":"ListItem","position":3,"name":"2-A1MP Online Kaufen"}]},{"@type":"WebSite","@id":"https:\/\/chemgramx.com\/#website","url":"https:\/\/chemgramx.com\/","name":"Chemgramx","description":"","publisher":{"@id":"https:\/\/chemgramx.com\/#organization"},"potentialAction":[{"@type":"SearchAction","target":{"@type":"EntryPoint","urlTemplate":"https:\/\/chemgramx.com\/?s={search_term_string}"},"query-input":{"@type":"PropertyValueSpecification","valueRequired":true,"valueName":"search_term_string"}}],"inLanguage":"fr-FR"},{"@type":"Organization","@id":"https:\/\/chemgramx.com\/#organization","name":"Chemgramx","url":"https:\/\/chemgramx.com\/","logo":{"@type":"ImageObject","inLanguage":"fr-FR","@id":"https:\/\/chemgramx.com\/#\/schema\/logo\/image\/","url":"https:\/\/chemgramx.com\/wp-content\/uploads\/2024\/10\/final-logo.png","contentUrl":"https:\/\/chemgramx.com\/wp-content\/uploads\/2024\/10\/final-logo.png","width":250,"height":48,"caption":"Chemgramx"},"image":{"@id":"https:\/\/chemgramx.com\/#\/schema\/logo\/image\/"}}]}},"_links":{"self":[{"href":"https:\/\/chemgramx.com\/fr\/wp-json\/wp\/v2\/product\/1119","targetHints":{"allow":["GET"]}}],"collection":[{"href":"https:\/\/chemgramx.com\/fr\/wp-json\/wp\/v2\/product"}],"about":[{"href":"https:\/\/chemgramx.com\/fr\/wp-json\/wp\/v2\/types\/product"}],"replies":[{"embeddable":true,"href":"https:\/\/chemgramx.com\/fr\/wp-json\/wp\/v2\/comments?post=1119"}],"wp:featuredmedia":[{"embeddable":true,"href":"https:\/\/chemgramx.com\/fr\/wp-json\/wp\/v2\/media\/1120"}],"wp:attachment":[{"href":"https:\/\/chemgramx.com\/fr\/wp-json\/wp\/v2\/media?parent=1119"}],"wp:term":[{"taxonomy":"product_brand","embeddable":true,"href":"https:\/\/chemgramx.com\/fr\/wp-json\/wp\/v2\/product_brand?post=1119"},{"taxonomy":"product_cat","embeddable":true,"href":"https:\/\/chemgramx.com\/fr\/wp-json\/wp\/v2\/product_cat?post=1119"},{"taxonomy":"product_tag","embeddable":true,"href":"https:\/\/chemgramx.com\/fr\/wp-json\/wp\/v2\/product_tag?post=1119"}],"curies":[{"name":"wp","href":"https:\/\/api.w.org\/{rel}","templated":true}]}}