{"id":1121,"date":"2024-12-08T15:03:24","date_gmt":"2024-12-08T15:03:24","guid":{"rendered":"https:\/\/chemgramx.com\/?post_type=product&#038;p=1121"},"modified":"2025-10-14T10:52:32","modified_gmt":"2025-10-14T10:52:32","slug":"2-ptc","status":"publish","type":"product","link":"https:\/\/chemgramx.com\/fr\/produit\/2-ptc\/","title":{"rendered":"Achetez 2-PTC en ligne"},"content":{"rendered":"<h2 data-start=\"148\" data-end=\"226\">Achetez du 2-PTC en ligne \u2013 Qualit\u00e9 sup\u00e9rieure, test\u00e9 en laboratoire, livraison rapide<\/h2>\n<p data-start=\"228\" data-end=\"489\">S\u00fbr, discret et fiable\u00a0? Vous \u00eates au bon endroit. Notre 3-CEC de haute qualit\u00e9 est appr\u00e9ci\u00e9 des chercheurs et des laboratoires du monde entier pour sa puret\u00e9, sa consistance et sa composition chimique v\u00e9rifi\u00e9e.<\/p>\n<p data-start=\"491\" data-end=\"684\">Que ce soit pour la recherche analytique ou la synth\u00e8se chimique, nous vous proposons <a href=\"https:\/\/chemgramx.com\/fr\/produit\/2-ptc\/\">meilleur endroit pour acheter du 2-PTC<\/a>, \u00e0 un prix abordable 2-PTC, sans compromis sur la qualit\u00e9 et le service.<\/p>\n<p data-start=\"686\" data-end=\"809\">Les chercheurs \u00e0 la recherche de 2-PTC authentique ou contrefait accordent une importance particuli\u00e8re \u00e0 la qualit\u00e9 test\u00e9e en laboratoire et \u00e0 l'exp\u00e9dition discr\u00e8te.<\/p>\n<h3 data-start=\"816\" data-end=\"836\">Qu'est-ce que le 2-PTC ?<\/h3>\n<p data-start=\"838\" data-end=\"1168\">Le 2-PTC (2-ph\u00e9nylthiocyclohexanone) est un compos\u00e9 chimique sp\u00e9cifique largement utilis\u00e9 en recherche scientifique, en synth\u00e8se chimique et en analyses. Gr\u00e2ce \u00e0 sa structure c\u00e9tonique unique et \u00e0 son groupe ph\u00e9nylthio, le 2-PTC constitue un \u00e9l\u00e9ment de base polyvalent en chimie organique.<\/p>\n<p data-start=\"1170\" data-end=\"1215\">Domaines d'application et utilisations possibles :<\/p>\n<ul data-start=\"1216\" data-end=\"1417\">\n<li data-start=\"1216\" data-end=\"1262\">\n<p data-start=\"1218\" data-end=\"1262\">Interm\u00e9diaire en synth\u00e8se chimique<\/p>\n<\/li>\n<li data-start=\"1263\" data-end=\"1305\">\n<p data-start=\"1265\" data-end=\"1305\">Recherche acad\u00e9mique et industrielle<\/p>\n<\/li>\n<li data-start=\"1306\" data-end=\"1357\">\n<p data-start=\"1308\" data-end=\"1357\">R\u00e9actif pour analyses structure-activit\u00e9 en laboratoire<\/p>\n<\/li>\n<li data-start=\"1358\" data-end=\"1417\">\n<p data-start=\"1360\" data-end=\"1417\">Vergleichsstudien mit \u00e4hnlichen chemischen Verbindungen<\/p>\n<\/li>\n<\/ul>\n<p data-start=\"1419\" data-end=\"1582\">Ce produit est exclusivement destin\u00e9 \u00e0 la recherche dans des laboratoires certifi\u00e9s et ne convient pas \u00e0 une utilisation humaine ou animale.<\/p>\n<h3 data-start=\"1589\" data-end=\"1631\">Propri\u00e9t\u00e9s et structure du 2-PTC<\/h3>\n<ul data-start=\"1633\" data-end=\"1797\">\n<li data-start=\"1633\" data-end=\"1663\">\n<p data-start=\"1635\" data-end=\"1663\">Formule chimique : C\u2081\u2082H\u2081\u2086OS<\/p>\n<\/li>\n<li data-start=\"1664\" data-end=\"1699\">\n<p data-start=\"1666\" data-end=\"1699\">Molekulargewicht: ~208,32 g\/mol<\/p>\n<\/li>\n<li data-start=\"1700\" data-end=\"1758\">\n<p data-start=\"1702\" data-end=\"1758\">Aspect : Poudre cristalline de couleur blanche \u00e0 cr\u00e8me<\/p>\n<\/li>\n<li data-start=\"1759\" data-end=\"1797\">\n<p data-start=\"1761\" data-end=\"1797\">Reinheit: \u226598 % (gepr\u00fcft per HPLC)<\/p>\n<\/li>\n<\/ul>\n<p data-start=\"1799\" data-end=\"1988\">Compar\u00e9 \u00e0 des compos\u00e9s similaires, le 2-PTC pr\u00e9sente un profil chimique unique qui le rend particuli\u00e8rement attractif pour la recherche et le d\u00e9veloppement de nouvelles substances.<\/p>\n<h3 data-start=\"1995\" data-end=\"2037\">Comment commander du 2-PTC en ligne en toute s\u00e9curit\u00e9<\/h3>\n<p data-start=\"2039\" data-end=\"2198\">Lorsque vous commandez du 2-PTC, authentique ou contrefait, il est crucial de vous adresser \u00e0 un fournisseur de confiance. C'est pourquoi de nombreux chercheurs nous choisissent\u00a0:<\/p>\n<ul data-start=\"2200\" data-end=\"2455\">\n<li data-start=\"2200\" data-end=\"2256\">\n<p data-start=\"2202\" data-end=\"2256\">Qualit\u00e9 de haute puret\u00e9 avec certificats d'analyse certifi\u00e9s<\/p>\n<\/li>\n<li data-start=\"2257\" data-end=\"2304\">\n<p data-start=\"2259\" data-end=\"2304\">Paiement s\u00e9curis\u00e9 et connexion crypt\u00e9e<\/p>\n<\/li>\n<li data-start=\"2305\" data-end=\"2365\">\n<p data-start=\"2307\" data-end=\"2365\">Exp\u00e9dition discr\u00e8te, rapide et tra\u00e7able dans le monde entier<\/p>\n<\/li>\n<li data-start=\"2366\" data-end=\"2411\">\n<p data-start=\"2368\" data-end=\"2411\">Assistance comp\u00e9tente pour les questions juridiques<\/p>\n<\/li>\n<li data-start=\"2412\" data-end=\"2455\">\n<p data-start=\"2414\" data-end=\"2455\">Attraktive Preise ohne Qualit\u00e4tsverlust<\/p>\n<\/li>\n<\/ul>\n<p data-start=\"2457\" data-end=\"2623\">Nous vous offrons le meilleur prix pour le 2-PTC. Que vous souhaitiez acheter du 2-PTC en ligne \u00e0 bas prix ou b\u00e9n\u00e9ficier de remises sur les commandes en gros, la qualit\u00e9 est notre priorit\u00e9 absolue.<\/p>\n<h3 data-start=\"2630\" data-end=\"2676\">Remarque importante : \u00e9vitez les contrefa\u00e7ons<\/h3>\n<p data-start=\"2678\" data-end=\"2808\">Le march\u00e9 des substances utilis\u00e9es \u00e0 des fins de recherche n'est pas sans risques. Nombreux sont ceux qui se demandent\u00a0: o\u00f9 acheter du 2-PTC sans risque de fraude\u00a0?<\/p>\n<p data-start=\"2810\" data-end=\"2847\">Comment reconna\u00eetre les fournisseurs douteux\u00a0:<\/p>\n<ul data-start=\"2848\" data-end=\"3028\">\n<li data-start=\"2848\" data-end=\"2892\">\n<p data-start=\"2850\" data-end=\"2892\">Aucun certificat d'analyse ou de test de laboratoire<\/p>\n<\/li>\n<li data-start=\"2893\" data-end=\"2928\">\n<p data-start=\"2895\" data-end=\"2928\">Aucune m\u00e9thode de paiement s\u00e9curis\u00e9e<\/p>\n<\/li>\n<li data-start=\"2929\" data-end=\"2961\">\n<p data-start=\"2931\" data-end=\"2961\">Faux avis clients<\/p>\n<\/li>\n<\/ul>\n<p data-start=\"3030\" data-end=\"3134\">Chez nous, vous recevrez uniquement du 2-PTC authentique \u00e0 vendre, garanti test\u00e9 et emball\u00e9 en toute s\u00e9curit\u00e9.<\/p>\n<h3 data-start=\"3141\" data-end=\"3185\">Manipulation et stockage s\u00fbrs du 2-PTC<\/h3>\n<p data-start=\"3187\" data-end=\"3338\">Manipulation : Utiliser sous une hotte aspirante et porter un \u00e9quipement de protection (gants, lunettes de s\u00e9curit\u00e9, blouse de laboratoire). \u00c9viter tout contact avec la peau et les yeux.<\/p>\n<p data-start=\"3340\" data-end=\"3351\">le stockage :<\/p>\n<ul data-start=\"3352\" data-end=\"3487\">\n<li data-start=\"3352\" data-end=\"3398\">\n<p data-start=\"3354\" data-end=\"3398\">K\u00fchl, trocken und gut bel\u00fcftet aufbewahren<\/p>\n<\/li>\n<li data-start=\"3399\" data-end=\"3447\">\n<p data-start=\"3401\" data-end=\"3447\">Conserver l'emballage d'origine bien ferm\u00e9<\/p>\n<\/li>\n<li data-start=\"3448\" data-end=\"3487\">\n<p data-start=\"3450\" data-end=\"3487\">Prot\u00e9ger de la lumi\u00e8re et de l'humidit\u00e9<\/p>\n<\/li>\n<\/ul>\n<h3 data-start=\"3494\" data-end=\"3505\">Conclusion<\/h3>\n<p data-start=\"3507\" data-end=\"3735\">Si vous souhaitez acheter du 2-PTC en ligne, vous appr\u00e9ciez la qualit\u00e9, la s\u00e9curit\u00e9 et la fiabilit\u00e9. Notre boutique est la meilleure place pour acheter du 2-PTC\u00a0: puret\u00e9 v\u00e9rifi\u00e9e, livraison rapide et prix attractif.<\/p>\n<p data-start=\"3737\" data-end=\"3965\">Que vous souhaitiez commander ou acheter du 2-PTC authentique ou contrefait, vous trouverez la solution id\u00e9ale chez nous. Faites confiance \u00e0 notre exp\u00e9rience et commandez d\u00e8s aujourd'hui, en toute s\u00e9curit\u00e9, discr\u00e9tion et fiabilit\u00e9.<\/p>","protected":false},"excerpt":{"rendered":"<p><strong>2-PTC<\/strong> est un produit chimique synth\u00e9tique de haute qualit\u00e9, sp\u00e9cialement con\u00e7u pour les applications scientifiques. D'une puret\u00e9 exceptionnelle, il est id\u00e9al pour l'\u00e9tude des interactions mol\u00e9culaires et la recherche pharmacologique. Ce produit est destin\u00e9 uniquement \u00e0 des fins de laboratoire et ne convient pas \u00e0 la consommation humaine.<\/p>","protected":false},"featured_media":1122,"comment_status":"open","ping_status":"closed","template":"","meta":{"_joinchat":[]},"product_brand":[],"product_cat":[49],"product_tag":[2176,2185,2183,2184,2177,2181,2179,2180,2178,2182],"class_list":{"0":"post-1121","1":"product","2":"type-product","3":"status-publish","4":"has-post-thumbnail","6":"product_cat-cathinones","7":"product_tag-2-ptc","8":"product_tag-2-ptc-chemikalien","9":"product_tag-2-ptc-forschung","10":"product_tag-2-ptc-fur-forschung","11":"product_tag-2-ptc-kaufen","12":"product_tag-2-ptc-kristalle","13":"product_tag-2-ptc-online","14":"product_tag-2-ptc-pulver","15":"product_tag-2-ptc-zum-verkauf","16":"product_tag-synthetische-chemikalien","18":"first","19":"instock","20":"shipping-taxable","21":"purchasable","22":"product-type-variable"},"yoast_head":"<!-- This site is optimized with the Yoast SEO plugin v26.1.1 - https:\/\/yoast.com\/wordpress\/plugins\/seo\/ -->\n<title>2-PTC online kaufen \u2013 2-PTC zu verkaufen | chemgramx<\/title>\n<meta name=\"description\" content=\"Wenn Sie 2-PTC zum Verkauf kaufen m\u00f6chten, sind wir die richtige Wahl f\u00fcr Sie. Unsere Mitarbeiter helfen Ihnen, 2-PTC online zu g\u00fcnstigen Preisen zu kaufen. Bestellen Sie bei uns!\" \/>\n<meta name=\"robots\" content=\"index, follow, max-snippet:-1, max-image-preview:large, max-video-preview:-1\" \/>\n<link rel=\"canonical\" href=\"https:\/\/chemgramx.com\/fr\/produit\/2-ptc\/\" \/>\n<meta property=\"og:locale\" content=\"fr_FR\" \/>\n<meta property=\"og:type\" content=\"article\" \/>\n<meta property=\"og:title\" content=\"2-PTC online kaufen \u2013 2-PTC zu verkaufen | chemgramx\" \/>\n<meta property=\"og:description\" content=\"Wenn Sie 2-PTC zum Verkauf kaufen m\u00f6chten, sind wir die richtige Wahl f\u00fcr Sie. Unsere Mitarbeiter helfen Ihnen, 2-PTC online zu g\u00fcnstigen Preisen zu kaufen. Bestellen Sie bei uns!\" \/>\n<meta property=\"og:url\" content=\"https:\/\/chemgramx.com\/fr\/produit\/2-ptc\/\" \/>\n<meta property=\"og:site_name\" content=\"Chemgramx\" \/>\n<meta property=\"article:modified_time\" content=\"2025-10-14T10:52:32+00:00\" \/>\n<meta property=\"og:image\" content=\"https:\/\/chemgramx.com\/wp-content\/uploads\/2024\/12\/2ptc.png\" \/>\n\t<meta property=\"og:image:width\" content=\"600\" \/>\n\t<meta property=\"og:image:height\" content=\"400\" \/>\n\t<meta property=\"og:image:type\" content=\"image\/png\" \/>\n<meta name=\"twitter:card\" content=\"summary_large_image\" \/>\n<meta name=\"twitter:label1\" content=\"Dur\u00e9e de lecture estim\u00e9e\" \/>\n\t<meta name=\"twitter:data1\" content=\"3 minutes\" \/>\n<script type=\"application\/ld+json\" class=\"yoast-schema-graph\">{\"@context\":\"https:\/\/schema.org\",\"@graph\":[{\"@type\":\"WebPage\",\"@id\":\"https:\/\/chemgramx.com\/product\/2-ptc\/\",\"url\":\"https:\/\/chemgramx.com\/product\/2-ptc\/\",\"name\":\"2-PTC online kaufen \u2013 2-PTC zu verkaufen | chemgramx\",\"isPartOf\":{\"@id\":\"https:\/\/chemgramx.com\/#website\"},\"primaryImageOfPage\":{\"@id\":\"https:\/\/chemgramx.com\/product\/2-ptc\/#primaryimage\"},\"image\":{\"@id\":\"https:\/\/chemgramx.com\/product\/2-ptc\/#primaryimage\"},\"thumbnailUrl\":\"https:\/\/chemgramx.com\/wp-content\/uploads\/2024\/12\/2ptc.png\",\"datePublished\":\"2024-12-08T15:03:24+00:00\",\"dateModified\":\"2025-10-14T10:52:32+00:00\",\"description\":\"Wenn Sie 2-PTC zum Verkauf kaufen m\u00f6chten, sind wir die richtige Wahl f\u00fcr Sie. Unsere Mitarbeiter helfen Ihnen, 2-PTC online zu g\u00fcnstigen Preisen zu kaufen. Bestellen Sie bei uns!\",\"breadcrumb\":{\"@id\":\"https:\/\/chemgramx.com\/product\/2-ptc\/#breadcrumb\"},\"inLanguage\":\"fr-FR\",\"potentialAction\":[{\"@type\":\"ReadAction\",\"target\":[\"https:\/\/chemgramx.com\/product\/2-ptc\/\"]}]},{\"@type\":\"ImageObject\",\"inLanguage\":\"fr-FR\",\"@id\":\"https:\/\/chemgramx.com\/product\/2-ptc\/#primaryimage\",\"url\":\"https:\/\/chemgramx.com\/wp-content\/uploads\/2024\/12\/2ptc.png\",\"contentUrl\":\"https:\/\/chemgramx.com\/wp-content\/uploads\/2024\/12\/2ptc.png\",\"width\":600,\"height\":400,\"caption\":\"2-PTC online kaufen\"},{\"@type\":\"BreadcrumbList\",\"@id\":\"https:\/\/chemgramx.com\/product\/2-ptc\/#breadcrumb\",\"itemListElement\":[{\"@type\":\"ListItem\",\"position\":1,\"name\":\"Home\",\"item\":\"https:\/\/chemgramx.com\/\"},{\"@type\":\"ListItem\",\"position\":2,\"name\":\"Shop\",\"item\":\"https:\/\/chemgramx.com\/shop\/\"},{\"@type\":\"ListItem\",\"position\":3,\"name\":\"2-PTC Online Kaufen\"}]},{\"@type\":\"WebSite\",\"@id\":\"https:\/\/chemgramx.com\/#website\",\"url\":\"https:\/\/chemgramx.com\/\",\"name\":\"Chemgramx\",\"description\":\"\",\"publisher\":{\"@id\":\"https:\/\/chemgramx.com\/#organization\"},\"potentialAction\":[{\"@type\":\"SearchAction\",\"target\":{\"@type\":\"EntryPoint\",\"urlTemplate\":\"https:\/\/chemgramx.com\/?s={search_term_string}\"},\"query-input\":{\"@type\":\"PropertyValueSpecification\",\"valueRequired\":true,\"valueName\":\"search_term_string\"}}],\"inLanguage\":\"fr-FR\"},{\"@type\":\"Organization\",\"@id\":\"https:\/\/chemgramx.com\/#organization\",\"name\":\"Chemgramx\",\"url\":\"https:\/\/chemgramx.com\/\",\"logo\":{\"@type\":\"ImageObject\",\"inLanguage\":\"fr-FR\",\"@id\":\"https:\/\/chemgramx.com\/#\/schema\/logo\/image\/\",\"url\":\"https:\/\/chemgramx.com\/wp-content\/uploads\/2024\/10\/final-logo.png\",\"contentUrl\":\"https:\/\/chemgramx.com\/wp-content\/uploads\/2024\/10\/final-logo.png\",\"width\":250,\"height\":48,\"caption\":\"Chemgramx\"},\"image\":{\"@id\":\"https:\/\/chemgramx.com\/#\/schema\/logo\/image\/\"}}]}<\/script>\n<!-- \/ Yoast SEO plugin. -->","yoast_head_json":{"title":"Achetez du 2-PTC en ligne \u2013 2-PTC \u00e0 vendre | chemgramx","description":"Si vous cherchez \u00e0 acheter du 2-PTC, nous sommes la solution id\u00e9ale. Notre \u00e9quipe vous aidera \u00e0 acheter du 2-PTC en ligne \u00e0 des prix abordables. Commandez chez nous\u00a0!","robots":{"index":"index","follow":"follow","max-snippet":"max-snippet:-1","max-image-preview":"max-image-preview:large","max-video-preview":"max-video-preview:-1"},"canonical":"https:\/\/chemgramx.com\/fr\/produit\/2-ptc\/","og_locale":"fr_FR","og_type":"article","og_title":"2-PTC online kaufen \u2013 2-PTC zu verkaufen | chemgramx","og_description":"Wenn Sie 2-PTC zum Verkauf kaufen m\u00f6chten, sind wir die richtige Wahl f\u00fcr Sie. Unsere Mitarbeiter helfen Ihnen, 2-PTC online zu g\u00fcnstigen Preisen zu kaufen. Bestellen Sie bei uns!","og_url":"https:\/\/chemgramx.com\/fr\/produit\/2-ptc\/","og_site_name":"Chemgramx","article_modified_time":"2025-10-14T10:52:32+00:00","og_image":[{"width":600,"height":400,"url":"https:\/\/chemgramx.com\/wp-content\/uploads\/2024\/12\/2ptc.png","type":"image\/png"}],"twitter_card":"summary_large_image","twitter_misc":{"Dur\u00e9e de lecture estim\u00e9e":"3 minutes"},"schema":{"@context":"https:\/\/schema.org","@graph":[{"@type":"WebPage","@id":"https:\/\/chemgramx.com\/product\/2-ptc\/","url":"https:\/\/chemgramx.com\/product\/2-ptc\/","name":"Achetez du 2-PTC en ligne \u2013 2-PTC \u00e0 vendre | chemgramx","isPartOf":{"@id":"https:\/\/chemgramx.com\/#website"},"primaryImageOfPage":{"@id":"https:\/\/chemgramx.com\/product\/2-ptc\/#primaryimage"},"image":{"@id":"https:\/\/chemgramx.com\/product\/2-ptc\/#primaryimage"},"thumbnailUrl":"https:\/\/chemgramx.com\/wp-content\/uploads\/2024\/12\/2ptc.png","datePublished":"2024-12-08T15:03:24+00:00","dateModified":"2025-10-14T10:52:32+00:00","description":"Si vous cherchez \u00e0 acheter du 2-PTC, nous sommes la solution id\u00e9ale. Notre \u00e9quipe vous aidera \u00e0 acheter du 2-PTC en ligne \u00e0 des prix abordables. Commandez chez nous\u00a0!","breadcrumb":{"@id":"https:\/\/chemgramx.com\/product\/2-ptc\/#breadcrumb"},"inLanguage":"fr-FR","potentialAction":[{"@type":"ReadAction","target":["https:\/\/chemgramx.com\/product\/2-ptc\/"]}]},{"@type":"ImageObject","inLanguage":"fr-FR","@id":"https:\/\/chemgramx.com\/product\/2-ptc\/#primaryimage","url":"https:\/\/chemgramx.com\/wp-content\/uploads\/2024\/12\/2ptc.png","contentUrl":"https:\/\/chemgramx.com\/wp-content\/uploads\/2024\/12\/2ptc.png","width":600,"height":400,"caption":"2-PTC online kaufen"},{"@type":"BreadcrumbList","@id":"https:\/\/chemgramx.com\/product\/2-ptc\/#breadcrumb","itemListElement":[{"@type":"ListItem","position":1,"name":"Home","item":"https:\/\/chemgramx.com\/"},{"@type":"ListItem","position":2,"name":"Shop","item":"https:\/\/chemgramx.com\/shop\/"},{"@type":"ListItem","position":3,"name":"2-PTC Online Kaufen"}]},{"@type":"WebSite","@id":"https:\/\/chemgramx.com\/#website","url":"https:\/\/chemgramx.com\/","name":"Chemgramx","description":"","publisher":{"@id":"https:\/\/chemgramx.com\/#organization"},"potentialAction":[{"@type":"SearchAction","target":{"@type":"EntryPoint","urlTemplate":"https:\/\/chemgramx.com\/?s={search_term_string}"},"query-input":{"@type":"PropertyValueSpecification","valueRequired":true,"valueName":"search_term_string"}}],"inLanguage":"fr-FR"},{"@type":"Organization","@id":"https:\/\/chemgramx.com\/#organization","name":"Chemgramx","url":"https:\/\/chemgramx.com\/","logo":{"@type":"ImageObject","inLanguage":"fr-FR","@id":"https:\/\/chemgramx.com\/#\/schema\/logo\/image\/","url":"https:\/\/chemgramx.com\/wp-content\/uploads\/2024\/10\/final-logo.png","contentUrl":"https:\/\/chemgramx.com\/wp-content\/uploads\/2024\/10\/final-logo.png","width":250,"height":48,"caption":"Chemgramx"},"image":{"@id":"https:\/\/chemgramx.com\/#\/schema\/logo\/image\/"}}]}},"_links":{"self":[{"href":"https:\/\/chemgramx.com\/fr\/wp-json\/wp\/v2\/product\/1121","targetHints":{"allow":["GET"]}}],"collection":[{"href":"https:\/\/chemgramx.com\/fr\/wp-json\/wp\/v2\/product"}],"about":[{"href":"https:\/\/chemgramx.com\/fr\/wp-json\/wp\/v2\/types\/product"}],"replies":[{"embeddable":true,"href":"https:\/\/chemgramx.com\/fr\/wp-json\/wp\/v2\/comments?post=1121"}],"wp:featuredmedia":[{"embeddable":true,"href":"https:\/\/chemgramx.com\/fr\/wp-json\/wp\/v2\/media\/1122"}],"wp:attachment":[{"href":"https:\/\/chemgramx.com\/fr\/wp-json\/wp\/v2\/media?parent=1121"}],"wp:term":[{"taxonomy":"product_brand","embeddable":true,"href":"https:\/\/chemgramx.com\/fr\/wp-json\/wp\/v2\/product_brand?post=1121"},{"taxonomy":"product_cat","embeddable":true,"href":"https:\/\/chemgramx.com\/fr\/wp-json\/wp\/v2\/product_cat?post=1121"},{"taxonomy":"product_tag","embeddable":true,"href":"https:\/\/chemgramx.com\/fr\/wp-json\/wp\/v2\/product_tag?post=1121"}],"curies":[{"name":"wp","href":"https:\/\/api.w.org\/{rel}","templated":true}]}}