{"id":1129,"date":"2024-12-08T15:22:36","date_gmt":"2024-12-08T15:22:36","guid":{"rendered":"https:\/\/chemgramx.com\/?post_type=product&#038;p=1129"},"modified":"2025-10-15T08:39:28","modified_gmt":"2025-10-15T08:39:28","slug":"4meo-pvp","status":"publish","type":"product","link":"https:\/\/chemgramx.com\/fr\/produit\/4meo-pvp\/","title":{"rendered":"Acheter 4MEO-PVP en ligne"},"content":{"rendered":"<h2 data-start=\"189\" data-end=\"286\">4MEO-PVP online kaufen \u2013 Hochwertige Forschungschemikalie f\u00fcr kognitive und k\u00f6rperliche Stimulation<\/h2>\n<p data-start=\"306\" data-end=\"915\">Le 4MEO-PVP (4\u2032-m\u00e9thoxy-\u03b1-pyrrolidinopentioph\u00e9none) est un stimulant synth\u00e9tique de la famille des cathinones qui suscite un int\u00e9r\u00eat croissant dans les milieux de la recherche et des loisirs. Ses propri\u00e9t\u00e9s uniques et sa polyvalence en font un choix privil\u00e9gi\u00e9 pour les utilisateurs en qu\u00eate d'exp\u00e9riences plus intenses. <a href=\"https:\/\/chemgramx.com\/fr\/produit\/4meo-pvp\/\">4MEO-PVP en ligne<\/a>, w\u00e4chst stetig, da es eine bequeme und diskrete M\u00f6glichkeit bietet, dieses potente Research Chemical zu erwerben. Viele Forscher suchen gezielt nach dem bester Ort, um 4MEO-PVP zu kaufen, um gepr\u00fcfte Qualit\u00e4t zu erhalten.<\/p>\n<h3 data-start=\"922\" data-end=\"945\">Qu'est-ce que 4MEO-PVP ?<\/h3>\n<p data-start=\"947\" data-end=\"1229\">Le 4MEO-PVP est un stimulant synth\u00e9tique structurellement apparent\u00e9 \u00e0 d'autres cathinones comme l'\u03b1-PVP. Il agit comme un inhibiteur de la recapture des monoamines, notamment de la dopamine, de la noradr\u00e9naline et de la s\u00e9rotonine. Cette structure chimique lui conf\u00e8re de puissantes propri\u00e9t\u00e9s stimulantes.<\/p>\n<p data-start=\"1231\" data-end=\"1442\">Wer nach 4MEO-PVP zu verkaufen sucht, findet oft eine gro\u00dfe Auswahl bei internationalen Anbietern. Dabei lohnt es sich, die 4MEO-PVP price Angebote zu vergleichen, bevor man sich entscheidet, zu bestellen.<\/p>\n<h3 data-start=\"1449\" data-end=\"1518\">Classification chimique et comparaison avec d'autres stimulants<\/h3>\n<ul data-start=\"1520\" data-end=\"1757\">\n<li data-start=\"1520\" data-end=\"1551\">\n<p data-start=\"1522\" data-end=\"1551\">Classe chimique<\/p>\n<\/li>\n<li data-start=\"1552\" data-end=\"1600\">\n<p data-start=\"1554\" data-end=\"1600\">Substances apparent\u00e9es : \u03b1-PVP, MDPV, m\u00e9ph\u00e9drone<\/p>\n<\/li>\n<li data-start=\"1601\" data-end=\"1757\">\n<p data-start=\"1603\" data-end=\"1757\">M\u00e9canisme d\u2019action : Inhibe la recapture de la dopamine, de la noradr\u00e9naline et de la s\u00e9rotonine, entra\u00eenant des effets stimulants.<\/p>\n<\/li>\n<\/ul>\n<h3 data-start=\"1764\" data-end=\"1803\">Effets et avantages du 4MEO-PVP<\/h3>\n<ul data-start=\"1805\" data-end=\"2133\">\n<li data-start=\"1805\" data-end=\"1912\">\n<p data-start=\"1807\" data-end=\"1912\">Effets cognitifs : concentration am\u00e9lior\u00e9e, attention accrue et pens\u00e9e claire.<\/p>\n<\/li>\n<li data-start=\"1913\" data-end=\"2017\">\n<p data-start=\"1915\" data-end=\"2017\">Effets physiques : Augmentation de l\u2019\u00e9nergie, r\u00e9duction de la fatigue et stimulation physique agr\u00e9able.<\/p>\n<\/li>\n<li data-start=\"2018\" data-end=\"2133\">\n<p data-start=\"2020\" data-end=\"2133\">Effets \u00e9motionnels : euphorie, interaction sociale accrue et sentiment g\u00e9n\u00e9ral de bien-\u00eatre.<\/p>\n<\/li>\n<\/ul>\n<p data-start=\"2135\" data-end=\"2278\">De nombreux consommateurs choisissent de commander du 4MEO-PVP r\u00e9el ou faux pour avoir acc\u00e8s \u00e0 diff\u00e9rentes puret\u00e9s et formes.<\/p>\n<h3 data-start=\"2285\" data-end=\"2323\">Directives posologiques recommand\u00e9es<\/h3>\n<ul data-start=\"2325\" data-end=\"2621\">\n<li data-start=\"2325\" data-end=\"2438\">\n<p data-start=\"2327\" data-end=\"2438\">Dose initiale : Commencez par une faible dose pour tester la tol\u00e9rance individuelle.<\/p>\n<\/li>\n<li data-start=\"2439\" data-end=\"2534\">\n<p data-start=\"2441\" data-end=\"2534\">Fr\u00e9quence : En raison de son effet puissant, il ne doit pas \u00eatre pris trop fr\u00e9quemment.<\/p>\n<\/li>\n<li data-start=\"2535\" data-end=\"2621\">\n<p data-start=\"2537\" data-end=\"2621\">Associations : L\u2019association avec d\u2019autres substances doit \u00eatre \u00e9vit\u00e9e.<\/p>\n<\/li>\n<\/ul>\n<h3 data-start=\"2628\" data-end=\"2677\">Dur\u00e9e des effets et avertissements de redosage<\/h3>\n<ul data-start=\"2679\" data-end=\"2825\">\n<li data-start=\"2679\" data-end=\"2723\">\n<p data-start=\"2681\" data-end=\"2723\">Dur\u00e9e : G\u00e9n\u00e9ralement de 4 \u00e0 6 heures.<\/p>\n<\/li>\n<li data-start=\"2724\" data-end=\"2825\">\n<p data-start=\"2726\" data-end=\"2825\">R\u00e9administration : Une nouvelle prise dans un court laps de temps peut entra\u00eener une surstimulation.<\/p>\n<\/li>\n<\/ul>\n<h3 data-start=\"2832\" data-end=\"2867\">Pourquoi acheter 4MEO-PVP en ligne ?<\/h3>\n<ul data-start=\"2869\" data-end=\"3080\">\n<li data-start=\"2869\" data-end=\"2945\">\n<p data-start=\"2871\" data-end=\"2945\">Commodit\u00e9 : Acc\u00e8s facile sans quitter la maison.<\/p>\n<\/li>\n<li data-start=\"2946\" data-end=\"3007\">\n<p data-start=\"2948\" data-end=\"3007\">Discr\u00e9tion : Emballage neutre et exp\u00e9dition s\u00e9curis\u00e9e.<\/p>\n<\/li>\n<li data-start=\"3008\" data-end=\"3080\">\n<p data-start=\"3010\" data-end=\"3080\">Disponibilit\u00e9 : Diff\u00e9rentes quantit\u00e9s et puret\u00e9s disponibles.<\/p>\n<\/li>\n<\/ul>\n<p data-start=\"3082\" data-end=\"3270\">Les chercheurs profitent souvent de l'opportunit\u00e9 d'acheter du 4MEO-PVP, authentique ou contrefait, car les boutiques en ligne proposent une livraison discr\u00e8te. La possibilit\u00e9 d'acheter du 4MEO-PVP \u00e0 bas prix en ligne rend \u00e9galement l'achat plus attractif.<\/p>\n<h3 data-start=\"3277\" data-end=\"3326\">Est-il l\u00e9gal de commander 4MEO-PVP en ligne ?<\/h3>\n<ul data-start=\"3379\" data-end=\"3563\">\n<li data-start=\"3379\" data-end=\"3446\">\n<p data-start=\"3381\" data-end=\"3446\">Allemagne : 4MEO-PVP rel\u00e8ve du NpSG et est ill\u00e9gal.<\/p>\n<\/li>\n<li data-start=\"3447\" data-end=\"3522\">\n<p data-start=\"3449\" data-end=\"3522\">\u00c9tats-Unis : r\u00e9pertori\u00e9 comme substance contr\u00f4l\u00e9e dans de nombreux \u00c9tats.<\/p>\n<\/li>\n<li data-start=\"3523\" data-end=\"3563\">\n<p data-start=\"3525\" data-end=\"3563\">UE : R\u00e9glementations diff\u00e9rentes selon les pays.<\/p>\n<\/li>\n<\/ul>\n<p data-start=\"3565\" data-end=\"3660\">Por lo tanto, es importante averiguar de antemano d\u00f3nde comprar 4MEO-PVP legalmente.<\/p>\n<h3 data-start=\"3667\" data-end=\"3696\">Comment choisir 4MEO-PVP ?<\/h3>\n<ul data-start=\"3698\" data-end=\"3843\">\n<li data-start=\"3698\" data-end=\"3740\">\n<p data-start=\"3700\" data-end=\"3740\">Forme de poudre : Pour un dosage pr\u00e9cis.<\/p>\n<\/li>\n<li data-start=\"3741\" data-end=\"3789\">\n<p data-start=\"3743\" data-end=\"3789\">Kapseln\/Tabletten: Bequem f\u00fcr unterwegs.<\/p>\n<\/li>\n<li data-start=\"3790\" data-end=\"3843\">\n<p data-start=\"3792\" data-end=\"3843\">Puret\u00e9 : Privil\u00e9giez les fournisseurs avec des tests en laboratoire.<\/p>\n<\/li>\n<\/ul>\n<p data-start=\"3845\" data-end=\"3949\">Viele Nutzer suchen gezielt nach echtes oder gef\u00e4lschtes 4MEO-PVP zu verkaufen, um gepr\u00fcfte Produkte zu erwerben.<\/p>\n<h3 data-start=\"3956\" data-end=\"4002\">Meilleurs endroits pour acheter 4MEO-PVP en ligne<\/h3>\n<ul data-start=\"4004\" data-end=\"4175\">\n<li data-start=\"4004\" data-end=\"4064\">\n<p data-start=\"4006\" data-end=\"4064\">Magasins avec des avis positifs.<\/p>\n<\/li>\n<li data-start=\"4065\" data-end=\"4106\">\n<p data-start=\"4067\" data-end=\"4106\">Pruebas de laboratorio para el control de la pureza<\/p>\n<\/li>\n<li data-start=\"4107\" data-end=\"4175\">\n<p data-start=\"4109\" data-end=\"4175\">M\u00e9todos de pago seguros y pol\u00edticas de env\u00edo transparentes<\/p>\n<\/li>\n<\/ul>\n<p data-start=\"4177\" data-end=\"4276\">Das bester Ort, um 4MEO-PVP zu kaufen ist dort, wo Seriosit\u00e4t und Produktqualit\u00e4t garantiert werden.<\/p>\n<h3 data-start=\"4283\" data-end=\"4294\">Conclusion<\/h3>\n<p data-start=\"4296\" data-end=\"4690\">4MEO-PVP online kaufen bietet eine potente Kombination aus kognitiver und k\u00f6rperlicher Stimulation. Wer Kaufen Sie echtes oder gef\u00e4lschtes 4MEO-PVP m\u00f6chte, sollte nur seri\u00f6se Quellen w\u00e4hlen, die gepr\u00fcfte Qualit\u00e4t und diskrete Lieferung bieten. Mit dem richtigen Anbieter ist es heute einfacher denn je, 4MEO-PVP zu verkaufen zu finden und von konkurrenzf\u00e4higen 4MEO-PVP-Preis Angeboten zu profitieren.<\/p>","protected":false},"excerpt":{"rendered":"<p><strong>4-MeO-PVP<\/strong> est un produit chimique synth\u00e9tique d'une grande puret\u00e9, d\u00e9velopp\u00e9 pour la recherche scientifique. Ce compos\u00e9 est souvent utilis\u00e9 dans des \u00e9tudes biochimiques et pharmacologiques afin d'\u00e9tudier son action sur des cibles biologiques. <strong>4-MeO-PVP<\/strong> est exclusivement destin\u00e9 \u00e0 \u00eatre utilis\u00e9 dans des environnements de laboratoire et ne doit pas \u00eatre utilis\u00e9 pour la consommation humaine.<\/p>","protected":false},"featured_media":1130,"comment_status":"open","ping_status":"closed","template":"","meta":{"_joinchat":[]},"product_brand":[],"product_cat":[49],"product_tag":[2118,2124,2125,2126,2119,2123,2121,2122,2120,248],"class_list":{"0":"post-1129","1":"product","2":"type-product","3":"status-publish","4":"has-post-thumbnail","6":"product_cat-cathinones","7":"product_tag-4meo-pvp","8":"product_tag-4meo-pvp-chemikalien","9":"product_tag-4meo-pvp-forschung","10":"product_tag-4meo-pvp-fur-forschung","11":"product_tag-4meo-pvp-kaufen","12":"product_tag-4meo-pvp-kristalle","13":"product_tag-4meo-pvp-online","14":"product_tag-4meo-pvp-pulver","15":"product_tag-4meo-pvp-zum-verkauf","16":"product_tag-synthetische-stimulanzien","18":"first","19":"instock","20":"shipping-taxable","21":"purchasable","22":"product-type-variable"},"yoast_head":"<!-- This site is optimized with the Yoast SEO plugin v26.1.1 - https:\/\/yoast.com\/wordpress\/plugins\/seo\/ -->\n<title>4MEO-PVP online kaufen \u2013 4MEO-PVP zu verkaufen<\/title>\n<meta name=\"description\" content=\"Wenn Sie 4meo-pvp online kaufen m\u00f6chten und nach einem zuverl\u00e4ssigen Online-Shop suchen, dann kaufen Sie hier. Wir bieten nur hochwertiges 4meo-pvp zu einem erschwinglichen Preis zum Verkauf an. Bestellen Sie 4meo-pvp jetzt!\" \/>\n<meta name=\"robots\" content=\"index, follow, max-snippet:-1, max-image-preview:large, max-video-preview:-1\" \/>\n<link rel=\"canonical\" href=\"https:\/\/chemgramx.com\/fr\/produit\/4meo-pvp\/\" \/>\n<meta property=\"og:locale\" content=\"fr_FR\" \/>\n<meta property=\"og:type\" content=\"article\" \/>\n<meta property=\"og:title\" content=\"4MEO-PVP online kaufen \u2013 4MEO-PVP zu verkaufen\" \/>\n<meta property=\"og:description\" content=\"Wenn Sie 4meo-pvp online kaufen m\u00f6chten und nach einem zuverl\u00e4ssigen Online-Shop suchen, dann kaufen Sie hier. Wir bieten nur hochwertiges 4meo-pvp zu einem erschwinglichen Preis zum Verkauf an. Bestellen Sie 4meo-pvp jetzt!\" \/>\n<meta property=\"og:url\" content=\"https:\/\/chemgramx.com\/fr\/produit\/4meo-pvp\/\" \/>\n<meta property=\"og:site_name\" content=\"Chemgramx\" \/>\n<meta property=\"article:modified_time\" content=\"2025-10-15T08:39:28+00:00\" \/>\n<meta property=\"og:image\" content=\"https:\/\/chemgramx.com\/wp-content\/uploads\/2024\/12\/4meopvp.png\" \/>\n\t<meta property=\"og:image:width\" content=\"600\" \/>\n\t<meta property=\"og:image:height\" content=\"400\" \/>\n\t<meta property=\"og:image:type\" content=\"image\/png\" \/>\n<meta name=\"twitter:card\" content=\"summary_large_image\" \/>\n<meta name=\"twitter:label1\" content=\"Dur\u00e9e de lecture estim\u00e9e\" \/>\n\t<meta name=\"twitter:data1\" content=\"3 minutes\" \/>\n<script type=\"application\/ld+json\" class=\"yoast-schema-graph\">{\"@context\":\"https:\/\/schema.org\",\"@graph\":[{\"@type\":\"WebPage\",\"@id\":\"https:\/\/chemgramx.com\/product\/4meo-pvp\/\",\"url\":\"https:\/\/chemgramx.com\/product\/4meo-pvp\/\",\"name\":\"4MEO-PVP online kaufen \u2013 4MEO-PVP zu verkaufen\",\"isPartOf\":{\"@id\":\"https:\/\/chemgramx.com\/#website\"},\"primaryImageOfPage\":{\"@id\":\"https:\/\/chemgramx.com\/product\/4meo-pvp\/#primaryimage\"},\"image\":{\"@id\":\"https:\/\/chemgramx.com\/product\/4meo-pvp\/#primaryimage\"},\"thumbnailUrl\":\"https:\/\/chemgramx.com\/wp-content\/uploads\/2024\/12\/4meopvp.png\",\"datePublished\":\"2024-12-08T15:22:36+00:00\",\"dateModified\":\"2025-10-15T08:39:28+00:00\",\"description\":\"Wenn Sie 4meo-pvp online kaufen m\u00f6chten und nach einem zuverl\u00e4ssigen Online-Shop suchen, dann kaufen Sie hier. Wir bieten nur hochwertiges 4meo-pvp zu einem erschwinglichen Preis zum Verkauf an. Bestellen Sie 4meo-pvp jetzt!\",\"breadcrumb\":{\"@id\":\"https:\/\/chemgramx.com\/product\/4meo-pvp\/#breadcrumb\"},\"inLanguage\":\"fr-FR\",\"potentialAction\":[{\"@type\":\"ReadAction\",\"target\":[\"https:\/\/chemgramx.com\/product\/4meo-pvp\/\"]}]},{\"@type\":\"ImageObject\",\"inLanguage\":\"fr-FR\",\"@id\":\"https:\/\/chemgramx.com\/product\/4meo-pvp\/#primaryimage\",\"url\":\"https:\/\/chemgramx.com\/wp-content\/uploads\/2024\/12\/4meopvp.png\",\"contentUrl\":\"https:\/\/chemgramx.com\/wp-content\/uploads\/2024\/12\/4meopvp.png\",\"width\":600,\"height\":400,\"caption\":\"4MEO-PVP online kaufen\"},{\"@type\":\"BreadcrumbList\",\"@id\":\"https:\/\/chemgramx.com\/product\/4meo-pvp\/#breadcrumb\",\"itemListElement\":[{\"@type\":\"ListItem\",\"position\":1,\"name\":\"Home\",\"item\":\"https:\/\/chemgramx.com\/\"},{\"@type\":\"ListItem\",\"position\":2,\"name\":\"Shop\",\"item\":\"https:\/\/chemgramx.com\/shop\/\"},{\"@type\":\"ListItem\",\"position\":3,\"name\":\"4MEO-PVP online kaufen\"}]},{\"@type\":\"WebSite\",\"@id\":\"https:\/\/chemgramx.com\/#website\",\"url\":\"https:\/\/chemgramx.com\/\",\"name\":\"Chemgramx\",\"description\":\"\",\"publisher\":{\"@id\":\"https:\/\/chemgramx.com\/#organization\"},\"potentialAction\":[{\"@type\":\"SearchAction\",\"target\":{\"@type\":\"EntryPoint\",\"urlTemplate\":\"https:\/\/chemgramx.com\/?s={search_term_string}\"},\"query-input\":{\"@type\":\"PropertyValueSpecification\",\"valueRequired\":true,\"valueName\":\"search_term_string\"}}],\"inLanguage\":\"fr-FR\"},{\"@type\":\"Organization\",\"@id\":\"https:\/\/chemgramx.com\/#organization\",\"name\":\"Chemgramx\",\"url\":\"https:\/\/chemgramx.com\/\",\"logo\":{\"@type\":\"ImageObject\",\"inLanguage\":\"fr-FR\",\"@id\":\"https:\/\/chemgramx.com\/#\/schema\/logo\/image\/\",\"url\":\"https:\/\/chemgramx.com\/wp-content\/uploads\/2024\/10\/final-logo.png\",\"contentUrl\":\"https:\/\/chemgramx.com\/wp-content\/uploads\/2024\/10\/final-logo.png\",\"width\":250,\"height\":48,\"caption\":\"Chemgramx\"},\"image\":{\"@id\":\"https:\/\/chemgramx.com\/#\/schema\/logo\/image\/\"}}]}<\/script>\n<!-- \/ Yoast SEO plugin. -->","yoast_head_json":{"title":"4MEO-PVP online kaufen \u2013 4MEO-PVP zu verkaufen","description":"Wenn Sie 4meo-pvp online kaufen m\u00f6chten und nach einem zuverl\u00e4ssigen Online-Shop suchen, dann kaufen Sie hier. Wir bieten nur hochwertiges 4meo-pvp zu einem erschwinglichen Preis zum Verkauf an. Bestellen Sie 4meo-pvp jetzt!","robots":{"index":"index","follow":"follow","max-snippet":"max-snippet:-1","max-image-preview":"max-image-preview:large","max-video-preview":"max-video-preview:-1"},"canonical":"https:\/\/chemgramx.com\/fr\/produit\/4meo-pvp\/","og_locale":"fr_FR","og_type":"article","og_title":"4MEO-PVP online kaufen \u2013 4MEO-PVP zu verkaufen","og_description":"Wenn Sie 4meo-pvp online kaufen m\u00f6chten und nach einem zuverl\u00e4ssigen Online-Shop suchen, dann kaufen Sie hier. Wir bieten nur hochwertiges 4meo-pvp zu einem erschwinglichen Preis zum Verkauf an. Bestellen Sie 4meo-pvp jetzt!","og_url":"https:\/\/chemgramx.com\/fr\/produit\/4meo-pvp\/","og_site_name":"Chemgramx","article_modified_time":"2025-10-15T08:39:28+00:00","og_image":[{"width":600,"height":400,"url":"https:\/\/chemgramx.com\/wp-content\/uploads\/2024\/12\/4meopvp.png","type":"image\/png"}],"twitter_card":"summary_large_image","twitter_misc":{"Dur\u00e9e de lecture estim\u00e9e":"3 minutes"},"schema":{"@context":"https:\/\/schema.org","@graph":[{"@type":"WebPage","@id":"https:\/\/chemgramx.com\/product\/4meo-pvp\/","url":"https:\/\/chemgramx.com\/product\/4meo-pvp\/","name":"4MEO-PVP online kaufen \u2013 4MEO-PVP zu verkaufen","isPartOf":{"@id":"https:\/\/chemgramx.com\/#website"},"primaryImageOfPage":{"@id":"https:\/\/chemgramx.com\/product\/4meo-pvp\/#primaryimage"},"image":{"@id":"https:\/\/chemgramx.com\/product\/4meo-pvp\/#primaryimage"},"thumbnailUrl":"https:\/\/chemgramx.com\/wp-content\/uploads\/2024\/12\/4meopvp.png","datePublished":"2024-12-08T15:22:36+00:00","dateModified":"2025-10-15T08:39:28+00:00","description":"Wenn Sie 4meo-pvp online kaufen m\u00f6chten und nach einem zuverl\u00e4ssigen Online-Shop suchen, dann kaufen Sie hier. Wir bieten nur hochwertiges 4meo-pvp zu einem erschwinglichen Preis zum Verkauf an. Bestellen Sie 4meo-pvp jetzt!","breadcrumb":{"@id":"https:\/\/chemgramx.com\/product\/4meo-pvp\/#breadcrumb"},"inLanguage":"fr-FR","potentialAction":[{"@type":"ReadAction","target":["https:\/\/chemgramx.com\/product\/4meo-pvp\/"]}]},{"@type":"ImageObject","inLanguage":"fr-FR","@id":"https:\/\/chemgramx.com\/product\/4meo-pvp\/#primaryimage","url":"https:\/\/chemgramx.com\/wp-content\/uploads\/2024\/12\/4meopvp.png","contentUrl":"https:\/\/chemgramx.com\/wp-content\/uploads\/2024\/12\/4meopvp.png","width":600,"height":400,"caption":"4MEO-PVP online kaufen"},{"@type":"BreadcrumbList","@id":"https:\/\/chemgramx.com\/product\/4meo-pvp\/#breadcrumb","itemListElement":[{"@type":"ListItem","position":1,"name":"Home","item":"https:\/\/chemgramx.com\/"},{"@type":"ListItem","position":2,"name":"Shop","item":"https:\/\/chemgramx.com\/shop\/"},{"@type":"ListItem","position":3,"name":"4MEO-PVP online kaufen"}]},{"@type":"WebSite","@id":"https:\/\/chemgramx.com\/#website","url":"https:\/\/chemgramx.com\/","name":"Chemgramx","description":"","publisher":{"@id":"https:\/\/chemgramx.com\/#organization"},"potentialAction":[{"@type":"SearchAction","target":{"@type":"EntryPoint","urlTemplate":"https:\/\/chemgramx.com\/?s={search_term_string}"},"query-input":{"@type":"PropertyValueSpecification","valueRequired":true,"valueName":"search_term_string"}}],"inLanguage":"fr-FR"},{"@type":"Organization","@id":"https:\/\/chemgramx.com\/#organization","name":"Chemgramx","url":"https:\/\/chemgramx.com\/","logo":{"@type":"ImageObject","inLanguage":"fr-FR","@id":"https:\/\/chemgramx.com\/#\/schema\/logo\/image\/","url":"https:\/\/chemgramx.com\/wp-content\/uploads\/2024\/10\/final-logo.png","contentUrl":"https:\/\/chemgramx.com\/wp-content\/uploads\/2024\/10\/final-logo.png","width":250,"height":48,"caption":"Chemgramx"},"image":{"@id":"https:\/\/chemgramx.com\/#\/schema\/logo\/image\/"}}]}},"_links":{"self":[{"href":"https:\/\/chemgramx.com\/fr\/wp-json\/wp\/v2\/product\/1129","targetHints":{"allow":["GET"]}}],"collection":[{"href":"https:\/\/chemgramx.com\/fr\/wp-json\/wp\/v2\/product"}],"about":[{"href":"https:\/\/chemgramx.com\/fr\/wp-json\/wp\/v2\/types\/product"}],"replies":[{"embeddable":true,"href":"https:\/\/chemgramx.com\/fr\/wp-json\/wp\/v2\/comments?post=1129"}],"wp:featuredmedia":[{"embeddable":true,"href":"https:\/\/chemgramx.com\/fr\/wp-json\/wp\/v2\/media\/1130"}],"wp:attachment":[{"href":"https:\/\/chemgramx.com\/fr\/wp-json\/wp\/v2\/media?parent=1129"}],"wp:term":[{"taxonomy":"product_brand","embeddable":true,"href":"https:\/\/chemgramx.com\/fr\/wp-json\/wp\/v2\/product_brand?post=1129"},{"taxonomy":"product_cat","embeddable":true,"href":"https:\/\/chemgramx.com\/fr\/wp-json\/wp\/v2\/product_cat?post=1129"},{"taxonomy":"product_tag","embeddable":true,"href":"https:\/\/chemgramx.com\/fr\/wp-json\/wp\/v2\/product_tag?post=1129"}],"curies":[{"name":"wp","href":"https:\/\/api.w.org\/{rel}","templated":true}]}}