{"id":1137,"date":"2024-12-08T15:52:04","date_gmt":"2024-12-08T15:52:04","guid":{"rendered":"https:\/\/chemgramx.com\/?post_type=product&#038;p=1137"},"modified":"2025-10-15T05:48:04","modified_gmt":"2025-10-15T05:48:04","slug":"3me-fentanyl","status":"publish","type":"product","link":"https:\/\/chemgramx.com\/fr\/produit\/3me-fentanyl\/","title":{"rendered":"Acheter 3me-Fentanyl en ligne"},"content":{"rendered":"<h2 data-start=\"183\" data-end=\"209\">Qu'est-ce que le 3me-fentanyl ?<\/h2>\n<p data-start=\"211\" data-end=\"761\">Le 3-m\u00e9thylfentanyl est un puissant opio\u00efde synth\u00e9tique de la famille du fentanyl, utilis\u00e9 en recherche scientifique et en analyse chimique. Appel\u00e9 chimiquement 3-m\u00e9thylfentanyl, il appartient au groupe des analogues tr\u00e8s puissants du fentanyl. Gr\u00e2ce \u00e0 sa structure unique, il est nettement plus efficace que le fentanyl conventionnel. D\u00e9velopp\u00e9 \u00e0 l'origine dans le cadre de recherches chimiques, il offre aux chercheurs des perspectives pr\u00e9cieuses pour l'\u00e9tude des r\u00e9cepteurs opio\u00efdes et de leurs m\u00e9canismes d'action.<\/p>\n<p data-start=\"763\" data-end=\"936\"><a href=\"https:\/\/chemgramx.com\/fr\/produit\/3me-fentanyl\/\">Achetez du fentanyl 3me, vrai ou faux<\/a> je souhaite l'utiliser pour comprendre la liaison aux r\u00e9cepteurs \u00b5-opio\u00efdes et pour mener de nouvelles \u00e9tudes pharmacologiques.<\/p>\n<h3 data-start=\"943\" data-end=\"1018\">Achetez du 3me-Fentanyl en ligne d\u00e8s maintenant\u00a0\u2013 Disponible \u00e0 la vente<\/h3>\n<p data-start=\"1020\" data-end=\"1269\">Si vous souhaitez acheter du 3me Fentanyl de haute qualit\u00e9 en ligne, vous \u00eates au bon endroit. Nous proposons du 3me Fentanyl \u00e0 la vente, d'une puret\u00e9 et d'une qualit\u00e9 garanties, parfaitement adapt\u00e9 \u00e0 la recherche et \u00e0 l'analyse professionnelles.<\/p>\n<p data-start=\"1271\" data-end=\"1628\">Chez nous, vous pouvez acheter du 3me-Fentanyl en ligne, en toute s\u00e9curit\u00e9, discr\u00e9tion et fiabilit\u00e9. D\u00e9couvrez nos offres, commandez directement aupr\u00e8s d'un professionnel et b\u00e9n\u00e9ficiez de conditions exceptionnelles. Le meilleur endroit pour acheter du 3me-Fentanyl en ligne, directement aupr\u00e8s d'un expert. Achetez du 3me-Fentanyl \u00e0 bas prix d\u00e8s maintenant et b\u00e9n\u00e9ficiez de r\u00e9ductions exclusives.<\/p>\n<h3 data-start=\"1635\" data-end=\"1681\">Pourquoi acheter 3me Fentanyl en ligne chez nous ?<\/h3>\n<ul data-start=\"1683\" data-end=\"2037\">\n<li data-start=\"1683\" data-end=\"1749\">\n<p data-start=\"1685\" data-end=\"1749\">Test\u00e9 en laboratoire pour une qualit\u00e9 maximale dans la recherche.<\/p>\n<\/li>\n<li data-start=\"1750\" data-end=\"1807\">\n<p data-start=\"1752\" data-end=\"1807\">Exp\u00e9dition rapide et discr\u00e8te dans un emballage neutre<\/p>\n<\/li>\n<li data-start=\"1808\" data-end=\"1852\">\n<p data-start=\"1810\" data-end=\"1852\">M\u00e9thodes de paiement flexibles et s\u00e9curis\u00e9es<\/p>\n<\/li>\n<li data-start=\"1853\" data-end=\"1923\">\n<p data-start=\"1855\" data-end=\"1923\">Prix attractif du 3me-Fentanyl pour les commandes individuelles et group\u00e9es<\/p>\n<\/li>\n<li data-start=\"1924\" data-end=\"1969\">\n<p data-start=\"1926\" data-end=\"1969\">Service client comp\u00e9tent pour toutes questions<\/p>\n<\/li>\n<li data-start=\"1970\" data-end=\"2037\">\n<p data-start=\"1972\" data-end=\"2037\">Possibilit\u00e9 d'acheter du 3me-Fentanyl r\u00e9el ou faux \u00e0 vendre<\/p>\n<\/li>\n<\/ul>\n<h3 data-start=\"2044\" data-end=\"2079\">Origine et profil chimique<\/h3>\n<p data-start=\"2081\" data-end=\"2378\">Le 3me-fentanyl a \u00e9t\u00e9 synth\u00e9tis\u00e9 pour la premi\u00e8re fois dans les ann\u00e9es 1970 dans le cadre de recherches m\u00e9dicales et chimiques. Structurellement, cette substance appartient \u00e0 la famille des d\u00e9riv\u00e9s du fentanyl et se distingue par son groupe 3-m\u00e9thyle, qui lui permet une liaison plus forte au r\u00e9cepteur opio\u00efde \u00b5.<\/p>\n<p data-start=\"2380\" data-end=\"2538\">Cette structure la rend particuli\u00e8rement pr\u00e9cieuse pour les chercheurs qui \u00e9tudient la liaison aux r\u00e9cepteurs et d\u00e9veloppent de nouvelles approches dans la recherche sur la douleur.<\/p>\n<h3 data-start=\"2545\" data-end=\"2577\">Utilisation du 3me-Fentanyl<\/h3>\n<p data-start=\"2579\" data-end=\"2777\">Le 3me-Fentanyl est utilis\u00e9 exclusivement \u00e0 des fins de recherche scientifique. Les instituts de recherche et les laboratoires qui souhaitent se procurer du 3me-Fentanyl font appel \u00e0 nos services pour\u00a0:<\/p>\n<ul data-start=\"2779\" data-end=\"2944\">\n<li data-start=\"2779\" data-end=\"2814\">\n<p data-start=\"2781\" data-end=\"2814\">Recherche neuropharmacologique<\/p>\n<\/li>\n<li data-start=\"2815\" data-end=\"2847\">\n<p data-start=\"2817\" data-end=\"2847\">\u00e9tudes chimiques<\/p>\n<\/li>\n<li data-start=\"2848\" data-end=\"2892\">\n<p data-start=\"2850\" data-end=\"2892\">Recherche fondamentale sur les r\u00e9cepteurs opio\u00efdes<\/p>\n<\/li>\n<li data-start=\"2893\" data-end=\"2944\">\n<p data-start=\"2895\" data-end=\"2944\">Analyses toxicologiques dans le domaine m\u00e9dico-l\u00e9gal<\/p>\n<\/li>\n<\/ul>\n<h3 data-start=\"2951\" data-end=\"3006\">Comment et o\u00f9 puis-je commander 3me-Fentanyl en ligne ?<\/h3>\n<p data-start=\"3008\" data-end=\"3218\">Vous pouvez commander du 3me Fentanyl authentique ou contrefait chez nous, rapidement, en toute s\u00e9curit\u00e9 et en toute discr\u00e9tion. Notre boutique en ligne conviviale propose des options de paiement flexibles et une livraison dans le monde entier avec un emballage neutre.<\/p>\n<h3 data-start=\"3225\" data-end=\"3272\">Avantages de l'achat de 3me-Fentanyl en ligne<\/h3>\n<ul data-start=\"3274\" data-end=\"3528\">\n<li data-start=\"3274\" data-end=\"3332\">\n<p data-start=\"3276\" data-end=\"3332\">Achat direct sans interm\u00e9diaires = meilleurs prix<\/p>\n<\/li>\n<li data-start=\"3333\" data-end=\"3385\">\n<p data-start=\"3335\" data-end=\"3385\">Exp\u00e9dition rapide et discr\u00e8te dans le monde entier<\/p>\n<\/li>\n<li data-start=\"3386\" data-end=\"3436\">\n<p data-start=\"3388\" data-end=\"3436\">Acc\u00e8s \u00e0 des remises exclusives et des offres sp\u00e9ciales<\/p>\n<\/li>\n<li data-start=\"3437\" data-end=\"3489\">\n<p data-start=\"3439\" data-end=\"3489\">Prix \u00e9quitable du 3me-Fentanyl pour chaque commande<\/p>\n<\/li>\n<li data-start=\"3490\" data-end=\"3528\">\n<p data-start=\"3492\" data-end=\"3528\">Des conseils comp\u00e9tents d'experts<\/p>\n<\/li>\n<\/ul>\n<h3 data-start=\"3535\" data-end=\"3576\">Comment choisir le bon fournisseur<\/h3>\n<p data-start=\"3578\" data-end=\"3715\">Surtout lorsqu\u2019il s\u2019agit de produits chimiques de recherche tr\u00e8s puissants tels que le 3me-fentanyl, il est essentiel de s\u2019appuyer sur un partenaire de confiance.<\/p>\n<p data-start=\"3717\" data-end=\"3745\">Crit\u00e8res de s\u00e9lection importants :<\/p>\n<ul data-start=\"3746\" data-end=\"3918\">\n<li data-start=\"3746\" data-end=\"3788\">\n<p data-start=\"3748\" data-end=\"3788\">Certificats de qualit\u00e9 et de puret\u00e9 test\u00e9s<\/p>\n<\/li>\n<li data-start=\"3789\" data-end=\"3845\">\n<p data-start=\"3791\" data-end=\"3845\">Exp\u00e9dition fiable : rapide, discr\u00e8te et assur\u00e9e<\/p>\n<\/li>\n<li data-start=\"3846\" data-end=\"3874\">\n<p data-start=\"3848\" data-end=\"3874\">M\u00e9thodes de paiement s\u00e9curis\u00e9es<\/p>\n<\/li>\n<li data-start=\"3875\" data-end=\"3918\">\n<p data-start=\"3877\" data-end=\"3918\">Un accompagnement personnalis\u00e9 pour vos recherches<\/p>\n<\/li>\n<\/ul>\n<h3 data-start=\"3925\" data-end=\"3935\">Conclusion<\/h3>\n<p data-start=\"3937\" data-end=\"4240\">Si vous souhaitez acheter du 3me Fentanyl en ligne, notre boutique est faite pour vous. Nous vous offrons une qualit\u00e9 test\u00e9e, des prix \u00e9quitables, une livraison discr\u00e8te et une s\u00e9curit\u00e9 absolue. Avec notre gamme de 3me Fentanyl authentiques ou contrefaits, nous vous accompagnons au plus haut niveau dans vos recherches.<\/p>","protected":false},"excerpt":{"rendered":"<p><strong>3ME-Fentanyl<\/strong> est un compos\u00e9 chimique de grande puret\u00e9 utilis\u00e9 dans la recherche scientifique pour \u00e9tudier les effets pharmacologiques et les propri\u00e9t\u00e9s des d\u00e9riv\u00e9s du fentanyl. Cette substance est utilis\u00e9e exclusivement dans des environnements de laboratoire contr\u00f4l\u00e9s et n'est pas destin\u00e9e \u00e0 la consommation humaine.<\/p>","protected":false},"featured_media":1138,"comment_status":"open","ping_status":"closed","template":"","meta":{"_joinchat":[]},"product_brand":[],"product_cat":[1803],"product_tag":[2079,2085,2080,2083,2084,2082,2081,2070,188,1814],"class_list":{"0":"post-1137","1":"product","2":"type-product","3":"status-publish","4":"has-post-thumbnail","6":"product_cat-andere","7":"product_tag-3me-fentanyl","8":"product_tag-3me-fentanyl-chemikalien","9":"product_tag-3me-fentanyl-kaufen","10":"product_tag-3me-fentanyl-kristalle","11":"product_tag-3me-fentanyl-online","12":"product_tag-3me-fentanyl-pulver","13":"product_tag-3me-fentanyl-zum-verkauf","14":"product_tag-fentanyl-derivate","15":"product_tag-forschungschemikalien","16":"product_tag-forschungsstoffe-kaufen","18":"first","19":"instock","20":"shipping-taxable","21":"purchasable","22":"product-type-variable"},"yoast_head":"<!-- This site is optimized with the Yoast SEO plugin v26.1.1 - https:\/\/yoast.com\/wordpress\/plugins\/seo\/ -->\n<title>3ME-Fentanyl online kaufen \u2013 3ME-Fentanyl zu verkaufen<\/title>\n<meta name=\"description\" content=\"Wenn Sie 3me-Fentanyl online ohne Rezept kaufen m\u00f6chten, ist chemgramx.com der beste Ort, um 3me-Fentanyl online zu kaufen, 3me-Fentanyl zu verkaufen, 3me-Fentanyl online zum besten Preis. Jetzt bestellen!\" \/>\n<meta name=\"robots\" content=\"index, follow, max-snippet:-1, max-image-preview:large, max-video-preview:-1\" \/>\n<link rel=\"canonical\" href=\"https:\/\/chemgramx.com\/fr\/produit\/3me-fentanyl\/\" \/>\n<meta property=\"og:locale\" content=\"fr_FR\" \/>\n<meta property=\"og:type\" content=\"article\" \/>\n<meta property=\"og:title\" content=\"3ME-Fentanyl online kaufen \u2013 3ME-Fentanyl zu verkaufen\" \/>\n<meta property=\"og:description\" content=\"Wenn Sie 3me-Fentanyl online ohne Rezept kaufen m\u00f6chten, ist chemgramx.com der beste Ort, um 3me-Fentanyl online zu kaufen, 3me-Fentanyl zu verkaufen, 3me-Fentanyl online zum besten Preis. Jetzt bestellen!\" \/>\n<meta property=\"og:url\" content=\"https:\/\/chemgramx.com\/fr\/produit\/3me-fentanyl\/\" \/>\n<meta property=\"og:site_name\" content=\"Chemgramx\" \/>\n<meta property=\"article:modified_time\" content=\"2025-10-15T05:48:04+00:00\" \/>\n<meta property=\"og:image\" content=\"https:\/\/chemgramx.com\/wp-content\/uploads\/2024\/12\/3me.png\" \/>\n\t<meta property=\"og:image:width\" content=\"600\" \/>\n\t<meta property=\"og:image:height\" content=\"400\" \/>\n\t<meta property=\"og:image:type\" content=\"image\/png\" \/>\n<meta name=\"twitter:card\" content=\"summary_large_image\" \/>\n<meta name=\"twitter:label1\" content=\"Dur\u00e9e de lecture estim\u00e9e\" \/>\n\t<meta name=\"twitter:data1\" content=\"3 minutes\" \/>\n<script type=\"application\/ld+json\" class=\"yoast-schema-graph\">{\"@context\":\"https:\/\/schema.org\",\"@graph\":[{\"@type\":\"WebPage\",\"@id\":\"https:\/\/chemgramx.com\/product\/3me-fentanyl\/\",\"url\":\"https:\/\/chemgramx.com\/product\/3me-fentanyl\/\",\"name\":\"3ME-Fentanyl online kaufen \u2013 3ME-Fentanyl zu verkaufen\",\"isPartOf\":{\"@id\":\"https:\/\/chemgramx.com\/#website\"},\"primaryImageOfPage\":{\"@id\":\"https:\/\/chemgramx.com\/product\/3me-fentanyl\/#primaryimage\"},\"image\":{\"@id\":\"https:\/\/chemgramx.com\/product\/3me-fentanyl\/#primaryimage\"},\"thumbnailUrl\":\"https:\/\/chemgramx.com\/wp-content\/uploads\/2024\/12\/3me.png\",\"datePublished\":\"2024-12-08T15:52:04+00:00\",\"dateModified\":\"2025-10-15T05:48:04+00:00\",\"description\":\"Wenn Sie 3me-Fentanyl online ohne Rezept kaufen m\u00f6chten, ist chemgramx.com der beste Ort, um 3me-Fentanyl online zu kaufen, 3me-Fentanyl zu verkaufen, 3me-Fentanyl online zum besten Preis. Jetzt bestellen!\",\"breadcrumb\":{\"@id\":\"https:\/\/chemgramx.com\/product\/3me-fentanyl\/#breadcrumb\"},\"inLanguage\":\"fr-FR\",\"potentialAction\":[{\"@type\":\"ReadAction\",\"target\":[\"https:\/\/chemgramx.com\/product\/3me-fentanyl\/\"]}]},{\"@type\":\"ImageObject\",\"inLanguage\":\"fr-FR\",\"@id\":\"https:\/\/chemgramx.com\/product\/3me-fentanyl\/#primaryimage\",\"url\":\"https:\/\/chemgramx.com\/wp-content\/uploads\/2024\/12\/3me.png\",\"contentUrl\":\"https:\/\/chemgramx.com\/wp-content\/uploads\/2024\/12\/3me.png\",\"width\":600,\"height\":400,\"caption\":\"3ME-Fentanyl online kaufen\"},{\"@type\":\"BreadcrumbList\",\"@id\":\"https:\/\/chemgramx.com\/product\/3me-fentanyl\/#breadcrumb\",\"itemListElement\":[{\"@type\":\"ListItem\",\"position\":1,\"name\":\"Home\",\"item\":\"https:\/\/chemgramx.com\/\"},{\"@type\":\"ListItem\",\"position\":2,\"name\":\"Shop\",\"item\":\"https:\/\/chemgramx.com\/shop\/\"},{\"@type\":\"ListItem\",\"position\":3,\"name\":\"3me-Fentanyl online kaufen\"}]},{\"@type\":\"WebSite\",\"@id\":\"https:\/\/chemgramx.com\/#website\",\"url\":\"https:\/\/chemgramx.com\/\",\"name\":\"Chemgramx\",\"description\":\"\",\"publisher\":{\"@id\":\"https:\/\/chemgramx.com\/#organization\"},\"potentialAction\":[{\"@type\":\"SearchAction\",\"target\":{\"@type\":\"EntryPoint\",\"urlTemplate\":\"https:\/\/chemgramx.com\/?s={search_term_string}\"},\"query-input\":{\"@type\":\"PropertyValueSpecification\",\"valueRequired\":true,\"valueName\":\"search_term_string\"}}],\"inLanguage\":\"fr-FR\"},{\"@type\":\"Organization\",\"@id\":\"https:\/\/chemgramx.com\/#organization\",\"name\":\"Chemgramx\",\"url\":\"https:\/\/chemgramx.com\/\",\"logo\":{\"@type\":\"ImageObject\",\"inLanguage\":\"fr-FR\",\"@id\":\"https:\/\/chemgramx.com\/#\/schema\/logo\/image\/\",\"url\":\"https:\/\/chemgramx.com\/wp-content\/uploads\/2024\/10\/final-logo.png\",\"contentUrl\":\"https:\/\/chemgramx.com\/wp-content\/uploads\/2024\/10\/final-logo.png\",\"width\":250,\"height\":48,\"caption\":\"Chemgramx\"},\"image\":{\"@id\":\"https:\/\/chemgramx.com\/#\/schema\/logo\/image\/\"}}]}<\/script>\n<!-- \/ Yoast SEO plugin. -->","yoast_head_json":{"title":"Achetez du fentanyl 3ME en ligne \u2013 3ME Fentanyl \u00e0 vendre","description":"Si vous souhaitez acheter du 3me-Fentanyl en ligne sans ordonnance, chemgramx.com est le meilleur endroit pour acheter, vendre et acheter du 3me-Fentanyl en ligne au meilleur prix. Commandez d\u00e8s maintenant\u00a0!","robots":{"index":"index","follow":"follow","max-snippet":"max-snippet:-1","max-image-preview":"max-image-preview:large","max-video-preview":"max-video-preview:-1"},"canonical":"https:\/\/chemgramx.com\/fr\/produit\/3me-fentanyl\/","og_locale":"fr_FR","og_type":"article","og_title":"3ME-Fentanyl online kaufen \u2013 3ME-Fentanyl zu verkaufen","og_description":"Wenn Sie 3me-Fentanyl online ohne Rezept kaufen m\u00f6chten, ist chemgramx.com der beste Ort, um 3me-Fentanyl online zu kaufen, 3me-Fentanyl zu verkaufen, 3me-Fentanyl online zum besten Preis. Jetzt bestellen!","og_url":"https:\/\/chemgramx.com\/fr\/produit\/3me-fentanyl\/","og_site_name":"Chemgramx","article_modified_time":"2025-10-15T05:48:04+00:00","og_image":[{"width":600,"height":400,"url":"https:\/\/chemgramx.com\/wp-content\/uploads\/2024\/12\/3me.png","type":"image\/png"}],"twitter_card":"summary_large_image","twitter_misc":{"Dur\u00e9e de lecture estim\u00e9e":"3 minutes"},"schema":{"@context":"https:\/\/schema.org","@graph":[{"@type":"WebPage","@id":"https:\/\/chemgramx.com\/product\/3me-fentanyl\/","url":"https:\/\/chemgramx.com\/product\/3me-fentanyl\/","name":"Achetez du fentanyl 3ME en ligne \u2013 3ME Fentanyl \u00e0 vendre","isPartOf":{"@id":"https:\/\/chemgramx.com\/#website"},"primaryImageOfPage":{"@id":"https:\/\/chemgramx.com\/product\/3me-fentanyl\/#primaryimage"},"image":{"@id":"https:\/\/chemgramx.com\/product\/3me-fentanyl\/#primaryimage"},"thumbnailUrl":"https:\/\/chemgramx.com\/wp-content\/uploads\/2024\/12\/3me.png","datePublished":"2024-12-08T15:52:04+00:00","dateModified":"2025-10-15T05:48:04+00:00","description":"Si vous souhaitez acheter du 3me-Fentanyl en ligne sans ordonnance, chemgramx.com est le meilleur endroit pour acheter, vendre et acheter du 3me-Fentanyl en ligne au meilleur prix. Commandez d\u00e8s maintenant\u00a0!","breadcrumb":{"@id":"https:\/\/chemgramx.com\/product\/3me-fentanyl\/#breadcrumb"},"inLanguage":"fr-FR","potentialAction":[{"@type":"ReadAction","target":["https:\/\/chemgramx.com\/product\/3me-fentanyl\/"]}]},{"@type":"ImageObject","inLanguage":"fr-FR","@id":"https:\/\/chemgramx.com\/product\/3me-fentanyl\/#primaryimage","url":"https:\/\/chemgramx.com\/wp-content\/uploads\/2024\/12\/3me.png","contentUrl":"https:\/\/chemgramx.com\/wp-content\/uploads\/2024\/12\/3me.png","width":600,"height":400,"caption":"3ME-Fentanyl online kaufen"},{"@type":"BreadcrumbList","@id":"https:\/\/chemgramx.com\/product\/3me-fentanyl\/#breadcrumb","itemListElement":[{"@type":"ListItem","position":1,"name":"Home","item":"https:\/\/chemgramx.com\/"},{"@type":"ListItem","position":2,"name":"Shop","item":"https:\/\/chemgramx.com\/shop\/"},{"@type":"ListItem","position":3,"name":"3me-Fentanyl online kaufen"}]},{"@type":"WebSite","@id":"https:\/\/chemgramx.com\/#website","url":"https:\/\/chemgramx.com\/","name":"Chemgramx","description":"","publisher":{"@id":"https:\/\/chemgramx.com\/#organization"},"potentialAction":[{"@type":"SearchAction","target":{"@type":"EntryPoint","urlTemplate":"https:\/\/chemgramx.com\/?s={search_term_string}"},"query-input":{"@type":"PropertyValueSpecification","valueRequired":true,"valueName":"search_term_string"}}],"inLanguage":"fr-FR"},{"@type":"Organization","@id":"https:\/\/chemgramx.com\/#organization","name":"Chemgramx","url":"https:\/\/chemgramx.com\/","logo":{"@type":"ImageObject","inLanguage":"fr-FR","@id":"https:\/\/chemgramx.com\/#\/schema\/logo\/image\/","url":"https:\/\/chemgramx.com\/wp-content\/uploads\/2024\/10\/final-logo.png","contentUrl":"https:\/\/chemgramx.com\/wp-content\/uploads\/2024\/10\/final-logo.png","width":250,"height":48,"caption":"Chemgramx"},"image":{"@id":"https:\/\/chemgramx.com\/#\/schema\/logo\/image\/"}}]}},"_links":{"self":[{"href":"https:\/\/chemgramx.com\/fr\/wp-json\/wp\/v2\/product\/1137","targetHints":{"allow":["GET"]}}],"collection":[{"href":"https:\/\/chemgramx.com\/fr\/wp-json\/wp\/v2\/product"}],"about":[{"href":"https:\/\/chemgramx.com\/fr\/wp-json\/wp\/v2\/types\/product"}],"replies":[{"embeddable":true,"href":"https:\/\/chemgramx.com\/fr\/wp-json\/wp\/v2\/comments?post=1137"}],"wp:featuredmedia":[{"embeddable":true,"href":"https:\/\/chemgramx.com\/fr\/wp-json\/wp\/v2\/media\/1138"}],"wp:attachment":[{"href":"https:\/\/chemgramx.com\/fr\/wp-json\/wp\/v2\/media?parent=1137"}],"wp:term":[{"taxonomy":"product_brand","embeddable":true,"href":"https:\/\/chemgramx.com\/fr\/wp-json\/wp\/v2\/product_brand?post=1137"},{"taxonomy":"product_cat","embeddable":true,"href":"https:\/\/chemgramx.com\/fr\/wp-json\/wp\/v2\/product_cat?post=1137"},{"taxonomy":"product_tag","embeddable":true,"href":"https:\/\/chemgramx.com\/fr\/wp-json\/wp\/v2\/product_tag?post=1137"}],"curies":[{"name":"wp","href":"https:\/\/api.w.org\/{rel}","templated":true}]}}