{"id":1155,"date":"2024-12-08T17:31:47","date_gmt":"2024-12-08T17:31:47","guid":{"rendered":"https:\/\/chemgramx.com\/?post_type=product&#038;p=1155"},"modified":"2025-08-19T06:59:24","modified_gmt":"2025-08-19T06:59:24","slug":"5fur-144","status":"publish","type":"product","link":"https:\/\/chemgramx.com\/fr\/produit\/5fur-144\/","title":{"rendered":"Acheter 5Fur-144 en ligne"},"content":{"rendered":"<h2 data-start=\"150\" data-end=\"176\">Acheter 5Fur-144 en ligne<\/h2>\n<p data-start=\"178\" data-end=\"664\">Le 5Fur-144 est un cannabino\u00efde synth\u00e9tique sp\u00e9cialement d\u00e9velopp\u00e9 pour l'\u00e9tude des r\u00e9cepteurs cannabino\u00efdes dans le corps humain. De nombreux instituts de recherche recherchent des sources s\u00fbres pour se procurer du 5Fur-144 ou pour v\u00e9rifier o\u00f9 en acheter avec une qualit\u00e9 certifi\u00e9e. Il est \u00e9galement <a href=\"https:\/\/chemgramx.com\/fr\/produit\/5fur-144\/\">5Fur-144 vrai ou faux \u00e0 vendre<\/a> peut donner, il est crucial de choisir le meilleur endroit pour acheter 5Fur-144 et de ne compter que sur des fournisseurs v\u00e9rifi\u00e9s.<\/p>\n<p data-start=\"666\" data-end=\"1146\">Les scientifiques utilisent le 5Fur-144 pour approfondir leur compr\u00e9hension des r\u00e9cepteurs cannabino\u00efdes et d\u00e9velopper de nouvelles approches th\u00e9rapeutiques. Il est particuli\u00e8rement utile dans la recherche sur la gestion de la douleur et les r\u00e9ponses anti-inflammatoires. C'est pourquoi de nombreux laboratoires choisissent de comparer le 5Fur-144 authentique et le falsifi\u00e9, puis de le commander aupr\u00e8s d'un revendeur de confiance.<\/p>\n<p data-start=\"1148\" data-end=\"1578\">Les scientifiques utilisent le 5Fur-144 pour approfondir leur compr\u00e9hension des r\u00e9cepteurs cannabino\u00efdes et d\u00e9velopper de nouvelles approches th\u00e9rapeutiques. Il est particuli\u00e8rement utile dans la recherche sur la gestion de la douleur et les r\u00e9ponses anti-inflammatoires. C'est pourquoi de nombreux laboratoires choisissent de comparer le 5Fur-144 authentique et le falsifi\u00e9, puis de le commander aupr\u00e8s d'un revendeur de confiance.<\/p>\n<p data-start=\"1580\" data-end=\"1919\">Parce qu'il agit sur les m\u00eames r\u00e9cepteurs que le THC et d'autres cannabino\u00efdes naturels, le 5Fur-144 offre une pr\u00e9cieuse opportunit\u00e9 d'analyser les m\u00e9canismes biochimiques de l'action des cannabino\u00efdes. Cependant, le 5Fur-144 n'est pas destin\u00e9 \u00e0 la consommation humaine et ne doit \u00eatre utilis\u00e9 que dans des environnements strictement contr\u00f4l\u00e9s.<\/p>\n<h3 data-start=\"1926\" data-end=\"1957\">Principales caract\u00e9ristiques et avantages<\/h3>\n<ul data-start=\"1959\" data-end=\"2267\">\n<li data-start=\"1959\" data-end=\"2011\">\n<p data-start=\"1961\" data-end=\"2011\">5Fur-144 na prodej v testovan\u00e9 laboratorn\u00ed kvalit\u011b<\/p>\n<\/li>\n<li data-start=\"2012\" data-end=\"2070\">\n<p data-start=\"2014\" data-end=\"2070\">Precio transparente del 5Fur-144 para presupuestos de investigaci\u00f3n<\/p>\n<\/li>\n<li data-start=\"2071\" data-end=\"2138\">\n<p data-start=\"2073\" data-end=\"2138\">Lehet\u0151s\u00e9g olcs\u00f3n v\u00e1s\u00e1rolni 5Fur-144-et online t\u00f6meges megrendel\u00e9s eset\u00e9n<\/p>\n<\/li>\n<li data-start=\"2139\" data-end=\"2202\">\n<p data-start=\"2141\" data-end=\"2202\">El mejor lugar para comprar 5Fur-144 con proveedores certificados<\/p>\n<\/li>\n<li data-start=\"2203\" data-end=\"2267\">\n<p data-start=\"2205\" data-end=\"2267\">R\u00e9serv\u00e9 aux \u00e9tudes scientifiques uniquement, non adapt\u00e9 \u00e0 la consommation<\/p>\n<\/li>\n<\/ul>\n<h3 data-start=\"2274\" data-end=\"2284\">Conclusion<\/h3>\n<p data-start=\"2286\" data-end=\"2712\">Si vous souhaitez acheter du 5Fur-144 en ligne, assurez-vous de bien v\u00e9rifier o\u00f9 l'acheter et de comparer les prix aupr\u00e8s de revendeurs r\u00e9put\u00e9s. Seuls les fournisseurs garantissant une puret\u00e9 test\u00e9e sont les meilleurs pour acheter du 5Fur-144. Que vous souhaitiez commander du 5Fur-144 authentique ou contrefait pour des tests, ou acheter du 5Fur-144 \u00e0 bas prix en ligne pour des projets de recherche de plus grande envergure, la qualit\u00e9 et la fiabilit\u00e9 sont primordiales.<\/p>","protected":false},"excerpt":{"rendered":"<p><strong>5F-UR-144<\/strong> est un cannabino\u00efde synth\u00e9tique d\u00e9velopp\u00e9 pour la recherche scientifique afin d'\u00e9tudier ses effets sur le syst\u00e8me endocannabino\u00efde. Il est propos\u00e9 exclusivement \u00e0 des fins de recherche et ne convient pas \u00e0 la consommation humaine.<\/p>","protected":false},"featured_media":1156,"comment_status":"open","ping_status":"closed","template":"","meta":{"_joinchat":[]},"product_brand":[],"product_cat":[1805],"product_tag":[2019,2025,2020,2023,2024,2022,2021,188,1814,333],"class_list":{"0":"post-1155","1":"product","2":"type-product","3":"status-publish","4":"has-post-thumbnail","6":"product_cat-indazol-basiert","7":"product_tag-5fur-144","8":"product_tag-5fur-144-chemikalien","9":"product_tag-5fur-144-kaufen","10":"product_tag-5fur-144-kristalle","11":"product_tag-5fur-144-online","12":"product_tag-5fur-144-pulver","13":"product_tag-5fur-144-zum-verkauf","14":"product_tag-forschungschemikalien","15":"product_tag-forschungsstoffe-kaufen","16":"product_tag-synthetische-cannabinoide","18":"first","19":"instock","20":"shipping-taxable","21":"purchasable","22":"product-type-variable"},"yoast_head":"<!-- This site is optimized with the Yoast SEO plugin v26.1.1 - https:\/\/yoast.com\/wordpress\/plugins\/seo\/ -->\n<title>5Fur-144 online kaufen \u2013 5Fur-144 zu verkaufen | chemgramx<\/title>\n<meta name=\"description\" content=\"Sie k\u00f6nnen 5Fur-144 in unserem Online-Shop kaufen und es problemlos bis an Ihre Haust\u00fcr geliefert bekommen. Wir helfen Ihnen, 5Fur-144 online zu kaufen. Geben Sie einfach jetzt Ihre Bestellung auf!\" \/>\n<meta name=\"robots\" content=\"index, follow, max-snippet:-1, max-image-preview:large, max-video-preview:-1\" \/>\n<link rel=\"canonical\" href=\"https:\/\/chemgramx.com\/fr\/produit\/5fur-144\/\" \/>\n<meta property=\"og:locale\" content=\"fr_FR\" \/>\n<meta property=\"og:type\" content=\"article\" \/>\n<meta property=\"og:title\" content=\"5Fur-144 online kaufen \u2013 5Fur-144 zu verkaufen | chemgramx\" \/>\n<meta property=\"og:description\" content=\"Sie k\u00f6nnen 5Fur-144 in unserem Online-Shop kaufen und es problemlos bis an Ihre Haust\u00fcr geliefert bekommen. Wir helfen Ihnen, 5Fur-144 online zu kaufen. Geben Sie einfach jetzt Ihre Bestellung auf!\" \/>\n<meta property=\"og:url\" content=\"https:\/\/chemgramx.com\/fr\/produit\/5fur-144\/\" \/>\n<meta property=\"og:site_name\" content=\"Chemgramx\" \/>\n<meta property=\"article:modified_time\" content=\"2025-08-19T06:59:24+00:00\" \/>\n<meta property=\"og:image\" content=\"https:\/\/chemgramx.com\/wp-content\/uploads\/2024\/12\/5fur144.png\" \/>\n\t<meta property=\"og:image:width\" content=\"600\" \/>\n\t<meta property=\"og:image:height\" content=\"400\" \/>\n\t<meta property=\"og:image:type\" content=\"image\/png\" \/>\n<meta name=\"twitter:card\" content=\"summary_large_image\" \/>\n<meta name=\"twitter:label1\" content=\"Dur\u00e9e de lecture estim\u00e9e\" \/>\n\t<meta name=\"twitter:data1\" content=\"2 minutes\" \/>\n<script type=\"application\/ld+json\" class=\"yoast-schema-graph\">{\"@context\":\"https:\/\/schema.org\",\"@graph\":[{\"@type\":\"WebPage\",\"@id\":\"https:\/\/chemgramx.com\/product\/5fur-144\/\",\"url\":\"https:\/\/chemgramx.com\/product\/5fur-144\/\",\"name\":\"5Fur-144 online kaufen \u2013 5Fur-144 zu verkaufen | chemgramx\",\"isPartOf\":{\"@id\":\"https:\/\/chemgramx.com\/#website\"},\"primaryImageOfPage\":{\"@id\":\"https:\/\/chemgramx.com\/product\/5fur-144\/#primaryimage\"},\"image\":{\"@id\":\"https:\/\/chemgramx.com\/product\/5fur-144\/#primaryimage\"},\"thumbnailUrl\":\"https:\/\/chemgramx.com\/wp-content\/uploads\/2024\/12\/5fur144.png\",\"datePublished\":\"2024-12-08T17:31:47+00:00\",\"dateModified\":\"2025-08-19T06:59:24+00:00\",\"description\":\"Sie k\u00f6nnen 5Fur-144 in unserem Online-Shop kaufen und es problemlos bis an Ihre Haust\u00fcr geliefert bekommen. Wir helfen Ihnen, 5Fur-144 online zu kaufen. Geben Sie einfach jetzt Ihre Bestellung auf!\",\"breadcrumb\":{\"@id\":\"https:\/\/chemgramx.com\/product\/5fur-144\/#breadcrumb\"},\"inLanguage\":\"fr-FR\",\"potentialAction\":[{\"@type\":\"ReadAction\",\"target\":[\"https:\/\/chemgramx.com\/product\/5fur-144\/\"]}]},{\"@type\":\"ImageObject\",\"inLanguage\":\"fr-FR\",\"@id\":\"https:\/\/chemgramx.com\/product\/5fur-144\/#primaryimage\",\"url\":\"https:\/\/chemgramx.com\/wp-content\/uploads\/2024\/12\/5fur144.png\",\"contentUrl\":\"https:\/\/chemgramx.com\/wp-content\/uploads\/2024\/12\/5fur144.png\",\"width\":600,\"height\":400,\"caption\":\"5Fur-144 online kaufen\"},{\"@type\":\"BreadcrumbList\",\"@id\":\"https:\/\/chemgramx.com\/product\/5fur-144\/#breadcrumb\",\"itemListElement\":[{\"@type\":\"ListItem\",\"position\":1,\"name\":\"Home\",\"item\":\"https:\/\/chemgramx.com\/\"},{\"@type\":\"ListItem\",\"position\":2,\"name\":\"Shop\",\"item\":\"https:\/\/chemgramx.com\/shop\/\"},{\"@type\":\"ListItem\",\"position\":3,\"name\":\"5Fur-144 online kaufen\"}]},{\"@type\":\"WebSite\",\"@id\":\"https:\/\/chemgramx.com\/#website\",\"url\":\"https:\/\/chemgramx.com\/\",\"name\":\"Chemgramx\",\"description\":\"\",\"publisher\":{\"@id\":\"https:\/\/chemgramx.com\/#organization\"},\"potentialAction\":[{\"@type\":\"SearchAction\",\"target\":{\"@type\":\"EntryPoint\",\"urlTemplate\":\"https:\/\/chemgramx.com\/?s={search_term_string}\"},\"query-input\":{\"@type\":\"PropertyValueSpecification\",\"valueRequired\":true,\"valueName\":\"search_term_string\"}}],\"inLanguage\":\"fr-FR\"},{\"@type\":\"Organization\",\"@id\":\"https:\/\/chemgramx.com\/#organization\",\"name\":\"Chemgramx\",\"url\":\"https:\/\/chemgramx.com\/\",\"logo\":{\"@type\":\"ImageObject\",\"inLanguage\":\"fr-FR\",\"@id\":\"https:\/\/chemgramx.com\/#\/schema\/logo\/image\/\",\"url\":\"https:\/\/chemgramx.com\/wp-content\/uploads\/2024\/10\/final-logo.png\",\"contentUrl\":\"https:\/\/chemgramx.com\/wp-content\/uploads\/2024\/10\/final-logo.png\",\"width\":250,\"height\":48,\"caption\":\"Chemgramx\"},\"image\":{\"@id\":\"https:\/\/chemgramx.com\/#\/schema\/logo\/image\/\"}}]}<\/script>\n<!-- \/ Yoast SEO plugin. -->","yoast_head_json":{"title":"5Fur-144 online kaufen \u2013 5Fur-144 zu verkaufen | chemgramx","description":"Sie k\u00f6nnen 5Fur-144 in unserem Online-Shop kaufen und es problemlos bis an Ihre Haust\u00fcr geliefert bekommen. Wir helfen Ihnen, 5Fur-144 online zu kaufen. Geben Sie einfach jetzt Ihre Bestellung auf!","robots":{"index":"index","follow":"follow","max-snippet":"max-snippet:-1","max-image-preview":"max-image-preview:large","max-video-preview":"max-video-preview:-1"},"canonical":"https:\/\/chemgramx.com\/fr\/produit\/5fur-144\/","og_locale":"fr_FR","og_type":"article","og_title":"5Fur-144 online kaufen \u2013 5Fur-144 zu verkaufen | chemgramx","og_description":"Sie k\u00f6nnen 5Fur-144 in unserem Online-Shop kaufen und es problemlos bis an Ihre Haust\u00fcr geliefert bekommen. Wir helfen Ihnen, 5Fur-144 online zu kaufen. Geben Sie einfach jetzt Ihre Bestellung auf!","og_url":"https:\/\/chemgramx.com\/fr\/produit\/5fur-144\/","og_site_name":"Chemgramx","article_modified_time":"2025-08-19T06:59:24+00:00","og_image":[{"width":600,"height":400,"url":"https:\/\/chemgramx.com\/wp-content\/uploads\/2024\/12\/5fur144.png","type":"image\/png"}],"twitter_card":"summary_large_image","twitter_misc":{"Dur\u00e9e de lecture estim\u00e9e":"2 minutes"},"schema":{"@context":"https:\/\/schema.org","@graph":[{"@type":"WebPage","@id":"https:\/\/chemgramx.com\/product\/5fur-144\/","url":"https:\/\/chemgramx.com\/product\/5fur-144\/","name":"5Fur-144 online kaufen \u2013 5Fur-144 zu verkaufen | chemgramx","isPartOf":{"@id":"https:\/\/chemgramx.com\/#website"},"primaryImageOfPage":{"@id":"https:\/\/chemgramx.com\/product\/5fur-144\/#primaryimage"},"image":{"@id":"https:\/\/chemgramx.com\/product\/5fur-144\/#primaryimage"},"thumbnailUrl":"https:\/\/chemgramx.com\/wp-content\/uploads\/2024\/12\/5fur144.png","datePublished":"2024-12-08T17:31:47+00:00","dateModified":"2025-08-19T06:59:24+00:00","description":"Sie k\u00f6nnen 5Fur-144 in unserem Online-Shop kaufen und es problemlos bis an Ihre Haust\u00fcr geliefert bekommen. Wir helfen Ihnen, 5Fur-144 online zu kaufen. Geben Sie einfach jetzt Ihre Bestellung auf!","breadcrumb":{"@id":"https:\/\/chemgramx.com\/product\/5fur-144\/#breadcrumb"},"inLanguage":"fr-FR","potentialAction":[{"@type":"ReadAction","target":["https:\/\/chemgramx.com\/product\/5fur-144\/"]}]},{"@type":"ImageObject","inLanguage":"fr-FR","@id":"https:\/\/chemgramx.com\/product\/5fur-144\/#primaryimage","url":"https:\/\/chemgramx.com\/wp-content\/uploads\/2024\/12\/5fur144.png","contentUrl":"https:\/\/chemgramx.com\/wp-content\/uploads\/2024\/12\/5fur144.png","width":600,"height":400,"caption":"5Fur-144 online kaufen"},{"@type":"BreadcrumbList","@id":"https:\/\/chemgramx.com\/product\/5fur-144\/#breadcrumb","itemListElement":[{"@type":"ListItem","position":1,"name":"Home","item":"https:\/\/chemgramx.com\/"},{"@type":"ListItem","position":2,"name":"Shop","item":"https:\/\/chemgramx.com\/shop\/"},{"@type":"ListItem","position":3,"name":"5Fur-144 online kaufen"}]},{"@type":"WebSite","@id":"https:\/\/chemgramx.com\/#website","url":"https:\/\/chemgramx.com\/","name":"Chemgramx","description":"","publisher":{"@id":"https:\/\/chemgramx.com\/#organization"},"potentialAction":[{"@type":"SearchAction","target":{"@type":"EntryPoint","urlTemplate":"https:\/\/chemgramx.com\/?s={search_term_string}"},"query-input":{"@type":"PropertyValueSpecification","valueRequired":true,"valueName":"search_term_string"}}],"inLanguage":"fr-FR"},{"@type":"Organization","@id":"https:\/\/chemgramx.com\/#organization","name":"Chemgramx","url":"https:\/\/chemgramx.com\/","logo":{"@type":"ImageObject","inLanguage":"fr-FR","@id":"https:\/\/chemgramx.com\/#\/schema\/logo\/image\/","url":"https:\/\/chemgramx.com\/wp-content\/uploads\/2024\/10\/final-logo.png","contentUrl":"https:\/\/chemgramx.com\/wp-content\/uploads\/2024\/10\/final-logo.png","width":250,"height":48,"caption":"Chemgramx"},"image":{"@id":"https:\/\/chemgramx.com\/#\/schema\/logo\/image\/"}}]}},"_links":{"self":[{"href":"https:\/\/chemgramx.com\/fr\/wp-json\/wp\/v2\/product\/1155","targetHints":{"allow":["GET"]}}],"collection":[{"href":"https:\/\/chemgramx.com\/fr\/wp-json\/wp\/v2\/product"}],"about":[{"href":"https:\/\/chemgramx.com\/fr\/wp-json\/wp\/v2\/types\/product"}],"replies":[{"embeddable":true,"href":"https:\/\/chemgramx.com\/fr\/wp-json\/wp\/v2\/comments?post=1155"}],"wp:featuredmedia":[{"embeddable":true,"href":"https:\/\/chemgramx.com\/fr\/wp-json\/wp\/v2\/media\/1156"}],"wp:attachment":[{"href":"https:\/\/chemgramx.com\/fr\/wp-json\/wp\/v2\/media?parent=1155"}],"wp:term":[{"taxonomy":"product_brand","embeddable":true,"href":"https:\/\/chemgramx.com\/fr\/wp-json\/wp\/v2\/product_brand?post=1155"},{"taxonomy":"product_cat","embeddable":true,"href":"https:\/\/chemgramx.com\/fr\/wp-json\/wp\/v2\/product_cat?post=1155"},{"taxonomy":"product_tag","embeddable":true,"href":"https:\/\/chemgramx.com\/fr\/wp-json\/wp\/v2\/product_tag?post=1155"}],"curies":[{"name":"wp","href":"https:\/\/api.w.org\/{rel}","templated":true}]}}