{"id":1159,"date":"2024-12-08T17:41:08","date_gmt":"2024-12-08T17:41:08","guid":{"rendered":"https:\/\/chemgramx.com\/?post_type=product&#038;p=1159"},"modified":"2025-10-15T11:13:05","modified_gmt":"2025-10-15T11:13:05","slug":"ab-fubinaca","status":"publish","type":"product","link":"https:\/\/chemgramx.com\/fr\/produit\/ab-fubinaca\/","title":{"rendered":"Acheter AB-FUBINACA en ligne"},"content":{"rendered":"<h2 data-start=\"175\" data-end=\"204\">Acheter AB-FUBINACA en ligne<\/h2>\n<p data-start=\"206\" data-end=\"606\">AB-FUBINACA ist ein hochentwickeltes synthetisches Cannabinoid, das von Forschern genutzt wird, um tiefere Einblicke in das menschliche Endocannabinoid-System zu gewinnen. Immer mehr Forschungseinrichtungen vergleichen Angebote, um zu entscheiden, wo kann man AB-FUBINACA kaufen, den aktuellen AB-FUBINACA-Preis zu pr\u00fcfen oder sichere Quellen zu finden, die AB-FUBINACA zu verkaufen anbieten.<\/p>\n<p data-start=\"608\" data-end=\"1099\">Wissenschaftler, die sich daf\u00fcr entscheiden, <a href=\"https:\/\/chemgramx.com\/fr\/produit\/ab-fubinaca\/\">Acheter AB-FUBINACA en ligne<\/a>, achten dabei sehr genau auf Qualit\u00e4t und Reinheit, da auf dem Markt auch echte oder gef\u00e4lschte AB-FUBINACA zu verkaufen erh\u00e4ltlich ist. Aus diesem Grund ist es entscheidend, nur beim bester Ort, um AB-FUBINACA zu kaufen zu bestellen und verl\u00e4ssliche H\u00e4ndler auszuw\u00e4hlen. Manche Labore entscheiden sich au\u00dferdem, buy real or fake AB-FUBINACA zu vergleichen, bevor sie endg\u00fcltig echtes oder gef\u00e4lschtes AB-FUBINACA bestellen durchf\u00fchren.<\/p>\n<p data-start=\"1101\" data-end=\"1506\">L'objectif principal de la recherche sur l'AB-FUBINACA est d'\u00e9tudier les applications th\u00e9rapeutiques potentielles des cannabino\u00efdes. L'AB-FUBINACA peut apporter des connaissances importantes, notamment dans des domaines tels que la douleur chronique, l'anxi\u00e9t\u00e9 ou les maladies inflammatoires. Cependant, l'AB-FUBINACA n'est pas destin\u00e9 \u00e0 la consommation humaine et doit \u00eatre utilis\u00e9 exclusivement \u00e0 des fins scientifiques.<\/p>\n<p data-start=\"1508\" data-end=\"1801\">Forscher, die ihre Budgets ber\u00fccksichtigen m\u00fcssen, suchen h\u00e4ufig nach M\u00f6glichkeiten, AB-FUBINACA g\u00fcnstig online kaufen, ohne dabei Abstriche bei der Reinheit zu machen. Transparente Anbieter, die AB-FUBINACA zu verkaufen mit gepr\u00fcften Zertifikaten bereitstellen, sind daher besonders gefragt.<\/p>\n<h3 data-start=\"1808\" data-end=\"1839\">Principales caract\u00e9ristiques et avantages<\/h3>\n<ul data-start=\"1841\" data-end=\"2241\">\n<li data-start=\"1841\" data-end=\"1918\">\n<p data-start=\"1843\" data-end=\"1918\">Cannabino\u00efde synth\u00e9tique : D\u00e9velopp\u00e9 pour la recherche scientifique<\/p>\n<\/li>\n<li data-start=\"1919\" data-end=\"1997\">\n<p data-start=\"1921\" data-end=\"1997\">AB-FUBINACA \u00e0 vendre\u00a0: disponible pour les laboratoires et les instituts de recherche<\/p>\n<\/li>\n<li data-start=\"1998\" data-end=\"2076\">\n<p data-start=\"2000\" data-end=\"2076\">Prix AB-FUBINACA transparent\u00a0: ma\u00eetrise des co\u00fbts pour les budgets de recherche<\/p>\n<\/li>\n<li data-start=\"2077\" data-end=\"2161\">\n<p data-start=\"2079\" data-end=\"2161\">Recherche uniquement : Ne pas utiliser pour la consommation humaine, usage en laboratoire uniquement<\/p>\n<\/li>\n<li data-start=\"2162\" data-end=\"2241\">\n<p data-start=\"2164\" data-end=\"2241\">Meilleur endroit pour acheter de l'AB-FUBINACA\u00a0: revendeurs certifi\u00e9s avec certificat de puret\u00e9<\/p>\n<\/li>\n<\/ul>\n<h3 data-start=\"2248\" data-end=\"2258\">Conclusion<\/h3>\n<p data-start=\"2260\" data-end=\"2672\">Wenn Sie AB-FUBINACA online kaufen m\u00f6chten, pr\u00fcfen Sie genau, where to buy AB-FUBINACA und vergleichen Sie den AB-FUBINACA price seri\u00f6ser Anbieter. Nur ein erfahrener H\u00e4ndler, der gepr\u00fcfte Qualit\u00e4t liefert, ist der bester Ort, um AB-FUBINACA zu kaufen. So sichern Sie sich hochwertige Produkte f\u00fcr Ihre Forschung \u2013 ob Sie AB-FUBINACA g\u00fcnstig online kaufen oder gr\u00f6\u00dfere Mengen f\u00fcr Labore bestellen m\u00f6chten.<\/p>","protected":false},"excerpt":{"rendered":"<p><strong>ADB-Chminaca<\/strong> est un cannabino\u00efde synth\u00e9tique utilis\u00e9 dans la recherche scientifique pour comprendre les interactions avec les r\u00e9cepteurs cannabino\u00efdes du corps humain. Il est propos\u00e9 uniquement \u00e0 des fins de recherche et ne convient pas \u00e0 la consommation humaine. Utilisez-le pour vos \u00e9tudes sur les effets des cannabino\u00efdes.<\/p>","protected":false},"featured_media":1160,"comment_status":"open","ping_status":"closed","template":"","meta":{"_joinchat":[]},"product_brand":[],"product_cat":[1805],"product_tag":[2002,2008,2003,2006,2007,2005,2004,188,1814,333],"class_list":{"0":"post-1159","1":"product","2":"type-product","3":"status-publish","4":"has-post-thumbnail","6":"product_cat-indazol-basiert","7":"product_tag-ab-fubinaca","8":"product_tag-ab-fubinaca-chemikalien","9":"product_tag-ab-fubinaca-kaufen","10":"product_tag-ab-fubinaca-kristalle","11":"product_tag-ab-fubinaca-online","12":"product_tag-ab-fubinaca-pulver","13":"product_tag-ab-fubinaca-zum-verkauf","14":"product_tag-forschungschemikalien","15":"product_tag-forschungsstoffe-kaufen","16":"product_tag-synthetische-cannabinoide","18":"first","19":"instock","20":"shipping-taxable","21":"purchasable","22":"product-type-variable"},"yoast_head":"<!-- This site is optimized with the Yoast SEO plugin v26.1.1 - https:\/\/yoast.com\/wordpress\/plugins\/seo\/ -->\n<title>AB-FUBINACA online Kaufen \u2013 AB-FUBINACA zu verkaufen<\/title>\n<meta name=\"description\" content=\"Wenn Sie Ab-Fubinaca online kaufen m\u00f6chten, kann Ihnen unser Chemgramx-Shop helfen. Wir haben hier Ab-Fubinaca zu den besten Preisen im Angebot. Bestellen Sie jetzt!\" \/>\n<meta name=\"robots\" content=\"index, follow, max-snippet:-1, max-image-preview:large, max-video-preview:-1\" \/>\n<link rel=\"canonical\" href=\"https:\/\/chemgramx.com\/fr\/produit\/ab-fubinaca\/\" \/>\n<meta property=\"og:locale\" content=\"fr_FR\" \/>\n<meta property=\"og:type\" content=\"article\" \/>\n<meta property=\"og:title\" content=\"AB-FUBINACA online Kaufen \u2013 AB-FUBINACA zu verkaufen\" \/>\n<meta property=\"og:description\" content=\"Wenn Sie Ab-Fubinaca online kaufen m\u00f6chten, kann Ihnen unser Chemgramx-Shop helfen. Wir haben hier Ab-Fubinaca zu den besten Preisen im Angebot. Bestellen Sie jetzt!\" \/>\n<meta property=\"og:url\" content=\"https:\/\/chemgramx.com\/fr\/produit\/ab-fubinaca\/\" \/>\n<meta property=\"og:site_name\" content=\"Chemgramx\" \/>\n<meta property=\"article:modified_time\" content=\"2025-10-15T11:13:05+00:00\" \/>\n<meta property=\"og:image\" content=\"https:\/\/chemgramx.com\/wp-content\/uploads\/2024\/12\/ab-1.png\" \/>\n\t<meta property=\"og:image:width\" content=\"600\" \/>\n\t<meta property=\"og:image:height\" content=\"400\" \/>\n\t<meta property=\"og:image:type\" content=\"image\/png\" \/>\n<meta name=\"twitter:card\" content=\"summary_large_image\" \/>\n<meta name=\"twitter:label1\" content=\"Dur\u00e9e de lecture estim\u00e9e\" \/>\n\t<meta name=\"twitter:data1\" content=\"2 minutes\" \/>\n<script type=\"application\/ld+json\" class=\"yoast-schema-graph\">{\"@context\":\"https:\/\/schema.org\",\"@graph\":[{\"@type\":\"WebPage\",\"@id\":\"https:\/\/chemgramx.com\/product\/ab-fubinaca\/\",\"url\":\"https:\/\/chemgramx.com\/product\/ab-fubinaca\/\",\"name\":\"AB-FUBINACA online Kaufen \u2013 AB-FUBINACA zu verkaufen\",\"isPartOf\":{\"@id\":\"https:\/\/chemgramx.com\/#website\"},\"primaryImageOfPage\":{\"@id\":\"https:\/\/chemgramx.com\/product\/ab-fubinaca\/#primaryimage\"},\"image\":{\"@id\":\"https:\/\/chemgramx.com\/product\/ab-fubinaca\/#primaryimage\"},\"thumbnailUrl\":\"https:\/\/chemgramx.com\/wp-content\/uploads\/2024\/12\/ab-1.png\",\"datePublished\":\"2024-12-08T17:41:08+00:00\",\"dateModified\":\"2025-10-15T11:13:05+00:00\",\"description\":\"Wenn Sie Ab-Fubinaca online kaufen m\u00f6chten, kann Ihnen unser Chemgramx-Shop helfen. Wir haben hier Ab-Fubinaca zu den besten Preisen im Angebot. Bestellen Sie jetzt!\",\"breadcrumb\":{\"@id\":\"https:\/\/chemgramx.com\/product\/ab-fubinaca\/#breadcrumb\"},\"inLanguage\":\"fr-FR\",\"potentialAction\":[{\"@type\":\"ReadAction\",\"target\":[\"https:\/\/chemgramx.com\/product\/ab-fubinaca\/\"]}]},{\"@type\":\"ImageObject\",\"inLanguage\":\"fr-FR\",\"@id\":\"https:\/\/chemgramx.com\/product\/ab-fubinaca\/#primaryimage\",\"url\":\"https:\/\/chemgramx.com\/wp-content\/uploads\/2024\/12\/ab-1.png\",\"contentUrl\":\"https:\/\/chemgramx.com\/wp-content\/uploads\/2024\/12\/ab-1.png\",\"width\":600,\"height\":400,\"caption\":\"AB-FUBINACA online Kaufen\"},{\"@type\":\"BreadcrumbList\",\"@id\":\"https:\/\/chemgramx.com\/product\/ab-fubinaca\/#breadcrumb\",\"itemListElement\":[{\"@type\":\"ListItem\",\"position\":1,\"name\":\"Home\",\"item\":\"https:\/\/chemgramx.com\/\"},{\"@type\":\"ListItem\",\"position\":2,\"name\":\"Shop\",\"item\":\"https:\/\/chemgramx.com\/shop\/\"},{\"@type\":\"ListItem\",\"position\":3,\"name\":\"AB-FUBINACA online kaufen\"}]},{\"@type\":\"WebSite\",\"@id\":\"https:\/\/chemgramx.com\/#website\",\"url\":\"https:\/\/chemgramx.com\/\",\"name\":\"Chemgramx\",\"description\":\"\",\"publisher\":{\"@id\":\"https:\/\/chemgramx.com\/#organization\"},\"potentialAction\":[{\"@type\":\"SearchAction\",\"target\":{\"@type\":\"EntryPoint\",\"urlTemplate\":\"https:\/\/chemgramx.com\/?s={search_term_string}\"},\"query-input\":{\"@type\":\"PropertyValueSpecification\",\"valueRequired\":true,\"valueName\":\"search_term_string\"}}],\"inLanguage\":\"fr-FR\"},{\"@type\":\"Organization\",\"@id\":\"https:\/\/chemgramx.com\/#organization\",\"name\":\"Chemgramx\",\"url\":\"https:\/\/chemgramx.com\/\",\"logo\":{\"@type\":\"ImageObject\",\"inLanguage\":\"fr-FR\",\"@id\":\"https:\/\/chemgramx.com\/#\/schema\/logo\/image\/\",\"url\":\"https:\/\/chemgramx.com\/wp-content\/uploads\/2024\/10\/final-logo.png\",\"contentUrl\":\"https:\/\/chemgramx.com\/wp-content\/uploads\/2024\/10\/final-logo.png\",\"width\":250,\"height\":48,\"caption\":\"Chemgramx\"},\"image\":{\"@id\":\"https:\/\/chemgramx.com\/#\/schema\/logo\/image\/\"}}]}<\/script>\n<!-- \/ Yoast SEO plugin. -->","yoast_head_json":{"title":"AB-FUBINACA online Kaufen \u2013 AB-FUBINACA zu verkaufen","description":"Wenn Sie Ab-Fubinaca online kaufen m\u00f6chten, kann Ihnen unser Chemgramx-Shop helfen. Wir haben hier Ab-Fubinaca zu den besten Preisen im Angebot. Bestellen Sie jetzt!","robots":{"index":"index","follow":"follow","max-snippet":"max-snippet:-1","max-image-preview":"max-image-preview:large","max-video-preview":"max-video-preview:-1"},"canonical":"https:\/\/chemgramx.com\/fr\/produit\/ab-fubinaca\/","og_locale":"fr_FR","og_type":"article","og_title":"AB-FUBINACA online Kaufen \u2013 AB-FUBINACA zu verkaufen","og_description":"Wenn Sie Ab-Fubinaca online kaufen m\u00f6chten, kann Ihnen unser Chemgramx-Shop helfen. Wir haben hier Ab-Fubinaca zu den besten Preisen im Angebot. Bestellen Sie jetzt!","og_url":"https:\/\/chemgramx.com\/fr\/produit\/ab-fubinaca\/","og_site_name":"Chemgramx","article_modified_time":"2025-10-15T11:13:05+00:00","og_image":[{"width":600,"height":400,"url":"https:\/\/chemgramx.com\/wp-content\/uploads\/2024\/12\/ab-1.png","type":"image\/png"}],"twitter_card":"summary_large_image","twitter_misc":{"Dur\u00e9e de lecture estim\u00e9e":"2 minutes"},"schema":{"@context":"https:\/\/schema.org","@graph":[{"@type":"WebPage","@id":"https:\/\/chemgramx.com\/product\/ab-fubinaca\/","url":"https:\/\/chemgramx.com\/product\/ab-fubinaca\/","name":"AB-FUBINACA online Kaufen \u2013 AB-FUBINACA zu verkaufen","isPartOf":{"@id":"https:\/\/chemgramx.com\/#website"},"primaryImageOfPage":{"@id":"https:\/\/chemgramx.com\/product\/ab-fubinaca\/#primaryimage"},"image":{"@id":"https:\/\/chemgramx.com\/product\/ab-fubinaca\/#primaryimage"},"thumbnailUrl":"https:\/\/chemgramx.com\/wp-content\/uploads\/2024\/12\/ab-1.png","datePublished":"2024-12-08T17:41:08+00:00","dateModified":"2025-10-15T11:13:05+00:00","description":"Wenn Sie Ab-Fubinaca online kaufen m\u00f6chten, kann Ihnen unser Chemgramx-Shop helfen. Wir haben hier Ab-Fubinaca zu den besten Preisen im Angebot. Bestellen Sie jetzt!","breadcrumb":{"@id":"https:\/\/chemgramx.com\/product\/ab-fubinaca\/#breadcrumb"},"inLanguage":"fr-FR","potentialAction":[{"@type":"ReadAction","target":["https:\/\/chemgramx.com\/product\/ab-fubinaca\/"]}]},{"@type":"ImageObject","inLanguage":"fr-FR","@id":"https:\/\/chemgramx.com\/product\/ab-fubinaca\/#primaryimage","url":"https:\/\/chemgramx.com\/wp-content\/uploads\/2024\/12\/ab-1.png","contentUrl":"https:\/\/chemgramx.com\/wp-content\/uploads\/2024\/12\/ab-1.png","width":600,"height":400,"caption":"AB-FUBINACA online Kaufen"},{"@type":"BreadcrumbList","@id":"https:\/\/chemgramx.com\/product\/ab-fubinaca\/#breadcrumb","itemListElement":[{"@type":"ListItem","position":1,"name":"Home","item":"https:\/\/chemgramx.com\/"},{"@type":"ListItem","position":2,"name":"Shop","item":"https:\/\/chemgramx.com\/shop\/"},{"@type":"ListItem","position":3,"name":"AB-FUBINACA online kaufen"}]},{"@type":"WebSite","@id":"https:\/\/chemgramx.com\/#website","url":"https:\/\/chemgramx.com\/","name":"Chemgramx","description":"","publisher":{"@id":"https:\/\/chemgramx.com\/#organization"},"potentialAction":[{"@type":"SearchAction","target":{"@type":"EntryPoint","urlTemplate":"https:\/\/chemgramx.com\/?s={search_term_string}"},"query-input":{"@type":"PropertyValueSpecification","valueRequired":true,"valueName":"search_term_string"}}],"inLanguage":"fr-FR"},{"@type":"Organization","@id":"https:\/\/chemgramx.com\/#organization","name":"Chemgramx","url":"https:\/\/chemgramx.com\/","logo":{"@type":"ImageObject","inLanguage":"fr-FR","@id":"https:\/\/chemgramx.com\/#\/schema\/logo\/image\/","url":"https:\/\/chemgramx.com\/wp-content\/uploads\/2024\/10\/final-logo.png","contentUrl":"https:\/\/chemgramx.com\/wp-content\/uploads\/2024\/10\/final-logo.png","width":250,"height":48,"caption":"Chemgramx"},"image":{"@id":"https:\/\/chemgramx.com\/#\/schema\/logo\/image\/"}}]}},"_links":{"self":[{"href":"https:\/\/chemgramx.com\/fr\/wp-json\/wp\/v2\/product\/1159","targetHints":{"allow":["GET"]}}],"collection":[{"href":"https:\/\/chemgramx.com\/fr\/wp-json\/wp\/v2\/product"}],"about":[{"href":"https:\/\/chemgramx.com\/fr\/wp-json\/wp\/v2\/types\/product"}],"replies":[{"embeddable":true,"href":"https:\/\/chemgramx.com\/fr\/wp-json\/wp\/v2\/comments?post=1159"}],"wp:featuredmedia":[{"embeddable":true,"href":"https:\/\/chemgramx.com\/fr\/wp-json\/wp\/v2\/media\/1160"}],"wp:attachment":[{"href":"https:\/\/chemgramx.com\/fr\/wp-json\/wp\/v2\/media?parent=1159"}],"wp:term":[{"taxonomy":"product_brand","embeddable":true,"href":"https:\/\/chemgramx.com\/fr\/wp-json\/wp\/v2\/product_brand?post=1159"},{"taxonomy":"product_cat","embeddable":true,"href":"https:\/\/chemgramx.com\/fr\/wp-json\/wp\/v2\/product_cat?post=1159"},{"taxonomy":"product_tag","embeddable":true,"href":"https:\/\/chemgramx.com\/fr\/wp-json\/wp\/v2\/product_tag?post=1159"}],"curies":[{"name":"wp","href":"https:\/\/api.w.org\/{rel}","templated":true}]}}