{"id":1161,"date":"2024-12-08T17:45:56","date_gmt":"2024-12-08T17:45:56","guid":{"rendered":"https:\/\/chemgramx.com\/?post_type=product&#038;p=1161"},"modified":"2025-10-16T05:23:37","modified_gmt":"2025-10-16T05:23:37","slug":"bb-22","status":"publish","type":"product","link":"https:\/\/chemgramx.com\/fr\/produit\/bb-22\/","title":{"rendered":"Acheter BB-22 en ligne"},"content":{"rendered":"<h2 data-start=\"162\" data-end=\"185\">Acheter BB-22 en ligne<\/h2>\n<p data-start=\"187\" data-end=\"700\">Le BB-22 est un cannabino\u00efde synth\u00e9tique hautement performant utilis\u00e9 par les chercheurs pour \u00e9tudier ses interactions avec les r\u00e9cepteurs cannabino\u00efdes du corps humain. De plus en plus de laboratoires cherchent \u00e0 savoir o\u00f9 acheter du BB-22, son prix actuel et les plateformes qui le proposent \u00e0 la vente. Il est crucial pour les instituts de recherche de n'utiliser que des sources v\u00e9rifi\u00e9es lorsqu'ils en ont besoin. <a href=\"https:\/\/chemgramx.com\/fr\/produit\/bb-22\/\">Acheter BB-22 en ligne<\/a> oder sogar echte oder gef\u00e4lschte BB-22 kaufen in Erw\u00e4gung ziehen.<\/p>\n<p data-start=\"702\" data-end=\"1031\">Das synthetische Cannabinoid wird genutzt, um die biochemischen Mechanismen zu verstehen, die bei der Bindung an die CB1- und CB2-Rezeptoren auftreten. Wissenschaftler vergleichen dabei verschiedene Angebote, pr\u00fcfen echte oder gef\u00e4lschte BB-22 zu verkaufen und entscheiden sich anschlie\u00dfend, ob sie Bestellen Sie echte oder gef\u00e4lschte BB-22 m\u00f6chten.<\/p>\n<p data-start=\"1033\" data-end=\"1321\">Besonders wichtig ist die Auswahl des bester Ort, um BB-22 zu kaufen, um h\u00f6chste Qualit\u00e4t und Sicherheit zu gew\u00e4hrleisten. In vielen F\u00e4llen spielen Budgetfragen eine Rolle, sodass Forscher auch nach Optionen suchen, BB-22 g\u00fcnstig online kaufen und gleichzeitig die Reinheit sicherzustellen.<\/p>\n<p data-start=\"1323\" data-end=\"1573\">\u00eatre utilis\u00e9. Il n'est utilis\u00e9 que dans des environnements de laboratoire strictement contr\u00f4l\u00e9s afin de recueillir des donn\u00e9es pr\u00e9cises sur le fonctionnement des cannabino\u00efdes synth\u00e9tiques.<\/p>\n<h3 data-start=\"1580\" data-end=\"1611\">Principales caract\u00e9ristiques et avantages<\/h3>\n<ul data-start=\"1613\" data-end=\"2088\">\n<li data-start=\"1613\" data-end=\"1702\">\n<p data-start=\"1615\" data-end=\"1702\">Cannabino\u00efde synth\u00e9tique : D\u00e9velopp\u00e9 pour la recherche sur le syst\u00e8me endocannabino\u00efde<\/p>\n<\/li>\n<li data-start=\"1703\" data-end=\"1800\">\n<p data-start=\"1705\" data-end=\"1800\">Recherche scientifique : Soutient l\u2019analyse des applications th\u00e9rapeutiques potentielles<\/p>\n<\/li>\n<li data-start=\"1801\" data-end=\"1901\">\n<p data-start=\"1803\" data-end=\"1901\">Disponibilit\u00e9 exclusive : des vendeurs r\u00e9put\u00e9s proposent \u00e0 la vente le BB-22 avec une qualit\u00e9 \u00e9prouv\u00e9e<\/p>\n<\/li>\n<li data-start=\"1902\" data-end=\"2009\">\n<p data-start=\"1904\" data-end=\"2009\">Comparaison de prix : les chercheurs peuvent v\u00e9rifier le prix actuel du BB-22 et acheter du BB-22 \u00e0 bas prix en ligne<\/p>\n<\/li>\n<li data-start=\"2010\" data-end=\"2088\">\n<p data-start=\"2012\" data-end=\"2088\">R\u00e9serv\u00e9 \u00e0 la recherche\u00a0: \u00c0 utiliser uniquement dans des environnements contr\u00f4l\u00e9s<\/p>\n<\/li>\n<\/ul>\n<h3 data-start=\"2095\" data-end=\"2105\">Conclusion<\/h3>\n<p data-start=\"2107\" data-end=\"2480\">Wer BB-22 online kaufen m\u00f6chte, sollte genau pr\u00fcfen, wo kann man BB-22 kaufen und welche Anbieter die beste Reinheit und einen fairen BB-22 Preis bieten. Der bester Ort, um BB-22 zu kaufen ist ein H\u00e4ndler, der gepr\u00fcfte Qualit\u00e4t, diskreten Versand und transparente Nachweise liefert. Nur so l\u00e4sst sich sicherstellen, dass das Produkt die Forschung zuverl\u00e4ssig unterst\u00fctzt.<\/p>","protected":false},"excerpt":{"rendered":"<p><strong>BB-22<\/strong> est un cannabino\u00efde synth\u00e9tique utilis\u00e9 dans la recherche pour am\u00e9liorer la compr\u00e9hension de l'effet des cannabino\u00efdes sur le syst\u00e8me endocannabino\u00efde humain. Il est exclusivement destin\u00e9 \u00e0 des \u00e9tudes scientifiques et non \u00e0 la consommation humaine.<\/p>","protected":false},"featured_media":1162,"comment_status":"open","ping_status":"closed","template":"","meta":{"_joinchat":[]},"product_brand":[],"product_cat":[1805],"product_tag":[1995,2001,1996,1999,2000,1998,1997,188,1814,333],"class_list":{"0":"post-1161","1":"product","2":"type-product","3":"status-publish","4":"has-post-thumbnail","6":"product_cat-indazol-basiert","7":"product_tag-bb-22","8":"product_tag-bb-22-chemikalien","9":"product_tag-bb-22-kaufen","10":"product_tag-bb-22-kristalle","11":"product_tag-bb-22-online","12":"product_tag-bb-22-pulver","13":"product_tag-bb-22-zum-verkauf","14":"product_tag-forschungschemikalien","15":"product_tag-forschungsstoffe-kaufen","16":"product_tag-synthetische-cannabinoide","18":"first","19":"instock","20":"shipping-taxable","21":"purchasable","22":"product-type-variable"},"yoast_head":"<!-- This site is optimized with the Yoast SEO plugin v26.1.1 - https:\/\/yoast.com\/wordpress\/plugins\/seo\/ -->\n<title>BB-22 online kaufen \u2013 BB-22 zu verkaufen | chemgramx<\/title>\n<meta name=\"description\" content=\"Unser Gesch\u00e4ft hat bb-22 in Topqualit\u00e4t zum Verkauf. Die Qualit\u00e4t unserer Produkte ist einfach unschlagbar. Wenn Sie es brauchen, kaufen Sie bb-22 gleich online. Jetzt bestellen!\" \/>\n<meta name=\"robots\" content=\"index, follow, max-snippet:-1, max-image-preview:large, max-video-preview:-1\" \/>\n<link rel=\"canonical\" href=\"https:\/\/chemgramx.com\/fr\/produit\/bb-22\/\" \/>\n<meta property=\"og:locale\" content=\"fr_FR\" \/>\n<meta property=\"og:type\" content=\"article\" \/>\n<meta property=\"og:title\" content=\"BB-22 online kaufen \u2013 BB-22 zu verkaufen | chemgramx\" \/>\n<meta property=\"og:description\" content=\"Unser Gesch\u00e4ft hat bb-22 in Topqualit\u00e4t zum Verkauf. Die Qualit\u00e4t unserer Produkte ist einfach unschlagbar. Wenn Sie es brauchen, kaufen Sie bb-22 gleich online. Jetzt bestellen!\" \/>\n<meta property=\"og:url\" content=\"https:\/\/chemgramx.com\/fr\/produit\/bb-22\/\" \/>\n<meta property=\"og:site_name\" content=\"Chemgramx\" \/>\n<meta property=\"article:modified_time\" content=\"2025-10-16T05:23:37+00:00\" \/>\n<meta property=\"og:image\" content=\"https:\/\/chemgramx.com\/wp-content\/uploads\/2024\/12\/bb22.png\" \/>\n\t<meta property=\"og:image:width\" content=\"600\" \/>\n\t<meta property=\"og:image:height\" content=\"400\" \/>\n\t<meta property=\"og:image:type\" content=\"image\/png\" \/>\n<meta name=\"twitter:card\" content=\"summary_large_image\" \/>\n<meta name=\"twitter:label1\" content=\"Dur\u00e9e de lecture estim\u00e9e\" \/>\n\t<meta name=\"twitter:data1\" content=\"2 minutes\" \/>\n<script type=\"application\/ld+json\" class=\"yoast-schema-graph\">{\"@context\":\"https:\/\/schema.org\",\"@graph\":[{\"@type\":\"WebPage\",\"@id\":\"https:\/\/chemgramx.com\/product\/bb-22\/\",\"url\":\"https:\/\/chemgramx.com\/product\/bb-22\/\",\"name\":\"BB-22 online kaufen \u2013 BB-22 zu verkaufen | chemgramx\",\"isPartOf\":{\"@id\":\"https:\/\/chemgramx.com\/#website\"},\"primaryImageOfPage\":{\"@id\":\"https:\/\/chemgramx.com\/product\/bb-22\/#primaryimage\"},\"image\":{\"@id\":\"https:\/\/chemgramx.com\/product\/bb-22\/#primaryimage\"},\"thumbnailUrl\":\"https:\/\/chemgramx.com\/wp-content\/uploads\/2024\/12\/bb22.png\",\"datePublished\":\"2024-12-08T17:45:56+00:00\",\"dateModified\":\"2025-10-16T05:23:37+00:00\",\"description\":\"Unser Gesch\u00e4ft hat bb-22 in Topqualit\u00e4t zum Verkauf. Die Qualit\u00e4t unserer Produkte ist einfach unschlagbar. Wenn Sie es brauchen, kaufen Sie bb-22 gleich online. Jetzt bestellen!\",\"breadcrumb\":{\"@id\":\"https:\/\/chemgramx.com\/product\/bb-22\/#breadcrumb\"},\"inLanguage\":\"fr-FR\",\"potentialAction\":[{\"@type\":\"ReadAction\",\"target\":[\"https:\/\/chemgramx.com\/product\/bb-22\/\"]}]},{\"@type\":\"ImageObject\",\"inLanguage\":\"fr-FR\",\"@id\":\"https:\/\/chemgramx.com\/product\/bb-22\/#primaryimage\",\"url\":\"https:\/\/chemgramx.com\/wp-content\/uploads\/2024\/12\/bb22.png\",\"contentUrl\":\"https:\/\/chemgramx.com\/wp-content\/uploads\/2024\/12\/bb22.png\",\"width\":600,\"height\":400,\"caption\":\"BB-22 online kaufen\"},{\"@type\":\"BreadcrumbList\",\"@id\":\"https:\/\/chemgramx.com\/product\/bb-22\/#breadcrumb\",\"itemListElement\":[{\"@type\":\"ListItem\",\"position\":1,\"name\":\"Home\",\"item\":\"https:\/\/chemgramx.com\/\"},{\"@type\":\"ListItem\",\"position\":2,\"name\":\"Shop\",\"item\":\"https:\/\/chemgramx.com\/shop\/\"},{\"@type\":\"ListItem\",\"position\":3,\"name\":\"BB-22 online kaufen\"}]},{\"@type\":\"WebSite\",\"@id\":\"https:\/\/chemgramx.com\/#website\",\"url\":\"https:\/\/chemgramx.com\/\",\"name\":\"Chemgramx\",\"description\":\"\",\"publisher\":{\"@id\":\"https:\/\/chemgramx.com\/#organization\"},\"potentialAction\":[{\"@type\":\"SearchAction\",\"target\":{\"@type\":\"EntryPoint\",\"urlTemplate\":\"https:\/\/chemgramx.com\/?s={search_term_string}\"},\"query-input\":{\"@type\":\"PropertyValueSpecification\",\"valueRequired\":true,\"valueName\":\"search_term_string\"}}],\"inLanguage\":\"fr-FR\"},{\"@type\":\"Organization\",\"@id\":\"https:\/\/chemgramx.com\/#organization\",\"name\":\"Chemgramx\",\"url\":\"https:\/\/chemgramx.com\/\",\"logo\":{\"@type\":\"ImageObject\",\"inLanguage\":\"fr-FR\",\"@id\":\"https:\/\/chemgramx.com\/#\/schema\/logo\/image\/\",\"url\":\"https:\/\/chemgramx.com\/wp-content\/uploads\/2024\/10\/final-logo.png\",\"contentUrl\":\"https:\/\/chemgramx.com\/wp-content\/uploads\/2024\/10\/final-logo.png\",\"width\":250,\"height\":48,\"caption\":\"Chemgramx\"},\"image\":{\"@id\":\"https:\/\/chemgramx.com\/#\/schema\/logo\/image\/\"}}]}<\/script>\n<!-- \/ Yoast SEO plugin. -->","yoast_head_json":{"title":"BB-22 online kaufen \u2013 BB-22 zu verkaufen | chemgramx","description":"Unser Gesch\u00e4ft hat bb-22 in Topqualit\u00e4t zum Verkauf. Die Qualit\u00e4t unserer Produkte ist einfach unschlagbar. Wenn Sie es brauchen, kaufen Sie bb-22 gleich online. Jetzt bestellen!","robots":{"index":"index","follow":"follow","max-snippet":"max-snippet:-1","max-image-preview":"max-image-preview:large","max-video-preview":"max-video-preview:-1"},"canonical":"https:\/\/chemgramx.com\/fr\/produit\/bb-22\/","og_locale":"fr_FR","og_type":"article","og_title":"BB-22 online kaufen \u2013 BB-22 zu verkaufen | chemgramx","og_description":"Unser Gesch\u00e4ft hat bb-22 in Topqualit\u00e4t zum Verkauf. Die Qualit\u00e4t unserer Produkte ist einfach unschlagbar. Wenn Sie es brauchen, kaufen Sie bb-22 gleich online. Jetzt bestellen!","og_url":"https:\/\/chemgramx.com\/fr\/produit\/bb-22\/","og_site_name":"Chemgramx","article_modified_time":"2025-10-16T05:23:37+00:00","og_image":[{"width":600,"height":400,"url":"https:\/\/chemgramx.com\/wp-content\/uploads\/2024\/12\/bb22.png","type":"image\/png"}],"twitter_card":"summary_large_image","twitter_misc":{"Dur\u00e9e de lecture estim\u00e9e":"2 minutes"},"schema":{"@context":"https:\/\/schema.org","@graph":[{"@type":"WebPage","@id":"https:\/\/chemgramx.com\/product\/bb-22\/","url":"https:\/\/chemgramx.com\/product\/bb-22\/","name":"BB-22 online kaufen \u2013 BB-22 zu verkaufen | chemgramx","isPartOf":{"@id":"https:\/\/chemgramx.com\/#website"},"primaryImageOfPage":{"@id":"https:\/\/chemgramx.com\/product\/bb-22\/#primaryimage"},"image":{"@id":"https:\/\/chemgramx.com\/product\/bb-22\/#primaryimage"},"thumbnailUrl":"https:\/\/chemgramx.com\/wp-content\/uploads\/2024\/12\/bb22.png","datePublished":"2024-12-08T17:45:56+00:00","dateModified":"2025-10-16T05:23:37+00:00","description":"Unser Gesch\u00e4ft hat bb-22 in Topqualit\u00e4t zum Verkauf. Die Qualit\u00e4t unserer Produkte ist einfach unschlagbar. Wenn Sie es brauchen, kaufen Sie bb-22 gleich online. Jetzt bestellen!","breadcrumb":{"@id":"https:\/\/chemgramx.com\/product\/bb-22\/#breadcrumb"},"inLanguage":"fr-FR","potentialAction":[{"@type":"ReadAction","target":["https:\/\/chemgramx.com\/product\/bb-22\/"]}]},{"@type":"ImageObject","inLanguage":"fr-FR","@id":"https:\/\/chemgramx.com\/product\/bb-22\/#primaryimage","url":"https:\/\/chemgramx.com\/wp-content\/uploads\/2024\/12\/bb22.png","contentUrl":"https:\/\/chemgramx.com\/wp-content\/uploads\/2024\/12\/bb22.png","width":600,"height":400,"caption":"BB-22 online kaufen"},{"@type":"BreadcrumbList","@id":"https:\/\/chemgramx.com\/product\/bb-22\/#breadcrumb","itemListElement":[{"@type":"ListItem","position":1,"name":"Home","item":"https:\/\/chemgramx.com\/"},{"@type":"ListItem","position":2,"name":"Shop","item":"https:\/\/chemgramx.com\/shop\/"},{"@type":"ListItem","position":3,"name":"BB-22 online kaufen"}]},{"@type":"WebSite","@id":"https:\/\/chemgramx.com\/#website","url":"https:\/\/chemgramx.com\/","name":"Chemgramx","description":"","publisher":{"@id":"https:\/\/chemgramx.com\/#organization"},"potentialAction":[{"@type":"SearchAction","target":{"@type":"EntryPoint","urlTemplate":"https:\/\/chemgramx.com\/?s={search_term_string}"},"query-input":{"@type":"PropertyValueSpecification","valueRequired":true,"valueName":"search_term_string"}}],"inLanguage":"fr-FR"},{"@type":"Organization","@id":"https:\/\/chemgramx.com\/#organization","name":"Chemgramx","url":"https:\/\/chemgramx.com\/","logo":{"@type":"ImageObject","inLanguage":"fr-FR","@id":"https:\/\/chemgramx.com\/#\/schema\/logo\/image\/","url":"https:\/\/chemgramx.com\/wp-content\/uploads\/2024\/10\/final-logo.png","contentUrl":"https:\/\/chemgramx.com\/wp-content\/uploads\/2024\/10\/final-logo.png","width":250,"height":48,"caption":"Chemgramx"},"image":{"@id":"https:\/\/chemgramx.com\/#\/schema\/logo\/image\/"}}]}},"_links":{"self":[{"href":"https:\/\/chemgramx.com\/fr\/wp-json\/wp\/v2\/product\/1161","targetHints":{"allow":["GET"]}}],"collection":[{"href":"https:\/\/chemgramx.com\/fr\/wp-json\/wp\/v2\/product"}],"about":[{"href":"https:\/\/chemgramx.com\/fr\/wp-json\/wp\/v2\/types\/product"}],"replies":[{"embeddable":true,"href":"https:\/\/chemgramx.com\/fr\/wp-json\/wp\/v2\/comments?post=1161"}],"wp:featuredmedia":[{"embeddable":true,"href":"https:\/\/chemgramx.com\/fr\/wp-json\/wp\/v2\/media\/1162"}],"wp:attachment":[{"href":"https:\/\/chemgramx.com\/fr\/wp-json\/wp\/v2\/media?parent=1161"}],"wp:term":[{"taxonomy":"product_brand","embeddable":true,"href":"https:\/\/chemgramx.com\/fr\/wp-json\/wp\/v2\/product_brand?post=1161"},{"taxonomy":"product_cat","embeddable":true,"href":"https:\/\/chemgramx.com\/fr\/wp-json\/wp\/v2\/product_cat?post=1161"},{"taxonomy":"product_tag","embeddable":true,"href":"https:\/\/chemgramx.com\/fr\/wp-json\/wp\/v2\/product_tag?post=1161"}],"curies":[{"name":"wp","href":"https:\/\/api.w.org\/{rel}","templated":true}]}}