{"id":1166,"date":"2024-12-08T17:55:55","date_gmt":"2024-12-08T17:55:55","guid":{"rendered":"https:\/\/chemgramx.com\/?post_type=product&#038;p=1166"},"modified":"2025-10-15T09:13:32","modified_gmt":"2025-10-15T09:13:32","slug":"4-meo-pv8","status":"publish","type":"product","link":"https:\/\/chemgramx.com\/fr\/produit\/4-meo-pv8\/","title":{"rendered":"4-MEO-PV8 acheter en ligne"},"content":{"rendered":"<h2 data-start=\"217\" data-end=\"239\">Qu'est-ce que 4-MEO-PV8 ?<\/h2>\n<p data-start=\"241\" data-end=\"677\">Le 4-MEO-PV8, \u00e9galement connu sous le nom de 4-m\u00e9thoxy-PV8, est un produit chimique de synth\u00e8se issu du groupe des cathinones. Ce compos\u00e9 est structurellement apparent\u00e9 \u00e0 d'autres \u03b1-pyrrolidinoph\u00e9nones comme l'\u03b1-PVP, mais diff\u00e8re par la pr\u00e9sence du groupe m\u00e9thoxy en quatri\u00e8me position du cycle aromatique. Cette propri\u00e9t\u00e9 chimique rend le 4-MEO-PV8 particuli\u00e8rement int\u00e9ressant pour les chercheurs, car elle modifie ses propri\u00e9t\u00e9s pharmacologiques.<\/p>\n<p data-start=\"679\" data-end=\"1129\">In der chemischen und pharmakologischen Forschung wird 4-MEO-PV8 vor allem zur Untersuchung von Neurotransmittersystemen genutzt und liefert wertvolle Erkenntnisse \u00fcber die Wirkung synthetischer Cathinonderivate. Viele Interessenten informieren sich vorab \u00fcber den aktuellen 4-MEO-PV8 price und pr\u00fcfen seri\u00f6se Anbieter, wenn sie \u00fcberlegen, echtes oder gef\u00e4lschtes 4-MEO-PV8 kaufen oder 4-MEO-PV8 online kaufen f\u00fcr Forschungszwecke in Betracht zu ziehen.<\/p>\n<h3 data-start=\"1136\" data-end=\"1190\">Achetez le 4-MEO-PV8 en ligne d\u00e8s maintenant\u00a0\u2013 4-MEO-PV8 \u00e0 vendre<\/h3>\n<p data-start=\"1192\" data-end=\"1489\">Si vous <a href=\"https:\/\/chemgramx.com\/fr\/produit\/4-meo-pv8\/\">acheter 4-MEO-PV8 en ligne<\/a> Si vous cherchez un compl\u00e9ment de 4-MEO-PV8, vous \u00eates au bon endroit. Nous proposons du 4-MEO-PV8 de qualit\u00e9 test\u00e9e en laboratoire et certifi\u00e9e pour la recherche. Vous pouvez commander du 4-MEO-PV8 authentique ou contrefait en toute s\u00e9curit\u00e9 et b\u00e9n\u00e9ficier d'une livraison discr\u00e8te.<\/p>\n<p data-start=\"1491\" data-end=\"1697\">Le meilleur endroit pour acheter du 4-MEO-PV8 impressionne par sa puret\u00e9, sa fiabilit\u00e9 et ses prix comp\u00e9titifs. Profitez de l'opportunit\u00e9 d'acheter du 4-MEO-PV8 \u00e0 bas prix en ligne et de r\u00e9ductions exclusives.<\/p>\n<h3 data-start=\"1704\" data-end=\"1746\">Pourquoi acheter 4-MEO-PV8 en ligne chez nous ?<\/h3>\n<ul data-start=\"1748\" data-end=\"2064\">\n<li data-start=\"1748\" data-end=\"1798\">\n<p data-start=\"1750\" data-end=\"1798\">Qualit\u00e9 de laboratoire test\u00e9e pour une s\u00e9curit\u00e9 maximale<\/p>\n<\/li>\n<li data-start=\"1799\" data-end=\"1843\">\n<p data-start=\"1801\" data-end=\"1843\">Exp\u00e9dition rapide et discr\u00e8te dans le monde entier<\/p>\n<\/li>\n<li data-start=\"1844\" data-end=\"1885\">\n<p data-start=\"1846\" data-end=\"1885\">M\u00e9thodes de paiement flexibles et s\u00e9curis\u00e9es<\/p>\n<\/li>\n<li data-start=\"1886\" data-end=\"1928\">\n<p data-start=\"1888\" data-end=\"1928\">Remises exclusives pour les commandes en gros<\/p>\n<\/li>\n<li data-start=\"1929\" data-end=\"1987\">\n<p data-start=\"1931\" data-end=\"1987\">Service client personnalis\u00e9 pour les institutions de recherche<\/p>\n<\/li>\n<li data-start=\"1988\" data-end=\"2064\">\n<p data-start=\"1990\" data-end=\"2064\">Possibilit\u00e9 de comparer les offres de vente r\u00e9elles ou fausses du 4-MEO-PV8<\/p>\n<\/li>\n<\/ul>\n<h3 data-start=\"2071\" data-end=\"2105\">Origine et profil chimique<\/h3>\n<p data-start=\"2107\" data-end=\"2470\">Le 4-MEO-PV8 a \u00e9t\u00e9 d\u00e9velopp\u00e9 dans le cadre de projets de recherche pharmacologique et appartient \u00e0 la famille des \u03b1-pyrrolidinoph\u00e9nones. Le groupe m\u00e9thoxy en quatri\u00e8me position influence son spectre d'activit\u00e9, le distinguant ainsi des substances apparent\u00e9es. Ces propri\u00e9t\u00e9s le rendent particuli\u00e8rement int\u00e9ressant pour la recherche scientifique et les laboratoires.<\/p>\n<h3 data-start=\"2477\" data-end=\"2505\">Utilisation du 4-MEO-PV8<\/h3>\n<p data-start=\"2507\" data-end=\"2728\">Le 4-MEO-PV8 est utilis\u00e9 exclusivement \u00e0 des fins de recherche scientifique. Les institutions de recherche \u00e9tudient donc attentivement o\u00f9 acheter du 4-MEO-PV8 et quels fournisseurs offrent le meilleur service pour les fournitures de laboratoire.<\/p>\n<p data-start=\"2730\" data-end=\"2760\">Domaines d'application :<\/p>\n<ul data-start=\"2761\" data-end=\"2932\">\n<li data-start=\"2761\" data-end=\"2799\">\n<p data-start=\"2763\" data-end=\"2799\">Recherche neurochimique fondamentale<\/p>\n<\/li>\n<li data-start=\"2800\" data-end=\"2834\">\n<p data-start=\"2802\" data-end=\"2834\">\u00c9tudes psychopharmacologiques<\/p>\n<\/li>\n<li data-start=\"2835\" data-end=\"2883\">\n<p data-start=\"2837\" data-end=\"2883\">Chimie analytique et recherche m\u00e9dico-l\u00e9gale<\/p>\n<\/li>\n<li data-start=\"2884\" data-end=\"2932\">\n<p data-start=\"2886\" data-end=\"2932\">\u00c9tudes comparatives avec d'autres cathinones<\/p>\n<\/li>\n<\/ul>\n<h3 data-start=\"2939\" data-end=\"2990\">Comment et o\u00f9 puis-je commander 4-MEO-PV8 en ligne ?<\/h3>\n<p data-start=\"2992\" data-end=\"3197\">Sie k\u00f6nnen 4-MEO-PV8 online direkt \u00fcber unseren Online-Shop. W\u00e4hlen Sie die gew\u00fcnschte Menge, nutzen Sie sichere Zahlungsmethoden und verlassen Sie sich auf schnellen, neutral verpackten Versand.<\/p>\n<h3 data-start=\"3204\" data-end=\"3247\">Avantages de l'achat de 4-MEO-PV8 en ligne<\/h3>\n<ul data-start=\"3249\" data-end=\"3530\">\n<li data-start=\"3249\" data-end=\"3298\">\n<p data-start=\"3251\" data-end=\"3298\">Grand choix de produits avec diff\u00e9rentes quantit\u00e9s<\/p>\n<\/li>\n<li data-start=\"3299\" data-end=\"3356\">\n<p data-start=\"3301\" data-end=\"3356\">Achetez directement sans interm\u00e9diaires pour de meilleurs prix<\/p>\n<\/li>\n<li data-start=\"3357\" data-end=\"3388\">\n<p data-start=\"3359\" data-end=\"3388\">Livraison discr\u00e8te dans le monde entier<\/p>\n<\/li>\n<li data-start=\"3389\" data-end=\"3431\">\n<p data-start=\"3391\" data-end=\"3431\">Acc\u00e8s \u00e0 des offres sp\u00e9ciales et des r\u00e9ductions<\/p>\n<\/li>\n<li data-start=\"3432\" data-end=\"3530\">\n<p data-start=\"3434\" data-end=\"3530\">M\u00f6glichkeit, echtes oder gef\u00e4lschtes 4-MEO-PV8 kaufen, 4-MEO-PV8 g\u00fcnstig online kaufene zu vergleichen<\/p>\n<\/li>\n<\/ul>\n<h3 data-start=\"3537\" data-end=\"3546\">Conclusion<\/h3>\n<p data-start=\"3548\" data-end=\"3782\">Si vous souhaitez acheter du 4-MEO-PV8 en ligne, nous vous offrons une qualit\u00e9 \u00e9prouv\u00e9e, des conditions \u00e9quitables et un service complet. Avec notre offre de 4-MEO-PV8 \u00e0 vendre, nous soutenons efficacement les instituts de recherche et les laboratoires.<\/p>\n<p data-start=\"3784\" data-end=\"4036\">Der bester Ort, um 4-MEO-PV8 zu kaufen ist stets ein Anbieter, der Reinheit, Sicherheit und Service garantiert. Pr\u00fcfen Sie vor jeder Bestellung den 4-MEO-PX8 Preise und w\u00e4hlen Sie bewusst, wenn Sie Bestellen Sie echtes oder gef\u00e4lschtes 4-MEO-PV8 in Erw\u00e4gung ziehen.<\/p>","protected":false},"excerpt":{"rendered":"<p>Notre site <strong>Pyrrolidine- et pyrrolidinoph\u00e9nones<\/strong>-Les produits de la gamme \"Science\" offrent aux chercheurs des produits chimiques puissants utilis\u00e9s pour l'\u00e9tude du syst\u00e8me nerveux central et des processus biochimiques. Ces substances sont exclusivement destin\u00e9es \u00e0 la recherche scientifique et ne sont pas adapt\u00e9es \u00e0 la consommation humaine.<\/p>","protected":false},"featured_media":1167,"comment_status":"open","ping_status":"closed","template":"","meta":{"_joinchat":[]},"product_brand":[],"product_cat":[1806],"product_tag":[1981,1987,1982,1985,1986,1984,1983,188,1814,248],"class_list":{"0":"post-1166","1":"product","2":"type-product","3":"status-publish","4":"has-post-thumbnail","6":"product_cat-pyrrolidin-und-pyrrolidinophena","7":"product_tag-4-meo-pv8","8":"product_tag-4-meo-pv8-chemikalien","9":"product_tag-4-meo-pv8-kaufen","10":"product_tag-4-meo-pv8-kristalle","11":"product_tag-4-meo-pv8-online","12":"product_tag-4-meo-pv8-pulver","13":"product_tag-4-meo-pv8-zum-verkauf","14":"product_tag-forschungschemikalien","15":"product_tag-forschungsstoffe-kaufen","16":"product_tag-synthetische-stimulanzien","18":"first","19":"instock","20":"shipping-taxable","21":"purchasable","22":"product-type-variable"},"yoast_head":"<!-- This site is optimized with the Yoast SEO plugin v26.1.1 - https:\/\/yoast.com\/wordpress\/plugins\/seo\/ -->\n<title>4-MEO-PV8 online kaufen \u2013 4-MEO-PV8 zu verkaufen<\/title>\n<meta name=\"description\" content=\"4-meo-pv8 zu verkaufen ist jetzt ganz einfach in unserem Chemgramx-Onlineshop erh\u00e4ltlich. Sie k\u00f6nnen sich direkt mit unserem Chemgramx-Shop verbinden und 4-meo-pv8 online zu den besten Preisen kaufen.\" \/>\n<meta name=\"robots\" content=\"index, follow, max-snippet:-1, max-image-preview:large, max-video-preview:-1\" \/>\n<link rel=\"canonical\" href=\"https:\/\/chemgramx.com\/fr\/produit\/4-meo-pv8\/\" \/>\n<meta property=\"og:locale\" content=\"fr_FR\" \/>\n<meta property=\"og:type\" content=\"article\" \/>\n<meta property=\"og:title\" content=\"4-MEO-PV8 online kaufen \u2013 4-MEO-PV8 zu verkaufen\" \/>\n<meta property=\"og:description\" content=\"4-meo-pv8 zu verkaufen ist jetzt ganz einfach in unserem Chemgramx-Onlineshop erh\u00e4ltlich. Sie k\u00f6nnen sich direkt mit unserem Chemgramx-Shop verbinden und 4-meo-pv8 online zu den besten Preisen kaufen.\" \/>\n<meta property=\"og:url\" content=\"https:\/\/chemgramx.com\/fr\/produit\/4-meo-pv8\/\" \/>\n<meta property=\"og:site_name\" content=\"Chemgramx\" \/>\n<meta property=\"article:modified_time\" content=\"2025-10-15T09:13:32+00:00\" \/>\n<meta property=\"og:image\" content=\"https:\/\/chemgramx.com\/wp-content\/uploads\/2024\/12\/pv8.png\" \/>\n\t<meta property=\"og:image:width\" content=\"600\" \/>\n\t<meta property=\"og:image:height\" content=\"400\" \/>\n\t<meta property=\"og:image:type\" content=\"image\/png\" \/>\n<meta name=\"twitter:card\" content=\"summary_large_image\" \/>\n<meta name=\"twitter:label1\" content=\"Dur\u00e9e de lecture estim\u00e9e\" \/>\n\t<meta name=\"twitter:data1\" content=\"3 minutes\" \/>\n<script type=\"application\/ld+json\" class=\"yoast-schema-graph\">{\"@context\":\"https:\/\/schema.org\",\"@graph\":[{\"@type\":\"WebPage\",\"@id\":\"https:\/\/chemgramx.com\/product\/4-meo-pv8\/\",\"url\":\"https:\/\/chemgramx.com\/product\/4-meo-pv8\/\",\"name\":\"4-MEO-PV8 online kaufen \u2013 4-MEO-PV8 zu verkaufen\",\"isPartOf\":{\"@id\":\"https:\/\/chemgramx.com\/#website\"},\"primaryImageOfPage\":{\"@id\":\"https:\/\/chemgramx.com\/product\/4-meo-pv8\/#primaryimage\"},\"image\":{\"@id\":\"https:\/\/chemgramx.com\/product\/4-meo-pv8\/#primaryimage\"},\"thumbnailUrl\":\"https:\/\/chemgramx.com\/wp-content\/uploads\/2024\/12\/pv8.png\",\"datePublished\":\"2024-12-08T17:55:55+00:00\",\"dateModified\":\"2025-10-15T09:13:32+00:00\",\"description\":\"4-meo-pv8 zu verkaufen ist jetzt ganz einfach in unserem Chemgramx-Onlineshop erh\u00e4ltlich. Sie k\u00f6nnen sich direkt mit unserem Chemgramx-Shop verbinden und 4-meo-pv8 online zu den besten Preisen kaufen.\",\"breadcrumb\":{\"@id\":\"https:\/\/chemgramx.com\/product\/4-meo-pv8\/#breadcrumb\"},\"inLanguage\":\"fr-FR\",\"potentialAction\":[{\"@type\":\"ReadAction\",\"target\":[\"https:\/\/chemgramx.com\/product\/4-meo-pv8\/\"]}]},{\"@type\":\"ImageObject\",\"inLanguage\":\"fr-FR\",\"@id\":\"https:\/\/chemgramx.com\/product\/4-meo-pv8\/#primaryimage\",\"url\":\"https:\/\/chemgramx.com\/wp-content\/uploads\/2024\/12\/pv8.png\",\"contentUrl\":\"https:\/\/chemgramx.com\/wp-content\/uploads\/2024\/12\/pv8.png\",\"width\":600,\"height\":400,\"caption\":\"4-MEO-PV8 online kaufen\"},{\"@type\":\"BreadcrumbList\",\"@id\":\"https:\/\/chemgramx.com\/product\/4-meo-pv8\/#breadcrumb\",\"itemListElement\":[{\"@type\":\"ListItem\",\"position\":1,\"name\":\"Home\",\"item\":\"https:\/\/chemgramx.com\/\"},{\"@type\":\"ListItem\",\"position\":2,\"name\":\"Shop\",\"item\":\"https:\/\/chemgramx.com\/shop\/\"},{\"@type\":\"ListItem\",\"position\":3,\"name\":\"4-MEO-PV8 online kaufen\"}]},{\"@type\":\"WebSite\",\"@id\":\"https:\/\/chemgramx.com\/#website\",\"url\":\"https:\/\/chemgramx.com\/\",\"name\":\"Chemgramx\",\"description\":\"\",\"publisher\":{\"@id\":\"https:\/\/chemgramx.com\/#organization\"},\"potentialAction\":[{\"@type\":\"SearchAction\",\"target\":{\"@type\":\"EntryPoint\",\"urlTemplate\":\"https:\/\/chemgramx.com\/?s={search_term_string}\"},\"query-input\":{\"@type\":\"PropertyValueSpecification\",\"valueRequired\":true,\"valueName\":\"search_term_string\"}}],\"inLanguage\":\"fr-FR\"},{\"@type\":\"Organization\",\"@id\":\"https:\/\/chemgramx.com\/#organization\",\"name\":\"Chemgramx\",\"url\":\"https:\/\/chemgramx.com\/\",\"logo\":{\"@type\":\"ImageObject\",\"inLanguage\":\"fr-FR\",\"@id\":\"https:\/\/chemgramx.com\/#\/schema\/logo\/image\/\",\"url\":\"https:\/\/chemgramx.com\/wp-content\/uploads\/2024\/10\/final-logo.png\",\"contentUrl\":\"https:\/\/chemgramx.com\/wp-content\/uploads\/2024\/10\/final-logo.png\",\"width\":250,\"height\":48,\"caption\":\"Chemgramx\"},\"image\":{\"@id\":\"https:\/\/chemgramx.com\/#\/schema\/logo\/image\/\"}}]}<\/script>\n<!-- \/ Yoast SEO plugin. -->","yoast_head_json":{"title":"Achetez 4-MEO-PV8 en ligne \u2013 4-MEO-PV8 \u00e0 vendre","description":"Le 4-meo-pv8 est d\u00e9sormais disponible \u00e0 la vente sur notre boutique en ligne Chemgramx. Connectez-vous directement \u00e0 notre boutique Chemgramx et achetez-le en ligne aux meilleurs prix.","robots":{"index":"index","follow":"follow","max-snippet":"max-snippet:-1","max-image-preview":"max-image-preview:large","max-video-preview":"max-video-preview:-1"},"canonical":"https:\/\/chemgramx.com\/fr\/produit\/4-meo-pv8\/","og_locale":"fr_FR","og_type":"article","og_title":"4-MEO-PV8 online kaufen \u2013 4-MEO-PV8 zu verkaufen","og_description":"4-meo-pv8 zu verkaufen ist jetzt ganz einfach in unserem Chemgramx-Onlineshop erh\u00e4ltlich. Sie k\u00f6nnen sich direkt mit unserem Chemgramx-Shop verbinden und 4-meo-pv8 online zu den besten Preisen kaufen.","og_url":"https:\/\/chemgramx.com\/fr\/produit\/4-meo-pv8\/","og_site_name":"Chemgramx","article_modified_time":"2025-10-15T09:13:32+00:00","og_image":[{"width":600,"height":400,"url":"https:\/\/chemgramx.com\/wp-content\/uploads\/2024\/12\/pv8.png","type":"image\/png"}],"twitter_card":"summary_large_image","twitter_misc":{"Dur\u00e9e de lecture estim\u00e9e":"3 minutes"},"schema":{"@context":"https:\/\/schema.org","@graph":[{"@type":"WebPage","@id":"https:\/\/chemgramx.com\/product\/4-meo-pv8\/","url":"https:\/\/chemgramx.com\/product\/4-meo-pv8\/","name":"Achetez 4-MEO-PV8 en ligne \u2013 4-MEO-PV8 \u00e0 vendre","isPartOf":{"@id":"https:\/\/chemgramx.com\/#website"},"primaryImageOfPage":{"@id":"https:\/\/chemgramx.com\/product\/4-meo-pv8\/#primaryimage"},"image":{"@id":"https:\/\/chemgramx.com\/product\/4-meo-pv8\/#primaryimage"},"thumbnailUrl":"https:\/\/chemgramx.com\/wp-content\/uploads\/2024\/12\/pv8.png","datePublished":"2024-12-08T17:55:55+00:00","dateModified":"2025-10-15T09:13:32+00:00","description":"Le 4-meo-pv8 est d\u00e9sormais disponible \u00e0 la vente sur notre boutique en ligne Chemgramx. Connectez-vous directement \u00e0 notre boutique Chemgramx et achetez-le en ligne aux meilleurs prix.","breadcrumb":{"@id":"https:\/\/chemgramx.com\/product\/4-meo-pv8\/#breadcrumb"},"inLanguage":"fr-FR","potentialAction":[{"@type":"ReadAction","target":["https:\/\/chemgramx.com\/product\/4-meo-pv8\/"]}]},{"@type":"ImageObject","inLanguage":"fr-FR","@id":"https:\/\/chemgramx.com\/product\/4-meo-pv8\/#primaryimage","url":"https:\/\/chemgramx.com\/wp-content\/uploads\/2024\/12\/pv8.png","contentUrl":"https:\/\/chemgramx.com\/wp-content\/uploads\/2024\/12\/pv8.png","width":600,"height":400,"caption":"4-MEO-PV8 online kaufen"},{"@type":"BreadcrumbList","@id":"https:\/\/chemgramx.com\/product\/4-meo-pv8\/#breadcrumb","itemListElement":[{"@type":"ListItem","position":1,"name":"Home","item":"https:\/\/chemgramx.com\/"},{"@type":"ListItem","position":2,"name":"Shop","item":"https:\/\/chemgramx.com\/shop\/"},{"@type":"ListItem","position":3,"name":"4-MEO-PV8 online kaufen"}]},{"@type":"WebSite","@id":"https:\/\/chemgramx.com\/#website","url":"https:\/\/chemgramx.com\/","name":"Chemgramx","description":"","publisher":{"@id":"https:\/\/chemgramx.com\/#organization"},"potentialAction":[{"@type":"SearchAction","target":{"@type":"EntryPoint","urlTemplate":"https:\/\/chemgramx.com\/?s={search_term_string}"},"query-input":{"@type":"PropertyValueSpecification","valueRequired":true,"valueName":"search_term_string"}}],"inLanguage":"fr-FR"},{"@type":"Organization","@id":"https:\/\/chemgramx.com\/#organization","name":"Chemgramx","url":"https:\/\/chemgramx.com\/","logo":{"@type":"ImageObject","inLanguage":"fr-FR","@id":"https:\/\/chemgramx.com\/#\/schema\/logo\/image\/","url":"https:\/\/chemgramx.com\/wp-content\/uploads\/2024\/10\/final-logo.png","contentUrl":"https:\/\/chemgramx.com\/wp-content\/uploads\/2024\/10\/final-logo.png","width":250,"height":48,"caption":"Chemgramx"},"image":{"@id":"https:\/\/chemgramx.com\/#\/schema\/logo\/image\/"}}]}},"_links":{"self":[{"href":"https:\/\/chemgramx.com\/fr\/wp-json\/wp\/v2\/product\/1166","targetHints":{"allow":["GET"]}}],"collection":[{"href":"https:\/\/chemgramx.com\/fr\/wp-json\/wp\/v2\/product"}],"about":[{"href":"https:\/\/chemgramx.com\/fr\/wp-json\/wp\/v2\/types\/product"}],"replies":[{"embeddable":true,"href":"https:\/\/chemgramx.com\/fr\/wp-json\/wp\/v2\/comments?post=1166"}],"wp:featuredmedia":[{"embeddable":true,"href":"https:\/\/chemgramx.com\/fr\/wp-json\/wp\/v2\/media\/1167"}],"wp:attachment":[{"href":"https:\/\/chemgramx.com\/fr\/wp-json\/wp\/v2\/media?parent=1166"}],"wp:term":[{"taxonomy":"product_brand","embeddable":true,"href":"https:\/\/chemgramx.com\/fr\/wp-json\/wp\/v2\/product_brand?post=1166"},{"taxonomy":"product_cat","embeddable":true,"href":"https:\/\/chemgramx.com\/fr\/wp-json\/wp\/v2\/product_cat?post=1166"},{"taxonomy":"product_tag","embeddable":true,"href":"https:\/\/chemgramx.com\/fr\/wp-json\/wp\/v2\/product_tag?post=1166"}],"curies":[{"name":"wp","href":"https:\/\/api.w.org\/{rel}","templated":true}]}}