{"id":1172,"date":"2024-12-09T04:52:10","date_gmt":"2024-12-09T04:52:10","guid":{"rendered":"https:\/\/chemgramx.com\/?post_type=product&#038;p=1172"},"modified":"2025-08-19T05:34:58","modified_gmt":"2025-08-19T05:34:58","slug":"5f-pv-8","status":"publish","type":"product","link":"https:\/\/chemgramx.com\/fr\/produit\/5f-pv-8\/","title":{"rendered":"5f-PV-8 acheter en ligne"},"content":{"rendered":"<h2 data-start=\"178\" data-end=\"257\">Achetez du 5f-PV-8 en ligne \u2013 Produit de recherche de qualit\u00e9 sup\u00e9rieure pour une stimulation intensive<\/h2>\n<p data-start=\"276\" data-end=\"719\">Le 5f-PV-8 est un stimulant synth\u00e9tique de la classe des \u03b1-pyrrolidinoph\u00e9nones, connu pour ses puissantes propri\u00e9t\u00e9s psychoactives. De plus en plus d'utilisateurs cherchent des moyens de <a href=\"https:\/\/chemgramx.com\/fr\/produit\/5f-pv-8\/\">acheter 5f-PV-8 en ligne<\/a>Des offres comme le 5f-PV-8 \u00e0 la vente ou un prix transparent pour le 5f-PV-8 sont disponibles. L'int\u00e9r\u00eat grandit, car l'achat en ligne de 5f-PV-8 est un moyen pratique et discret d'acqu\u00e9rir ce puissant produit chimique de recherche.<\/p>\n<h3 data-start=\"721\" data-end=\"742\">Qu'est-ce que 5f-PV-8 ?<\/h3>\n<p data-start=\"744\" data-end=\"1128\">Le 5f-PV-8 est un stimulant synth\u00e9tique structurellement apparent\u00e9 aux cathinones comme l'\u03b1-PVP. Il agit comme un inhibiteur de la recapture des monoamines, notamment de la dopamine, de la noradr\u00e9naline et de la s\u00e9rotonine. Ces propri\u00e9t\u00e9s expliquent pourquoi de nombreuses plateformes proposent du 5f-PV-8 en vente en ligne, voire du 5f-PV-8 authentique ou contrefait, et pourquoi les consommateurs recherchent le meilleur endroit pour l'acheter.<\/p>\n<h3 data-start=\"1130\" data-end=\"1198\">Classification chimique et comparaison avec d'autres stimulants<\/h3>\n<ul data-start=\"1200\" data-end=\"1449\">\n<li data-start=\"1200\" data-end=\"1235\">\n<p data-start=\"1202\" data-end=\"1235\">Classe chimique<\/p>\n<\/li>\n<li data-start=\"1236\" data-end=\"1288\">\n<p data-start=\"1238\" data-end=\"1288\">Substances apparent\u00e9es : \u03b1-PVP, MDPV, m\u00e9ph\u00e9drone<\/p>\n<\/li>\n<li data-start=\"1289\" data-end=\"1449\">\n<p data-start=\"1291\" data-end=\"1449\">M\u00e9canisme d\u2019action : Inhibe la recapture de la dopamine, de la noradr\u00e9naline et de la s\u00e9rotonine, entra\u00eenant des effets stimulants.<\/p>\n<\/li>\n<\/ul>\n<p data-start=\"1451\" data-end=\"1624\">Les chercheurs qui envisagent de commander du 5f-PV-8 r\u00e9el ou faux ou du 5f-PV-8 r\u00e9el ou faux \u00e0 vendre s'int\u00e9ressent souvent \u00e0 ce m\u00e9canisme d'action.<\/p>\n<h3 data-start=\"1626\" data-end=\"1663\">Effets et avantages du 5f-PV-8<\/h3>\n<ul data-start=\"1665\" data-end=\"1993\">\n<li data-start=\"1665\" data-end=\"1772\">\n<p data-start=\"1667\" data-end=\"1772\">Effets cognitifs : concentration am\u00e9lior\u00e9e, attention accrue et pens\u00e9e claire.<\/p>\n<\/li>\n<li data-start=\"1773\" data-end=\"1877\">\n<p data-start=\"1775\" data-end=\"1877\">Effets physiques : Augmentation de l\u2019\u00e9nergie, r\u00e9duction de la fatigue et stimulation physique agr\u00e9able.<\/p>\n<\/li>\n<li data-start=\"1878\" data-end=\"1993\">\n<p data-start=\"1880\" data-end=\"1993\">Effets \u00e9motionnels : euphorie, interaction sociale accrue et sentiment g\u00e9n\u00e9ral de bien-\u00eatre.<\/p>\n<\/li>\n<\/ul>\n<p data-start=\"1995\" data-end=\"2129\">Ce sont pr\u00e9cis\u00e9ment ces caract\u00e9ristiques qui poussent les consommateurs \u00e0 rechercher sp\u00e9cifiquement acheter du 5f-PV-8 pas cher en ligne ou du 5f-PV-8 \u00e0 vendre.<\/p>\n<h3 data-start=\"2131\" data-end=\"2168\">Directives posologiques recommand\u00e9es<\/h3>\n<ul data-start=\"2170\" data-end=\"2370\">\n<li data-start=\"2170\" data-end=\"2232\">\n<p data-start=\"2172\" data-end=\"2232\">Anf\u00e4ngliche Dosis: Mit einer niedrigen Dosis beginnen.<\/p>\n<\/li>\n<li data-start=\"2233\" data-end=\"2309\">\n<p data-start=\"2235\" data-end=\"2309\">H\u00e4ufigkeit: Nicht zu oft einnehmen, um Toleranzbildung zu vermeiden.<\/p>\n<\/li>\n<li data-start=\"2310\" data-end=\"2370\">\n<p data-start=\"2312\" data-end=\"2370\">Kombinationen: Nicht mit anderen Substanzen mischen.<\/p>\n<\/li>\n<\/ul>\n<p data-start=\"2372\" data-end=\"2503\">Dies ist besonders wichtig f\u00fcr K\u00e4ufer, die \u00fcberlegen, buy real or fake 5f-PV-8 oder order real or fake 5f-PV-8 zu nutzen.<\/p>\n<h3 data-start=\"2505\" data-end=\"2553\">Dur\u00e9e des effets et avertissements de redosage<\/h3>\n<ul data-start=\"2555\" data-end=\"2690\">\n<li data-start=\"2555\" data-end=\"2598\">\n<p data-start=\"2557\" data-end=\"2598\">Dauer: Wirkt meist 4 bis 6 Stunden.<\/p>\n<\/li>\n<li data-start=\"2599\" data-end=\"2690\">\n<p data-start=\"2601\" data-end=\"2690\">Redosierung: Eine erneute Einnahme nach kurzer Zeit kann zu \u00dcberstimulation f\u00fchren.<\/p>\n<\/li>\n<\/ul>\n<p data-start=\"2692\" data-end=\"2800\">Das gilt auch f\u00fcr Personen, die 5f-PV-8 buy online oder nach einem g\u00fcnstigen 5f-PV-8 price suchen.<\/p>\n<h3 data-start=\"2802\" data-end=\"2835\">Pourquoi acheter 5f-PV-8 en ligne ?<\/h3>\n<ul data-start=\"2837\" data-end=\"3053\">\n<li data-start=\"2837\" data-end=\"2909\">\n<p data-start=\"2839\" data-end=\"2909\">Bequemlichkeit: Einfach buy 5f-PV-8 online von zu Hause aus.<\/p>\n<\/li>\n<li data-start=\"2910\" data-end=\"2970\">\n<p data-start=\"2912\" data-end=\"2970\">Diskretion: Versand erfolgt in neutraler Verpackung.<\/p>\n<\/li>\n<li data-start=\"2971\" data-end=\"3053\">\n<p data-start=\"2973\" data-end=\"3053\">Verf\u00fcgbarkeit: Verschiedene Reinheitsgrade und Mengen stehen for sale.<\/p>\n<\/li>\n<\/ul>\n<p data-start=\"3055\" data-end=\"3135\">Wer sich fragt, where to buy 5f-PV-8, sollte auf gepr\u00fcfte Anbieter achten.<\/p>\n<h3 data-start=\"3137\" data-end=\"3184\">Est-il l\u00e9gal de commander du 5f-PV-8 en ligne ?<\/h3>\n<p data-start=\"3186\" data-end=\"3228\">La situation juridique est diff\u00e9rente :<\/p>\n<ul data-start=\"3230\" data-end=\"3462\">\n<li data-start=\"3230\" data-end=\"3296\">\n<p data-start=\"3232\" data-end=\"3296\">Allemagne : le 5f-PV-8 rel\u00e8ve du NpSG et est ill\u00e9gal.<\/p>\n<\/li>\n<li data-start=\"3297\" data-end=\"3370\">\n<p data-start=\"3299\" data-end=\"3370\">\u00c9tats-Unis : r\u00e9pertori\u00e9 comme substance contr\u00f4l\u00e9e dans de nombreux \u00c9tats.<\/p>\n<\/li>\n<li data-start=\"3371\" data-end=\"3462\">\n<p data-start=\"3373\" data-end=\"3462\">UE : Diff\u00e9rentes r\u00e9glementations, certaines interdites, d\u2019autres non explicitement r\u00e9glement\u00e9es.<\/p>\n<\/li>\n<\/ul>\n<p data-start=\"3464\" data-end=\"3570\">Donc, si vous envisagez d'acheter un vrai ou un faux 5f-PV-8 \u00e0 vendre, vous devez v\u00e9rifier les lois de votre propre pays.<\/p>\n<h3 data-start=\"3572\" data-end=\"3599\">Comment choisir 5f-PV-8 ?<\/h3>\n<ul data-start=\"3601\" data-end=\"3828\">\n<li data-start=\"3601\" data-end=\"3646\">\n<p data-start=\"3603\" data-end=\"3646\">Forme de poudre : Dosage exact possible.<\/p>\n<\/li>\n<li data-start=\"3647\" data-end=\"3704\">\n<p data-start=\"3649\" data-end=\"3704\">Capsules\/comprim\u00e9s : Faciles \u00e0 emporter en d\u00e9placement.<\/p>\n<\/li>\n<li data-start=\"3705\" data-end=\"3758\">\n<p data-start=\"3707\" data-end=\"3758\">Puret\u00e9 : Choisissez uniquement des fournisseurs ayant effectu\u00e9 des tests en laboratoire.<\/p>\n<\/li>\n<li data-start=\"3759\" data-end=\"3828\">\n<p data-start=\"3761\" data-end=\"3828\">Prix : Comparez le prix du 5f-PV-8 dans diff\u00e9rents magasins.<\/p>\n<\/li>\n<\/ul>\n<h3 data-start=\"3830\" data-end=\"3874\">Meilleurs endroits pour acheter du 5f-PV-8 en ligne<\/h3>\n<ul data-start=\"3876\" data-end=\"4063\">\n<li data-start=\"3876\" data-end=\"3944\">\n<p data-start=\"3878\" data-end=\"3944\">Fournisseurs de confiance : Magasins avec des avis positifs.<\/p>\n<\/li>\n<li data-start=\"3945\" data-end=\"4008\">\n<p data-start=\"3947\" data-end=\"4008\">Purezza: scegli solo fornitori con test di laboratorio<\/p>\n<\/li>\n<li data-start=\"4009\" data-end=\"4063\">\n<p data-start=\"4011\" data-end=\"4063\">Moyens de paiement : Privil\u00e9giez les options s\u00e9curis\u00e9es.<\/p>\n<\/li>\n<\/ul>\n<p data-start=\"4065\" data-end=\"4216\">De nombreux utilisateurs recherchent sp\u00e9cifiquement le meilleur endroit pour acheter du 5f-PV-8, pour acheter du 5f-PV-8 pas cher en ligne ou des sources r\u00e9put\u00e9es pour du 5f-PV-8 \u00e0 vendre.<\/p>\n<h3 data-start=\"4218\" data-end=\"4228\">Conclusion<\/h3>\n<p data-start=\"4230\" data-end=\"4664\">Le 5f-PV-8 offre de puissants effets cognitifs et physiques, attirant de nombreux acheteurs en ligne. Si vous envisagez de commander du 5f-PV-8, authentique ou contrefait, ou de profiter d'offres similaires, veillez \u00e0 la puret\u00e9, \u00e0 la fiabilit\u00e9 et au prix actuel du 5f-PV-8. Le meilleur endroit pour acheter du 5f-PV-8 est toujours un revendeur r\u00e9put\u00e9 dont la qualit\u00e9 est reconnue.<\/p>","protected":false},"excerpt":{"rendered":"<p><strong>5F-PV-8<\/strong> est un d\u00e9riv\u00e9 synth\u00e9tique de la famille des pyrrolidinoph\u00e9nones, d\u00e9velopp\u00e9 \u00e0 des fins de recherche scientifique. Il sert \u00e0 \u00e9tudier les interactions avec le syst\u00e8me nerveux central. <strong>5F-PV-8<\/strong> est exclusivement destin\u00e9 \u00e0 la recherche en laboratoire et n'est pas autoris\u00e9 pour la consommation humaine.<\/p>","protected":false},"featured_media":1173,"comment_status":"open","ping_status":"closed","template":"","meta":{"_joinchat":[]},"product_brand":[],"product_cat":[49],"product_tag":[1960,1966,1961,1964,1965,1963,1962,188,1814,333],"class_list":{"0":"post-1172","1":"product","2":"type-product","3":"status-publish","4":"has-post-thumbnail","6":"product_cat-cathinones","7":"product_tag-5f-pv-8","8":"product_tag-5f-pv-8-chemikalien","9":"product_tag-5f-pv-8-kaufen","10":"product_tag-5f-pv-8-kristalle","11":"product_tag-5f-pv-8-online","12":"product_tag-5f-pv-8-pulver","13":"product_tag-5f-pv-8-zum-verkauf","14":"product_tag-forschungschemikalien","15":"product_tag-forschungsstoffe-kaufen","16":"product_tag-synthetische-cannabinoide","18":"first","19":"instock","20":"shipping-taxable","21":"purchasable","22":"product-type-variable"},"yoast_head":"<!-- This site is optimized with the Yoast SEO plugin v26.1.1 - https:\/\/yoast.com\/wordpress\/plugins\/seo\/ -->\n<title>5f-PV-8 online kaufen \u2013 5f-PV-8 zu verkaufen | chemgramx<\/title>\n<meta name=\"description\" content=\"Sie k\u00f6nnen mit unserem Online-Laden Kontakt aufnehmen und 5f-pv-8 online kaufen. Wir haben 5f-pv-8 zu g\u00fcnstigen Preisen im Angebot. Holen Sie sich Ihr Exemplar sofort nach Hause!\" \/>\n<meta name=\"robots\" content=\"index, follow, max-snippet:-1, max-image-preview:large, max-video-preview:-1\" \/>\n<link rel=\"canonical\" href=\"https:\/\/chemgramx.com\/fr\/produit\/5f-pv-8\/\" \/>\n<meta property=\"og:locale\" content=\"fr_FR\" \/>\n<meta property=\"og:type\" content=\"article\" \/>\n<meta property=\"og:title\" content=\"5f-PV-8 online kaufen \u2013 5f-PV-8 zu verkaufen | chemgramx\" \/>\n<meta property=\"og:description\" content=\"Sie k\u00f6nnen mit unserem Online-Laden Kontakt aufnehmen und 5f-pv-8 online kaufen. Wir haben 5f-pv-8 zu g\u00fcnstigen Preisen im Angebot. Holen Sie sich Ihr Exemplar sofort nach Hause!\" \/>\n<meta property=\"og:url\" content=\"https:\/\/chemgramx.com\/fr\/produit\/5f-pv-8\/\" \/>\n<meta property=\"og:site_name\" content=\"Chemgramx\" \/>\n<meta property=\"article:modified_time\" content=\"2025-08-19T05:34:58+00:00\" \/>\n<meta property=\"og:image\" content=\"https:\/\/chemgramx.com\/wp-content\/uploads\/2024\/12\/5fpv8.png\" \/>\n\t<meta property=\"og:image:width\" content=\"600\" \/>\n\t<meta property=\"og:image:height\" content=\"400\" \/>\n\t<meta property=\"og:image:type\" content=\"image\/png\" \/>\n<meta name=\"twitter:card\" content=\"summary_large_image\" \/>\n<meta name=\"twitter:label1\" content=\"Dur\u00e9e de lecture estim\u00e9e\" \/>\n\t<meta name=\"twitter:data1\" content=\"3 minutes\" \/>\n<script type=\"application\/ld+json\" class=\"yoast-schema-graph\">{\"@context\":\"https:\/\/schema.org\",\"@graph\":[{\"@type\":\"WebPage\",\"@id\":\"https:\/\/chemgramx.com\/product\/5f-pv-8\/\",\"url\":\"https:\/\/chemgramx.com\/product\/5f-pv-8\/\",\"name\":\"5f-PV-8 online kaufen \u2013 5f-PV-8 zu verkaufen | chemgramx\",\"isPartOf\":{\"@id\":\"https:\/\/chemgramx.com\/#website\"},\"primaryImageOfPage\":{\"@id\":\"https:\/\/chemgramx.com\/product\/5f-pv-8\/#primaryimage\"},\"image\":{\"@id\":\"https:\/\/chemgramx.com\/product\/5f-pv-8\/#primaryimage\"},\"thumbnailUrl\":\"https:\/\/chemgramx.com\/wp-content\/uploads\/2024\/12\/5fpv8.png\",\"datePublished\":\"2024-12-09T04:52:10+00:00\",\"dateModified\":\"2025-08-19T05:34:58+00:00\",\"description\":\"Sie k\u00f6nnen mit unserem Online-Laden Kontakt aufnehmen und 5f-pv-8 online kaufen. Wir haben 5f-pv-8 zu g\u00fcnstigen Preisen im Angebot. Holen Sie sich Ihr Exemplar sofort nach Hause!\",\"breadcrumb\":{\"@id\":\"https:\/\/chemgramx.com\/product\/5f-pv-8\/#breadcrumb\"},\"inLanguage\":\"fr-FR\",\"potentialAction\":[{\"@type\":\"ReadAction\",\"target\":[\"https:\/\/chemgramx.com\/product\/5f-pv-8\/\"]}]},{\"@type\":\"ImageObject\",\"inLanguage\":\"fr-FR\",\"@id\":\"https:\/\/chemgramx.com\/product\/5f-pv-8\/#primaryimage\",\"url\":\"https:\/\/chemgramx.com\/wp-content\/uploads\/2024\/12\/5fpv8.png\",\"contentUrl\":\"https:\/\/chemgramx.com\/wp-content\/uploads\/2024\/12\/5fpv8.png\",\"width\":600,\"height\":400,\"caption\":\"5f-PV-8 online kaufen\"},{\"@type\":\"BreadcrumbList\",\"@id\":\"https:\/\/chemgramx.com\/product\/5f-pv-8\/#breadcrumb\",\"itemListElement\":[{\"@type\":\"ListItem\",\"position\":1,\"name\":\"Home\",\"item\":\"https:\/\/chemgramx.com\/\"},{\"@type\":\"ListItem\",\"position\":2,\"name\":\"Shop\",\"item\":\"https:\/\/chemgramx.com\/shop\/\"},{\"@type\":\"ListItem\",\"position\":3,\"name\":\"5f-PV-8 online kaufen\"}]},{\"@type\":\"WebSite\",\"@id\":\"https:\/\/chemgramx.com\/#website\",\"url\":\"https:\/\/chemgramx.com\/\",\"name\":\"Chemgramx\",\"description\":\"\",\"publisher\":{\"@id\":\"https:\/\/chemgramx.com\/#organization\"},\"potentialAction\":[{\"@type\":\"SearchAction\",\"target\":{\"@type\":\"EntryPoint\",\"urlTemplate\":\"https:\/\/chemgramx.com\/?s={search_term_string}\"},\"query-input\":{\"@type\":\"PropertyValueSpecification\",\"valueRequired\":true,\"valueName\":\"search_term_string\"}}],\"inLanguage\":\"fr-FR\"},{\"@type\":\"Organization\",\"@id\":\"https:\/\/chemgramx.com\/#organization\",\"name\":\"Chemgramx\",\"url\":\"https:\/\/chemgramx.com\/\",\"logo\":{\"@type\":\"ImageObject\",\"inLanguage\":\"fr-FR\",\"@id\":\"https:\/\/chemgramx.com\/#\/schema\/logo\/image\/\",\"url\":\"https:\/\/chemgramx.com\/wp-content\/uploads\/2024\/10\/final-logo.png\",\"contentUrl\":\"https:\/\/chemgramx.com\/wp-content\/uploads\/2024\/10\/final-logo.png\",\"width\":250,\"height\":48,\"caption\":\"Chemgramx\"},\"image\":{\"@id\":\"https:\/\/chemgramx.com\/#\/schema\/logo\/image\/\"}}]}<\/script>\n<!-- \/ Yoast SEO plugin. -->","yoast_head_json":{"title":"5f-PV-8 online kaufen \u2013 5f-PV-8 zu verkaufen | chemgramx","description":"Sie k\u00f6nnen mit unserem Online-Laden Kontakt aufnehmen und 5f-pv-8 online kaufen. Wir haben 5f-pv-8 zu g\u00fcnstigen Preisen im Angebot. Holen Sie sich Ihr Exemplar sofort nach Hause!","robots":{"index":"index","follow":"follow","max-snippet":"max-snippet:-1","max-image-preview":"max-image-preview:large","max-video-preview":"max-video-preview:-1"},"canonical":"https:\/\/chemgramx.com\/fr\/produit\/5f-pv-8\/","og_locale":"fr_FR","og_type":"article","og_title":"5f-PV-8 online kaufen \u2013 5f-PV-8 zu verkaufen | chemgramx","og_description":"Sie k\u00f6nnen mit unserem Online-Laden Kontakt aufnehmen und 5f-pv-8 online kaufen. Wir haben 5f-pv-8 zu g\u00fcnstigen Preisen im Angebot. Holen Sie sich Ihr Exemplar sofort nach Hause!","og_url":"https:\/\/chemgramx.com\/fr\/produit\/5f-pv-8\/","og_site_name":"Chemgramx","article_modified_time":"2025-08-19T05:34:58+00:00","og_image":[{"width":600,"height":400,"url":"https:\/\/chemgramx.com\/wp-content\/uploads\/2024\/12\/5fpv8.png","type":"image\/png"}],"twitter_card":"summary_large_image","twitter_misc":{"Dur\u00e9e de lecture estim\u00e9e":"3 minutes"},"schema":{"@context":"https:\/\/schema.org","@graph":[{"@type":"WebPage","@id":"https:\/\/chemgramx.com\/product\/5f-pv-8\/","url":"https:\/\/chemgramx.com\/product\/5f-pv-8\/","name":"5f-PV-8 online kaufen \u2013 5f-PV-8 zu verkaufen | chemgramx","isPartOf":{"@id":"https:\/\/chemgramx.com\/#website"},"primaryImageOfPage":{"@id":"https:\/\/chemgramx.com\/product\/5f-pv-8\/#primaryimage"},"image":{"@id":"https:\/\/chemgramx.com\/product\/5f-pv-8\/#primaryimage"},"thumbnailUrl":"https:\/\/chemgramx.com\/wp-content\/uploads\/2024\/12\/5fpv8.png","datePublished":"2024-12-09T04:52:10+00:00","dateModified":"2025-08-19T05:34:58+00:00","description":"Sie k\u00f6nnen mit unserem Online-Laden Kontakt aufnehmen und 5f-pv-8 online kaufen. Wir haben 5f-pv-8 zu g\u00fcnstigen Preisen im Angebot. Holen Sie sich Ihr Exemplar sofort nach Hause!","breadcrumb":{"@id":"https:\/\/chemgramx.com\/product\/5f-pv-8\/#breadcrumb"},"inLanguage":"fr-FR","potentialAction":[{"@type":"ReadAction","target":["https:\/\/chemgramx.com\/product\/5f-pv-8\/"]}]},{"@type":"ImageObject","inLanguage":"fr-FR","@id":"https:\/\/chemgramx.com\/product\/5f-pv-8\/#primaryimage","url":"https:\/\/chemgramx.com\/wp-content\/uploads\/2024\/12\/5fpv8.png","contentUrl":"https:\/\/chemgramx.com\/wp-content\/uploads\/2024\/12\/5fpv8.png","width":600,"height":400,"caption":"5f-PV-8 online kaufen"},{"@type":"BreadcrumbList","@id":"https:\/\/chemgramx.com\/product\/5f-pv-8\/#breadcrumb","itemListElement":[{"@type":"ListItem","position":1,"name":"Home","item":"https:\/\/chemgramx.com\/"},{"@type":"ListItem","position":2,"name":"Shop","item":"https:\/\/chemgramx.com\/shop\/"},{"@type":"ListItem","position":3,"name":"5f-PV-8 online kaufen"}]},{"@type":"WebSite","@id":"https:\/\/chemgramx.com\/#website","url":"https:\/\/chemgramx.com\/","name":"Chemgramx","description":"","publisher":{"@id":"https:\/\/chemgramx.com\/#organization"},"potentialAction":[{"@type":"SearchAction","target":{"@type":"EntryPoint","urlTemplate":"https:\/\/chemgramx.com\/?s={search_term_string}"},"query-input":{"@type":"PropertyValueSpecification","valueRequired":true,"valueName":"search_term_string"}}],"inLanguage":"fr-FR"},{"@type":"Organization","@id":"https:\/\/chemgramx.com\/#organization","name":"Chemgramx","url":"https:\/\/chemgramx.com\/","logo":{"@type":"ImageObject","inLanguage":"fr-FR","@id":"https:\/\/chemgramx.com\/#\/schema\/logo\/image\/","url":"https:\/\/chemgramx.com\/wp-content\/uploads\/2024\/10\/final-logo.png","contentUrl":"https:\/\/chemgramx.com\/wp-content\/uploads\/2024\/10\/final-logo.png","width":250,"height":48,"caption":"Chemgramx"},"image":{"@id":"https:\/\/chemgramx.com\/#\/schema\/logo\/image\/"}}]}},"_links":{"self":[{"href":"https:\/\/chemgramx.com\/fr\/wp-json\/wp\/v2\/product\/1172","targetHints":{"allow":["GET"]}}],"collection":[{"href":"https:\/\/chemgramx.com\/fr\/wp-json\/wp\/v2\/product"}],"about":[{"href":"https:\/\/chemgramx.com\/fr\/wp-json\/wp\/v2\/types\/product"}],"replies":[{"embeddable":true,"href":"https:\/\/chemgramx.com\/fr\/wp-json\/wp\/v2\/comments?post=1172"}],"wp:featuredmedia":[{"embeddable":true,"href":"https:\/\/chemgramx.com\/fr\/wp-json\/wp\/v2\/media\/1173"}],"wp:attachment":[{"href":"https:\/\/chemgramx.com\/fr\/wp-json\/wp\/v2\/media?parent=1172"}],"wp:term":[{"taxonomy":"product_brand","embeddable":true,"href":"https:\/\/chemgramx.com\/fr\/wp-json\/wp\/v2\/product_brand?post=1172"},{"taxonomy":"product_cat","embeddable":true,"href":"https:\/\/chemgramx.com\/fr\/wp-json\/wp\/v2\/product_cat?post=1172"},{"taxonomy":"product_tag","embeddable":true,"href":"https:\/\/chemgramx.com\/fr\/wp-json\/wp\/v2\/product_tag?post=1172"}],"curies":[{"name":"wp","href":"https:\/\/api.w.org\/{rel}","templated":true}]}}