{"id":1178,"date":"2024-12-09T05:02:05","date_gmt":"2024-12-09T05:02:05","guid":{"rendered":"https:\/\/chemgramx.com\/?post_type=product&#038;p=1178"},"modified":"2025-10-16T06:43:08","modified_gmt":"2025-10-16T06:43:08","slug":"buphedron","status":"publish","type":"product","link":"https:\/\/chemgramx.com\/fr\/produit\/buphedron\/","title":{"rendered":"Acheter Buphedrone en ligne"},"content":{"rendered":"<h2 data-start=\"195\" data-end=\"223\">Acheter Buphedrone en ligne<\/h2>\n<p data-start=\"242\" data-end=\"681\">La buph\u00e9drone, \u00e9galement connue sous le nom d'\u03b1-m\u00e9thylaminobutyroph\u00e9none (MABP), est une cathinone synth\u00e9tique synth\u00e9tis\u00e9e pour la premi\u00e8re fois en 1928. Elle appartient \u00e0 la famille des ph\u00e9n\u00e9thylamines et des cathinones et pr\u00e9sente des similitudes structurelles avec les amph\u00e9tamines. D\u00e9velopp\u00e9e \u00e0 l'origine \u00e0 des fins de recherche, la buph\u00e9drone est aujourd'hui fr\u00e9quemment vendue sur des plateformes ou sous des offres telles que <a href=\"https:\/\/chemgramx.com\/fr\/produit\/buphedron\/\">Acheter Buphedrone en ligne<\/a> gelistet.<\/p>\n<h3 data-start=\"683\" data-end=\"746\">Pourquoi les gens cherchent-ils \u00e0 acheter de la buph\u00e9drone en ligne\u00a0?<\/h3>\n<p data-start=\"748\" data-end=\"1273\">L'int\u00e9r\u00eat pour l'achat de buph\u00e9drone en ligne d\u00e9coule de la recherche de stimulants puissants \u00e0 des fins de recherche. De nombreuses personnes int\u00e9ress\u00e9es souhaitent acheter de la buph\u00e9drone, vraie ou fausse, car divers d\u00e9taillants en proposent. Les boutiques en ligne offrent un moyen pratique d'acc\u00e9der \u00e0 cette substance, bien que la l\u00e9galit\u00e9 varie selon les pays. Des recherches telles que \u00ab\u00a0o\u00f9 acheter de la buph\u00e9drone\u00a0\u00bb, \u00ab\u00a0acheter de la buph\u00e9drone en ligne\u00a0\u00bb ou \u00ab\u00a0acheter de la buph\u00e9drone pas ch\u00e8re en ligne\u00a0\u00bb sont donc courantes.<\/p>\n<h3 data-start=\"1275\" data-end=\"1299\">Qu'est-ce que la buph\u00e9drone ?<\/h3>\n<p data-start=\"1301\" data-end=\"1621\">La buph\u00e9drone est un compos\u00e9 de cathinone synth\u00e9tique dont la formule chimique est C\u2081\u2081H\u2081\u2085NO. Elle est g\u00e9n\u00e9ralement propos\u00e9e sous forme de chlorhydrate, sous forme de cristaux ou de poudre. Toute personne souhaitant acheter de la buph\u00e9drone doit pr\u00eater attention non seulement au prix, mais aussi \u00e0 la puret\u00e9 et \u00e0 la fiabilit\u00e9 du fournisseur.<\/p>\n<h3 data-start=\"1623\" data-end=\"1691\">Classification chimique et comparaison avec d'autres stimulants<\/h3>\n<ul data-start=\"1693\" data-end=\"1891\">\n<li data-start=\"1693\" data-end=\"1728\">\n<p data-start=\"1695\" data-end=\"1728\">Classe chimique<\/p>\n<\/li>\n<li data-start=\"1729\" data-end=\"1797\">\n<p data-start=\"1731\" data-end=\"1797\">Substances apparent\u00e9es : m\u00e9ph\u00e9drone, m\u00e9thcathinone, amph\u00e9tamine<\/p>\n<\/li>\n<li data-start=\"1798\" data-end=\"1891\">\n<p data-start=\"1800\" data-end=\"1891\">Caract\u00e9ristiques : Diff\u00e9rence avec la m\u00e9thamph\u00e9tamine par un groupe \u03b2-c\u00e9tone et un r\u00e9sidu \u00e9thyle<\/p>\n<\/li>\n<\/ul>\n<p data-start=\"1893\" data-end=\"2017\">Les revendeurs proposant de la buph\u00e9drone \u00e0 la vente soulignent souvent sa similitude structurelle avec d\u2019autres stimulants bien connus.<\/p>\n<h3 data-start=\"2019\" data-end=\"2059\">Effets et bienfaits de la buph\u00e9drone<\/h3>\n<p data-start=\"2061\" data-end=\"2091\">Les effets signal\u00e9s comprennent\u00a0:<\/p>\n<ul data-start=\"2093\" data-end=\"2281\">\n<li data-start=\"2093\" data-end=\"2170\">\n<p data-start=\"2095\" data-end=\"2170\">Cognitif : motivation accrue, vigilance, concentration am\u00e9lior\u00e9e<\/p>\n<\/li>\n<li data-start=\"2171\" data-end=\"2226\">\n<p data-start=\"2173\" data-end=\"2226\">Physique : augmentation de l'\u00e9nergie, r\u00e9duction de la fatigue<\/p>\n<\/li>\n<li data-start=\"2227\" data-end=\"2281\">\n<p data-start=\"2229\" data-end=\"2281\">\u00c9motionnel : Euphorie, confiance en soi, empathie<\/p>\n<\/li>\n<\/ul>\n<p data-start=\"2283\" data-end=\"2428\">Gerade diese Eigenschaften f\u00fchren dazu, dass K\u00e4ufer nach dem bester Ort, um Buphedron zu kaufen suchen, um ein zuverl\u00e4ssiges Produkt zu erhalten.<\/p>\n<h3 data-start=\"2430\" data-end=\"2467\">Directives posologiques recommand\u00e9es<\/h3>\n<ul data-start=\"2514\" data-end=\"2658\">\n<li data-start=\"2514\" data-end=\"2564\">\n<p data-start=\"2516\" data-end=\"2564\">Commencez bas pour tester la tol\u00e9rance<\/p>\n<\/li>\n<li data-start=\"2565\" data-end=\"2613\">\n<p data-start=\"2567\" data-end=\"2613\">\u00c9viter les prises fr\u00e9quentes (risque de tol\u00e9rance)<\/p>\n<\/li>\n<li data-start=\"2614\" data-end=\"2658\">\n<p data-start=\"2616\" data-end=\"2658\">Aucune combinaison avec d'autres substances<\/p>\n<\/li>\n<\/ul>\n<p data-start=\"2660\" data-end=\"2768\">Quiconque souhaite commander de la buph\u00e9drone vraie ou fausse doit \u00eatre particuli\u00e8rement prudent quant au dosage et \u00e0 la puret\u00e9.<\/p>\n<h3 data-start=\"2770\" data-end=\"2818\">Dur\u00e9e des effets et avertissements de redosage<\/h3>\n<ul data-start=\"2820\" data-end=\"2883\">\n<li data-start=\"2820\" data-end=\"2855\">\n<p data-start=\"2822\" data-end=\"2855\">Intraveineuse : environ 2,5 heures<\/p>\n<\/li>\n<li data-start=\"2856\" data-end=\"2883\">\n<p data-start=\"2858\" data-end=\"2883\">Oral : environ 6 heures<\/p>\n<\/li>\n<\/ul>\n<p data-start=\"2885\" data-end=\"3028\">Une r\u00e9p\u00e9tition rapide peut entra\u00eener une surstimulation. M\u00eame si les revendeurs font une promotion agressive de la buph\u00e9drone, la prudence est de mise.<\/p>\n<h3 data-start=\"3030\" data-end=\"3066\">Pourquoi acheter de la buph\u00e9drone en ligne ?<\/h3>\n<ul data-start=\"3095\" data-end=\"3276\">\n<li data-start=\"3095\" data-end=\"3161\">\n<p data-start=\"3097\" data-end=\"3161\">Bequemlichkeit \u2013 Buphedron online kaufen direkt von zu Hause<\/p>\n<\/li>\n<li data-start=\"3162\" data-end=\"3195\">\n<p data-start=\"3164\" data-end=\"3195\">Discr\u00e9tion \u2013 exp\u00e9dition anonyme<\/p>\n<\/li>\n<li data-start=\"3196\" data-end=\"3276\">\n<p data-start=\"3198\" data-end=\"3276\">Comparaison des prix \u2013 acc\u00e8s facile aux diff\u00e9rents prix de la buph\u00e9drone<\/p>\n<\/li>\n<\/ul>\n<h3 data-start=\"3396\" data-end=\"3446\">Est-il l\u00e9gal de commander de la buph\u00e9drone en ligne ?<\/h3>\n<ul data-start=\"3448\" data-end=\"3600\">\n<li data-start=\"3448\" data-end=\"3514\">\n<p data-start=\"3450\" data-end=\"3514\">Allemagne : Stup\u00e9fiant contr\u00f4l\u00e9 de l'annexe II<\/p>\n<\/li>\n<li data-start=\"3515\" data-end=\"3562\">\n<p data-start=\"3517\" data-end=\"3562\">USA: Als Schedule I Substanz eingestuft<\/p>\n<\/li>\n<li data-start=\"3563\" data-end=\"3600\">\n<p data-start=\"3565\" data-end=\"3600\">China: Seit 2015 kontrolliert<\/p>\n<\/li>\n<\/ul>\n<p data-start=\"3602\" data-end=\"3715\">Die Rechtslage ist entscheidend, wenn man Kaufen echtes oder gef\u00e4lschtes Buphedron oder \u00e4hnliche Angebote nutzen m\u00f6chte.<\/p>\n<h3 data-start=\"3717\" data-end=\"3747\">Comment choisir la Buph\u00e9drone ?<\/h3>\n<ul data-start=\"3749\" data-end=\"3994\">\n<li data-start=\"3749\" data-end=\"3783\">\n<p data-start=\"3751\" data-end=\"3783\">Poudre : dosage flexible<\/p>\n<\/li>\n<li data-start=\"3784\" data-end=\"3828\">\n<p data-start=\"3786\" data-end=\"3828\">Capsule\/compresse: facili da assumere<\/p>\n<\/li>\n<li data-start=\"3829\" data-end=\"3881\">\n<p data-start=\"3831\" data-end=\"3881\">Purezza: scegli solo fornitori con test di laboratorio<\/p>\n<\/li>\n<li data-start=\"3882\" data-end=\"3994\">\n<p data-start=\"3884\" data-end=\"3994\">Rapport qualit\u00e9-prix\u00a0: comparez les prix de la buph\u00e9drone pour trouver le meilleur prix.<\/p>\n<\/li>\n<\/ul>\n<h3 data-start=\"3996\" data-end=\"4043\">Meilleurs endroits pour acheter du Buphedrone en ligne<\/h3>\n<ul data-start=\"4045\" data-end=\"4310\">\n<li data-start=\"4045\" data-end=\"4142\">\n<p data-start=\"4047\" data-end=\"4142\">Boutiques sp\u00e9cialis\u00e9es : Proposez des produits comme la Buph\u00e9drone \u00e0 la vente avec une preuve de puret\u00e9<\/p>\n<\/li>\n<li data-start=\"4143\" data-end=\"4209\">\n<p data-start=\"4145\" data-end=\"4209\">Fournisseurs directs : souvent moins chers, mais v\u00e9rification requise<\/p>\n<\/li>\n<li data-start=\"4210\" data-end=\"4310\">\n<p data-start=\"4212\" data-end=\"4310\">March\u00e9s en ligne\u00a0: certains proposent d'acheter de la buph\u00e9drone \u00e0 bas prix en ligne, mais la prudence est de mise.<\/p>\n<\/li>\n<\/ul>\n<h3 data-start=\"4312\" data-end=\"4322\">Conclusion<\/h3>\n<p data-start=\"4324\" data-end=\"4758\">Buphedrone ist eine potente synthetische Cathinon-Verbindung mit stimulierenden Eigenschaften. Wer buy real or fake Buphedrone, Buphedrone for sale, oder Buphedrone online kaufen in Betracht zieht, sollte unbedingt auf Reinheit, rechtliche Aspekte und Anbieterqualit\u00e4t achten. Der bester Ort, um Buphedron zu kaufen ist immer ein vertrauensw\u00fcrdiger H\u00e4ndler, der transparente Analysen und faire Buphedrone Preise anbietet.<\/p>","protected":false},"excerpt":{"rendered":"<p><strong>Buphedrone<\/strong>La cathinone, un compos\u00e9 polyvalent, est tr\u00e8s appr\u00e9ci\u00e9e dans la recherche chimique pour ses propri\u00e9t\u00e9s uniques. Id\u00e9al pour les \u00e9tudes analytiques et pharmacologiques.<\/p>","protected":false},"featured_media":1179,"comment_status":"open","ping_status":"closed","template":"","meta":{"_joinchat":[]},"product_brand":[],"product_cat":[49],"product_tag":[1939,1945,1940,1943,1944,1942,1941,188,1814,248],"class_list":{"0":"post-1178","1":"product","2":"type-product","3":"status-publish","4":"has-post-thumbnail","6":"product_cat-cathinones","7":"product_tag-buphedrone","8":"product_tag-buphedrone-chemikalien","9":"product_tag-buphedrone-kaufen","10":"product_tag-buphedrone-kristalle","11":"product_tag-buphedrone-online","12":"product_tag-buphedrone-pulver","13":"product_tag-buphedrone-zum-verkauf","14":"product_tag-forschungschemikalien","15":"product_tag-forschungsstoffe-kaufen","16":"product_tag-synthetische-stimulanzien","18":"first","19":"instock","20":"shipping-taxable","21":"purchasable","22":"product-type-variable"},"yoast_head":"<!-- This site is optimized with the Yoast SEO plugin v26.1.1 - https:\/\/yoast.com\/wordpress\/plugins\/seo\/ -->\n<title>Buphedron online kaufen \u2013 Buphedron zu verkaufen<\/title>\n<meta name=\"description\" content=\"Wenn Sie sich f\u00fcr Buphedron begeistern, dann ist unser Shop der beste Ort, um Buphedron online zu kaufen. Sie k\u00f6nnen Buphedron zum niedrigsten Preis kaufen. Jetzt bestellen und es in K\u00fcrze erhalten!\" \/>\n<meta name=\"robots\" content=\"index, follow, max-snippet:-1, max-image-preview:large, max-video-preview:-1\" \/>\n<link rel=\"canonical\" href=\"https:\/\/chemgramx.com\/fr\/produit\/buphedron\/\" \/>\n<meta property=\"og:locale\" content=\"fr_FR\" \/>\n<meta property=\"og:type\" content=\"article\" \/>\n<meta property=\"og:title\" content=\"Buphedron online kaufen \u2013 Buphedron zu verkaufen\" \/>\n<meta property=\"og:description\" content=\"Wenn Sie sich f\u00fcr Buphedron begeistern, dann ist unser Shop der beste Ort, um Buphedron online zu kaufen. Sie k\u00f6nnen Buphedron zum niedrigsten Preis kaufen. Jetzt bestellen und es in K\u00fcrze erhalten!\" \/>\n<meta property=\"og:url\" content=\"https:\/\/chemgramx.com\/fr\/produit\/buphedron\/\" \/>\n<meta property=\"og:site_name\" content=\"Chemgramx\" \/>\n<meta property=\"article:modified_time\" content=\"2025-10-16T06:43:08+00:00\" \/>\n<meta property=\"og:image\" content=\"https:\/\/chemgramx.com\/wp-content\/uploads\/2024\/12\/Buphedrone.png\" \/>\n\t<meta property=\"og:image:width\" content=\"600\" \/>\n\t<meta property=\"og:image:height\" content=\"400\" \/>\n\t<meta property=\"og:image:type\" content=\"image\/png\" \/>\n<meta name=\"twitter:card\" content=\"summary_large_image\" \/>\n<meta name=\"twitter:label1\" content=\"Dur\u00e9e de lecture estim\u00e9e\" \/>\n\t<meta name=\"twitter:data1\" content=\"3 minutes\" \/>\n<script type=\"application\/ld+json\" class=\"yoast-schema-graph\">{\"@context\":\"https:\/\/schema.org\",\"@graph\":[{\"@type\":\"WebPage\",\"@id\":\"https:\/\/chemgramx.com\/product\/buphedron\/\",\"url\":\"https:\/\/chemgramx.com\/product\/buphedron\/\",\"name\":\"Buphedron online kaufen \u2013 Buphedron zu verkaufen\",\"isPartOf\":{\"@id\":\"https:\/\/chemgramx.com\/#website\"},\"primaryImageOfPage\":{\"@id\":\"https:\/\/chemgramx.com\/product\/buphedron\/#primaryimage\"},\"image\":{\"@id\":\"https:\/\/chemgramx.com\/product\/buphedron\/#primaryimage\"},\"thumbnailUrl\":\"https:\/\/chemgramx.com\/wp-content\/uploads\/2024\/12\/Buphedrone.png\",\"datePublished\":\"2024-12-09T05:02:05+00:00\",\"dateModified\":\"2025-10-16T06:43:08+00:00\",\"description\":\"Wenn Sie sich f\u00fcr Buphedron begeistern, dann ist unser Shop der beste Ort, um Buphedron online zu kaufen. Sie k\u00f6nnen Buphedron zum niedrigsten Preis kaufen. Jetzt bestellen und es in K\u00fcrze erhalten!\",\"breadcrumb\":{\"@id\":\"https:\/\/chemgramx.com\/product\/buphedron\/#breadcrumb\"},\"inLanguage\":\"fr-FR\",\"potentialAction\":[{\"@type\":\"ReadAction\",\"target\":[\"https:\/\/chemgramx.com\/product\/buphedron\/\"]}]},{\"@type\":\"ImageObject\",\"inLanguage\":\"fr-FR\",\"@id\":\"https:\/\/chemgramx.com\/product\/buphedron\/#primaryimage\",\"url\":\"https:\/\/chemgramx.com\/wp-content\/uploads\/2024\/12\/Buphedrone.png\",\"contentUrl\":\"https:\/\/chemgramx.com\/wp-content\/uploads\/2024\/12\/Buphedrone.png\",\"width\":600,\"height\":400,\"caption\":\"Buphedron online kaufen\"},{\"@type\":\"BreadcrumbList\",\"@id\":\"https:\/\/chemgramx.com\/product\/buphedron\/#breadcrumb\",\"itemListElement\":[{\"@type\":\"ListItem\",\"position\":1,\"name\":\"Home\",\"item\":\"https:\/\/chemgramx.com\/\"},{\"@type\":\"ListItem\",\"position\":2,\"name\":\"Shop\",\"item\":\"https:\/\/chemgramx.com\/shop\/\"},{\"@type\":\"ListItem\",\"position\":3,\"name\":\"Buphedrone online kaufen\"}]},{\"@type\":\"WebSite\",\"@id\":\"https:\/\/chemgramx.com\/#website\",\"url\":\"https:\/\/chemgramx.com\/\",\"name\":\"Chemgramx\",\"description\":\"\",\"publisher\":{\"@id\":\"https:\/\/chemgramx.com\/#organization\"},\"potentialAction\":[{\"@type\":\"SearchAction\",\"target\":{\"@type\":\"EntryPoint\",\"urlTemplate\":\"https:\/\/chemgramx.com\/?s={search_term_string}\"},\"query-input\":{\"@type\":\"PropertyValueSpecification\",\"valueRequired\":true,\"valueName\":\"search_term_string\"}}],\"inLanguage\":\"fr-FR\"},{\"@type\":\"Organization\",\"@id\":\"https:\/\/chemgramx.com\/#organization\",\"name\":\"Chemgramx\",\"url\":\"https:\/\/chemgramx.com\/\",\"logo\":{\"@type\":\"ImageObject\",\"inLanguage\":\"fr-FR\",\"@id\":\"https:\/\/chemgramx.com\/#\/schema\/logo\/image\/\",\"url\":\"https:\/\/chemgramx.com\/wp-content\/uploads\/2024\/10\/final-logo.png\",\"contentUrl\":\"https:\/\/chemgramx.com\/wp-content\/uploads\/2024\/10\/final-logo.png\",\"width\":250,\"height\":48,\"caption\":\"Chemgramx\"},\"image\":{\"@id\":\"https:\/\/chemgramx.com\/#\/schema\/logo\/image\/\"}}]}<\/script>\n<!-- \/ Yoast SEO plugin. -->","yoast_head_json":{"title":"Buphedron online kaufen \u2013 Buphedron zu verkaufen","description":"Wenn Sie sich f\u00fcr Buphedron begeistern, dann ist unser Shop der beste Ort, um Buphedron online zu kaufen. Sie k\u00f6nnen Buphedron zum niedrigsten Preis kaufen. Jetzt bestellen und es in K\u00fcrze erhalten!","robots":{"index":"index","follow":"follow","max-snippet":"max-snippet:-1","max-image-preview":"max-image-preview:large","max-video-preview":"max-video-preview:-1"},"canonical":"https:\/\/chemgramx.com\/fr\/produit\/buphedron\/","og_locale":"fr_FR","og_type":"article","og_title":"Buphedron online kaufen \u2013 Buphedron zu verkaufen","og_description":"Wenn Sie sich f\u00fcr Buphedron begeistern, dann ist unser Shop der beste Ort, um Buphedron online zu kaufen. Sie k\u00f6nnen Buphedron zum niedrigsten Preis kaufen. Jetzt bestellen und es in K\u00fcrze erhalten!","og_url":"https:\/\/chemgramx.com\/fr\/produit\/buphedron\/","og_site_name":"Chemgramx","article_modified_time":"2025-10-16T06:43:08+00:00","og_image":[{"width":600,"height":400,"url":"https:\/\/chemgramx.com\/wp-content\/uploads\/2024\/12\/Buphedrone.png","type":"image\/png"}],"twitter_card":"summary_large_image","twitter_misc":{"Dur\u00e9e de lecture estim\u00e9e":"3 minutes"},"schema":{"@context":"https:\/\/schema.org","@graph":[{"@type":"WebPage","@id":"https:\/\/chemgramx.com\/product\/buphedron\/","url":"https:\/\/chemgramx.com\/product\/buphedron\/","name":"Buphedron online kaufen \u2013 Buphedron zu verkaufen","isPartOf":{"@id":"https:\/\/chemgramx.com\/#website"},"primaryImageOfPage":{"@id":"https:\/\/chemgramx.com\/product\/buphedron\/#primaryimage"},"image":{"@id":"https:\/\/chemgramx.com\/product\/buphedron\/#primaryimage"},"thumbnailUrl":"https:\/\/chemgramx.com\/wp-content\/uploads\/2024\/12\/Buphedrone.png","datePublished":"2024-12-09T05:02:05+00:00","dateModified":"2025-10-16T06:43:08+00:00","description":"Wenn Sie sich f\u00fcr Buphedron begeistern, dann ist unser Shop der beste Ort, um Buphedron online zu kaufen. Sie k\u00f6nnen Buphedron zum niedrigsten Preis kaufen. Jetzt bestellen und es in K\u00fcrze erhalten!","breadcrumb":{"@id":"https:\/\/chemgramx.com\/product\/buphedron\/#breadcrumb"},"inLanguage":"fr-FR","potentialAction":[{"@type":"ReadAction","target":["https:\/\/chemgramx.com\/product\/buphedron\/"]}]},{"@type":"ImageObject","inLanguage":"fr-FR","@id":"https:\/\/chemgramx.com\/product\/buphedron\/#primaryimage","url":"https:\/\/chemgramx.com\/wp-content\/uploads\/2024\/12\/Buphedrone.png","contentUrl":"https:\/\/chemgramx.com\/wp-content\/uploads\/2024\/12\/Buphedrone.png","width":600,"height":400,"caption":"Buphedron online kaufen"},{"@type":"BreadcrumbList","@id":"https:\/\/chemgramx.com\/product\/buphedron\/#breadcrumb","itemListElement":[{"@type":"ListItem","position":1,"name":"Home","item":"https:\/\/chemgramx.com\/"},{"@type":"ListItem","position":2,"name":"Shop","item":"https:\/\/chemgramx.com\/shop\/"},{"@type":"ListItem","position":3,"name":"Buphedrone online kaufen"}]},{"@type":"WebSite","@id":"https:\/\/chemgramx.com\/#website","url":"https:\/\/chemgramx.com\/","name":"Chemgramx","description":"","publisher":{"@id":"https:\/\/chemgramx.com\/#organization"},"potentialAction":[{"@type":"SearchAction","target":{"@type":"EntryPoint","urlTemplate":"https:\/\/chemgramx.com\/?s={search_term_string}"},"query-input":{"@type":"PropertyValueSpecification","valueRequired":true,"valueName":"search_term_string"}}],"inLanguage":"fr-FR"},{"@type":"Organization","@id":"https:\/\/chemgramx.com\/#organization","name":"Chemgramx","url":"https:\/\/chemgramx.com\/","logo":{"@type":"ImageObject","inLanguage":"fr-FR","@id":"https:\/\/chemgramx.com\/#\/schema\/logo\/image\/","url":"https:\/\/chemgramx.com\/wp-content\/uploads\/2024\/10\/final-logo.png","contentUrl":"https:\/\/chemgramx.com\/wp-content\/uploads\/2024\/10\/final-logo.png","width":250,"height":48,"caption":"Chemgramx"},"image":{"@id":"https:\/\/chemgramx.com\/#\/schema\/logo\/image\/"}}]}},"_links":{"self":[{"href":"https:\/\/chemgramx.com\/fr\/wp-json\/wp\/v2\/product\/1178","targetHints":{"allow":["GET"]}}],"collection":[{"href":"https:\/\/chemgramx.com\/fr\/wp-json\/wp\/v2\/product"}],"about":[{"href":"https:\/\/chemgramx.com\/fr\/wp-json\/wp\/v2\/types\/product"}],"replies":[{"embeddable":true,"href":"https:\/\/chemgramx.com\/fr\/wp-json\/wp\/v2\/comments?post=1178"}],"wp:featuredmedia":[{"embeddable":true,"href":"https:\/\/chemgramx.com\/fr\/wp-json\/wp\/v2\/media\/1179"}],"wp:attachment":[{"href":"https:\/\/chemgramx.com\/fr\/wp-json\/wp\/v2\/media?parent=1178"}],"wp:term":[{"taxonomy":"product_brand","embeddable":true,"href":"https:\/\/chemgramx.com\/fr\/wp-json\/wp\/v2\/product_brand?post=1178"},{"taxonomy":"product_cat","embeddable":true,"href":"https:\/\/chemgramx.com\/fr\/wp-json\/wp\/v2\/product_cat?post=1178"},{"taxonomy":"product_tag","embeddable":true,"href":"https:\/\/chemgramx.com\/fr\/wp-json\/wp\/v2\/product_tag?post=1178"}],"curies":[{"name":"wp","href":"https:\/\/api.w.org\/{rel}","templated":true}]}}