{"id":1180,"date":"2024-12-09T05:04:37","date_gmt":"2024-12-09T05:04:37","guid":{"rendered":"https:\/\/chemgramx.com\/?post_type=product&#038;p=1180"},"modified":"2025-10-16T06:33:06","modified_gmt":"2025-10-16T06:33:06","slug":"d-tertylon","status":"publish","type":"product","link":"https:\/\/chemgramx.com\/fr\/produit\/d-tertylon\/","title":{"rendered":"Acheter D-Tertylone en ligne"},"content":{"rendered":"<h2 data-start=\"212\" data-end=\"241\">Acheter D-Tertylone en ligne<\/h2>\n<h3 data-start=\"243\" data-end=\"280\">Einf\u00fchrung in D-Tertylone (MDPT)<\/h3>\n<p data-start=\"282\" data-end=\"692\">La D-tertylone, \u00e9galement connue sous le nom de MDPT ou tBuONE, est une cathinone synth\u00e9tique structurellement apparent\u00e9e \u00e0 des stimulants tels que la MDPV et la pyroval\u00e9rone. Identifi\u00e9e pour la premi\u00e8re fois en 2018, elle est depuis propos\u00e9e en ligne comme substance chimique de recherche. Elle int\u00e9resse de plus en plus d'utilisateurs. <a href=\"https:\/\/chemgramx.com\/fr\/produit\/d-tertylon\/\">D-Tertylon online kaufen<\/a>, echtes oder gef\u00e4lschtes D-Tertylon kaufen, oder Angebote mit D-Tertylon zum Verkauf\u00a0zu finden.<\/p>\n<h3 data-start=\"694\" data-end=\"735\">Pourquoi la D-Tertylone est-elle recherch\u00e9e ?<\/h3>\n<p data-start=\"737\" data-end=\"1076\">Die Nachfrage nach D-Tertylone resultiert aus seinem Potenzial als leistungsstarkes Stimulans mit Effekten, die an MDPV erinnern. Viele Konsumenten geben Suchanfragen wie Wo kann man C-Terylene und D-Turtle online kaufen? Bestellen Sie D-Tertylone g\u00fcnstig online ein, um eine sichere Quelle mit gutem D-Tertylone Preis zu finden.<\/p>\n<h3 data-start=\"1078\" data-end=\"1103\">Qu'est-ce que la D-Tertylone ?<\/h3>\n<p data-start=\"1105\" data-end=\"1493\">La D-Tertylone est une \u03b2-c\u00e9to-cathinone dont la formule d\u00e9velopp\u00e9e est 1-(3,4-m\u00e9thyl\u00e8nedioxyph\u00e9nyl)-2-(tert-butylamino)-propan-1-one. Elle appartient au groupe des cathinones synth\u00e9tiques, connues pour leurs fortes propri\u00e9t\u00e9s stimulantes. Les d\u00e9taillants proposent des produits tels que de la D-Tertylone, authentique ou contrefaite. Il est donc conseill\u00e9 aux acheteurs de ne commander que dans des magasins de confiance.<\/p>\n<h3 data-start=\"1495\" data-end=\"1563\">Classification chimique et comparaison avec d'autres stimulants<\/h3>\n<p data-start=\"1565\" data-end=\"1925\">D-Tertylone geh\u00f6rt zur Klasse der \u03b2-Keto-Cathinone und ist eng verwandt mit MDPV und Pyrovaleron. Diese Substanzen wirken als Monoamin-Wiederaufnahmehemmer f\u00fcr Dopamin, Noradrenalin und Serotonin, was zu erh\u00f6hter Energie und Euphorie f\u00fchrt. Deshalb wird es oft in Shops gelistet, die D-Tertylon zu verkaufen oder echtes oder gef\u00e4lschtes D-Tertylon zu bestellen anbieten.<\/p>\n<h3 data-start=\"1927\" data-end=\"1968\">Effets et bienfaits de la D-Tertylone<\/h3>\n<h3 data-start=\"1970\" data-end=\"2007\">Effets cognitifs et physiques signal\u00e9s<\/h3>\n<ul data-start=\"2008\" data-end=\"2158\">\n<li data-start=\"2008\" data-end=\"2049\">\n<p data-start=\"2010\" data-end=\"2049\">Vigilance et concentration accrues<\/p>\n<\/li>\n<li data-start=\"2050\" data-end=\"2092\">\n<p data-start=\"2052\" data-end=\"2092\">Mehr Energie und gesteigerte Aktivit\u00e4t<\/p>\n<\/li>\n<li data-start=\"2093\" data-end=\"2122\">\n<p data-start=\"2095\" data-end=\"2122\">Euphorie et bien-\u00eatre<\/p>\n<\/li>\n<li data-start=\"2123\" data-end=\"2158\">\n<p data-start=\"2125\" data-end=\"2158\">Verbesserte soziale Interaktion<\/p>\n<\/li>\n<\/ul>\n<h3 data-start=\"2160\" data-end=\"2189\">Effets secondaires possibles<\/h3>\n<ul data-start=\"2190\" data-end=\"2324\">\n<li data-start=\"2190\" data-end=\"2229\">\n<p data-start=\"2192\" data-end=\"2229\">Erh\u00f6hter Blutdruck und Herzfrequenz<\/p>\n<\/li>\n<li data-start=\"2230\" data-end=\"2286\">\n<p data-start=\"2232\" data-end=\"2286\">Angst, Paranoia oder Schlafst\u00f6rungen bei hohen Dosen<\/p>\n<\/li>\n<li data-start=\"2287\" data-end=\"2324\">\n<p data-start=\"2289\" data-end=\"2324\">Appetitlosigkeit und Dehydrierung<\/p>\n<\/li>\n<\/ul>\n<p data-start=\"2326\" data-end=\"2479\">Viele Nutzer entscheiden sich, echtes oder gef\u00e4lschtes D-Tertylon kaufen, um diese Effekte zu testen \u2013 wobei Vorsicht und Dosierungskontrolle entscheidend sind.<\/p>\n<h3 data-start=\"2481\" data-end=\"2518\">Directives posologiques recommand\u00e9es<\/h3>\n<p data-start=\"2520\" data-end=\"2736\">Da es sich um eine Forschungschemikalie handelt, fehlen offizielle Dosierungsempfehlungen. Wer D-Tertylone online kaufen m\u00f6chte, sollte mit sehr kleinen Mengen beginnen und die individuelle Vertr\u00e4glichkeit pr\u00fcfen.<\/p>\n<h3 data-start=\"2738\" data-end=\"2782\">Dur\u00e9e des effets et pr\u00e9cautions de r\u00e9administration<\/h3>\n<p data-start=\"2784\" data-end=\"2993\">Die Wirkung von D-Tertylone kann mehrere Stunden anhalten. Auch wenn Produkte mit D-Tertylone zu verkaufen oft mit starker Wirkung beworben werden, sollte Redosing vermieden werden, um Risiken zu reduzieren.<\/p>\n<h3 data-start=\"2995\" data-end=\"3032\">Acheter D-Tertylone en ligne<\/h3>\n<p data-start=\"3034\" data-end=\"3090\">Acheter D-Tertylone en ligne offre de nombreux avantages :<\/p>\n<ul data-start=\"3092\" data-end=\"3333\">\n<li data-start=\"3092\" data-end=\"3163\">\n<p data-start=\"3094\" data-end=\"3163\">Bequemlichkeit: Direkt von zu Hause buy D-Tertylone online.<\/p>\n<\/li>\n<li data-start=\"3164\" data-end=\"3268\">\n<p data-start=\"3166\" data-end=\"3268\">Comparaison de prix : Comparez diff\u00e9rents d\u00e9taillants pour trouver le meilleur prix D-Tertylone.<\/p>\n<\/li>\n<li data-start=\"3269\" data-end=\"3333\">\n<p data-start=\"3271\" data-end=\"3333\">Diskretion: Anonyme Lieferung ohne pers\u00f6nlichen Kontakt.<\/p>\n<\/li>\n<\/ul>\n<p data-start=\"3335\" data-end=\"3445\">Viele Nutzer suchen nach dem bester Ort, um D-Tertylon zu kaufen, um Qualit\u00e4t und Sicherheit zu gew\u00e4hrleisten.<\/p>\n<h3 data-start=\"3447\" data-end=\"3498\">Est-il l\u00e9gal de commander du D-Tertylone en ligne ?<\/h3>\n<p data-start=\"3500\" data-end=\"3554\">Die Rechtslage ist von Land zu Land unterschiedlich:<\/p>\n<ul data-start=\"3556\" data-end=\"3771\">\n<li data-start=\"3556\" data-end=\"3666\">\n<p data-start=\"3558\" data-end=\"3666\">Allemagne : Le MD-PHP n\u2019est pas explicitement r\u00e9pertori\u00e9 dans l\u2019annexe I de la loi sur les stup\u00e9fiants, mais pourrait \u00eatre soumis \u00e0 la loi sur les m\u00e9dicaments.<\/p>\n<\/li>\n<li data-start=\"3667\" data-end=\"3771\">\n<p data-start=\"3669\" data-end=\"3771\">Inde : Non r\u00e9glement\u00e9 explicitement, mais les substances comparables sont soumises \u00e0 des restrictions.<\/p>\n<\/li>\n<\/ul>\n<p data-start=\"3773\" data-end=\"3880\">Daher ist es wichtig, vor der Bestellung zu pr\u00fcfen, ob man legale Bestellung von echtem oder gef\u00e4lschtem D-Tertylon darf.<\/p>\n<h3 data-start=\"3882\" data-end=\"3913\">Comment choisir le D-Tertylone ?<\/h3>\n<ul data-start=\"3915\" data-end=\"4169\">\n<li data-start=\"3915\" data-end=\"3967\">\n<p data-start=\"3917\" data-end=\"3967\">Puret\u00e9 : Achetez uniquement des produits certifi\u00e9s.<\/p>\n<\/li>\n<li data-start=\"3968\" data-end=\"4016\">\n<p data-start=\"3970\" data-end=\"4016\">Emballage : Protection contre la contamination.<\/p>\n<\/li>\n<li data-start=\"4017\" data-end=\"4091\">\n<p data-start=\"4019\" data-end=\"4091\">Rapport qualit\u00e9\/prix : Comparez les prix du D-Tertylone.<\/p>\n<\/li>\n<li data-start=\"4092\" data-end=\"4169\">\n<p data-start=\"4094\" data-end=\"4169\">H\u00e4ndlerauswahl: Nur beim bester Ort, um D-Tertylon zu kaufen bestellen.<\/p>\n<\/li>\n<\/ul>\n<h3 data-start=\"4171\" data-end=\"4219\">Meilleurs endroits pour acheter D-Tertylone en ligne<\/h3>\n<ul data-start=\"4221\" data-end=\"4476\">\n<li data-start=\"4221\" data-end=\"4287\">\n<p data-start=\"4223\" data-end=\"4287\">Distributeurs de produits chimiques sp\u00e9cialis\u00e9s : Informations et certificats transparents.<\/p>\n<\/li>\n<li data-start=\"4288\" data-end=\"4392\">\n<p data-start=\"4290\" data-end=\"4392\">Online-Marktpl\u00e4tze: G\u00fcnstige Angebote wie D-Tertylon g\u00fcnstig online kaufen, aber h\u00f6here Risiken.<\/p>\n<\/li>\n<li data-start=\"4393\" data-end=\"4476\">\n<p data-start=\"4395\" data-end=\"4476\">Directement du fabricant : Souvent moins cher, mais contr\u00f4le qualit\u00e9 requis.<\/p>\n<\/li>\n<\/ul>\n<h3 data-start=\"4478\" data-end=\"4488\">Conclusion<\/h3>\n<p data-start=\"4490\" data-end=\"4856\">D-Tertylone ist ein potentes Stimulans mit starken Effekten, aber auch Risiken. Wer echtes oder gef\u00e4lschtes D-Terylen kaufen, AND-Terylen zum Verkauf, bestellen Sie D-Tertylon online in Erw\u00e4gung zieht, sollte sich umfassend \u00fcber Reinheit, Preis und rechtliche Lage informieren. Der bester Ort, um D-Tertylon zu kaufen ist immer ein seri\u00f6ser Anbieter mit gepr\u00fcften Analysen.<\/p>\n<h3 data-start=\"4858\" data-end=\"4893\">Derniers conseils pour un achat en toute s\u00e9curit\u00e9<\/h3>\n<ul data-start=\"4895\" data-end=\"5220\">\n<li data-start=\"4895\" data-end=\"4973\">\n<p data-start=\"4897\" data-end=\"4973\">Recherchieren Sie gr\u00fcndlich, bevor Sie Bestellen Sie echtes oder gef\u00e4lschtes D-Tertylon.<\/p>\n<\/li>\n<li data-start=\"4974\" data-end=\"5043\">\n<p data-start=\"4976\" data-end=\"5043\">Comparez les prix du D-Tertylone aupr\u00e8s de diff\u00e9rents fournisseurs.<\/p>\n<\/li>\n<li data-start=\"5044\" data-end=\"5132\">\n<p data-start=\"5046\" data-end=\"5132\">Kaufen Sie nur gepr\u00fcfte Ware, auch wenn Sie D-Tertylon g\u00fcnstig online kaufen finden.<\/p>\n<\/li>\n<li data-start=\"5133\" data-end=\"5220\">\n<p data-start=\"5135\" data-end=\"5220\">W\u00e4hlen Sie stets den bester Ort, um D-Tertylon zu kaufen f\u00fcr Qualit\u00e4t und Sicherheit.<\/p>\n<\/li>\n<\/ul>","protected":false},"excerpt":{"rendered":"<p><strong>D-Tertylone<\/strong> est une cathinone de recherche polyvalente, sp\u00e9cialement con\u00e7ue pour l'analyse chimique moderne. Id\u00e9ale pour les \u00e9tudes pharmaceutiques et analytiques.<\/p>","protected":false},"featured_media":1181,"comment_status":"open","ping_status":"closed","template":"","meta":{"_joinchat":[]},"product_brand":[],"product_cat":[49],"product_tag":[1932,1938,1933,1936,1937,1935,1934,188,1814,248],"class_list":{"0":"post-1180","1":"product","2":"type-product","3":"status-publish","4":"has-post-thumbnail","6":"product_cat-cathinones","7":"product_tag-d-tertylone","8":"product_tag-d-tertylone-chemikalien","9":"product_tag-d-tertylone-kaufen","10":"product_tag-d-tertylone-kristalle","11":"product_tag-d-tertylone-online","12":"product_tag-d-tertylone-pulver","13":"product_tag-d-tertylone-zum-verkauf","14":"product_tag-forschungschemikalien","15":"product_tag-forschungsstoffe-kaufen","16":"product_tag-synthetische-stimulanzien","18":"first","19":"instock","20":"shipping-taxable","21":"purchasable","22":"product-type-variable"},"yoast_head":"<!-- This site is optimized with the Yoast SEO plugin v26.1.1 - https:\/\/yoast.com\/wordpress\/plugins\/seo\/ -->\n<title>D-Tertylon online kaufen \u2013 D-Tertylon zu verkaufen | Chemgramx<\/title>\n<meta name=\"description\" content=\"D-Tertylon zu verkaufen ist jetzt ganz einfach in unserem Chemgramx-Onlineshop erh\u00e4ltlich. Sie k\u00f6nnen sich direkt mit unserem Chemgramx-Shop verbinden und D-Tertylon online zu den besten Preisen kaufen.\" \/>\n<meta name=\"robots\" content=\"index, follow, max-snippet:-1, max-image-preview:large, max-video-preview:-1\" \/>\n<link rel=\"canonical\" href=\"https:\/\/chemgramx.com\/fr\/produit\/d-tertylon\/\" \/>\n<meta property=\"og:locale\" content=\"fr_FR\" \/>\n<meta property=\"og:type\" content=\"article\" \/>\n<meta property=\"og:title\" content=\"D-Tertylon online kaufen \u2013 D-Tertylon zu verkaufen | Chemgramx\" \/>\n<meta property=\"og:description\" content=\"D-Tertylon zu verkaufen ist jetzt ganz einfach in unserem Chemgramx-Onlineshop erh\u00e4ltlich. Sie k\u00f6nnen sich direkt mit unserem Chemgramx-Shop verbinden und D-Tertylon online zu den besten Preisen kaufen.\" \/>\n<meta property=\"og:url\" content=\"https:\/\/chemgramx.com\/fr\/produit\/d-tertylon\/\" \/>\n<meta property=\"og:site_name\" content=\"Chemgramx\" \/>\n<meta property=\"article:modified_time\" content=\"2025-10-16T06:33:06+00:00\" \/>\n<meta property=\"og:image\" content=\"https:\/\/chemgramx.com\/wp-content\/uploads\/2024\/12\/dtertiloyn.png\" \/>\n\t<meta property=\"og:image:width\" content=\"600\" \/>\n\t<meta property=\"og:image:height\" content=\"400\" \/>\n\t<meta property=\"og:image:type\" content=\"image\/png\" \/>\n<meta name=\"twitter:card\" content=\"summary_large_image\" \/>\n<meta name=\"twitter:label1\" content=\"Dur\u00e9e de lecture estim\u00e9e\" \/>\n\t<meta name=\"twitter:data1\" content=\"3 minutes\" \/>\n<script type=\"application\/ld+json\" class=\"yoast-schema-graph\">{\"@context\":\"https:\/\/schema.org\",\"@graph\":[{\"@type\":\"WebPage\",\"@id\":\"https:\/\/chemgramx.com\/product\/d-tertylon\/\",\"url\":\"https:\/\/chemgramx.com\/product\/d-tertylon\/\",\"name\":\"D-Tertylon online kaufen \u2013 D-Tertylon zu verkaufen | Chemgramx\",\"isPartOf\":{\"@id\":\"https:\/\/chemgramx.com\/#website\"},\"primaryImageOfPage\":{\"@id\":\"https:\/\/chemgramx.com\/product\/d-tertylon\/#primaryimage\"},\"image\":{\"@id\":\"https:\/\/chemgramx.com\/product\/d-tertylon\/#primaryimage\"},\"thumbnailUrl\":\"https:\/\/chemgramx.com\/wp-content\/uploads\/2024\/12\/dtertiloyn.png\",\"datePublished\":\"2024-12-09T05:04:37+00:00\",\"dateModified\":\"2025-10-16T06:33:06+00:00\",\"description\":\"D-Tertylon zu verkaufen ist jetzt ganz einfach in unserem Chemgramx-Onlineshop erh\u00e4ltlich. Sie k\u00f6nnen sich direkt mit unserem Chemgramx-Shop verbinden und D-Tertylon online zu den besten Preisen kaufen.\",\"breadcrumb\":{\"@id\":\"https:\/\/chemgramx.com\/product\/d-tertylon\/#breadcrumb\"},\"inLanguage\":\"fr-FR\",\"potentialAction\":[{\"@type\":\"ReadAction\",\"target\":[\"https:\/\/chemgramx.com\/product\/d-tertylon\/\"]}]},{\"@type\":\"ImageObject\",\"inLanguage\":\"fr-FR\",\"@id\":\"https:\/\/chemgramx.com\/product\/d-tertylon\/#primaryimage\",\"url\":\"https:\/\/chemgramx.com\/wp-content\/uploads\/2024\/12\/dtertiloyn.png\",\"contentUrl\":\"https:\/\/chemgramx.com\/wp-content\/uploads\/2024\/12\/dtertiloyn.png\",\"width\":600,\"height\":400,\"caption\":\"D-Tertylon online kaufen\"},{\"@type\":\"BreadcrumbList\",\"@id\":\"https:\/\/chemgramx.com\/product\/d-tertylon\/#breadcrumb\",\"itemListElement\":[{\"@type\":\"ListItem\",\"position\":1,\"name\":\"Home\",\"item\":\"https:\/\/chemgramx.com\/\"},{\"@type\":\"ListItem\",\"position\":2,\"name\":\"Shop\",\"item\":\"https:\/\/chemgramx.com\/shop\/\"},{\"@type\":\"ListItem\",\"position\":3,\"name\":\"D-Tertylone online kaufen\"}]},{\"@type\":\"WebSite\",\"@id\":\"https:\/\/chemgramx.com\/#website\",\"url\":\"https:\/\/chemgramx.com\/\",\"name\":\"Chemgramx\",\"description\":\"\",\"publisher\":{\"@id\":\"https:\/\/chemgramx.com\/#organization\"},\"potentialAction\":[{\"@type\":\"SearchAction\",\"target\":{\"@type\":\"EntryPoint\",\"urlTemplate\":\"https:\/\/chemgramx.com\/?s={search_term_string}\"},\"query-input\":{\"@type\":\"PropertyValueSpecification\",\"valueRequired\":true,\"valueName\":\"search_term_string\"}}],\"inLanguage\":\"fr-FR\"},{\"@type\":\"Organization\",\"@id\":\"https:\/\/chemgramx.com\/#organization\",\"name\":\"Chemgramx\",\"url\":\"https:\/\/chemgramx.com\/\",\"logo\":{\"@type\":\"ImageObject\",\"inLanguage\":\"fr-FR\",\"@id\":\"https:\/\/chemgramx.com\/#\/schema\/logo\/image\/\",\"url\":\"https:\/\/chemgramx.com\/wp-content\/uploads\/2024\/10\/final-logo.png\",\"contentUrl\":\"https:\/\/chemgramx.com\/wp-content\/uploads\/2024\/10\/final-logo.png\",\"width\":250,\"height\":48,\"caption\":\"Chemgramx\"},\"image\":{\"@id\":\"https:\/\/chemgramx.com\/#\/schema\/logo\/image\/\"}}]}<\/script>\n<!-- \/ Yoast SEO plugin. -->","yoast_head_json":{"title":"D-Tertylon online kaufen \u2013 D-Tertylon zu verkaufen | Chemgramx","description":"D-Tertylon zu verkaufen ist jetzt ganz einfach in unserem Chemgramx-Onlineshop erh\u00e4ltlich. Sie k\u00f6nnen sich direkt mit unserem Chemgramx-Shop verbinden und D-Tertylon online zu den besten Preisen kaufen.","robots":{"index":"index","follow":"follow","max-snippet":"max-snippet:-1","max-image-preview":"max-image-preview:large","max-video-preview":"max-video-preview:-1"},"canonical":"https:\/\/chemgramx.com\/fr\/produit\/d-tertylon\/","og_locale":"fr_FR","og_type":"article","og_title":"D-Tertylon online kaufen \u2013 D-Tertylon zu verkaufen | Chemgramx","og_description":"D-Tertylon zu verkaufen ist jetzt ganz einfach in unserem Chemgramx-Onlineshop erh\u00e4ltlich. Sie k\u00f6nnen sich direkt mit unserem Chemgramx-Shop verbinden und D-Tertylon online zu den besten Preisen kaufen.","og_url":"https:\/\/chemgramx.com\/fr\/produit\/d-tertylon\/","og_site_name":"Chemgramx","article_modified_time":"2025-10-16T06:33:06+00:00","og_image":[{"width":600,"height":400,"url":"https:\/\/chemgramx.com\/wp-content\/uploads\/2024\/12\/dtertiloyn.png","type":"image\/png"}],"twitter_card":"summary_large_image","twitter_misc":{"Dur\u00e9e de lecture estim\u00e9e":"3 minutes"},"schema":{"@context":"https:\/\/schema.org","@graph":[{"@type":"WebPage","@id":"https:\/\/chemgramx.com\/product\/d-tertylon\/","url":"https:\/\/chemgramx.com\/product\/d-tertylon\/","name":"D-Tertylon online kaufen \u2013 D-Tertylon zu verkaufen | Chemgramx","isPartOf":{"@id":"https:\/\/chemgramx.com\/#website"},"primaryImageOfPage":{"@id":"https:\/\/chemgramx.com\/product\/d-tertylon\/#primaryimage"},"image":{"@id":"https:\/\/chemgramx.com\/product\/d-tertylon\/#primaryimage"},"thumbnailUrl":"https:\/\/chemgramx.com\/wp-content\/uploads\/2024\/12\/dtertiloyn.png","datePublished":"2024-12-09T05:04:37+00:00","dateModified":"2025-10-16T06:33:06+00:00","description":"D-Tertylon zu verkaufen ist jetzt ganz einfach in unserem Chemgramx-Onlineshop erh\u00e4ltlich. Sie k\u00f6nnen sich direkt mit unserem Chemgramx-Shop verbinden und D-Tertylon online zu den besten Preisen kaufen.","breadcrumb":{"@id":"https:\/\/chemgramx.com\/product\/d-tertylon\/#breadcrumb"},"inLanguage":"fr-FR","potentialAction":[{"@type":"ReadAction","target":["https:\/\/chemgramx.com\/product\/d-tertylon\/"]}]},{"@type":"ImageObject","inLanguage":"fr-FR","@id":"https:\/\/chemgramx.com\/product\/d-tertylon\/#primaryimage","url":"https:\/\/chemgramx.com\/wp-content\/uploads\/2024\/12\/dtertiloyn.png","contentUrl":"https:\/\/chemgramx.com\/wp-content\/uploads\/2024\/12\/dtertiloyn.png","width":600,"height":400,"caption":"D-Tertylon online kaufen"},{"@type":"BreadcrumbList","@id":"https:\/\/chemgramx.com\/product\/d-tertylon\/#breadcrumb","itemListElement":[{"@type":"ListItem","position":1,"name":"Home","item":"https:\/\/chemgramx.com\/"},{"@type":"ListItem","position":2,"name":"Shop","item":"https:\/\/chemgramx.com\/shop\/"},{"@type":"ListItem","position":3,"name":"D-Tertylone online kaufen"}]},{"@type":"WebSite","@id":"https:\/\/chemgramx.com\/#website","url":"https:\/\/chemgramx.com\/","name":"Chemgramx","description":"","publisher":{"@id":"https:\/\/chemgramx.com\/#organization"},"potentialAction":[{"@type":"SearchAction","target":{"@type":"EntryPoint","urlTemplate":"https:\/\/chemgramx.com\/?s={search_term_string}"},"query-input":{"@type":"PropertyValueSpecification","valueRequired":true,"valueName":"search_term_string"}}],"inLanguage":"fr-FR"},{"@type":"Organization","@id":"https:\/\/chemgramx.com\/#organization","name":"Chemgramx","url":"https:\/\/chemgramx.com\/","logo":{"@type":"ImageObject","inLanguage":"fr-FR","@id":"https:\/\/chemgramx.com\/#\/schema\/logo\/image\/","url":"https:\/\/chemgramx.com\/wp-content\/uploads\/2024\/10\/final-logo.png","contentUrl":"https:\/\/chemgramx.com\/wp-content\/uploads\/2024\/10\/final-logo.png","width":250,"height":48,"caption":"Chemgramx"},"image":{"@id":"https:\/\/chemgramx.com\/#\/schema\/logo\/image\/"}}]}},"_links":{"self":[{"href":"https:\/\/chemgramx.com\/fr\/wp-json\/wp\/v2\/product\/1180","targetHints":{"allow":["GET"]}}],"collection":[{"href":"https:\/\/chemgramx.com\/fr\/wp-json\/wp\/v2\/product"}],"about":[{"href":"https:\/\/chemgramx.com\/fr\/wp-json\/wp\/v2\/types\/product"}],"replies":[{"embeddable":true,"href":"https:\/\/chemgramx.com\/fr\/wp-json\/wp\/v2\/comments?post=1180"}],"wp:featuredmedia":[{"embeddable":true,"href":"https:\/\/chemgramx.com\/fr\/wp-json\/wp\/v2\/media\/1181"}],"wp:attachment":[{"href":"https:\/\/chemgramx.com\/fr\/wp-json\/wp\/v2\/media?parent=1180"}],"wp:term":[{"taxonomy":"product_brand","embeddable":true,"href":"https:\/\/chemgramx.com\/fr\/wp-json\/wp\/v2\/product_brand?post=1180"},{"taxonomy":"product_cat","embeddable":true,"href":"https:\/\/chemgramx.com\/fr\/wp-json\/wp\/v2\/product_cat?post=1180"},{"taxonomy":"product_tag","embeddable":true,"href":"https:\/\/chemgramx.com\/fr\/wp-json\/wp\/v2\/product_tag?post=1180"}],"curies":[{"name":"wp","href":"https:\/\/api.w.org\/{rel}","templated":true}]}}