{"id":1186,"date":"2024-12-09T05:17:45","date_gmt":"2024-12-09T05:17:45","guid":{"rendered":"https:\/\/chemgramx.com\/?post_type=product&#038;p=1186"},"modified":"2025-10-18T06:08:37","modified_gmt":"2025-10-18T06:08:37","slug":"md-php","status":"publish","type":"product","link":"https:\/\/chemgramx.com\/fr\/produit\/md-php\/","title":{"rendered":"Acheter MD-PHP en ligne"},"content":{"rendered":"<h2 data-start=\"236\" data-end=\"306\">Acheter MD-PHP (3\u2032,4\u2032-m\u00e9thyl\u00e8nedioxy-\u03b1-pyrrolidinohexioph\u00e9none) en ligne<\/h2>\n<p data-start=\"308\" data-end=\"932\">Le MD-PHP, \u00e9galement connu sous le nom de 3\u2032,4\u2032-m\u00e9thyl\u00e8nedioxy-\u03b1-pyrrolidinohexioph\u00e9none, est une cathinone synth\u00e9tique initialement d\u00e9velopp\u00e9e dans les ann\u00e9es 1960. Appartenant \u00e0 la classe des \u03b1-pyrrolidinohexioph\u00e9nones, il est structurellement proche d'autres stimulants comme le MDPV. Au Royaume-Uni, il est famili\u00e8rement appel\u00e9 \u00ab\u00a0Monkey Dust\u00a0\u00bb. Suite \u00e0 l'interdiction du MDPV dans certains pays, le MD-PHP a \u00e9t\u00e9 utilis\u00e9 comme alternative et est d\u00e9sormais une substance recherch\u00e9e dans la vente en ligne. De nombreuses personnes int\u00e9ress\u00e9es le recherchent sp\u00e9cifiquement pour <a href=\"https:\/\/chemgramx.com\/fr\/produit\/md-php\/\">Acheter MD-PHP en ligne<\/a> oder den besten Anbieter f\u00fcr MD-PHP f\u00fcr\u00a0 zu kaufen finden.<\/p>\n<h3 data-start=\"934\" data-end=\"991\">Pourquoi les gens cherchent-ils \u00e0 acheter du MD-PHP en ligne\u00a0?<\/h3>\n<p data-start=\"993\" data-end=\"1408\">La demande de MD-PHP d\u00e9coule de sa disponibilit\u00e9 comme produit chimique de recherche et de ses effets potentiels comme stimulant. De plus en plus de personnes se demandent\u00a0: <em data-start=\"1161\" data-end=\"1189\">O\u00f9 puis-je acheter MD-PHP ?<\/em> ou <em data-start=\"1195\" data-end=\"1251\">Quel est le meilleur endroit pour acheter du MD-PHP en ligne ?<\/em> Insbesondere Forscher und Chemie-Enthusiasten interessieren sich f\u00fcr echtes oder gef\u00e4lschtes MD-PHP zu verkaufen, da es h\u00e4ufig unterschiedliche Qualit\u00e4tsstufen gibt.<\/p>\n<h3 data-start=\"1410\" data-end=\"1428\">Qu'est-ce que MD-PHP ?<\/h3>\n<p data-start=\"1430\" data-end=\"1819\">MD-PHP ist ein \u03b2-Keto-Cathinon mit der chemischen Formel C17H23NO3. Es wirkt als Monoamin-Wiederaufnahmehemmer, insbesondere f\u00fcr Dopamin, Noradrenalin und Serotonin, was zu erh\u00f6hter Wachsamkeit, Energie und Euphorie f\u00fchrt. F\u00fcr viele Interessenten spielt auch der MD-PHP Preis eine Rolle, wenn sie entscheiden, ob sie MD-PHP online kaufen oder lieber bei einem lokalen Anbieter suchen.<\/p>\n<h3 data-start=\"1821\" data-end=\"1887\">Classification chimique et comparaison avec d'autres stimulants<\/h3>\n<p data-start=\"1889\" data-end=\"2248\">Le MD-PHP appartient \u00e0 la classe des cathinones synth\u00e9tiques et est structurellement apparent\u00e9 au MDPV. Compar\u00e9 au MDPV, le MD-PHP est consid\u00e9r\u00e9 comme plus puissant, avec des effets similaires, mais potentiellement plus intenses. Quiconque souhaite acheter du MD-PHP authentique ou contrefait doit conna\u00eetre les diff\u00e9rences entre les produits originaux et les imitations pour \u00e9viter toute d\u00e9ception.<\/p>\n<h3 data-start=\"2250\" data-end=\"2284\">Effets et avantages du MD-PHP<\/h3>\n<p data-start=\"2286\" data-end=\"2311\"><strong data-start=\"2286\" data-end=\"2309\">Effets psychologiques :<\/strong><\/p>\n<ul data-start=\"2312\" data-end=\"2443\">\n<li data-start=\"2312\" data-end=\"2353\">\n<p data-start=\"2314\" data-end=\"2353\">Vigilance et concentration accrues<\/p>\n<\/li>\n<li data-start=\"2354\" data-end=\"2396\">\n<p data-start=\"2356\" data-end=\"2396\">Euphorie et bien-\u00eatre accru<\/p>\n<\/li>\n<li data-start=\"2397\" data-end=\"2443\">\n<p data-start=\"2399\" data-end=\"2443\">Ouverture sociale et joie de communiquer<\/p>\n<\/li>\n<\/ul>\n<p data-start=\"2445\" data-end=\"2471\"><strong data-start=\"2445\" data-end=\"2469\">Effets physiques :<\/strong><\/p>\n<ul data-start=\"2472\" data-end=\"2571\">\n<li data-start=\"2472\" data-end=\"2512\">\n<p data-start=\"2474\" data-end=\"2512\">Augmentation des niveaux d'\u00e9nergie et d'activit\u00e9<\/p>\n<\/li>\n<li data-start=\"2513\" data-end=\"2532\">\n<p data-start=\"2515\" data-end=\"2532\">Contr\u00f4le de l'app\u00e9tit<\/p>\n<\/li>\n<li data-start=\"2533\" data-end=\"2571\">\n<p data-start=\"2535\" data-end=\"2571\">Augmentation de la fr\u00e9quence cardiaque :<\/p>\n<\/li>\n<\/ul>\n<p data-start=\"2573\" data-end=\"2814\">Berichte zeigen, dass Nutzer von gesteigerter Leistungsf\u00e4higkeit, erh\u00f6hter Wachsamkeit und Euphorie sprechen. Diese Eigenschaften machen es zu einem Produkt, das h\u00e4ufig unter MD-PHP f\u00fcr sale oder MD-PHP g\u00fcnstig online kaufen gesucht wird.<\/p>\n<h3 data-start=\"2816\" data-end=\"2851\">Directives posologiques recommand\u00e9es<\/h3>\n<p data-start=\"2853\" data-end=\"3104\">Le MD-PHP \u00e9tant principalement commercialis\u00e9 comme produit chimique de recherche, il n'existe pas de recommandations posologiques officielles. Les utilisateurs qui commandent du MD-PHP en ligne doivent faire preuve d'une extr\u00eame prudence et commencer par des doses minimales afin de tester les r\u00e9ponses individuelles.<\/p>\n<h3 data-start=\"3106\" data-end=\"3148\">Dur\u00e9e des effets et pr\u00e9cautions de r\u00e9administration<\/h3>\n<p data-start=\"3150\" data-end=\"3343\">Les effets du MD-PHP peuvent durer plusieurs heures. En raison du risque de tol\u00e9rance et d'effets secondaires, il est conseill\u00e9 d'\u00e9viter ou de limiter consid\u00e9rablement la prise de doses suppl\u00e9mentaires.<\/p>\n<h3 data-start=\"3345\" data-end=\"3375\">Pourquoi acheter MD-PHP en ligne ?<\/h3>\n<p data-start=\"3377\" data-end=\"3402\">L'achat en ligne offre :<\/p>\n<ul data-start=\"3403\" data-end=\"3681\">\n<li data-start=\"3403\" data-end=\"3508\">\n<p data-start=\"3405\" data-end=\"3508\">Bequemlichkeit: Zugriff auf verschiedene Anbieter von real oder gef\u00e4lschtes MD-PHP von zu Hause aus.<\/p>\n<\/li>\n<li data-start=\"3509\" data-end=\"3613\">\n<p data-start=\"3511\" data-end=\"3613\">Accessibilit\u00e9 : Possibilit\u00e9 de comparer les prix et de trouver le meilleur prix MD-PHP.<\/p>\n<\/li>\n<li data-start=\"3614\" data-end=\"3681\">\n<p data-start=\"3616\" data-end=\"3681\">Discr\u00e9tion : Achat anonyme sans interactions personnelles.<\/p>\n<\/li>\n<\/ul>\n<p data-start=\"3683\" data-end=\"3890\">F\u00fcr viele K\u00e4ufer ist es wichtig, den besten Platz, um MD-PHP zu kaufen, zu finden. H\u00e4ufig wird gezielt nach dem bester Ort, um MD-PHP zu kaufen oder nach Anbietern gesucht, die MD-PHP f\u00fcr zu verkaufen anbieten.<\/p>\n<h3 data-start=\"3892\" data-end=\"3936\">Est-il l\u00e9gal de commander du MD-PHP en ligne ?<\/h3>\n<p data-start=\"3938\" data-end=\"3982\">La situation juridique varie selon les pays :<\/p>\n<ul data-start=\"3984\" data-end=\"4216\">\n<li data-start=\"3984\" data-end=\"4116\">\n<p data-start=\"3986\" data-end=\"4116\">Allemagne : Le MD-PHP n\u2019est pas explicitement r\u00e9pertori\u00e9 dans l\u2019annexe I de la loi sur les stup\u00e9fiants, mais pourrait \u00eatre soumis \u00e0 la loi sur les m\u00e9dicaments.<\/p>\n<\/li>\n<li data-start=\"4117\" data-end=\"4216\">\n<p data-start=\"4119\" data-end=\"4216\">Inde : MD-PHP n'est pas explicitement mentionn\u00e9 dans la loi NDPS, mais la prudence est de mise.<\/p>\n<\/li>\n<\/ul>\n<p data-start=\"4218\" data-end=\"4312\">Wer Bestellen Sie echtes oder gef\u00e4lschtes MD-PHP m\u00f6chte, sollte die Gesetzeslage in seinem Land genau pr\u00fcfen.<\/p>\n<h3 data-start=\"4314\" data-end=\"4338\">Comment choisir MD-PHP ?<\/h3>\n<ul data-start=\"4340\" data-end=\"4547\">\n<li data-start=\"4340\" data-end=\"4403\">\n<p data-start=\"4342\" data-end=\"4403\">Puret\u00e9 : Attention aux analyses de laboratoire et aux certificats.<\/p>\n<\/li>\n<li data-start=\"4404\" data-end=\"4452\">\n<p data-start=\"4406\" data-end=\"4452\">Emballage : Protection contre la contamination.<\/p>\n<\/li>\n<li data-start=\"4453\" data-end=\"4547\">\n<p data-start=\"4455\" data-end=\"4547\">Rapport qualit\u00e9\/prix : Comparez le prix du MD-PHP par gramme ou par dose.<\/p>\n<\/li>\n<\/ul>\n<h3 data-start=\"4549\" data-end=\"4590\">Meilleurs endroits pour acheter du MD-PHP en ligne<\/h3>\n<ul data-start=\"4592\" data-end=\"4918\">\n<li data-start=\"4592\" data-end=\"4707\">\n<p data-start=\"4594\" data-end=\"4707\">Spezialisierte Chemikalienh\u00e4ndler: H\u00e4ufig die beste Wahl, wenn man real oder gef\u00e4lschtes MD-PHP kaufen m\u00f6chte.<\/p>\n<\/li>\n<li data-start=\"4708\" data-end=\"4828\">\n<p data-start=\"4710\" data-end=\"4828\">Online-Marktpl\u00e4tze: Hier findet man oft Angebote wie MD-PHP g\u00fcnstig online kaufen, allerdings mit h\u00f6herem Risiko.<\/p>\n<\/li>\n<li data-start=\"4829\" data-end=\"4918\">\n<p data-start=\"4831\" data-end=\"4918\">Direkt von Herstellern: Erm\u00f6glicht oft g\u00fcnstigere Preise bei MD-PHP f\u00fcr zu vekaufen.<\/p>\n<\/li>\n<\/ul>\n<h2 data-start=\"4920\" data-end=\"4928\">Conclusion<\/h2>\n<p data-start=\"4930\" data-end=\"5299\">MD-PHP ist ein leistungsstarkes Stimulans mit potenziellen Vorteilen, aber auch erheblichen Risiken. Wer MD-PHP online kaufen oder MD-PHP buy online m\u00f6chte, sollte die Reinheit und Legalit\u00e4t sorgf\u00e4ltig pr\u00fcfen. Der Markt bietet viele Optionen, vom bester Ort, um MD-PHP zu kaufen bis zu Angeboten wie Kaufen Sie echtes oder gef\u00e4lschtes MD-PHP online, jedoch ist Vorsicht geboten.<\/p>\n<h3 data-start=\"5301\" data-end=\"5358\">Conseils pour un achat s\u00fbr et satisfaisant<\/h3>\n<ul data-start=\"5360\" data-end=\"5587\">\n<li data-start=\"5360\" data-end=\"5429\">\n<p data-start=\"5362\" data-end=\"5429\">Faites vos recherches en profondeur : v\u00e9rifiez les fournisseurs et les avis.<\/p>\n<\/li>\n<li data-start=\"5430\" data-end=\"5470\">\n<p data-start=\"5432\" data-end=\"5470\">Faites attention aux certificats de puret\u00e9.<\/p>\n<\/li>\n<li data-start=\"5471\" data-end=\"5533\">\n<p data-start=\"5473\" data-end=\"5533\">Comparez le prix MD-PHP avant de commander.<\/p>\n<\/li>\n<li data-start=\"5534\" data-end=\"5587\">\n<p data-start=\"5536\" data-end=\"5587\">\u00c9vitez de redoser pour minimiser les risques.<\/p>\n<\/li>\n<\/ul>","protected":false},"excerpt":{"rendered":"<p><strong>MD-PHP<\/strong> est un produit chimique de recherche de haute qualit\u00e9, id\u00e9al pour les \u00e9tudes chimiques et pharmacologiques avanc\u00e9es. Con\u00e7u pour des analyses pr\u00e9cises et des r\u00e9sultats reproductibles.<\/p>","protected":false},"featured_media":1187,"comment_status":"open","ping_status":"closed","template":"","meta":{"_joinchat":[]},"product_brand":[],"product_cat":[49],"product_tag":[188,1814,1911,1917,1912,1915,1916,1914,1913,248],"class_list":{"0":"post-1186","1":"product","2":"type-product","3":"status-publish","4":"has-post-thumbnail","6":"product_cat-cathinones","7":"product_tag-forschungschemikalien","8":"product_tag-forschungsstoffe-kaufen","9":"product_tag-md-php","10":"product_tag-md-php-chemikalien","11":"product_tag-md-php-kaufen","12":"product_tag-md-php-kristalle","13":"product_tag-md-php-online","14":"product_tag-md-php-pulver","15":"product_tag-md-php-zum-verkauf","16":"product_tag-synthetische-stimulanzien","18":"first","19":"instock","20":"shipping-taxable","21":"purchasable","22":"product-type-variable"},"yoast_head":"<!-- This site is optimized with the Yoast SEO plugin v26.1.1 - https:\/\/yoast.com\/wordpress\/plugins\/seo\/ -->\n<title>MD-PHP kaufen | Hochreine Forschungssubstanz online bestellen<\/title>\n<meta name=\"description\" content=\"Erwerben Sie MD-PHP, eine hochwertige Substanz f\u00fcr chemische und pharmakologische Forschung. Perfekt f\u00fcr pr\u00e4zise Analysen in professionellen Laboren.\" \/>\n<meta name=\"robots\" content=\"index, follow, max-snippet:-1, max-image-preview:large, max-video-preview:-1\" \/>\n<link rel=\"canonical\" href=\"https:\/\/chemgramx.com\/fr\/produit\/md-php\/\" \/>\n<meta property=\"og:locale\" content=\"fr_FR\" \/>\n<meta property=\"og:type\" content=\"article\" \/>\n<meta property=\"og:title\" content=\"MD-PHP kaufen | Hochreine Forschungssubstanz online bestellen\" \/>\n<meta property=\"og:description\" content=\"Erwerben Sie MD-PHP, eine hochwertige Substanz f\u00fcr chemische und pharmakologische Forschung. Perfekt f\u00fcr pr\u00e4zise Analysen in professionellen Laboren.\" \/>\n<meta property=\"og:url\" content=\"https:\/\/chemgramx.com\/fr\/produit\/md-php\/\" \/>\n<meta property=\"og:site_name\" content=\"Chemgramx\" \/>\n<meta property=\"article:modified_time\" content=\"2025-10-18T06:08:37+00:00\" \/>\n<meta property=\"og:image\" content=\"https:\/\/chemgramx.com\/wp-content\/uploads\/2024\/12\/mdphp.png\" \/>\n\t<meta property=\"og:image:width\" content=\"600\" \/>\n\t<meta property=\"og:image:height\" content=\"400\" \/>\n\t<meta property=\"og:image:type\" content=\"image\/png\" \/>\n<meta name=\"twitter:card\" content=\"summary_large_image\" \/>\n<meta name=\"twitter:label1\" content=\"Dur\u00e9e de lecture estim\u00e9e\" \/>\n\t<meta name=\"twitter:data1\" content=\"4 minutes\" \/>\n<script type=\"application\/ld+json\" class=\"yoast-schema-graph\">{\"@context\":\"https:\/\/schema.org\",\"@graph\":[{\"@type\":\"WebPage\",\"@id\":\"https:\/\/chemgramx.com\/product\/md-php\/\",\"url\":\"https:\/\/chemgramx.com\/product\/md-php\/\",\"name\":\"MD-PHP kaufen | Hochreine Forschungssubstanz online bestellen\",\"isPartOf\":{\"@id\":\"https:\/\/chemgramx.com\/#website\"},\"primaryImageOfPage\":{\"@id\":\"https:\/\/chemgramx.com\/product\/md-php\/#primaryimage\"},\"image\":{\"@id\":\"https:\/\/chemgramx.com\/product\/md-php\/#primaryimage\"},\"thumbnailUrl\":\"https:\/\/chemgramx.com\/wp-content\/uploads\/2024\/12\/mdphp.png\",\"datePublished\":\"2024-12-09T05:17:45+00:00\",\"dateModified\":\"2025-10-18T06:08:37+00:00\",\"description\":\"Erwerben Sie MD-PHP, eine hochwertige Substanz f\u00fcr chemische und pharmakologische Forschung. Perfekt f\u00fcr pr\u00e4zise Analysen in professionellen Laboren.\",\"breadcrumb\":{\"@id\":\"https:\/\/chemgramx.com\/product\/md-php\/#breadcrumb\"},\"inLanguage\":\"fr-FR\",\"potentialAction\":[{\"@type\":\"ReadAction\",\"target\":[\"https:\/\/chemgramx.com\/product\/md-php\/\"]}]},{\"@type\":\"ImageObject\",\"inLanguage\":\"fr-FR\",\"@id\":\"https:\/\/chemgramx.com\/product\/md-php\/#primaryimage\",\"url\":\"https:\/\/chemgramx.com\/wp-content\/uploads\/2024\/12\/mdphp.png\",\"contentUrl\":\"https:\/\/chemgramx.com\/wp-content\/uploads\/2024\/12\/mdphp.png\",\"width\":600,\"height\":400,\"caption\":\"MD-PHP\"},{\"@type\":\"BreadcrumbList\",\"@id\":\"https:\/\/chemgramx.com\/product\/md-php\/#breadcrumb\",\"itemListElement\":[{\"@type\":\"ListItem\",\"position\":1,\"name\":\"Home\",\"item\":\"https:\/\/chemgramx.com\/\"},{\"@type\":\"ListItem\",\"position\":2,\"name\":\"Shop\",\"item\":\"https:\/\/chemgramx.com\/shop\/\"},{\"@type\":\"ListItem\",\"position\":3,\"name\":\"MD-PHP online kaufen\"}]},{\"@type\":\"WebSite\",\"@id\":\"https:\/\/chemgramx.com\/#website\",\"url\":\"https:\/\/chemgramx.com\/\",\"name\":\"Chemgramx\",\"description\":\"\",\"publisher\":{\"@id\":\"https:\/\/chemgramx.com\/#organization\"},\"potentialAction\":[{\"@type\":\"SearchAction\",\"target\":{\"@type\":\"EntryPoint\",\"urlTemplate\":\"https:\/\/chemgramx.com\/?s={search_term_string}\"},\"query-input\":{\"@type\":\"PropertyValueSpecification\",\"valueRequired\":true,\"valueName\":\"search_term_string\"}}],\"inLanguage\":\"fr-FR\"},{\"@type\":\"Organization\",\"@id\":\"https:\/\/chemgramx.com\/#organization\",\"name\":\"Chemgramx\",\"url\":\"https:\/\/chemgramx.com\/\",\"logo\":{\"@type\":\"ImageObject\",\"inLanguage\":\"fr-FR\",\"@id\":\"https:\/\/chemgramx.com\/#\/schema\/logo\/image\/\",\"url\":\"https:\/\/chemgramx.com\/wp-content\/uploads\/2024\/10\/final-logo.png\",\"contentUrl\":\"https:\/\/chemgramx.com\/wp-content\/uploads\/2024\/10\/final-logo.png\",\"width\":250,\"height\":48,\"caption\":\"Chemgramx\"},\"image\":{\"@id\":\"https:\/\/chemgramx.com\/#\/schema\/logo\/image\/\"}}]}<\/script>\n<!-- \/ Yoast SEO plugin. -->","yoast_head_json":{"title":"MD-PHP kaufen | Hochreine Forschungssubstanz online bestellen","description":"Erwerben Sie MD-PHP, eine hochwertige Substanz f\u00fcr chemische und pharmakologische Forschung. Perfekt f\u00fcr pr\u00e4zise Analysen in professionellen Laboren.","robots":{"index":"index","follow":"follow","max-snippet":"max-snippet:-1","max-image-preview":"max-image-preview:large","max-video-preview":"max-video-preview:-1"},"canonical":"https:\/\/chemgramx.com\/fr\/produit\/md-php\/","og_locale":"fr_FR","og_type":"article","og_title":"MD-PHP kaufen | Hochreine Forschungssubstanz online bestellen","og_description":"Erwerben Sie MD-PHP, eine hochwertige Substanz f\u00fcr chemische und pharmakologische Forschung. Perfekt f\u00fcr pr\u00e4zise Analysen in professionellen Laboren.","og_url":"https:\/\/chemgramx.com\/fr\/produit\/md-php\/","og_site_name":"Chemgramx","article_modified_time":"2025-10-18T06:08:37+00:00","og_image":[{"width":600,"height":400,"url":"https:\/\/chemgramx.com\/wp-content\/uploads\/2024\/12\/mdphp.png","type":"image\/png"}],"twitter_card":"summary_large_image","twitter_misc":{"Dur\u00e9e de lecture estim\u00e9e":"4 minutes"},"schema":{"@context":"https:\/\/schema.org","@graph":[{"@type":"WebPage","@id":"https:\/\/chemgramx.com\/product\/md-php\/","url":"https:\/\/chemgramx.com\/product\/md-php\/","name":"MD-PHP kaufen | Hochreine Forschungssubstanz online bestellen","isPartOf":{"@id":"https:\/\/chemgramx.com\/#website"},"primaryImageOfPage":{"@id":"https:\/\/chemgramx.com\/product\/md-php\/#primaryimage"},"image":{"@id":"https:\/\/chemgramx.com\/product\/md-php\/#primaryimage"},"thumbnailUrl":"https:\/\/chemgramx.com\/wp-content\/uploads\/2024\/12\/mdphp.png","datePublished":"2024-12-09T05:17:45+00:00","dateModified":"2025-10-18T06:08:37+00:00","description":"Erwerben Sie MD-PHP, eine hochwertige Substanz f\u00fcr chemische und pharmakologische Forschung. Perfekt f\u00fcr pr\u00e4zise Analysen in professionellen Laboren.","breadcrumb":{"@id":"https:\/\/chemgramx.com\/product\/md-php\/#breadcrumb"},"inLanguage":"fr-FR","potentialAction":[{"@type":"ReadAction","target":["https:\/\/chemgramx.com\/product\/md-php\/"]}]},{"@type":"ImageObject","inLanguage":"fr-FR","@id":"https:\/\/chemgramx.com\/product\/md-php\/#primaryimage","url":"https:\/\/chemgramx.com\/wp-content\/uploads\/2024\/12\/mdphp.png","contentUrl":"https:\/\/chemgramx.com\/wp-content\/uploads\/2024\/12\/mdphp.png","width":600,"height":400,"caption":"MD-PHP"},{"@type":"BreadcrumbList","@id":"https:\/\/chemgramx.com\/product\/md-php\/#breadcrumb","itemListElement":[{"@type":"ListItem","position":1,"name":"Home","item":"https:\/\/chemgramx.com\/"},{"@type":"ListItem","position":2,"name":"Shop","item":"https:\/\/chemgramx.com\/shop\/"},{"@type":"ListItem","position":3,"name":"MD-PHP online kaufen"}]},{"@type":"WebSite","@id":"https:\/\/chemgramx.com\/#website","url":"https:\/\/chemgramx.com\/","name":"Chemgramx","description":"","publisher":{"@id":"https:\/\/chemgramx.com\/#organization"},"potentialAction":[{"@type":"SearchAction","target":{"@type":"EntryPoint","urlTemplate":"https:\/\/chemgramx.com\/?s={search_term_string}"},"query-input":{"@type":"PropertyValueSpecification","valueRequired":true,"valueName":"search_term_string"}}],"inLanguage":"fr-FR"},{"@type":"Organization","@id":"https:\/\/chemgramx.com\/#organization","name":"Chemgramx","url":"https:\/\/chemgramx.com\/","logo":{"@type":"ImageObject","inLanguage":"fr-FR","@id":"https:\/\/chemgramx.com\/#\/schema\/logo\/image\/","url":"https:\/\/chemgramx.com\/wp-content\/uploads\/2024\/10\/final-logo.png","contentUrl":"https:\/\/chemgramx.com\/wp-content\/uploads\/2024\/10\/final-logo.png","width":250,"height":48,"caption":"Chemgramx"},"image":{"@id":"https:\/\/chemgramx.com\/#\/schema\/logo\/image\/"}}]}},"_links":{"self":[{"href":"https:\/\/chemgramx.com\/fr\/wp-json\/wp\/v2\/product\/1186","targetHints":{"allow":["GET"]}}],"collection":[{"href":"https:\/\/chemgramx.com\/fr\/wp-json\/wp\/v2\/product"}],"about":[{"href":"https:\/\/chemgramx.com\/fr\/wp-json\/wp\/v2\/types\/product"}],"replies":[{"embeddable":true,"href":"https:\/\/chemgramx.com\/fr\/wp-json\/wp\/v2\/comments?post=1186"}],"wp:featuredmedia":[{"embeddable":true,"href":"https:\/\/chemgramx.com\/fr\/wp-json\/wp\/v2\/media\/1187"}],"wp:attachment":[{"href":"https:\/\/chemgramx.com\/fr\/wp-json\/wp\/v2\/media?parent=1186"}],"wp:term":[{"taxonomy":"product_brand","embeddable":true,"href":"https:\/\/chemgramx.com\/fr\/wp-json\/wp\/v2\/product_brand?post=1186"},{"taxonomy":"product_cat","embeddable":true,"href":"https:\/\/chemgramx.com\/fr\/wp-json\/wp\/v2\/product_cat?post=1186"},{"taxonomy":"product_tag","embeddable":true,"href":"https:\/\/chemgramx.com\/fr\/wp-json\/wp\/v2\/product_tag?post=1186"}],"curies":[{"name":"wp","href":"https:\/\/api.w.org\/{rel}","templated":true}]}}