{"id":2867,"date":"2025-10-16T22:19:36","date_gmt":"2025-10-16T22:19:36","guid":{"rendered":"https:\/\/chemgramx.com\/product\/buy-ketaset-ketamine-online-high-quality-ketaset-100-mg-10-ml-for-sale-online-medibo-psychedelics\/"},"modified":"2025-10-17T11:20:16","modified_gmt":"2025-10-17T11:20:16","slug":"ketaset-ketamine-kaufen","status":"publish","type":"product","link":"https:\/\/chemgramx.com\/fr\/produit\/ketaset-ketamine-kaufen\/","title":{"rendered":"Ketaset Ketamine Kaufen"},"content":{"rendered":"<h2 data-start=\"405\" data-end=\"475\">Ketaset Ketamin online kaufen von einer vertrauensw\u00fcrdigen Quelle<\/h2>\n<p data-start=\"477\" data-end=\"834\">Ketaset Ketamin (Ketaminhydrochlorid) ist ein bew\u00e4hrtes An\u00e4sthetikum, das seit Jahren in der medizinischen, veterin\u00e4ren und wissenschaftlichen Forschung eingesetzt wird. Viele Fachleute und Forscher entscheiden sich daf\u00fcr, <strong data-start=\"700\" data-end=\"736\">Ketaset Ketamin online zu kaufen<\/strong>, da es online einfacher zug\u00e4nglich ist und in unterschiedlichen Reinheitsstufen erh\u00e4ltlich ist.<\/p>\n<p data-start=\"836\" data-end=\"1057\">Beim Online-Kauf sollte man immer auf <strong data-start=\"874\" data-end=\"914\">Qualit\u00e4t, Transparenz und Seriosit\u00e4t<\/strong> achten. Nur so l\u00e4sst sich sicherstellen, dass das Produkt den wissenschaftlichen Anforderungen entspricht und frei von Verunreinigungen ist.<\/p>\n<h2 data-start=\"1064\" data-end=\"1093\">Was ist Ketaset Ketamin?<\/h2>\n<p data-start=\"1095\" data-end=\"1382\">Ketaset Ketamin ist eine <strong data-start=\"1120\" data-end=\"1150\">Ketaminhydrochlorid-Formel<\/strong>, die vor allem f\u00fcr An\u00e4sthesie, Sedierung und Schmerzforschung verwendet wird. Sie geh\u00f6rt zur Gruppe der Dissoziativa, die auf das zentrale Nervensystem wirken und ein Gef\u00fchl von Trennung zwischen K\u00f6rper und Geist erzeugen k\u00f6nnen.<\/p>\n<h2 data-start=\"1389\" data-end=\"1419\">Composition chimique<\/h2>\n<p data-start=\"1421\" data-end=\"1612\">Die chemische Formel von Ketaminhydrochlorid lautet <strong data-start=\"1473\" data-end=\"1487\">C13H16ClNO<\/strong>. Seine molekulare Struktur macht es zu einem vielseitig einsetzbaren Stoff, der in der Forschung besonders gesch\u00e4tzt wird.<\/p>\n<h2 data-start=\"1619\" data-end=\"1649\">Utilisations courantes<\/h2>\n<ul data-start=\"1651\" data-end=\"1832\">\n<li data-start=\"1651\" data-end=\"1698\">\n<p data-start=\"1653\" data-end=\"1698\">Veterin\u00e4rmedizinische Sedierung und Narkose<\/p>\n<\/li>\n<li data-start=\"1699\" data-end=\"1752\">\n<p data-start=\"1701\" data-end=\"1752\">Forschung zu neuronalen und psychotropen Effekten<\/p>\n<\/li>\n<li data-start=\"1753\" data-end=\"1790\">\n<p data-start=\"1755\" data-end=\"1790\">Pharmakologische Studien im Labor<\/p>\n<\/li>\n<li data-start=\"1791\" data-end=\"1832\">\n<p data-start=\"1793\" data-end=\"1832\">Untersuchung der NMDA-Rezeptorwirkung<\/p>\n<\/li>\n<\/ul>\n<p data-start=\"1834\" data-end=\"1970\">Diese vielf\u00e4ltigen Einsatzm\u00f6glichkeiten machen <strong data-start=\"1881\" data-end=\"1900\">Ketaset Ketamin<\/strong> zu einem wichtigen Bestandteil moderner wissenschaftlicher Studien.<\/p>\n<h2 data-start=\"1977\" data-end=\"2000\">Statut juridique<\/h2>\n<p data-start=\"2002\" data-end=\"2332\">Le statut juridique de <strong data-start=\"2028\" data-end=\"2047\">Ketaset Ketamin<\/strong> variiert je nach Land. In Deutschland und den meisten EU-Staaten unterliegt Ketamin den Arzneimittel<a href=\"http:\/\/x.com\">&#8211;<\/a> oder Bet\u00e4ubungsmittelgesetzen. Wer <strong data-start=\"2185\" data-end=\"2218\">Ketaset Ketamin online kaufen<\/strong> m\u00f6chte, sollte sich \u00fcber die aktuelle Gesetzeslage in seinem Land informieren, bevor er eine Bestellung t\u00e4tigt.<\/p>\n<h2 data-start=\"2339\" data-end=\"2380\">Warum Ketaset Ketamin online kaufen?<\/h2>\n<p data-start=\"2382\" data-end=\"2586\">Der Online-Kauf bietet Forschern und Tier\u00e4rzten <strong data-start=\"2430\" data-end=\"2461\">Flexibilit\u00e4t und Diskretion<\/strong>. Renommierte Anbieter bieten gepr\u00fcfte Qualit\u00e4t, verschiedene Mengenoptionen und eine schnelle Lieferung innerhalb Europas.<\/p>\n<p data-start=\"2588\" data-end=\"2599\">Avantages :<\/p>\n<ul data-start=\"2600\" data-end=\"2771\">\n<li data-start=\"2600\" data-end=\"2642\">\n<p data-start=\"2602\" data-end=\"2642\">Einfache und sichere Online-<a href=\"https:\/\/chemgramx.com\/fr\/produit\/md-php\/\">Bestellung<\/a><\/p>\n<\/li>\n<li data-start=\"2643\" data-end=\"2675\">\n<p data-start=\"2645\" data-end=\"2675\">Transparente Preisgestaltung<\/p>\n<\/li>\n<li data-start=\"2676\" data-end=\"2735\">\n<p data-start=\"2678\" data-end=\"2735\">Nachweisbare Reinheit mit CoA (Certificate of Analysis)<\/p>\n<\/li>\n<li data-start=\"2736\" data-end=\"2771\">\n<p data-start=\"2738\" data-end=\"2771\">Livraison rapide et discr\u00e8te<\/p>\n<\/li>\n<\/ul>\n<h2 data-start=\"2778\" data-end=\"2825\">Wie w\u00e4hlt man einen seri\u00f6sen Anbieter aus?<\/h2>\n<p data-start=\"2827\" data-end=\"2904\">Si vous <strong data-start=\"2836\" data-end=\"2869\">Ketaset Ketamin online kaufen<\/strong>, achten Sie auf folgende Punkte:<\/p>\n<ul data-start=\"2905\" data-end=\"3080\">\n<li data-start=\"2905\" data-end=\"2937\">\n<p data-start=\"2907\" data-end=\"2937\">Echtes Laborzertifikat (CoA)<\/p>\n<\/li>\n<li data-start=\"2938\" data-end=\"2983\">\n<p data-start=\"2940\" data-end=\"2983\">Klare Anbieterinformationen und Impressum<\/p>\n<\/li>\n<li data-start=\"2984\" data-end=\"3024\">\n<p data-start=\"2986\" data-end=\"3024\">Keine unrealistisch niedrigen Preise<\/p>\n<\/li>\n<li data-start=\"3025\" data-end=\"3080\">\n<p data-start=\"3027\" data-end=\"3080\">Positive Bewertungen aus der Forschungsgemeinschaft<\/p>\n<\/li>\n<\/ul>\n<p data-start=\"3082\" data-end=\"3170\">Diese Kriterien helfen dabei, <strong data-start=\"3112\" data-end=\"3140\">Vertrauen und Sicherheit<\/strong> beim Kauf zu gew\u00e4hrleisten.<\/p>\n<p data-start=\"3189\" data-end=\"3482\"><strong data-start=\"3189\" data-end=\"3208\">Ketaset Ketamin<\/strong> ist ein vielseitig nutzbares und bew\u00e4hrtes Produkt f\u00fcr wissenschaftliche und veterin\u00e4rmedizinische Zwecke. Wer <strong data-start=\"3320\" data-end=\"3353\">Ketaset Ketamin online kaufen<\/strong> m\u00f6chte, sollte ausschlie\u00dflich auf seri\u00f6se, gepr\u00fcfte Quellen setzen, die Qualit\u00e4t, Transparenz und Zuverl\u00e4ssigkeit garantieren.<\/p>\n<p data-start=\"3484\" data-end=\"3687\">Ein verantwortungsvoller Kauf bedeutet, auf gepr\u00fcfte Anbieter zu vertrauen und die gesetzlichen Rahmenbedingungen einzuhalten \u2013 so erhalten Sie <strong data-start=\"3628\" data-end=\"3684\">die beste Qualit\u00e4t und ein sicheres Einkaufserlebnis<\/strong>.<\/p>","protected":false},"excerpt":{"rendered":"<p data-start=\"3735\" data-end=\"3886\">Ketaset Ketamin online kaufen in gepr\u00fcfter Qualit\u00e4t f\u00fcr Forschung und Tiermedizin. Diskreter Versand, transparente Preise und zertifizierte Reinheit.<\/p>","protected":false},"featured_media":2866,"comment_status":"open","ping_status":"closed","template":"","meta":{"_joinchat":[]},"product_brand":[],"product_cat":[59],"product_tag":[],"class_list":{"0":"post-2867","1":"product","2":"type-product","3":"status-publish","4":"has-post-thumbnail","6":"product_cat-ketamine","8":"first","9":"instock","10":"shipping-taxable","11":"purchasable","12":"product-type-simple"},"yoast_head":"<!-- This site is optimized with the Yoast SEO plugin v26.1.1 - https:\/\/yoast.com\/wordpress\/plugins\/seo\/ -->\n<title>Ketaset Ketamin online kaufen | Sichere Quelle Deutschland<\/title>\n<meta name=\"description\" content=\"Ketaset Ketamin kaufen in Deutschland. Laborgepr\u00fcfte Qualit\u00e4t, diskreter Versand und faire Preise. Jetzt seri\u00f6s online bestellen.\" \/>\n<meta name=\"robots\" content=\"index, follow, max-snippet:-1, max-image-preview:large, max-video-preview:-1\" \/>\n<link rel=\"canonical\" href=\"https:\/\/chemgramx.com\/fr\/produit\/ketaset-ketamine-kaufen\/\" \/>\n<meta property=\"og:locale\" content=\"fr_FR\" \/>\n<meta property=\"og:type\" content=\"article\" \/>\n<meta property=\"og:title\" content=\"Ketaset Ketamin online kaufen | Sichere Quelle Deutschland\" \/>\n<meta property=\"og:description\" content=\"Ketaset Ketamin kaufen in Deutschland. Laborgepr\u00fcfte Qualit\u00e4t, diskreter Versand und faire Preise. Jetzt seri\u00f6s online bestellen.\" \/>\n<meta property=\"og:url\" content=\"https:\/\/chemgramx.com\/fr\/produit\/ketaset-ketamine-kaufen\/\" \/>\n<meta property=\"og:site_name\" content=\"Chemgramx\" \/>\n<meta property=\"article:modified_time\" content=\"2025-10-17T11:20:16+00:00\" \/>\n<meta property=\"og:image\" content=\"https:\/\/chemgramx.com\/wp-content\/uploads\/2025\/10\/buy-ketaset-ketamine-online-high-quality-ketaset-100-mg-10-ml-for-sale.jpg\" \/>\n\t<meta property=\"og:image:width\" content=\"320\" \/>\n\t<meta property=\"og:image:height\" content=\"240\" \/>\n\t<meta property=\"og:image:type\" content=\"image\/jpeg\" \/>\n<meta name=\"twitter:card\" content=\"summary_large_image\" \/>\n<meta name=\"twitter:label1\" content=\"Dur\u00e9e de lecture estim\u00e9e\" \/>\n\t<meta name=\"twitter:data1\" content=\"2 minutes\" \/>\n<script type=\"application\/ld+json\" class=\"yoast-schema-graph\">{\"@context\":\"https:\/\/schema.org\",\"@graph\":[{\"@type\":\"WebPage\",\"@id\":\"https:\/\/chemgramx.com\/product\/ketaset-ketamine-kaufen\/\",\"url\":\"https:\/\/chemgramx.com\/product\/ketaset-ketamine-kaufen\/\",\"name\":\"Ketaset Ketamin online kaufen | Sichere Quelle Deutschland\",\"isPartOf\":{\"@id\":\"https:\/\/chemgramx.com\/#website\"},\"primaryImageOfPage\":{\"@id\":\"https:\/\/chemgramx.com\/product\/ketaset-ketamine-kaufen\/#primaryimage\"},\"image\":{\"@id\":\"https:\/\/chemgramx.com\/product\/ketaset-ketamine-kaufen\/#primaryimage\"},\"thumbnailUrl\":\"https:\/\/chemgramx.com\/wp-content\/uploads\/2025\/10\/buy-ketaset-ketamine-online-high-quality-ketaset-100-mg-10-ml-for-sale.jpg\",\"datePublished\":\"2025-10-16T22:19:36+00:00\",\"dateModified\":\"2025-10-17T11:20:16+00:00\",\"description\":\"Ketaset Ketamin kaufen in Deutschland. Laborgepr\u00fcfte Qualit\u00e4t, diskreter Versand und faire Preise. Jetzt seri\u00f6s online bestellen.\",\"breadcrumb\":{\"@id\":\"https:\/\/chemgramx.com\/product\/ketaset-ketamine-kaufen\/#breadcrumb\"},\"inLanguage\":\"fr-FR\",\"potentialAction\":[{\"@type\":\"ReadAction\",\"target\":[\"https:\/\/chemgramx.com\/product\/ketaset-ketamine-kaufen\/\"]}]},{\"@type\":\"ImageObject\",\"inLanguage\":\"fr-FR\",\"@id\":\"https:\/\/chemgramx.com\/product\/ketaset-ketamine-kaufen\/#primaryimage\",\"url\":\"https:\/\/chemgramx.com\/wp-content\/uploads\/2025\/10\/buy-ketaset-ketamine-online-high-quality-ketaset-100-mg-10-ml-for-sale.jpg\",\"contentUrl\":\"https:\/\/chemgramx.com\/wp-content\/uploads\/2025\/10\/buy-ketaset-ketamine-online-high-quality-ketaset-100-mg-10-ml-for-sale.jpg\",\"width\":320,\"height\":240,\"caption\":\"Buy Ketaset Ketamine Online | High Quality Ketaset 100 mg\/10 ml for Sale online | Medibo Psychedelics\"},{\"@type\":\"BreadcrumbList\",\"@id\":\"https:\/\/chemgramx.com\/product\/ketaset-ketamine-kaufen\/#breadcrumb\",\"itemListElement\":[{\"@type\":\"ListItem\",\"position\":1,\"name\":\"Home\",\"item\":\"https:\/\/chemgramx.com\/\"},{\"@type\":\"ListItem\",\"position\":2,\"name\":\"Shop\",\"item\":\"https:\/\/chemgramx.com\/shop\/\"},{\"@type\":\"ListItem\",\"position\":3,\"name\":\"Ketaset Ketamine Kaufen\"}]},{\"@type\":\"WebSite\",\"@id\":\"https:\/\/chemgramx.com\/#website\",\"url\":\"https:\/\/chemgramx.com\/\",\"name\":\"Chemgramx\",\"description\":\"\",\"publisher\":{\"@id\":\"https:\/\/chemgramx.com\/#organization\"},\"potentialAction\":[{\"@type\":\"SearchAction\",\"target\":{\"@type\":\"EntryPoint\",\"urlTemplate\":\"https:\/\/chemgramx.com\/?s={search_term_string}\"},\"query-input\":{\"@type\":\"PropertyValueSpecification\",\"valueRequired\":true,\"valueName\":\"search_term_string\"}}],\"inLanguage\":\"fr-FR\"},{\"@type\":\"Organization\",\"@id\":\"https:\/\/chemgramx.com\/#organization\",\"name\":\"Chemgramx\",\"url\":\"https:\/\/chemgramx.com\/\",\"logo\":{\"@type\":\"ImageObject\",\"inLanguage\":\"fr-FR\",\"@id\":\"https:\/\/chemgramx.com\/#\/schema\/logo\/image\/\",\"url\":\"https:\/\/chemgramx.com\/wp-content\/uploads\/2024\/10\/final-logo.png\",\"contentUrl\":\"https:\/\/chemgramx.com\/wp-content\/uploads\/2024\/10\/final-logo.png\",\"width\":250,\"height\":48,\"caption\":\"Chemgramx\"},\"image\":{\"@id\":\"https:\/\/chemgramx.com\/#\/schema\/logo\/image\/\"}}]}<\/script>\n<!-- \/ Yoast SEO plugin. -->","yoast_head_json":{"title":"Ketaset Ketamin online kaufen | Sichere Quelle Deutschland","description":"Ketaset Ketamin kaufen in Deutschland. Laborgepr\u00fcfte Qualit\u00e4t, diskreter Versand und faire Preise. Jetzt seri\u00f6s online bestellen.","robots":{"index":"index","follow":"follow","max-snippet":"max-snippet:-1","max-image-preview":"max-image-preview:large","max-video-preview":"max-video-preview:-1"},"canonical":"https:\/\/chemgramx.com\/fr\/produit\/ketaset-ketamine-kaufen\/","og_locale":"fr_FR","og_type":"article","og_title":"Ketaset Ketamin online kaufen | Sichere Quelle Deutschland","og_description":"Ketaset Ketamin kaufen in Deutschland. Laborgepr\u00fcfte Qualit\u00e4t, diskreter Versand und faire Preise. Jetzt seri\u00f6s online bestellen.","og_url":"https:\/\/chemgramx.com\/fr\/produit\/ketaset-ketamine-kaufen\/","og_site_name":"Chemgramx","article_modified_time":"2025-10-17T11:20:16+00:00","og_image":[{"width":320,"height":240,"url":"https:\/\/chemgramx.com\/wp-content\/uploads\/2025\/10\/buy-ketaset-ketamine-online-high-quality-ketaset-100-mg-10-ml-for-sale.jpg","type":"image\/jpeg"}],"twitter_card":"summary_large_image","twitter_misc":{"Dur\u00e9e de lecture estim\u00e9e":"2 minutes"},"schema":{"@context":"https:\/\/schema.org","@graph":[{"@type":"WebPage","@id":"https:\/\/chemgramx.com\/product\/ketaset-ketamine-kaufen\/","url":"https:\/\/chemgramx.com\/product\/ketaset-ketamine-kaufen\/","name":"Ketaset Ketamin online kaufen | Sichere Quelle Deutschland","isPartOf":{"@id":"https:\/\/chemgramx.com\/#website"},"primaryImageOfPage":{"@id":"https:\/\/chemgramx.com\/product\/ketaset-ketamine-kaufen\/#primaryimage"},"image":{"@id":"https:\/\/chemgramx.com\/product\/ketaset-ketamine-kaufen\/#primaryimage"},"thumbnailUrl":"https:\/\/chemgramx.com\/wp-content\/uploads\/2025\/10\/buy-ketaset-ketamine-online-high-quality-ketaset-100-mg-10-ml-for-sale.jpg","datePublished":"2025-10-16T22:19:36+00:00","dateModified":"2025-10-17T11:20:16+00:00","description":"Ketaset Ketamin kaufen in Deutschland. Laborgepr\u00fcfte Qualit\u00e4t, diskreter Versand und faire Preise. Jetzt seri\u00f6s online bestellen.","breadcrumb":{"@id":"https:\/\/chemgramx.com\/product\/ketaset-ketamine-kaufen\/#breadcrumb"},"inLanguage":"fr-FR","potentialAction":[{"@type":"ReadAction","target":["https:\/\/chemgramx.com\/product\/ketaset-ketamine-kaufen\/"]}]},{"@type":"ImageObject","inLanguage":"fr-FR","@id":"https:\/\/chemgramx.com\/product\/ketaset-ketamine-kaufen\/#primaryimage","url":"https:\/\/chemgramx.com\/wp-content\/uploads\/2025\/10\/buy-ketaset-ketamine-online-high-quality-ketaset-100-mg-10-ml-for-sale.jpg","contentUrl":"https:\/\/chemgramx.com\/wp-content\/uploads\/2025\/10\/buy-ketaset-ketamine-online-high-quality-ketaset-100-mg-10-ml-for-sale.jpg","width":320,"height":240,"caption":"Buy Ketaset Ketamine Online | High Quality Ketaset 100 mg\/10 ml for Sale online | Medibo Psychedelics"},{"@type":"BreadcrumbList","@id":"https:\/\/chemgramx.com\/product\/ketaset-ketamine-kaufen\/#breadcrumb","itemListElement":[{"@type":"ListItem","position":1,"name":"Home","item":"https:\/\/chemgramx.com\/"},{"@type":"ListItem","position":2,"name":"Shop","item":"https:\/\/chemgramx.com\/shop\/"},{"@type":"ListItem","position":3,"name":"Ketaset Ketamine Kaufen"}]},{"@type":"WebSite","@id":"https:\/\/chemgramx.com\/#website","url":"https:\/\/chemgramx.com\/","name":"Chemgramx","description":"","publisher":{"@id":"https:\/\/chemgramx.com\/#organization"},"potentialAction":[{"@type":"SearchAction","target":{"@type":"EntryPoint","urlTemplate":"https:\/\/chemgramx.com\/?s={search_term_string}"},"query-input":{"@type":"PropertyValueSpecification","valueRequired":true,"valueName":"search_term_string"}}],"inLanguage":"fr-FR"},{"@type":"Organization","@id":"https:\/\/chemgramx.com\/#organization","name":"Chemgramx","url":"https:\/\/chemgramx.com\/","logo":{"@type":"ImageObject","inLanguage":"fr-FR","@id":"https:\/\/chemgramx.com\/#\/schema\/logo\/image\/","url":"https:\/\/chemgramx.com\/wp-content\/uploads\/2024\/10\/final-logo.png","contentUrl":"https:\/\/chemgramx.com\/wp-content\/uploads\/2024\/10\/final-logo.png","width":250,"height":48,"caption":"Chemgramx"},"image":{"@id":"https:\/\/chemgramx.com\/#\/schema\/logo\/image\/"}}]}},"_links":{"self":[{"href":"https:\/\/chemgramx.com\/fr\/wp-json\/wp\/v2\/product\/2867","targetHints":{"allow":["GET"]}}],"collection":[{"href":"https:\/\/chemgramx.com\/fr\/wp-json\/wp\/v2\/product"}],"about":[{"href":"https:\/\/chemgramx.com\/fr\/wp-json\/wp\/v2\/types\/product"}],"replies":[{"embeddable":true,"href":"https:\/\/chemgramx.com\/fr\/wp-json\/wp\/v2\/comments?post=2867"}],"wp:featuredmedia":[{"embeddable":true,"href":"https:\/\/chemgramx.com\/fr\/wp-json\/wp\/v2\/media\/2866"}],"wp:attachment":[{"href":"https:\/\/chemgramx.com\/fr\/wp-json\/wp\/v2\/media?parent=2867"}],"wp:term":[{"taxonomy":"product_brand","embeddable":true,"href":"https:\/\/chemgramx.com\/fr\/wp-json\/wp\/v2\/product_brand?post=2867"},{"taxonomy":"product_cat","embeddable":true,"href":"https:\/\/chemgramx.com\/fr\/wp-json\/wp\/v2\/product_cat?post=2867"},{"taxonomy":"product_tag","embeddable":true,"href":"https:\/\/chemgramx.com\/fr\/wp-json\/wp\/v2\/product_tag?post=2867"}],"curies":[{"name":"wp","href":"https:\/\/api.w.org\/{rel}","templated":true}]}}