{"id":2913,"date":"2025-10-18T17:48:02","date_gmt":"2025-10-18T17:48:02","guid":{"rendered":"https:\/\/chemgramx.com\/product\/afghanisches-heroin\/"},"modified":"2026-05-03T03:12:23","modified_gmt":"2026-05-03T03:12:23","slug":"buy-afghan-heroin-online","status":"publish","type":"product","link":"https:\/\/chemgramx.com\/fr\/produit\/buy-afghan-heroin-online\/","title":{"rendered":"Afghanisches Heroin kaufen: Bester Preis online verf\u00fcgbar"},"content":{"rendered":"<p>Si vous <a href=\"https:\/\/chemgramx.com\/fr\/produit\/buy-afghan-heroin-online\/\">afghanisches Heroin kaufen<\/a> m\u00f6chten, ist Narco Powders Ihre erste Wahl. Der Anbau von afghanischem Heroin auf Mohnfeldern ist in vielen L\u00e4ndern illegal, doch das h\u00e4lt viele Menschen nicht davon ab, diese Droge zu erwerben. Tats\u00e4chlich geh\u00f6rt afghanisches Heroin zu den beliebtesten Heroinsorten auf dem Markt, was unter anderem an seiner intensiven euphorisierenden Wirkung liegt. Hier bieten wir Ihnen die M\u00f6glichkeit, afghanisches Heroin zum Verkauf online zu erwerben, um Ihren spezifischen Anforderungen gerecht zu werden. Wenn Sie online nach dem besten afghanischen Heroin suchen, um afghanisches Heroin sicher zu bestellen, sind Sie bei Narco Powders genau richtig. Wir garantieren Ihnen stets eine Top-Qualit\u00e4t und diskreten Versand, damit Sie <a href=\"https:\/\/chemgramx.com\/fr\/produit\/buy-blue-vaders-mdma\/\">hochwertiges Heroin online kaufen<\/a> k\u00f6nnen.<\/p>\n<h3>Wie wird afghanisches Heroin hergestellt?<\/h3>\n<p>Afghanisches Heroin ist ein Opioid, das aus Opium hergestellt wird. Opium wird aus der Mohnpflanze gewonnen und ist eine nat\u00fcrliche Quelle von Morphin und Codein, welche die Basis f\u00fcr die weitere Verarbeitung bilden. Der Prozess, aus Opium afghanisches Heroin zu machen, umfasst mehrere Schritte, die Pr\u00e4zision und Fachwissen erfordern. Unter anderem wird das Opium sorgf\u00e4ltig eingekocht, bis ein klebriger, schwarzer Teer entsteht, der als Rohprodukt dient. Anschlie\u00dfend wird es durch ein K\u00e4setuch gefiltert, um Unreinheiten und unerw\u00fcnschte Partikel zu entfernen und so die Reinheit des Endprodukts zu gew\u00e4hrleisten. Dieser schwarze Teer wird getrocknet und zu einem feinen Pulver zermahlen, bevor er zu Bl\u00f6cken oder Tabletten geformt wird, um eine einfache Handhabung und Dosierung zu erm\u00f6glichen. Bei Narco Powders legen wir Wert darauf, Ihnen nur afghanisches Heroin von h\u00f6chster Reinheit und Qualit\u00e4t anzubieten.<\/p>\n<h4>\u00dcbersicht der afghanischen Heroinsorten<\/h4>\n<p>Es gibt verschiedene Arten von afghanischem Heroin, jede mit ihren eigenen einzigartigen Eigenschaften und Verwendungszwecken. Diese Unterschiede basieren haupts\u00e4chlich auf dem Verarbeitungsgrad des Opiums und beeinflussen Potenz sowie Konsistenz:<\/p>\n<table>\n<thead>\n<tr>\n<th>Heroinsorte<\/th>\n<th>Herstellung<\/th>\n<th>Wirkungsprofil<\/th>\n<th>Bemerkungen<\/th>\n<\/tr>\n<\/thead>\n<tbody>\n<tr>\n<td><b>Wei\u00dfes Heroin<\/b> (Rohopium)<\/td>\n<td>Minimal verarbeitet<\/td>\n<td>Geringere Wirkung<\/td>\n<td>Am weitesten verbreitet, typischerweise von geringerer Qualit\u00e4t.<\/td>\n<\/tr>\n<tr>\n<td><b>Braunes Heroin<\/b><\/td>\n<td>Aus teilweise getrocknetem Schwarzteer<\/td>\n<td>St\u00e4rkere Wirkung<\/td>\n<td>Beliebter bei Konsumenten wegen seiner Potenz.<\/td>\n<\/tr>\n<tr>\n<td><b>Dunkelbraunes Heroin<\/b><\/td>\n<td>Aus vollst\u00e4ndig getrocknetem Schwarzteer<\/td>\n<td>St\u00e4rkste Wirkung<\/td>\n<td>H\u00f6chstes Missbrauchspotenzial, schwierig zu dosieren.<\/td>\n<\/tr>\n<\/tbody>\n<\/table>\n<p>Wir bei Narco Powders stellen sicher, dass alle unsere Produkte, einschlie\u00dflich aller hier verf\u00fcgbaren Heroinarten, laborgepr\u00fcft sind, um Ihnen nur das beste afghanische Heroin zu liefern.<\/p>\n<h3>Vorteile von afghanischem Heroin<\/h3>\n<p>Wenn Sie ein starkes und euphorisches High suchen, ist afghanisches Heroin online die beste Wahl, um diese spezifische Wirkung zu erzielen. Diese Heroinart geh\u00f6rt zu den reinsten und wirksamsten auf dem Markt und ist wegen ihrer intensiven Wirkung sehr gefragt. Als eines der potentesten Opioide kann afghanisches Heroin zur Behandlung von chronischen Schmerzen und Opioidabh\u00e4ngigkeit eingesetzt werden \u2013 Erkrankungen, die in der heutigen Gesellschaft weit verbreitet sind und eine wirksame Linderung erfordern. Die hohe Reinheit, die Sie beim afghanischen Heroin kaufen k\u00f6nnen, erm\u00f6glicht eine pr\u00e4zisere Anwendung f\u00fcr erfahrene Anwender, die ein konsistentes und starkes Ergebnis w\u00fcnschen.<\/p>\n<h3>Nebenwirkungen von afghanischem Heroin<\/h3>\n<p>Afghanisches Heroin ist ein Opioid, das aus Schlafmohn gewonnen wird und daher auch potenzielle Nebenwirkungen hat, die nicht untersch\u00e4tzt werden sollten. Zu den kurzfristigen Nebenwirkungen des Konsums von afghanischem Heroin k\u00f6nnen ein erh\u00f6hter Puls, erh\u00f6hter Blutdruck und intensive Euphoriegef\u00fchle geh\u00f6ren (das High, das durch Heroinkonsum entsteht). Es ist wichtig, die Dosierung genau zu beachten, um Risiken zu minimieren. Zu den langfristigen gesundheitlichen Problemen des afghanischen Heroinkonsums k\u00f6nnen Sucht und k\u00f6rperliche Abh\u00e4ngigkeit, chronische Hepatitis-C-Infektion (eine potenziell t\u00f6dliche Lebererkrankung), psychische Probleme wie Angstzust\u00e4nde und Depressionen sowie das gr\u00f6\u00dfte Risiko, der Tod durch \u00dcberdosis, geh\u00f6ren. Wir appellieren an unsere Kunden, sich stets \u00fcber die Risiken zu informieren und verantwortungsbewusst zu handeln.<\/p>\n<h3>Wo kann man afghanisches Heroin online kaufen?<\/h3>\n<p>M\u00f6chten Sie afghanisches Heroin sicher, zuverl\u00e4ssig und diskret online bestellen? Dann sind Sie bei Narco Powders genau richtig. Als Ihr vertrauensw\u00fcrdiger Anbieter mit langj\u00e4hriger Branchenerfahrung bieten wir Ihnen eine gro\u00dfe Auswahl an Qualit\u00e4tsprodukten. Wenn Sie das beste afghanische Heroin kaufen m\u00f6chten, sind wir Ihr Ansprechpartner. W\u00e4hlen Sie aus einer Vielzahl reiner, biologischer und laborgepr\u00fcfter Produkte, um die passende Dosierung f\u00fcr Ihre Bed\u00fcrfnisse zu finden. Wir verstehen die Notwendigkeit eines diskreten und sicheren Kaufs, weshalb wir zahlreiche bequeme Zahlungsm\u00f6glichkeiten wie Kreditkarte, PayPal und Western Union anbieten, die den Online-Kauf von afghanischem Heroin einfach und bequem machen. Erleben Sie den besten Preis und exzellenten Service. Bestellen Sie noch heute das beste afghanische Heroin bei Narco Powders \u2013 Ihr zuverl\u00e4ssiger Partner f\u00fcr hochwertige Produkte!<\/p>","protected":false},"excerpt":{"rendered":"<p>Entdecken Sie hochreines afghanisches Heroin, ein starkes Opioid aus Mohn. Bei Narco Powders k\u00f6nnen Sie qualitativ hochwertiges <b>Heroin kaufen<\/b>, das f\u00fcr seine intensive Wirkung bekannt ist. Wir bieten laborgepr\u00fcfte Produkte und diskreten Versand. Jetzt Top-Qualit\u00e4t afghanisches Heroin online bestellen bei Narco Powders.<\/p>","protected":false},"featured_media":3074,"comment_status":"open","ping_status":"closed","template":"","meta":{"_joinchat":[]},"product_brand":[],"product_cat":[58],"product_tag":[],"class_list":{"0":"post-2913","1":"product","2":"type-product","3":"status-publish","4":"has-post-thumbnail","6":"product_cat-heroin","8":"first","9":"instock","10":"shipping-taxable","11":"purchasable","12":"product-type-simple"},"yoast_head":"<!-- This site is optimized with the Yoast SEO plugin v27.5 - https:\/\/yoast.com\/product\/yoast-seo-wordpress\/ -->\n<title>Afghanisches Heroin kaufen: Bester Preis online verf\u00fcgbar<\/title>\n<meta name=\"description\" content=\"Afghanisches Heroin online kaufen? Entdecken Sie hochreines afghanisches Heroin bei Narco Powders. Intensive Wirkung und diskreter Versand. Jetzt bestellen!\" \/>\n<meta name=\"robots\" content=\"index, follow, max-snippet:-1, max-image-preview:large, max-video-preview:-1\" \/>\n<link rel=\"canonical\" href=\"https:\/\/chemgramx.com\/fr\/produit\/buy-afghan-heroin-online\/\" \/>\n<meta property=\"og:locale\" content=\"fr_FR\" \/>\n<meta property=\"og:type\" content=\"article\" \/>\n<meta property=\"og:title\" content=\"Afghanisches Heroin kaufen: Bester Preis online verf\u00fcgbar\" \/>\n<meta property=\"og:description\" content=\"Afghanisches Heroin online kaufen? Entdecken Sie hochreines afghanisches Heroin bei Narco Powders. Intensive Wirkung und diskreter Versand. Jetzt bestellen!\" \/>\n<meta property=\"og:url\" content=\"https:\/\/chemgramx.com\/fr\/produit\/buy-afghan-heroin-online\/\" \/>\n<meta property=\"og:site_name\" content=\"Chemgramx\" \/>\n<meta property=\"article:modified_time\" content=\"2026-05-03T03:12:23+00:00\" \/>\n<meta property=\"og:image\" content=\"https:\/\/chemgramx.com\/wp-content\/uploads\/2025\/10\/afghanisches-heroin.jpg\" \/>\n\t<meta property=\"og:image:width\" content=\"600\" \/>\n\t<meta property=\"og:image:height\" content=\"600\" \/>\n\t<meta property=\"og:image:type\" content=\"image\/jpeg\" \/>\n<meta name=\"twitter:card\" content=\"summary_large_image\" \/>\n<meta name=\"twitter:label1\" content=\"Dur\u00e9e de lecture estim\u00e9e\" \/>\n\t<meta name=\"twitter:data1\" content=\"3 minutes\" \/>\n<script type=\"application\/ld+json\" class=\"yoast-schema-graph\">{\"@context\":\"https:\\\/\\\/schema.org\",\"@graph\":[{\"@type\":\"WebPage\",\"@id\":\"https:\\\/\\\/chemgramx.com\\\/product\\\/buy-afghan-heroin-online\\\/\",\"url\":\"https:\\\/\\\/chemgramx.com\\\/product\\\/buy-afghan-heroin-online\\\/\",\"name\":\"Afghanisches Heroin kaufen: Bester Preis online verf\u00fcgbar\",\"isPartOf\":{\"@id\":\"https:\\\/\\\/chemgramx.com\\\/#website\"},\"primaryImageOfPage\":{\"@id\":\"https:\\\/\\\/chemgramx.com\\\/product\\\/buy-afghan-heroin-online\\\/#primaryimage\"},\"image\":{\"@id\":\"https:\\\/\\\/chemgramx.com\\\/product\\\/buy-afghan-heroin-online\\\/#primaryimage\"},\"thumbnailUrl\":\"https:\\\/\\\/chemgramx.com\\\/wp-content\\\/uploads\\\/2026\\\/05\\\/afghanisches-heroin.jpg\",\"datePublished\":\"2025-10-18T17:48:02+00:00\",\"dateModified\":\"2026-05-03T03:12:23+00:00\",\"description\":\"Afghanisches Heroin online kaufen? Entdecken Sie hochreines afghanisches Heroin bei Narco Powders. Intensive Wirkung und diskreter Versand. Jetzt bestellen!\",\"breadcrumb\":{\"@id\":\"https:\\\/\\\/chemgramx.com\\\/product\\\/buy-afghan-heroin-online\\\/#breadcrumb\"},\"inLanguage\":\"fr-FR\",\"potentialAction\":[{\"@type\":\"ReadAction\",\"target\":[\"https:\\\/\\\/chemgramx.com\\\/product\\\/buy-afghan-heroin-online\\\/\"]}]},{\"@type\":\"ImageObject\",\"inLanguage\":\"fr-FR\",\"@id\":\"https:\\\/\\\/chemgramx.com\\\/product\\\/buy-afghan-heroin-online\\\/#primaryimage\",\"url\":\"https:\\\/\\\/chemgramx.com\\\/wp-content\\\/uploads\\\/2026\\\/05\\\/afghanisches-heroin.jpg\",\"contentUrl\":\"https:\\\/\\\/chemgramx.com\\\/wp-content\\\/uploads\\\/2026\\\/05\\\/afghanisches-heroin.jpg\",\"width\":600,\"height\":600,\"caption\":\"Afghanisches Heroin\"},{\"@type\":\"BreadcrumbList\",\"@id\":\"https:\\\/\\\/chemgramx.com\\\/product\\\/buy-afghan-heroin-online\\\/#breadcrumb\",\"itemListElement\":[{\"@type\":\"ListItem\",\"position\":1,\"name\":\"Home\",\"item\":\"https:\\\/\\\/chemgramx.com\\\/\"},{\"@type\":\"ListItem\",\"position\":2,\"name\":\"Shop\",\"item\":\"https:\\\/\\\/chemgramx.com\\\/shop\\\/\"},{\"@type\":\"ListItem\",\"position\":3,\"name\":\"Afghanisches Heroin kaufen: Bester Preis online verf\u00fcgbar\"}]},{\"@type\":\"WebSite\",\"@id\":\"https:\\\/\\\/chemgramx.com\\\/#website\",\"url\":\"https:\\\/\\\/chemgramx.com\\\/\",\"name\":\"Chemgramx\",\"description\":\"\",\"publisher\":{\"@id\":\"https:\\\/\\\/chemgramx.com\\\/#organization\"},\"potentialAction\":[{\"@type\":\"SearchAction\",\"target\":{\"@type\":\"EntryPoint\",\"urlTemplate\":\"https:\\\/\\\/chemgramx.com\\\/?s={search_term_string}\"},\"query-input\":{\"@type\":\"PropertyValueSpecification\",\"valueRequired\":true,\"valueName\":\"search_term_string\"}}],\"inLanguage\":\"fr-FR\"},{\"@type\":\"Organization\",\"@id\":\"https:\\\/\\\/chemgramx.com\\\/#organization\",\"name\":\"Chemgramx\",\"url\":\"https:\\\/\\\/chemgramx.com\\\/\",\"logo\":{\"@type\":\"ImageObject\",\"inLanguage\":\"fr-FR\",\"@id\":\"https:\\\/\\\/chemgramx.com\\\/#\\\/schema\\\/logo\\\/image\\\/\",\"url\":\"https:\\\/\\\/chemgramx.com\\\/wp-content\\\/uploads\\\/2024\\\/10\\\/final-logo.png\",\"contentUrl\":\"https:\\\/\\\/chemgramx.com\\\/wp-content\\\/uploads\\\/2024\\\/10\\\/final-logo.png\",\"width\":250,\"height\":48,\"caption\":\"Chemgramx\"},\"image\":{\"@id\":\"https:\\\/\\\/chemgramx.com\\\/#\\\/schema\\\/logo\\\/image\\\/\"}}]}<\/script>\n<!-- \/ Yoast SEO plugin. -->","yoast_head_json":{"title":"Afghanisches Heroin kaufen: Bester Preis online verf\u00fcgbar","description":"Afghanisches Heroin online kaufen? Entdecken Sie hochreines afghanisches Heroin bei Narco Powders. Intensive Wirkung und diskreter Versand. Jetzt bestellen!","robots":{"index":"index","follow":"follow","max-snippet":"max-snippet:-1","max-image-preview":"max-image-preview:large","max-video-preview":"max-video-preview:-1"},"canonical":"https:\/\/chemgramx.com\/fr\/produit\/buy-afghan-heroin-online\/","og_locale":"fr_FR","og_type":"article","og_title":"Afghanisches Heroin kaufen: Bester Preis online verf\u00fcgbar","og_description":"Afghanisches Heroin online kaufen? Entdecken Sie hochreines afghanisches Heroin bei Narco Powders. Intensive Wirkung und diskreter Versand. Jetzt bestellen!","og_url":"https:\/\/chemgramx.com\/fr\/produit\/buy-afghan-heroin-online\/","og_site_name":"Chemgramx","article_modified_time":"2026-05-03T03:12:23+00:00","og_image":[{"width":600,"height":600,"url":"https:\/\/chemgramx.com\/wp-content\/uploads\/2025\/10\/afghanisches-heroin.jpg","type":"image\/jpeg"}],"twitter_card":"summary_large_image","twitter_misc":{"Dur\u00e9e de lecture estim\u00e9e":"3 minutes"},"schema":{"@context":"https:\/\/schema.org","@graph":[{"@type":"WebPage","@id":"https:\/\/chemgramx.com\/product\/buy-afghan-heroin-online\/","url":"https:\/\/chemgramx.com\/product\/buy-afghan-heroin-online\/","name":"Afghanisches Heroin kaufen: Bester Preis online verf\u00fcgbar","isPartOf":{"@id":"https:\/\/chemgramx.com\/#website"},"primaryImageOfPage":{"@id":"https:\/\/chemgramx.com\/product\/buy-afghan-heroin-online\/#primaryimage"},"image":{"@id":"https:\/\/chemgramx.com\/product\/buy-afghan-heroin-online\/#primaryimage"},"thumbnailUrl":"https:\/\/chemgramx.com\/wp-content\/uploads\/2026\/05\/afghanisches-heroin.jpg","datePublished":"2025-10-18T17:48:02+00:00","dateModified":"2026-05-03T03:12:23+00:00","description":"Afghanisches Heroin online kaufen? Entdecken Sie hochreines afghanisches Heroin bei Narco Powders. Intensive Wirkung und diskreter Versand. Jetzt bestellen!","breadcrumb":{"@id":"https:\/\/chemgramx.com\/product\/buy-afghan-heroin-online\/#breadcrumb"},"inLanguage":"fr-FR","potentialAction":[{"@type":"ReadAction","target":["https:\/\/chemgramx.com\/product\/buy-afghan-heroin-online\/"]}]},{"@type":"ImageObject","inLanguage":"fr-FR","@id":"https:\/\/chemgramx.com\/product\/buy-afghan-heroin-online\/#primaryimage","url":"https:\/\/chemgramx.com\/wp-content\/uploads\/2026\/05\/afghanisches-heroin.jpg","contentUrl":"https:\/\/chemgramx.com\/wp-content\/uploads\/2026\/05\/afghanisches-heroin.jpg","width":600,"height":600,"caption":"Afghanisches Heroin"},{"@type":"BreadcrumbList","@id":"https:\/\/chemgramx.com\/product\/buy-afghan-heroin-online\/#breadcrumb","itemListElement":[{"@type":"ListItem","position":1,"name":"Home","item":"https:\/\/chemgramx.com\/"},{"@type":"ListItem","position":2,"name":"Shop","item":"https:\/\/chemgramx.com\/shop\/"},{"@type":"ListItem","position":3,"name":"Afghanisches Heroin kaufen: Bester Preis online verf\u00fcgbar"}]},{"@type":"WebSite","@id":"https:\/\/chemgramx.com\/#website","url":"https:\/\/chemgramx.com\/","name":"Chemgramx","description":"","publisher":{"@id":"https:\/\/chemgramx.com\/#organization"},"potentialAction":[{"@type":"SearchAction","target":{"@type":"EntryPoint","urlTemplate":"https:\/\/chemgramx.com\/?s={search_term_string}"},"query-input":{"@type":"PropertyValueSpecification","valueRequired":true,"valueName":"search_term_string"}}],"inLanguage":"fr-FR"},{"@type":"Organization","@id":"https:\/\/chemgramx.com\/#organization","name":"Chemgramx","url":"https:\/\/chemgramx.com\/","logo":{"@type":"ImageObject","inLanguage":"fr-FR","@id":"https:\/\/chemgramx.com\/#\/schema\/logo\/image\/","url":"https:\/\/chemgramx.com\/wp-content\/uploads\/2024\/10\/final-logo.png","contentUrl":"https:\/\/chemgramx.com\/wp-content\/uploads\/2024\/10\/final-logo.png","width":250,"height":48,"caption":"Chemgramx"},"image":{"@id":"https:\/\/chemgramx.com\/#\/schema\/logo\/image\/"}}]}},"_links":{"self":[{"href":"https:\/\/chemgramx.com\/fr\/wp-json\/wp\/v2\/product\/2913","targetHints":{"allow":["GET"]}}],"collection":[{"href":"https:\/\/chemgramx.com\/fr\/wp-json\/wp\/v2\/product"}],"about":[{"href":"https:\/\/chemgramx.com\/fr\/wp-json\/wp\/v2\/types\/product"}],"replies":[{"embeddable":true,"href":"https:\/\/chemgramx.com\/fr\/wp-json\/wp\/v2\/comments?post=2913"}],"wp:featuredmedia":[{"embeddable":true,"href":"https:\/\/chemgramx.com\/fr\/wp-json\/wp\/v2\/media\/3074"}],"wp:attachment":[{"href":"https:\/\/chemgramx.com\/fr\/wp-json\/wp\/v2\/media?parent=2913"}],"wp:term":[{"taxonomy":"product_brand","embeddable":true,"href":"https:\/\/chemgramx.com\/fr\/wp-json\/wp\/v2\/product_brand?post=2913"},{"taxonomy":"product_cat","embeddable":true,"href":"https:\/\/chemgramx.com\/fr\/wp-json\/wp\/v2\/product_cat?post=2913"},{"taxonomy":"product_tag","embeddable":true,"href":"https:\/\/chemgramx.com\/fr\/wp-json\/wp\/v2\/product_tag?post=2913"}],"curies":[{"name":"wp","href":"https:\/\/api.w.org\/{rel}","templated":true}]}}