{"id":2916,"date":"2025-10-18T17:48:07","date_gmt":"2025-10-18T17:48:07","guid":{"rendered":"https:\/\/chemgramx.com\/product\/ungeschnittenes-heroin\/"},"modified":"2025-10-19T15:37:38","modified_gmt":"2025-10-19T15:37:38","slug":"kaufen-sie-unverschnittenes-heroin","status":"publish","type":"product","link":"https:\/\/chemgramx.com\/fr\/produit\/kaufen-sie-unverschnittenes-heroin\/","title":{"rendered":"Kaufen Sie unverschnittenes Heroin"},"content":{"rendered":"<h2>Kaufen Sie unverschnittenes Heroin online<\/h2>\n<p>Unverstrecktes Heroin kann bei bestimmten Anbietern online gekauft werden, was jedoch gewisse Risiken birgt. Wenn Sie sich also fragen, wo Sie unverstrecktes Heroin online kaufen k\u00f6nnen, das authentisch und sicher ist, ist Narco Powders Ihr Ansprechpartner.<\/p>\n<h3>Wie wird unverschnittenes Heroin hergestellt?<\/h3>\n<p>Unverschnittenes Heroin wird aus den getrockneten Schoten des Schlafmohns hergestellt. Es wird geerntet und zu einer wei\u00dfen, pulverf\u00f6rmigen Substanz verarbeitet. Es enth\u00e4lt hohe Konzentrationen potenter Opioide und anderer Drogen, darunter Morphin und Codein. Das Endprodukt ist eine Art Opium, das unraffiniert und frei von zus\u00e4tzlichen Zusatzstoffen und Verarbeitungsmitteln ist. Die<a href=\"https:\/\/chemgramx.com\/fr\/produit\/ephedrine-hydrochloride-powder\/\"> Wirksamkeit<\/a> der Droge variiert je nach Feuchtigkeits- und Alkaloidgehalt.<\/p>\n<h3>Vorteile von unverschnittenem Heroin<\/h3>\n<p>Wenn Sie einen besseren Rausch als andere w\u00fcnschen, sollten Sie unverd\u00fcnntes Heroin w\u00e4hlen. Unverd\u00fcnntes Heroin hat eine h\u00f6here Potenz und Reinheit als andere Heroinsorten, was zu einem besseren Rausch und besseren Langzeitergebnissen f\u00fchrt. Dar\u00fcber hinaus kann es individuell an die Bed\u00fcrfnisse des Konsumenten angepasst werden, wodurch Cocktails entstehen, die mehr Kontrolle \u00fcber Dosierung und Qualit\u00e4t der Droge bieten.<\/p>\n<p>Unverschnittenes Heroin, das online verkauft wird, ist in einer kontrollierten Umgebung sicherer zu konsumieren. Aufgrund seiner h\u00f6heren Wirksamkeit besteht ein geringeres Risiko einer \u00dcberdosis. Zudem hat unverschnittenes Heroin weniger Nebenwirkungen und ein geringeres Suchtrisiko als andere Heroinformen. Tats\u00e4chlich gaben Konsumenten sogar an, dass es einfacher sei, reines und wirksames unverschnittenes Heroin online bei Narco Powders zu finden.<\/p>\n<h3>Nebenwirkungen von unverschnittenem Heroin<\/h3>\n<p>Zu den gesundheitlichen Risiken des Konsums von unverstrecktem Heroin z\u00e4hlen ein erh\u00f6htes Sucht- und \u00dcberdosisrisiko sowie eine h\u00f6here HIV- und andere Infektionsrate. Unverstrecktes Heroin kann auch k\u00f6rperliche Auswirkungen wie \u00dcbelkeit, Erbrechen und erh\u00f6hten Puls haben und das Risiko einer \u00dcberdosis erh\u00f6hen. In einigen F\u00e4llen kann es auch zum Tod f\u00fchren.<\/p>\n<h3>Wo kann man unverschnittenes Heroin online kaufen?<\/h3>\n<p>Wenn Sie online nach unverd\u00fcnntem Heroin in gro\u00dfen Mengen suchen, suchen Sie nach Quellen wie Narco Powders, deren Qualit\u00e4t von Drittanbietern best\u00e4tigt wurde. Wenn Sie die Preise f\u00fcr unverd\u00fcnntes Heroin online in Betracht ziehen, bedenken Sie, dass die Preise je nach Standort (z.\u00a0B. in St\u00e4dten, in denen der Stra\u00dfenpreis f\u00fcr Heroin tendenziell h\u00f6her ist), Tageszeit (Euthanasiezeremonien f\u00fchren oft zu h\u00f6heren Preisen), Zahlungsmethode (Kreditkarten verlangen tendenziell h\u00f6here Geb\u00fchren als PayPal) usw. erheblich variieren k\u00f6nnen. Es ist wichtig, sich nicht zu sehr in Preisdetails zu verlieren, da das, was Sie kaufen, letztendlich wahrscheinlich sowieso mit anderen Substanzen gestreckt sein wird, unabh\u00e4ngig von der Quelle. Wenn Sie also darauf achten, dass die Reinheit und Frische w\u00e4hrend des gesamten Transports und Kaufprozesses gewahrt bleibt und nicht nur im Stadium des Endprodukts.<\/p>\n<h3>Kaufen Sie unverschnittenes Heroin online bei Narco Powders<\/h3>\n<p>Es ist wichtig zu bedenken, dass der Konsum von unverstrecktem Heroin schwerwiegende Folgen haben kann, wenn es nicht richtig oder verantwortungsvoll angewendet wird. Bestellen Sie unverstrecktes Heroin daher nur online bei renommierten Apotheken wie Narco Powders. Wir verkaufen ausschlie\u00dflich authentisches, unverstrecktes Heroin im Gro\u00dfhandel zum besten Preis.<\/p>","protected":false},"excerpt":{"rendered":"<p>Unverstrecktes Heroin kann bei bestimmten Anbietern online gekauft werden, was jedoch gewisse Risiken birgt. Wenn Sie sich also fragen, wo Sie unverstrecktes Heroin online kaufen k\u00f6nnen, das authentisch und sicher ist, ist Narco Powders Ihr Ansprechpartner.<\/p>\n<h3><\/h3>","protected":false},"featured_media":2915,"comment_status":"open","ping_status":"closed","template":"","meta":{"_joinchat":[]},"product_brand":[],"product_cat":[58],"product_tag":[],"class_list":{"0":"post-2916","1":"product","2":"type-product","3":"status-publish","4":"has-post-thumbnail","6":"product_cat-heroin","8":"first","9":"instock","10":"shipping-taxable","11":"purchasable","12":"product-type-simple"},"yoast_head":"<!-- This site is optimized with the Yoast SEO plugin v26.1.1 - https:\/\/yoast.com\/wordpress\/plugins\/seo\/ -->\n<title>Kaufen Sie unverschnittenes Heroin Chemgramx<\/title>\n<meta name=\"description\" content=\"Zu den gesundheitlichen Risiken des Konsums von unverstrecktem Heroin z\u00e4hlen ein erh\u00f6htes Sucht- und \u00dcberdosisrisiko sowie eine h\u00f6here HIV- und andere Infektionsrate.\" \/>\n<meta name=\"robots\" content=\"index, follow, max-snippet:-1, max-image-preview:large, max-video-preview:-1\" \/>\n<link rel=\"canonical\" href=\"https:\/\/chemgramx.com\/fr\/produit\/kaufen-sie-unverschnittenes-heroin\/\" \/>\n<meta property=\"og:locale\" content=\"fr_FR\" \/>\n<meta property=\"og:type\" content=\"article\" \/>\n<meta property=\"og:title\" content=\"Kaufen Sie unverschnittenes Heroin Chemgramx\" \/>\n<meta property=\"og:description\" content=\"Zu den gesundheitlichen Risiken des Konsums von unverstrecktem Heroin z\u00e4hlen ein erh\u00f6htes Sucht- und \u00dcberdosisrisiko sowie eine h\u00f6here HIV- und andere Infektionsrate.\" \/>\n<meta property=\"og:url\" content=\"https:\/\/chemgramx.com\/fr\/produit\/kaufen-sie-unverschnittenes-heroin\/\" \/>\n<meta property=\"og:site_name\" content=\"Chemgramx\" \/>\n<meta property=\"article:modified_time\" content=\"2025-10-19T15:37:38+00:00\" \/>\n<meta property=\"og:image\" content=\"https:\/\/chemgramx.com\/wp-content\/uploads\/2025\/10\/ungeschnittenes-heroin.jpg\" \/>\n\t<meta property=\"og:image:width\" content=\"600\" \/>\n\t<meta property=\"og:image:height\" content=\"600\" \/>\n\t<meta property=\"og:image:type\" content=\"image\/jpeg\" \/>\n<meta name=\"twitter:card\" content=\"summary_large_image\" \/>\n<meta name=\"twitter:label1\" content=\"Dur\u00e9e de lecture estim\u00e9e\" \/>\n\t<meta name=\"twitter:data1\" content=\"3 minutes\" \/>\n<script type=\"application\/ld+json\" class=\"yoast-schema-graph\">{\"@context\":\"https:\/\/schema.org\",\"@graph\":[{\"@type\":\"WebPage\",\"@id\":\"https:\/\/chemgramx.com\/product\/kaufen-sie-unverschnittenes-heroin\/\",\"url\":\"https:\/\/chemgramx.com\/product\/kaufen-sie-unverschnittenes-heroin\/\",\"name\":\"Kaufen Sie unverschnittenes Heroin Chemgramx\",\"isPartOf\":{\"@id\":\"https:\/\/chemgramx.com\/#website\"},\"primaryImageOfPage\":{\"@id\":\"https:\/\/chemgramx.com\/product\/kaufen-sie-unverschnittenes-heroin\/#primaryimage\"},\"image\":{\"@id\":\"https:\/\/chemgramx.com\/product\/kaufen-sie-unverschnittenes-heroin\/#primaryimage\"},\"thumbnailUrl\":\"https:\/\/chemgramx.com\/wp-content\/uploads\/2025\/10\/ungeschnittenes-heroin.jpg\",\"datePublished\":\"2025-10-18T17:48:07+00:00\",\"dateModified\":\"2025-10-19T15:37:38+00:00\",\"description\":\"Zu den gesundheitlichen Risiken des Konsums von unverstrecktem Heroin z\u00e4hlen ein erh\u00f6htes Sucht- und \u00dcberdosisrisiko sowie eine h\u00f6here HIV- und andere Infektionsrate.\",\"breadcrumb\":{\"@id\":\"https:\/\/chemgramx.com\/product\/kaufen-sie-unverschnittenes-heroin\/#breadcrumb\"},\"inLanguage\":\"fr-FR\",\"potentialAction\":[{\"@type\":\"ReadAction\",\"target\":[\"https:\/\/chemgramx.com\/product\/kaufen-sie-unverschnittenes-heroin\/\"]}]},{\"@type\":\"ImageObject\",\"inLanguage\":\"fr-FR\",\"@id\":\"https:\/\/chemgramx.com\/product\/kaufen-sie-unverschnittenes-heroin\/#primaryimage\",\"url\":\"https:\/\/chemgramx.com\/wp-content\/uploads\/2025\/10\/ungeschnittenes-heroin.jpg\",\"contentUrl\":\"https:\/\/chemgramx.com\/wp-content\/uploads\/2025\/10\/ungeschnittenes-heroin.jpg\",\"width\":600,\"height\":600,\"caption\":\"Ungeschnittenes Heroin\"},{\"@type\":\"BreadcrumbList\",\"@id\":\"https:\/\/chemgramx.com\/product\/kaufen-sie-unverschnittenes-heroin\/#breadcrumb\",\"itemListElement\":[{\"@type\":\"ListItem\",\"position\":1,\"name\":\"Home\",\"item\":\"https:\/\/chemgramx.com\/\"},{\"@type\":\"ListItem\",\"position\":2,\"name\":\"Shop\",\"item\":\"https:\/\/chemgramx.com\/shop\/\"},{\"@type\":\"ListItem\",\"position\":3,\"name\":\"Kaufen Sie unverschnittenes Heroin\"}]},{\"@type\":\"WebSite\",\"@id\":\"https:\/\/chemgramx.com\/#website\",\"url\":\"https:\/\/chemgramx.com\/\",\"name\":\"Chemgramx\",\"description\":\"\",\"publisher\":{\"@id\":\"https:\/\/chemgramx.com\/#organization\"},\"potentialAction\":[{\"@type\":\"SearchAction\",\"target\":{\"@type\":\"EntryPoint\",\"urlTemplate\":\"https:\/\/chemgramx.com\/?s={search_term_string}\"},\"query-input\":{\"@type\":\"PropertyValueSpecification\",\"valueRequired\":true,\"valueName\":\"search_term_string\"}}],\"inLanguage\":\"fr-FR\"},{\"@type\":\"Organization\",\"@id\":\"https:\/\/chemgramx.com\/#organization\",\"name\":\"Chemgramx\",\"url\":\"https:\/\/chemgramx.com\/\",\"logo\":{\"@type\":\"ImageObject\",\"inLanguage\":\"fr-FR\",\"@id\":\"https:\/\/chemgramx.com\/#\/schema\/logo\/image\/\",\"url\":\"https:\/\/chemgramx.com\/wp-content\/uploads\/2024\/10\/final-logo.png\",\"contentUrl\":\"https:\/\/chemgramx.com\/wp-content\/uploads\/2024\/10\/final-logo.png\",\"width\":250,\"height\":48,\"caption\":\"Chemgramx\"},\"image\":{\"@id\":\"https:\/\/chemgramx.com\/#\/schema\/logo\/image\/\"}}]}<\/script>\n<!-- \/ Yoast SEO plugin. -->","yoast_head_json":{"title":"Kaufen Sie unverschnittenes Heroin Chemgramx","description":"Zu den gesundheitlichen Risiken des Konsums von unverstrecktem Heroin z\u00e4hlen ein erh\u00f6htes Sucht- und \u00dcberdosisrisiko sowie eine h\u00f6here HIV- und andere Infektionsrate.","robots":{"index":"index","follow":"follow","max-snippet":"max-snippet:-1","max-image-preview":"max-image-preview:large","max-video-preview":"max-video-preview:-1"},"canonical":"https:\/\/chemgramx.com\/fr\/produit\/kaufen-sie-unverschnittenes-heroin\/","og_locale":"fr_FR","og_type":"article","og_title":"Kaufen Sie unverschnittenes Heroin Chemgramx","og_description":"Zu den gesundheitlichen Risiken des Konsums von unverstrecktem Heroin z\u00e4hlen ein erh\u00f6htes Sucht- und \u00dcberdosisrisiko sowie eine h\u00f6here HIV- und andere Infektionsrate.","og_url":"https:\/\/chemgramx.com\/fr\/produit\/kaufen-sie-unverschnittenes-heroin\/","og_site_name":"Chemgramx","article_modified_time":"2025-10-19T15:37:38+00:00","og_image":[{"width":600,"height":600,"url":"https:\/\/chemgramx.com\/wp-content\/uploads\/2025\/10\/ungeschnittenes-heroin.jpg","type":"image\/jpeg"}],"twitter_card":"summary_large_image","twitter_misc":{"Dur\u00e9e de lecture estim\u00e9e":"3 minutes"},"schema":{"@context":"https:\/\/schema.org","@graph":[{"@type":"WebPage","@id":"https:\/\/chemgramx.com\/product\/kaufen-sie-unverschnittenes-heroin\/","url":"https:\/\/chemgramx.com\/product\/kaufen-sie-unverschnittenes-heroin\/","name":"Kaufen Sie unverschnittenes Heroin Chemgramx","isPartOf":{"@id":"https:\/\/chemgramx.com\/#website"},"primaryImageOfPage":{"@id":"https:\/\/chemgramx.com\/product\/kaufen-sie-unverschnittenes-heroin\/#primaryimage"},"image":{"@id":"https:\/\/chemgramx.com\/product\/kaufen-sie-unverschnittenes-heroin\/#primaryimage"},"thumbnailUrl":"https:\/\/chemgramx.com\/wp-content\/uploads\/2025\/10\/ungeschnittenes-heroin.jpg","datePublished":"2025-10-18T17:48:07+00:00","dateModified":"2025-10-19T15:37:38+00:00","description":"Zu den gesundheitlichen Risiken des Konsums von unverstrecktem Heroin z\u00e4hlen ein erh\u00f6htes Sucht- und \u00dcberdosisrisiko sowie eine h\u00f6here HIV- und andere Infektionsrate.","breadcrumb":{"@id":"https:\/\/chemgramx.com\/product\/kaufen-sie-unverschnittenes-heroin\/#breadcrumb"},"inLanguage":"fr-FR","potentialAction":[{"@type":"ReadAction","target":["https:\/\/chemgramx.com\/product\/kaufen-sie-unverschnittenes-heroin\/"]}]},{"@type":"ImageObject","inLanguage":"fr-FR","@id":"https:\/\/chemgramx.com\/product\/kaufen-sie-unverschnittenes-heroin\/#primaryimage","url":"https:\/\/chemgramx.com\/wp-content\/uploads\/2025\/10\/ungeschnittenes-heroin.jpg","contentUrl":"https:\/\/chemgramx.com\/wp-content\/uploads\/2025\/10\/ungeschnittenes-heroin.jpg","width":600,"height":600,"caption":"Ungeschnittenes Heroin"},{"@type":"BreadcrumbList","@id":"https:\/\/chemgramx.com\/product\/kaufen-sie-unverschnittenes-heroin\/#breadcrumb","itemListElement":[{"@type":"ListItem","position":1,"name":"Home","item":"https:\/\/chemgramx.com\/"},{"@type":"ListItem","position":2,"name":"Shop","item":"https:\/\/chemgramx.com\/shop\/"},{"@type":"ListItem","position":3,"name":"Kaufen Sie unverschnittenes Heroin"}]},{"@type":"WebSite","@id":"https:\/\/chemgramx.com\/#website","url":"https:\/\/chemgramx.com\/","name":"Chemgramx","description":"","publisher":{"@id":"https:\/\/chemgramx.com\/#organization"},"potentialAction":[{"@type":"SearchAction","target":{"@type":"EntryPoint","urlTemplate":"https:\/\/chemgramx.com\/?s={search_term_string}"},"query-input":{"@type":"PropertyValueSpecification","valueRequired":true,"valueName":"search_term_string"}}],"inLanguage":"fr-FR"},{"@type":"Organization","@id":"https:\/\/chemgramx.com\/#organization","name":"Chemgramx","url":"https:\/\/chemgramx.com\/","logo":{"@type":"ImageObject","inLanguage":"fr-FR","@id":"https:\/\/chemgramx.com\/#\/schema\/logo\/image\/","url":"https:\/\/chemgramx.com\/wp-content\/uploads\/2024\/10\/final-logo.png","contentUrl":"https:\/\/chemgramx.com\/wp-content\/uploads\/2024\/10\/final-logo.png","width":250,"height":48,"caption":"Chemgramx"},"image":{"@id":"https:\/\/chemgramx.com\/#\/schema\/logo\/image\/"}}]}},"_links":{"self":[{"href":"https:\/\/chemgramx.com\/fr\/wp-json\/wp\/v2\/product\/2916","targetHints":{"allow":["GET"]}}],"collection":[{"href":"https:\/\/chemgramx.com\/fr\/wp-json\/wp\/v2\/product"}],"about":[{"href":"https:\/\/chemgramx.com\/fr\/wp-json\/wp\/v2\/types\/product"}],"replies":[{"embeddable":true,"href":"https:\/\/chemgramx.com\/fr\/wp-json\/wp\/v2\/comments?post=2916"}],"wp:featuredmedia":[{"embeddable":true,"href":"https:\/\/chemgramx.com\/fr\/wp-json\/wp\/v2\/media\/2915"}],"wp:attachment":[{"href":"https:\/\/chemgramx.com\/fr\/wp-json\/wp\/v2\/media?parent=2916"}],"wp:term":[{"taxonomy":"product_brand","embeddable":true,"href":"https:\/\/chemgramx.com\/fr\/wp-json\/wp\/v2\/product_brand?post=2916"},{"taxonomy":"product_cat","embeddable":true,"href":"https:\/\/chemgramx.com\/fr\/wp-json\/wp\/v2\/product_cat?post=2916"},{"taxonomy":"product_tag","embeddable":true,"href":"https:\/\/chemgramx.com\/fr\/wp-json\/wp\/v2\/product_tag?post=2916"}],"curies":[{"name":"wp","href":"https:\/\/api.w.org\/{rel}","templated":true}]}}