{"id":2960,"date":"2025-10-18T20:04:41","date_gmt":"2025-10-18T20:04:41","guid":{"rendered":"https:\/\/chemgramx.com\/product\/buy-ephedrine-hydrochloride-powder-online-at-hazy-puff-depot\/"},"modified":"2025-10-19T10:46:13","modified_gmt":"2025-10-19T10:46:13","slug":"ephedrine-hydrochloride-powder","status":"publish","type":"product","link":"https:\/\/chemgramx.com\/fr\/produit\/ephedrine-hydrochloride-powder\/","title":{"rendered":"Ephedrine Hydrochloride Powder"},"content":{"rendered":"<h2><span dir=\"auto\">Ephedrinhydrochlorid zu verkaufen \u2013 Ephedrinhydrochlorid online kaufen<\/span><\/h2>\n<p><span dir=\"auto\">Acheter\u00a0<\/span><strong data-start=\"67\" data-end=\"101\"><span dir=\"auto\">Ephedrinhydrochlorid-Pulver<\/span><\/strong><span dir=\"auto\">\u00a0online bei Hazy Puff Depot. Wir bieten authentische, 100 % reine Produkte zu wettbewerbsf\u00e4higen Preisen. Wir verkaufen Qualit\u00e4tsprodukte seit 2010 und garantieren sichere, diskrete Lieferung mit kostenlosem weltweiten Versand. Profitieren Sie von sicherer Bitcoin-Zahlung und anonymem, diskretem Versand, um Ihre Privatsph\u00e4re zu sch\u00fctzen. Vertrauen Sie Hazy Puff Depot f\u00fcr hochwertige Produkte und zuverl\u00e4ssigen Service.<\/span><\/p>\n<h2><span dir=\"auto\">Kaufen Sie jetzt auf unserer Website ein und bestellen Sie Ihr Ephedrinhydrochlorid-Pulver sicher, mit garantiert diskretem Versand.<\/span><\/h2>\n<p class=\"\" data-start=\"240\" data-end=\"310\"><strong data-start=\"240\" data-end=\"310\"><span dir=\"auto\">Ephedrin-HCL-Pulver: Eine legale Alternative zur verst\u00e4rkten Stimulation<\/span><\/strong><\/p>\n<p class=\"\" data-start=\"312\" data-end=\"634\"><strong data-start=\"765\" data-end=\"803\"><span dir=\"auto\">Ephedrinhydrochlorid-Pulver dient als legale Alternative zu vielen verbotenen Substanzen und wird oft als \u201e\u00a0<\/span><\/strong><strong data-start=\"424\" data-end=\"438\"><span dir=\"auto\">Legal High<\/span><\/strong><span dir=\"auto\">\u00a0\u201c bezeichnet\u00a0. Dieses starke Stimulans des zentralen Nervensystems kommt nat\u00fcrlicherweise in mehreren Kr\u00e4utern vor, darunter\u00a0<\/span><strong data-start=\"533\" data-end=\"562\"><span dir=\"auto\">Ma Huang (Ephedra sinica)<\/span><\/strong><span dir=\"auto\">\u00a0,\u00a0<\/span><strong data-start=\"564\" data-end=\"597\"><span dir=\"auto\">Kava-Kava (Piper methysticum)<\/span><\/strong><span dir=\"auto\">\u00a0et\u00a0<\/span><strong data-start=\"603\" data-end=\"633\"><span dir=\"auto\">Guarana (Paullinia cupana)<\/span><\/strong><span dir=\"auto\">\u00a0.<\/span><\/p>\n<p class=\"\" data-start=\"636\" data-end=\"1119\"><span dir=\"auto\">Hersteller gewinnen\u00a0<\/span><strong data-start=\"657\" data-end=\"684\"><span dir=\"auto\">Ephedrinhydrochlorid \u2013 allgemein\u00a0<\/span><\/strong><strong data-start=\"701\" data-end=\"718\"><span dir=\"auto\">Ephedrin HCL<\/span><\/strong><span dir=\"auto\">\u00a0,\u00a0<\/span><strong data-start=\"720\" data-end=\"727\"><span dir=\"auto\">EHP<\/span><\/strong><span dir=\"auto\">\u00a0genannt\u00a0oder manchmal f\u00e4lschlicherweise mit\u00a0<\/span><strong data-start=\"769\" data-end=\"788\"><span dir=\"auto\">M\u00e9thamph\u00e9tamine<\/span><\/strong><span dir=\"auto\">\u00a0in Verbindung gebracht \u2013 direkt aus diesen Pflanzen. In seiner reinen Form erscheint\u00a0<\/span><strong data-start=\"835\" data-end=\"852\"><span dir=\"auto\">Ephedrin HCL<\/span><\/strong><span dir=\"auto\">\u00a0als wei\u00dfer, kristalliner Feststoff, der sich leicht in Wasser l\u00f6st. Heutzutage finden K\u00e4ufer eine Vielzahl von Ephedrin-basierten Produkten online, insbesondere bei vertrauensw\u00fcrdigen Anbietern wie\u00a0<\/span><strong data-start=\"1028\" data-end=\"1047\"><span dir=\"auto\">Hazy Puff Depot<\/span><\/strong><span dir=\"auto\">\u00a0qui\u00a0<\/span><strong data-start=\"1058\" data-end=\"1085\"><span dir=\"auto\">eine sichere und diskrete Lieferung<\/span><\/strong><span dir=\"auto\">\u00a0avec\u00a0<\/span><strong data-start=\"1091\" data-end=\"1118\"><span dir=\"auto\">sicherer Bitcoin-Zahlung<\/span><\/strong><span dir=\"auto\">\u00a0anbieten .<\/span><\/p>\n<h3><span dir=\"auto\">Wo Sie hochwertiges Ephedrin-HCL-Pulver zum Verkauf finden<\/span><\/h3>\n<p><span dir=\"auto\">Finden Sie\u00a0<\/span><strong data-start=\"66\" data-end=\"90\"><span dir=\"auto\">Ephedrin-HCl-Pulver<\/span><\/strong><span dir=\"auto\">\u00a0ganz einfach in vertrauensw\u00fcrdigen Online-Shops wie\u00a0<\/span><strong data-start=\"128\" data-end=\"147\"><span dir=\"auto\">Hazy Puff Depot<\/span><\/strong><span dir=\"auto\">\u00a0. Kaufen Sie\u00a0<\/span><strong data-start=\"158\" data-end=\"182\"><span dir=\"auto\">Ephedrin-HCl-Pulver<\/span><\/strong><span dir=\"auto\">\u00a0direkt von verschiedenen Websites ohne Rezept. Sichere Bitcoin-Zahlungen und diskreter Versand garantieren Ihnen Privatsph\u00e4re und Sorgfalt bei jeder Bestellung.<\/span><\/p>\n<h2 class=\"\" data-start=\"62\" data-end=\"89\"><span dir=\"auto\">Wie wirkt Ephedrin?<\/span><\/h2>\n<p class=\"\" data-start=\"91\" data-end=\"520\"><strong data-start=\"765\" data-end=\"803\"><span dir=\"auto\">Ephedrinhydrochlorid-Pulver<\/span><\/strong><span dir=\"auto\">\u00a0stimuliert bestimmte Chemikalien im Gehirn, die lebenswichtige Funktionen wie\u00a0<\/span><strong data-start=\"185\" data-end=\"203\"><span dir=\"auto\">Blutdruck<\/span><\/strong><span dir=\"auto\">\u00a0,\u00a0<\/span><strong data-start=\"205\" data-end=\"219\"><span dir=\"auto\">Herzfrequenz<\/span><\/strong><span dir=\"auto\">\u00a0,\u00a0<\/span><strong data-start=\"221\" data-end=\"234\"><span dir=\"auto\">Atmung<\/span><\/strong><span dir=\"auto\">\u00a0et\u00a0<\/span><strong data-start=\"240\" data-end=\"260\"><span dir=\"auto\">K\u00f6rpertemperatur<\/span><\/strong><span dir=\"auto\">\u00a0steuern . Die orale Einnahme\u00a0<\/span><strong data-start=\"276\" data-end=\"289\" data-is-only-node=\"\"><span dir=\"auto\">von Ephedrin<\/span><\/strong><span dir=\"auto\">\u00a0aktiviert direkt die Nebennieren und regt sie zur Aussch\u00fcttung von\u00a0<\/span><strong data-start=\"366\" data-end=\"380\"><span dir=\"auto\">Adrenalin<\/span><\/strong><span dir=\"auto\">\u00a0an . Dieses Hormon reguliert dann sowohl Blutdruck als auch Herzfrequenz, steigert die Energie, erh\u00f6ht die Wachsamkeit und verbessert die Luftzufuhr zur Lunge.<\/span><\/p>\n<p class=\"\" data-start=\"154\" data-end=\"175\"><strong data-start=\"154\" data-end=\"175\"><span dir=\"auto\">Produkteigenschaften:<\/span><\/strong><\/p>\n<ul data-start=\"176\" data-end=\"552\">\n<li class=\"\" data-start=\"176\" data-end=\"245\">\n<p class=\"\" data-start=\"178\" data-end=\"245\"><strong data-start=\"178\" data-end=\"222\"><span dir=\"auto\">100 % reines Ephedrinhydrochlorid-Pulver<\/span><\/strong><span dir=\"auto\">\u00a0, das h\u00f6chste Qualit\u00e4t garantiert.<\/span><\/p>\n<\/li>\n<li class=\"\" data-start=\"246\" data-end=\"307\">\n<p class=\"\" data-start=\"248\" data-end=\"307\"><strong data-start=\"248\" data-end=\"278\"><span dir=\"auto\">Sicher und effektiv in der Anwendung<\/span><\/strong><span dir=\"auto\">\u00a0, liefert zuverl\u00e4ssige Ergebnisse.<\/span><\/p>\n<\/li>\n<li class=\"\" data-start=\"308\" data-end=\"395\">\n<p class=\"\" data-start=\"310\" data-end=\"395\"><strong data-start=\"310\" data-end=\"336\"><span dir=\"auto\">Sichere Bitcoin-Zahlung<\/span><\/strong><span dir=\"auto\">\u00a0et\u00a0<\/span><strong data-start=\"341\" data-end=\"362\"><span dir=\"auto\">envoi discret<\/span><\/strong><span dir=\"auto\">\u00a0f\u00fcr ein nahtloses Erlebnis.<\/span><\/p>\n<\/li>\n<li class=\"\" data-start=\"396\" data-end=\"470\">\n<p class=\"\" data-start=\"398\" data-end=\"470\"><strong data-start=\"398\" data-end=\"425\"><span dir=\"auto\">Kostenloser weltweiter Versand<\/span><\/strong><span dir=\"auto\">\u00a0bei jeder Bestellung, damit Sie unbeschwert einkaufen k\u00f6nnen.<\/span><\/p>\n<\/li>\n<li class=\"\" data-start=\"471\" data-end=\"552\">\n<p class=\"\" data-start=\"53\" data-end=\"124\"><span dir=\"auto\">Wir vakuumieren und <a href=\"https:\/\/chemgramx.com\/fr\/produit\/mushroom-tea-kaufen\/\">verpacken<\/a> jede Bestellung diskret, um absolute Vertraulichkeit zu gew\u00e4hrleisten.<\/span><\/p>\n<p><span dir=\"auto\">Weitere Informationen zu Online-Kauf, diskretem\u00a0<a rel=\"noopener\" data-start=\"205\" data-end=\"282\">Versand\u00a0<\/a><\/span><strong data-start=\"122\" data-end=\"178\"><span dir=\"auto\">und globalen Bezugsquellen<\/span><\/strong><span dir=\"auto\">\u00a0finden Sie\u00a0in unserem Blog. Bleiben Sie \u00fcber\u00a0<strong data-start=\"326\" data-end=\"340\">aktuelle Trends<\/strong>\u00a0in der Branche informiert und lesen Sie unseren Artikel\u00a0<a rel=\"noopener\" data-start=\"368\" data-end=\"435\">\u201eNeue Trends und die Zukunft von Ephedrin\u201c<\/a>\u00a0. Beide Quellen bieten wertvolle Informationen, die Ihnen helfen, sich sicher und einfach auf dem Markt zurechtzufinden.<\/span><\/li>\n<\/ul>\n<h2 class=\"\" data-start=\"72\" data-end=\"120\"><span dir=\"auto\">Welche Nebenwirkungen hat die Einnahme von Ephedrin?<\/span><\/h2>\n<p class=\"\" data-start=\"122\" data-end=\"446\"><span dir=\"auto\">Die Einnahme\u00a0<\/span><strong data-start=\"128\" data-end=\"141\"><span dir=\"auto\">von Ephedrin<\/span><\/strong><span dir=\"auto\">\u00a0kann \u00e4hnliche Nebenwirkungen wie bei anderen Stimulanzien hervorrufen. H\u00e4ufige Nebenwirkungen sind\u00a0<\/span><strong data-start=\"233\" data-end=\"255\"><span dir=\"auto\">gesteigerter Appetit<\/span><\/strong><span dir=\"auto\">\u00a0,\u00a0<\/span><strong data-start=\"257\" data-end=\"269\"><span dir=\"auto\">Insomnie<\/span><\/strong><span dir=\"auto\">\u00a0,\u00a0<\/span><strong data-start=\"271\" data-end=\"282\"><span dir=\"auto\">Anxi\u00e9t\u00e9<\/span><\/strong><span dir=\"auto\">\u00a0,\u00a0<\/span><strong data-start=\"284\" data-end=\"300\"><span dir=\"auto\">Reizbarkeit<\/span><\/strong><span dir=\"auto\">\u00a0,\u00a0<\/span><strong data-start=\"302\" data-end=\"318\"><span dir=\"auto\">Unruhe<\/span><\/strong><span dir=\"auto\">\u00a0et\u00a0<\/span><strong data-start=\"324\" data-end=\"343\"><span dir=\"auto\">Herzrasen<\/span><\/strong><span dir=\"auto\">\u00a0. Achten Sie stets auf die Reaktion Ihres K\u00f6rpers und beenden Sie die Einnahme, wenn Sie Nebenwirkungen bemerken.<\/span><\/p>\n<h2 class=\"\" data-start=\"448\" data-end=\"503\"><span dir=\"auto\">Warum sollte ich Ephedrin anstelle illegaler Drogen verwenden?<\/span><\/h2>\n<p class=\"\" data-start=\"505\" data-end=\"857\"><span dir=\"auto\">Die Einnahme\u00a0<\/span><strong data-start=\"511\" data-end=\"524\"><span dir=\"auto\">von Ephedrin<\/span><\/strong><span dir=\"auto\">\u00a0anstelle illegaler Drogen ist sicherer.\u00a0<\/span><strong data-start=\"573\" data-end=\"586\"><span dir=\"auto\">Ephedrin<\/span><\/strong><span dir=\"auto\">\u00a0reduziert das Risiko einer \u00dcberdosierung gef\u00e4hrlicher, unregulierter Substanzen. Bei Vorerkrankungen konsultieren Sie\u00a0vor der Einnahme von\u00a0<strong data-start=\"742\" data-end=\"755\">Ephedrin\u00a0<\/strong><\/span><strong data-start=\"705\" data-end=\"728\"><span dir=\"auto\">Ihren Arzt<\/span><\/strong><span dir=\"auto\">\u00a0. Sie k\u00f6nnen\u00a0<strong data-start=\"765\" data-end=\"803\">Ephedrinhydrochlorid-Pulver<\/strong>\u00a0aus zuverl\u00e4ssigen Quellen beziehen und so optimale Qualit\u00e4t und Sicherheit gew\u00e4hrleisten.<\/span><\/p>\n<h2 class=\"\" data-start=\"51\" data-end=\"83\"><span dir=\"auto\">Ist Ephedrin in Kanada legal?<\/span><\/h2>\n<p class=\"\" data-start=\"85\" data-end=\"348\"><span dir=\"auto\">Ja,\u00a0<\/span><strong data-start=\"90\" data-end=\"103\"><span dir=\"auto\">Ephedrin ist in Kanada legal. Menschen mit Erkrankungen wie\u00a0<\/span><\/strong><strong data-start=\"161\" data-end=\"177\"><span dir=\"auto\">Bluthochdruck<\/span><\/strong><span dir=\"auto\">\u00a0,\u00a0<\/span><strong data-start=\"179\" data-end=\"196\"><span dir=\"auto\">Herzkrankheiten<\/span><\/strong><span dir=\"auto\">\u00a0,\u00a0<\/span><strong data-start=\"198\" data-end=\"210\"><span dir=\"auto\">Diabetes<\/span><\/strong><span dir=\"auto\">\u00a0,\u00a0<\/span><strong data-start=\"212\" data-end=\"226\"><span dir=\"auto\">Depressionen<\/span><\/strong><span dir=\"auto\">\u00a0oder anderen schweren Krankheiten sollten jedoch\u00a0auf die Einnahme verzichten. Konsultieren Sie vor der Einnahme immer einen Arzt.<\/span><\/p>","protected":false},"excerpt":{"rendered":"<p><span dir=\"auto\">Entdecken Sie die Premiumqualit\u00e4t von\u00a0<\/span><strong data-start=\"338\" data-end=\"372\"><span dir=\"auto\">Ephedrinhydrochlorid-Pulver<\/span><\/strong><span dir=\"auto\">\u00a0, bew\u00e4hrt f\u00fcr Forschung, chemische Synthese und Spezialprojekte. Dieses ultrafeine Pulver in pharmazeutischer Qualit\u00e4t bietet eine Reinheit von \u226599 % und ist perfekt f\u00fcr den professionellen Einsatz und den Laborgebrauch.<\/span><br \/>\n<span dir=\"auto\">Ephedrin HCL ist eine nat\u00fcrlich vorkommende Substanz aus der Familie der Ephedra-Pflanzen. Ephedrin ist weithin bekannt f\u00fcr seine Verwendung in Nahrungserg\u00e4nzungsmitteln zur Gewichtsabnahme und Di\u00e4tpillen. Es wird auch h\u00e4ufig zur Behandlung von Asthma und Bronchitis eingesetzt. Es ist ein Stimulans des zentralen Nervensystems, das Blutdruck und Herzfrequenz erh\u00f6ht, wodurch der K\u00f6rper schneller Kalorien verbrennt. Ephedrin wird h\u00e4ufig unter den Markennamen Methedrine, Methandral, Methedrine-D und Methedrine-M verkauft<\/span><\/p>","protected":false},"featured_media":2959,"comment_status":"open","ping_status":"closed","template":"","meta":{"_joinchat":[]},"product_brand":[],"product_cat":[60],"product_tag":[],"class_list":{"0":"post-2960","1":"product","2":"type-product","3":"status-publish","4":"has-post-thumbnail","6":"product_cat-crystal-meth","8":"first","9":"instock","10":"shipping-taxable","11":"purchasable","12":"product-type-simple"},"yoast_head":"<!-- This site is optimized with the Yoast SEO plugin v26.1.1 - https:\/\/yoast.com\/wordpress\/plugins\/seo\/ -->\n<title>Kaufen Sie Ephedrinhydrochlorid-Pulver online - Chemgramx<\/title>\n<meta name=\"description\" content=\"Erfahren Sie mehr \u00fcber Ephedrinhydrochlorid-Pulver, seine Anwendung, Wirkung und Nebenwirkungen. Kaufen Sie hochwertiges Ephedrin online mit sicheren, diskreten Zahlungsoptionen.\" \/>\n<meta name=\"robots\" content=\"index, follow, max-snippet:-1, max-image-preview:large, max-video-preview:-1\" \/>\n<link rel=\"canonical\" href=\"https:\/\/chemgramx.com\/fr\/produit\/ephedrine-hydrochloride-powder\/\" \/>\n<meta property=\"og:locale\" content=\"fr_FR\" \/>\n<meta property=\"og:type\" content=\"article\" \/>\n<meta property=\"og:title\" content=\"Kaufen Sie Ephedrinhydrochlorid-Pulver online - Chemgramx\" \/>\n<meta property=\"og:description\" content=\"Erfahren Sie mehr \u00fcber Ephedrinhydrochlorid-Pulver, seine Anwendung, Wirkung und Nebenwirkungen. Kaufen Sie hochwertiges Ephedrin online mit sicheren, diskreten Zahlungsoptionen.\" \/>\n<meta property=\"og:url\" content=\"https:\/\/chemgramx.com\/fr\/produit\/ephedrine-hydrochloride-powder\/\" \/>\n<meta property=\"og:site_name\" content=\"Chemgramx\" \/>\n<meta property=\"article:modified_time\" content=\"2025-10-19T10:46:13+00:00\" \/>\n<meta property=\"og:image\" content=\"https:\/\/chemgramx.com\/wp-content\/uploads\/2025\/10\/buy-ephedrine-hydrochloride-powder-online-at-hazy-puff-depot.png\" \/>\n\t<meta property=\"og:image:width\" content=\"300\" \/>\n\t<meta property=\"og:image:height\" content=\"300\" \/>\n\t<meta property=\"og:image:type\" content=\"image\/png\" \/>\n<meta name=\"twitter:card\" content=\"summary_large_image\" \/>\n<meta name=\"twitter:label1\" content=\"Dur\u00e9e de lecture estim\u00e9e\" \/>\n\t<meta name=\"twitter:data1\" content=\"3 minutes\" \/>\n<script type=\"application\/ld+json\" class=\"yoast-schema-graph\">{\"@context\":\"https:\/\/schema.org\",\"@graph\":[{\"@type\":\"WebPage\",\"@id\":\"https:\/\/chemgramx.com\/product\/ephedrine-hydrochloride-powder\/\",\"url\":\"https:\/\/chemgramx.com\/product\/ephedrine-hydrochloride-powder\/\",\"name\":\"Kaufen Sie Ephedrinhydrochlorid-Pulver online - Chemgramx\",\"isPartOf\":{\"@id\":\"https:\/\/chemgramx.com\/#website\"},\"primaryImageOfPage\":{\"@id\":\"https:\/\/chemgramx.com\/product\/ephedrine-hydrochloride-powder\/#primaryimage\"},\"image\":{\"@id\":\"https:\/\/chemgramx.com\/product\/ephedrine-hydrochloride-powder\/#primaryimage\"},\"thumbnailUrl\":\"https:\/\/chemgramx.com\/wp-content\/uploads\/2025\/10\/buy-ephedrine-hydrochloride-powder-online-at-hazy-puff-depot.png\",\"datePublished\":\"2025-10-18T20:04:41+00:00\",\"dateModified\":\"2025-10-19T10:46:13+00:00\",\"description\":\"Erfahren Sie mehr \u00fcber Ephedrinhydrochlorid-Pulver, seine Anwendung, Wirkung und Nebenwirkungen. Kaufen Sie hochwertiges Ephedrin online mit sicheren, diskreten Zahlungsoptionen.\",\"breadcrumb\":{\"@id\":\"https:\/\/chemgramx.com\/product\/ephedrine-hydrochloride-powder\/#breadcrumb\"},\"inLanguage\":\"fr-FR\",\"potentialAction\":[{\"@type\":\"ReadAction\",\"target\":[\"https:\/\/chemgramx.com\/product\/ephedrine-hydrochloride-powder\/\"]}]},{\"@type\":\"ImageObject\",\"inLanguage\":\"fr-FR\",\"@id\":\"https:\/\/chemgramx.com\/product\/ephedrine-hydrochloride-powder\/#primaryimage\",\"url\":\"https:\/\/chemgramx.com\/wp-content\/uploads\/2025\/10\/buy-ephedrine-hydrochloride-powder-online-at-hazy-puff-depot.png\",\"contentUrl\":\"https:\/\/chemgramx.com\/wp-content\/uploads\/2025\/10\/buy-ephedrine-hydrochloride-powder-online-at-hazy-puff-depot.png\",\"width\":300,\"height\":300,\"caption\":\"Buy Ephedrine Hydrochloride Powder online at Hazy Puff Depot\"},{\"@type\":\"BreadcrumbList\",\"@id\":\"https:\/\/chemgramx.com\/product\/ephedrine-hydrochloride-powder\/#breadcrumb\",\"itemListElement\":[{\"@type\":\"ListItem\",\"position\":1,\"name\":\"Home\",\"item\":\"https:\/\/chemgramx.com\/\"},{\"@type\":\"ListItem\",\"position\":2,\"name\":\"Shop\",\"item\":\"https:\/\/chemgramx.com\/shop\/\"},{\"@type\":\"ListItem\",\"position\":3,\"name\":\"Ephedrine Hydrochloride Powder\"}]},{\"@type\":\"WebSite\",\"@id\":\"https:\/\/chemgramx.com\/#website\",\"url\":\"https:\/\/chemgramx.com\/\",\"name\":\"Chemgramx\",\"description\":\"\",\"publisher\":{\"@id\":\"https:\/\/chemgramx.com\/#organization\"},\"potentialAction\":[{\"@type\":\"SearchAction\",\"target\":{\"@type\":\"EntryPoint\",\"urlTemplate\":\"https:\/\/chemgramx.com\/?s={search_term_string}\"},\"query-input\":{\"@type\":\"PropertyValueSpecification\",\"valueRequired\":true,\"valueName\":\"search_term_string\"}}],\"inLanguage\":\"fr-FR\"},{\"@type\":\"Organization\",\"@id\":\"https:\/\/chemgramx.com\/#organization\",\"name\":\"Chemgramx\",\"url\":\"https:\/\/chemgramx.com\/\",\"logo\":{\"@type\":\"ImageObject\",\"inLanguage\":\"fr-FR\",\"@id\":\"https:\/\/chemgramx.com\/#\/schema\/logo\/image\/\",\"url\":\"https:\/\/chemgramx.com\/wp-content\/uploads\/2024\/10\/final-logo.png\",\"contentUrl\":\"https:\/\/chemgramx.com\/wp-content\/uploads\/2024\/10\/final-logo.png\",\"width\":250,\"height\":48,\"caption\":\"Chemgramx\"},\"image\":{\"@id\":\"https:\/\/chemgramx.com\/#\/schema\/logo\/image\/\"}}]}<\/script>\n<!-- \/ Yoast SEO plugin. -->","yoast_head_json":{"title":"Kaufen Sie Ephedrinhydrochlorid-Pulver online - Chemgramx","description":"Erfahren Sie mehr \u00fcber Ephedrinhydrochlorid-Pulver, seine Anwendung, Wirkung und Nebenwirkungen. Kaufen Sie hochwertiges Ephedrin online mit sicheren, diskreten Zahlungsoptionen.","robots":{"index":"index","follow":"follow","max-snippet":"max-snippet:-1","max-image-preview":"max-image-preview:large","max-video-preview":"max-video-preview:-1"},"canonical":"https:\/\/chemgramx.com\/fr\/produit\/ephedrine-hydrochloride-powder\/","og_locale":"fr_FR","og_type":"article","og_title":"Kaufen Sie Ephedrinhydrochlorid-Pulver online - Chemgramx","og_description":"Erfahren Sie mehr \u00fcber Ephedrinhydrochlorid-Pulver, seine Anwendung, Wirkung und Nebenwirkungen. Kaufen Sie hochwertiges Ephedrin online mit sicheren, diskreten Zahlungsoptionen.","og_url":"https:\/\/chemgramx.com\/fr\/produit\/ephedrine-hydrochloride-powder\/","og_site_name":"Chemgramx","article_modified_time":"2025-10-19T10:46:13+00:00","og_image":[{"width":300,"height":300,"url":"https:\/\/chemgramx.com\/wp-content\/uploads\/2025\/10\/buy-ephedrine-hydrochloride-powder-online-at-hazy-puff-depot.png","type":"image\/png"}],"twitter_card":"summary_large_image","twitter_misc":{"Dur\u00e9e de lecture estim\u00e9e":"3 minutes"},"schema":{"@context":"https:\/\/schema.org","@graph":[{"@type":"WebPage","@id":"https:\/\/chemgramx.com\/product\/ephedrine-hydrochloride-powder\/","url":"https:\/\/chemgramx.com\/product\/ephedrine-hydrochloride-powder\/","name":"Kaufen Sie Ephedrinhydrochlorid-Pulver online - Chemgramx","isPartOf":{"@id":"https:\/\/chemgramx.com\/#website"},"primaryImageOfPage":{"@id":"https:\/\/chemgramx.com\/product\/ephedrine-hydrochloride-powder\/#primaryimage"},"image":{"@id":"https:\/\/chemgramx.com\/product\/ephedrine-hydrochloride-powder\/#primaryimage"},"thumbnailUrl":"https:\/\/chemgramx.com\/wp-content\/uploads\/2025\/10\/buy-ephedrine-hydrochloride-powder-online-at-hazy-puff-depot.png","datePublished":"2025-10-18T20:04:41+00:00","dateModified":"2025-10-19T10:46:13+00:00","description":"Erfahren Sie mehr \u00fcber Ephedrinhydrochlorid-Pulver, seine Anwendung, Wirkung und Nebenwirkungen. Kaufen Sie hochwertiges Ephedrin online mit sicheren, diskreten Zahlungsoptionen.","breadcrumb":{"@id":"https:\/\/chemgramx.com\/product\/ephedrine-hydrochloride-powder\/#breadcrumb"},"inLanguage":"fr-FR","potentialAction":[{"@type":"ReadAction","target":["https:\/\/chemgramx.com\/product\/ephedrine-hydrochloride-powder\/"]}]},{"@type":"ImageObject","inLanguage":"fr-FR","@id":"https:\/\/chemgramx.com\/product\/ephedrine-hydrochloride-powder\/#primaryimage","url":"https:\/\/chemgramx.com\/wp-content\/uploads\/2025\/10\/buy-ephedrine-hydrochloride-powder-online-at-hazy-puff-depot.png","contentUrl":"https:\/\/chemgramx.com\/wp-content\/uploads\/2025\/10\/buy-ephedrine-hydrochloride-powder-online-at-hazy-puff-depot.png","width":300,"height":300,"caption":"Buy Ephedrine Hydrochloride Powder online at Hazy Puff Depot"},{"@type":"BreadcrumbList","@id":"https:\/\/chemgramx.com\/product\/ephedrine-hydrochloride-powder\/#breadcrumb","itemListElement":[{"@type":"ListItem","position":1,"name":"Home","item":"https:\/\/chemgramx.com\/"},{"@type":"ListItem","position":2,"name":"Shop","item":"https:\/\/chemgramx.com\/shop\/"},{"@type":"ListItem","position":3,"name":"Ephedrine Hydrochloride Powder"}]},{"@type":"WebSite","@id":"https:\/\/chemgramx.com\/#website","url":"https:\/\/chemgramx.com\/","name":"Chemgramx","description":"","publisher":{"@id":"https:\/\/chemgramx.com\/#organization"},"potentialAction":[{"@type":"SearchAction","target":{"@type":"EntryPoint","urlTemplate":"https:\/\/chemgramx.com\/?s={search_term_string}"},"query-input":{"@type":"PropertyValueSpecification","valueRequired":true,"valueName":"search_term_string"}}],"inLanguage":"fr-FR"},{"@type":"Organization","@id":"https:\/\/chemgramx.com\/#organization","name":"Chemgramx","url":"https:\/\/chemgramx.com\/","logo":{"@type":"ImageObject","inLanguage":"fr-FR","@id":"https:\/\/chemgramx.com\/#\/schema\/logo\/image\/","url":"https:\/\/chemgramx.com\/wp-content\/uploads\/2024\/10\/final-logo.png","contentUrl":"https:\/\/chemgramx.com\/wp-content\/uploads\/2024\/10\/final-logo.png","width":250,"height":48,"caption":"Chemgramx"},"image":{"@id":"https:\/\/chemgramx.com\/#\/schema\/logo\/image\/"}}]}},"_links":{"self":[{"href":"https:\/\/chemgramx.com\/fr\/wp-json\/wp\/v2\/product\/2960","targetHints":{"allow":["GET"]}}],"collection":[{"href":"https:\/\/chemgramx.com\/fr\/wp-json\/wp\/v2\/product"}],"about":[{"href":"https:\/\/chemgramx.com\/fr\/wp-json\/wp\/v2\/types\/product"}],"replies":[{"embeddable":true,"href":"https:\/\/chemgramx.com\/fr\/wp-json\/wp\/v2\/comments?post=2960"}],"wp:featuredmedia":[{"embeddable":true,"href":"https:\/\/chemgramx.com\/fr\/wp-json\/wp\/v2\/media\/2959"}],"wp:attachment":[{"href":"https:\/\/chemgramx.com\/fr\/wp-json\/wp\/v2\/media?parent=2960"}],"wp:term":[{"taxonomy":"product_brand","embeddable":true,"href":"https:\/\/chemgramx.com\/fr\/wp-json\/wp\/v2\/product_brand?post=2960"},{"taxonomy":"product_cat","embeddable":true,"href":"https:\/\/chemgramx.com\/fr\/wp-json\/wp\/v2\/product_cat?post=2960"},{"taxonomy":"product_tag","embeddable":true,"href":"https:\/\/chemgramx.com\/fr\/wp-json\/wp\/v2\/product_tag?post=2960"}],"curies":[{"name":"wp","href":"https:\/\/api.w.org\/{rel}","templated":true}]}}