{"id":6428,"date":"2025-11-21T11:05:20","date_gmt":"2025-11-21T11:05:20","guid":{"rendered":"https:\/\/chemgramx.com\/?post_type=product&#038;p=6428"},"modified":"2025-11-21T11:06:23","modified_gmt":"2025-11-21T11:06:23","slug":"acheter-alpha-methyltryptamine-amt","status":"publish","type":"product","link":"https:\/\/chemgramx.com\/fr\/product\/alpha-methyltryptamine-amt-kaufen\/","title":{"rendered":"Acheter de l'alpha-m\u00e9thyltryptamine (aMT)"},"content":{"rendered":"<p><b>alpha-m\u00e9thyltryptamine (<span class=\"math-inline\" data-math=\"alpha\">$alpha<\/span>)<\/b> est un produit chimique de recherche sp\u00e9cialis\u00e9 appartenant \u00e0 la classe fondamentale des tryptamines. Cette substance est <b>exclusivement<\/b> sont destin\u00e9s \u00e0 des \u00e9tudes scientifiques dans des environnements de laboratoire strictement contr\u00f4l\u00e9s. La particularit\u00e9 chimique de la <b>alpha-m\u00e9thylation<\/b> fait <span class=\"math-inline\" data-math=\"alpha\">$alpha$<\/span>MT est devenu un outil de recherche essentiel pour \u00e9tudier les <b>Monoamine oxydase (MAO)<\/b> et des r\u00e9cepteurs des neurotransmetteurs. En effet, la grande puret\u00e9 (<span class=\"math-inline\" data-math=\"ge 98%\">$ge 98%$<\/span>) et la documentation analytique d\u00e9taill\u00e9e (HPLC, GC\/MS) garantissent la fiabilit\u00e9 des r\u00e9sultats de recherche. En cons\u00e9quence, l'acquisition et la manipulation de <span class=\"math-inline\" data-math=\"alpha\">$alpha$<\/span>MT les protocoles de s\u00e9curit\u00e9, \u00e9thiques et juridiques les plus stricts, dont le respect est obligatoire pour tout \u00e9tablissement de recherche.<\/p>\n<h2>Propri\u00e9t\u00e9s chimiques : Le r\u00f4le de l'a<span class=\"math-inline\" data-math=\"alpha\">lpha<\/span>M\u00e9thylation<\/h2>\n<p>La structure chimique de <span class=\"math-inline\" data-math=\"alpha\">$alpha$<\/span>MT est la cl\u00e9 de son r\u00f4le unique dans la neuropharmacologie. Le nom chimique <b>alpha-m\u00e9thyltryptamine<\/b> d\u00e9crit la structure : il s'agit d'une mol\u00e9cule de tryptamine qui porte un groupe m\u00e9thyle sur l'atome de carbone alpha de la cha\u00eene lat\u00e9rale.<\/p>\n<h3>Structure et stabilit\u00e9 de la tryptamine<\/h3>\n<p><span class=\"math-inline\" data-math=\"alpha\">alpha<\/span>MT est un <b>Indol-alkylamine<\/b>, qui est chimiquement tr\u00e8s proche du neurotransmetteur endog\u00e8ne s\u00e9rotonine (5-hydroxytryptamine). Cette similitude structurelle justifie son int\u00e9r\u00eat premier pour la recherche dans le domaine des syst\u00e8mes de monoamines.<\/p>\n<p>Les {<span class=\"math-inline\" data-math=\"mathbf{alpha}\">alpha}<\/span>-m\u00e9thyle, cette substitution sur l'atome C2 de la cha\u00eene lat\u00e9rale de l'\u00e9thylamine, est d'une importance chimique d\u00e9cisive. Elle n'est pas seulement un petit d\u00e9tail structurel, mais a des cons\u00e9quences biologiques profondes. Principalement <b>bloque<\/b> le groupe m\u00e9thyle le <b>Centre de d\u00e9samination de la <a href=\"\/product\/ketamine-hcl-kaufen\/\">Monoamine oxydase<\/a> (MAO)<\/b>, l'enzyme primaire qui d\u00e9compose les tryptamines dans le corps. Il s'ensuit que, dans le contexte de la recherche, le MT a un r\u00f4le nettement plus important \u00e0 jouer. <b>demi-vie plus longue<\/b> et une <b>une plus grande stabilit\u00e9 biologique<\/b> par rapport aux tryptamines non substitu\u00e9es.<\/p>\n<h3>Forme physique et exigences de stockage<\/h3>\n<p>MT est disponible en tant que <b>poudre cristalline<\/b> de l'\u00e9chantillon. Il est tr\u00e8s soluble dans les solvants organiques, ce qui facilite consid\u00e9rablement la pr\u00e9paration des solutions de recherche pour les essais chimiques analytiques ou cellulaires. Ces propri\u00e9t\u00e9s de solubilit\u00e9 sont importantes pour l'extraction et la s\u00e9paration chromatographique.<\/p>\n<p>Bien que les <span class=\"math-inline\" data-math=\"alpha\">alpha<\/span>m\u00e9thylation augmente la stabilit\u00e9 m\u00e9tabolique, le compos\u00e9 lui-m\u00eame est <b>sensible \u00e0 la lumi\u00e8re et \u00e0 l'oxyg\u00e8ne<\/b>. C'est pourquoi les conditions de stockage strictes dans <b>Cong\u00e9lateur <span class=\"math-inline\" data-math=\"mathbf{-20^circ C}\">-20 C<\/span><\/b>, sous <b>Atmosph\u00e8re de gaz inerte<\/b> (comme l'argon\/azote) est absolument n\u00e9cessaire. Cela permet d'\u00e9viter l'oxydation du fragile anneau d'indole, qui entra\u00eenerait une d\u00e9composition rapide et une alt\u00e9ration de la puret\u00e9.<\/p>\n<h2>Applications de recherche et neuropharmacologie<\/h2>\n<p>Le MT est un outil classique et fondamental en neuropharmacologie, car il sert de <b>Mod\u00e8le multi-cibles<\/b> pour les syst\u00e8mes complexes de neurotransmetteurs.<\/p>\n<h3>Domaines de recherche pertinents<\/h3>\n<ul>\n<li><b>Recherche sur les r\u00e9cepteurs de monoamine :<\/b> <span class=\"math-inline\" data-math=\"alpha\">$alpha$<\/span>Le MT agit non seulement comme un agoniste des r\u00e9cepteurs de la s\u00e9rotonine (comme l'est le MT), mais aussi comme une substance qui agit sur le syst\u00e8me nerveux central. <span class=\"math-inline\" data-math=\"5-HT_{2A}\">$5-HT_{2A}$<\/span>), mais influence \u00e9galement la lib\u00e9ration et la recapture de la s\u00e9rotonine, de la dopamine et de la noradr\u00e9naline. Ces <b>\u201eActivit\u00e9 \u201cmulti-cibles<\/b> en fait un mod\u00e8le id\u00e9al pour \u00e9tudier les interactions complexes entre les diff\u00e9rents syst\u00e8mes de monoamines, ce qui est important pour le d\u00e9veloppement de nouveaux agents neuroactifs.<\/li>\n<li><b>recherche sur le m\u00e9tabolisme (\u00e9tudes MAO) :<\/b> Cette substance sert de standard important dans les \u00e9tudes d'inhibition ou de sp\u00e9cificit\u00e9 de substrat de la <b>Monoamine oxydase<\/b>. Dans ce contexte, l'efficacit\u00e9 des <span class=\"math-inline\" data-math=\"alpha\">$alpha$<\/span>-m\u00e9thylation dans la prolongation de l'activit\u00e9 biologique. Cette recherche est cruciale pour la compr\u00e9hension de la pharmacocin\u00e9tique du <span class=\"math-inline\" data-math=\"alpha\">$alpha$<\/span>-m\u00e9thyl\u00e9es.<\/li>\n<li><b>Relations structure-activit\u00e9 (SAR) :<\/b> <span class=\"math-inline\" data-math=\"alpha\">$alpha$<\/span>MT est consid\u00e9r\u00e9 comme <b>Point de r\u00e9f\u00e9rence<\/b> dans des \u00e9tudes comparatives afin de cartographier les effets d'autres substitutions (par exemple sur le noyau indole) sur l'affinit\u00e9 du r\u00e9cepteur et la r\u00e9sistance \u00e0 la MAO. Cela permet d'isoler les d\u00e9terminants mol\u00e9culaires de l'effet biologique.<\/li>\n<li><b>Toxicologie analytique :<\/b> Comme substance bien caract\u00e9ris\u00e9e, on utilise <span class=\"math-inline\" data-math=\"alpha\">$alpha$<\/span>MT comme standard de r\u00e9f\u00e9rence important pour le d\u00e9veloppement et la validation de m\u00e9thodes de d\u00e9tection m\u00e9dico-l\u00e9gales par HPLC ou GC\/MS.<\/li>\n<\/ul>\n<h2>Protocoles de s\u00e9curit\u00e9 et conformit\u00e9 l\u00e9gale<\/h2>\n<p>En raison de son utilisation historique et de son potentiel pharmacologique connu, sa manipulation doit se faire exclusivement selon les normes de s\u00e9curit\u00e9 de laboratoire les plus strictes et dans le strict respect de la l\u00e9gislation.<\/p>\n<h3>S\u00e9curit\u00e9 du laboratoire et normes BPL<\/h3>\n<p>La manipulation de la poudre cristalline n\u00e9cessite obligatoirement <b>\u00c9quipement de protection individuelle (EPI)<\/b>. Cela comprend des blouses de laboratoire, des gants jetables et une protection oculaire. En outre, le travail sous un <b>Sorbonne pour produits chimiques<\/b> obligatoire pour \u00e9viter toute exposition par inhalation, car la poudre est tr\u00e8s active.<\/p>\n<p>Le site <b>Documentation analytique<\/b> (certificats d'analyse, HPLC, donn\u00e9es GC\/MS) n'est pas seulement une preuve de qualit\u00e9, mais est obligatoire pour l'obligation de documentation dans le cadre de la <b>recherche conforme aux BPL<\/b> est n\u00e9cessaire. En outre, la disponibilit\u00e9 de <b>Mesures d'urgence<\/b> (douche oculaire et douche d'urgence) est obligatoire dans le laboratoire, car <span class=\"math-inline\" data-math=\"alpha\">$alpha$<\/span>le MT peut \u00eatre potentiellement toxique s'il n'est pas contr\u00f4l\u00e9.<\/p>\n<h3>Obligations l\u00e9gales et \u00e9thiques<\/h3>\n<p>L'achat de ce mat\u00e9riel est strictement li\u00e9 au respect des normes \u00e9thiques et juridiques les plus strictes. L'acheteur doit avoir un <b>Preuve de l'\u00e9tablissement de recherche<\/b> et de fournir aux <b>utilisation scientifique<\/b> d\u00e9crire clairement.<\/p>\n<h2>Remarques importantes et stockage<\/h2>\n<p>Le respect des conditions optimales de stockage est critique en raison de l'instabilit\u00e9 de l'assemblage.<\/p>\n<p><b>Conditions de stockage optimales :<\/b><\/p>\n<ul>\n<li><b>temp\u00e9rature :<\/b> <span class=\"math-inline\" data-math=\"mathbf{-20^circ C}\">-20 C<\/span>\u00a0(cong\u00e9lateur)<\/li>\n<li><b>atmosph\u00e8re :<\/b> Sur <b>Gaz inerte<\/b> (argon\/azote)<\/li>\n<li><b>Protection contre la lumi\u00e8re :<\/b> Dans des r\u00e9cipients sombres et opaques<\/li>\n<li><b>R\u00e9cipient :<\/b> Ferm\u00e9 herm\u00e9tiquement et clairement \u00e9tiquet\u00e9<\/li>\n<\/ul>\n<p><b>Quantit\u00e9s disponibles pour les instituts de recherche :<\/b><\/p>\n<ul>\n<li>\u00c9chantillon de recherche : 100mg<\/li>\n<li>Petite quantit\u00e9 : 250mg<\/li>\n<li>Quantit\u00e9 standard : 500mg<\/li>\n<li>Grande quantit\u00e9 : 1g<\/li>\n<\/ul>\n<p><b>Mention l\u00e9gale - Respect strict :<\/b><\/p>\n<p>Ce produit est <b>\u00e0 des fins de recherche uniquement<\/b> dans les institutions scientifiques. L'acheteur confirme irr\u00e9vocablement par l'achat :<\/p>\n<ul>\n<li>L'utilisation ne se fait que dans <b>des environnements de recherche l\u00e9gaux et autoris\u00e9s<\/b>.<\/li>\n<li>Le site <b>Respect de toutes les lois et r\u00e9glementations locales<\/b> dans la juridiction concern\u00e9e.<\/li>\n<li>Le site <b>la mise en \u0153uvre de mesures de s\u00e9curit\u00e9 appropri\u00e9es<\/b> pour la protection du personnel.<\/li>\n<li>Le site <b>Interdiction des utilisations non autoris\u00e9es<\/b> et de la consommation.<\/li>\n<\/ul>","protected":false},"excerpt":{"rendered":"<p>Acheter de l'alpha-m\u00e9thyltryptamine (aMT) : Produit chimique de recherche de haute puret\u00e9 \u00e0 des fins de recherche scientifique. Qualit\u00e9 test\u00e9e en laboratoire avec certificat d'analyse. Exclusivement \u00e0 des fins de recherche dans des environnements de laboratoire.<\/p>","protected":false},"featured_media":6467,"comment_status":"open","ping_status":"closed","template":"","meta":{"_joinchat":[]},"product_brand":[],"product_cat":[54],"product_tag":[],"class_list":{"0":"post-6428","1":"product","2":"type-product","3":"status-publish","4":"has-post-thumbnail","6":"product_cat-tryptamines","8":"first","9":"instock","10":"shipping-taxable","11":"purchasable","12":"product-type-variable"},"yoast_head":"<!-- This site is optimized with the Yoast SEO plugin v27.5 - https:\/\/yoast.com\/product\/yoast-seo-wordpress\/ -->\n<title>Alpha-Methyltryptamine Kaufen | aMT | Research Chemical Chemgramx<\/title>\n<meta name=\"description\" content=\"Alpha-Methyltryptamine (aMT) kaufen - Hochreine Forschungschemikalie f\u00fcr wissenschaftliche Zwecke. Laborgepr\u00fcfte Qualit\u00e4t, diskret &amp; sicher. Nur f\u00fcr Forschungszwecke.\" \/>\n<meta name=\"robots\" content=\"index, follow, max-snippet:-1, max-image-preview:large, max-video-preview:-1\" \/>\n<link rel=\"canonical\" href=\"https:\/\/chemgramx.com\/fr\/produit\/acheter-alpha-methyltryptamine-amt\/\" \/>\n<meta property=\"og:locale\" content=\"fr_FR\" \/>\n<meta property=\"og:type\" content=\"article\" \/>\n<meta property=\"og:title\" content=\"Alpha-Methyltryptamine Kaufen | aMT | Research Chemical Chemgramx\" \/>\n<meta property=\"og:description\" content=\"Alpha-Methyltryptamine (aMT) kaufen - Hochreine Forschungschemikalie f\u00fcr wissenschaftliche Zwecke. Laborgepr\u00fcfte Qualit\u00e4t, diskret &amp; sicher. Nur f\u00fcr Forschungszwecke.\" \/>\n<meta property=\"og:url\" content=\"https:\/\/chemgramx.com\/fr\/produit\/acheter-alpha-methyltryptamine-amt\/\" \/>\n<meta property=\"og:site_name\" content=\"Chemgramx\" \/>\n<meta property=\"article:modified_time\" content=\"2025-11-21T11:06:23+00:00\" \/>\n<meta property=\"og:image\" content=\"https:\/\/chemgramx.com\/wp-content\/uploads\/2025\/11\/buy-amt-alpha-methyltryptamine-chem-store-online.png\" \/>\n\t<meta property=\"og:image:width\" content=\"600\" \/>\n\t<meta property=\"og:image:height\" content=\"497\" \/>\n\t<meta property=\"og:image:type\" content=\"image\/png\" \/>\n<meta name=\"twitter:card\" content=\"summary_large_image\" \/>\n<meta name=\"twitter:label1\" content=\"Dur\u00e9e de lecture estim\u00e9e\" \/>\n\t<meta name=\"twitter:data1\" content=\"4 minutes\" \/>\n<script type=\"application\/ld+json\" class=\"yoast-schema-graph\">{\"@context\":\"https:\\\/\\\/schema.org\",\"@graph\":[{\"@type\":\"WebPage\",\"@id\":\"https:\\\/\\\/chemgramx.com\\\/product\\\/alpha-methyltryptamine-amt-kaufen\\\/\",\"url\":\"https:\\\/\\\/chemgramx.com\\\/product\\\/alpha-methyltryptamine-amt-kaufen\\\/\",\"name\":\"Alpha-Methyltryptamine Kaufen | aMT | Research Chemical Chemgramx\",\"isPartOf\":{\"@id\":\"https:\\\/\\\/chemgramx.com\\\/#website\"},\"primaryImageOfPage\":{\"@id\":\"https:\\\/\\\/chemgramx.com\\\/product\\\/alpha-methyltryptamine-amt-kaufen\\\/#primaryimage\"},\"image\":{\"@id\":\"https:\\\/\\\/chemgramx.com\\\/product\\\/alpha-methyltryptamine-amt-kaufen\\\/#primaryimage\"},\"thumbnailUrl\":\"https:\\\/\\\/chemgramx.com\\\/wp-content\\\/uploads\\\/2025\\\/11\\\/buy-amt-alpha-methyltryptamine-chem-store-online.png\",\"datePublished\":\"2025-11-21T11:05:20+00:00\",\"dateModified\":\"2025-11-21T11:06:23+00:00\",\"description\":\"Alpha-Methyltryptamine (aMT) kaufen - Hochreine Forschungschemikalie f\u00fcr wissenschaftliche Zwecke. Laborgepr\u00fcfte Qualit\u00e4t, diskret &amp; sicher. Nur f\u00fcr Forschungszwecke.\",\"breadcrumb\":{\"@id\":\"https:\\\/\\\/chemgramx.com\\\/product\\\/alpha-methyltryptamine-amt-kaufen\\\/#breadcrumb\"},\"inLanguage\":\"fr-FR\",\"potentialAction\":[{\"@type\":\"ReadAction\",\"target\":[\"https:\\\/\\\/chemgramx.com\\\/product\\\/alpha-methyltryptamine-amt-kaufen\\\/\"]}]},{\"@type\":\"ImageObject\",\"inLanguage\":\"fr-FR\",\"@id\":\"https:\\\/\\\/chemgramx.com\\\/product\\\/alpha-methyltryptamine-amt-kaufen\\\/#primaryimage\",\"url\":\"https:\\\/\\\/chemgramx.com\\\/wp-content\\\/uploads\\\/2025\\\/11\\\/buy-amt-alpha-methyltryptamine-chem-store-online.png\",\"contentUrl\":\"https:\\\/\\\/chemgramx.com\\\/wp-content\\\/uploads\\\/2025\\\/11\\\/buy-amt-alpha-methyltryptamine-chem-store-online.png\",\"width\":600,\"height\":497},{\"@type\":\"BreadcrumbList\",\"@id\":\"https:\\\/\\\/chemgramx.com\\\/product\\\/alpha-methyltryptamine-amt-kaufen\\\/#breadcrumb\",\"itemListElement\":[{\"@type\":\"ListItem\",\"position\":1,\"name\":\"Home\",\"item\":\"https:\\\/\\\/chemgramx.com\\\/\"},{\"@type\":\"ListItem\",\"position\":2,\"name\":\"Shop\",\"item\":\"https:\\\/\\\/chemgramx.com\\\/shop\\\/\"},{\"@type\":\"ListItem\",\"position\":3,\"name\":\"Alpha-Methyltryptamine (aMT) kaufen\"}]},{\"@type\":\"WebSite\",\"@id\":\"https:\\\/\\\/chemgramx.com\\\/#website\",\"url\":\"https:\\\/\\\/chemgramx.com\\\/\",\"name\":\"Chemgramx\",\"description\":\"\",\"publisher\":{\"@id\":\"https:\\\/\\\/chemgramx.com\\\/#organization\"},\"potentialAction\":[{\"@type\":\"SearchAction\",\"target\":{\"@type\":\"EntryPoint\",\"urlTemplate\":\"https:\\\/\\\/chemgramx.com\\\/?s={search_term_string}\"},\"query-input\":{\"@type\":\"PropertyValueSpecification\",\"valueRequired\":true,\"valueName\":\"search_term_string\"}}],\"inLanguage\":\"fr-FR\"},{\"@type\":\"Organization\",\"@id\":\"https:\\\/\\\/chemgramx.com\\\/#organization\",\"name\":\"Chemgramx\",\"url\":\"https:\\\/\\\/chemgramx.com\\\/\",\"logo\":{\"@type\":\"ImageObject\",\"inLanguage\":\"fr-FR\",\"@id\":\"https:\\\/\\\/chemgramx.com\\\/#\\\/schema\\\/logo\\\/image\\\/\",\"url\":\"https:\\\/\\\/chemgramx.com\\\/wp-content\\\/uploads\\\/2024\\\/10\\\/final-logo.png\",\"contentUrl\":\"https:\\\/\\\/chemgramx.com\\\/wp-content\\\/uploads\\\/2024\\\/10\\\/final-logo.png\",\"width\":250,\"height\":48,\"caption\":\"Chemgramx\"},\"image\":{\"@id\":\"https:\\\/\\\/chemgramx.com\\\/#\\\/schema\\\/logo\\\/image\\\/\"}}]}<\/script>\n<!-- \/ Yoast SEO plugin. -->","yoast_head_json":{"title":"Acheter Alpha-Methyltryptamine | aMT | Research Chemical Chemgramx","description":"Acheter de l'alpha-m\u00e9thyltryptamine (aMT) - produit chimique de recherche de haute puret\u00e9 \u00e0 des fins scientifiques. Qualit\u00e9 test\u00e9e en laboratoire, discr\u00e8te &amp; s\u00fbre. Uniquement \u00e0 des fins de recherche.","robots":{"index":"index","follow":"follow","max-snippet":"max-snippet:-1","max-image-preview":"max-image-preview:large","max-video-preview":"max-video-preview:-1"},"canonical":"https:\/\/chemgramx.com\/fr\/produit\/acheter-alpha-methyltryptamine-amt\/","og_locale":"fr_FR","og_type":"article","og_title":"Alpha-Methyltryptamine Kaufen | aMT | Research Chemical Chemgramx","og_description":"Alpha-Methyltryptamine (aMT) kaufen - Hochreine Forschungschemikalie f\u00fcr wissenschaftliche Zwecke. Laborgepr\u00fcfte Qualit\u00e4t, diskret &amp; sicher. Nur f\u00fcr Forschungszwecke.","og_url":"https:\/\/chemgramx.com\/fr\/produit\/acheter-alpha-methyltryptamine-amt\/","og_site_name":"Chemgramx","article_modified_time":"2025-11-21T11:06:23+00:00","og_image":[{"width":600,"height":497,"url":"https:\/\/chemgramx.com\/wp-content\/uploads\/2025\/11\/buy-amt-alpha-methyltryptamine-chem-store-online.png","type":"image\/png"}],"twitter_card":"summary_large_image","twitter_misc":{"Dur\u00e9e de lecture estim\u00e9e":"4 minutes"},"schema":{"@context":"https:\/\/schema.org","@graph":[{"@type":"WebPage","@id":"https:\/\/chemgramx.com\/product\/alpha-methyltryptamine-amt-kaufen\/","url":"https:\/\/chemgramx.com\/product\/alpha-methyltryptamine-amt-kaufen\/","name":"Acheter Alpha-Methyltryptamine | aMT | Research Chemical Chemgramx","isPartOf":{"@id":"https:\/\/chemgramx.com\/#website"},"primaryImageOfPage":{"@id":"https:\/\/chemgramx.com\/product\/alpha-methyltryptamine-amt-kaufen\/#primaryimage"},"image":{"@id":"https:\/\/chemgramx.com\/product\/alpha-methyltryptamine-amt-kaufen\/#primaryimage"},"thumbnailUrl":"https:\/\/chemgramx.com\/wp-content\/uploads\/2025\/11\/buy-amt-alpha-methyltryptamine-chem-store-online.png","datePublished":"2025-11-21T11:05:20+00:00","dateModified":"2025-11-21T11:06:23+00:00","description":"Acheter de l'alpha-m\u00e9thyltryptamine (aMT) - produit chimique de recherche de haute puret\u00e9 \u00e0 des fins scientifiques. Qualit\u00e9 test\u00e9e en laboratoire, discr\u00e8te &amp; s\u00fbre. Uniquement \u00e0 des fins de recherche.","breadcrumb":{"@id":"https:\/\/chemgramx.com\/product\/alpha-methyltryptamine-amt-kaufen\/#breadcrumb"},"inLanguage":"fr-FR","potentialAction":[{"@type":"ReadAction","target":["https:\/\/chemgramx.com\/product\/alpha-methyltryptamine-amt-kaufen\/"]}]},{"@type":"ImageObject","inLanguage":"fr-FR","@id":"https:\/\/chemgramx.com\/product\/alpha-methyltryptamine-amt-kaufen\/#primaryimage","url":"https:\/\/chemgramx.com\/wp-content\/uploads\/2025\/11\/buy-amt-alpha-methyltryptamine-chem-store-online.png","contentUrl":"https:\/\/chemgramx.com\/wp-content\/uploads\/2025\/11\/buy-amt-alpha-methyltryptamine-chem-store-online.png","width":600,"height":497},{"@type":"BreadcrumbList","@id":"https:\/\/chemgramx.com\/product\/alpha-methyltryptamine-amt-kaufen\/#breadcrumb","itemListElement":[{"@type":"ListItem","position":1,"name":"Home","item":"https:\/\/chemgramx.com\/"},{"@type":"ListItem","position":2,"name":"Shop","item":"https:\/\/chemgramx.com\/shop\/"},{"@type":"ListItem","position":3,"name":"Alpha-Methyltryptamine (aMT) kaufen"}]},{"@type":"WebSite","@id":"https:\/\/chemgramx.com\/#website","url":"https:\/\/chemgramx.com\/","name":"Chemgramx","description":"","publisher":{"@id":"https:\/\/chemgramx.com\/#organization"},"potentialAction":[{"@type":"SearchAction","target":{"@type":"EntryPoint","urlTemplate":"https:\/\/chemgramx.com\/?s={search_term_string}"},"query-input":{"@type":"PropertyValueSpecification","valueRequired":true,"valueName":"search_term_string"}}],"inLanguage":"fr-FR"},{"@type":"Organization","@id":"https:\/\/chemgramx.com\/#organization","name":"Chemgramx","url":"https:\/\/chemgramx.com\/","logo":{"@type":"ImageObject","inLanguage":"fr-FR","@id":"https:\/\/chemgramx.com\/#\/schema\/logo\/image\/","url":"https:\/\/chemgramx.com\/wp-content\/uploads\/2024\/10\/final-logo.png","contentUrl":"https:\/\/chemgramx.com\/wp-content\/uploads\/2024\/10\/final-logo.png","width":250,"height":48,"caption":"Chemgramx"},"image":{"@id":"https:\/\/chemgramx.com\/#\/schema\/logo\/image\/"}}]}},"_links":{"self":[{"href":"https:\/\/chemgramx.com\/fr\/wp-json\/wp\/v2\/product\/6428","targetHints":{"allow":["GET"]}}],"collection":[{"href":"https:\/\/chemgramx.com\/fr\/wp-json\/wp\/v2\/product"}],"about":[{"href":"https:\/\/chemgramx.com\/fr\/wp-json\/wp\/v2\/types\/product"}],"replies":[{"embeddable":true,"href":"https:\/\/chemgramx.com\/fr\/wp-json\/wp\/v2\/comments?post=6428"}],"wp:featuredmedia":[{"embeddable":true,"href":"https:\/\/chemgramx.com\/fr\/wp-json\/wp\/v2\/media\/6467"}],"wp:attachment":[{"href":"https:\/\/chemgramx.com\/fr\/wp-json\/wp\/v2\/media?parent=6428"}],"wp:term":[{"taxonomy":"product_brand","embeddable":true,"href":"https:\/\/chemgramx.com\/fr\/wp-json\/wp\/v2\/product_brand?post=6428"},{"taxonomy":"product_cat","embeddable":true,"href":"https:\/\/chemgramx.com\/fr\/wp-json\/wp\/v2\/product_cat?post=6428"},{"taxonomy":"product_tag","embeddable":true,"href":"https:\/\/chemgramx.com\/fr\/wp-json\/wp\/v2\/product_tag?post=6428"}],"curies":[{"name":"wp","href":"https:\/\/api.w.org\/{rel}","templated":true}]}}