{"id":644,"date":"2024-10-19T11:40:38","date_gmt":"2024-10-19T11:40:38","guid":{"rendered":"https:\/\/chemgramx.com\/?post_type=product&#038;p=644"},"modified":"2025-10-15T06:24:13","modified_gmt":"2025-10-15T06:24:13","slug":"3-fluoramphetamin-3fa","status":"publish","type":"product","link":"https:\/\/chemgramx.com\/fr\/produit\/3-fluoramphetamin-3fa\/","title":{"rendered":"Acheter de la 3-fluoroamph\u00e9tamine (3FA) en ligne"},"content":{"rendered":"<h2 data-start=\"190\" data-end=\"262\">Achetez de la 3-fluoroamph\u00e9tamine (3FA) en ligne aupr\u00e8s d'une source de recherche fiable<\/h2>\n<h3 data-start=\"264\" data-end=\"308\">Acheter de la 3-fluoroamph\u00e9tamine (3FA) en ligne<\/h3>\n<p data-start=\"328\" data-end=\"698\"><a href=\"https:\/\/en.wikipedia.org\/wiki\/3-Fluoroamphetamine\">3-fluoroamph\u00e9tamine (3FA)<\/a> Il s'agit d'une substance synth\u00e9tique de la famille des amph\u00e9tamines, fr\u00e9quemment \u00e9tudi\u00e9e en recherche. De nombreux laboratoires et chercheurs choisissent d'acheter de la 3-fluoroamph\u00e9tamine (3FA) en ligne, car c'est un stimulant chimique aux propri\u00e9t\u00e9s uniques par rapport aux amph\u00e9tamines classiques.<\/p>\n<p data-start=\"700\" data-end=\"923\">Lors de l'achat en ligne, il est essentiel de choisir un revendeur r\u00e9put\u00e9 si vous <a href=\"https:\/\/chemgramx.com\/fr\/produit\/3-fluoramphetamin-3fa\/\">3-Fluoroamph\u00e9tamine (3FA) \u00e0 vendre<\/a> C\u2019est la seule fa\u00e7on de garantir des produits de haute qualit\u00e9 et d\u2019\u00e9viter des probl\u00e8mes juridiques.<\/p>\n<h3 data-start=\"930\" data-end=\"970\">Qu'est-ce que la 3-fluoroamph\u00e9tamine (3FA) ?<\/h3>\n<p data-start=\"972\" data-end=\"1239\">Composition chimique<br data-start=\"1001\" data-end=\"1004\" \/>La 3-fluoroamph\u00e9tamine (3FA) est un d\u00e9riv\u00e9 fluor\u00e9 de l'amph\u00e9tamine dont la formule mol\u00e9culaire est C9H12FN. Le groupe fluor en troisi\u00e8me position modifie ses propri\u00e9t\u00e9s pharmacologiques, ce qui la rend particuli\u00e8rement int\u00e9ressante pour les chercheurs.<\/p>\n<h3 data-start=\"1433\" data-end=\"1457\">Statut juridique<\/h3>\n<p data-start=\"1459\" data-end=\"1707\">Le statut juridique du 3FA varie selon les pays. Dans certains \u00c9tats, son achat est l\u00e9gal, tandis que dans d'autres, il est strictement r\u00e9glement\u00e9. Avant de commander du 3-fluoroamph\u00e9tamine (3FA), v\u00e9rifiez la l\u00e9gislation en vigueur dans votre r\u00e9gion.<\/p>\n<h3 data-start=\"1714\" data-end=\"1766\">Pourquoi acheter de la 3-fluoroamph\u00e9tamine (3FA) en ligne ?<\/h3>\n<p data-start=\"1768\" data-end=\"1940\">Accessibilit\u00e9 et commodit\u00e9<br data-start=\"1805\" data-end=\"1808\" \/>Internet est le meilleur endroit pour acheter de la 3-fluoroamph\u00e9tamine (3FA) en ligne car il permet un acc\u00e8s discret et direct.<\/p>\n<p data-start=\"1942\" data-end=\"2104\">S\u00e9lection de produits plus large<br data-start=\"1968\" data-end=\"1971\" \/>Les chercheurs peuvent choisir parmi diff\u00e9rents niveaux de puret\u00e9 et tailles d\u2019emballage lors de l\u2019achat de 3-fluoroamph\u00e9tamine (3FA).<\/p>\n<p data-start=\"2106\" data-end=\"2138\">Vorteile beim Online-Kauf:<\/p>\n<ul data-start=\"2139\" data-end=\"2287\">\n<li data-start=\"2139\" data-end=\"2185\">\n<p data-start=\"2141\" data-end=\"2185\">Diskrete Bestellung und schnelle Lieferung<\/p>\n<\/li>\n<li data-start=\"2186\" data-end=\"2234\">\n<p data-start=\"2188\" data-end=\"2234\">M\u00f6glichkeit, Reinheitszertifikate einzusehen<\/p>\n<\/li>\n<li data-start=\"2235\" data-end=\"2287\">\n<p data-start=\"2237\" data-end=\"2287\">Transparente 3-Fluoroamphetamine (3FA) price<\/p>\n<\/li>\n<\/ul>\n<p data-start=\"2289\" data-end=\"2303\">Risques :<\/p>\n<ul data-start=\"2304\" data-end=\"2455\">\n<li data-start=\"2304\" data-end=\"2360\">\n<p data-start=\"2306\" data-end=\"2360\">Gefahr von Verunreinigungen bei unseri\u00f6sen Anbietern<\/p>\n<\/li>\n<li data-start=\"2361\" data-end=\"2403\">\n<p data-start=\"2363\" data-end=\"2403\">Incertitudes juridiques selon les pays<\/p>\n<\/li>\n<li data-start=\"2404\" data-end=\"2455\">\n<p data-start=\"2406\" data-end=\"2455\">Gesundheitsrisiken bei unsachgem\u00e4\u00dfer Verwendung<\/p>\n<\/li>\n<\/ul>\n<h3 data-start=\"2462\" data-end=\"2507\">Wie findet man einen seri\u00f6sen Anbieter?<\/h3>\n<p data-start=\"2509\" data-end=\"2611\">Wenn Sie sich fragen, wo kann man 3-Fluoramphetamin (3FA) kaufen, achten Sie auf folgende Kriterien:<\/p>\n<ul data-start=\"2613\" data-end=\"2856\">\n<li data-start=\"2613\" data-end=\"2653\">\n<p data-start=\"2615\" data-end=\"2653\">Echtes Certificate of Analysis (CoA)<\/p>\n<\/li>\n<li data-start=\"2654\" data-end=\"2711\">\n<p data-start=\"2656\" data-end=\"2711\">Vollst\u00e4ndiges Impressum und transparente Kontaktdaten<\/p>\n<\/li>\n<li data-start=\"2770\" data-end=\"2856\">\n<p data-start=\"2772\" data-end=\"2856\">Prix \u200b\u200br\u00e9aliste de la 3-fluoroamph\u00e9tamine (3FA) sans offres suspectes<\/p>\n<\/li>\n<\/ul>\n<p data-start=\"2858\" data-end=\"2937\">\u00c9vitez les fournisseurs sans preuve d\u2019origine ou avec de faux rapports de laboratoire.<\/p>\n<h3 data-start=\"2944\" data-end=\"2981\">Aspects juridiques et \u00e9thiques<\/h3>\n<p data-start=\"2983\" data-end=\"3302\">La responsabilit\u00e9 de l'achat incombe \u00e0 l'acheteur. Bien que la 3-fluoroamph\u00e9tamine (3FA) soit facilement disponible en ligne, sachez que la l\u00e9gislation varie selon les pays. Achetez-la uniquement aupr\u00e8s de sources fiables et utilisez-la uniquement \u00e0 des fins de recherche l\u00e9gale.<\/p>\n<h3 data-start=\"3309\" data-end=\"3320\">Conclusion<\/h3>\n<p data-start=\"3322\" data-end=\"3562\">La 3-fluoroamph\u00e9tamine (3FA) est une substance chimique polyvalente qui suscite un vif int\u00e9r\u00eat en recherche. Acheter en ligne offre des avantages ind\u00e9niables, notamment aupr\u00e8s d'un revendeur agr\u00e9\u00e9.<\/p>\n<p data-start=\"3564\" data-end=\"3879\">Si vous envisagez d'acheter de la 3-fluoroamph\u00e9tamine (3FA) en ligne aupr\u00e8s d'une source de recherche fiable, vous misez sur une qualit\u00e9 v\u00e9rifi\u00e9e, des fournisseurs transparents et une conformit\u00e9 l\u00e9gale totale. Vous \u00eates ainsi assur\u00e9 de b\u00e9n\u00e9ficier des meilleures offres de 3-fluoroamph\u00e9tamine (3FA)\u00a0: s\u00fbre, l\u00e9gale et fiable.<\/p>","protected":false},"excerpt":{"rendered":"<p><strong>3-Fluoroamphetamin (3-FA)<\/strong> ist ein Stimulans aus der Amphetamin-Familie und wirkt als Monoamin-Freisetzer. Es zeigt eine \u00e4hnliche Potenz wie Methamphetamin, jedoch mit einer h\u00f6heren Selektivit\u00e4t f\u00fcr die Freisetzung von Dopamin und Noradrenalin im Vergleich zu Serotonin. Studien haben gezeigt, dass M\u00e4use 3-FA in \u00e4hnlichem Ma\u00dfe selbst verabreichen wie verwandte Substanzen wie 4-Fluoroamphetamin und 3-Methylamphetamin, was es zu einem beliebten Forschungsstoff f\u00fcr Studien zu Stimulanzien und deren Wirkung macht.<\/p>\n<h3>Structure chimique et formule<\/h3>\n<ul>\n<li><strong>Formule chimique :<\/strong> C\u2081\u2080H\u2081\u2084FNO<\/li>\n<li><strong>Nom IUPAC :<\/strong> 1-(3-Fluorphenyl)propan-2-amine<\/li>\n<li><strong>Num\u00e9ro CAS :<\/strong> 486-58-3<\/li>\n<\/ul>\n<ul>\n<li><strong>Propri\u00e9t\u00e9s chimiques<\/strong>: 3FA enth\u00e4lt eine Fluorgruppe an der 3. Position des Benzolrings, wodurch es sich chemisch und pharmakologisch von anderen Amphetaminen unterscheidet.<\/li>\n<\/ul>\n<h3><strong>Dur\u00e9e et effets<\/strong><\/h3>\n<p>Die Wirkung von 3FA h\u00e4lt in der Regel <strong>4 \u00e0 8 heures<\/strong> en fonction du dosage et des facteurs individuels :<\/p>\n<ul>\n<li><strong>D\u00e9but de l'effet<\/strong>20 \u00e0 40 minutes.<\/li>\n<li><strong>Point culminant<\/strong>1,5 \u00e0 3 heures.<\/li>\n<li><strong>R\u00e9percussions<\/strong>: Ein mildes Abklingen \u00fcber 2 bis 3 Stunden.<\/li>\n<\/ul>","protected":false},"featured_media":576,"comment_status":"open","ping_status":"closed","template":"","meta":{"_joinchat":[]},"product_brand":[],"product_cat":[48],"product_tag":[],"class_list":{"0":"post-644","1":"product","2":"type-product","3":"status-publish","4":"has-post-thumbnail","6":"product_cat-stimulants","8":"first","9":"instock","10":"shipping-taxable","11":"purchasable","12":"product-type-variable"},"yoast_head":"<!-- This site is optimized with the Yoast SEO plugin v27.5 - https:\/\/yoast.com\/product\/yoast-seo-wordpress\/ -->\n<title>3-Fluoramphetamin (3FA) online Kaufen \u2013 3-FA zu verkaufen<\/title>\n<meta name=\"description\" content=\"Wenn Sie 3-Fluoramphetamin (3FA) online kaufen m\u00f6chten, kann Ihnen unser Chemgramx-Shop helfen. Wir haben 3-Fluoramphetamin hier zu den besten Preisen zu verkaufen. Bestellen Sie jetzt!\" \/>\n<meta name=\"robots\" content=\"index, follow, max-snippet:-1, max-image-preview:large, max-video-preview:-1\" \/>\n<link rel=\"canonical\" href=\"https:\/\/chemgramx.com\/fr\/produit\/3-fluoramphetamin-3fa\/\" \/>\n<meta property=\"og:locale\" content=\"fr_FR\" \/>\n<meta property=\"og:type\" content=\"article\" \/>\n<meta property=\"og:title\" content=\"3-Fluoramphetamin (3FA) online Kaufen \u2013 3-FA zu verkaufen\" \/>\n<meta property=\"og:description\" content=\"Wenn Sie 3-Fluoramphetamin (3FA) online kaufen m\u00f6chten, kann Ihnen unser Chemgramx-Shop helfen. Wir haben 3-Fluoramphetamin hier zu den besten Preisen zu verkaufen. Bestellen Sie jetzt!\" \/>\n<meta property=\"og:url\" content=\"https:\/\/chemgramx.com\/fr\/produit\/3-fluoramphetamin-3fa\/\" \/>\n<meta property=\"og:site_name\" content=\"Chemgramx\" \/>\n<meta property=\"article:modified_time\" content=\"2025-10-15T06:24:13+00:00\" \/>\n<meta property=\"og:image\" content=\"https:\/\/chemgramx.com\/wp-content\/uploads\/2024\/02\/4-FA-min-500x500-1.jpeg\" \/>\n\t<meta property=\"og:image:width\" content=\"500\" \/>\n\t<meta property=\"og:image:height\" content=\"500\" \/>\n\t<meta property=\"og:image:type\" content=\"image\/jpeg\" \/>\n<meta name=\"twitter:card\" content=\"summary_large_image\" \/>\n<meta name=\"twitter:label1\" content=\"Dur\u00e9e de lecture estim\u00e9e\" \/>\n\t<meta name=\"twitter:data1\" content=\"2 minutes\" \/>\n<script type=\"application\/ld+json\" class=\"yoast-schema-graph\">{\"@context\":\"https:\\\/\\\/schema.org\",\"@graph\":[{\"@type\":\"WebPage\",\"@id\":\"https:\\\/\\\/chemgramx.com\\\/product\\\/3-fluoramphetamin-3fa\\\/\",\"url\":\"https:\\\/\\\/chemgramx.com\\\/product\\\/3-fluoramphetamin-3fa\\\/\",\"name\":\"3-Fluoramphetamin (3FA) online Kaufen \u2013 3-FA zu verkaufen\",\"isPartOf\":{\"@id\":\"https:\\\/\\\/chemgramx.com\\\/#website\"},\"primaryImageOfPage\":{\"@id\":\"https:\\\/\\\/chemgramx.com\\\/product\\\/3-fluoramphetamin-3fa\\\/#primaryimage\"},\"image\":{\"@id\":\"https:\\\/\\\/chemgramx.com\\\/product\\\/3-fluoramphetamin-3fa\\\/#primaryimage\"},\"thumbnailUrl\":\"https:\\\/\\\/chemgramx.com\\\/wp-content\\\/uploads\\\/2024\\\/02\\\/4-FA-min-500x500-1.jpeg\",\"datePublished\":\"2024-10-19T11:40:38+00:00\",\"dateModified\":\"2025-10-15T06:24:13+00:00\",\"description\":\"Wenn Sie 3-Fluoramphetamin (3FA) online kaufen m\u00f6chten, kann Ihnen unser Chemgramx-Shop helfen. Wir haben 3-Fluoramphetamin hier zu den besten Preisen zu verkaufen. Bestellen Sie jetzt!\",\"breadcrumb\":{\"@id\":\"https:\\\/\\\/chemgramx.com\\\/product\\\/3-fluoramphetamin-3fa\\\/#breadcrumb\"},\"inLanguage\":\"fr-FR\",\"potentialAction\":[{\"@type\":\"ReadAction\",\"target\":[\"https:\\\/\\\/chemgramx.com\\\/product\\\/3-fluoramphetamin-3fa\\\/\"]}]},{\"@type\":\"ImageObject\",\"inLanguage\":\"fr-FR\",\"@id\":\"https:\\\/\\\/chemgramx.com\\\/product\\\/3-fluoramphetamin-3fa\\\/#primaryimage\",\"url\":\"https:\\\/\\\/chemgramx.com\\\/wp-content\\\/uploads\\\/2024\\\/02\\\/4-FA-min-500x500-1.jpeg\",\"contentUrl\":\"https:\\\/\\\/chemgramx.com\\\/wp-content\\\/uploads\\\/2024\\\/02\\\/4-FA-min-500x500-1.jpeg\",\"width\":500,\"height\":500,\"caption\":\"3-Fluoramphetamin (3FA) online Kaufen\"},{\"@type\":\"BreadcrumbList\",\"@id\":\"https:\\\/\\\/chemgramx.com\\\/product\\\/3-fluoramphetamin-3fa\\\/#breadcrumb\",\"itemListElement\":[{\"@type\":\"ListItem\",\"position\":1,\"name\":\"Home\",\"item\":\"https:\\\/\\\/chemgramx.com\\\/\"},{\"@type\":\"ListItem\",\"position\":2,\"name\":\"Shop\",\"item\":\"https:\\\/\\\/chemgramx.com\\\/shop\\\/\"},{\"@type\":\"ListItem\",\"position\":3,\"name\":\"3-Fluoroamphetamine (3FA) online kaufen\"}]},{\"@type\":\"WebSite\",\"@id\":\"https:\\\/\\\/chemgramx.com\\\/#website\",\"url\":\"https:\\\/\\\/chemgramx.com\\\/\",\"name\":\"Chemgramx\",\"description\":\"\",\"publisher\":{\"@id\":\"https:\\\/\\\/chemgramx.com\\\/#organization\"},\"potentialAction\":[{\"@type\":\"SearchAction\",\"target\":{\"@type\":\"EntryPoint\",\"urlTemplate\":\"https:\\\/\\\/chemgramx.com\\\/?s={search_term_string}\"},\"query-input\":{\"@type\":\"PropertyValueSpecification\",\"valueRequired\":true,\"valueName\":\"search_term_string\"}}],\"inLanguage\":\"fr-FR\"},{\"@type\":\"Organization\",\"@id\":\"https:\\\/\\\/chemgramx.com\\\/#organization\",\"name\":\"Chemgramx\",\"url\":\"https:\\\/\\\/chemgramx.com\\\/\",\"logo\":{\"@type\":\"ImageObject\",\"inLanguage\":\"fr-FR\",\"@id\":\"https:\\\/\\\/chemgramx.com\\\/#\\\/schema\\\/logo\\\/image\\\/\",\"url\":\"https:\\\/\\\/chemgramx.com\\\/wp-content\\\/uploads\\\/2024\\\/10\\\/final-logo.png\",\"contentUrl\":\"https:\\\/\\\/chemgramx.com\\\/wp-content\\\/uploads\\\/2024\\\/10\\\/final-logo.png\",\"width\":250,\"height\":48,\"caption\":\"Chemgramx\"},\"image\":{\"@id\":\"https:\\\/\\\/chemgramx.com\\\/#\\\/schema\\\/logo\\\/image\\\/\"}}]}<\/script>\n<!-- \/ Yoast SEO plugin. -->","yoast_head_json":{"title":"Acheter de la 3-fluoroamph\u00e9tamine (3FA) en ligne \u2013 3-FA \u00e0 vendre","description":"Si vous souhaitez acheter de la 3-fluoroamph\u00e9tamine (3FA) en ligne, notre boutique Chemgramx peut vous aider. Nous proposons de la 3-fluoroamph\u00e9tamine aux meilleurs prix. Commandez d\u00e8s maintenant\u00a0!","robots":{"index":"index","follow":"follow","max-snippet":"max-snippet:-1","max-image-preview":"max-image-preview:large","max-video-preview":"max-video-preview:-1"},"canonical":"https:\/\/chemgramx.com\/fr\/produit\/3-fluoramphetamin-3fa\/","og_locale":"fr_FR","og_type":"article","og_title":"3-Fluoramphetamin (3FA) online Kaufen \u2013 3-FA zu verkaufen","og_description":"Wenn Sie 3-Fluoramphetamin (3FA) online kaufen m\u00f6chten, kann Ihnen unser Chemgramx-Shop helfen. Wir haben 3-Fluoramphetamin hier zu den besten Preisen zu verkaufen. Bestellen Sie jetzt!","og_url":"https:\/\/chemgramx.com\/fr\/produit\/3-fluoramphetamin-3fa\/","og_site_name":"Chemgramx","article_modified_time":"2025-10-15T06:24:13+00:00","og_image":[{"width":500,"height":500,"url":"https:\/\/chemgramx.com\/wp-content\/uploads\/2024\/02\/4-FA-min-500x500-1.jpeg","type":"image\/jpeg"}],"twitter_card":"summary_large_image","twitter_misc":{"Dur\u00e9e de lecture estim\u00e9e":"2 minutes"},"schema":{"@context":"https:\/\/schema.org","@graph":[{"@type":"WebPage","@id":"https:\/\/chemgramx.com\/product\/3-fluoramphetamin-3fa\/","url":"https:\/\/chemgramx.com\/product\/3-fluoramphetamin-3fa\/","name":"Acheter de la 3-fluoroamph\u00e9tamine (3FA) en ligne \u2013 3-FA \u00e0 vendre","isPartOf":{"@id":"https:\/\/chemgramx.com\/#website"},"primaryImageOfPage":{"@id":"https:\/\/chemgramx.com\/product\/3-fluoramphetamin-3fa\/#primaryimage"},"image":{"@id":"https:\/\/chemgramx.com\/product\/3-fluoramphetamin-3fa\/#primaryimage"},"thumbnailUrl":"https:\/\/chemgramx.com\/wp-content\/uploads\/2024\/02\/4-FA-min-500x500-1.jpeg","datePublished":"2024-10-19T11:40:38+00:00","dateModified":"2025-10-15T06:24:13+00:00","description":"Si vous souhaitez acheter de la 3-fluoroamph\u00e9tamine (3FA) en ligne, notre boutique Chemgramx peut vous aider. Nous proposons de la 3-fluoroamph\u00e9tamine aux meilleurs prix. Commandez d\u00e8s maintenant\u00a0!","breadcrumb":{"@id":"https:\/\/chemgramx.com\/product\/3-fluoramphetamin-3fa\/#breadcrumb"},"inLanguage":"fr-FR","potentialAction":[{"@type":"ReadAction","target":["https:\/\/chemgramx.com\/product\/3-fluoramphetamin-3fa\/"]}]},{"@type":"ImageObject","inLanguage":"fr-FR","@id":"https:\/\/chemgramx.com\/product\/3-fluoramphetamin-3fa\/#primaryimage","url":"https:\/\/chemgramx.com\/wp-content\/uploads\/2024\/02\/4-FA-min-500x500-1.jpeg","contentUrl":"https:\/\/chemgramx.com\/wp-content\/uploads\/2024\/02\/4-FA-min-500x500-1.jpeg","width":500,"height":500,"caption":"3-Fluoramphetamin (3FA) online Kaufen"},{"@type":"BreadcrumbList","@id":"https:\/\/chemgramx.com\/product\/3-fluoramphetamin-3fa\/#breadcrumb","itemListElement":[{"@type":"ListItem","position":1,"name":"Home","item":"https:\/\/chemgramx.com\/"},{"@type":"ListItem","position":2,"name":"Shop","item":"https:\/\/chemgramx.com\/shop\/"},{"@type":"ListItem","position":3,"name":"3-Fluoroamphetamine (3FA) online kaufen"}]},{"@type":"WebSite","@id":"https:\/\/chemgramx.com\/#website","url":"https:\/\/chemgramx.com\/","name":"Chemgramx","description":"","publisher":{"@id":"https:\/\/chemgramx.com\/#organization"},"potentialAction":[{"@type":"SearchAction","target":{"@type":"EntryPoint","urlTemplate":"https:\/\/chemgramx.com\/?s={search_term_string}"},"query-input":{"@type":"PropertyValueSpecification","valueRequired":true,"valueName":"search_term_string"}}],"inLanguage":"fr-FR"},{"@type":"Organization","@id":"https:\/\/chemgramx.com\/#organization","name":"Chemgramx","url":"https:\/\/chemgramx.com\/","logo":{"@type":"ImageObject","inLanguage":"fr-FR","@id":"https:\/\/chemgramx.com\/#\/schema\/logo\/image\/","url":"https:\/\/chemgramx.com\/wp-content\/uploads\/2024\/10\/final-logo.png","contentUrl":"https:\/\/chemgramx.com\/wp-content\/uploads\/2024\/10\/final-logo.png","width":250,"height":48,"caption":"Chemgramx"},"image":{"@id":"https:\/\/chemgramx.com\/#\/schema\/logo\/image\/"}}]}},"_links":{"self":[{"href":"https:\/\/chemgramx.com\/fr\/wp-json\/wp\/v2\/product\/644","targetHints":{"allow":["GET"]}}],"collection":[{"href":"https:\/\/chemgramx.com\/fr\/wp-json\/wp\/v2\/product"}],"about":[{"href":"https:\/\/chemgramx.com\/fr\/wp-json\/wp\/v2\/types\/product"}],"replies":[{"embeddable":true,"href":"https:\/\/chemgramx.com\/fr\/wp-json\/wp\/v2\/comments?post=644"}],"wp:featuredmedia":[{"embeddable":true,"href":"https:\/\/chemgramx.com\/fr\/wp-json\/wp\/v2\/media\/576"}],"wp:attachment":[{"href":"https:\/\/chemgramx.com\/fr\/wp-json\/wp\/v2\/media?parent=644"}],"wp:term":[{"taxonomy":"product_brand","embeddable":true,"href":"https:\/\/chemgramx.com\/fr\/wp-json\/wp\/v2\/product_brand?post=644"},{"taxonomy":"product_cat","embeddable":true,"href":"https:\/\/chemgramx.com\/fr\/wp-json\/wp\/v2\/product_cat?post=644"},{"taxonomy":"product_tag","embeddable":true,"href":"https:\/\/chemgramx.com\/fr\/wp-json\/wp\/v2\/product_tag?post=644"}],"curies":[{"name":"wp","href":"https:\/\/api.w.org\/{rel}","templated":true}]}}