{"id":6552,"date":"2025-11-21T11:06:34","date_gmt":"2025-11-21T11:06:34","guid":{"rendered":"https:\/\/chemgramx.com\/?post_type=product&#038;p=6552"},"modified":"2025-11-21T11:07:28","modified_gmt":"2025-11-21T11:07:28","slug":"u-47700-commande-en-ligne","status":"publish","type":"product","link":"https:\/\/chemgramx.com\/fr\/produit\/u-47700-commande-en-ligne\/","title":{"rendered":"U-47700 Commande en ligne"},"content":{"rendered":"<p>U-47700 est un compos\u00e9 synth\u00e9tique de la classe des opio\u00efdes benzamides, initialement d\u00e9velopp\u00e9 dans les ann\u00e9es 1970.<br \/>\nElle a \u00e9t\u00e9 cr\u00e9\u00e9e pour la premi\u00e8re fois par <strong>Upjohn Company<\/strong> qui a \u00e9tudi\u00e9 plusieurs mol\u00e9cules similaires en tant qu'analg\u00e9siques potentiels.<br \/>\nBien que l'U-47700 n'ait jamais \u00e9t\u00e9 autoris\u00e9 en tant que m\u00e9dicament, il a suscit\u00e9 un grand int\u00e9r\u00eat dans le domaine de la sant\u00e9 publique en raison de sa similarit\u00e9 structurelle avec d'autres opio\u00efdes. <strong>recherche pharmacologique et m\u00e9dico-l\u00e9gale<\/strong> \u00e9veill\u00e9.<br \/>\nDans les \u00e9tudes de laboratoire modernes, la substance est principalement utilis\u00e9e pour analyser les liaisons aux r\u00e9cepteurs, les effets pharmacodynamiques et les propri\u00e9t\u00e9s toxicologiques.<\/p>\n<h2>Structure chimique et classification<\/h2>\n<p>D'un point de vue chimique, l'U-47700 fait partie des <strong>D\u00e9riv\u00e9s de benzamide<\/strong> et pr\u00e9sente un lien s\u00e9lectif avec le <strong>R\u00e9cepteur \u00b5-opio\u00efde<\/strong> sur.<br \/>\nLe compos\u00e9 est structurellement apparent\u00e9 \u00e0 d'autres opio\u00efdes synth\u00e9tiques tels que AH-7921 et U-50488.<br \/>\nSon nom chimique est <em>N-[2-(dim\u00e9thylamino)cyclohexyl]-N-m\u00e9thylbenzamide<\/em>.<\/p>\n<p>Cette structure conf\u00e8re \u00e0 l'U-47700 une grande affinit\u00e9 avec les r\u00e9cepteurs et une forte puissance analg\u00e9sique.<br \/>\nEn raison de sa grande efficacit\u00e9, elle est utilis\u00e9e dans la recherche comme substance mod\u00e8le pour l'\u00e9tude des m\u00e9canismes opio\u00efdes et l'\u00e9valuation de l'effet des agonistes des r\u00e9cepteurs \u00b5.<\/p>\n<h3>Propri\u00e9t\u00e9s physiques et chimiques<\/h3>\n<ul>\n<li>Formule brute : C<sub>16<\/sub>H<sub>22<\/sub>N<sub>2<\/sub>O<\/li>\n<li>Poids mol\u00e9culaire : environ 258,36 g\/mol<\/li>\n<li>Aspect : poudre blanche \u00e0 beige<\/li>\n<li>Solubilit\u00e9 : bien soluble dans les solvants organiques<\/li>\n<li>stabilit\u00e9 : sensible \u00e0 la lumi\u00e8re et \u00e0 la temp\u00e9rature ; doit \u00eatre conserv\u00e9 au sec<\/li>\n<\/ul>\n<p>Ces param\u00e8tres physiques permettent une manipulation s\u00fbre en laboratoire et servent de base aux proc\u00e9dures d'identification analytique telles que les analyses GC-MS ou LC-MS.<\/p>\n<h2>Effet pharmacologique<\/h2>\n<p>U-47700 agit comme <strong>agoniste complet du r\u00e9cepteur \u00b5-opio\u00efde<\/strong>.<br \/>\nCes r\u00e9cepteurs sont responsables des effets analg\u00e9siques, s\u00e9datifs et euphorisants des opio\u00efdes classiques.<br \/>\nCompar\u00e9 \u00e0 la morphine, l'U-47700 montre une puissance nettement sup\u00e9rieure dans les \u00e9tudes pr\u00e9cliniques, ce qui en fait un objet int\u00e9ressant pour les analyses exp\u00e9rimentales.<\/p>\n<p>Dans les mod\u00e8les de recherche, la substance est utilis\u00e9e pour <strong>Transduction du signal, liaison au r\u00e9cepteur et d\u00e9sensibilisation<\/strong> des r\u00e9cepteurs opio\u00efdes.<br \/>\nLes donn\u00e9es obtenues contribuent au d\u00e9veloppement d'analg\u00e9siques s\u00fbrs et s\u00e9lectifs, moins susceptibles de pr\u00e9senter un potentiel d'abus.<\/p>\n<h3>M\u00e9canisme d'action<\/h3>\n<p>Apr\u00e8s s'\u00eatre li\u00e9 au r\u00e9cepteur \u00b5, U-47700 active des voies de signalisation coupl\u00e9es aux prot\u00e9ines G.<br \/>\nCela entra\u00eene une inhibition de l'ad\u00e9nylate cyclase, une diminution de l'afflux de calcium et une activation des canaux potassiques, ce qui r\u00e9duit l'excitation neuronale.<br \/>\nCe m\u00e9canisme r\u00e9duit la transmission de la douleur et entra\u00eene une analg\u00e9sie prononc\u00e9e dans des syst\u00e8mes mod\u00e8les.<\/p>\n<h2>Domaines d'application dans la recherche<\/h2>\n<p>U-47700 est utilis\u00e9 dans la <strong>recherche pharmacologique, biochimique et m\u00e9dico-l\u00e9gale<\/strong> a \u00e9t\u00e9 utilis\u00e9.<br \/>\nCe compos\u00e9 sert principalement de substance de r\u00e9f\u00e9rence dans les laboratoires d'analyse et pour l'\u00e9tude des relations structure-activit\u00e9 au sein de la classe des opio\u00efdes.<\/p>\n<h3>Applications typiques de la recherche<\/h3>\n<ul>\n<li>Analyses in vitro de l'affinit\u00e9 de liaison aux r\u00e9cepteurs \u00b5<\/li>\n<li>\u00c9tudes sur la d\u00e9sensibilisation des r\u00e9cepteurs et la transmission des signaux<\/li>\n<li>\u00c9tudes toxicologiques et m\u00e9taboliques<\/li>\n<li>Analyses comparatives avec d'autres opio\u00efdes benzamides<\/li>\n<li>D\u00e9veloppement de m\u00e9thodes pour l'identification m\u00e9dico-l\u00e9gale<\/li>\n<\/ul>\n<p>Comme l'U-47700 est d\u00e9tectable dans des matrices biologiques comme le sang et l'urine, il joue \u00e9galement un r\u00f4le dans la <strong>l'analyse toxicologique<\/strong> un r\u00f4le important.<br \/>\nIl est utilis\u00e9 pour valider les m\u00e9thodes de d\u00e9tection et produire des donn\u00e9es analytiques de r\u00e9f\u00e9rence.<\/p>\n<h2>M\u00e9thodes de d\u00e9tection analytique<\/h2>\n<p>L'identification de U-47700 se fait le plus souvent par <strong>Chromatographie en phase gazeuse coupl\u00e9e \u00e0 la spectrom\u00e9trie de masse (GC-MS)<\/strong> ou <strong>Chromatographie liquide coupl\u00e9e \u00e0 la spectrom\u00e9trie de masse en tandem (LC-MS\/MS)<\/strong>.<br \/>\nEn compl\u00e9ment, la spectroscopie infrarouge et la spectroscopie de r\u00e9sonance magn\u00e9tique nucl\u00e9aire peuvent \u00eatre utilis\u00e9es pour confirmer clairement la structure.<\/p>\n<p>Des \u00e9tudes analytiques ont montr\u00e9 que U-47700 pr\u00e9sente des sch\u00e9mas de fragmentation caract\u00e9ristiques qui permettent de le distinguer de mani\u00e8re fiable des substances apparent\u00e9es.<br \/>\nCes connaissances sont particuli\u00e8rement importantes pour les laboratoires m\u00e9dico-l\u00e9gaux et le d\u00e9veloppement de m\u00e9thodes de d\u00e9pistage.<\/p>\n<h2>Aspects toxicologiques et biologiques<\/h2>\n<p>La forte affinit\u00e9 de l'U-47700 pour les r\u00e9cepteurs entra\u00eene une forte activation des voies de signalisation des opio\u00efdes dans les syst\u00e8mes biologiques.<br \/>\nDans des mod\u00e8les de recherche, des effets tels que la s\u00e9dation, l'inhibition de la douleur et la diminution de la fr\u00e9quence respiratoire ont \u00e9t\u00e9 observ\u00e9s.<br \/>\nCes r\u00e9sultats soulignent la n\u00e9cessit\u00e9 de mesures de s\u00e9curit\u00e9 strictes dans les environnements de laboratoire.<\/p>\n<p>Dans les \u00e9tudes toxicologiques, une attention particuli\u00e8re est accord\u00e9e \u00e0 la m\u00e9tabolisation de l'U-47700.<br \/>\nLa substance est principalement m\u00e9tabolis\u00e9e par N-d\u00e9m\u00e9thylation oxydative et hydroxylation.<br \/>\nLa compr\u00e9hension de ces voies m\u00e9taboliques contribue au d\u00e9veloppement de m\u00e9thodes de d\u00e9tection et \u00e0 l'identification de m\u00e9tabolites toxiques potentiels.<\/p>\n<h2>Consignes de s\u00e9curit\u00e9 et de manipulation<\/h2>\n<p>U-47700 ne peut \u00eatre utilis\u00e9 que dans des laboratoires qualifi\u00e9s, en respectant les r\u00e8gles suivantes <strong><a href=\"\/fr\/produit\/acheter-du-gamma-butyrolactone-en-ligne\/\">Bonnes pratiques de laboratoire<\/a> (BPL)<\/strong> et les normes de s\u00e9curit\u00e9 nationales.<br \/>\nLors de la manipulation, des mesures de protection appropri\u00e9es doivent \u00eatre prises afin d'\u00e9viter toute exposition accidentelle.<\/p>\n<h3>Mesures de s\u00e9curit\u00e9 recommand\u00e9es<\/h3>\n<ul>\n<li>Port de la blouse de laboratoire, des gants et des lunettes de protection<\/li>\n<li>Travailler sous une hotte chimique<\/li>\n<li>\u00c9viter tout contact avec la peau ou par inhalation<\/li>\n<li>Utilisation de pipettes \u00e0 usage unique et de r\u00e9cipients d'\u00e9chantillons scell\u00e9s<\/li>\n<\/ul>\n<p>En outre, les laboratoires devraient disposer d'un \u00e9quipement d'\u00e9limination appropri\u00e9 pour \u00e9liminer les r\u00e9sidus chimiques en toute s\u00e9curit\u00e9.<\/p>\n<h3>Stockage<\/h3>\n<ul>\n<li>Temp\u00e9rature : 2-8 \u00b0C (chimiquement stable en cas de stockage au froid)<\/li>\n<li>Environnement : sec, sombre et bien a\u00e9r\u00e9<\/li>\n<li>Contenant : \u00e9tanche \u00e0 l'air et r\u00e9sistant aux produits chimiques<\/li>\n<\/ul>\n<p>Ces conditions de stockage garantissent une grande stabilit\u00e9 et emp\u00eachent la d\u00e9gradation de la substance sur de longues p\u00e9riodes.<\/p>\n<h2>Statut juridique<\/h2>\n<p>Dans presque tous les pays, U-47700 est utilis\u00e9 comme <strong>substance contr\u00f4l\u00e9e<\/strong> de l'UE.<br \/>\nEn Allemagne, il rel\u00e8ve de la <strong><a href=\"\/fr\/produit\/acheter-impvp-en-ligne\/\">Loi sur les stup\u00e9fiants<\/a> (BtMG)<\/strong>, aux \u00c9tats-Unis, il a \u00e9t\u00e9 <strong>Drug Enforcement Administration (DEA)<\/strong> class\u00e9 dans l'annexe I.<br \/>\nLa connexion est \u00e9galement strictement r\u00e9glement\u00e9e dans l'UE, au Canada, en Australie et en Suisse.<\/p>\n<p>La production, le commerce ou l'utilisation en dehors d'installations de recherche agr\u00e9\u00e9es sont interdits.<br \/>\nL'utilisation scientifique n\u00e9cessite une autorisation administrative et le respect des directives nationales de s\u00e9curit\u00e9.<\/p>\n<h2>Importance dans la recherche<\/h2>\n<p>Malgr\u00e9 une r\u00e9glementation stricte, l'U-47700 reste une substance mod\u00e8le pertinente dans la recherche sur les opio\u00efdes.<br \/>\nSa forte liaison aux r\u00e9cepteurs et sa relation structure-activit\u00e9 claire en font un point de comparaison utile pour les nouvelles classes de substances.<br \/>\nLes connaissances analytiques issues des \u00e9tudes sur le U-47700 contribuent \u00e0 une meilleure compr\u00e9hension des m\u00e9canismes pharmacologiques des opio\u00efdes synth\u00e9tiques.<\/p>\n<h3>Aper\u00e7u de la pertinence de la recherche<\/h3>\n<ul>\n<li>Compr\u00e9hension de l'activation des r\u00e9cepteurs \u00b5 au niveau mol\u00e9culaire<\/li>\n<li>Analyses comparatives des m\u00e9canismes de tol\u00e9rance et de d\u00e9pendance<\/li>\n<li>Contribuer au d\u00e9veloppement d'analg\u00e9siques s\u00fbrs<\/li>\n<li>Extension des m\u00e9thodes de d\u00e9tection m\u00e9dico-l\u00e9gale<\/li>\n<\/ul>\n<p>Ces applications de recherche apportent une contribution importante \u00e0 l'\u00e9lucidation des m\u00e9canismes d'action et \u00e0 l'am\u00e9lioration des m\u00e9thodes analytiques dans la pharmacologie moderne.<\/p>\n<h2>Conclusion<\/h2>\n<p>U-47700 est un opio\u00efde synth\u00e9tique de type benzamide \u00e0 forte puissance et \u00e0 l'effet prononc\u00e9. <a href=\"\/fr\/produit\/acheter-md-php-en-ligne\/\">scientifique<\/a> signification.<br \/>\nElle sert de substance mod\u00e8le pour l'\u00e9tude des liaisons avec les r\u00e9cepteurs opio\u00efdes, des voies de signalisation pharmacologiques et des propri\u00e9t\u00e9s toxicologiques.<br \/>\nParall\u00e8lement, la manipulation du U-47700 requiert une prudence particuli\u00e8re et le strict respect des dispositions l\u00e9gales.<\/p>\n<p>Dans le domaine de la recherche, U-47700 contribue \u00e0 approfondir la compr\u00e9hension des m\u00e9canismes des opio\u00efdes et \u00e0 d\u00e9velopper de nouvelles strat\u00e9gies de traitement de la douleur ainsi que de pr\u00e9vention des abus.<br \/>\nCe n'est que dans le cadre d'environnements de laboratoire approuv\u00e9s, s\u00fbrs et l\u00e9gaux que cette substance peut apporter une contribution pr\u00e9cieuse \u00e0 la connaissance scientifique.<\/p>","protected":false},"excerpt":{"rendered":"<p><strong>U-47700<\/strong> est un compos\u00e9 synth\u00e9tique innovant sp\u00e9cialement con\u00e7u pour les \u00e9tudes scientifiques. Il permet des analyses d\u00e9taill\u00e9es des propri\u00e9t\u00e9s pharmacologiques et des interactions avec les r\u00e9cepteurs. Gr\u00e2ce \u00e0 une puret\u00e9 maximale et \u00e0 des contr\u00f4les de qualit\u00e9 stricts, il fournit des r\u00e9sultats fiables. Exclusivement destin\u00e9 \u00e0 des applications en laboratoire, il ne convient pas \u00e0 la consommation humaine.<\/p>","protected":false},"featured_media":6580,"comment_status":"open","ping_status":"closed","template":"","meta":{"_joinchat":[]},"product_brand":[],"product_cat":[1800],"product_tag":[2182,2228,2236,2234,2235,2229,2233,2231,2232,2230],"class_list":{"0":"post-6552","1":"product","2":"type-product","3":"status-publish","4":"has-post-thumbnail","6":"product_cat-sedatives","7":"product_tag-synthetische-chemikalien","8":"product_tag-u-47700","9":"product_tag-u-47700-chemikalien","10":"product_tag-u-47700-forschung","11":"product_tag-u-47700-fur-forschung","12":"product_tag-u-47700-kaufen","13":"product_tag-u-47700-kristalle","14":"product_tag-u-47700-online","15":"product_tag-u-47700-pulver","16":"product_tag-u-47700-zum-verkauf","18":"first","19":"instock","20":"shipping-taxable","21":"purchasable","22":"product-type-variable"},"yoast_head":"<!-- This site is optimized with the Yoast SEO plugin v26.3 - https:\/\/yoast.com\/wordpress\/plugins\/seo\/ -->\n<title>U-47700 | Hochreine Chemikalie f\u00fcr fortschrittliche Forschung<\/title>\n<meta name=\"description\" content=\"U-47700, eine hochwertige Forschungschemikalie f\u00fcr pr\u00e4zise Studien. Entwickelt f\u00fcr Labore mit Fokus auf Reinheit und Qualit\u00e4t. Nicht f\u00fcr den menschlichen Konsum.\" \/>\n<meta name=\"robots\" content=\"noindex, follow, max-snippet:-1, max-image-preview:large, max-video-preview:-1\" \/>\n<meta property=\"og:locale\" content=\"fr_FR\" \/>\n<meta property=\"og:type\" content=\"article\" \/>\n<meta property=\"og:title\" content=\"U-47700 | Hochreine Chemikalie f\u00fcr fortschrittliche Forschung\" \/>\n<meta property=\"og:description\" content=\"U-47700, eine hochwertige Forschungschemikalie f\u00fcr pr\u00e4zise Studien. Entwickelt f\u00fcr Labore mit Fokus auf Reinheit und Qualit\u00e4t. Nicht f\u00fcr den menschlichen Konsum.\" \/>\n<meta property=\"og:url\" content=\"https:\/\/chemgramx.com\/fr\/produit\/u-47700-commande-en-ligne\/\" \/>\n<meta property=\"og:site_name\" content=\"Chemgramx\" \/>\n<meta property=\"article:modified_time\" content=\"2025-11-21T11:07:28+00:00\" \/>\n<meta property=\"og:image\" content=\"https:\/\/chemgramx.com\/wp-content\/uploads\/2025\/11\/z16.png\" \/>\n\t<meta property=\"og:image:width\" content=\"600\" \/>\n\t<meta property=\"og:image:height\" content=\"403\" \/>\n\t<meta property=\"og:image:type\" content=\"image\/png\" \/>\n<meta name=\"twitter:card\" content=\"summary_large_image\" \/>\n<meta name=\"twitter:label1\" content=\"Dur\u00e9e de lecture estim\u00e9e\" \/>\n\t<meta name=\"twitter:data1\" content=\"5 minutes\" \/>\n<script type=\"application\/ld+json\" class=\"yoast-schema-graph\">{\"@context\":\"https:\/\/schema.org\",\"@graph\":[{\"@type\":\"WebPage\",\"@id\":\"https:\/\/chemgramx.com\/product\/u-47700-online-bestellung\/\",\"url\":\"https:\/\/chemgramx.com\/product\/u-47700-online-bestellung\/\",\"name\":\"U-47700 | Hochreine Chemikalie f\u00fcr fortschrittliche Forschung\",\"isPartOf\":{\"@id\":\"https:\/\/chemgramx.com\/#website\"},\"primaryImageOfPage\":{\"@id\":\"https:\/\/chemgramx.com\/product\/u-47700-online-bestellung\/#primaryimage\"},\"image\":{\"@id\":\"https:\/\/chemgramx.com\/product\/u-47700-online-bestellung\/#primaryimage\"},\"thumbnailUrl\":\"https:\/\/chemgramx.com\/wp-content\/uploads\/2025\/11\/z16.png\",\"datePublished\":\"2025-11-21T11:06:34+00:00\",\"dateModified\":\"2025-11-21T11:07:28+00:00\",\"description\":\"U-47700, eine hochwertige Forschungschemikalie f\u00fcr pr\u00e4zise Studien. Entwickelt f\u00fcr Labore mit Fokus auf Reinheit und Qualit\u00e4t. Nicht f\u00fcr den menschlichen Konsum.\",\"breadcrumb\":{\"@id\":\"https:\/\/chemgramx.com\/product\/u-47700-online-bestellung\/#breadcrumb\"},\"inLanguage\":\"fr-FR\",\"potentialAction\":[{\"@type\":\"ReadAction\",\"target\":[\"https:\/\/chemgramx.com\/product\/u-47700-online-bestellung\/\"]}]},{\"@type\":\"ImageObject\",\"inLanguage\":\"fr-FR\",\"@id\":\"https:\/\/chemgramx.com\/product\/u-47700-online-bestellung\/#primaryimage\",\"url\":\"https:\/\/chemgramx.com\/wp-content\/uploads\/2025\/11\/z16.png\",\"contentUrl\":\"https:\/\/chemgramx.com\/wp-content\/uploads\/2025\/11\/z16.png\",\"width\":600,\"height\":403},{\"@type\":\"BreadcrumbList\",\"@id\":\"https:\/\/chemgramx.com\/product\/u-47700-online-bestellung\/#breadcrumb\",\"itemListElement\":[{\"@type\":\"ListItem\",\"position\":1,\"name\":\"Home\",\"item\":\"https:\/\/chemgramx.com\/\"},{\"@type\":\"ListItem\",\"position\":2,\"name\":\"Shop\",\"item\":\"https:\/\/chemgramx.com\/shop\/\"},{\"@type\":\"ListItem\",\"position\":3,\"name\":\"U-47700 Online Bestellung\"}]},{\"@type\":\"WebSite\",\"@id\":\"https:\/\/chemgramx.com\/#website\",\"url\":\"https:\/\/chemgramx.com\/\",\"name\":\"Chemgramx\",\"description\":\"\",\"publisher\":{\"@id\":\"https:\/\/chemgramx.com\/#organization\"},\"potentialAction\":[{\"@type\":\"SearchAction\",\"target\":{\"@type\":\"EntryPoint\",\"urlTemplate\":\"https:\/\/chemgramx.com\/?s={search_term_string}\"},\"query-input\":{\"@type\":\"PropertyValueSpecification\",\"valueRequired\":true,\"valueName\":\"search_term_string\"}}],\"inLanguage\":\"fr-FR\"},{\"@type\":\"Organization\",\"@id\":\"https:\/\/chemgramx.com\/#organization\",\"name\":\"Chemgramx\",\"url\":\"https:\/\/chemgramx.com\/\",\"logo\":{\"@type\":\"ImageObject\",\"inLanguage\":\"fr-FR\",\"@id\":\"https:\/\/chemgramx.com\/#\/schema\/logo\/image\/\",\"url\":\"https:\/\/chemgramx.com\/wp-content\/uploads\/2024\/10\/final-logo.png\",\"contentUrl\":\"https:\/\/chemgramx.com\/wp-content\/uploads\/2024\/10\/final-logo.png\",\"width\":250,\"height\":48,\"caption\":\"Chemgramx\"},\"image\":{\"@id\":\"https:\/\/chemgramx.com\/#\/schema\/logo\/image\/\"}}]}<\/script>\n<!-- \/ Yoast SEO plugin. -->","yoast_head_json":{"title":"U-47700 | Produit chimique de haute puret\u00e9 pour la recherche avanc\u00e9e","description":"U-47700, un produit chimique de recherche de haute qualit\u00e9 pour des \u00e9tudes pr\u00e9cises. D\u00e9velopp\u00e9 pour les laboratoires soucieux de la puret\u00e9 et de la qualit\u00e9. Non destin\u00e9 \u00e0 la consommation humaine.","robots":{"index":"noindex","follow":"follow","max-snippet":"max-snippet:-1","max-image-preview":"max-image-preview:large","max-video-preview":"max-video-preview:-1"},"og_locale":"fr_FR","og_type":"article","og_title":"U-47700 | Hochreine Chemikalie f\u00fcr fortschrittliche Forschung","og_description":"U-47700, eine hochwertige Forschungschemikalie f\u00fcr pr\u00e4zise Studien. Entwickelt f\u00fcr Labore mit Fokus auf Reinheit und Qualit\u00e4t. Nicht f\u00fcr den menschlichen Konsum.","og_url":"https:\/\/chemgramx.com\/fr\/produit\/u-47700-commande-en-ligne\/","og_site_name":"Chemgramx","article_modified_time":"2025-11-21T11:07:28+00:00","og_image":[{"width":600,"height":403,"url":"https:\/\/chemgramx.com\/wp-content\/uploads\/2025\/11\/z16.png","type":"image\/png"}],"twitter_card":"summary_large_image","twitter_misc":{"Dur\u00e9e de lecture estim\u00e9e":"5 minutes"},"schema":{"@context":"https:\/\/schema.org","@graph":[{"@type":"WebPage","@id":"https:\/\/chemgramx.com\/product\/u-47700-online-bestellung\/","url":"https:\/\/chemgramx.com\/product\/u-47700-online-bestellung\/","name":"U-47700 | Produit chimique de haute puret\u00e9 pour la recherche avanc\u00e9e","isPartOf":{"@id":"https:\/\/chemgramx.com\/#website"},"primaryImageOfPage":{"@id":"https:\/\/chemgramx.com\/product\/u-47700-online-bestellung\/#primaryimage"},"image":{"@id":"https:\/\/chemgramx.com\/product\/u-47700-online-bestellung\/#primaryimage"},"thumbnailUrl":"https:\/\/chemgramx.com\/wp-content\/uploads\/2025\/11\/z16.png","datePublished":"2025-11-21T11:06:34+00:00","dateModified":"2025-11-21T11:07:28+00:00","description":"U-47700, un produit chimique de recherche de haute qualit\u00e9 pour des \u00e9tudes pr\u00e9cises. D\u00e9velopp\u00e9 pour les laboratoires soucieux de la puret\u00e9 et de la qualit\u00e9. Non destin\u00e9 \u00e0 la consommation humaine.","breadcrumb":{"@id":"https:\/\/chemgramx.com\/product\/u-47700-online-bestellung\/#breadcrumb"},"inLanguage":"fr-FR","potentialAction":[{"@type":"ReadAction","target":["https:\/\/chemgramx.com\/product\/u-47700-online-bestellung\/"]}]},{"@type":"ImageObject","inLanguage":"fr-FR","@id":"https:\/\/chemgramx.com\/product\/u-47700-online-bestellung\/#primaryimage","url":"https:\/\/chemgramx.com\/wp-content\/uploads\/2025\/11\/z16.png","contentUrl":"https:\/\/chemgramx.com\/wp-content\/uploads\/2025\/11\/z16.png","width":600,"height":403},{"@type":"BreadcrumbList","@id":"https:\/\/chemgramx.com\/product\/u-47700-online-bestellung\/#breadcrumb","itemListElement":[{"@type":"ListItem","position":1,"name":"Home","item":"https:\/\/chemgramx.com\/"},{"@type":"ListItem","position":2,"name":"Shop","item":"https:\/\/chemgramx.com\/shop\/"},{"@type":"ListItem","position":3,"name":"U-47700 Online Bestellung"}]},{"@type":"WebSite","@id":"https:\/\/chemgramx.com\/#website","url":"https:\/\/chemgramx.com\/","name":"Chemgramx","description":"","publisher":{"@id":"https:\/\/chemgramx.com\/#organization"},"potentialAction":[{"@type":"SearchAction","target":{"@type":"EntryPoint","urlTemplate":"https:\/\/chemgramx.com\/?s={search_term_string}"},"query-input":{"@type":"PropertyValueSpecification","valueRequired":true,"valueName":"search_term_string"}}],"inLanguage":"fr-FR"},{"@type":"Organization","@id":"https:\/\/chemgramx.com\/#organization","name":"Chemgramx","url":"https:\/\/chemgramx.com\/","logo":{"@type":"ImageObject","inLanguage":"fr-FR","@id":"https:\/\/chemgramx.com\/#\/schema\/logo\/image\/","url":"https:\/\/chemgramx.com\/wp-content\/uploads\/2024\/10\/final-logo.png","contentUrl":"https:\/\/chemgramx.com\/wp-content\/uploads\/2024\/10\/final-logo.png","width":250,"height":48,"caption":"Chemgramx"},"image":{"@id":"https:\/\/chemgramx.com\/#\/schema\/logo\/image\/"}}]}},"_links":{"self":[{"href":"https:\/\/chemgramx.com\/fr\/wp-json\/wp\/v2\/product\/6552","targetHints":{"allow":["GET"]}}],"collection":[{"href":"https:\/\/chemgramx.com\/fr\/wp-json\/wp\/v2\/product"}],"about":[{"href":"https:\/\/chemgramx.com\/fr\/wp-json\/wp\/v2\/types\/product"}],"replies":[{"embeddable":true,"href":"https:\/\/chemgramx.com\/fr\/wp-json\/wp\/v2\/comments?post=6552"}],"wp:featuredmedia":[{"embeddable":true,"href":"https:\/\/chemgramx.com\/fr\/wp-json\/wp\/v2\/media\/6580"}],"wp:attachment":[{"href":"https:\/\/chemgramx.com\/fr\/wp-json\/wp\/v2\/media?parent=6552"}],"wp:term":[{"taxonomy":"product_brand","embeddable":true,"href":"https:\/\/chemgramx.com\/fr\/wp-json\/wp\/v2\/product_brand?post=6552"},{"taxonomy":"product_cat","embeddable":true,"href":"https:\/\/chemgramx.com\/fr\/wp-json\/wp\/v2\/product_cat?post=6552"},{"taxonomy":"product_tag","embeddable":true,"href":"https:\/\/chemgramx.com\/fr\/wp-json\/wp\/v2\/product_tag?post=6552"}],"curies":[{"name":"wp","href":"https:\/\/api.w.org\/{rel}","templated":true}]}}