{"id":663,"date":"2024-10-21T09:27:35","date_gmt":"2024-10-21T09:27:35","guid":{"rendered":"https:\/\/chemgramx.com\/?post_type=product&#038;p=663"},"modified":"2025-10-15T10:31:48","modified_gmt":"2025-10-15T10:31:48","slug":"5cl-adba-5-cl-adb-a","status":"publish","type":"product","link":"https:\/\/chemgramx.com\/fr\/produit\/5cl-adba-5-cl-adb-a\/","title":{"rendered":"5CL-ADBA (5-Cl-ADB-A) acheter en ligne"},"content":{"rendered":"<h2 data-start=\"233\" data-end=\"301\">5CL-ADBA (5-Cl-ADB-A) online kaufen von einer zuverl\u00e4ssigen Forschungsquelle<\/h2>\n<h3 data-start=\"303\" data-end=\"386\">Acheter du 5CL-ADBA (5-Cl-ADB-A) en ligne\u00a0: utilisations, risques et consid\u00e9rations d'achat<\/h3>\n<p data-start=\"405\" data-end=\"902\">Dans le monde en constante \u00e9volution des produits chimiques de recherche, le 5CL-ADBA (5-Cl-ADB-A) s'est impos\u00e9 comme une substance suscitant un int\u00e9r\u00eat croissant dans les milieux scientifiques. De nombreux laboratoires et instituts universitaires choisissent d'acheter du 5CL-ADBA (5-Cl-ADB-A) en ligne pour \u00e9tudier ses interactions avec les r\u00e9cepteurs cannabino\u00efdes. Avant de commander du 5CL-ADBA (5-Cl-ADB-A), il est important de bien se renseigner sur ses propri\u00e9t\u00e9s, ses risques et ses aspects juridiques.<\/p>\n<p data-start=\"904\" data-end=\"1107\">Ce guide vous donne un aper\u00e7u du profil chimique, des domaines d'application, du contexte juridique et des informations sur <a href=\"https:\/\/chemgramx.com\/fr\/produit\/5cl-adba-5-cl-adb-a\/\"><strong>wo kann man 5CL-ADBA (5-Cl-ADB-A) kaufen<\/strong><\/a>\u00a0sicher und seri\u00f6s.<\/p>\n<h3 data-start=\"1109\" data-end=\"1132\">Qu'est-ce que le 5CL-ADBA ?<\/h3>\n<p data-start=\"1133\" data-end=\"1390\"><a href=\"https:\/\/en.wikipedia.org\/wiki\/5F-ADB\">5CL-ADBA (5-Cl-ADB-A)<\/a>Le CBD, \u00e9galement connu sous le nom de 5-chloro-ADB-A, appartient \u00e0 la classe des cannabino\u00efdes synth\u00e9tiques. Ces substances sont con\u00e7ues pour interagir avec les r\u00e9cepteurs CB1 et CB2 de l'organisme, produisant des effets similaires ou sup\u00e9rieurs \u00e0 ceux du THC.<\/p>\n<p data-start=\"1392\" data-end=\"1581\">Cette substance n'est pas autoris\u00e9e pour la consommation humaine et est destin\u00e9e uniquement \u00e0 la recherche. Toute personne recherchant du 5CL-ADBA (5-Cl-ADB-A) \u00e0 vendre doit en \u00eatre consciente.<\/p>\n<h3 data-start=\"1583\" data-end=\"1635\">Wissenschaftlicher und rechtlicher Hintergrund<\/h3>\n<p data-start=\"1636\" data-end=\"1862\">Le 5CL-ADBA (5-Cl-ADB-A) a \u00e9t\u00e9 synth\u00e9tis\u00e9 lors du d\u00e9veloppement de nouveaux cannabino\u00efdes \u00e0 base d'indazole. En raison de ses similitudes structurelles avec des substances r\u00e9glement\u00e9es, il est r\u00e9glement\u00e9, voire interdit, dans de nombreux pays.<\/p>\n<p data-start=\"1864\" data-end=\"2061\">Seri\u00f6se Anbieter kennzeichnen ihre Produkte klar mit \u201enicht f\u00fcr den menschlichen Konsum\u201c und bieten sie ausschlie\u00dflich als 5CL-ADBA (5-Cl-ADB-A) online kaufen von einer zuverl\u00e4ssigen Forschungsquelle und.<\/p>\n<h3 data-start=\"2063\" data-end=\"2086\">Profil chimique<\/h3>\n<ul data-start=\"2087\" data-end=\"2366\">\n<li data-start=\"2087\" data-end=\"2185\">\n<p data-start=\"2089\" data-end=\"2185\">Nom IUPAC\u00a0: 1-(5-chloropentyl)-N-(1-amino-3,3-dim\u00e9thyl-1-oxobutan-2-yl)-1H-indazol-3-carboxamide<\/p>\n<\/li>\n<li data-start=\"2186\" data-end=\"2217\">\n<p data-start=\"2188\" data-end=\"2217\">Forme mol\u00e9culaire : C20H28ClN3O3<\/p>\n<\/li>\n<li data-start=\"2218\" data-end=\"2252\">\n<p data-start=\"2220\" data-end=\"2252\">Poids mol\u00e9culaire : 393,91 g\/mol<\/p>\n<\/li>\n<li data-start=\"2253\" data-end=\"2301\">\n<p data-start=\"2255\" data-end=\"2301\">Aspect : Poudre blanche \u00e0 cr\u00e8me<\/p>\n<\/li>\n<li data-start=\"2302\" data-end=\"2366\">\n<p data-start=\"2304\" data-end=\"2366\">Classification : Cannabino\u00efde synth\u00e9tique, agoniste des r\u00e9cepteurs<\/p>\n<\/li>\n<\/ul>\n<p data-start=\"2368\" data-end=\"2484\">En raison de son fort effet agoniste, il s\u2019agit d\u2019un sujet int\u00e9ressant en neuropharmacologie et en toxicologie.<\/p>\n<h3 data-start=\"2486\" data-end=\"2519\">Utilisation dans la recherche<\/h3>\n<p data-start=\"2520\" data-end=\"2710\">5CL-ADBA (5-Cl-ADB-A) wird in Laboren f\u00fcr Studien zu Rezeptor-Bindungsaffinit\u00e4t, CB1\/CB2-Aktivierung, forensischer Toxikologie und Vergleichsanalysen mit anderen Cannabinoiden genutzt. Es eignet sich besonders zur Entwicklung analytischer Referenzstandards. Daher bevorzugen viele Wissenschaftler, 5CL-ADBA (5-Cl-ADB-A) Online kaufen, da sie hier gepr\u00fcfte Reinheit und Konsistenz erwarten k\u00f6nnen.<\/p>\n<h3 data-start=\"2928\" data-end=\"2957\">Consid\u00e9rations juridiques<\/h3>\n<p data-start=\"2958\" data-end=\"3105\">Der rechtliche Status unterscheidet sich weltweit. Bevor Sie bestellen Sie 5CL-ADBA (5-Cl-ADB-A), sollten Sie die aktuelle Lage in Ihrem Land pr\u00fcfen.<\/p>\n<p data-start=\"3107\" data-end=\"3342\">In Deutschland ist es nach dem NpSG verboten, in \u00d6sterreich f\u00e4llt es unter das SMG, und in den USA kann es unter den Analogue Act fallen. Wer dennoch 5CL-ADBA (5-Cl-ADB-A) zu verkaufen findet, sollte sich dieser Risiken bewusst sein.<\/p>\n<h3 data-start=\"3344\" data-end=\"3389\">Acheter 5CL-ADBA en ligne \u2013 \u00c0 quoi faut-il faire attention\u00a0?<\/h3>\n<p data-start=\"3390\" data-end=\"3552\">Da die Nachfrage steigt, gibt es auch unseri\u00f6se Anbieter. Wer das bester Ort, um 5CL-ADBA (5-Cl-ADB-A) online zu kaufen sucht, sollte auf folgende Faktoren achten:<\/p>\n<ul data-start=\"3554\" data-end=\"3811\">\n<li data-start=\"3554\" data-end=\"3606\">\n<p data-start=\"3556\" data-end=\"3606\">Certificats de laboratoire (COA) d'auditeurs ind\u00e9pendants<\/p>\n<\/li>\n<li data-start=\"3607\" data-end=\"3662\">\n<p data-start=\"3609\" data-end=\"3662\">Positive Bewertungen aus der Forschungsgemeinschaft<\/p>\n<\/li>\n<li data-start=\"3663\" data-end=\"3723\">\n<p data-start=\"3665\" data-end=\"3723\">Informations transparentes sur la puret\u00e9, l'emballage et l'exp\u00e9dition<\/p>\n<\/li>\n<li data-start=\"3724\" data-end=\"3765\">\n<p data-start=\"3726\" data-end=\"3765\">Coh\u00e9rence entre les lots individuels<\/p>\n<\/li>\n<li data-start=\"3766\" data-end=\"3811\">\n<p data-start=\"3768\" data-end=\"3811\">Livraison discr\u00e8te avec suivi<\/p>\n<\/li>\n<\/ul>\n<p data-start=\"3813\" data-end=\"4000\">Le prix du 5CL-ADBA (5-Cl-ADB-A) peut varier selon le fournisseur. Un prix tr\u00e8s bas doit toujours \u00eatre remis en question, car la qualit\u00e9 et la puret\u00e9 sont primordiales.<\/p>\n<h3 data-start=\"4002\" data-end=\"4037\">Conclusion et mentions l\u00e9gales<\/h3>\n<p data-start=\"4038\" data-end=\"4332\">5CL-ADBA (5-Cl-ADB-A) ist ein spannender Forschungsstoff, der Wissenschaftlern neue Erkenntnisse zu Cannabinoid-Rezeptoren erm\u00f6glicht. Wer 5CL-ADBA (5-Cl-ADB-A) online kaufen m\u00f6chte, sollte ausschlie\u00dflich auf seri\u00f6se Quellen zur\u00fcckgreifen und die gesetzlichen Rahmenbedingungen beachten.<\/p>\n<p data-start=\"4334\" data-end=\"4480\">Am sichersten ist es, den Kauf bei einem Anbieter zu t\u00e4tigen, der als 5CL-ADBA (5-Cl-ADB-A) online kaufen von einer zuverl\u00e4ssigen Forschungsquelle gilt.<\/p>","protected":false},"excerpt":{"rendered":"<p>Le 5CL-ADBA est une substance de recherche innovante qui se pr\u00e9sente comme un membre \u00e9minent de la famille des cannabino\u00efdes synth\u00e9tiques. Connu pour sa puissance remarquable et ses effets uniques, ce compos\u00e9 suscite l'int\u00e9r\u00eat des chercheurs et des passionn\u00e9s.<\/p>\n<h4>Pourquoi 5CL-ADBA se distingue :<\/h4>\n<ul>\n<li><strong>Des effets uniques<\/strong>Les utilisateurs rapportent des exp\u00e9riences psychoactives fascinantes qui font du 5CL-ADBA un sujet d'\u00e9tude passionnant.<\/li>\n<li><strong>Potentiel de recherche<\/strong>5CL-ADBA : avec sa structure chimique complexe, le 5CL-ADBA offre un aper\u00e7u pr\u00e9cieux des interactions cannabino\u00efdes et des applications th\u00e9rapeutiques potentielles.<\/li>\n<li><strong>Exploration avanc\u00e9e<\/strong>5CL-ADBA est un nouveau compos\u00e9 \u00e0 la pointe de la recherche sur les cannabino\u00efdes et ouvre la voie \u00e0 de nouvelles d\u00e9couvertes en pharmacologie.<\/li>\n<\/ul>","protected":false},"featured_media":665,"comment_status":"open","ping_status":"closed","template":"","meta":{"_joinchat":[]},"product_brand":[],"product_cat":[47],"product_tag":[67,69,68,66,70,71],"class_list":{"0":"post-663","1":"product","2":"type-product","3":"status-publish","4":"has-post-thumbnail","6":"product_cat-cannabinoids","7":"product_tag-5-cl-adb-a-bestellen","8":"product_tag-research-chemical-kaufen-und-richtet-sich-an-kunden","9":"product_tag-synthetisches-cannabinoid-kaufen","10":"product_tag-5cl-adba-kaufen","11":"product_tag-die-nach-5cl-adba-suchen-er-informiert-uber-die-effekte","12":"product_tag-sicherheitsvorkehrungen-und-vorteile-des-kaufs-bei-chemgramx","14":"first","15":"instock","16":"shipping-taxable","17":"purchasable","18":"product-type-variable"},"yoast_head":"<!-- This site is optimized with the Yoast SEO plugin v26.1.1 - https:\/\/yoast.com\/wordpress\/plugins\/seo\/ -->\n<title>5CL-ADBA (5-Cl-ADB-A) online kaufen | Chemgramx<\/title>\n<meta name=\"description\" content=\"Bei unserem Chemgramx k\u00f6nnen Sie 5cl-adba zu g\u00fcnstigen Preisen kaufen. Hier k\u00f6nnen Sie 5cl-adba jetzt in hoher Qualit\u00e4t online in unserem Shop mit schnellem und sicherem Versandservice kaufen. Jetzt bestellen!\" \/>\n<meta name=\"robots\" content=\"index, follow, max-snippet:-1, max-image-preview:large, max-video-preview:-1\" \/>\n<link rel=\"canonical\" href=\"https:\/\/chemgramx.com\/fr\/produit\/5cl-adba-5-cl-adb-a\/\" \/>\n<meta property=\"og:locale\" content=\"fr_FR\" \/>\n<meta property=\"og:type\" content=\"article\" \/>\n<meta property=\"og:title\" content=\"5CL-ADBA (5-Cl-ADB-A) online kaufen | Chemgramx\" \/>\n<meta property=\"og:description\" content=\"Bei unserem Chemgramx k\u00f6nnen Sie 5cl-adba zu g\u00fcnstigen Preisen kaufen. Hier k\u00f6nnen Sie 5cl-adba jetzt in hoher Qualit\u00e4t online in unserem Shop mit schnellem und sicherem Versandservice kaufen. Jetzt bestellen!\" \/>\n<meta property=\"og:url\" content=\"https:\/\/chemgramx.com\/fr\/produit\/5cl-adba-5-cl-adb-a\/\" \/>\n<meta property=\"og:site_name\" content=\"Chemgramx\" \/>\n<meta property=\"article:modified_time\" content=\"2025-10-15T10:31:48+00:00\" \/>\n<meta property=\"og:image\" content=\"https:\/\/chemgramx.com\/wp-content\/uploads\/2024\/10\/5CL-ADBA-5-Cl-ADB-A.jpg\" \/>\n\t<meta property=\"og:image:width\" content=\"300\" \/>\n\t<meta property=\"og:image:height\" content=\"300\" \/>\n\t<meta property=\"og:image:type\" content=\"image\/jpeg\" \/>\n<meta name=\"twitter:card\" content=\"summary_large_image\" \/>\n<meta name=\"twitter:label1\" content=\"Dur\u00e9e de lecture estim\u00e9e\" \/>\n\t<meta name=\"twitter:data1\" content=\"3 minutes\" \/>\n<script type=\"application\/ld+json\" class=\"yoast-schema-graph\">{\"@context\":\"https:\/\/schema.org\",\"@graph\":[{\"@type\":\"WebPage\",\"@id\":\"https:\/\/chemgramx.com\/product\/5cl-adba-5-cl-adb-a\/\",\"url\":\"https:\/\/chemgramx.com\/product\/5cl-adba-5-cl-adb-a\/\",\"name\":\"5CL-ADBA (5-Cl-ADB-A) online kaufen | Chemgramx\",\"isPartOf\":{\"@id\":\"https:\/\/chemgramx.com\/#website\"},\"primaryImageOfPage\":{\"@id\":\"https:\/\/chemgramx.com\/product\/5cl-adba-5-cl-adb-a\/#primaryimage\"},\"image\":{\"@id\":\"https:\/\/chemgramx.com\/product\/5cl-adba-5-cl-adb-a\/#primaryimage\"},\"thumbnailUrl\":\"https:\/\/chemgramx.com\/wp-content\/uploads\/2024\/10\/5CL-ADBA-5-Cl-ADB-A.jpg\",\"datePublished\":\"2024-10-21T09:27:35+00:00\",\"dateModified\":\"2025-10-15T10:31:48+00:00\",\"description\":\"Bei unserem Chemgramx k\u00f6nnen Sie 5cl-adba zu g\u00fcnstigen Preisen kaufen. Hier k\u00f6nnen Sie 5cl-adba jetzt in hoher Qualit\u00e4t online in unserem Shop mit schnellem und sicherem Versandservice kaufen. Jetzt bestellen!\",\"breadcrumb\":{\"@id\":\"https:\/\/chemgramx.com\/product\/5cl-adba-5-cl-adb-a\/#breadcrumb\"},\"inLanguage\":\"fr-FR\",\"potentialAction\":[{\"@type\":\"ReadAction\",\"target\":[\"https:\/\/chemgramx.com\/product\/5cl-adba-5-cl-adb-a\/\"]}]},{\"@type\":\"ImageObject\",\"inLanguage\":\"fr-FR\",\"@id\":\"https:\/\/chemgramx.com\/product\/5cl-adba-5-cl-adb-a\/#primaryimage\",\"url\":\"https:\/\/chemgramx.com\/wp-content\/uploads\/2024\/10\/5CL-ADBA-5-Cl-ADB-A.jpg\",\"contentUrl\":\"https:\/\/chemgramx.com\/wp-content\/uploads\/2024\/10\/5CL-ADBA-5-Cl-ADB-A.jpg\",\"width\":300,\"height\":300,\"caption\":\"5CL-ADBA (5-Cl-ADB-A) online kaufen\"},{\"@type\":\"BreadcrumbList\",\"@id\":\"https:\/\/chemgramx.com\/product\/5cl-adba-5-cl-adb-a\/#breadcrumb\",\"itemListElement\":[{\"@type\":\"ListItem\",\"position\":1,\"name\":\"Home\",\"item\":\"https:\/\/chemgramx.com\/\"},{\"@type\":\"ListItem\",\"position\":2,\"name\":\"Shop\",\"item\":\"https:\/\/chemgramx.com\/shop\/\"},{\"@type\":\"ListItem\",\"position\":3,\"name\":\"5CL-ADBA (5-Cl-ADB-A) online kaufen\"}]},{\"@type\":\"WebSite\",\"@id\":\"https:\/\/chemgramx.com\/#website\",\"url\":\"https:\/\/chemgramx.com\/\",\"name\":\"Chemgramx\",\"description\":\"\",\"publisher\":{\"@id\":\"https:\/\/chemgramx.com\/#organization\"},\"potentialAction\":[{\"@type\":\"SearchAction\",\"target\":{\"@type\":\"EntryPoint\",\"urlTemplate\":\"https:\/\/chemgramx.com\/?s={search_term_string}\"},\"query-input\":{\"@type\":\"PropertyValueSpecification\",\"valueRequired\":true,\"valueName\":\"search_term_string\"}}],\"inLanguage\":\"fr-FR\"},{\"@type\":\"Organization\",\"@id\":\"https:\/\/chemgramx.com\/#organization\",\"name\":\"Chemgramx\",\"url\":\"https:\/\/chemgramx.com\/\",\"logo\":{\"@type\":\"ImageObject\",\"inLanguage\":\"fr-FR\",\"@id\":\"https:\/\/chemgramx.com\/#\/schema\/logo\/image\/\",\"url\":\"https:\/\/chemgramx.com\/wp-content\/uploads\/2024\/10\/final-logo.png\",\"contentUrl\":\"https:\/\/chemgramx.com\/wp-content\/uploads\/2024\/10\/final-logo.png\",\"width\":250,\"height\":48,\"caption\":\"Chemgramx\"},\"image\":{\"@id\":\"https:\/\/chemgramx.com\/#\/schema\/logo\/image\/\"}}]}<\/script>\n<!-- \/ Yoast SEO plugin. -->","yoast_head_json":{"title":"5CL-ADBA (5-Cl-ADB-A) online kaufen | Chemgramx","description":"Bei unserem Chemgramx k\u00f6nnen Sie 5cl-adba zu g\u00fcnstigen Preisen kaufen. Hier k\u00f6nnen Sie 5cl-adba jetzt in hoher Qualit\u00e4t online in unserem Shop mit schnellem und sicherem Versandservice kaufen. Jetzt bestellen!","robots":{"index":"index","follow":"follow","max-snippet":"max-snippet:-1","max-image-preview":"max-image-preview:large","max-video-preview":"max-video-preview:-1"},"canonical":"https:\/\/chemgramx.com\/fr\/produit\/5cl-adba-5-cl-adb-a\/","og_locale":"fr_FR","og_type":"article","og_title":"5CL-ADBA (5-Cl-ADB-A) online kaufen | Chemgramx","og_description":"Bei unserem Chemgramx k\u00f6nnen Sie 5cl-adba zu g\u00fcnstigen Preisen kaufen. Hier k\u00f6nnen Sie 5cl-adba jetzt in hoher Qualit\u00e4t online in unserem Shop mit schnellem und sicherem Versandservice kaufen. Jetzt bestellen!","og_url":"https:\/\/chemgramx.com\/fr\/produit\/5cl-adba-5-cl-adb-a\/","og_site_name":"Chemgramx","article_modified_time":"2025-10-15T10:31:48+00:00","og_image":[{"width":300,"height":300,"url":"https:\/\/chemgramx.com\/wp-content\/uploads\/2024\/10\/5CL-ADBA-5-Cl-ADB-A.jpg","type":"image\/jpeg"}],"twitter_card":"summary_large_image","twitter_misc":{"Dur\u00e9e de lecture estim\u00e9e":"3 minutes"},"schema":{"@context":"https:\/\/schema.org","@graph":[{"@type":"WebPage","@id":"https:\/\/chemgramx.com\/product\/5cl-adba-5-cl-adb-a\/","url":"https:\/\/chemgramx.com\/product\/5cl-adba-5-cl-adb-a\/","name":"5CL-ADBA (5-Cl-ADB-A) online kaufen | Chemgramx","isPartOf":{"@id":"https:\/\/chemgramx.com\/#website"},"primaryImageOfPage":{"@id":"https:\/\/chemgramx.com\/product\/5cl-adba-5-cl-adb-a\/#primaryimage"},"image":{"@id":"https:\/\/chemgramx.com\/product\/5cl-adba-5-cl-adb-a\/#primaryimage"},"thumbnailUrl":"https:\/\/chemgramx.com\/wp-content\/uploads\/2024\/10\/5CL-ADBA-5-Cl-ADB-A.jpg","datePublished":"2024-10-21T09:27:35+00:00","dateModified":"2025-10-15T10:31:48+00:00","description":"Bei unserem Chemgramx k\u00f6nnen Sie 5cl-adba zu g\u00fcnstigen Preisen kaufen. Hier k\u00f6nnen Sie 5cl-adba jetzt in hoher Qualit\u00e4t online in unserem Shop mit schnellem und sicherem Versandservice kaufen. Jetzt bestellen!","breadcrumb":{"@id":"https:\/\/chemgramx.com\/product\/5cl-adba-5-cl-adb-a\/#breadcrumb"},"inLanguage":"fr-FR","potentialAction":[{"@type":"ReadAction","target":["https:\/\/chemgramx.com\/product\/5cl-adba-5-cl-adb-a\/"]}]},{"@type":"ImageObject","inLanguage":"fr-FR","@id":"https:\/\/chemgramx.com\/product\/5cl-adba-5-cl-adb-a\/#primaryimage","url":"https:\/\/chemgramx.com\/wp-content\/uploads\/2024\/10\/5CL-ADBA-5-Cl-ADB-A.jpg","contentUrl":"https:\/\/chemgramx.com\/wp-content\/uploads\/2024\/10\/5CL-ADBA-5-Cl-ADB-A.jpg","width":300,"height":300,"caption":"5CL-ADBA (5-Cl-ADB-A) online kaufen"},{"@type":"BreadcrumbList","@id":"https:\/\/chemgramx.com\/product\/5cl-adba-5-cl-adb-a\/#breadcrumb","itemListElement":[{"@type":"ListItem","position":1,"name":"Home","item":"https:\/\/chemgramx.com\/"},{"@type":"ListItem","position":2,"name":"Shop","item":"https:\/\/chemgramx.com\/shop\/"},{"@type":"ListItem","position":3,"name":"5CL-ADBA (5-Cl-ADB-A) online kaufen"}]},{"@type":"WebSite","@id":"https:\/\/chemgramx.com\/#website","url":"https:\/\/chemgramx.com\/","name":"Chemgramx","description":"","publisher":{"@id":"https:\/\/chemgramx.com\/#organization"},"potentialAction":[{"@type":"SearchAction","target":{"@type":"EntryPoint","urlTemplate":"https:\/\/chemgramx.com\/?s={search_term_string}"},"query-input":{"@type":"PropertyValueSpecification","valueRequired":true,"valueName":"search_term_string"}}],"inLanguage":"fr-FR"},{"@type":"Organization","@id":"https:\/\/chemgramx.com\/#organization","name":"Chemgramx","url":"https:\/\/chemgramx.com\/","logo":{"@type":"ImageObject","inLanguage":"fr-FR","@id":"https:\/\/chemgramx.com\/#\/schema\/logo\/image\/","url":"https:\/\/chemgramx.com\/wp-content\/uploads\/2024\/10\/final-logo.png","contentUrl":"https:\/\/chemgramx.com\/wp-content\/uploads\/2024\/10\/final-logo.png","width":250,"height":48,"caption":"Chemgramx"},"image":{"@id":"https:\/\/chemgramx.com\/#\/schema\/logo\/image\/"}}]}},"_links":{"self":[{"href":"https:\/\/chemgramx.com\/fr\/wp-json\/wp\/v2\/product\/663","targetHints":{"allow":["GET"]}}],"collection":[{"href":"https:\/\/chemgramx.com\/fr\/wp-json\/wp\/v2\/product"}],"about":[{"href":"https:\/\/chemgramx.com\/fr\/wp-json\/wp\/v2\/types\/product"}],"replies":[{"embeddable":true,"href":"https:\/\/chemgramx.com\/fr\/wp-json\/wp\/v2\/comments?post=663"}],"wp:featuredmedia":[{"embeddable":true,"href":"https:\/\/chemgramx.com\/fr\/wp-json\/wp\/v2\/media\/665"}],"wp:attachment":[{"href":"https:\/\/chemgramx.com\/fr\/wp-json\/wp\/v2\/media?parent=663"}],"wp:term":[{"taxonomy":"product_brand","embeddable":true,"href":"https:\/\/chemgramx.com\/fr\/wp-json\/wp\/v2\/product_brand?post=663"},{"taxonomy":"product_cat","embeddable":true,"href":"https:\/\/chemgramx.com\/fr\/wp-json\/wp\/v2\/product_cat?post=663"},{"taxonomy":"product_tag","embeddable":true,"href":"https:\/\/chemgramx.com\/fr\/wp-json\/wp\/v2\/product_tag?post=663"}],"curies":[{"name":"wp","href":"https:\/\/api.w.org\/{rel}","templated":true}]}}