{"id":666,"date":"2024-10-21T11:29:38","date_gmt":"2024-10-21T11:29:38","guid":{"rendered":"https:\/\/chemgramx.com\/?post_type=product&#038;p=666"},"modified":"2025-10-15T06:03:48","modified_gmt":"2025-10-15T06:03:48","slug":"3cl-3-chlor-%ce%b1-pvp","status":"publish","type":"product","link":"https:\/\/chemgramx.com\/fr\/produit\/3cl-3-chlor-%ce%b1-pvp\/","title":{"rendered":"Acheter 3CL (3-Chlor-\u03b1-PVP) en ligne"},"content":{"rendered":"<h2 data-start=\"347\" data-end=\"413\">Achetez 3CL (3-Chloro-\u03b1-PVP) en ligne aupr\u00e8s d'une source de recherche fiable<\/h2>\n<h3 data-start=\"415\" data-end=\"466\">Acheter 3CL (3-Chloro-\u03b1-PVP) en ligne \u2013 Introduction<\/h3>\n<p data-start=\"468\" data-end=\"782\">Le 3CL (3-chloro-\u03b1-PVP) est un stimulant synth\u00e9tique de la famille des pyrrolidinoph\u00e9nones, structurellement similaire \u00e0 l'\u03b1-PVP bien connue. De nombreux chercheurs choisissent <a href=\"https:\/\/chemgramx.com\/fr\/produit\/3cl-3-chlor-%ce%b1-pvp\/\">acheter 3CL (3-Chlor-\u03b1-PVP) en ligne<\/a>, car il pr\u00e9sente un grand int\u00e9r\u00eat pour les \u00e9tudes scientifiques et les investigations pharmacologiques.<\/p>\n<p data-start=\"784\" data-end=\"939\">Lors de la commande de 3CL (3-chloro-\u03b1-PVP), il est essentiel de pr\u00eater attention \u00e0 la fiabilit\u00e9 du fournisseur pour garantir la qualit\u00e9, la puret\u00e9 et la l\u00e9galit\u00e9.<\/p>\n<h3 data-start=\"941\" data-end=\"974\">Was ist 3CL (3-Chlor-\u03b1-PVP)?<\/h3>\n<h3 data-start=\"976\" data-end=\"1007\">Composition chimique<\/h3>\n<p data-start=\"1008\" data-end=\"1277\"><a href=\"https:\/\/en.wikipedia.org\/wiki\/%CE%91-Pyrrolidinopentiophenone\">3CL (3-Chlor-\u03b1-PVP)<\/a> Appartient \u00e0 la classe des pyrrolidinoph\u00e9nones et se caract\u00e9rise par un atome de chlore en position 3 de la structure \u03b1-PVP. Cette modification influence les propri\u00e9t\u00e9s pharmacologiques et rend la substance int\u00e9ressante pour la recherche.<\/p>\n<h3 data-start=\"1279\" data-end=\"1310\">Utilisations courantes<\/h3>\n<ul data-start=\"1311\" data-end=\"1479\">\n<li data-start=\"1311\" data-end=\"1381\">\n<p data-start=\"1313\" data-end=\"1381\">Recherche : Etude des m\u00e9canismes d'action pharmacologiques.<\/p>\n<\/li>\n<li data-start=\"1382\" data-end=\"1479\">\n<p data-start=\"1384\" data-end=\"1479\">Exploration psychoactive : Utiliser comme stimulant puissant dans des environnements de laboratoire contr\u00f4l\u00e9s.<\/p>\n<\/li>\n<\/ul>\n<h3 data-start=\"1481\" data-end=\"1505\">Statut juridique<\/h3>\n<p data-start=\"1506\" data-end=\"1786\">La l\u00e9gislation sur la vente du 3CL (3-chloro-\u03b1-PVP) varie consid\u00e9rablement selon les pays. Dans certaines r\u00e9gions, il est soumis \u00e0 la l\u00e9gislation sur les analogues, tandis que dans d'autres, il est explicitement interdit. Il est donc conseill\u00e9 aux personnes souhaitant se procurer du 3CL (3-chloro-\u03b1-PVP) de v\u00e9rifier la r\u00e9glementation locale.<\/p>\n<h3 data-start=\"1788\" data-end=\"1827\">Pourquoi acheter du 3-chloro-\u03b1-PVP en ligne ?<\/h3>\n<h3 data-start=\"1829\" data-end=\"1861\">Accessibilit\u00e9 et confort<\/h3>\n<p data-start=\"1862\" data-end=\"1986\">De nombreux chercheurs pr\u00e9f\u00e8rent acheter du 3CL (3-Chloro-\u03b1-PVP) en ligne car cela permet une livraison rapide et discr\u00e8te.<\/p>\n<h3 data-start=\"1988\" data-end=\"2016\">S\u00e9lection de produits plus large<\/h3>\n<p data-start=\"2017\" data-end=\"2189\">On trouve souvent en ligne un choix plus large de quantit\u00e9s et de puret\u00e9s que localement. C'est pourquoi la vente en ligne est le meilleur endroit pour acheter du 3CL (3-chloro-\u03b1-PVP) en ligne.<\/p>\n<h3 data-start=\"2191\" data-end=\"2216\">Opportunit\u00e9s et risques<\/h3>\n<p data-start=\"2218\" data-end=\"2233\">Avantages :<\/p>\n<ul data-start=\"2234\" data-end=\"2406\">\n<li data-start=\"2234\" data-end=\"2289\">\n<p data-start=\"2236\" data-end=\"2289\">Livraison discr\u00e8te directement \u00e0 l'adresse souhait\u00e9e<\/p>\n<\/li>\n<li data-start=\"2290\" data-end=\"2344\">\n<p data-start=\"2292\" data-end=\"2344\">Acc\u00e8s aux certificats de laboratoire et \u00e0 la qualit\u00e9 test\u00e9e<\/p>\n<\/li>\n<li data-start=\"2345\" data-end=\"2406\">\n<p data-start=\"2347\" data-end=\"2406\">Prix \u200b\u200battractif du 3CL (3-chloro-\u03b1-PVP) gr\u00e2ce \u00e0 la concurrence<\/p>\n<\/li>\n<\/ul>\n<p data-start=\"2408\" data-end=\"2422\">Risques :<\/p>\n<ul data-start=\"2423\" data-end=\"2557\">\n<li data-start=\"2423\" data-end=\"2478\">\n<p data-start=\"2425\" data-end=\"2478\">M\u00f6gliche Qualit\u00e4tsunterschiede und Verunreinigungen<\/p>\n<\/li>\n<li data-start=\"2479\" data-end=\"2520\">\n<p data-start=\"2481\" data-end=\"2520\">Incertitudes juridiques lors de l'importation<\/p>\n<\/li>\n<li data-start=\"2521\" data-end=\"2557\">\n<p data-start=\"2523\" data-end=\"2557\">Des revendeurs douteux sans preuve<\/p>\n<\/li>\n<\/ul>\n<h3 data-start=\"2777\" data-end=\"2823\">Avis clients et commentaires de la communaut\u00e9<\/h3>\n<p data-start=\"2824\" data-end=\"2967\">Les avis sur les forums sp\u00e9cialis\u00e9s aident \u00e0 identifier les magasins r\u00e9put\u00e9s qui proposent \u00e0 la vente du 3CL (3-chloro-\u03b1-PVP) de qualit\u00e9 test\u00e9e.<\/p>\n<h3 data-start=\"2969\" data-end=\"3005\">Tests de laboratoire et certificats<\/h3>\n<p data-start=\"3006\" data-end=\"3144\">Les revendeurs fiables fournissent un COA (certificat d'analyse) \u2013 un crit\u00e8re important lorsque vous commandez du 3CL (3-Chloro-\u03b1-PVP).<\/p>\n<h3 data-start=\"3146\" data-end=\"3187\">Consid\u00e9rations juridiques et \u00e9thiques<\/h3>\n<h3 data-start=\"3189\" data-end=\"3224\">Cadre juridique<\/h3>\n<p data-start=\"3225\" data-end=\"3364\">\u00c9tant donn\u00e9 que la situation juridique peut \u00e9voluer rapidement, les acheteurs doivent toujours v\u00e9rifier la r\u00e9glementation en vigueur avant d\u2019acheter du 3CL (3-chloro-\u03b1-PVP).<\/p>\n<h3 data-start=\"3366\" data-end=\"3397\">Responsabilit\u00e9 de l'acheteur<\/h3>\n<p data-start=\"3398\" data-end=\"3495\">La substance ne peut \u00eatre utilis\u00e9e que dans les limites l\u00e9gales et exclusivement \u00e0 des fins de recherche.<\/p>\n<h3 data-start=\"3497\" data-end=\"3507\">Conclusion<\/h3>\n<p data-start=\"3509\" data-end=\"3775\">Le 3CL (3-chloro-\u03b1-PVP) est un stimulant puissant qui suscite un int\u00e9r\u00eat croissant dans la recherche et l'analyse. Quiconque souhaite acheter du 3CL (3-chloro-\u03b1-PVP) en ligne aupr\u00e8s d'une source de recherche fiable doit s'assurer de sa qualit\u00e9, de sa fiabilit\u00e9 et de sa s\u00e9curit\u00e9 juridique.<\/p>\n<h3 data-start=\"3777\" data-end=\"3826\">Derniers conseils pour un achat en toute s\u00e9curit\u00e9<\/h3>\n<ul data-start=\"3827\" data-end=\"4025\">\n<li data-start=\"3827\" data-end=\"3897\">\n<p data-start=\"3829\" data-end=\"3897\">3CL (3-Chlor-\u03b1-PVP) kaufen nur bei verifizierten H\u00e4ndlern mit COA<\/p>\n<\/li>\n<li data-start=\"3898\" data-end=\"3943\">\n<p data-start=\"3900\" data-end=\"3943\">Consultez les avis et t\u00e9moignages<\/p>\n<\/li>\n<li data-start=\"3944\" data-end=\"3991\">\n<p data-start=\"3946\" data-end=\"3991\">Faites attention au statut juridique actuel<\/p>\n<\/li>\n<li data-start=\"3992\" data-end=\"4025\">\n<p data-start=\"3994\" data-end=\"4025\">Agir de mani\u00e8re responsable<\/p>\n<\/li>\n<\/ul>","protected":false},"excerpt":{"rendered":"<h3>Verst\u00e4ndnis von 3CL (3-Chlor-\u03b1-PVP)<\/h3>\n<p>3CL, oder 3-Chlor-\u03b1-PVP, ist ein synthetischer Stimulans, der mit dem beliebten Medikament \u03b1-PVP verwandt ist. Aufgrund seiner potenten Wirkungen hat es in der Forschungsgemeinschaft und unter Nutzern, die nach Alternativen zu traditionellen Stimulanzien suchen, Aufmerksamkeit erregt.<\/p>\n<h3><strong>Formule et structure<\/strong><\/h3>\n<ul>\n<li><strong>Formule chimique<\/strong>: C15H20ClNO<\/li>\n<li><strong>Poids mol\u00e9culaire<\/strong>: 265,78 g\/mol<\/li>\n<li><strong>Propri\u00e9t\u00e9s chimiques<\/strong>: Die Chlorgruppe an der 3. Position beeinflusst die Bindungsaffinit\u00e4t und pharmakologische Aktivit\u00e4t von 3CL, wodurch es sich von anderen \u03b1-PVP-Derivaten unterscheidet.<\/li>\n<\/ul>\n<h3><strong>Dur\u00e9e et effets<\/strong><\/h3>\n<p>Die Wirkung von 3CL h\u00e4lt typischerweise <strong>4 \u00e0 8 heures<\/strong> en fonction du dosage et des facteurs individuels :<\/p>\n<ul>\n<li><strong>D\u00e9but de l'effet<\/strong>20 \u00e0 40 minutes.<\/li>\n<li><strong>Point culminant<\/strong>1,5 \u00e0 3 heures.<\/li>\n<li><strong>R\u00e9percussions<\/strong>: Ein leichtes Abklingen der Effekte \u00fcber 2 bis 3 Stunden.<\/li>\n<\/ul>","protected":false},"featured_media":667,"comment_status":"open","ping_status":"closed","template":"","meta":{"_joinchat":[]},"product_brand":[],"product_cat":[48],"product_tag":[73,1475,1472,1482,1468,1481,1465,1466,1461,1480,72,1477,1479,1462,1473,1476,1460,1467,1478,1483,1463,1464,1474,1469,1471,1470],"class_list":{"0":"post-666","1":"product","2":"type-product","3":"status-publish","4":"has-post-thumbnail","6":"product_cat-stimulants","7":"product_tag-3-chlor--pvp-bestellen","8":"product_tag-3cl-bestellen","9":"product_tag-3cl-bulk-bestellung","10":"product_tag-3cl-chemikalie","11":"product_tag-3cl-experimente","12":"product_tag-3cl-forschung","13":"product_tag-3cl-forschung-chemikalie","14":"product_tag-3cl-fur-neurowissenschaftliche-studien","15":"product_tag-3cl-groshandel","16":"product_tag-3cl-gunstig","17":"product_tag-3cl-kaufen","18":"product_tag-3cl-labor","19":"product_tag-3cl-legal","20":"product_tag-3cl-lieferant","21":"product_tag-3cl-marktanalyse","22":"product_tag-3cl-online","23":"product_tag-3cl-online-bestellen","24":"product_tag-3cl-pharmazeutische-forschung","25":"product_tag-3cl-sicher","26":"product_tag-3cl-versand","27":"product_tag-forschung-chemikalien-3cl","28":"product_tag-hochwertige-3cl-kaufen","29":"product_tag-innovative-3cl-forschung","30":"product_tag-laborqualitat-3cl","31":"product_tag-legaler-3cl-anbieter","32":"product_tag-sicherer-3cl-versand","34":"first","35":"instock","36":"shipping-taxable","37":"purchasable","38":"product-type-variable"},"yoast_head":"<!-- This site is optimized with the Yoast SEO plugin v26.1.1 - https:\/\/yoast.com\/wordpress\/plugins\/seo\/ -->\n<title>3CL (3-Chlor-\u03b1-PVP) online kaufen \u2013 3CL zu verkaufen<\/title>\n<meta name=\"description\" content=\"Suchen Sie 3CL (3-Chlor-\u03b1-PVP) zum Online-Verkauf? chemgramx ist ein f\u00fchrender Shop, in dem Sie 3cl (3-Chlor-\u03b1-PVP) online zum besten Preis kaufen k\u00f6nnen. Jetzt mit diskretem Versand bestellen!\" \/>\n<meta name=\"robots\" content=\"index, follow, max-snippet:-1, max-image-preview:large, max-video-preview:-1\" \/>\n<link rel=\"canonical\" href=\"https:\/\/chemgramx.com\/fr\/produit\/3cl-3-chlor-\u03b1-pvp\/\" \/>\n<meta property=\"og:locale\" content=\"fr_FR\" \/>\n<meta property=\"og:type\" content=\"article\" \/>\n<meta property=\"og:title\" content=\"3CL (3-Chlor-\u03b1-PVP) online kaufen \u2013 3CL zu verkaufen\" \/>\n<meta property=\"og:description\" content=\"Suchen Sie 3CL (3-Chlor-\u03b1-PVP) zum Online-Verkauf? chemgramx ist ein f\u00fchrender Shop, in dem Sie 3cl (3-Chlor-\u03b1-PVP) online zum besten Preis kaufen k\u00f6nnen. Jetzt mit diskretem Versand bestellen!\" \/>\n<meta property=\"og:url\" content=\"https:\/\/chemgramx.com\/fr\/produit\/3cl-3-chlor-\u03b1-pvp\/\" \/>\n<meta property=\"og:site_name\" content=\"Chemgramx\" \/>\n<meta property=\"article:modified_time\" content=\"2025-10-15T06:03:48+00:00\" \/>\n<meta property=\"og:image\" content=\"https:\/\/chemgramx.com\/wp-content\/uploads\/2024\/10\/3CL-3-Chlor-\u03b1-PVP-kaufen.jpg\" \/>\n\t<meta property=\"og:image:width\" content=\"297\" \/>\n\t<meta property=\"og:image:height\" content=\"234\" \/>\n\t<meta property=\"og:image:type\" content=\"image\/jpeg\" \/>\n<meta name=\"twitter:card\" content=\"summary_large_image\" \/>\n<meta name=\"twitter:label1\" content=\"Dur\u00e9e de lecture estim\u00e9e\" \/>\n\t<meta name=\"twitter:data1\" content=\"2 minutes\" \/>\n<script type=\"application\/ld+json\" class=\"yoast-schema-graph\">{\"@context\":\"https:\/\/schema.org\",\"@graph\":[{\"@type\":\"WebPage\",\"@id\":\"https:\/\/chemgramx.com\/product\/3cl-3-chlor-%ce%b1-pvp\/\",\"url\":\"https:\/\/chemgramx.com\/product\/3cl-3-chlor-%ce%b1-pvp\/\",\"name\":\"3CL (3-Chlor-\u03b1-PVP) online kaufen \u2013 3CL zu verkaufen\",\"isPartOf\":{\"@id\":\"https:\/\/chemgramx.com\/#website\"},\"primaryImageOfPage\":{\"@id\":\"https:\/\/chemgramx.com\/product\/3cl-3-chlor-%ce%b1-pvp\/#primaryimage\"},\"image\":{\"@id\":\"https:\/\/chemgramx.com\/product\/3cl-3-chlor-%ce%b1-pvp\/#primaryimage\"},\"thumbnailUrl\":\"https:\/\/chemgramx.com\/wp-content\/uploads\/2024\/10\/3CL-3-Chlor-\u03b1-PVP-kaufen.jpg\",\"datePublished\":\"2024-10-21T11:29:38+00:00\",\"dateModified\":\"2025-10-15T06:03:48+00:00\",\"description\":\"Suchen Sie 3CL (3-Chlor-\u03b1-PVP) zum Online-Verkauf? chemgramx ist ein f\u00fchrender Shop, in dem Sie 3cl (3-Chlor-\u03b1-PVP) online zum besten Preis kaufen k\u00f6nnen. Jetzt mit diskretem Versand bestellen!\",\"breadcrumb\":{\"@id\":\"https:\/\/chemgramx.com\/product\/3cl-3-chlor-%ce%b1-pvp\/#breadcrumb\"},\"inLanguage\":\"fr-FR\",\"potentialAction\":[{\"@type\":\"ReadAction\",\"target\":[\"https:\/\/chemgramx.com\/product\/3cl-3-chlor-%ce%b1-pvp\/\"]}]},{\"@type\":\"ImageObject\",\"inLanguage\":\"fr-FR\",\"@id\":\"https:\/\/chemgramx.com\/product\/3cl-3-chlor-%ce%b1-pvp\/#primaryimage\",\"url\":\"https:\/\/chemgramx.com\/wp-content\/uploads\/2024\/10\/3CL-3-Chlor-\u03b1-PVP-kaufen.jpg\",\"contentUrl\":\"https:\/\/chemgramx.com\/wp-content\/uploads\/2024\/10\/3CL-3-Chlor-\u03b1-PVP-kaufen.jpg\",\"width\":297,\"height\":234,\"caption\":\"3CL (3-Chlor-\u03b1-PVP) online kaufen\"},{\"@type\":\"BreadcrumbList\",\"@id\":\"https:\/\/chemgramx.com\/product\/3cl-3-chlor-%ce%b1-pvp\/#breadcrumb\",\"itemListElement\":[{\"@type\":\"ListItem\",\"position\":1,\"name\":\"Home\",\"item\":\"https:\/\/chemgramx.com\/\"},{\"@type\":\"ListItem\",\"position\":2,\"name\":\"Shop\",\"item\":\"https:\/\/chemgramx.com\/shop\/\"},{\"@type\":\"ListItem\",\"position\":3,\"name\":\"3CL (3-Chlor-\u03b1-PVP) online kaufen\"}]},{\"@type\":\"WebSite\",\"@id\":\"https:\/\/chemgramx.com\/#website\",\"url\":\"https:\/\/chemgramx.com\/\",\"name\":\"Chemgramx\",\"description\":\"\",\"publisher\":{\"@id\":\"https:\/\/chemgramx.com\/#organization\"},\"potentialAction\":[{\"@type\":\"SearchAction\",\"target\":{\"@type\":\"EntryPoint\",\"urlTemplate\":\"https:\/\/chemgramx.com\/?s={search_term_string}\"},\"query-input\":{\"@type\":\"PropertyValueSpecification\",\"valueRequired\":true,\"valueName\":\"search_term_string\"}}],\"inLanguage\":\"fr-FR\"},{\"@type\":\"Organization\",\"@id\":\"https:\/\/chemgramx.com\/#organization\",\"name\":\"Chemgramx\",\"url\":\"https:\/\/chemgramx.com\/\",\"logo\":{\"@type\":\"ImageObject\",\"inLanguage\":\"fr-FR\",\"@id\":\"https:\/\/chemgramx.com\/#\/schema\/logo\/image\/\",\"url\":\"https:\/\/chemgramx.com\/wp-content\/uploads\/2024\/10\/final-logo.png\",\"contentUrl\":\"https:\/\/chemgramx.com\/wp-content\/uploads\/2024\/10\/final-logo.png\",\"width\":250,\"height\":48,\"caption\":\"Chemgramx\"},\"image\":{\"@id\":\"https:\/\/chemgramx.com\/#\/schema\/logo\/image\/\"}}]}<\/script>\n<!-- \/ Yoast SEO plugin. -->","yoast_head_json":{"title":"Achetez du 3CL (3-Chloro-\u03b1-PVP) en ligne\u00a0\u2013 3CL \u00e0 vendre","description":"Vous cherchez du 3CL (3-Chloro-\u03b1-PVP) en vente en ligne\u00a0? chemgramx est une boutique leader o\u00f9 vous pouvez acheter du 3CL (3-Chloro-\u03b1-PVP) en ligne au meilleur prix. Commandez d\u00e8s maintenant et profitez d'une livraison discr\u00e8te\u00a0!","robots":{"index":"index","follow":"follow","max-snippet":"max-snippet:-1","max-image-preview":"max-image-preview:large","max-video-preview":"max-video-preview:-1"},"canonical":"https:\/\/chemgramx.com\/fr\/produit\/3cl-3-chlor-\u03b1-pvp\/","og_locale":"fr_FR","og_type":"article","og_title":"3CL (3-Chlor-\u03b1-PVP) online kaufen \u2013 3CL zu verkaufen","og_description":"Suchen Sie 3CL (3-Chlor-\u03b1-PVP) zum Online-Verkauf? chemgramx ist ein f\u00fchrender Shop, in dem Sie 3cl (3-Chlor-\u03b1-PVP) online zum besten Preis kaufen k\u00f6nnen. Jetzt mit diskretem Versand bestellen!","og_url":"https:\/\/chemgramx.com\/fr\/produit\/3cl-3-chlor-\u03b1-pvp\/","og_site_name":"Chemgramx","article_modified_time":"2025-10-15T06:03:48+00:00","og_image":[{"width":297,"height":234,"url":"https:\/\/chemgramx.com\/wp-content\/uploads\/2024\/10\/3CL-3-Chlor-\u03b1-PVP-kaufen.jpg","type":"image\/jpeg"}],"twitter_card":"summary_large_image","twitter_misc":{"Dur\u00e9e de lecture estim\u00e9e":"2 minutes"},"schema":{"@context":"https:\/\/schema.org","@graph":[{"@type":"WebPage","@id":"https:\/\/chemgramx.com\/product\/3cl-3-chlor-%ce%b1-pvp\/","url":"https:\/\/chemgramx.com\/product\/3cl-3-chlor-%ce%b1-pvp\/","name":"Achetez du 3CL (3-Chloro-\u03b1-PVP) en ligne\u00a0\u2013 3CL \u00e0 vendre","isPartOf":{"@id":"https:\/\/chemgramx.com\/#website"},"primaryImageOfPage":{"@id":"https:\/\/chemgramx.com\/product\/3cl-3-chlor-%ce%b1-pvp\/#primaryimage"},"image":{"@id":"https:\/\/chemgramx.com\/product\/3cl-3-chlor-%ce%b1-pvp\/#primaryimage"},"thumbnailUrl":"https:\/\/chemgramx.com\/wp-content\/uploads\/2024\/10\/3CL-3-Chlor-\u03b1-PVP-kaufen.jpg","datePublished":"2024-10-21T11:29:38+00:00","dateModified":"2025-10-15T06:03:48+00:00","description":"Vous cherchez du 3CL (3-Chloro-\u03b1-PVP) en vente en ligne\u00a0? chemgramx est une boutique leader o\u00f9 vous pouvez acheter du 3CL (3-Chloro-\u03b1-PVP) en ligne au meilleur prix. Commandez d\u00e8s maintenant et profitez d'une livraison discr\u00e8te\u00a0!","breadcrumb":{"@id":"https:\/\/chemgramx.com\/product\/3cl-3-chlor-%ce%b1-pvp\/#breadcrumb"},"inLanguage":"fr-FR","potentialAction":[{"@type":"ReadAction","target":["https:\/\/chemgramx.com\/product\/3cl-3-chlor-%ce%b1-pvp\/"]}]},{"@type":"ImageObject","inLanguage":"fr-FR","@id":"https:\/\/chemgramx.com\/product\/3cl-3-chlor-%ce%b1-pvp\/#primaryimage","url":"https:\/\/chemgramx.com\/wp-content\/uploads\/2024\/10\/3CL-3-Chlor-\u03b1-PVP-kaufen.jpg","contentUrl":"https:\/\/chemgramx.com\/wp-content\/uploads\/2024\/10\/3CL-3-Chlor-\u03b1-PVP-kaufen.jpg","width":297,"height":234,"caption":"3CL (3-Chlor-\u03b1-PVP) online kaufen"},{"@type":"BreadcrumbList","@id":"https:\/\/chemgramx.com\/product\/3cl-3-chlor-%ce%b1-pvp\/#breadcrumb","itemListElement":[{"@type":"ListItem","position":1,"name":"Home","item":"https:\/\/chemgramx.com\/"},{"@type":"ListItem","position":2,"name":"Shop","item":"https:\/\/chemgramx.com\/shop\/"},{"@type":"ListItem","position":3,"name":"3CL (3-Chlor-\u03b1-PVP) online kaufen"}]},{"@type":"WebSite","@id":"https:\/\/chemgramx.com\/#website","url":"https:\/\/chemgramx.com\/","name":"Chemgramx","description":"","publisher":{"@id":"https:\/\/chemgramx.com\/#organization"},"potentialAction":[{"@type":"SearchAction","target":{"@type":"EntryPoint","urlTemplate":"https:\/\/chemgramx.com\/?s={search_term_string}"},"query-input":{"@type":"PropertyValueSpecification","valueRequired":true,"valueName":"search_term_string"}}],"inLanguage":"fr-FR"},{"@type":"Organization","@id":"https:\/\/chemgramx.com\/#organization","name":"Chemgramx","url":"https:\/\/chemgramx.com\/","logo":{"@type":"ImageObject","inLanguage":"fr-FR","@id":"https:\/\/chemgramx.com\/#\/schema\/logo\/image\/","url":"https:\/\/chemgramx.com\/wp-content\/uploads\/2024\/10\/final-logo.png","contentUrl":"https:\/\/chemgramx.com\/wp-content\/uploads\/2024\/10\/final-logo.png","width":250,"height":48,"caption":"Chemgramx"},"image":{"@id":"https:\/\/chemgramx.com\/#\/schema\/logo\/image\/"}}]}},"_links":{"self":[{"href":"https:\/\/chemgramx.com\/fr\/wp-json\/wp\/v2\/product\/666","targetHints":{"allow":["GET"]}}],"collection":[{"href":"https:\/\/chemgramx.com\/fr\/wp-json\/wp\/v2\/product"}],"about":[{"href":"https:\/\/chemgramx.com\/fr\/wp-json\/wp\/v2\/types\/product"}],"replies":[{"embeddable":true,"href":"https:\/\/chemgramx.com\/fr\/wp-json\/wp\/v2\/comments?post=666"}],"wp:featuredmedia":[{"embeddable":true,"href":"https:\/\/chemgramx.com\/fr\/wp-json\/wp\/v2\/media\/667"}],"wp:attachment":[{"href":"https:\/\/chemgramx.com\/fr\/wp-json\/wp\/v2\/media?parent=666"}],"wp:term":[{"taxonomy":"product_brand","embeddable":true,"href":"https:\/\/chemgramx.com\/fr\/wp-json\/wp\/v2\/product_brand?post=666"},{"taxonomy":"product_cat","embeddable":true,"href":"https:\/\/chemgramx.com\/fr\/wp-json\/wp\/v2\/product_cat?post=666"},{"taxonomy":"product_tag","embeddable":true,"href":"https:\/\/chemgramx.com\/fr\/wp-json\/wp\/v2\/product_tag?post=666"}],"curies":[{"name":"wp","href":"https:\/\/api.w.org\/{rel}","templated":true}]}}