{"id":6664,"date":"2025-11-21T11:07:59","date_gmt":"2025-11-21T11:07:59","guid":{"rendered":"https:\/\/chemgramx.com\/?post_type=product&#038;p=6664"},"modified":"2025-11-21T11:09:14","modified_gmt":"2025-11-21T11:09:14","slug":"acheter-de-la-methoxphenidine-mxp-en-ligne","status":"publish","type":"product","link":"https:\/\/chemgramx.com\/fr\/product\/methoxphenidin-mxp-online-kaufen\/","title":{"rendered":"Acheter Methoxphenidin (MXP) en ligne"},"content":{"rendered":"<p data-path-to-node=\"6\">La m\u00e9thoxph\u00e9nidine (MXP) est un compos\u00e9 chimique synth\u00e9tique qui rev\u00eat une importance capitale dans la recherche neuropharmacologique. <b>Tout d'abord<\/b> Il convient de souligner que MXP est un puissant <b>antagoniste NMDA<\/b> est. <b>Avec cela,<\/b> il constitue un outil important pour \u00e9tudier en d\u00e9tail les effets physiologiques et neurologiques complexes des substances dissociatives.<\/p>\n<p data-path-to-node=\"7\">Les instituts de recherche scientifique et les laboratoires du monde entier recherchent sp\u00e9cifiquement du mat\u00e9riel de haute qualit\u00e9. <b>M\u00e9thoxph\u00e9nidine (MXP) \u00e0 vendre<\/b>. <b>Pour ce faire,<\/b> Comparez soigneusement le <b>Prix de la m\u00e9thoxph\u00e9nidine (MXP)<\/b>. <b>En outre<\/b> Ils accordent une grande importance au choix exclusif de sources s\u00e9rieuses et certifi\u00e9es. <b>C'est indispensable.<\/b>, lorsqu'ils examinent la possibilit\u00e9 de, <b>Acheter de la m\u00e9thoxph\u00e9nidine (MXP) authentique ou contrefaite<\/b>.<\/p>\n<h2>L'importance scientifique de la m\u00e9thoxph\u00e9nidine (MXP)<\/h2>\n<p data-path-to-node=\"9\">Le MXP appartient \u00e0 la classe chimique des arylcyclohexylamines. <b>Plus pr\u00e9cis\u00e9ment<\/b>, il agit en bloquant les r\u00e9cepteurs NMDA dans le syst\u00e8me nerveux central. <b>Ces r\u00e9cepteurs<\/b> sont essentiels pour la plasticit\u00e9 synaptique, l'apprentissage et la m\u00e9moire. <b>En cons\u00e9quence<\/b> permet aux chercheurs MXP de simuler et d'analyser les m\u00e9canismes qui interviennent dans les \u00e9tats dissociatifs.<\/p>\n<p data-path-to-node=\"10\"><b>Ceci est particuli\u00e8rement pertinent<\/b> pour des \u00e9tudes dans les domaines suivants :<\/p>\n<ul data-path-to-node=\"11\">\n<li>\n<p data-path-to-node=\"11,0,0\"><b>Recherche sur les syst\u00e8mes neurotransmetteurs :<\/b> Les scientifiques utilisent MXP pour mener des \u00e9tudes approfondies. <b>Pour ce faire,<\/b> Ils \u00e9tudient les effets du blocage des r\u00e9cepteurs NMDA sur d'autres syst\u00e8mes, tels que la dopamine et la s\u00e9rotonine. <b>Par cons\u00e9quent,<\/b> vous obtenez des informations pr\u00e9cieuses sur les processus neurochimiques.<\/p>\n<\/li>\n<li>\n<p data-path-to-node=\"11,1,0\"><b>D\u00e9veloppement d'approches th\u00e9rapeutiques :<\/b> La recherche a d\u00e9montr\u00e9 un potentiel th\u00e9rapeutique consid\u00e9rable dans le traitement de la d\u00e9pression s\u00e9v\u00e8re. <a href=\"\/product\/3-fpm-online-kaufen\/\"><b>En cons\u00e9quence,<\/b> <\/a>le MXP sert de substance mod\u00e8le. Il aide \u00e0 d\u00e9chiffrer les voies mol\u00e9culaires. <b>Pour cette raison<\/b> Les laboratoires m\u00e8nent des \u00e9tudes comparatives. Ils \u00e9valuent les d\u00e9riv\u00e9s afin de d\u00e9velopper de nouvelles formes de traitement plus s\u00fbres.<\/p>\n<\/li>\n<li>\n<p data-path-to-node=\"11,2,0\"><b>Compr\u00e9hension des troubles neurologiques :<\/b> <b>Par exemple<\/b> les chercheurs peuvent mieux comprendre certains aspects des maladies neurologiques ou psychiatriques. Cela se fait par l'induction contr\u00f4l\u00e9e d'\u00e9tats dissociatifs.<\/p>\n<\/li>\n<\/ul>\n<p data-path-to-node=\"12\">De nombreux laboratoires profitent de la flexibilit\u00e9 offerte par, <b>(MXP) acheter en ligne<\/b> pouvoir. <b>De ce fait,<\/b> ils m\u00e8nent leurs recherches de mani\u00e8re efficace. <b>En particulier<\/b> Les laboratoires qui ont besoin de quantit\u00e9s plus importantes recherchent activement des moyens de, <b>Acheter de la m\u00e9thoxph\u00e9nidine (MXP) en ligne \u00e0 prix avantageux<\/b> pouvoir. <b>Ainsi<\/b> ils peuvent g\u00e9rer les co\u00fbts de recherche de mani\u00e8re responsable.<\/p>\n<h2>Approvisionnement et assurance qualit\u00e9 pour les laboratoires de recherche<\/h2>\n<p data-path-to-node=\"15\">L'int\u00e9grit\u00e9 des r\u00e9sultats scientifiques d\u00e9pend directement de la puret\u00e9 des produits chimiques utilis\u00e9s dans la recherche. <b>Par cons\u00e9quent,<\/b> le processus d'approvisionnement en m\u00e9thoxph\u00e9nidine est strictement r\u00e9glement\u00e9.<\/p>\n<h3>1. Le choix de la source d'approvisionnement<\/h3>\n<p data-path-to-node=\"17\">La question, <b>O\u00f9 acheter de la m\u00e9thoxph\u00e9nidine (MXP) ?<\/b>, m\u00e8ne toujours \u00e0 des fournisseurs de laboratoire sp\u00e9cialis\u00e9s. <b>En fait,<\/b> Ces fournisseurs sont les <b>Meilleur endroit pour acheter de la m\u00e9thoxph\u00e9nidine (MXP)<\/b>. <b>Elle<\/b> r\u00e9pondent \u00e0 des exigences critiques :<\/p>\n<ul data-path-to-node=\"18\">\n<li>\n<p data-path-to-node=\"18,0,0\"><b>Puret\u00e9 certifi\u00e9e :<\/b> Les fournisseurs dignes de confiance fournissent des certificats d'analyse. <b>Ceux-ci prouvent<\/b> la puret\u00e9 du produit. <b>Seulement ceux-ci<\/b> Une qualit\u00e9 garantie permet d'obtenir des r\u00e9sultats reproductibles.<\/p>\n<\/li>\n<li>\n<p data-path-to-node=\"18,1,0\"><b>Comparaison transparente des prix :<\/b> Le site <b>Prix comparable (MXP)<\/b> est un facteur important. <b>C'est pourquoi<\/b> les fournisseurs B2B proposent souvent des prix \u00e9chelonn\u00e9s. <b>Ceci<\/b> permet aux laboratoires, pour les commandes importantes, de <b>Acheter de la m\u00e9thoxph\u00e9nidine (MXP) en ligne \u00e0 prix avantageux<\/b> pouvoir.<\/p>\n<\/li>\n<li>\n<p data-path-to-node=\"18,2,0\"><b>Livraison s\u00e9curis\u00e9e et discr\u00e8te :<\/b> Pour les projets scientifiques, un <b>Acheter en ligne en toute s\u00e9curit\u00e9 (MXP)<\/b> indispensable. <b>Ceci<\/b> garantit la poursuite ininterrompue des exp\u00e9riences.<\/p>\n<\/li>\n<\/ul>\n<h3>2. Gestion des risques et authenticit\u00e9<\/h3>\n<p data-path-to-node=\"20\"><b>En raison de<\/b> l'existence de substances non r\u00e9glement\u00e9es, il convient de v\u00e9rifier <b>Vente de MXP authentiques ou contrefaits<\/b> une pr\u00e9caution importante. <b>La prudence est de mise<\/b>, car des produits contamin\u00e9s peuvent fausser les r\u00e9sultats de la recherche. La communaut\u00e9 scientifique doit se prot\u00e9ger.<\/p>\n<p data-path-to-node=\"21\"><b>Attention :<\/b> La d\u00e9cision de, <b>Commandez de la m\u00e9thoxph\u00e9nidine (MXP) authentique ou contrefaite<\/b>, n'est pas envisageable pour la recherche. <b>Exclusivement<\/b> Le MXP pur certifi\u00e9 chimiquement peut \u00eatre utilis\u00e9. Les fournisseurs s\u00e9rieux garantissent la qualit\u00e9 du <b>(MXP) \u00e0 vendre<\/b>.<\/p>\n<h3 data-start=\"2412\" data-end=\"2422\">Conclusion<\/h3>\n<p data-start=\"2424\" data-end=\"2936\">Les chercheurs qui souhaitent acheter de la m\u00e9thoxph\u00e9nidine (MXP) en ligne se demandent souvent o\u00f9 acheter de la m\u00e9thoxph\u00e9nidine (MXP) de qualit\u00e9 contr\u00f4l\u00e9e. Le meilleur endroit pour acheter de la m\u00e9thoxph\u00e9nidine (MXP) offre des prix transparents, la puret\u00e9 et la fiabilit\u00e9. Que vous ayez besoin de commander de la m\u00e9thoxyph\u00e9nidine (MXP) authentique ou contrefaite pour des \u00e9tudes ou d'acheter de la m\u00e9thoxyph\u00e9nidine (MXP) \u00e0 bas prix en ligne pour des projets de recherche plus importants, le choix d'une source fiable est essentiel pour garantir des r\u00e9sultats s\u00e9rieux et s\u00fbrs.<\/p>","protected":false},"excerpt":{"rendered":"<p><strong>M\u00e9thoxyph\u00e9nidine (MXP)<\/strong> est un dissociatif synth\u00e9tique qui agit comme un antagoniste du NMDA. Il est utilis\u00e9 exclusivement dans des \u00e9tudes scientifiques pour \u00e9tudier les effets sur le syst\u00e8me nerveux central. Cette substance sert \u00e0 \u00e9tudier les effets neuroscientifiques et les applications th\u00e9rapeutiques potentielles et n'est pas destin\u00e9e \u00e0 la consommation humaine.<\/p>","protected":false},"featured_media":6701,"comment_status":"open","ping_status":"closed","template":"","meta":{"_joinchat":[]},"product_brand":[],"product_cat":[1804],"product_tag":[188,1814,2040,2042,2047,2044,2041,2045,2043,2046],"class_list":{"0":"post-6664","1":"product","2":"type-product","3":"status-publish","4":"has-post-thumbnail","6":"product_cat-amphetam","7":"product_tag-forschungschemikalien","8":"product_tag-forschungsstoffe-kaufen","9":"product_tag-methoxphenidine","10":"product_tag-methoxphenidine-kaufen","11":"product_tag-methoxphenidine-online","12":"product_tag-methoxphenidine-pulver","13":"product_tag-mxp-kaufen","14":"product_tag-mxp-kristalle","15":"product_tag-mxp-zum-verkauf","16":"product_tag-synthetische-dissoziativa","18":"first","19":"instock","20":"shipping-taxable","21":"purchasable","22":"product-type-variable"},"yoast_head":"<!-- This site is optimized with the Yoast SEO plugin v27.5 - https:\/\/yoast.com\/product\/yoast-seo-wordpress\/ -->\n<title>Methoxphenidin (MXP) | Dissoziativum f\u00fcr wissenschaftliche<\/title>\n<meta name=\"description\" content=\"Erforschen Sie Methoxphenidin (MXP), ein leistungsstarker NMDA-Antagonist f\u00fcr wissenschaftliche Studien zur Untersuchung der neurochemischen\" \/>\n<meta name=\"robots\" content=\"index, follow, max-snippet:-1, max-image-preview:large, max-video-preview:-1\" \/>\n<link rel=\"canonical\" href=\"https:\/\/chemgramx.com\/fr\/produit\/acheter-de-la-methoxphenidine-mxp-en-ligne\/\" \/>\n<meta property=\"og:locale\" content=\"fr_FR\" \/>\n<meta property=\"og:type\" content=\"article\" \/>\n<meta property=\"og:title\" content=\"Methoxphenidin (MXP) | Dissoziativum f\u00fcr wissenschaftliche\" \/>\n<meta property=\"og:description\" content=\"Erforschen Sie Methoxphenidin (MXP), ein leistungsstarker NMDA-Antagonist f\u00fcr wissenschaftliche Studien zur Untersuchung der neurochemischen\" \/>\n<meta property=\"og:url\" content=\"https:\/\/chemgramx.com\/fr\/produit\/acheter-de-la-methoxphenidine-mxp-en-ligne\/\" \/>\n<meta property=\"og:site_name\" content=\"Chemgramx\" \/>\n<meta property=\"article:modified_time\" content=\"2025-11-21T11:09:14+00:00\" \/>\n<meta property=\"og:image\" content=\"https:\/\/chemgramx.com\/wp-content\/uploads\/2025\/11\/MethoxphenidineMXP.png\" \/>\n\t<meta property=\"og:image:width\" content=\"600\" \/>\n\t<meta property=\"og:image:height\" content=\"400\" \/>\n\t<meta property=\"og:image:type\" content=\"image\/png\" \/>\n<meta name=\"twitter:card\" content=\"summary_large_image\" \/>\n<meta name=\"twitter:label1\" content=\"Dur\u00e9e de lecture estim\u00e9e\" \/>\n\t<meta name=\"twitter:data1\" content=\"3 minutes\" \/>\n<script type=\"application\/ld+json\" class=\"yoast-schema-graph\">{\"@context\":\"https:\\\/\\\/schema.org\",\"@graph\":[{\"@type\":\"WebPage\",\"@id\":\"https:\\\/\\\/chemgramx.com\\\/product\\\/methoxphenidin-mxp-online-kaufen\\\/\",\"url\":\"https:\\\/\\\/chemgramx.com\\\/product\\\/methoxphenidin-mxp-online-kaufen\\\/\",\"name\":\"Methoxphenidin (MXP) | Dissoziativum f\u00fcr wissenschaftliche\",\"isPartOf\":{\"@id\":\"https:\\\/\\\/chemgramx.com\\\/#website\"},\"primaryImageOfPage\":{\"@id\":\"https:\\\/\\\/chemgramx.com\\\/product\\\/methoxphenidin-mxp-online-kaufen\\\/#primaryimage\"},\"image\":{\"@id\":\"https:\\\/\\\/chemgramx.com\\\/product\\\/methoxphenidin-mxp-online-kaufen\\\/#primaryimage\"},\"thumbnailUrl\":\"https:\\\/\\\/chemgramx.com\\\/wp-content\\\/uploads\\\/2025\\\/11\\\/MethoxphenidineMXP.png\",\"datePublished\":\"2025-11-21T11:07:59+00:00\",\"dateModified\":\"2025-11-21T11:09:14+00:00\",\"description\":\"Erforschen Sie Methoxphenidin (MXP), ein leistungsstarker NMDA-Antagonist f\u00fcr wissenschaftliche Studien zur Untersuchung der neurochemischen\",\"breadcrumb\":{\"@id\":\"https:\\\/\\\/chemgramx.com\\\/product\\\/methoxphenidin-mxp-online-kaufen\\\/#breadcrumb\"},\"inLanguage\":\"fr-FR\",\"potentialAction\":[{\"@type\":\"ReadAction\",\"target\":[\"https:\\\/\\\/chemgramx.com\\\/product\\\/methoxphenidin-mxp-online-kaufen\\\/\"]}]},{\"@type\":\"ImageObject\",\"inLanguage\":\"fr-FR\",\"@id\":\"https:\\\/\\\/chemgramx.com\\\/product\\\/methoxphenidin-mxp-online-kaufen\\\/#primaryimage\",\"url\":\"https:\\\/\\\/chemgramx.com\\\/wp-content\\\/uploads\\\/2025\\\/11\\\/MethoxphenidineMXP.png\",\"contentUrl\":\"https:\\\/\\\/chemgramx.com\\\/wp-content\\\/uploads\\\/2025\\\/11\\\/MethoxphenidineMXP.png\",\"width\":600,\"height\":400},{\"@type\":\"BreadcrumbList\",\"@id\":\"https:\\\/\\\/chemgramx.com\\\/product\\\/methoxphenidin-mxp-online-kaufen\\\/#breadcrumb\",\"itemListElement\":[{\"@type\":\"ListItem\",\"position\":1,\"name\":\"Home\",\"item\":\"https:\\\/\\\/chemgramx.com\\\/\"},{\"@type\":\"ListItem\",\"position\":2,\"name\":\"Shop\",\"item\":\"https:\\\/\\\/chemgramx.com\\\/shop\\\/\"},{\"@type\":\"ListItem\",\"position\":3,\"name\":\"Methoxphenidin (MXP) online kaufen\"}]},{\"@type\":\"WebSite\",\"@id\":\"https:\\\/\\\/chemgramx.com\\\/#website\",\"url\":\"https:\\\/\\\/chemgramx.com\\\/\",\"name\":\"Chemgramx\",\"description\":\"\",\"publisher\":{\"@id\":\"https:\\\/\\\/chemgramx.com\\\/#organization\"},\"potentialAction\":[{\"@type\":\"SearchAction\",\"target\":{\"@type\":\"EntryPoint\",\"urlTemplate\":\"https:\\\/\\\/chemgramx.com\\\/?s={search_term_string}\"},\"query-input\":{\"@type\":\"PropertyValueSpecification\",\"valueRequired\":true,\"valueName\":\"search_term_string\"}}],\"inLanguage\":\"fr-FR\"},{\"@type\":\"Organization\",\"@id\":\"https:\\\/\\\/chemgramx.com\\\/#organization\",\"name\":\"Chemgramx\",\"url\":\"https:\\\/\\\/chemgramx.com\\\/\",\"logo\":{\"@type\":\"ImageObject\",\"inLanguage\":\"fr-FR\",\"@id\":\"https:\\\/\\\/chemgramx.com\\\/#\\\/schema\\\/logo\\\/image\\\/\",\"url\":\"https:\\\/\\\/chemgramx.com\\\/wp-content\\\/uploads\\\/2024\\\/10\\\/final-logo.png\",\"contentUrl\":\"https:\\\/\\\/chemgramx.com\\\/wp-content\\\/uploads\\\/2024\\\/10\\\/final-logo.png\",\"width\":250,\"height\":48,\"caption\":\"Chemgramx\"},\"image\":{\"@id\":\"https:\\\/\\\/chemgramx.com\\\/#\\\/schema\\\/logo\\\/image\\\/\"}}]}<\/script>\n<!-- \/ Yoast SEO plugin. -->","yoast_head_json":{"title":"M\u00e9thoxph\u00e9nidine (MXP) | Dissociatif pour la recherche scientifique","description":"D\u00e9couvrez la m\u00e9thoxph\u00e9nidine (MXP), un puissant antagoniste NMDA destin\u00e9 aux \u00e9tudes scientifiques visant \u00e0 examiner les m\u00e9canismes neurochimiques","robots":{"index":"index","follow":"follow","max-snippet":"max-snippet:-1","max-image-preview":"max-image-preview:large","max-video-preview":"max-video-preview:-1"},"canonical":"https:\/\/chemgramx.com\/fr\/produit\/acheter-de-la-methoxphenidine-mxp-en-ligne\/","og_locale":"fr_FR","og_type":"article","og_title":"Methoxphenidin (MXP) | Dissoziativum f\u00fcr wissenschaftliche","og_description":"Erforschen Sie Methoxphenidin (MXP), ein leistungsstarker NMDA-Antagonist f\u00fcr wissenschaftliche Studien zur Untersuchung der neurochemischen","og_url":"https:\/\/chemgramx.com\/fr\/produit\/acheter-de-la-methoxphenidine-mxp-en-ligne\/","og_site_name":"Chemgramx","article_modified_time":"2025-11-21T11:09:14+00:00","og_image":[{"width":600,"height":400,"url":"https:\/\/chemgramx.com\/wp-content\/uploads\/2025\/11\/MethoxphenidineMXP.png","type":"image\/png"}],"twitter_card":"summary_large_image","twitter_misc":{"Dur\u00e9e de lecture estim\u00e9e":"3 minutes"},"schema":{"@context":"https:\/\/schema.org","@graph":[{"@type":"WebPage","@id":"https:\/\/chemgramx.com\/product\/methoxphenidin-mxp-online-kaufen\/","url":"https:\/\/chemgramx.com\/product\/methoxphenidin-mxp-online-kaufen\/","name":"M\u00e9thoxph\u00e9nidine (MXP) | Dissociatif pour la recherche scientifique","isPartOf":{"@id":"https:\/\/chemgramx.com\/#website"},"primaryImageOfPage":{"@id":"https:\/\/chemgramx.com\/product\/methoxphenidin-mxp-online-kaufen\/#primaryimage"},"image":{"@id":"https:\/\/chemgramx.com\/product\/methoxphenidin-mxp-online-kaufen\/#primaryimage"},"thumbnailUrl":"https:\/\/chemgramx.com\/wp-content\/uploads\/2025\/11\/MethoxphenidineMXP.png","datePublished":"2025-11-21T11:07:59+00:00","dateModified":"2025-11-21T11:09:14+00:00","description":"D\u00e9couvrez la m\u00e9thoxph\u00e9nidine (MXP), un puissant antagoniste NMDA destin\u00e9 aux \u00e9tudes scientifiques visant \u00e0 examiner les m\u00e9canismes neurochimiques","breadcrumb":{"@id":"https:\/\/chemgramx.com\/product\/methoxphenidin-mxp-online-kaufen\/#breadcrumb"},"inLanguage":"fr-FR","potentialAction":[{"@type":"ReadAction","target":["https:\/\/chemgramx.com\/product\/methoxphenidin-mxp-online-kaufen\/"]}]},{"@type":"ImageObject","inLanguage":"fr-FR","@id":"https:\/\/chemgramx.com\/product\/methoxphenidin-mxp-online-kaufen\/#primaryimage","url":"https:\/\/chemgramx.com\/wp-content\/uploads\/2025\/11\/MethoxphenidineMXP.png","contentUrl":"https:\/\/chemgramx.com\/wp-content\/uploads\/2025\/11\/MethoxphenidineMXP.png","width":600,"height":400},{"@type":"BreadcrumbList","@id":"https:\/\/chemgramx.com\/product\/methoxphenidin-mxp-online-kaufen\/#breadcrumb","itemListElement":[{"@type":"ListItem","position":1,"name":"Home","item":"https:\/\/chemgramx.com\/"},{"@type":"ListItem","position":2,"name":"Shop","item":"https:\/\/chemgramx.com\/shop\/"},{"@type":"ListItem","position":3,"name":"Methoxphenidin (MXP) online kaufen"}]},{"@type":"WebSite","@id":"https:\/\/chemgramx.com\/#website","url":"https:\/\/chemgramx.com\/","name":"Chemgramx","description":"","publisher":{"@id":"https:\/\/chemgramx.com\/#organization"},"potentialAction":[{"@type":"SearchAction","target":{"@type":"EntryPoint","urlTemplate":"https:\/\/chemgramx.com\/?s={search_term_string}"},"query-input":{"@type":"PropertyValueSpecification","valueRequired":true,"valueName":"search_term_string"}}],"inLanguage":"fr-FR"},{"@type":"Organization","@id":"https:\/\/chemgramx.com\/#organization","name":"Chemgramx","url":"https:\/\/chemgramx.com\/","logo":{"@type":"ImageObject","inLanguage":"fr-FR","@id":"https:\/\/chemgramx.com\/#\/schema\/logo\/image\/","url":"https:\/\/chemgramx.com\/wp-content\/uploads\/2024\/10\/final-logo.png","contentUrl":"https:\/\/chemgramx.com\/wp-content\/uploads\/2024\/10\/final-logo.png","width":250,"height":48,"caption":"Chemgramx"},"image":{"@id":"https:\/\/chemgramx.com\/#\/schema\/logo\/image\/"}}]}},"_links":{"self":[{"href":"https:\/\/chemgramx.com\/fr\/wp-json\/wp\/v2\/product\/6664","targetHints":{"allow":["GET"]}}],"collection":[{"href":"https:\/\/chemgramx.com\/fr\/wp-json\/wp\/v2\/product"}],"about":[{"href":"https:\/\/chemgramx.com\/fr\/wp-json\/wp\/v2\/types\/product"}],"replies":[{"embeddable":true,"href":"https:\/\/chemgramx.com\/fr\/wp-json\/wp\/v2\/comments?post=6664"}],"wp:featuredmedia":[{"embeddable":true,"href":"https:\/\/chemgramx.com\/fr\/wp-json\/wp\/v2\/media\/6701"}],"wp:attachment":[{"href":"https:\/\/chemgramx.com\/fr\/wp-json\/wp\/v2\/media?parent=6664"}],"wp:term":[{"taxonomy":"product_brand","embeddable":true,"href":"https:\/\/chemgramx.com\/fr\/wp-json\/wp\/v2\/product_brand?post=6664"},{"taxonomy":"product_cat","embeddable":true,"href":"https:\/\/chemgramx.com\/fr\/wp-json\/wp\/v2\/product_cat?post=6664"},{"taxonomy":"product_tag","embeddable":true,"href":"https:\/\/chemgramx.com\/fr\/wp-json\/wp\/v2\/product_tag?post=6664"}],"curies":[{"name":"wp","href":"https:\/\/api.w.org\/{rel}","templated":true}]}}