{"id":669,"date":"2024-10-21T12:03:56","date_gmt":"2024-10-21T12:03:56","guid":{"rendered":"https:\/\/chemgramx.com\/?post_type=product&#038;p=669"},"modified":"2025-10-15T10:27:21","modified_gmt":"2025-10-15T10:27:21","slug":"5f-adb-5f-mdmb-pinaca","status":"publish","type":"product","link":"https:\/\/chemgramx.com\/fr\/produit\/5f-adb-5f-mdmb-pinaca\/","title":{"rendered":"Acheter 5F-ADB (5F-MDMB-PINACA) en ligne"},"content":{"rendered":"<h2 data-start=\"210\" data-end=\"280\">5F-ADB (5F-MDMB-PINACA) online von kaufen einer zuverl\u00e4ssigen Forschungsquelle<\/h2>\n<h3 data-start=\"282\" data-end=\"324\">Acheter 5F-ADB (5F-MDMB-PINACA) en ligne<\/h3>\n<p data-start=\"343\" data-end=\"626\">Les cannabino\u00efdes synth\u00e9tiques sont un \u00e9l\u00e9ment important de la recherche pharmaceutique, toxicologique et m\u00e9dico-l\u00e9gale moderne. L'achat de 5F-ADB (5F-MDMB-PINACA) en ligne permet notamment aux chercheurs de mieux comprendre l'interaction des r\u00e9cepteurs cannabino\u00efdes.<\/p>\n<p data-start=\"628\" data-end=\"938\">Dieser Leitfaden vergleicht 5F-ADB mit anderen Substanzen wie 4F-MDMB-BINACA oder 5CL-ADB-A und erkl\u00e4rt, warum 5F-ADB (5F-MDMB-PINACA) zu verkaufen in wissenschaftlichen Laboren besonders gesch\u00e4tzt ist. Au\u00dferdem erfahren Sie, wo kann man 5F-ADB (5F-MDMB-PINACA) kaufen sicher, seri\u00f6s und zu einem fairen Preis.<\/p>\n<h3 data-start=\"940\" data-end=\"1002\">L'essor des cannabino\u00efdes synth\u00e9tiques dans la recherche<\/h3>\n<p data-start=\"1003\" data-end=\"1253\">Die Nachfrage nach standardisierten Cannabinoid-Analoga w\u00e4chst stetig \u2013 vor allem in Toxikologie, Pharmakologie und Forensik. Substanzen wie 4F-MDMB-BINACA, 5CL-ADB-A und <a href=\"https:\/\/chemgramx.com\/fr\/produit\/5f-adb-5f-mdmb-pinaca\/\">5F-ADB (5F-MDMB-PINACA)<\/a> sind heute unverzichtbar als Referenzmaterialien.<\/p>\n<h3 data-start=\"1255\" data-end=\"1320\">Qu'est-ce que le 5F-ADB (5F-MDMB-PINACA) et pourquoi est-il sp\u00e9cial ?<\/h3>\n<p data-start=\"1321\" data-end=\"1545\"><a href=\"https:\/\/en.wikipedia.org\/wiki\/5F-ADB\">5F-ADB (5F-MDMB-PINACA)<\/a> ist ein stark wirksames, indazolbasiertes synthetisches Cannabinoid. Es agiert als vollst\u00e4ndiger CB1-Rezeptor-Agonist und wird wegen seiner hohen Potenz in hochsensiblen Laboranalysen verwendet. Wichtig: 5F-ADB (5F-MDMB-PINACA) online von einer zuverl\u00e4ssigen Forschungsquelle ausschlie\u00dflich f\u00fcr Forschungszwecke \u2013 es ist nicht f\u00fcr den menschlichen Konsum bestimmt.<\/p>\n<h3 data-start=\"1719\" data-end=\"1778\">Avantages du 5F-ADB (5F-MDMB-PINACA) dans la recherche<\/h3>\n<ol data-start=\"1779\" data-end=\"2146\">\n<li data-start=\"1779\" data-end=\"1962\">\n<p data-start=\"1782\" data-end=\"1962\">Puissance exceptionnelle<br data-start=\"1809\" data-end=\"1812\" \/>M\u00eame dans les plus petites concentrations, le 5F-ADB montre des effets importants sur les r\u00e9cepteurs CB1 \u2013 une des raisons pour lesquelles de nombreux laboratoires commandent du 5F-ADB (5F-MDMB-PINACA).<\/p>\n<\/li>\n<li data-start=\"1964\" data-end=\"2086\">\n<p data-start=\"1967\" data-end=\"2086\">Des r\u00e9sultats fiables<br data-start=\"1994\" data-end=\"1997\" \/>Dans les exp\u00e9riences, le 5F-ADB fournit des donn\u00e9es reproductibles, rendant la recherche plus efficace.<\/p>\n<\/li>\n<li data-start=\"2088\" data-end=\"2146\">\n<p data-start=\"2091\" data-end=\"2146\">Large gamme d'applications<br data-start=\"2122\" data-end=\"2125\" \/>H\u00e4ufig genutzt f\u00fcr:<\/p>\n<\/li>\n<\/ol>\n<ul data-start=\"2147\" data-end=\"2269\">\n<li data-start=\"2147\" data-end=\"2170\">\n<p data-start=\"2149\" data-end=\"2170\">CB1-Rezeptorstudien<\/p>\n<\/li>\n<li data-start=\"2171\" data-end=\"2193\">\n<p data-start=\"2173\" data-end=\"2193\">Analyse comportementale<\/p>\n<\/li>\n<li data-start=\"2194\" data-end=\"2231\">\n<p data-start=\"2196\" data-end=\"2231\">D\u00e9veloppement de m\u00e9thodes LC-MS\/MS<\/p>\n<\/li>\n<li data-start=\"2232\" data-end=\"2269\">\n<p data-start=\"2234\" data-end=\"2269\">Tests de m\u00e9tabolites et de toxicologie<\/p>\n<\/li>\n<\/ul>\n<h3 data-start=\"2271\" data-end=\"2327\">Wo kann man 5F-ADB (5F-MDMB-PINACA) online kaufen?<\/h3>\n<p data-start=\"2328\" data-end=\"2459\">Onderzoekers die overwegen om 5F-ADB (5F-MDMB-PINACA) online te kopen, moeten letten op kwaliteit, zuiverheid en juridische veiligheid.<\/p>\n<h3 data-start=\"2461\" data-end=\"2509\">Meilleurs fournisseurs pour 5F-ADB (5F-MDMB-PINACA)<\/h3>\n<p data-start=\"2510\" data-end=\"2619\">Recherchez les caract\u00e9ristiques suivantes lorsque vous recherchez le meilleur endroit pour acheter 5F-ADB (5F-MDMB-PINACA) en ligne\u00a0:<\/p>\n<ul data-start=\"2620\" data-end=\"2767\">\n<li data-start=\"2620\" data-end=\"2648\">\n<p data-start=\"2622\" data-end=\"2648\">\u226598 % Reinheit (mit COA)<\/p>\n<\/li>\n<li data-start=\"2649\" data-end=\"2685\">\n<p data-start=\"2651\" data-end=\"2685\">Batchspecifieke testdocumenten<\/p>\n<\/li>\n<li data-start=\"2686\" data-end=\"2726\">\n<p data-start=\"2688\" data-end=\"2726\">Fabriqu\u00e9 dans des laboratoires ISO ou GMP<\/p>\n<\/li>\n<li data-start=\"2727\" data-end=\"2767\">\n<p data-start=\"2729\" data-end=\"2767\">Sichere, diskrete Lieferung weltweit<\/p>\n<\/li>\n<\/ul>\n<p data-start=\"2769\" data-end=\"2854\">Vous trouverez ici du 5F-ADB (5F-MDMB-PINACA) \u00e0 vendre sp\u00e9cifiquement \u00e0 des fins de recherche.<\/p>\n<h3 data-start=\"2856\" data-end=\"2897\">Worauf Sie beim Kauf achten sollten<\/h3>\n<ul data-start=\"2898\" data-end=\"3076\">\n<li data-start=\"2898\" data-end=\"2948\">\n<p data-start=\"2900\" data-end=\"2948\">Geen aanbieders zonder bewijs of certificaten<\/p>\n<\/li>\n<li data-start=\"2949\" data-end=\"3018\">\n<p data-start=\"2951\" data-end=\"3018\">Keine Produkte ohne klaren Hinweis auf \u201enur f\u00fcr Forschungszwecke\u201c<\/p>\n<\/li>\n<li data-start=\"3019\" data-end=\"3076\">\n<p data-start=\"3021\" data-end=\"3076\">M\u00e9fiez-vous des origines peu claires ou des prix bas<\/p>\n<\/li>\n<\/ul>\n<p data-start=\"3078\" data-end=\"3219\">Wenn Sie auf der Suche nach einem guten 5F-ADB (5F-MDMB-PINACA) price sind, sollten Kosten, Reinheit und Seriosit\u00e4t im Einklang stehen.<\/p>\n<h3 data-start=\"3221\" data-end=\"3232\">Conclusion<\/h3>\n<p data-start=\"3233\" data-end=\"3428\">5F-ADB (5F-MDMB-PINACA) ist f\u00fcr Labore und Forschungseinrichtungen eine zuverl\u00e4ssige Wahl, wenn es um starke Rezeptoraffinit\u00e4t, pr\u00e4zise Wirkungen und wissenschaftliche Anwendungen geht.<\/p>\n<p data-start=\"3430\" data-end=\"3700\">Der bester Ort, um 5F-ADB (5F-MDMB-PINACA) online zu kaufen ist bei zertifizierten Anbietern, die Reinheit und gepr\u00fcfte Laborqualit\u00e4t garantieren. So erhalten Sie 5F-ADB (5F-MDMB-PINACA) zu verkaufen\u00a0 in h\u00f6chster Qualit\u00e4t, zu einem fairen Preis und mit sicherer Lieferung.<\/p>\n<p data-start=\"3702\" data-end=\"3833\">5F-ADB (5F-MDMB-PINACA) online kaufen von einer zuverl\u00e4ssigen Forschungsquelle \u2013 Ihre vertrauensw\u00fcrdige L\u00f6sung f\u00fcr Forschung und Analyse.<\/p>","protected":false},"excerpt":{"rendered":"<div class=\"flex-shrink-0 flex flex-col relative items-end\">\n<div>\n<div class=\"pt-0\">\n<div class=\"gizmo-bot-avatar flex h-8 w-8 items-center justify-center overflow-hidden rounded-full\">\n<div class=\"relative p-1 rounded-sm flex items-center justify-center bg-token-main-surface-primary text-token-text-primary h-8 w-8\"><strong>\u00a05F-ADB (5F-MDMB-PINACA)<\/strong><\/div>\n<\/div>\n<\/div>\n<\/div>\n<\/div>\n<div class=\"group\/conversation-turn relative flex w-full min-w-0 flex-col agent-turn\">\n<div class=\"flex-col gap-1 md:gap-3\">\n<div class=\"flex max-w-full flex-col flex-grow\">\n<div class=\"min-h-8 text-message flex w-full flex-col items-end gap-2 whitespace-normal break-words [.text-message+&amp;]:mt-5\" dir=\"auto\" data-message-author-role=\"assistant\" data-message-id=\"71549824-3bc5-4516-9660-f56191797b70\" data-message-model-slug=\"gpt-4o-mini\">\n<div class=\"flex w-full flex-col gap-1 empty:hidden first:pt-[3px]\">\n<div class=\"markdown prose w-full break-words dark:prose-invert light\">\n<p>Le 5F-ADB, \u00e9galement connu sous le nom de 5F-MDMB-PINACA, est un cannabino\u00efde synth\u00e9tique qui a gagn\u00e9 en popularit\u00e9 sur le march\u00e9 des drogues de synth\u00e8se. Il imite les effets du THC, le composant actif du cannabis, mais peut donner des r\u00e9sultats plus intenses et impr\u00e9visibles.<\/p>\n<\/div>\n<\/div>\n<\/div>\n<\/div>\n<\/div>\n<\/div>","protected":false},"featured_media":670,"comment_status":"open","ping_status":"closed","template":"","meta":{"_joinchat":[]},"product_brand":[],"product_cat":[47],"product_tag":[79,74,68,78,80,82,77,81],"class_list":{"0":"post-669","1":"product","2":"type-product","3":"status-publish","4":"has-post-thumbnail","6":"product_cat-cannabinoids","7":"product_tag-5f-mdmb-pinaca-bestellen","8":"product_tag-research-chemical-kaufen","9":"product_tag-synthetisches-cannabinoid-kaufen","10":"product_tag-5f-adb-kaufen","11":"product_tag-die-nach-5f-adb-suchen","12":"product_tag-er-richtet-sich-an-kunden","13":"product_tag-risiken-und-die-vorteile-des-kaufs-bei-chemgramx","14":"product_tag-und-informiert-uber-die-effekte","16":"first","17":"instock","18":"shipping-taxable","19":"purchasable","20":"product-type-variable"},"yoast_head":"<!-- This site is optimized with the Yoast SEO plugin v26.1.1 - https:\/\/yoast.com\/wordpress\/plugins\/seo\/ -->\n<title>5F-ADB (5F-MDMB-PINACA) online kaufen \u2013 5F-ADB zu verkaufen<\/title>\n<meta name=\"description\" content=\"Wenn Sie 5f-adb (5f-mdmb-pinaca) noch nicht in unserem Shop ausprobiert haben, dann verpassen Sie eine Menge. Wir helfen Ihnen, 5f-adb (5f-mdmb-pinaca) g\u00fcnstig online zu kaufen. Kaufen Sie 5f-adb (5f-mdmb-pinaca) noch heute!\" \/>\n<meta name=\"robots\" content=\"index, follow, max-snippet:-1, max-image-preview:large, max-video-preview:-1\" \/>\n<link rel=\"canonical\" href=\"https:\/\/chemgramx.com\/fr\/produit\/5f-adb-5f-mdmb-pinaca\/\" \/>\n<meta property=\"og:locale\" content=\"fr_FR\" \/>\n<meta property=\"og:type\" content=\"article\" \/>\n<meta property=\"og:title\" content=\"5F-ADB (5F-MDMB-PINACA) online kaufen \u2013 5F-ADB zu verkaufen\" \/>\n<meta property=\"og:description\" content=\"Wenn Sie 5f-adb (5f-mdmb-pinaca) noch nicht in unserem Shop ausprobiert haben, dann verpassen Sie eine Menge. Wir helfen Ihnen, 5f-adb (5f-mdmb-pinaca) g\u00fcnstig online zu kaufen. Kaufen Sie 5f-adb (5f-mdmb-pinaca) noch heute!\" \/>\n<meta property=\"og:url\" content=\"https:\/\/chemgramx.com\/fr\/produit\/5f-adb-5f-mdmb-pinaca\/\" \/>\n<meta property=\"og:site_name\" content=\"Chemgramx\" \/>\n<meta property=\"article:modified_time\" content=\"2025-10-15T10:27:21+00:00\" \/>\n<meta property=\"og:image\" content=\"https:\/\/chemgramx.com\/wp-content\/uploads\/2024\/10\/5F-ADB-5F-MDMB-PINACA-kaufen.jpg\" \/>\n\t<meta property=\"og:image:width\" content=\"500\" \/>\n\t<meta property=\"og:image:height\" content=\"500\" \/>\n\t<meta property=\"og:image:type\" content=\"image\/jpeg\" \/>\n<meta name=\"twitter:card\" content=\"summary_large_image\" \/>\n<meta name=\"twitter:label1\" content=\"Dur\u00e9e de lecture estim\u00e9e\" \/>\n\t<meta name=\"twitter:data1\" content=\"3 minutes\" \/>\n<script type=\"application\/ld+json\" class=\"yoast-schema-graph\">{\"@context\":\"https:\/\/schema.org\",\"@graph\":[{\"@type\":\"WebPage\",\"@id\":\"https:\/\/chemgramx.com\/product\/5f-adb-5f-mdmb-pinaca\/\",\"url\":\"https:\/\/chemgramx.com\/product\/5f-adb-5f-mdmb-pinaca\/\",\"name\":\"5F-ADB (5F-MDMB-PINACA) online kaufen \u2013 5F-ADB zu verkaufen\",\"isPartOf\":{\"@id\":\"https:\/\/chemgramx.com\/#website\"},\"primaryImageOfPage\":{\"@id\":\"https:\/\/chemgramx.com\/product\/5f-adb-5f-mdmb-pinaca\/#primaryimage\"},\"image\":{\"@id\":\"https:\/\/chemgramx.com\/product\/5f-adb-5f-mdmb-pinaca\/#primaryimage\"},\"thumbnailUrl\":\"https:\/\/chemgramx.com\/wp-content\/uploads\/2024\/10\/5F-ADB-5F-MDMB-PINACA-kaufen.jpg\",\"datePublished\":\"2024-10-21T12:03:56+00:00\",\"dateModified\":\"2025-10-15T10:27:21+00:00\",\"description\":\"Wenn Sie 5f-adb (5f-mdmb-pinaca) noch nicht in unserem Shop ausprobiert haben, dann verpassen Sie eine Menge. Wir helfen Ihnen, 5f-adb (5f-mdmb-pinaca) g\u00fcnstig online zu kaufen. Kaufen Sie 5f-adb (5f-mdmb-pinaca) noch heute!\",\"breadcrumb\":{\"@id\":\"https:\/\/chemgramx.com\/product\/5f-adb-5f-mdmb-pinaca\/#breadcrumb\"},\"inLanguage\":\"fr-FR\",\"potentialAction\":[{\"@type\":\"ReadAction\",\"target\":[\"https:\/\/chemgramx.com\/product\/5f-adb-5f-mdmb-pinaca\/\"]}]},{\"@type\":\"ImageObject\",\"inLanguage\":\"fr-FR\",\"@id\":\"https:\/\/chemgramx.com\/product\/5f-adb-5f-mdmb-pinaca\/#primaryimage\",\"url\":\"https:\/\/chemgramx.com\/wp-content\/uploads\/2024\/10\/5F-ADB-5F-MDMB-PINACA-kaufen.jpg\",\"contentUrl\":\"https:\/\/chemgramx.com\/wp-content\/uploads\/2024\/10\/5F-ADB-5F-MDMB-PINACA-kaufen.jpg\",\"width\":500,\"height\":500,\"caption\":\"5F-ADB (5F-MDMB-PINACA) online kaufen\"},{\"@type\":\"BreadcrumbList\",\"@id\":\"https:\/\/chemgramx.com\/product\/5f-adb-5f-mdmb-pinaca\/#breadcrumb\",\"itemListElement\":[{\"@type\":\"ListItem\",\"position\":1,\"name\":\"Home\",\"item\":\"https:\/\/chemgramx.com\/\"},{\"@type\":\"ListItem\",\"position\":2,\"name\":\"Shop\",\"item\":\"https:\/\/chemgramx.com\/shop\/\"},{\"@type\":\"ListItem\",\"position\":3,\"name\":\"5F-ADB (5F-MDMB-PINACA) online kaufen\"}]},{\"@type\":\"WebSite\",\"@id\":\"https:\/\/chemgramx.com\/#website\",\"url\":\"https:\/\/chemgramx.com\/\",\"name\":\"Chemgramx\",\"description\":\"\",\"publisher\":{\"@id\":\"https:\/\/chemgramx.com\/#organization\"},\"potentialAction\":[{\"@type\":\"SearchAction\",\"target\":{\"@type\":\"EntryPoint\",\"urlTemplate\":\"https:\/\/chemgramx.com\/?s={search_term_string}\"},\"query-input\":{\"@type\":\"PropertyValueSpecification\",\"valueRequired\":true,\"valueName\":\"search_term_string\"}}],\"inLanguage\":\"fr-FR\"},{\"@type\":\"Organization\",\"@id\":\"https:\/\/chemgramx.com\/#organization\",\"name\":\"Chemgramx\",\"url\":\"https:\/\/chemgramx.com\/\",\"logo\":{\"@type\":\"ImageObject\",\"inLanguage\":\"fr-FR\",\"@id\":\"https:\/\/chemgramx.com\/#\/schema\/logo\/image\/\",\"url\":\"https:\/\/chemgramx.com\/wp-content\/uploads\/2024\/10\/final-logo.png\",\"contentUrl\":\"https:\/\/chemgramx.com\/wp-content\/uploads\/2024\/10\/final-logo.png\",\"width\":250,\"height\":48,\"caption\":\"Chemgramx\"},\"image\":{\"@id\":\"https:\/\/chemgramx.com\/#\/schema\/logo\/image\/\"}}]}<\/script>\n<!-- \/ Yoast SEO plugin. -->","yoast_head_json":{"title":"5F-ADB (5F-MDMB-PINACA) online kaufen \u2013 5F-ADB zu verkaufen","description":"Wenn Sie 5f-adb (5f-mdmb-pinaca) noch nicht in unserem Shop ausprobiert haben, dann verpassen Sie eine Menge. Wir helfen Ihnen, 5f-adb (5f-mdmb-pinaca) g\u00fcnstig online zu kaufen. Kaufen Sie 5f-adb (5f-mdmb-pinaca) noch heute!","robots":{"index":"index","follow":"follow","max-snippet":"max-snippet:-1","max-image-preview":"max-image-preview:large","max-video-preview":"max-video-preview:-1"},"canonical":"https:\/\/chemgramx.com\/fr\/produit\/5f-adb-5f-mdmb-pinaca\/","og_locale":"fr_FR","og_type":"article","og_title":"5F-ADB (5F-MDMB-PINACA) online kaufen \u2013 5F-ADB zu verkaufen","og_description":"Wenn Sie 5f-adb (5f-mdmb-pinaca) noch nicht in unserem Shop ausprobiert haben, dann verpassen Sie eine Menge. Wir helfen Ihnen, 5f-adb (5f-mdmb-pinaca) g\u00fcnstig online zu kaufen. Kaufen Sie 5f-adb (5f-mdmb-pinaca) noch heute!","og_url":"https:\/\/chemgramx.com\/fr\/produit\/5f-adb-5f-mdmb-pinaca\/","og_site_name":"Chemgramx","article_modified_time":"2025-10-15T10:27:21+00:00","og_image":[{"width":500,"height":500,"url":"https:\/\/chemgramx.com\/wp-content\/uploads\/2024\/10\/5F-ADB-5F-MDMB-PINACA-kaufen.jpg","type":"image\/jpeg"}],"twitter_card":"summary_large_image","twitter_misc":{"Dur\u00e9e de lecture estim\u00e9e":"3 minutes"},"schema":{"@context":"https:\/\/schema.org","@graph":[{"@type":"WebPage","@id":"https:\/\/chemgramx.com\/product\/5f-adb-5f-mdmb-pinaca\/","url":"https:\/\/chemgramx.com\/product\/5f-adb-5f-mdmb-pinaca\/","name":"5F-ADB (5F-MDMB-PINACA) online kaufen \u2013 5F-ADB zu verkaufen","isPartOf":{"@id":"https:\/\/chemgramx.com\/#website"},"primaryImageOfPage":{"@id":"https:\/\/chemgramx.com\/product\/5f-adb-5f-mdmb-pinaca\/#primaryimage"},"image":{"@id":"https:\/\/chemgramx.com\/product\/5f-adb-5f-mdmb-pinaca\/#primaryimage"},"thumbnailUrl":"https:\/\/chemgramx.com\/wp-content\/uploads\/2024\/10\/5F-ADB-5F-MDMB-PINACA-kaufen.jpg","datePublished":"2024-10-21T12:03:56+00:00","dateModified":"2025-10-15T10:27:21+00:00","description":"Wenn Sie 5f-adb (5f-mdmb-pinaca) noch nicht in unserem Shop ausprobiert haben, dann verpassen Sie eine Menge. Wir helfen Ihnen, 5f-adb (5f-mdmb-pinaca) g\u00fcnstig online zu kaufen. Kaufen Sie 5f-adb (5f-mdmb-pinaca) noch heute!","breadcrumb":{"@id":"https:\/\/chemgramx.com\/product\/5f-adb-5f-mdmb-pinaca\/#breadcrumb"},"inLanguage":"fr-FR","potentialAction":[{"@type":"ReadAction","target":["https:\/\/chemgramx.com\/product\/5f-adb-5f-mdmb-pinaca\/"]}]},{"@type":"ImageObject","inLanguage":"fr-FR","@id":"https:\/\/chemgramx.com\/product\/5f-adb-5f-mdmb-pinaca\/#primaryimage","url":"https:\/\/chemgramx.com\/wp-content\/uploads\/2024\/10\/5F-ADB-5F-MDMB-PINACA-kaufen.jpg","contentUrl":"https:\/\/chemgramx.com\/wp-content\/uploads\/2024\/10\/5F-ADB-5F-MDMB-PINACA-kaufen.jpg","width":500,"height":500,"caption":"5F-ADB (5F-MDMB-PINACA) online kaufen"},{"@type":"BreadcrumbList","@id":"https:\/\/chemgramx.com\/product\/5f-adb-5f-mdmb-pinaca\/#breadcrumb","itemListElement":[{"@type":"ListItem","position":1,"name":"Home","item":"https:\/\/chemgramx.com\/"},{"@type":"ListItem","position":2,"name":"Shop","item":"https:\/\/chemgramx.com\/shop\/"},{"@type":"ListItem","position":3,"name":"5F-ADB (5F-MDMB-PINACA) online kaufen"}]},{"@type":"WebSite","@id":"https:\/\/chemgramx.com\/#website","url":"https:\/\/chemgramx.com\/","name":"Chemgramx","description":"","publisher":{"@id":"https:\/\/chemgramx.com\/#organization"},"potentialAction":[{"@type":"SearchAction","target":{"@type":"EntryPoint","urlTemplate":"https:\/\/chemgramx.com\/?s={search_term_string}"},"query-input":{"@type":"PropertyValueSpecification","valueRequired":true,"valueName":"search_term_string"}}],"inLanguage":"fr-FR"},{"@type":"Organization","@id":"https:\/\/chemgramx.com\/#organization","name":"Chemgramx","url":"https:\/\/chemgramx.com\/","logo":{"@type":"ImageObject","inLanguage":"fr-FR","@id":"https:\/\/chemgramx.com\/#\/schema\/logo\/image\/","url":"https:\/\/chemgramx.com\/wp-content\/uploads\/2024\/10\/final-logo.png","contentUrl":"https:\/\/chemgramx.com\/wp-content\/uploads\/2024\/10\/final-logo.png","width":250,"height":48,"caption":"Chemgramx"},"image":{"@id":"https:\/\/chemgramx.com\/#\/schema\/logo\/image\/"}}]}},"_links":{"self":[{"href":"https:\/\/chemgramx.com\/fr\/wp-json\/wp\/v2\/product\/669","targetHints":{"allow":["GET"]}}],"collection":[{"href":"https:\/\/chemgramx.com\/fr\/wp-json\/wp\/v2\/product"}],"about":[{"href":"https:\/\/chemgramx.com\/fr\/wp-json\/wp\/v2\/types\/product"}],"replies":[{"embeddable":true,"href":"https:\/\/chemgramx.com\/fr\/wp-json\/wp\/v2\/comments?post=669"}],"wp:featuredmedia":[{"embeddable":true,"href":"https:\/\/chemgramx.com\/fr\/wp-json\/wp\/v2\/media\/670"}],"wp:attachment":[{"href":"https:\/\/chemgramx.com\/fr\/wp-json\/wp\/v2\/media?parent=669"}],"wp:term":[{"taxonomy":"product_brand","embeddable":true,"href":"https:\/\/chemgramx.com\/fr\/wp-json\/wp\/v2\/product_brand?post=669"},{"taxonomy":"product_cat","embeddable":true,"href":"https:\/\/chemgramx.com\/fr\/wp-json\/wp\/v2\/product_cat?post=669"},{"taxonomy":"product_tag","embeddable":true,"href":"https:\/\/chemgramx.com\/fr\/wp-json\/wp\/v2\/product_tag?post=669"}],"curies":[{"name":"wp","href":"https:\/\/api.w.org\/{rel}","templated":true}]}}