{"id":673,"date":"2024-10-21T13:25:14","date_gmt":"2024-10-21T13:25:14","guid":{"rendered":"https:\/\/chemgramx.com\/?post_type=product&#038;p=673"},"modified":"2025-10-18T05:21:24","modified_gmt":"2025-10-18T05:21:24","slug":"ghb","status":"publish","type":"product","link":"https:\/\/chemgramx.com\/fr\/produit\/ghb\/","title":{"rendered":"Acheter du GHB (gamma-hydroxybutyrate) en ligne"},"content":{"rendered":"<h2 data-start=\"201\" data-end=\"274\">GHB (Gamma-Hydroxybutyrat) online kaufen von einer zuverl\u00e4ssigen Forschungsquelle<\/h2>\n<h3 data-start=\"276\" data-end=\"335\">Achetez du GHB (gamma-hydroxybutyrate) en ligne sur ChemGramX<\/h3>\n<p data-start=\"337\" data-end=\"866\">Wer GHB (Gamma-Hydroxybutyrat) m\u00f6chte kaufen, sollte Wert auf gepr\u00fcfte Qualit\u00e4t legen. GHB (Gamma-Hydroxybutyrat) kaufen ist besonders f\u00fcr Forschung, medizinische Studien und industrielle Anwendungen interessant. Diese chemische Verbindung wird sowohl in der Medizin als auch in der Wissenschaft eingesetzt. Urspr\u00fcnglich wurde GHB f\u00fcr seine beruhigenden und sedierenden Eigenschaften genutzt, etwa zur Behandlung von Schlafst\u00f6rungen. Gleichzeitig kann es psychoaktive Effekte haben und wird daher auch kritisch betrachtet.<\/p>\n<h3 data-start=\"868\" data-end=\"924\">Utilisations importantes du GHB (gamma-hydroxybutyrate)<\/h3>\n<ul data-start=\"926\" data-end=\"1384\">\n<li data-start=\"926\" data-end=\"1107\">\n<p data-start=\"928\" data-end=\"1107\">Traitement des troubles du sommeil et de la narcolepsie : Dans les contextes m\u00e9dicaux, <a href=\"https:\/\/chemgramx.com\/fr\/produit\/ghb\/\">GHB (Gamma-Hydroxybutyrat) zu verkaufen<\/a> utilis\u00e9 pour traiter les probl\u00e8mes de sommeil ou la narcolepsie.<\/p>\n<\/li>\n<li data-start=\"1108\" data-end=\"1244\">\n<p data-start=\"1110\" data-end=\"1244\">Relaxation musculaire et s\u00e9dation : En raison de ses propri\u00e9t\u00e9s, le GHB peut \u00e9galement \u00eatre utilis\u00e9 \u00e0 des fins de relaxation m\u00e9dicale.<\/p>\n<\/li>\n<li data-start=\"1245\" data-end=\"1384\">\n<p data-start=\"1247\" data-end=\"1384\">Forschung und Experimente: Viele Labore und Wissenschaftler GHB (Gamma-Hydroxybutyrat) bestellen f\u00fcr Studien am zentralen Nervensystem.<\/p>\n<\/li>\n<\/ul>\n<h3 data-start=\"1386\" data-end=\"1445\">Pourquoi acheter du GHB (gamma-hydroxybutyrate) chez ChemGramX ?<\/h3>\n<p data-start=\"1447\" data-end=\"1868\">Bei ChemGramX k\u00f6nnen Sie sicher und diskret GHB (Gamma-Hydroxybutyrat) online kaufen. Wir bieten ausschlie\u00dflich hochreine, laborgepr\u00fcfte Substanzen. Ganz gleich, ob Sie GHB f\u00fcr wissenschaftliche Studien, medizinische Projekte oder industrielle Prozesse ben\u00f6tigen \u2013 ChemGramX garantiert Qualit\u00e4t, Reinheit und schnelle Lieferung. Wenn Sie sich fragen, wo kann man GHB (Gamma-Hydroxybutyrat) kaufen, sind Sie hier richtig.<\/p>\n<h3 data-start=\"1870\" data-end=\"1915\">Conseils pour une utilisation s\u00fbre du GHB<\/h3>\n<ul data-start=\"1917\" data-end=\"2307\">\n<li data-start=\"1917\" data-end=\"2089\">\n<p data-start=\"1919\" data-end=\"2089\">Verantwortungsvolle Nutzung: GHB (Gamma-Hydroxybutyrat) online kaufen von einer zuverl\u00e4ssigen Forschungsquelle, ausschlie\u00dflich f\u00fcr legitime Forschungs- und medizinische Zwecke.<\/p>\n<\/li>\n<li data-start=\"2090\" data-end=\"2198\">\n<p data-start=\"2092\" data-end=\"2198\">Let op de dosering: GHB heeft een nauw therapeutisch bereik \u2013 een precieze dosering is cruciaal.<\/p>\n<\/li>\n<li data-start=\"2199\" data-end=\"2307\">\n<p data-start=\"2201\" data-end=\"2307\">Conservation ad\u00e9quate : Conserver dans un endroit frais et sec, \u00e0 l'abri de la lumi\u00e8re pour garantir la stabilit\u00e9.<\/p>\n<\/li>\n<\/ul>\n<h3 data-start=\"2309\" data-end=\"2350\">Risques et r\u00e9glementations l\u00e9gales<\/h3>\n<p data-start=\"2352\" data-end=\"2427\">Wer GHB (Gamma-Hydroxybutyrat) kaufen m\u00f6chte, sollte die Risiken kennen:<\/p>\n<ul data-start=\"2429\" data-end=\"2651\">\n<li data-start=\"2429\" data-end=\"2499\">\n<p data-start=\"2431\" data-end=\"2499\">Een overdosis kan leiden tot bewusteloosheid of ademhalingsstilstand.<\/p>\n<\/li>\n<li data-start=\"2500\" data-end=\"2554\">\n<p data-start=\"2502\" data-end=\"2554\">Missbrauch birgt ein hohes Abh\u00e4ngigkeitspotenzial.<\/p>\n<\/li>\n<li data-start=\"2555\" data-end=\"2651\">\n<p data-start=\"2557\" data-end=\"2651\">Le GHB est strictement r\u00e9glement\u00e9 dans de nombreux pays \u2013 v\u00e9rifiez la situation juridique avant de commander.<\/p>\n<\/li>\n<\/ul>\n<h3 data-start=\"2653\" data-end=\"2681\">Prix \u200b\u200bet disponibilit\u00e9<\/h3>\n<p data-start=\"2683\" data-end=\"3007\">Le site <a href=\"https:\/\/en.wikipedia.org\/wiki\/%CE%93-Hydroxybutyric_acid\">GHB (Gamma-Hydroxybutyrat) Preis<\/a> variiert je nach Anbieter, Reinheit und Bestellmenge. Achten Sie darauf, Preise zu vergleichen, um ein gutes Verh\u00e4ltnis von Kosten und Qualit\u00e4t zu erhalten. Wenn Sie nach GHB (Gamma-Hydroxybutyrat) zu verkaufen suchen, achten Sie auf gepr\u00fcfte H\u00e4ndler mit sicheren Zahlungsmethoden.<\/p>\n<h3 data-start=\"3009\" data-end=\"3055\">Conclusion \u2013 le meilleur endroit pour acheter en ligne<\/h3>\n<p data-start=\"3057\" data-end=\"3262\">ChemGramX ist der bester Ort, um GHB (Gamma-Hydroxybutyrat) online zu kaufen, wenn Sie Wert auf Qualit\u00e4t, Diskretion und Seriosit\u00e4t legen. Unsere Produkte sind laborgepr\u00fcft und werden zuverl\u00e4ssig geliefert.<\/p>\n<p data-start=\"3264\" data-end=\"3395\">GHB (Gamma-Hydroxybutyrat) online kaufen von einer zuverl\u00e4ssigen Forschungsquelle \u2013 schnell, sicher und in bester Qualit\u00e4t bei ChemGramX.<\/p>","protected":false},"excerpt":{"rendered":"<p><strong>GHB (gamma-hydroxybutyrate)<\/strong> est une substance synth\u00e9tique qui a des applications \u00e0 la fois m\u00e9dicales et r\u00e9cr\u00e9atives. D\u00e9velopp\u00e9 \u00e0 l'origine comme anesth\u00e9sique, le GHB est aujourd'hui principalement utilis\u00e9 dans le traitement de certaines conditions m\u00e9dicales, mais il pr\u00e9sente \u00e9galement un potentiel d'abus et est strictement r\u00e9glement\u00e9 dans de nombreux pays.<\/p>\n<h3>Structure chimique et formule<\/h3>\n<ul>\n<li><strong>Formule chimique :<\/strong> C\u2084H\u2088O\u2083<\/li>\n<li><strong>Nom IUPAC :<\/strong> Acide 4-hydroxybutano\u00efque<\/li>\n<li><strong>Num\u00e9ro CAS :<\/strong> 78-93-3<\/li>\n<\/ul>\n<p>Le GHB est un compos\u00e9 organique simple structurellement apparent\u00e9 \u00e0 l'acide gamma-aminobutyrique (GABA), un neurotransmetteur chimique. Cette similitude permet au GHB de se lier aux r\u00e9cepteurs GABA dans le cerveau et d'imiter ses effets.<\/p>","protected":false},"featured_media":675,"comment_status":"open","ping_status":"closed","template":"","meta":{"_joinchat":[]},"product_brand":[],"product_cat":[65],"product_tag":[88,559,90,548,558,547,555,546,572,564,573,561,577,576,87,562,565,560,570,563,575,567,566,574,568,571,569,552,553,556,550,89,551,557,554,549],"class_list":{"0":"post-673","1":"product","2":"type-product","3":"status-publish","4":"has-post-thumbnail","6":"product_cat-arylcyclohexylamine","7":"product_tag-gamma-hydroxybutyrat-bestellen","8":"product_tag-abhangigkeit","9":"product_tag-beruhigende-chemikalien-kaufen","10":"product_tag-chemische-formel-ghb","11":"product_tag-euphorie","12":"product_tag-gamma-hydroxybutyrate","13":"product_tag-gesundheitliche-risiken-von-ghb","14":"product_tag-ghb","15":"product_tag-ghb-analyse","16":"product_tag-ghb-anwendung","17":"product_tag-ghb-chemie","18":"product_tag-ghb-forschung","19":"product_tag-ghb-forschungslabor","20":"product_tag-ghb-groshandel","21":"product_tag-ghb-kaufen","22":"product_tag-ghb-labor","23":"product_tag-ghb-lagerung","24":"product_tag-ghb-lieferant","25":"product_tag-ghb-markt","26":"product_tag-ghb-preis","27":"product_tag-ghb-referenzmaterial","28":"product_tag-ghb-risiken","29":"product_tag-ghb-sicherheit","30":"product_tag-ghb-substanz","31":"product_tag-ghb-verfugbarkeit","32":"product_tag-ghb-vertrieb","33":"product_tag-ghb-vorschriften","34":"product_tag-medizinische-anwendungen-ghb","35":"product_tag-missbrauchspotenzial-ghb","36":"product_tag-narkolepsie-behandlung","37":"product_tag-rechtlicher-status-ghb","38":"product_tag-research-chemicals-kaufen","39":"product_tag-risiken-ghb","40":"product_tag-sedativa","41":"product_tag-uberdosierung-ghb","42":"product_tag-wirkungen-von-ghb","44":"first","45":"instock","46":"shipping-taxable","47":"purchasable","48":"product-type-variable"},"yoast_head":"<!-- This site is optimized with the Yoast SEO plugin v26.1.1 - https:\/\/yoast.com\/wordpress\/plugins\/seo\/ -->\n<title>GHB (Gamma-Hydroxybutyrat) online kaufen \u2013 ChemGramX<\/title>\n<meta name=\"description\" content=\"Kaufen Sie GHB (Gamma-Hydroxybutyrat) bei ChemGramX. Reines, laborgetestetes GHB mit schneller und diskreter Lieferung. Jetzt online bestellen!\" \/>\n<meta name=\"robots\" content=\"index, follow, max-snippet:-1, max-image-preview:large, max-video-preview:-1\" \/>\n<link rel=\"canonical\" href=\"https:\/\/chemgramx.com\/fr\/produit\/ghb\/\" \/>\n<meta property=\"og:locale\" content=\"fr_FR\" \/>\n<meta property=\"og:type\" content=\"article\" \/>\n<meta property=\"og:title\" content=\"GHB (Gamma-Hydroxybutyrat) online kaufen \u2013 ChemGramX\" \/>\n<meta property=\"og:description\" content=\"Kaufen Sie GHB (Gamma-Hydroxybutyrat) bei ChemGramX. Reines, laborgetestetes GHB mit schneller und diskreter Lieferung. Jetzt online bestellen!\" \/>\n<meta property=\"og:url\" content=\"https:\/\/chemgramx.com\/fr\/produit\/ghb\/\" \/>\n<meta property=\"og:site_name\" content=\"Chemgramx\" \/>\n<meta property=\"article:modified_time\" content=\"2025-10-18T05:21:24+00:00\" \/>\n<meta property=\"og:image\" content=\"https:\/\/chemgramx.com\/wp-content\/uploads\/2024\/10\/GHB-Gamma-Hydroxybutyrat.jpeg\" \/>\n\t<meta property=\"og:image:width\" content=\"1500\" \/>\n\t<meta property=\"og:image:height\" content=\"1000\" \/>\n\t<meta property=\"og:image:type\" content=\"image\/jpeg\" \/>\n<meta name=\"twitter:card\" content=\"summary_large_image\" \/>\n<meta name=\"twitter:label1\" content=\"Dur\u00e9e de lecture estim\u00e9e\" \/>\n\t<meta name=\"twitter:data1\" content=\"2 minutes\" \/>\n<script type=\"application\/ld+json\" class=\"yoast-schema-graph\">{\"@context\":\"https:\/\/schema.org\",\"@graph\":[{\"@type\":\"WebPage\",\"@id\":\"https:\/\/chemgramx.com\/product\/ghb\/\",\"url\":\"https:\/\/chemgramx.com\/product\/ghb\/\",\"name\":\"GHB (Gamma-Hydroxybutyrat) online kaufen \u2013 ChemGramX\",\"isPartOf\":{\"@id\":\"https:\/\/chemgramx.com\/#website\"},\"primaryImageOfPage\":{\"@id\":\"https:\/\/chemgramx.com\/product\/ghb\/#primaryimage\"},\"image\":{\"@id\":\"https:\/\/chemgramx.com\/product\/ghb\/#primaryimage\"},\"thumbnailUrl\":\"https:\/\/chemgramx.com\/wp-content\/uploads\/2024\/10\/GHB-Gamma-Hydroxybutyrat.jpeg\",\"datePublished\":\"2024-10-21T13:25:14+00:00\",\"dateModified\":\"2025-10-18T05:21:24+00:00\",\"description\":\"Kaufen Sie GHB (Gamma-Hydroxybutyrat) bei ChemGramX. Reines, laborgetestetes GHB mit schneller und diskreter Lieferung. Jetzt online bestellen!\",\"breadcrumb\":{\"@id\":\"https:\/\/chemgramx.com\/product\/ghb\/#breadcrumb\"},\"inLanguage\":\"fr-FR\",\"potentialAction\":[{\"@type\":\"ReadAction\",\"target\":[\"https:\/\/chemgramx.com\/product\/ghb\/\"]}]},{\"@type\":\"ImageObject\",\"inLanguage\":\"fr-FR\",\"@id\":\"https:\/\/chemgramx.com\/product\/ghb\/#primaryimage\",\"url\":\"https:\/\/chemgramx.com\/wp-content\/uploads\/2024\/10\/GHB-Gamma-Hydroxybutyrat.jpeg\",\"contentUrl\":\"https:\/\/chemgramx.com\/wp-content\/uploads\/2024\/10\/GHB-Gamma-Hydroxybutyrat.jpeg\",\"width\":1500,\"height\":1000,\"caption\":\"GHB (Gamma-Hydroxybutyrat) kaufen\"},{\"@type\":\"BreadcrumbList\",\"@id\":\"https:\/\/chemgramx.com\/product\/ghb\/#breadcrumb\",\"itemListElement\":[{\"@type\":\"ListItem\",\"position\":1,\"name\":\"Home\",\"item\":\"https:\/\/chemgramx.com\/\"},{\"@type\":\"ListItem\",\"position\":2,\"name\":\"Shop\",\"item\":\"https:\/\/chemgramx.com\/shop\/\"},{\"@type\":\"ListItem\",\"position\":3,\"name\":\"GHB (Gamma-Hydroxybutyrat) online kaufen\"}]},{\"@type\":\"WebSite\",\"@id\":\"https:\/\/chemgramx.com\/#website\",\"url\":\"https:\/\/chemgramx.com\/\",\"name\":\"Chemgramx\",\"description\":\"\",\"publisher\":{\"@id\":\"https:\/\/chemgramx.com\/#organization\"},\"potentialAction\":[{\"@type\":\"SearchAction\",\"target\":{\"@type\":\"EntryPoint\",\"urlTemplate\":\"https:\/\/chemgramx.com\/?s={search_term_string}\"},\"query-input\":{\"@type\":\"PropertyValueSpecification\",\"valueRequired\":true,\"valueName\":\"search_term_string\"}}],\"inLanguage\":\"fr-FR\"},{\"@type\":\"Organization\",\"@id\":\"https:\/\/chemgramx.com\/#organization\",\"name\":\"Chemgramx\",\"url\":\"https:\/\/chemgramx.com\/\",\"logo\":{\"@type\":\"ImageObject\",\"inLanguage\":\"fr-FR\",\"@id\":\"https:\/\/chemgramx.com\/#\/schema\/logo\/image\/\",\"url\":\"https:\/\/chemgramx.com\/wp-content\/uploads\/2024\/10\/final-logo.png\",\"contentUrl\":\"https:\/\/chemgramx.com\/wp-content\/uploads\/2024\/10\/final-logo.png\",\"width\":250,\"height\":48,\"caption\":\"Chemgramx\"},\"image\":{\"@id\":\"https:\/\/chemgramx.com\/#\/schema\/logo\/image\/\"}}]}<\/script>\n<!-- \/ Yoast SEO plugin. -->","yoast_head_json":{"title":"GHB (Gamma-Hydroxybutyrat) online kaufen \u2013 ChemGramX","description":"Kaufen Sie GHB (Gamma-Hydroxybutyrat) bei ChemGramX. Reines, laborgetestetes GHB mit schneller und diskreter Lieferung. Jetzt online bestellen!","robots":{"index":"index","follow":"follow","max-snippet":"max-snippet:-1","max-image-preview":"max-image-preview:large","max-video-preview":"max-video-preview:-1"},"canonical":"https:\/\/chemgramx.com\/fr\/produit\/ghb\/","og_locale":"fr_FR","og_type":"article","og_title":"GHB (Gamma-Hydroxybutyrat) online kaufen \u2013 ChemGramX","og_description":"Kaufen Sie GHB (Gamma-Hydroxybutyrat) bei ChemGramX. Reines, laborgetestetes GHB mit schneller und diskreter Lieferung. Jetzt online bestellen!","og_url":"https:\/\/chemgramx.com\/fr\/produit\/ghb\/","og_site_name":"Chemgramx","article_modified_time":"2025-10-18T05:21:24+00:00","og_image":[{"width":1500,"height":1000,"url":"https:\/\/chemgramx.com\/wp-content\/uploads\/2024\/10\/GHB-Gamma-Hydroxybutyrat.jpeg","type":"image\/jpeg"}],"twitter_card":"summary_large_image","twitter_misc":{"Dur\u00e9e de lecture estim\u00e9e":"2 minutes"},"schema":{"@context":"https:\/\/schema.org","@graph":[{"@type":"WebPage","@id":"https:\/\/chemgramx.com\/product\/ghb\/","url":"https:\/\/chemgramx.com\/product\/ghb\/","name":"GHB (Gamma-Hydroxybutyrat) online kaufen \u2013 ChemGramX","isPartOf":{"@id":"https:\/\/chemgramx.com\/#website"},"primaryImageOfPage":{"@id":"https:\/\/chemgramx.com\/product\/ghb\/#primaryimage"},"image":{"@id":"https:\/\/chemgramx.com\/product\/ghb\/#primaryimage"},"thumbnailUrl":"https:\/\/chemgramx.com\/wp-content\/uploads\/2024\/10\/GHB-Gamma-Hydroxybutyrat.jpeg","datePublished":"2024-10-21T13:25:14+00:00","dateModified":"2025-10-18T05:21:24+00:00","description":"Kaufen Sie GHB (Gamma-Hydroxybutyrat) bei ChemGramX. Reines, laborgetestetes GHB mit schneller und diskreter Lieferung. Jetzt online bestellen!","breadcrumb":{"@id":"https:\/\/chemgramx.com\/product\/ghb\/#breadcrumb"},"inLanguage":"fr-FR","potentialAction":[{"@type":"ReadAction","target":["https:\/\/chemgramx.com\/product\/ghb\/"]}]},{"@type":"ImageObject","inLanguage":"fr-FR","@id":"https:\/\/chemgramx.com\/product\/ghb\/#primaryimage","url":"https:\/\/chemgramx.com\/wp-content\/uploads\/2024\/10\/GHB-Gamma-Hydroxybutyrat.jpeg","contentUrl":"https:\/\/chemgramx.com\/wp-content\/uploads\/2024\/10\/GHB-Gamma-Hydroxybutyrat.jpeg","width":1500,"height":1000,"caption":"GHB (Gamma-Hydroxybutyrat) kaufen"},{"@type":"BreadcrumbList","@id":"https:\/\/chemgramx.com\/product\/ghb\/#breadcrumb","itemListElement":[{"@type":"ListItem","position":1,"name":"Home","item":"https:\/\/chemgramx.com\/"},{"@type":"ListItem","position":2,"name":"Shop","item":"https:\/\/chemgramx.com\/shop\/"},{"@type":"ListItem","position":3,"name":"GHB (Gamma-Hydroxybutyrat) online kaufen"}]},{"@type":"WebSite","@id":"https:\/\/chemgramx.com\/#website","url":"https:\/\/chemgramx.com\/","name":"Chemgramx","description":"","publisher":{"@id":"https:\/\/chemgramx.com\/#organization"},"potentialAction":[{"@type":"SearchAction","target":{"@type":"EntryPoint","urlTemplate":"https:\/\/chemgramx.com\/?s={search_term_string}"},"query-input":{"@type":"PropertyValueSpecification","valueRequired":true,"valueName":"search_term_string"}}],"inLanguage":"fr-FR"},{"@type":"Organization","@id":"https:\/\/chemgramx.com\/#organization","name":"Chemgramx","url":"https:\/\/chemgramx.com\/","logo":{"@type":"ImageObject","inLanguage":"fr-FR","@id":"https:\/\/chemgramx.com\/#\/schema\/logo\/image\/","url":"https:\/\/chemgramx.com\/wp-content\/uploads\/2024\/10\/final-logo.png","contentUrl":"https:\/\/chemgramx.com\/wp-content\/uploads\/2024\/10\/final-logo.png","width":250,"height":48,"caption":"Chemgramx"},"image":{"@id":"https:\/\/chemgramx.com\/#\/schema\/logo\/image\/"}}]}},"_links":{"self":[{"href":"https:\/\/chemgramx.com\/fr\/wp-json\/wp\/v2\/product\/673","targetHints":{"allow":["GET"]}}],"collection":[{"href":"https:\/\/chemgramx.com\/fr\/wp-json\/wp\/v2\/product"}],"about":[{"href":"https:\/\/chemgramx.com\/fr\/wp-json\/wp\/v2\/types\/product"}],"replies":[{"embeddable":true,"href":"https:\/\/chemgramx.com\/fr\/wp-json\/wp\/v2\/comments?post=673"}],"wp:featuredmedia":[{"embeddable":true,"href":"https:\/\/chemgramx.com\/fr\/wp-json\/wp\/v2\/media\/675"}],"wp:attachment":[{"href":"https:\/\/chemgramx.com\/fr\/wp-json\/wp\/v2\/media?parent=673"}],"wp:term":[{"taxonomy":"product_brand","embeddable":true,"href":"https:\/\/chemgramx.com\/fr\/wp-json\/wp\/v2\/product_brand?post=673"},{"taxonomy":"product_cat","embeddable":true,"href":"https:\/\/chemgramx.com\/fr\/wp-json\/wp\/v2\/product_cat?post=673"},{"taxonomy":"product_tag","embeddable":true,"href":"https:\/\/chemgramx.com\/fr\/wp-json\/wp\/v2\/product_tag?post=673"}],"curies":[{"name":"wp","href":"https:\/\/api.w.org\/{rel}","templated":true}]}}